{"id":93736,"date":"2025-10-16T12:28:04","date_gmt":"2025-10-16T11:28:04","guid":{"rendered":"https:\/\/truusk.store\/product\/aiyaplay-elektrisk-bil-for-barn-3-5-ar-mjuk-drift-fjarrstyrbar-med-horn-plast-och-metall-rosa\/"},"modified":"2026-03-12T09:43:12","modified_gmt":"2026-03-12T08:43:12","slug":"truusk-elektrisk-bil-for-barn-3-5-ar-mjuk-drift-fjarrstyrd-med-horn-rosa-plast-och-metall","status":"publish","type":"product","link":"https:\/\/truusk.store\/sv\/produkt\/truusk-elektrisk-bil-for-barn-3-5-ar-mjuk-drift-fjarrstyrd-med-horn-rosa-plast-och-metall\/","title":{"rendered":"TRUUSK Elektrisk Bil f\u00f6r Barn 3-5 \u00e5r &#8211; Mjuk Drift &#8211; Fj\u00e4rrstyrd &#8211; Med Horn &#8211; Rosa &#8211; Plast och Metall"},"content":{"rendered":"<p>Med AIYAPLAY barns elbil, en officiellt licensierad 12V Lamborghini Revuelto-modell med snygga d\u00f6rrar, ger du ditt barn en mycket speciell spelupplevelse. Tack vare den p\u00e5litliga fj\u00e4dringen p\u00e5 alla fyra hjulen glider barnets elbil l\u00e4tt \u00f6ver alla ytor, fr\u00e5n asfalt till betong. Med glittrande LED-ljus och rolig musik blir varje \u00e5ktur med barnets elbil ett riktigt \u00e4ventyr!<\/p>\n<p>Beskrivning:<\/p>\n<ul>\n<li> Licensieringen av Lamborghini Revuelto ger en autentisk k\u00f6rupplevelse<\/li>\n<li> Eleganta vingd\u00f6rrar p\u00e5 elbilen m\u00f6jligg\u00f6r en stilfull in- och utstigning<\/li>\n<li> Tv\u00e5 tr\u00e4ningshjul underl\u00e4ttar manuell r\u00f6relse n\u00e4r drivningen \u00e4r avst\u00e4ngd<\/li>\n<li> Fj\u00e4dring p\u00e5 alla fyra hjulen p\u00e5 elbilen ger en mjuk \u00e5ktur<\/li>\n<li> LED-lampor, horn och musik p\u00e5 elbilen \u00f6kar k\u00f6rn\u00f6jet<\/li>\n<li> Fj\u00e4rrstyrning eller manuella k\u00f6roptioner med justerbar hastighet<\/li>\n<li> S\u00e4kerhetsb\u00e4lte och batteriindikator \u00f6kar s\u00e4kerheten och medvetenheten om anv\u00e4ndningen<\/li>\n<li> Montering kr\u00e4vs, fr\u00e4mjar utvecklingen av praktiska f\u00e4rdigheter<\/li>\n<\/ul>\n<p>Tekniska data:<\/p>\n<ul>\n<li> F\u00e4rg: Rosa<\/li>\n<li> Material: Plast, st\u00e5l<\/li>\n<li> Totala dimensioner: 105L x 60B x 40H cm<\/li>\n<li> Sitsstorlek: 33,5B x 20T cm<\/li>\n<li> Sitth\u00f6jd: 22,5 cm (fr\u00e5n golvet)<\/li>\n<li> Fj\u00e4rrkontrollens r\u00e4ckvidd: 25 m<\/li>\n<li> Batteri: 12V 4,5AH<\/li>\n<li> Motor: 2 x 12V<\/li>\n<li> Laddningstid: 8-10 timmar (f\u00f6rsta g\u00e5ngen), 8-10 timmar (regelbundet)<\/li>\n<li> Drifttid: 45 min<\/li>\n<li> Hastighet: 3-5 km\/h<\/li>\n<li> Viktkapacitet: 25 kg<\/li>\n<li> L\u00e4mplig \u00e5lder: 37-60 m\u00e5nader<\/li>\n<li> Registreringsskylt: 13L x 3B cm<\/li>\n<li> Notera:1, \u00f6vervaka alltid dina barn n\u00e4r de k\u00f6r<\/li>\n<li>2, 2 x 1,5V AAA batterier f\u00f6r fj\u00e4rrkontrollen (ing\u00e5r ej)<\/li>\n<\/ul>\n<p>Leveransinneh\u00e5ll:<\/p>\n<ul>\n<li> 1 x Elektrisk barnbil<\/li>\n<li> 1 x Fj\u00e4rrkontroll<\/li>\n<li> 1 x Bruksanvisning<\/li>\n<\/ul>\n","protected":false},"excerpt":{"rendered":"<p>Med AIYAPLAY barns elbil, en officiellt licensierad 12V Lamborghini Revuelto-modell med snygga d\u00f6rrar, ger du ditt barn en mycket speciell&#8230;<\/p>\n","protected":false},"featured_media":93727,"template":"","meta":[],"product_brand":[],"product_cat":[880,610,1066],"product_tag":[],"class_list":{"0":"post-93736","1":"product","2":"type-product","3":"status-publish","4":"has-post-thumbnail","6":"product_cat-baby-barn-2","7":"product_cat-barnfordon","8":"product_cat-barns-elbilar","10":"first","11":"instock","12":"sale","13":"taxable","14":"shipping-taxable","15":"purchasable","16":"product-type-simple"},"yoast_head":"<!-- This site is optimized with the Yoast SEO plugin v25.4 - https:\/\/yoast.com\/wordpress\/plugins\/seo\/ -->\n<title>TRUUSK Elektrisk Bil f\u00f6r Barn 3-5 \u00e5r - Mjuk Drift - Fj\u00e4rrstyrd - Med Horn - Rosa - Plast och Metall - TRUUSK - Hem, Tr\u00e4dg\u00e5rd &amp; Fritid<\/title>\n<meta name=\"robots\" content=\"index, follow, max-snippet:-1, max-image-preview:large, max-video-preview:-1\" \/>\n<link rel=\"canonical\" href=\"https:\/\/truusk.store\/sv\/produkt\/truusk-elektrisk-bil-for-barn-3-5-ar-mjuk-drift-fjarrstyrd-med-horn-rosa-plast-och-metall\/\" \/>\n<meta property=\"og:locale\" content=\"sv_SE\" \/>\n<meta property=\"og:type\" content=\"article\" \/>\n<meta property=\"og:title\" content=\"TRUUSK Elektrisk Bil f\u00f6r Barn 3-5 \u00e5r - Mjuk Drift - Fj\u00e4rrstyrd - Med Horn - Rosa - Plast och Metall - TRUUSK - Hem, Tr\u00e4dg\u00e5rd &amp; Fritid\" \/>\n<meta property=\"og:description\" content=\"Med AIYAPLAY barns elbil, en officiellt licensierad 12V Lamborghini Revuelto-modell med snygga d\u00f6rrar, ger du ditt barn en mycket speciell...\" \/>\n<meta property=\"og:url\" content=\"https:\/\/truusk.store\/sv\/produkt\/truusk-elektrisk-bil-for-barn-3-5-ar-mjuk-drift-fjarrstyrd-med-horn-rosa-plast-och-metall\/\" \/>\n<meta property=\"og:site_name\" content=\"TRUUSK - Hem, Tr\u00e4dg\u00e5rd &amp; Fritid\" \/>\n<meta property=\"article:modified_time\" content=\"2026-03-12T08:43:12+00:00\" \/>\n<meta property=\"og:image\" content=\"https:\/\/i0.wp.com\/truusk.se\/wp-content\/uploads\/2025\/10\/aiyaplay-elektrisk-bil-for-barn-3-5-ar-mjuk-drift-fjarrstyrbar-med-horn-plast-och-metall-rosa-1.webp?fit=2000%2C2000&ssl=1\" \/>\n\t<meta property=\"og:image:width\" content=\"2000\" \/>\n\t<meta property=\"og:image:height\" content=\"2000\" \/>\n\t<meta property=\"og:image:type\" content=\"image\/webp\" \/>\n<meta name=\"twitter:card\" content=\"summary_large_image\" \/>\n<meta name=\"twitter:label1\" content=\"Ber\u00e4knad l\u00e4stid\" \/>\n\t<meta name=\"twitter:data1\" content=\"1 minut\" \/>\n<!-- \/ Yoast SEO plugin. -->","yoast_head_json":{"title":"TRUUSK Elektrisk Bil f\u00f6r Barn 3-5 \u00e5r - Mjuk Drift - Fj\u00e4rrstyrd - Med Horn - Rosa - Plast och Metall - TRUUSK - Hem, Tr\u00e4dg\u00e5rd &amp; Fritid","robots":{"index":"index","follow":"follow","max-snippet":"max-snippet:-1","max-image-preview":"max-image-preview:large","max-video-preview":"max-video-preview:-1"},"canonical":"https:\/\/truusk.store\/sv\/produkt\/truusk-elektrisk-bil-for-barn-3-5-ar-mjuk-drift-fjarrstyrd-med-horn-rosa-plast-och-metall\/","og_locale":"sv_SE","og_type":"article","og_title":"TRUUSK Elektrisk Bil f\u00f6r Barn 3-5 \u00e5r - Mjuk Drift - Fj\u00e4rrstyrd - Med Horn - Rosa - Plast och Metall - TRUUSK - Hem, Tr\u00e4dg\u00e5rd &amp; Fritid","og_description":"Med AIYAPLAY barns elbil, en officiellt licensierad 12V Lamborghini Revuelto-modell med snygga d\u00f6rrar, ger du ditt barn en mycket speciell...","og_url":"https:\/\/truusk.store\/sv\/produkt\/truusk-elektrisk-bil-for-barn-3-5-ar-mjuk-drift-fjarrstyrd-med-horn-rosa-plast-och-metall\/","og_site_name":"TRUUSK - Hem, Tr\u00e4dg\u00e5rd &amp; Fritid","article_modified_time":"2026-03-12T08:43:12+00:00","og_image":[{"width":2000,"height":2000,"url":"https:\/\/i0.wp.com\/truusk.se\/wp-content\/uploads\/2025\/10\/aiyaplay-elektrisk-bil-for-barn-3-5-ar-mjuk-drift-fjarrstyrbar-med-horn-plast-och-metall-rosa-1.webp?fit=2000%2C2000&ssl=1","type":"image\/webp"}],"twitter_card":"summary_large_image","twitter_misc":{"Ber\u00e4knad l\u00e4stid":"1 minut"},"schema":{"@context":"https:\/\/schema.org","@graph":[{"@type":"WebPage","@id":"https:\/\/truusk.store\/sv\/produkt\/truusk-elektrisk-bil-for-barn-3-5-ar-mjuk-drift-fjarrstyrd-med-horn-rosa-plast-och-metall\/","url":"https:\/\/truusk.store\/sv\/produkt\/truusk-elektrisk-bil-for-barn-3-5-ar-mjuk-drift-fjarrstyrd-med-horn-rosa-plast-och-metall\/","name":"TRUUSK Elektrisk Bil f\u00f6r Barn 3-5 \u00e5r - Mjuk Drift - Fj\u00e4rrstyrd - Med Horn - Rosa - Plast och Metall - TRUUSK - Hem, Tr\u00e4dg\u00e5rd &amp; Fritid","isPartOf":{"@id":"https:\/\/truusk.store\/sv\/#website"},"primaryImageOfPage":{"@id":"https:\/\/truusk.store\/sv\/produkt\/truusk-elektrisk-bil-for-barn-3-5-ar-mjuk-drift-fjarrstyrd-med-horn-rosa-plast-och-metall\/#primaryimage"},"image":{"@id":"https:\/\/truusk.store\/sv\/produkt\/truusk-elektrisk-bil-for-barn-3-5-ar-mjuk-drift-fjarrstyrd-med-horn-rosa-plast-och-metall\/#primaryimage"},"thumbnailUrl":"https:\/\/i0.wp.com\/truusk.store\/wp-content\/uploads\/2025\/10\/aiyaplay-elektrisk-bil-for-barn-3-5-ar-mjuk-drift-fjarrstyrbar-med-horn-plast-och-metall-rosa-1.webp?fit=2000%2C2000&ssl=1","datePublished":"2025-10-16T11:28:04+00:00","dateModified":"2026-03-12T08:43:12+00:00","breadcrumb":{"@id":"https:\/\/truusk.store\/sv\/produkt\/truusk-elektrisk-bil-for-barn-3-5-ar-mjuk-drift-fjarrstyrd-med-horn-rosa-plast-och-metall\/#breadcrumb"},"inLanguage":"sv-SE","potentialAction":[{"@type":"ReadAction","target":["https:\/\/truusk.store\/sv\/produkt\/truusk-elektrisk-bil-for-barn-3-5-ar-mjuk-drift-fjarrstyrd-med-horn-rosa-plast-och-metall\/"]}]},{"@type":"ImageObject","inLanguage":"sv-SE","@id":"https:\/\/truusk.store\/sv\/produkt\/truusk-elektrisk-bil-for-barn-3-5-ar-mjuk-drift-fjarrstyrd-med-horn-rosa-plast-och-metall\/#primaryimage","url":"https:\/\/i0.wp.com\/truusk.store\/wp-content\/uploads\/2025\/10\/aiyaplay-elektrisk-bil-for-barn-3-5-ar-mjuk-drift-fjarrstyrbar-med-horn-plast-och-metall-rosa-1.webp?fit=2000%2C2000&ssl=1","contentUrl":"https:\/\/i0.wp.com\/truusk.store\/wp-content\/uploads\/2025\/10\/aiyaplay-elektrisk-bil-for-barn-3-5-ar-mjuk-drift-fjarrstyrbar-med-horn-plast-och-metall-rosa-1.webp?fit=2000%2C2000&ssl=1","width":2000,"height":2000},{"@type":"BreadcrumbList","@id":"https:\/\/truusk.store\/sv\/produkt\/truusk-elektrisk-bil-for-barn-3-5-ar-mjuk-drift-fjarrstyrd-med-horn-rosa-plast-och-metall\/#breadcrumb","itemListElement":[{"@type":"ListItem","position":1,"name":"Home","item":"https:\/\/truusk.store\/sv\/"},{"@type":"ListItem","position":2,"name":"Shop","item":"https:\/\/truusk.store\/shop\/"},{"@type":"ListItem","position":3,"name":"TRUUSK Elektrisk Bil f\u00f6r Barn 3-5 \u00e5r &#8211; Mjuk Drift &#8211; Fj\u00e4rrstyrd &#8211; Med Horn &#8211; Rosa &#8211; Plast och Metall"}]},{"@type":"WebSite","@id":"https:\/\/truusk.store\/sv\/#website","url":"https:\/\/truusk.store\/sv\/","name":"TRUUSK - Hem, Tr\u00e4dg\u00e5rd & Fritid","description":"","publisher":{"@id":"https:\/\/truusk.store\/sv\/#organization"},"potentialAction":[{"@type":"SearchAction","target":{"@type":"EntryPoint","urlTemplate":"https:\/\/truusk.store\/sv\/?s={search_term_string}"},"query-input":{"@type":"PropertyValueSpecification","valueRequired":true,"valueName":"search_term_string"}}],"inLanguage":"sv-SE"},{"@type":"Organization","@id":"https:\/\/truusk.store\/sv\/#organization","name":"TRUUSK - Hem, Tr\u00e4dg\u00e5rd & Fritid","url":"https:\/\/truusk.store\/sv\/","logo":{"@type":"ImageObject","inLanguage":"sv-SE","@id":"https:\/\/truusk.store\/sv\/#\/schema\/logo\/image\/","url":"https:\/\/i0.wp.com\/truusk.store\/wp-content\/uploads\/2026\/03\/cropped-TRUUSK.png?fit=2032%2C917&ssl=1","contentUrl":"https:\/\/i0.wp.com\/truusk.store\/wp-content\/uploads\/2026\/03\/cropped-TRUUSK.png?fit=2032%2C917&ssl=1","width":2032,"height":917,"caption":"TRUUSK - Hem, Tr\u00e4dg\u00e5rd & Fritid"},"image":{"@id":"https:\/\/truusk.store\/sv\/#\/schema\/logo\/image\/"}}]}},"jetpack_sharing_enabled":true,"_links":{"self":[{"href":"https:\/\/truusk.store\/sv\/wp-json\/wp\/v2\/product\/93736","targetHints":{"allow":["GET"]}}],"collection":[{"href":"https:\/\/truusk.store\/sv\/wp-json\/wp\/v2\/product"}],"about":[{"href":"https:\/\/truusk.store\/sv\/wp-json\/wp\/v2\/types\/product"}],"wp:featuredmedia":[{"embeddable":true,"href":"https:\/\/truusk.store\/sv\/wp-json\/wp\/v2\/media\/93727"}],"wp:attachment":[{"href":"https:\/\/truusk.store\/sv\/wp-json\/wp\/v2\/media?parent=93736"}],"wp:term":[{"taxonomy":"product_brand","embeddable":true,"href":"https:\/\/truusk.store\/sv\/wp-json\/wp\/v2\/product_brand?post=93736"},{"taxonomy":"product_cat","embeddable":true,"href":"https:\/\/truusk.store\/sv\/wp-json\/wp\/v2\/product_cat?post=93736"},{"taxonomy":"product_tag","embeddable":true,"href":"https:\/\/truusk.store\/sv\/wp-json\/wp\/v2\/product_tag?post=93736"}],"curies":[{"name":"wp","href":"https:\/\/api.w.org\/{rel}","templated":true}]}}