{"id":93746,"date":"2025-10-16T12:29:17","date_gmt":"2025-10-16T11:29:17","guid":{"rendered":"https:\/\/truusk.store\/product\/10l-varmluftsugn-for-grillning-bakning-och-fritering-timer-1000w-diskmaskinssaker-kramvit\/"},"modified":"2026-03-12T09:43:28","modified_gmt":"2026-03-12T08:43:28","slug":"truusk-10l-varmluftsugn-for-grillning-bakning-och-fritering-timer-1000w-diskmaskinssaker-kramvit","status":"publish","type":"product","link":"https:\/\/truusk.store\/sv\/produkt\/truusk-10l-varmluftsugn-for-grillning-bakning-och-fritering-timer-1000w-diskmaskinssaker-kramvit\/","title":{"rendered":"TRUUSK 10L Varmluftsugn f\u00f6r Grillning, Bakning och Fritering &#8211; Timer &#8211; 1000W &#8211; Diskmaskinss\u00e4ker &#8211; Kr\u00e4mvit"},"content":{"rendered":"<p>Upplev m\u00e5ngsidigheten med TRUUSK Miniugn med varmluft: Ett utrymmesbesparande k\u00f6ksapparat som rymmer en 20 cm pizza. Med ett 360\u00ba varmluftscirkulationssystem lagar denna elektriska ugn 85% mindre olja, perfekt f\u00f6r h\u00e4lsosamma r\u00e4tter. Tack vare justerbara temperaturer och timer \u00e4r minugnen perfekt f\u00f6r alla dina matlagnings- och bakprojekt.<\/p>\n<p>Beskrivning:<\/p>\n<ul>\n<li> Kompakt 10L storlek p\u00e5 minugnen med varmluft r\u00e4cker f\u00f6r en 20 cm pizza, l\u00e4mplig f\u00f6r sm\u00e5 k\u00f6k<\/li>\n<li> Rostar, bakar och grillar en m\u00e4ngd olika m\u00e5ltider. Tre insatsniv\u00e5er erbjuder flexibla matlagningsm\u00f6jligheter<\/li>\n<li> 1000W effekt av den lilla ugnen garanterar energieffektiv matlagning<\/li>\n<li> Anv\u00e4nder 85% mindre olja genom 360\u00ba varmluftscirkulation, f\u00f6r h\u00e4lsosammare m\u00e5ltider<\/li>\n<li> Temperaturomr\u00e5de fr\u00e5n 80 \u2103 till 230 \u2103<\/li>\n<li> Timer upp till 60 minuter, f\u00f6renklar tidsplanering vid matlagning<\/li>\n<li> Alla tillbeh\u00f6r till minugnen \u00e4r maskintv\u00e4ttbara och l\u00e4tta att reng\u00f6ra<\/li>\n<li> PFOA- och BPA-fri<\/li>\n<\/ul>\n<p>Tekniska data:<\/p>\n<ul>\n<li> F\u00e4rg: Kr\u00e4mvit+Silver<\/li>\n<li> Material: Rostfritt st\u00e5l, h\u00e4rdat glas, plast<\/li>\n<li> Totala dimensioner: 32B x 27,2D x 29,8H cm<\/li>\n<li> Inre dimension: 24B x 21D x 19H cm, 10 L<\/li>\n<li> Kabell\u00e4ngd: 0,85 m<\/li>\n<li> Tillbeh\u00f6rsstorlek: 25B x 20,4D cm (bakpl\u00e5t), 25B x 19D cm (ugnsgaller), 25B x 19,2D cm (frit\u00f6skorg)<\/li>\n<li> D\u00f6rrinformation: 26,7B x 16,5H cm (storlek), 90\u00b0 (\u00f6ppningsvinkel)<\/li>\n<li> Ing\u00e5ng: AC 230V, 50Hz<\/li>\n<li> Effekt: 1000W<\/li>\n<\/ul>\n<p>Leveransinneh\u00e5ll:<\/p>\n<ul>\n<li> 1 x Varmluftsfrityr<\/li>\n<li> 1 x Frit\u00f6skorg<\/li>\n<li> 1 x Ugnsgaller<\/li>\n<li> 1 x Bakpl\u00e5t<\/li>\n<li> 1 x Smulbricka<\/li>\n<li> 1 x Brickhandtag<\/li>\n<li> 1 x Bruksanvisning<\/li>\n<\/ul>\n","protected":false},"excerpt":{"rendered":"<p>Upplev m\u00e5ngsidigheten med TRUUSK Miniugn med varmluft: Ett utrymmesbesparande k\u00f6ksapparat som rymmer en 20 cm pizza. Med ett 360\u00ba varmluftscirkulationssystem&#8230;<\/p>\n","protected":false},"featured_media":93737,"template":"","meta":[],"product_brand":[],"product_cat":[871,498,933,934],"product_tag":[],"class_list":{"0":"post-93746","1":"product","2":"type-product","3":"status-publish","4":"has-post-thumbnail","6":"product_cat-hus-hem","7":"product_cat-hushallsapparater","8":"product_cat-koksapparater","9":"product_cat-minibackofen","11":"first","12":"instock","13":"sale","14":"taxable","15":"shipping-taxable","16":"purchasable","17":"product-type-simple"},"yoast_head":"<!-- This site is optimized with the Yoast SEO plugin v25.4 - https:\/\/yoast.com\/wordpress\/plugins\/seo\/ -->\n<title>TRUUSK 10L Varmluftsugn f\u00f6r Grillning, Bakning och Fritering - Timer - 1000W - Diskmaskinss\u00e4ker - Kr\u00e4mvit - TRUUSK - Hem, Tr\u00e4dg\u00e5rd &amp; Fritid<\/title>\n<meta name=\"robots\" content=\"index, follow, max-snippet:-1, max-image-preview:large, max-video-preview:-1\" \/>\n<link rel=\"canonical\" href=\"https:\/\/truusk.store\/sv\/produkt\/truusk-10l-varmluftsugn-for-grillning-bakning-och-fritering-timer-1000w-diskmaskinssaker-kramvit\/\" \/>\n<meta property=\"og:locale\" content=\"sv_SE\" \/>\n<meta property=\"og:type\" content=\"article\" \/>\n<meta property=\"og:title\" content=\"TRUUSK 10L Varmluftsugn f\u00f6r Grillning, Bakning och Fritering - Timer - 1000W - Diskmaskinss\u00e4ker - Kr\u00e4mvit - TRUUSK - Hem, Tr\u00e4dg\u00e5rd &amp; Fritid\" \/>\n<meta property=\"og:description\" content=\"Upplev m\u00e5ngsidigheten med TRUUSK Miniugn med varmluft: Ett utrymmesbesparande k\u00f6ksapparat som rymmer en 20 cm pizza. Med ett 360\u00ba varmluftscirkulationssystem...\" \/>\n<meta property=\"og:url\" content=\"https:\/\/truusk.store\/sv\/produkt\/truusk-10l-varmluftsugn-for-grillning-bakning-och-fritering-timer-1000w-diskmaskinssaker-kramvit\/\" \/>\n<meta property=\"og:site_name\" content=\"TRUUSK - Hem, Tr\u00e4dg\u00e5rd &amp; Fritid\" \/>\n<meta property=\"article:modified_time\" content=\"2026-03-12T08:43:28+00:00\" \/>\n<meta property=\"og:image\" content=\"https:\/\/i0.wp.com\/truusk.se\/wp-content\/uploads\/2025\/10\/10l-varmluftsugn-for-grillning-bakning-och-fritering-timer-1000w-diskmaskinssaker-kramvit-1.webp?fit=2000%2C2000&ssl=1\" \/>\n\t<meta property=\"og:image:width\" content=\"2000\" \/>\n\t<meta property=\"og:image:height\" content=\"2000\" \/>\n\t<meta property=\"og:image:type\" content=\"image\/webp\" \/>\n<meta name=\"twitter:card\" content=\"summary_large_image\" \/>\n<meta name=\"twitter:label1\" content=\"Ber\u00e4knad l\u00e4stid\" \/>\n\t<meta name=\"twitter:data1\" content=\"1 minut\" \/>\n<!-- \/ Yoast SEO plugin. -->","yoast_head_json":{"title":"TRUUSK 10L Varmluftsugn f\u00f6r Grillning, Bakning och Fritering - Timer - 1000W - Diskmaskinss\u00e4ker - Kr\u00e4mvit - TRUUSK - Hem, Tr\u00e4dg\u00e5rd &amp; Fritid","robots":{"index":"index","follow":"follow","max-snippet":"max-snippet:-1","max-image-preview":"max-image-preview:large","max-video-preview":"max-video-preview:-1"},"canonical":"https:\/\/truusk.store\/sv\/produkt\/truusk-10l-varmluftsugn-for-grillning-bakning-och-fritering-timer-1000w-diskmaskinssaker-kramvit\/","og_locale":"sv_SE","og_type":"article","og_title":"TRUUSK 10L Varmluftsugn f\u00f6r Grillning, Bakning och Fritering - Timer - 1000W - Diskmaskinss\u00e4ker - Kr\u00e4mvit - TRUUSK - Hem, Tr\u00e4dg\u00e5rd &amp; Fritid","og_description":"Upplev m\u00e5ngsidigheten med TRUUSK Miniugn med varmluft: Ett utrymmesbesparande k\u00f6ksapparat som rymmer en 20 cm pizza. Med ett 360\u00ba varmluftscirkulationssystem...","og_url":"https:\/\/truusk.store\/sv\/produkt\/truusk-10l-varmluftsugn-for-grillning-bakning-och-fritering-timer-1000w-diskmaskinssaker-kramvit\/","og_site_name":"TRUUSK - Hem, Tr\u00e4dg\u00e5rd &amp; Fritid","article_modified_time":"2026-03-12T08:43:28+00:00","og_image":[{"width":2000,"height":2000,"url":"https:\/\/i0.wp.com\/truusk.se\/wp-content\/uploads\/2025\/10\/10l-varmluftsugn-for-grillning-bakning-och-fritering-timer-1000w-diskmaskinssaker-kramvit-1.webp?fit=2000%2C2000&ssl=1","type":"image\/webp"}],"twitter_card":"summary_large_image","twitter_misc":{"Ber\u00e4knad l\u00e4stid":"1 minut"},"schema":{"@context":"https:\/\/schema.org","@graph":[{"@type":"WebPage","@id":"https:\/\/truusk.store\/sv\/produkt\/truusk-10l-varmluftsugn-for-grillning-bakning-och-fritering-timer-1000w-diskmaskinssaker-kramvit\/","url":"https:\/\/truusk.store\/sv\/produkt\/truusk-10l-varmluftsugn-for-grillning-bakning-och-fritering-timer-1000w-diskmaskinssaker-kramvit\/","name":"TRUUSK 10L Varmluftsugn f\u00f6r Grillning, Bakning och Fritering - Timer - 1000W - Diskmaskinss\u00e4ker - Kr\u00e4mvit - TRUUSK - Hem, Tr\u00e4dg\u00e5rd &amp; Fritid","isPartOf":{"@id":"https:\/\/truusk.store\/sv\/#website"},"primaryImageOfPage":{"@id":"https:\/\/truusk.store\/sv\/produkt\/truusk-10l-varmluftsugn-for-grillning-bakning-och-fritering-timer-1000w-diskmaskinssaker-kramvit\/#primaryimage"},"image":{"@id":"https:\/\/truusk.store\/sv\/produkt\/truusk-10l-varmluftsugn-for-grillning-bakning-och-fritering-timer-1000w-diskmaskinssaker-kramvit\/#primaryimage"},"thumbnailUrl":"https:\/\/i0.wp.com\/truusk.store\/wp-content\/uploads\/2025\/10\/10l-varmluftsugn-for-grillning-bakning-och-fritering-timer-1000w-diskmaskinssaker-kramvit-1.webp?fit=2000%2C2000&ssl=1","datePublished":"2025-10-16T11:29:17+00:00","dateModified":"2026-03-12T08:43:28+00:00","breadcrumb":{"@id":"https:\/\/truusk.store\/sv\/produkt\/truusk-10l-varmluftsugn-for-grillning-bakning-och-fritering-timer-1000w-diskmaskinssaker-kramvit\/#breadcrumb"},"inLanguage":"sv-SE","potentialAction":[{"@type":"ReadAction","target":["https:\/\/truusk.store\/sv\/produkt\/truusk-10l-varmluftsugn-for-grillning-bakning-och-fritering-timer-1000w-diskmaskinssaker-kramvit\/"]}]},{"@type":"ImageObject","inLanguage":"sv-SE","@id":"https:\/\/truusk.store\/sv\/produkt\/truusk-10l-varmluftsugn-for-grillning-bakning-och-fritering-timer-1000w-diskmaskinssaker-kramvit\/#primaryimage","url":"https:\/\/i0.wp.com\/truusk.store\/wp-content\/uploads\/2025\/10\/10l-varmluftsugn-for-grillning-bakning-och-fritering-timer-1000w-diskmaskinssaker-kramvit-1.webp?fit=2000%2C2000&ssl=1","contentUrl":"https:\/\/i0.wp.com\/truusk.store\/wp-content\/uploads\/2025\/10\/10l-varmluftsugn-for-grillning-bakning-och-fritering-timer-1000w-diskmaskinssaker-kramvit-1.webp?fit=2000%2C2000&ssl=1","width":2000,"height":2000},{"@type":"BreadcrumbList","@id":"https:\/\/truusk.store\/sv\/produkt\/truusk-10l-varmluftsugn-for-grillning-bakning-och-fritering-timer-1000w-diskmaskinssaker-kramvit\/#breadcrumb","itemListElement":[{"@type":"ListItem","position":1,"name":"Home","item":"https:\/\/truusk.store\/sv\/"},{"@type":"ListItem","position":2,"name":"Shop","item":"https:\/\/truusk.store\/shop\/"},{"@type":"ListItem","position":3,"name":"TRUUSK 10L Varmluftsugn f\u00f6r Grillning, Bakning och Fritering &#8211; Timer &#8211; 1000W &#8211; Diskmaskinss\u00e4ker &#8211; Kr\u00e4mvit"}]},{"@type":"WebSite","@id":"https:\/\/truusk.store\/sv\/#website","url":"https:\/\/truusk.store\/sv\/","name":"TRUUSK - Hem, Tr\u00e4dg\u00e5rd & Fritid","description":"","publisher":{"@id":"https:\/\/truusk.store\/sv\/#organization"},"potentialAction":[{"@type":"SearchAction","target":{"@type":"EntryPoint","urlTemplate":"https:\/\/truusk.store\/sv\/?s={search_term_string}"},"query-input":{"@type":"PropertyValueSpecification","valueRequired":true,"valueName":"search_term_string"}}],"inLanguage":"sv-SE"},{"@type":"Organization","@id":"https:\/\/truusk.store\/sv\/#organization","name":"TRUUSK - Hem, Tr\u00e4dg\u00e5rd & Fritid","url":"https:\/\/truusk.store\/sv\/","logo":{"@type":"ImageObject","inLanguage":"sv-SE","@id":"https:\/\/truusk.store\/sv\/#\/schema\/logo\/image\/","url":"https:\/\/i0.wp.com\/truusk.store\/wp-content\/uploads\/2026\/03\/cropped-TRUUSK.png?fit=2032%2C917&ssl=1","contentUrl":"https:\/\/i0.wp.com\/truusk.store\/wp-content\/uploads\/2026\/03\/cropped-TRUUSK.png?fit=2032%2C917&ssl=1","width":2032,"height":917,"caption":"TRUUSK - Hem, Tr\u00e4dg\u00e5rd & Fritid"},"image":{"@id":"https:\/\/truusk.store\/sv\/#\/schema\/logo\/image\/"}}]}},"jetpack_sharing_enabled":true,"_links":{"self":[{"href":"https:\/\/truusk.store\/sv\/wp-json\/wp\/v2\/product\/93746","targetHints":{"allow":["GET"]}}],"collection":[{"href":"https:\/\/truusk.store\/sv\/wp-json\/wp\/v2\/product"}],"about":[{"href":"https:\/\/truusk.store\/sv\/wp-json\/wp\/v2\/types\/product"}],"wp:featuredmedia":[{"embeddable":true,"href":"https:\/\/truusk.store\/sv\/wp-json\/wp\/v2\/media\/93737"}],"wp:attachment":[{"href":"https:\/\/truusk.store\/sv\/wp-json\/wp\/v2\/media?parent=93746"}],"wp:term":[{"taxonomy":"product_brand","embeddable":true,"href":"https:\/\/truusk.store\/sv\/wp-json\/wp\/v2\/product_brand?post=93746"},{"taxonomy":"product_cat","embeddable":true,"href":"https:\/\/truusk.store\/sv\/wp-json\/wp\/v2\/product_cat?post=93746"},{"taxonomy":"product_tag","embeddable":true,"href":"https:\/\/truusk.store\/sv\/wp-json\/wp\/v2\/product_tag?post=93746"}],"curies":[{"name":"wp","href":"https:\/\/api.w.org\/{rel}","templated":true}]}}