{"id":93756,"date":"2025-10-16T12:30:12","date_gmt":"2025-10-16T11:30:12","guid":{"rendered":"https:\/\/truusk.store\/product\/aiyaplay-leksakskok-set-barnkok-med-effekter-kaffemaskin-ugn-mycket-forvaringsutrymme-mdf-rostfritt-stal-for-barn-fran-3-ar\/"},"modified":"2026-03-12T09:44:25","modified_gmt":"2026-03-12T08:44:25","slug":"truusk-leksakskok-set-barnkok-med-effekter-kaffemaskin-ugn-forvaringsutrymme-mdf-rostfritt-stal-fran-3-ar","status":"publish","type":"product","link":"https:\/\/truusk.store\/sv\/produkt\/truusk-leksakskok-set-barnkok-med-effekter-kaffemaskin-ugn-forvaringsutrymme-mdf-rostfritt-stal-fran-3-ar\/","title":{"rendered":"TRUUSK Leksaksk\u00f6k-set &#8211; Barnk\u00f6k Med Effekter &#8211; Kaffemaskin &#8211; Ugn &#8211; F\u00f6rvaringsutrymme &#8211; MDF &#8211; Rostfritt St\u00e5l &#8211; Fr\u00e5n 3 \u00e5r"},"content":{"rendered":"<p>Med AIYAPLAY leksaksk\u00f6k uppt\u00e4cker ditt barn sitt koktalang! Utrustad med en spis som har ljus- och ljudfunktioner, och en charmig kaffemaskin inklusive koppar, inneh\u00e5ller leksaksk\u00f6ket ocks\u00e5 en ismaskin, en mikrov\u00e5gsugn och en ugn. Designad f\u00f6r kreativt spel i ett s\u00e4kert k\u00f6k f\u00f6r barn fr\u00e5n tre \u00e5r.<\/p>\n<p>Beskrivning:<\/p>\n<ul>\n<li> Spisen med ljus- och ljudfunktioner \u00f6kar realismen i spelet<\/li>\n<li> Inneh\u00e5ller kaffemaskin, koppar, ismaskin, mikrov\u00e5gsugn och ugn<\/li>\n<li> Sexdelat set med kastrull, sked och redskap f\u00f6r varierat spel<\/li>\n<li> Stora f\u00f6rvaringsutrymmen i barnk\u00f6ket med tillbeh\u00f6r som hyllor och sk\u00e5p f\u00f6r k\u00f6ksleksaker<\/li>\n<li> Kran och diskho i dockk\u00f6ket l\u00e4r barnen att diska<\/li>\n<li> Uppfyller s\u00e4kerhetsstandarder, tillverkad av MDF-s\u00e4kert material<\/li>\n<li> L\u00e4mplig f\u00f6r barn fr\u00e5n tre \u00e5r<\/li>\n<li> Montering kr\u00e4vs<\/li>\n<\/ul>\n<p>Tekniska data:<\/p>\n<ul>\n<li> F\u00e4rg: Vit+Bl\u00e5<\/li>\n<li> Material: MDF, rostfritt st\u00e5l, plast<\/li>\n<li> Totala dimensioner: 88,6L x 31,7B x 90,4H cm<\/li>\n<li> Bordsh\u00f6jd: 48,5H cm<\/li>\n<li> L\u00e4mplig \u00e5lder: 3+ \u00e5r<\/li>\n<\/ul>\n<p>Leveransinneh\u00e5ll:<\/p>\n<ul>\n<li> 1 x Barnk\u00f6k<\/li>\n<li> 1 x Handbok<\/li>\n<\/ul>\n","protected":false},"excerpt":{"rendered":"<p>Med AIYAPLAY leksaksk\u00f6k uppt\u00e4cker ditt barn sitt koktalang! Utrustad med en spis som har ljus- och ljudfunktioner, och en charmig&#8230;<\/p>\n","protected":false},"featured_media":93747,"template":"","meta":[],"product_brand":[],"product_cat":[880,626,918],"product_tag":[],"class_list":{"0":"post-93756","1":"product","2":"type-product","3":"status-publish","4":"has-post-thumbnail","6":"product_cat-baby-barn-2","7":"product_cat-barns-rollspel","8":"product_cat-leksaker","10":"first","11":"instock","12":"sale","13":"taxable","14":"shipping-taxable","15":"purchasable","16":"product-type-simple"},"yoast_head":"<!-- This site is optimized with the Yoast SEO plugin v25.4 - https:\/\/yoast.com\/wordpress\/plugins\/seo\/ -->\n<title>TRUUSK Leksaksk\u00f6k-set - Barnk\u00f6k Med Effekter - Kaffemaskin - Ugn - F\u00f6rvaringsutrymme - MDF - Rostfritt St\u00e5l - Fr\u00e5n 3 \u00e5r - TRUUSK - Hem, Tr\u00e4dg\u00e5rd &amp; Fritid<\/title>\n<meta name=\"robots\" content=\"index, follow, max-snippet:-1, max-image-preview:large, max-video-preview:-1\" \/>\n<link rel=\"canonical\" href=\"https:\/\/truusk.store\/sv\/produkt\/truusk-leksakskok-set-barnkok-med-effekter-kaffemaskin-ugn-forvaringsutrymme-mdf-rostfritt-stal-fran-3-ar\/\" \/>\n<meta property=\"og:locale\" content=\"sv_SE\" \/>\n<meta property=\"og:type\" content=\"article\" \/>\n<meta property=\"og:title\" content=\"TRUUSK Leksaksk\u00f6k-set - Barnk\u00f6k Med Effekter - Kaffemaskin - Ugn - F\u00f6rvaringsutrymme - MDF - Rostfritt St\u00e5l - Fr\u00e5n 3 \u00e5r - TRUUSK - Hem, Tr\u00e4dg\u00e5rd &amp; Fritid\" \/>\n<meta property=\"og:description\" content=\"Med AIYAPLAY leksaksk\u00f6k uppt\u00e4cker ditt barn sitt koktalang! Utrustad med en spis som har ljus- och ljudfunktioner, och en charmig...\" \/>\n<meta property=\"og:url\" content=\"https:\/\/truusk.store\/sv\/produkt\/truusk-leksakskok-set-barnkok-med-effekter-kaffemaskin-ugn-forvaringsutrymme-mdf-rostfritt-stal-fran-3-ar\/\" \/>\n<meta property=\"og:site_name\" content=\"TRUUSK - Hem, Tr\u00e4dg\u00e5rd &amp; Fritid\" \/>\n<meta property=\"article:modified_time\" content=\"2026-03-12T08:44:25+00:00\" \/>\n<meta property=\"og:image\" content=\"https:\/\/i0.wp.com\/truusk.se\/wp-content\/uploads\/2025\/10\/aiyaplay-leksakskok-set-barnkok-med-effekter-kaffemaskin-ugn-mycket-forvaringsutrymme-mdf-rostfritt-stal-for-barn-fran-3-ar-1.webp?fit=2000%2C2000&ssl=1\" \/>\n\t<meta property=\"og:image:width\" content=\"2000\" \/>\n\t<meta property=\"og:image:height\" content=\"2000\" \/>\n\t<meta property=\"og:image:type\" content=\"image\/webp\" \/>\n<meta name=\"twitter:card\" content=\"summary_large_image\" \/>\n<meta name=\"twitter:label1\" content=\"Ber\u00e4knad l\u00e4stid\" \/>\n\t<meta name=\"twitter:data1\" content=\"1 minut\" \/>\n<!-- \/ Yoast SEO plugin. -->","yoast_head_json":{"title":"TRUUSK Leksaksk\u00f6k-set - Barnk\u00f6k Med Effekter - Kaffemaskin - Ugn - F\u00f6rvaringsutrymme - MDF - Rostfritt St\u00e5l - Fr\u00e5n 3 \u00e5r - TRUUSK - Hem, Tr\u00e4dg\u00e5rd &amp; Fritid","robots":{"index":"index","follow":"follow","max-snippet":"max-snippet:-1","max-image-preview":"max-image-preview:large","max-video-preview":"max-video-preview:-1"},"canonical":"https:\/\/truusk.store\/sv\/produkt\/truusk-leksakskok-set-barnkok-med-effekter-kaffemaskin-ugn-forvaringsutrymme-mdf-rostfritt-stal-fran-3-ar\/","og_locale":"sv_SE","og_type":"article","og_title":"TRUUSK Leksaksk\u00f6k-set - Barnk\u00f6k Med Effekter - Kaffemaskin - Ugn - F\u00f6rvaringsutrymme - MDF - Rostfritt St\u00e5l - Fr\u00e5n 3 \u00e5r - TRUUSK - Hem, Tr\u00e4dg\u00e5rd &amp; Fritid","og_description":"Med AIYAPLAY leksaksk\u00f6k uppt\u00e4cker ditt barn sitt koktalang! Utrustad med en spis som har ljus- och ljudfunktioner, och en charmig...","og_url":"https:\/\/truusk.store\/sv\/produkt\/truusk-leksakskok-set-barnkok-med-effekter-kaffemaskin-ugn-forvaringsutrymme-mdf-rostfritt-stal-fran-3-ar\/","og_site_name":"TRUUSK - Hem, Tr\u00e4dg\u00e5rd &amp; Fritid","article_modified_time":"2026-03-12T08:44:25+00:00","og_image":[{"width":2000,"height":2000,"url":"https:\/\/i0.wp.com\/truusk.se\/wp-content\/uploads\/2025\/10\/aiyaplay-leksakskok-set-barnkok-med-effekter-kaffemaskin-ugn-mycket-forvaringsutrymme-mdf-rostfritt-stal-for-barn-fran-3-ar-1.webp?fit=2000%2C2000&ssl=1","type":"image\/webp"}],"twitter_card":"summary_large_image","twitter_misc":{"Ber\u00e4knad l\u00e4stid":"1 minut"},"schema":{"@context":"https:\/\/schema.org","@graph":[{"@type":"WebPage","@id":"https:\/\/truusk.store\/sv\/produkt\/truusk-leksakskok-set-barnkok-med-effekter-kaffemaskin-ugn-forvaringsutrymme-mdf-rostfritt-stal-fran-3-ar\/","url":"https:\/\/truusk.store\/sv\/produkt\/truusk-leksakskok-set-barnkok-med-effekter-kaffemaskin-ugn-forvaringsutrymme-mdf-rostfritt-stal-fran-3-ar\/","name":"TRUUSK Leksaksk\u00f6k-set - Barnk\u00f6k Med Effekter - Kaffemaskin - Ugn - F\u00f6rvaringsutrymme - MDF - Rostfritt St\u00e5l - Fr\u00e5n 3 \u00e5r - TRUUSK - Hem, Tr\u00e4dg\u00e5rd &amp; Fritid","isPartOf":{"@id":"https:\/\/truusk.store\/sv\/#website"},"primaryImageOfPage":{"@id":"https:\/\/truusk.store\/sv\/produkt\/truusk-leksakskok-set-barnkok-med-effekter-kaffemaskin-ugn-forvaringsutrymme-mdf-rostfritt-stal-fran-3-ar\/#primaryimage"},"image":{"@id":"https:\/\/truusk.store\/sv\/produkt\/truusk-leksakskok-set-barnkok-med-effekter-kaffemaskin-ugn-forvaringsutrymme-mdf-rostfritt-stal-fran-3-ar\/#primaryimage"},"thumbnailUrl":"https:\/\/i0.wp.com\/truusk.store\/wp-content\/uploads\/2025\/10\/aiyaplay-leksakskok-set-barnkok-med-effekter-kaffemaskin-ugn-mycket-forvaringsutrymme-mdf-rostfritt-stal-for-barn-fran-3-ar-1.webp?fit=2000%2C2000&ssl=1","datePublished":"2025-10-16T11:30:12+00:00","dateModified":"2026-03-12T08:44:25+00:00","breadcrumb":{"@id":"https:\/\/truusk.store\/sv\/produkt\/truusk-leksakskok-set-barnkok-med-effekter-kaffemaskin-ugn-forvaringsutrymme-mdf-rostfritt-stal-fran-3-ar\/#breadcrumb"},"inLanguage":"sv-SE","potentialAction":[{"@type":"ReadAction","target":["https:\/\/truusk.store\/sv\/produkt\/truusk-leksakskok-set-barnkok-med-effekter-kaffemaskin-ugn-forvaringsutrymme-mdf-rostfritt-stal-fran-3-ar\/"]}]},{"@type":"ImageObject","inLanguage":"sv-SE","@id":"https:\/\/truusk.store\/sv\/produkt\/truusk-leksakskok-set-barnkok-med-effekter-kaffemaskin-ugn-forvaringsutrymme-mdf-rostfritt-stal-fran-3-ar\/#primaryimage","url":"https:\/\/i0.wp.com\/truusk.store\/wp-content\/uploads\/2025\/10\/aiyaplay-leksakskok-set-barnkok-med-effekter-kaffemaskin-ugn-mycket-forvaringsutrymme-mdf-rostfritt-stal-for-barn-fran-3-ar-1.webp?fit=2000%2C2000&ssl=1","contentUrl":"https:\/\/i0.wp.com\/truusk.store\/wp-content\/uploads\/2025\/10\/aiyaplay-leksakskok-set-barnkok-med-effekter-kaffemaskin-ugn-mycket-forvaringsutrymme-mdf-rostfritt-stal-for-barn-fran-3-ar-1.webp?fit=2000%2C2000&ssl=1","width":2000,"height":2000},{"@type":"BreadcrumbList","@id":"https:\/\/truusk.store\/sv\/produkt\/truusk-leksakskok-set-barnkok-med-effekter-kaffemaskin-ugn-forvaringsutrymme-mdf-rostfritt-stal-fran-3-ar\/#breadcrumb","itemListElement":[{"@type":"ListItem","position":1,"name":"Home","item":"https:\/\/truusk.store\/sv\/"},{"@type":"ListItem","position":2,"name":"Shop","item":"https:\/\/truusk.store\/shop\/"},{"@type":"ListItem","position":3,"name":"TRUUSK Leksaksk\u00f6k-set &#8211; Barnk\u00f6k Med Effekter &#8211; Kaffemaskin &#8211; Ugn &#8211; F\u00f6rvaringsutrymme &#8211; MDF &#8211; Rostfritt St\u00e5l &#8211; Fr\u00e5n 3 \u00e5r"}]},{"@type":"WebSite","@id":"https:\/\/truusk.store\/sv\/#website","url":"https:\/\/truusk.store\/sv\/","name":"TRUUSK - Hem, Tr\u00e4dg\u00e5rd & Fritid","description":"","publisher":{"@id":"https:\/\/truusk.store\/sv\/#organization"},"potentialAction":[{"@type":"SearchAction","target":{"@type":"EntryPoint","urlTemplate":"https:\/\/truusk.store\/sv\/?s={search_term_string}"},"query-input":{"@type":"PropertyValueSpecification","valueRequired":true,"valueName":"search_term_string"}}],"inLanguage":"sv-SE"},{"@type":"Organization","@id":"https:\/\/truusk.store\/sv\/#organization","name":"TRUUSK - Hem, Tr\u00e4dg\u00e5rd & Fritid","url":"https:\/\/truusk.store\/sv\/","logo":{"@type":"ImageObject","inLanguage":"sv-SE","@id":"https:\/\/truusk.store\/sv\/#\/schema\/logo\/image\/","url":"https:\/\/i0.wp.com\/truusk.store\/wp-content\/uploads\/2026\/03\/cropped-TRUUSK.png?fit=2032%2C917&ssl=1","contentUrl":"https:\/\/i0.wp.com\/truusk.store\/wp-content\/uploads\/2026\/03\/cropped-TRUUSK.png?fit=2032%2C917&ssl=1","width":2032,"height":917,"caption":"TRUUSK - Hem, Tr\u00e4dg\u00e5rd & Fritid"},"image":{"@id":"https:\/\/truusk.store\/sv\/#\/schema\/logo\/image\/"}}]}},"jetpack_sharing_enabled":true,"_links":{"self":[{"href":"https:\/\/truusk.store\/sv\/wp-json\/wp\/v2\/product\/93756","targetHints":{"allow":["GET"]}}],"collection":[{"href":"https:\/\/truusk.store\/sv\/wp-json\/wp\/v2\/product"}],"about":[{"href":"https:\/\/truusk.store\/sv\/wp-json\/wp\/v2\/types\/product"}],"wp:featuredmedia":[{"embeddable":true,"href":"https:\/\/truusk.store\/sv\/wp-json\/wp\/v2\/media\/93747"}],"wp:attachment":[{"href":"https:\/\/truusk.store\/sv\/wp-json\/wp\/v2\/media?parent=93756"}],"wp:term":[{"taxonomy":"product_brand","embeddable":true,"href":"https:\/\/truusk.store\/sv\/wp-json\/wp\/v2\/product_brand?post=93756"},{"taxonomy":"product_cat","embeddable":true,"href":"https:\/\/truusk.store\/sv\/wp-json\/wp\/v2\/product_cat?post=93756"},{"taxonomy":"product_tag","embeddable":true,"href":"https:\/\/truusk.store\/sv\/wp-json\/wp\/v2\/product_tag?post=93756"}],"curies":[{"name":"wp","href":"https:\/\/api.w.org\/{rel}","templated":true}]}}