{"id":93776,"date":"2025-10-16T12:32:43","date_gmt":"2025-10-16T11:32:43","guid":{"rendered":"https:\/\/truusk.store\/product\/honsgard-for-5-8-hons-takduk-lasbar-dorr-stalram-51-m%c2%b2-3-x-17-x-19-m\/"},"modified":"2026-03-12T09:46:14","modified_gmt":"2026-03-12T08:46:14","slug":"truusk-honsgard-for-5-8-hons-takduk-lasbar-dorr-stalram-51-m%c2%b2-3-x-17-x-19-m","status":"publish","type":"product","link":"https:\/\/truusk.store\/sv\/produkt\/truusk-honsgard-for-5-8-hons-takduk-lasbar-dorr-stalram-51-m%c2%b2-3-x-17-x-19-m\/","title":{"rendered":"TRUUSK H\u00f6nsg\u00e5rd f\u00f6r 5-8 h\u00f6ns &#8211; Takduk &#8211; L\u00e5sbar d\u00f6rr &#8211; St\u00e5lram &#8211; 5,1 m\u00b2 &#8211; 3 x 1,7 x 1,9 m"},"content":{"rendered":"<p>Uppt\u00e4ck TRUUSK h\u00f6nsrastg\u00e5rd f\u00f6r dina k\u00e4ra fj\u00e4derf\u00e4n! P\u00e5 5,1 m\u00b2 finns det bekv\u00e4mt plats f\u00f6r 5-8 h\u00f6ns. Perfekt i kombination med ett tr\u00e4-h\u00f6nshus, skapar det ett idealiskt fj\u00e4derf\u00e4paradis. De robusta, galvaniserade st\u00e5lr\u00f6ren och den plastbelagda n\u00e4tst\u00e4ngslet i rastg\u00e5rden garanterar s\u00e4kerhet, det vattent\u00e4ta och UV-resistenta taket skyddar dina h\u00f6ns i alla v\u00e4der.<\/p>\n<p>Beskrivning:<\/p>\n<ul>\n<li> 5,1 m\u00b2 yta rymmer bekv\u00e4mt 5-8 h\u00f6ns<\/li>\n<li> Idealisk i kombination med ett tr\u00e4-h\u00f6nshus<\/li>\n<li> Galvaniserade st\u00e5lr\u00f6r i rastg\u00e5rden ger en robust struktur<\/li>\n<li> Plastbelagt n\u00e4tst\u00e4ngsel skyddar s\u00e4kert h\u00f6nsen fr\u00e5n rovdjur<\/li>\n<li> En sv\u00e4ngd\u00f6rr i rastg\u00e5rden med l\u00e5s ger enkel tillg\u00e5ng och s\u00e4kerhet<\/li>\n<li> 420D Oxford-duk med silverbel\u00e4ggning \u00e4r vattent\u00e4t och UV-resistent<\/li>\n<li> Montering med en partner tar ungef\u00e4r 1,5 timmar<\/li>\n<li> Monteringsanvisningar f\u00f6r en okomplicerad uppbyggnad ing\u00e5r<\/li>\n<\/ul>\n<p> Tekniska data:<\/p>\n<ul>\n<li> F\u00e4rg: Silver<\/li>\n<li> Material: Galvaniserat st\u00e5lr\u00f6r, st\u00e5ln\u00e4t, 420D Oxford-polyester<\/li>\n<li> Totala dimensioner: 300D x 170B x 190H cm<\/li>\n<li> \u00d6vre \u00f6verdrag: 348L x 170B cm<\/li>\n<li> Framd\u00f6rr: 54B x 156H cm<\/li>\n<li> Maskstorlek: 4L x 2,5B cm<\/li>\n<li> St\u00e5lr\u00f6r: \u00d81,9 cm<\/li>\n<\/ul>\n<p>Leveransinneh\u00e5ll:<\/p>\n<ul>\n<li> 1 x H\u00f6nsrastg\u00e5rd<\/li>\n<li> 1 x T\u00e4ckning<\/li>\n<li> 1 x Handbok<\/li>\n<\/ul>\n","protected":false},"excerpt":{"rendered":"<p>Uppt\u00e4ck TRUUSK h\u00f6nsrastg\u00e5rd f\u00f6r dina k\u00e4ra fj\u00e4derf\u00e4n! P\u00e5 5,1 m\u00b2 finns det bekv\u00e4mt plats f\u00f6r 5-8 h\u00f6ns. Perfekt i kombination&#8230;<\/p>\n","protected":false},"featured_media":93767,"template":"","meta":[],"product_brand":[],"product_cat":[895,601,602],"product_tag":[],"class_list":{"0":"post-93776","1":"product","2":"type-product","3":"status-publish","4":"has-post-thumbnail","6":"product_cat-djurutrustning","7":"product_cat-fageltillbehor","8":"product_cat-honshus","10":"first","11":"instock","12":"sale","13":"taxable","14":"shipping-taxable","15":"purchasable","16":"product-type-simple"},"yoast_head":"<!-- This site is optimized with the Yoast SEO plugin v25.4 - https:\/\/yoast.com\/wordpress\/plugins\/seo\/ -->\n<title>TRUUSK H\u00f6nsg\u00e5rd f\u00f6r 5-8 h\u00f6ns - Takduk - L\u00e5sbar d\u00f6rr - St\u00e5lram - 5,1 m\u00b2 - 3 x 1,7 x 1,9 m - TRUUSK - Hem, Tr\u00e4dg\u00e5rd &amp; Fritid<\/title>\n<meta name=\"robots\" content=\"index, follow, max-snippet:-1, max-image-preview:large, max-video-preview:-1\" \/>\n<link rel=\"canonical\" href=\"https:\/\/truusk.store\/sv\/produkt\/truusk-honsgard-for-5-8-hons-takduk-lasbar-dorr-stalram-51-m%c2%b2-3-x-17-x-19-m\/\" \/>\n<meta property=\"og:locale\" content=\"sv_SE\" \/>\n<meta property=\"og:type\" content=\"article\" \/>\n<meta property=\"og:title\" content=\"TRUUSK H\u00f6nsg\u00e5rd f\u00f6r 5-8 h\u00f6ns - Takduk - L\u00e5sbar d\u00f6rr - St\u00e5lram - 5,1 m\u00b2 - 3 x 1,7 x 1,9 m - TRUUSK - Hem, Tr\u00e4dg\u00e5rd &amp; Fritid\" \/>\n<meta property=\"og:description\" content=\"Uppt\u00e4ck TRUUSK h\u00f6nsrastg\u00e5rd f\u00f6r dina k\u00e4ra fj\u00e4derf\u00e4n! P\u00e5 5,1 m\u00b2 finns det bekv\u00e4mt plats f\u00f6r 5-8 h\u00f6ns. Perfekt i kombination...\" \/>\n<meta property=\"og:url\" content=\"https:\/\/truusk.store\/sv\/produkt\/truusk-honsgard-for-5-8-hons-takduk-lasbar-dorr-stalram-51-m%c2%b2-3-x-17-x-19-m\/\" \/>\n<meta property=\"og:site_name\" content=\"TRUUSK - Hem, Tr\u00e4dg\u00e5rd &amp; Fritid\" \/>\n<meta property=\"article:modified_time\" content=\"2026-03-12T08:46:14+00:00\" \/>\n<meta property=\"og:image\" content=\"https:\/\/i0.wp.com\/truusk.se\/wp-content\/uploads\/2025\/10\/honsgard-for-5-8-hons-takduk-lasbar-dorr-stalram-51-mc2b2-3-x-17-x-19-m-1.webp?fit=2000%2C2000&ssl=1\" \/>\n\t<meta property=\"og:image:width\" content=\"2000\" \/>\n\t<meta property=\"og:image:height\" content=\"2000\" \/>\n\t<meta property=\"og:image:type\" content=\"image\/webp\" \/>\n<meta name=\"twitter:card\" content=\"summary_large_image\" \/>\n<meta name=\"twitter:label1\" content=\"Ber\u00e4knad l\u00e4stid\" \/>\n\t<meta name=\"twitter:data1\" content=\"1 minut\" \/>\n<!-- \/ Yoast SEO plugin. -->","yoast_head_json":{"title":"TRUUSK H\u00f6nsg\u00e5rd f\u00f6r 5-8 h\u00f6ns - Takduk - L\u00e5sbar d\u00f6rr - St\u00e5lram - 5,1 m\u00b2 - 3 x 1,7 x 1,9 m - TRUUSK - Hem, Tr\u00e4dg\u00e5rd &amp; Fritid","robots":{"index":"index","follow":"follow","max-snippet":"max-snippet:-1","max-image-preview":"max-image-preview:large","max-video-preview":"max-video-preview:-1"},"canonical":"https:\/\/truusk.store\/sv\/produkt\/truusk-honsgard-for-5-8-hons-takduk-lasbar-dorr-stalram-51-m%c2%b2-3-x-17-x-19-m\/","og_locale":"sv_SE","og_type":"article","og_title":"TRUUSK H\u00f6nsg\u00e5rd f\u00f6r 5-8 h\u00f6ns - Takduk - L\u00e5sbar d\u00f6rr - St\u00e5lram - 5,1 m\u00b2 - 3 x 1,7 x 1,9 m - TRUUSK - Hem, Tr\u00e4dg\u00e5rd &amp; Fritid","og_description":"Uppt\u00e4ck TRUUSK h\u00f6nsrastg\u00e5rd f\u00f6r dina k\u00e4ra fj\u00e4derf\u00e4n! P\u00e5 5,1 m\u00b2 finns det bekv\u00e4mt plats f\u00f6r 5-8 h\u00f6ns. Perfekt i kombination...","og_url":"https:\/\/truusk.store\/sv\/produkt\/truusk-honsgard-for-5-8-hons-takduk-lasbar-dorr-stalram-51-m%c2%b2-3-x-17-x-19-m\/","og_site_name":"TRUUSK - Hem, Tr\u00e4dg\u00e5rd &amp; Fritid","article_modified_time":"2026-03-12T08:46:14+00:00","og_image":[{"width":2000,"height":2000,"url":"https:\/\/i0.wp.com\/truusk.se\/wp-content\/uploads\/2025\/10\/honsgard-for-5-8-hons-takduk-lasbar-dorr-stalram-51-mc2b2-3-x-17-x-19-m-1.webp?fit=2000%2C2000&ssl=1","type":"image\/webp"}],"twitter_card":"summary_large_image","twitter_misc":{"Ber\u00e4knad l\u00e4stid":"1 minut"},"schema":{"@context":"https:\/\/schema.org","@graph":[{"@type":"WebPage","@id":"https:\/\/truusk.store\/sv\/produkt\/truusk-honsgard-for-5-8-hons-takduk-lasbar-dorr-stalram-51-m%c2%b2-3-x-17-x-19-m\/","url":"https:\/\/truusk.store\/sv\/produkt\/truusk-honsgard-for-5-8-hons-takduk-lasbar-dorr-stalram-51-m%c2%b2-3-x-17-x-19-m\/","name":"TRUUSK H\u00f6nsg\u00e5rd f\u00f6r 5-8 h\u00f6ns - Takduk - L\u00e5sbar d\u00f6rr - St\u00e5lram - 5,1 m\u00b2 - 3 x 1,7 x 1,9 m - TRUUSK - Hem, Tr\u00e4dg\u00e5rd &amp; Fritid","isPartOf":{"@id":"https:\/\/truusk.store\/sv\/#website"},"primaryImageOfPage":{"@id":"https:\/\/truusk.store\/sv\/produkt\/truusk-honsgard-for-5-8-hons-takduk-lasbar-dorr-stalram-51-m%c2%b2-3-x-17-x-19-m\/#primaryimage"},"image":{"@id":"https:\/\/truusk.store\/sv\/produkt\/truusk-honsgard-for-5-8-hons-takduk-lasbar-dorr-stalram-51-m%c2%b2-3-x-17-x-19-m\/#primaryimage"},"thumbnailUrl":"https:\/\/i0.wp.com\/truusk.store\/wp-content\/uploads\/2025\/10\/honsgard-for-5-8-hons-takduk-lasbar-dorr-stalram-51-mc2b2-3-x-17-x-19-m-1.webp?fit=2000%2C2000&ssl=1","datePublished":"2025-10-16T11:32:43+00:00","dateModified":"2026-03-12T08:46:14+00:00","breadcrumb":{"@id":"https:\/\/truusk.store\/sv\/produkt\/truusk-honsgard-for-5-8-hons-takduk-lasbar-dorr-stalram-51-m%c2%b2-3-x-17-x-19-m\/#breadcrumb"},"inLanguage":"sv-SE","potentialAction":[{"@type":"ReadAction","target":["https:\/\/truusk.store\/sv\/produkt\/truusk-honsgard-for-5-8-hons-takduk-lasbar-dorr-stalram-51-m%c2%b2-3-x-17-x-19-m\/"]}]},{"@type":"ImageObject","inLanguage":"sv-SE","@id":"https:\/\/truusk.store\/sv\/produkt\/truusk-honsgard-for-5-8-hons-takduk-lasbar-dorr-stalram-51-m%c2%b2-3-x-17-x-19-m\/#primaryimage","url":"https:\/\/i0.wp.com\/truusk.store\/wp-content\/uploads\/2025\/10\/honsgard-for-5-8-hons-takduk-lasbar-dorr-stalram-51-mc2b2-3-x-17-x-19-m-1.webp?fit=2000%2C2000&ssl=1","contentUrl":"https:\/\/i0.wp.com\/truusk.store\/wp-content\/uploads\/2025\/10\/honsgard-for-5-8-hons-takduk-lasbar-dorr-stalram-51-mc2b2-3-x-17-x-19-m-1.webp?fit=2000%2C2000&ssl=1","width":2000,"height":2000},{"@type":"BreadcrumbList","@id":"https:\/\/truusk.store\/sv\/produkt\/truusk-honsgard-for-5-8-hons-takduk-lasbar-dorr-stalram-51-m%c2%b2-3-x-17-x-19-m\/#breadcrumb","itemListElement":[{"@type":"ListItem","position":1,"name":"Home","item":"https:\/\/truusk.store\/sv\/"},{"@type":"ListItem","position":2,"name":"Shop","item":"https:\/\/truusk.store\/shop\/"},{"@type":"ListItem","position":3,"name":"TRUUSK H\u00f6nsg\u00e5rd f\u00f6r 5-8 h\u00f6ns &#8211; Takduk &#8211; L\u00e5sbar d\u00f6rr &#8211; St\u00e5lram &#8211; 5,1 m\u00b2 &#8211; 3 x 1,7 x 1,9 m"}]},{"@type":"WebSite","@id":"https:\/\/truusk.store\/sv\/#website","url":"https:\/\/truusk.store\/sv\/","name":"TRUUSK - Hem, Tr\u00e4dg\u00e5rd & Fritid","description":"","publisher":{"@id":"https:\/\/truusk.store\/sv\/#organization"},"potentialAction":[{"@type":"SearchAction","target":{"@type":"EntryPoint","urlTemplate":"https:\/\/truusk.store\/sv\/?s={search_term_string}"},"query-input":{"@type":"PropertyValueSpecification","valueRequired":true,"valueName":"search_term_string"}}],"inLanguage":"sv-SE"},{"@type":"Organization","@id":"https:\/\/truusk.store\/sv\/#organization","name":"TRUUSK - Hem, Tr\u00e4dg\u00e5rd & Fritid","url":"https:\/\/truusk.store\/sv\/","logo":{"@type":"ImageObject","inLanguage":"sv-SE","@id":"https:\/\/truusk.store\/sv\/#\/schema\/logo\/image\/","url":"https:\/\/i0.wp.com\/truusk.store\/wp-content\/uploads\/2026\/03\/cropped-TRUUSK.png?fit=2032%2C917&ssl=1","contentUrl":"https:\/\/i0.wp.com\/truusk.store\/wp-content\/uploads\/2026\/03\/cropped-TRUUSK.png?fit=2032%2C917&ssl=1","width":2032,"height":917,"caption":"TRUUSK - Hem, Tr\u00e4dg\u00e5rd & Fritid"},"image":{"@id":"https:\/\/truusk.store\/sv\/#\/schema\/logo\/image\/"}}]}},"jetpack_sharing_enabled":true,"_links":{"self":[{"href":"https:\/\/truusk.store\/sv\/wp-json\/wp\/v2\/product\/93776","targetHints":{"allow":["GET"]}}],"collection":[{"href":"https:\/\/truusk.store\/sv\/wp-json\/wp\/v2\/product"}],"about":[{"href":"https:\/\/truusk.store\/sv\/wp-json\/wp\/v2\/types\/product"}],"wp:featuredmedia":[{"embeddable":true,"href":"https:\/\/truusk.store\/sv\/wp-json\/wp\/v2\/media\/93767"}],"wp:attachment":[{"href":"https:\/\/truusk.store\/sv\/wp-json\/wp\/v2\/media?parent=93776"}],"wp:term":[{"taxonomy":"product_brand","embeddable":true,"href":"https:\/\/truusk.store\/sv\/wp-json\/wp\/v2\/product_brand?post=93776"},{"taxonomy":"product_cat","embeddable":true,"href":"https:\/\/truusk.store\/sv\/wp-json\/wp\/v2\/product_cat?post=93776"},{"taxonomy":"product_tag","embeddable":true,"href":"https:\/\/truusk.store\/sv\/wp-json\/wp\/v2\/product_tag?post=93776"}],"curies":[{"name":"wp","href":"https:\/\/api.w.org\/{rel}","templated":true}]}}