{"id":93799,"date":"2025-10-24T04:14:16","date_gmt":"2025-10-24T03:14:16","guid":{"rendered":"https:\/\/truusk.store\/product\/sangstomme-i-metall-med-huvudgavel-300-kg-barkapacitet-145l-x-211b-x-106h-cm-svart\/"},"modified":"2026-03-12T09:07:09","modified_gmt":"2026-03-12T08:07:09","slug":"truusk-metall-sangstomme-med-huvudgavel-300-kg-barkapacitet-145l-x-211b-x-106h-cm-svart","status":"publish","type":"product","link":"https:\/\/truusk.store\/sv\/produkt\/truusk-metall-sangstomme-med-huvudgavel-300-kg-barkapacitet-145l-x-211b-x-106h-cm-svart\/","title":{"rendered":"TRUUSK Metall S\u00e4ngstomme Med Huvudgavel &#8211; 300 Kg B\u00e4rkapacitet &#8211; 145L X 211B X 106H Cm &#8211; Svart"},"content":{"rendered":"<p>Ge ditt rum en touch av elegans med denna uts\u00f6kta, st\u00f6rre dubbels\u00e4ng fr\u00e5n TRUUSK. Den robusta st\u00e5lramen i mattsvart passar perfekt till olika inredningsstilar. Utrustad med fasta ben, garanterar denna s\u00e4ngram en stabil st\u00f6d, s\u00e5 att du kan slappna av och \u00e5terh\u00e4mta dig helt. De inbyggda lamellerna och det h\u00f6ga huvud\u00e4ndan h\u00e5ller madrassen p\u00e5 plats, medan det gener\u00f6sa utrymmet under s\u00e4ngen erbjuder mycket f\u00f6rvaringsutrymme.<\/p>\n<p>Beskrivning:<\/p>\n<ul>\n<li> S\u00e4ngramens st\u00e5lstruktur i minimalistisk stil, idealisk f\u00f6r alla rum<\/li>\n<li> Nio robusta f\u00f6tter som kan b\u00e4ra en vikt p\u00e5 upp till 300 kg<\/li>\n<li> En knarrfri struktur av dubbels\u00e4ngen garanterar en avkopplande och kvalitativ s\u00f6mn<\/li>\n<li> Utrymmet under s\u00e4ngen kan anv\u00e4ndas som f\u00f6rvaringsutrymme<\/li>\n<li> Idealisk f\u00f6r sovrum och g\u00e4strum<\/li>\n<li> Enkel montering kr\u00e4vs<\/li>\n<\/ul>\n<p> Tekniska data:<\/p>\n<ul>\n<li> F\u00e4rg: Svart<\/li>\n<li> Material: St\u00e5l<\/li>\n<li> Totala dimensioner: 145L x 211B x 108H cm<\/li>\n<li> L\u00e4mplig madrassstorlek: 140L x 200B cm<\/li>\n<li> Huvud\u00e4ndans storlek: 145L x 108H cm<\/li>\n<li> Fot\u00e4ndans storlek: 145L x 60H cm<\/li>\n<li> H\u00f6jd p\u00e5 det fria utrymmet: (under s\u00e4ngen) 31 cm<\/li>\n<li> B\u00e4rkapacitet: 300 kg<\/li>\n<\/ul>\n<p> Leveransinneh\u00e5ll:<\/p>\n<ul>\n<li> 1 x St\u00e5ls\u00e4ng<\/li>\n<li> 1 x Bruksanvisning<\/li>\n<\/ul>\n","protected":false},"excerpt":{"rendered":"<p>Ge ditt rum en touch av elegans med denna uts\u00f6kta, st\u00f6rre dubbels\u00e4ng fr\u00e5n TRUUSK. Den robusta st\u00e5lramen i mattsvart passar&#8230;<\/p>\n","protected":false},"featured_media":93790,"template":"","meta":[],"product_brand":[],"product_cat":[1027,871,494,897],"product_tag":[],"class_list":{"0":"post-93799","1":"product","2":"type-product","3":"status-publish","4":"has-post-thumbnail","6":"product_cat-bettzubehor","7":"product_cat-hus-hem","8":"product_cat-sangar","9":"product_cat-sovrum","11":"first","12":"instock","13":"sale","14":"taxable","15":"shipping-taxable","16":"purchasable","17":"product-type-simple"},"yoast_head":"<!-- This site is optimized with the Yoast SEO plugin v25.4 - https:\/\/yoast.com\/wordpress\/plugins\/seo\/ -->\n<title>TRUUSK Metall S\u00e4ngstomme Med Huvudgavel - 300 Kg B\u00e4rkapacitet - 145L X 211B X 106H Cm - Svart - TRUUSK - Hem, Tr\u00e4dg\u00e5rd &amp; Fritid<\/title>\n<meta name=\"robots\" content=\"index, follow, max-snippet:-1, max-image-preview:large, max-video-preview:-1\" \/>\n<link rel=\"canonical\" href=\"https:\/\/truusk.store\/sv\/produkt\/truusk-metall-sangstomme-med-huvudgavel-300-kg-barkapacitet-145l-x-211b-x-106h-cm-svart\/\" \/>\n<meta property=\"og:locale\" content=\"sv_SE\" \/>\n<meta property=\"og:type\" content=\"article\" \/>\n<meta property=\"og:title\" content=\"TRUUSK Metall S\u00e4ngstomme Med Huvudgavel - 300 Kg B\u00e4rkapacitet - 145L X 211B X 106H Cm - Svart - TRUUSK - Hem, Tr\u00e4dg\u00e5rd &amp; Fritid\" \/>\n<meta property=\"og:description\" content=\"Ge ditt rum en touch av elegans med denna uts\u00f6kta, st\u00f6rre dubbels\u00e4ng fr\u00e5n TRUUSK. Den robusta st\u00e5lramen i mattsvart passar...\" \/>\n<meta property=\"og:url\" content=\"https:\/\/truusk.store\/sv\/produkt\/truusk-metall-sangstomme-med-huvudgavel-300-kg-barkapacitet-145l-x-211b-x-106h-cm-svart\/\" \/>\n<meta property=\"og:site_name\" content=\"TRUUSK - Hem, Tr\u00e4dg\u00e5rd &amp; Fritid\" \/>\n<meta property=\"article:modified_time\" content=\"2026-03-12T08:07:09+00:00\" \/>\n<meta property=\"og:image\" content=\"https:\/\/i0.wp.com\/truusk.se\/wp-content\/uploads\/2025\/10\/sangstomme-i-metall-med-huvudgavel-300-kg-barkapacitet-145l-x-211b-x-106h-cm-svart-1.webp?fit=2000%2C2000&ssl=1\" \/>\n\t<meta property=\"og:image:width\" content=\"2000\" \/>\n\t<meta property=\"og:image:height\" content=\"2000\" \/>\n\t<meta property=\"og:image:type\" content=\"image\/webp\" \/>\n<meta name=\"twitter:card\" content=\"summary_large_image\" \/>\n<meta name=\"twitter:label1\" content=\"Ber\u00e4knad l\u00e4stid\" \/>\n\t<meta name=\"twitter:data1\" content=\"1 minut\" \/>\n<!-- \/ Yoast SEO plugin. -->","yoast_head_json":{"title":"TRUUSK Metall S\u00e4ngstomme Med Huvudgavel - 300 Kg B\u00e4rkapacitet - 145L X 211B X 106H Cm - Svart - TRUUSK - Hem, Tr\u00e4dg\u00e5rd &amp; Fritid","robots":{"index":"index","follow":"follow","max-snippet":"max-snippet:-1","max-image-preview":"max-image-preview:large","max-video-preview":"max-video-preview:-1"},"canonical":"https:\/\/truusk.store\/sv\/produkt\/truusk-metall-sangstomme-med-huvudgavel-300-kg-barkapacitet-145l-x-211b-x-106h-cm-svart\/","og_locale":"sv_SE","og_type":"article","og_title":"TRUUSK Metall S\u00e4ngstomme Med Huvudgavel - 300 Kg B\u00e4rkapacitet - 145L X 211B X 106H Cm - Svart - TRUUSK - Hem, Tr\u00e4dg\u00e5rd &amp; Fritid","og_description":"Ge ditt rum en touch av elegans med denna uts\u00f6kta, st\u00f6rre dubbels\u00e4ng fr\u00e5n TRUUSK. Den robusta st\u00e5lramen i mattsvart passar...","og_url":"https:\/\/truusk.store\/sv\/produkt\/truusk-metall-sangstomme-med-huvudgavel-300-kg-barkapacitet-145l-x-211b-x-106h-cm-svart\/","og_site_name":"TRUUSK - Hem, Tr\u00e4dg\u00e5rd &amp; Fritid","article_modified_time":"2026-03-12T08:07:09+00:00","og_image":[{"width":2000,"height":2000,"url":"https:\/\/i0.wp.com\/truusk.se\/wp-content\/uploads\/2025\/10\/sangstomme-i-metall-med-huvudgavel-300-kg-barkapacitet-145l-x-211b-x-106h-cm-svart-1.webp?fit=2000%2C2000&ssl=1","type":"image\/webp"}],"twitter_card":"summary_large_image","twitter_misc":{"Ber\u00e4knad l\u00e4stid":"1 minut"},"schema":{"@context":"https:\/\/schema.org","@graph":[{"@type":"WebPage","@id":"https:\/\/truusk.store\/sv\/produkt\/truusk-metall-sangstomme-med-huvudgavel-300-kg-barkapacitet-145l-x-211b-x-106h-cm-svart\/","url":"https:\/\/truusk.store\/sv\/produkt\/truusk-metall-sangstomme-med-huvudgavel-300-kg-barkapacitet-145l-x-211b-x-106h-cm-svart\/","name":"TRUUSK Metall S\u00e4ngstomme Med Huvudgavel - 300 Kg B\u00e4rkapacitet - 145L X 211B X 106H Cm - Svart - TRUUSK - Hem, Tr\u00e4dg\u00e5rd &amp; Fritid","isPartOf":{"@id":"https:\/\/truusk.store\/sv\/#website"},"primaryImageOfPage":{"@id":"https:\/\/truusk.store\/sv\/produkt\/truusk-metall-sangstomme-med-huvudgavel-300-kg-barkapacitet-145l-x-211b-x-106h-cm-svart\/#primaryimage"},"image":{"@id":"https:\/\/truusk.store\/sv\/produkt\/truusk-metall-sangstomme-med-huvudgavel-300-kg-barkapacitet-145l-x-211b-x-106h-cm-svart\/#primaryimage"},"thumbnailUrl":"https:\/\/i0.wp.com\/truusk.store\/wp-content\/uploads\/2025\/10\/sangstomme-i-metall-med-huvudgavel-300-kg-barkapacitet-145l-x-211b-x-106h-cm-svart-1.webp?fit=2000%2C2000&ssl=1","datePublished":"2025-10-24T03:14:16+00:00","dateModified":"2026-03-12T08:07:09+00:00","breadcrumb":{"@id":"https:\/\/truusk.store\/sv\/produkt\/truusk-metall-sangstomme-med-huvudgavel-300-kg-barkapacitet-145l-x-211b-x-106h-cm-svart\/#breadcrumb"},"inLanguage":"sv-SE","potentialAction":[{"@type":"ReadAction","target":["https:\/\/truusk.store\/sv\/produkt\/truusk-metall-sangstomme-med-huvudgavel-300-kg-barkapacitet-145l-x-211b-x-106h-cm-svart\/"]}]},{"@type":"ImageObject","inLanguage":"sv-SE","@id":"https:\/\/truusk.store\/sv\/produkt\/truusk-metall-sangstomme-med-huvudgavel-300-kg-barkapacitet-145l-x-211b-x-106h-cm-svart\/#primaryimage","url":"https:\/\/i0.wp.com\/truusk.store\/wp-content\/uploads\/2025\/10\/sangstomme-i-metall-med-huvudgavel-300-kg-barkapacitet-145l-x-211b-x-106h-cm-svart-1.webp?fit=2000%2C2000&ssl=1","contentUrl":"https:\/\/i0.wp.com\/truusk.store\/wp-content\/uploads\/2025\/10\/sangstomme-i-metall-med-huvudgavel-300-kg-barkapacitet-145l-x-211b-x-106h-cm-svart-1.webp?fit=2000%2C2000&ssl=1","width":2000,"height":2000},{"@type":"BreadcrumbList","@id":"https:\/\/truusk.store\/sv\/produkt\/truusk-metall-sangstomme-med-huvudgavel-300-kg-barkapacitet-145l-x-211b-x-106h-cm-svart\/#breadcrumb","itemListElement":[{"@type":"ListItem","position":1,"name":"Home","item":"https:\/\/truusk.store\/sv\/"},{"@type":"ListItem","position":2,"name":"Shop","item":"https:\/\/truusk.store\/shop\/"},{"@type":"ListItem","position":3,"name":"TRUUSK Metall S\u00e4ngstomme Med Huvudgavel &#8211; 300 Kg B\u00e4rkapacitet &#8211; 145L X 211B X 106H Cm &#8211; Svart"}]},{"@type":"WebSite","@id":"https:\/\/truusk.store\/sv\/#website","url":"https:\/\/truusk.store\/sv\/","name":"TRUUSK - Hem, Tr\u00e4dg\u00e5rd & Fritid","description":"","publisher":{"@id":"https:\/\/truusk.store\/sv\/#organization"},"potentialAction":[{"@type":"SearchAction","target":{"@type":"EntryPoint","urlTemplate":"https:\/\/truusk.store\/sv\/?s={search_term_string}"},"query-input":{"@type":"PropertyValueSpecification","valueRequired":true,"valueName":"search_term_string"}}],"inLanguage":"sv-SE"},{"@type":"Organization","@id":"https:\/\/truusk.store\/sv\/#organization","name":"TRUUSK - Hem, Tr\u00e4dg\u00e5rd & Fritid","url":"https:\/\/truusk.store\/sv\/","logo":{"@type":"ImageObject","inLanguage":"sv-SE","@id":"https:\/\/truusk.store\/sv\/#\/schema\/logo\/image\/","url":"https:\/\/i0.wp.com\/truusk.store\/wp-content\/uploads\/2026\/03\/cropped-TRUUSK.png?fit=2032%2C917&ssl=1","contentUrl":"https:\/\/i0.wp.com\/truusk.store\/wp-content\/uploads\/2026\/03\/cropped-TRUUSK.png?fit=2032%2C917&ssl=1","width":2032,"height":917,"caption":"TRUUSK - Hem, Tr\u00e4dg\u00e5rd & Fritid"},"image":{"@id":"https:\/\/truusk.store\/sv\/#\/schema\/logo\/image\/"}}]}},"jetpack_sharing_enabled":true,"_links":{"self":[{"href":"https:\/\/truusk.store\/sv\/wp-json\/wp\/v2\/product\/93799","targetHints":{"allow":["GET"]}}],"collection":[{"href":"https:\/\/truusk.store\/sv\/wp-json\/wp\/v2\/product"}],"about":[{"href":"https:\/\/truusk.store\/sv\/wp-json\/wp\/v2\/types\/product"}],"wp:featuredmedia":[{"embeddable":true,"href":"https:\/\/truusk.store\/sv\/wp-json\/wp\/v2\/media\/93790"}],"wp:attachment":[{"href":"https:\/\/truusk.store\/sv\/wp-json\/wp\/v2\/media?parent=93799"}],"wp:term":[{"taxonomy":"product_brand","embeddable":true,"href":"https:\/\/truusk.store\/sv\/wp-json\/wp\/v2\/product_brand?post=93799"},{"taxonomy":"product_cat","embeddable":true,"href":"https:\/\/truusk.store\/sv\/wp-json\/wp\/v2\/product_cat?post=93799"},{"taxonomy":"product_tag","embeddable":true,"href":"https:\/\/truusk.store\/sv\/wp-json\/wp\/v2\/product_tag?post=93799"}],"curies":[{"name":"wp","href":"https:\/\/api.w.org\/{rel}","templated":true}]}}