{"id":93849,"date":"2025-10-24T04:27:11","date_gmt":"2025-10-24T03:27:11","guid":{"rendered":"https:\/\/truusk.store\/product\/4-i-1-fristaende-boxningssackstallning-160-230-cm-justerbar-hojd-rod\/"},"modified":"2026-03-12T09:41:27","modified_gmt":"2026-03-12T08:41:27","slug":"truusk-4-i-1-boxningsstallning-justerbar-hojd-160-230-cm-stabilt-stall-rod","status":"publish","type":"product","link":"https:\/\/truusk.store\/sv\/produkt\/truusk-4-i-1-boxningsstallning-justerbar-hojd-160-230-cm-stabilt-stall-rod\/","title":{"rendered":"TRUUSK 4-i-1 Boxningsst\u00e4llning &#8211; Justerbar H\u00f6jd 160-230 cm &#8211; Stabilt St\u00e4ll &#8211; R\u00f6d"},"content":{"rendered":"<p>V\u00e5r TRUUSK fyllda boxs\u00e4ck \u00e4r det optimala valet f\u00f6r boxningsfans och kroppsbyggare f\u00f6r att tr\u00e4na hemma eller p\u00e5 gymmet. Detta slagbollset kan f\u00f6rb\u00e4ttra din hand- och \u00f6gkoordination, snabbt studsar tillbaka, tr\u00e4nar reflexer och hj\u00e4lper till med muskeluppbyggnad. Den robusta basen har ocks\u00e5 utm\u00e4rkt stabilitet. Eftersom denna boxningsst\u00e4llning \u00e4r h\u00f6jdjusterbar, kan boxs\u00e4cken ocks\u00e5 uppfylla behoven hos de flesta ton\u00e5ringar och vuxna.<\/p>\n<p>Beskrivning:<\/p>\n<ul>\n<li> H\u00e5ller dig sportig och aktiv p\u00e5 ett underh\u00e5llande s\u00e4tt<\/li>\n<li> 4-i-1-funktion, kombination av tv\u00e5 hastighetsbollar, en reflexst\u00e5ng och en konstl\u00e4derboxs\u00e4ck<\/li>\n<li> H\u00f6jdjusterbar, str\u00e4cker sig fr\u00e5n 160 till 230 cm, idealisk f\u00f6r alla anv\u00e4ndningsh\u00f6jder<\/li>\n<li> Stabil HDPE-botten av st\u00e5ende boxs\u00e4ck kan fyllas med vatten eller sand<\/li>\n<li> Tillverkad av en st\u00e5lkonstruktion, inslagen i en mjuk konstl\u00e4derh\u00f6lje och med fasta s\u00f6mmar &#8211; l\u00e4mplig f\u00f6r kontinuerlig anv\u00e4ndning<\/li>\n<li> Detta slagbollset kan hj\u00e4lpa till att \u00f6ka din hj\u00e4rtfrekvens f\u00f6r en fantastisk tr\u00e4ning, samtidigt som det hj\u00e4lper dig att utveckla hastighet och precision i hand- och \u00f6gkoordination<\/li>\n<li> Montering kr\u00e4vs<\/li>\n<\/ul>\n<p>Tekniska data:<\/p>\n<ul>\n<li> F\u00e4rg: R\u00f6d<\/li>\n<li> Material: St\u00e5l, konstl\u00e4der, plast<\/li>\n<li> Totala m\u00e5tt: 88L x 50B x 160-230H cm<\/li>\n<li> Basdimension: \u00d850 x 27H cm<\/li>\n<li> H\u00f6jd p\u00e5 mittpunkten: (Speedball \u00f6ver marken) 120-190 cm<\/li>\n<li> Total l\u00e4ngd p\u00e5 st\u00e5ngen: 50 cm (Agility-st\u00e5ng)<\/li>\n<li> Basens b\u00e4rkapacitet: Sand 45 kg, vatten 30 kg, vatten-sandblandning 40 kg<\/li>\n<li> Obs: F\u00f6r att s\u00e4kerst\u00e4lla b\u00e4ttre anv\u00e4ndning rekommenderar vi att du fyller basen innan du installerar produkten<\/li>\n<\/ul>\n<p>Leveransinneh\u00e5ll:<\/p>\n<ul>\n<li> 1 x Boxset<\/li>\n<li> 1 x Instruktioner<\/li>\n<\/ul>\n","protected":false},"excerpt":{"rendered":"<p>V\u00e5r TRUUSK fyllda boxs\u00e4ck \u00e4r det optimala valet f\u00f6r boxningsfans och kroppsbyggare f\u00f6r att tr\u00e4na hemma eller p\u00e5 gymmet. Detta&#8230;<\/p>\n","protected":false},"featured_media":93840,"template":"","meta":[],"product_brand":[],"product_cat":[667,873,647],"product_tag":[],"class_list":{"0":"post-93849","1":"product","2":"type-product","3":"status-publish","4":"has-post-thumbnail","6":"product_cat-boxningssack","7":"product_cat-fitness-styrketraning","8":"product_cat-sport-fritid","10":"first","11":"instock","12":"sale","13":"taxable","14":"shipping-taxable","15":"purchasable","16":"product-type-simple"},"yoast_head":"<!-- This site is optimized with the Yoast SEO plugin v25.4 - https:\/\/yoast.com\/wordpress\/plugins\/seo\/ -->\n<title>TRUUSK 4-i-1 Boxningsst\u00e4llning - Justerbar H\u00f6jd 160-230 cm - Stabilt St\u00e4ll - R\u00f6d - TRUUSK - Hem, Tr\u00e4dg\u00e5rd &amp; Fritid<\/title>\n<meta name=\"robots\" content=\"index, follow, max-snippet:-1, max-image-preview:large, max-video-preview:-1\" \/>\n<link rel=\"canonical\" href=\"https:\/\/truusk.store\/sv\/produkt\/truusk-4-i-1-boxningsstallning-justerbar-hojd-160-230-cm-stabilt-stall-rod\/\" \/>\n<meta property=\"og:locale\" content=\"sv_SE\" \/>\n<meta property=\"og:type\" content=\"article\" \/>\n<meta property=\"og:title\" content=\"TRUUSK 4-i-1 Boxningsst\u00e4llning - Justerbar H\u00f6jd 160-230 cm - Stabilt St\u00e4ll - R\u00f6d - TRUUSK - Hem, Tr\u00e4dg\u00e5rd &amp; Fritid\" \/>\n<meta property=\"og:description\" content=\"V\u00e5r TRUUSK fyllda boxs\u00e4ck \u00e4r det optimala valet f\u00f6r boxningsfans och kroppsbyggare f\u00f6r att tr\u00e4na hemma eller p\u00e5 gymmet. Detta...\" \/>\n<meta property=\"og:url\" content=\"https:\/\/truusk.store\/sv\/produkt\/truusk-4-i-1-boxningsstallning-justerbar-hojd-160-230-cm-stabilt-stall-rod\/\" \/>\n<meta property=\"og:site_name\" content=\"TRUUSK - Hem, Tr\u00e4dg\u00e5rd &amp; Fritid\" \/>\n<meta property=\"article:modified_time\" content=\"2026-03-12T08:41:27+00:00\" \/>\n<meta property=\"og:image\" content=\"https:\/\/i0.wp.com\/truusk.se\/wp-content\/uploads\/2025\/10\/4-i-1-fristaende-boxningssackstallning-160-230-cm-justerbar-hojd-rod-1.webp?fit=2000%2C2000&ssl=1\" \/>\n\t<meta property=\"og:image:width\" content=\"2000\" \/>\n\t<meta property=\"og:image:height\" content=\"2000\" \/>\n\t<meta property=\"og:image:type\" content=\"image\/webp\" \/>\n<meta name=\"twitter:card\" content=\"summary_large_image\" \/>\n<meta name=\"twitter:label1\" content=\"Ber\u00e4knad l\u00e4stid\" \/>\n\t<meta name=\"twitter:data1\" content=\"1 minut\" \/>\n<!-- \/ Yoast SEO plugin. -->","yoast_head_json":{"title":"TRUUSK 4-i-1 Boxningsst\u00e4llning - Justerbar H\u00f6jd 160-230 cm - Stabilt St\u00e4ll - R\u00f6d - TRUUSK - Hem, Tr\u00e4dg\u00e5rd &amp; Fritid","robots":{"index":"index","follow":"follow","max-snippet":"max-snippet:-1","max-image-preview":"max-image-preview:large","max-video-preview":"max-video-preview:-1"},"canonical":"https:\/\/truusk.store\/sv\/produkt\/truusk-4-i-1-boxningsstallning-justerbar-hojd-160-230-cm-stabilt-stall-rod\/","og_locale":"sv_SE","og_type":"article","og_title":"TRUUSK 4-i-1 Boxningsst\u00e4llning - Justerbar H\u00f6jd 160-230 cm - Stabilt St\u00e4ll - R\u00f6d - TRUUSK - Hem, Tr\u00e4dg\u00e5rd &amp; Fritid","og_description":"V\u00e5r TRUUSK fyllda boxs\u00e4ck \u00e4r det optimala valet f\u00f6r boxningsfans och kroppsbyggare f\u00f6r att tr\u00e4na hemma eller p\u00e5 gymmet. Detta...","og_url":"https:\/\/truusk.store\/sv\/produkt\/truusk-4-i-1-boxningsstallning-justerbar-hojd-160-230-cm-stabilt-stall-rod\/","og_site_name":"TRUUSK - Hem, Tr\u00e4dg\u00e5rd &amp; Fritid","article_modified_time":"2026-03-12T08:41:27+00:00","og_image":[{"width":2000,"height":2000,"url":"https:\/\/i0.wp.com\/truusk.se\/wp-content\/uploads\/2025\/10\/4-i-1-fristaende-boxningssackstallning-160-230-cm-justerbar-hojd-rod-1.webp?fit=2000%2C2000&ssl=1","type":"image\/webp"}],"twitter_card":"summary_large_image","twitter_misc":{"Ber\u00e4knad l\u00e4stid":"1 minut"},"schema":{"@context":"https:\/\/schema.org","@graph":[{"@type":"WebPage","@id":"https:\/\/truusk.store\/sv\/produkt\/truusk-4-i-1-boxningsstallning-justerbar-hojd-160-230-cm-stabilt-stall-rod\/","url":"https:\/\/truusk.store\/sv\/produkt\/truusk-4-i-1-boxningsstallning-justerbar-hojd-160-230-cm-stabilt-stall-rod\/","name":"TRUUSK 4-i-1 Boxningsst\u00e4llning - Justerbar H\u00f6jd 160-230 cm - Stabilt St\u00e4ll - R\u00f6d - TRUUSK - Hem, Tr\u00e4dg\u00e5rd &amp; Fritid","isPartOf":{"@id":"https:\/\/truusk.store\/sv\/#website"},"primaryImageOfPage":{"@id":"https:\/\/truusk.store\/sv\/produkt\/truusk-4-i-1-boxningsstallning-justerbar-hojd-160-230-cm-stabilt-stall-rod\/#primaryimage"},"image":{"@id":"https:\/\/truusk.store\/sv\/produkt\/truusk-4-i-1-boxningsstallning-justerbar-hojd-160-230-cm-stabilt-stall-rod\/#primaryimage"},"thumbnailUrl":"https:\/\/i0.wp.com\/truusk.store\/wp-content\/uploads\/2025\/10\/4-i-1-fristaende-boxningssackstallning-160-230-cm-justerbar-hojd-rod-1.webp?fit=2000%2C2000&ssl=1","datePublished":"2025-10-24T03:27:11+00:00","dateModified":"2026-03-12T08:41:27+00:00","breadcrumb":{"@id":"https:\/\/truusk.store\/sv\/produkt\/truusk-4-i-1-boxningsstallning-justerbar-hojd-160-230-cm-stabilt-stall-rod\/#breadcrumb"},"inLanguage":"sv-SE","potentialAction":[{"@type":"ReadAction","target":["https:\/\/truusk.store\/sv\/produkt\/truusk-4-i-1-boxningsstallning-justerbar-hojd-160-230-cm-stabilt-stall-rod\/"]}]},{"@type":"ImageObject","inLanguage":"sv-SE","@id":"https:\/\/truusk.store\/sv\/produkt\/truusk-4-i-1-boxningsstallning-justerbar-hojd-160-230-cm-stabilt-stall-rod\/#primaryimage","url":"https:\/\/i0.wp.com\/truusk.store\/wp-content\/uploads\/2025\/10\/4-i-1-fristaende-boxningssackstallning-160-230-cm-justerbar-hojd-rod-1.webp?fit=2000%2C2000&ssl=1","contentUrl":"https:\/\/i0.wp.com\/truusk.store\/wp-content\/uploads\/2025\/10\/4-i-1-fristaende-boxningssackstallning-160-230-cm-justerbar-hojd-rod-1.webp?fit=2000%2C2000&ssl=1","width":2000,"height":2000},{"@type":"BreadcrumbList","@id":"https:\/\/truusk.store\/sv\/produkt\/truusk-4-i-1-boxningsstallning-justerbar-hojd-160-230-cm-stabilt-stall-rod\/#breadcrumb","itemListElement":[{"@type":"ListItem","position":1,"name":"Home","item":"https:\/\/truusk.store\/sv\/"},{"@type":"ListItem","position":2,"name":"Shop","item":"https:\/\/truusk.store\/shop\/"},{"@type":"ListItem","position":3,"name":"TRUUSK 4-i-1 Boxningsst\u00e4llning &#8211; Justerbar H\u00f6jd 160-230 cm &#8211; Stabilt St\u00e4ll &#8211; R\u00f6d"}]},{"@type":"WebSite","@id":"https:\/\/truusk.store\/sv\/#website","url":"https:\/\/truusk.store\/sv\/","name":"TRUUSK - Hem, Tr\u00e4dg\u00e5rd & Fritid","description":"","publisher":{"@id":"https:\/\/truusk.store\/sv\/#organization"},"potentialAction":[{"@type":"SearchAction","target":{"@type":"EntryPoint","urlTemplate":"https:\/\/truusk.store\/sv\/?s={search_term_string}"},"query-input":{"@type":"PropertyValueSpecification","valueRequired":true,"valueName":"search_term_string"}}],"inLanguage":"sv-SE"},{"@type":"Organization","@id":"https:\/\/truusk.store\/sv\/#organization","name":"TRUUSK - Hem, Tr\u00e4dg\u00e5rd & Fritid","url":"https:\/\/truusk.store\/sv\/","logo":{"@type":"ImageObject","inLanguage":"sv-SE","@id":"https:\/\/truusk.store\/sv\/#\/schema\/logo\/image\/","url":"https:\/\/i0.wp.com\/truusk.store\/wp-content\/uploads\/2026\/03\/cropped-TRUUSK.png?fit=2032%2C917&ssl=1","contentUrl":"https:\/\/i0.wp.com\/truusk.store\/wp-content\/uploads\/2026\/03\/cropped-TRUUSK.png?fit=2032%2C917&ssl=1","width":2032,"height":917,"caption":"TRUUSK - Hem, Tr\u00e4dg\u00e5rd & Fritid"},"image":{"@id":"https:\/\/truusk.store\/sv\/#\/schema\/logo\/image\/"}}]}},"jetpack_sharing_enabled":true,"_links":{"self":[{"href":"https:\/\/truusk.store\/sv\/wp-json\/wp\/v2\/product\/93849","targetHints":{"allow":["GET"]}}],"collection":[{"href":"https:\/\/truusk.store\/sv\/wp-json\/wp\/v2\/product"}],"about":[{"href":"https:\/\/truusk.store\/sv\/wp-json\/wp\/v2\/types\/product"}],"wp:featuredmedia":[{"embeddable":true,"href":"https:\/\/truusk.store\/sv\/wp-json\/wp\/v2\/media\/93840"}],"wp:attachment":[{"href":"https:\/\/truusk.store\/sv\/wp-json\/wp\/v2\/media?parent=93849"}],"wp:term":[{"taxonomy":"product_brand","embeddable":true,"href":"https:\/\/truusk.store\/sv\/wp-json\/wp\/v2\/product_brand?post=93849"},{"taxonomy":"product_cat","embeddable":true,"href":"https:\/\/truusk.store\/sv\/wp-json\/wp\/v2\/product_cat?post=93849"},{"taxonomy":"product_tag","embeddable":true,"href":"https:\/\/truusk.store\/sv\/wp-json\/wp\/v2\/product_tag?post=93849"}],"curies":[{"name":"wp","href":"https:\/\/api.w.org\/{rel}","templated":true}]}}