{"id":93859,"date":"2025-10-24T04:29:37","date_gmt":"2025-10-24T03:29:37","guid":{"rendered":"https:\/\/truusk.store\/product\/aiyaplay-inomhus-klatterstallning-7-i-1-klattringstriangel-med-rutschkana-klatterbage-flerfargad\/"},"modified":"2026-03-12T09:43:18","modified_gmt":"2026-03-12T08:43:18","slug":"truusk-inomhus-klatterstallning-7-i-1-med-rutschkana-klatterbage-flerfargad","status":"publish","type":"product","link":"https:\/\/truusk.store\/sv\/produkt\/truusk-inomhus-klatterstallning-7-i-1-med-rutschkana-klatterbage-flerfargad\/","title":{"rendered":"TRUUSK Inomhus Kl\u00e4tterst\u00e4llning &#8211; 7 I 1 Med Rutschkana &#8211; Kl\u00e4tterb\u00e5ge &#8211; Flerf\u00e4rgad"},"content":{"rendered":"<p>Sl\u00e4pp loss dina barns \u00e4ventyrsanda med AIYAPLAY Indoor kl\u00e4tterst\u00e4llning. Detta 7-i-1-set erbjuder m\u00e5ngsidiga lekm\u00f6jligheter, inklusive kl\u00e4ttringstriangel, kl\u00e4ttern\u00e4t och rutschbanor, och fr\u00e4mjar lekfull koordination och v\u00e4nskap. Tillverkad av s\u00e4kert furutr\u00e4, erbjuder kl\u00e4tterst\u00e4llningen bekymmersfri lekgl\u00e4dje och passar perfekt i alla rum.<\/p>\n<p>Beskrivning:<\/p>\n<ul>\n<li> Det 7-i-1-designen av inomhus kl\u00e4tterst\u00e4llningen erbjuder m\u00e5ngsidiga lekm\u00f6jligheter f\u00f6r barn<\/li>\n<li> Tillverkad av sl\u00e4t, flerskiktad furu, s\u00e4ker och h\u00e5llbar<\/li>\n<li> Den dubbelsidiga rutschbanan erbjuder en rutsch- och kl\u00e4tterfunktion<\/li>\n<li> Kl\u00e4tterb\u00e5gen kan anv\u00e4ndas som kl\u00e4tterst\u00e4llning eller gunga, fr\u00e4mjar balans och roligt<\/li>\n<li> Maximal b\u00e4rkapacitet f\u00f6r inomhus kl\u00e4tterst\u00e4llningen \u00e4r 50 kg, idealisk f\u00f6r tv\u00e5 barn samtidigt<\/li>\n<li> F\u00e4rgglada kl\u00e4tterstenar och tillbeh\u00f6r till kl\u00e4ttringstriangeln \u00f6kar barnens intresse och interaktion<\/li>\n<li> L\u00e4mplig f\u00f6r barn fr\u00e5n 18\u201348 m\u00e5nader, fr\u00e4mjar motorisk utveckling<\/li>\n<li> -Montering kr\u00e4vs<\/li>\n<\/ul>\n<p> Tekniska data:<\/p>\n<ul>\n<li> F\u00e4rg: Flerf\u00e4rgad<\/li>\n<li> Material: Furutr\u00e4, flerskiktsplatta<\/li>\n<li> Totala dimensioner: 168L x 62,5B x 57H cm<\/li>\n<li> B\u00e5ge: 90L x 52B x 45H cm<\/li>\n<li> Rampe: 88L x 36,5B cm<\/li>\n<li> Triangel-kl\u00e4tterst\u00e4llning: 62,5L x 65B x 57H cm<\/li>\n<li> Kl\u00e4ttersten: 8L x 5B x 1,5H cm<\/li>\n<li> Sands\u00e4ck: 5L x 5B cm<\/li>\n<li> Maximal belastning: 50 kg<\/li>\n<li> Certifierad \u00e5lder: 18+ m\u00e5nader<\/li>\n<li> Rekommenderad \u00e5lder: 18-48 m\u00e5nader<\/li>\n<\/ul>\n<p> Leverans inneh\u00e5ller:<\/p>\n<ul>\n<li> 1 x kl\u00e4tterst\u00e4llning f\u00f6r barn<\/li>\n<li> 1 x bruksanvisning<\/li>\n<\/ul>\n","protected":false},"excerpt":{"rendered":"<p>Sl\u00e4pp loss dina barns \u00e4ventyrsanda med AIYAPLAY Indoor kl\u00e4tterst\u00e4llning. Detta 7-i-1-set erbjuder m\u00e5ngsidiga lekm\u00f6jligheter, inklusive kl\u00e4ttringstriangel, kl\u00e4ttern\u00e4t och rutschbanor, och&#8230;<\/p>\n","protected":false},"featured_media":93850,"template":"","meta":[],"product_brand":[],"product_cat":[880,918],"product_tag":[],"class_list":{"0":"post-93859","1":"product","2":"type-product","3":"status-publish","4":"has-post-thumbnail","6":"product_cat-baby-barn-2","7":"product_cat-leksaker","9":"first","10":"instock","11":"sale","12":"taxable","13":"shipping-taxable","14":"purchasable","15":"product-type-simple"},"yoast_head":"<!-- This site is optimized with the Yoast SEO plugin v25.4 - https:\/\/yoast.com\/wordpress\/plugins\/seo\/ -->\n<title>TRUUSK Inomhus Kl\u00e4tterst\u00e4llning - 7 I 1 Med Rutschkana - Kl\u00e4tterb\u00e5ge - Flerf\u00e4rgad - TRUUSK - Hem, Tr\u00e4dg\u00e5rd &amp; Fritid<\/title>\n<meta name=\"robots\" content=\"index, follow, max-snippet:-1, max-image-preview:large, max-video-preview:-1\" \/>\n<link rel=\"canonical\" href=\"https:\/\/truusk.store\/sv\/produkt\/truusk-inomhus-klatterstallning-7-i-1-med-rutschkana-klatterbage-flerfargad\/\" \/>\n<meta property=\"og:locale\" content=\"sv_SE\" \/>\n<meta property=\"og:type\" content=\"article\" \/>\n<meta property=\"og:title\" content=\"TRUUSK Inomhus Kl\u00e4tterst\u00e4llning - 7 I 1 Med Rutschkana - Kl\u00e4tterb\u00e5ge - Flerf\u00e4rgad - TRUUSK - Hem, Tr\u00e4dg\u00e5rd &amp; Fritid\" \/>\n<meta property=\"og:description\" content=\"Sl\u00e4pp loss dina barns \u00e4ventyrsanda med AIYAPLAY Indoor kl\u00e4tterst\u00e4llning. Detta 7-i-1-set erbjuder m\u00e5ngsidiga lekm\u00f6jligheter, inklusive kl\u00e4ttringstriangel, kl\u00e4ttern\u00e4t och rutschbanor, och...\" \/>\n<meta property=\"og:url\" content=\"https:\/\/truusk.store\/sv\/produkt\/truusk-inomhus-klatterstallning-7-i-1-med-rutschkana-klatterbage-flerfargad\/\" \/>\n<meta property=\"og:site_name\" content=\"TRUUSK - Hem, Tr\u00e4dg\u00e5rd &amp; Fritid\" \/>\n<meta property=\"article:modified_time\" content=\"2026-03-12T08:43:18+00:00\" \/>\n<meta property=\"og:image\" content=\"https:\/\/i0.wp.com\/truusk.se\/wp-content\/uploads\/2025\/10\/aiyaplay-inomhus-klatterstallning-7-i-1-klattringstriangel-med-rutschkana-klatterbage-flerfargad-1.webp?fit=2000%2C2000&ssl=1\" \/>\n\t<meta property=\"og:image:width\" content=\"2000\" \/>\n\t<meta property=\"og:image:height\" content=\"2000\" \/>\n\t<meta property=\"og:image:type\" content=\"image\/webp\" \/>\n<meta name=\"twitter:card\" content=\"summary_large_image\" \/>\n<meta name=\"twitter:label1\" content=\"Ber\u00e4knad l\u00e4stid\" \/>\n\t<meta name=\"twitter:data1\" content=\"1 minut\" \/>\n<!-- \/ Yoast SEO plugin. -->","yoast_head_json":{"title":"TRUUSK Inomhus Kl\u00e4tterst\u00e4llning - 7 I 1 Med Rutschkana - Kl\u00e4tterb\u00e5ge - Flerf\u00e4rgad - TRUUSK - Hem, Tr\u00e4dg\u00e5rd &amp; Fritid","robots":{"index":"index","follow":"follow","max-snippet":"max-snippet:-1","max-image-preview":"max-image-preview:large","max-video-preview":"max-video-preview:-1"},"canonical":"https:\/\/truusk.store\/sv\/produkt\/truusk-inomhus-klatterstallning-7-i-1-med-rutschkana-klatterbage-flerfargad\/","og_locale":"sv_SE","og_type":"article","og_title":"TRUUSK Inomhus Kl\u00e4tterst\u00e4llning - 7 I 1 Med Rutschkana - Kl\u00e4tterb\u00e5ge - Flerf\u00e4rgad - TRUUSK - Hem, Tr\u00e4dg\u00e5rd &amp; Fritid","og_description":"Sl\u00e4pp loss dina barns \u00e4ventyrsanda med AIYAPLAY Indoor kl\u00e4tterst\u00e4llning. Detta 7-i-1-set erbjuder m\u00e5ngsidiga lekm\u00f6jligheter, inklusive kl\u00e4ttringstriangel, kl\u00e4ttern\u00e4t och rutschbanor, och...","og_url":"https:\/\/truusk.store\/sv\/produkt\/truusk-inomhus-klatterstallning-7-i-1-med-rutschkana-klatterbage-flerfargad\/","og_site_name":"TRUUSK - Hem, Tr\u00e4dg\u00e5rd &amp; Fritid","article_modified_time":"2026-03-12T08:43:18+00:00","og_image":[{"width":2000,"height":2000,"url":"https:\/\/i0.wp.com\/truusk.se\/wp-content\/uploads\/2025\/10\/aiyaplay-inomhus-klatterstallning-7-i-1-klattringstriangel-med-rutschkana-klatterbage-flerfargad-1.webp?fit=2000%2C2000&ssl=1","type":"image\/webp"}],"twitter_card":"summary_large_image","twitter_misc":{"Ber\u00e4knad l\u00e4stid":"1 minut"},"schema":{"@context":"https:\/\/schema.org","@graph":[{"@type":"WebPage","@id":"https:\/\/truusk.store\/sv\/produkt\/truusk-inomhus-klatterstallning-7-i-1-med-rutschkana-klatterbage-flerfargad\/","url":"https:\/\/truusk.store\/sv\/produkt\/truusk-inomhus-klatterstallning-7-i-1-med-rutschkana-klatterbage-flerfargad\/","name":"TRUUSK Inomhus Kl\u00e4tterst\u00e4llning - 7 I 1 Med Rutschkana - Kl\u00e4tterb\u00e5ge - Flerf\u00e4rgad - TRUUSK - Hem, Tr\u00e4dg\u00e5rd &amp; Fritid","isPartOf":{"@id":"https:\/\/truusk.store\/sv\/#website"},"primaryImageOfPage":{"@id":"https:\/\/truusk.store\/sv\/produkt\/truusk-inomhus-klatterstallning-7-i-1-med-rutschkana-klatterbage-flerfargad\/#primaryimage"},"image":{"@id":"https:\/\/truusk.store\/sv\/produkt\/truusk-inomhus-klatterstallning-7-i-1-med-rutschkana-klatterbage-flerfargad\/#primaryimage"},"thumbnailUrl":"https:\/\/i0.wp.com\/truusk.store\/wp-content\/uploads\/2025\/10\/aiyaplay-inomhus-klatterstallning-7-i-1-klattringstriangel-med-rutschkana-klatterbage-flerfargad-1.webp?fit=2000%2C2000&ssl=1","datePublished":"2025-10-24T03:29:37+00:00","dateModified":"2026-03-12T08:43:18+00:00","breadcrumb":{"@id":"https:\/\/truusk.store\/sv\/produkt\/truusk-inomhus-klatterstallning-7-i-1-med-rutschkana-klatterbage-flerfargad\/#breadcrumb"},"inLanguage":"sv-SE","potentialAction":[{"@type":"ReadAction","target":["https:\/\/truusk.store\/sv\/produkt\/truusk-inomhus-klatterstallning-7-i-1-med-rutschkana-klatterbage-flerfargad\/"]}]},{"@type":"ImageObject","inLanguage":"sv-SE","@id":"https:\/\/truusk.store\/sv\/produkt\/truusk-inomhus-klatterstallning-7-i-1-med-rutschkana-klatterbage-flerfargad\/#primaryimage","url":"https:\/\/i0.wp.com\/truusk.store\/wp-content\/uploads\/2025\/10\/aiyaplay-inomhus-klatterstallning-7-i-1-klattringstriangel-med-rutschkana-klatterbage-flerfargad-1.webp?fit=2000%2C2000&ssl=1","contentUrl":"https:\/\/i0.wp.com\/truusk.store\/wp-content\/uploads\/2025\/10\/aiyaplay-inomhus-klatterstallning-7-i-1-klattringstriangel-med-rutschkana-klatterbage-flerfargad-1.webp?fit=2000%2C2000&ssl=1","width":2000,"height":2000},{"@type":"BreadcrumbList","@id":"https:\/\/truusk.store\/sv\/produkt\/truusk-inomhus-klatterstallning-7-i-1-med-rutschkana-klatterbage-flerfargad\/#breadcrumb","itemListElement":[{"@type":"ListItem","position":1,"name":"Home","item":"https:\/\/truusk.store\/sv\/"},{"@type":"ListItem","position":2,"name":"Shop","item":"https:\/\/truusk.store\/shop\/"},{"@type":"ListItem","position":3,"name":"TRUUSK Inomhus Kl\u00e4tterst\u00e4llning &#8211; 7 I 1 Med Rutschkana &#8211; Kl\u00e4tterb\u00e5ge &#8211; Flerf\u00e4rgad"}]},{"@type":"WebSite","@id":"https:\/\/truusk.store\/sv\/#website","url":"https:\/\/truusk.store\/sv\/","name":"TRUUSK - Hem, Tr\u00e4dg\u00e5rd & Fritid","description":"","publisher":{"@id":"https:\/\/truusk.store\/sv\/#organization"},"potentialAction":[{"@type":"SearchAction","target":{"@type":"EntryPoint","urlTemplate":"https:\/\/truusk.store\/sv\/?s={search_term_string}"},"query-input":{"@type":"PropertyValueSpecification","valueRequired":true,"valueName":"search_term_string"}}],"inLanguage":"sv-SE"},{"@type":"Organization","@id":"https:\/\/truusk.store\/sv\/#organization","name":"TRUUSK - Hem, Tr\u00e4dg\u00e5rd & Fritid","url":"https:\/\/truusk.store\/sv\/","logo":{"@type":"ImageObject","inLanguage":"sv-SE","@id":"https:\/\/truusk.store\/sv\/#\/schema\/logo\/image\/","url":"https:\/\/i0.wp.com\/truusk.store\/wp-content\/uploads\/2026\/03\/cropped-TRUUSK.png?fit=2032%2C917&ssl=1","contentUrl":"https:\/\/i0.wp.com\/truusk.store\/wp-content\/uploads\/2026\/03\/cropped-TRUUSK.png?fit=2032%2C917&ssl=1","width":2032,"height":917,"caption":"TRUUSK - Hem, Tr\u00e4dg\u00e5rd & Fritid"},"image":{"@id":"https:\/\/truusk.store\/sv\/#\/schema\/logo\/image\/"}}]}},"jetpack_sharing_enabled":true,"_links":{"self":[{"href":"https:\/\/truusk.store\/sv\/wp-json\/wp\/v2\/product\/93859","targetHints":{"allow":["GET"]}}],"collection":[{"href":"https:\/\/truusk.store\/sv\/wp-json\/wp\/v2\/product"}],"about":[{"href":"https:\/\/truusk.store\/sv\/wp-json\/wp\/v2\/types\/product"}],"wp:featuredmedia":[{"embeddable":true,"href":"https:\/\/truusk.store\/sv\/wp-json\/wp\/v2\/media\/93850"}],"wp:attachment":[{"href":"https:\/\/truusk.store\/sv\/wp-json\/wp\/v2\/media?parent=93859"}],"wp:term":[{"taxonomy":"product_brand","embeddable":true,"href":"https:\/\/truusk.store\/sv\/wp-json\/wp\/v2\/product_brand?post=93859"},{"taxonomy":"product_cat","embeddable":true,"href":"https:\/\/truusk.store\/sv\/wp-json\/wp\/v2\/product_cat?post=93859"},{"taxonomy":"product_tag","embeddable":true,"href":"https:\/\/truusk.store\/sv\/wp-json\/wp\/v2\/product_tag?post=93859"}],"curies":[{"name":"wp","href":"https:\/\/api.w.org\/{rel}","templated":true}]}}