{"id":93882,"date":"2025-10-24T04:33:25","date_gmt":"2025-10-24T03:33:25","guid":{"rendered":"https:\/\/truusk.store\/product\/3-stegs-koksvagn-pa-hjul-rullbar-serveringsvagn-kokstrolley-med-3-stalkorgar-serveringsvagn\/"},"modified":"2026-03-12T08:40:47","modified_gmt":"2026-03-12T07:40:47","slug":"truusk-3-stegs-koksvagn-pa-hjul-rullbar-serveringsvagn-med-3-stalkorgar-praktisk-och-stilren-perfekt-for-koket-svart","status":"publish","type":"product","link":"https:\/\/truusk.store\/sv\/produkt\/truusk-3-stegs-koksvagn-pa-hjul-rullbar-serveringsvagn-med-3-stalkorgar-praktisk-och-stilren-perfekt-for-koket-svart\/","title":{"rendered":"TRUUSK 3-stegs K\u00f6ksvagn P\u00e5 Hjul &#8211; Rullbar Serveringsvagn &#8211; Med 3 St\u00e5lkorgar &#8211; Praktisk och Stilren &#8211; Perfekt f\u00f6r K\u00f6ket &#8211; Svart"},"content":{"rendered":"<p>Optimera ditt k\u00f6k med TRUUSK sidovagn med hjul! Denna praktiska sidovagn med hjul har tre utdragbara korgar och en gener\u00f6s arbetsyta &#8211; perfekt f\u00f6r att f\u00f6rbereda och sortera mat. Tack vare de fyra konstl\u00e4derhjulen \u00e4r den l\u00e4tt att flytta, tv\u00e5 av dem kan l\u00e5sas f\u00f6r stabil st\u00e5ende position. Idealisk f\u00f6r daglig anv\u00e4ndning eller n\u00e4sta fest med v\u00e4nner och familj!<\/p>\n<p>Beskrivning:<\/p>\n<ul>\n<li> Flera korgar kan sorteras och lagras \u00f6versk\u00e5dligt<\/li>\n<li> Fyra hjul p\u00e5 k\u00f6ksvagnen underl\u00e4ttar r\u00f6relse, tv\u00e5 av dem \u00e4r utrustade med bromsar<\/li>\n<li> Handtaget p\u00e5 k\u00f6ksvagnen med hjul ger bekv\u00e4m mobilitet<\/li>\n<li> Pulverlackerad st\u00e5lram och MDF-platta \u00f6kar h\u00e5llbarheten<\/li>\n<li> Elegant och stilfull look<\/li>\n<li> Montering kr\u00e4vs<\/li>\n<\/ul>\n<p> Tekniska data:<\/p>\n<ul>\n<li> F\u00e4rg: Ljusgr\u00e5 + Svart<\/li>\n<li> Material: St\u00e5l, MDF<\/li>\n<li> Totala dimensioner: 49,5B x 31T x 69H cm<\/li>\n<li> Ytstorlek: 43B x 31T cm<\/li>\n<li> Storlek p\u00e5 f\u00f6rvaringskorg: 34B x 30T x 10H cm<\/li>\n<li> Avst\u00e5nd fr\u00e5n botten till golvet: 8 cm<\/li>\n<li> B\u00e4rkapacitet: 19 kg (totalt), 10 kg (\u00f6vre), 3 kg (korg)<\/li>\n<\/ul>\n<p> Leveransinneh\u00e5ll:<\/p>\n<ul>\n<li> 1 x K\u00f6ksvagn<\/li>\n<li> 1 x Bruksanvisning<\/li>\n<\/ul>\n","protected":false},"excerpt":{"rendered":"<p>Optimera ditt k\u00f6k med TRUUSK sidovagn med hjul! Denna praktiska sidovagn med hjul har tre utdragbara korgar och en gener\u00f6s&#8230;<\/p>\n","protected":false},"featured_media":93870,"template":"","meta":[],"product_brand":[],"product_cat":[871,889,1017],"product_tag":[],"class_list":{"0":"post-93882","1":"product","2":"type-product","3":"status-publish","4":"has-post-thumbnail","6":"product_cat-hus-hem","7":"product_cat-kok-matsal","8":"product_cat-koksoar","10":"first","11":"instock","12":"sale","13":"taxable","14":"shipping-taxable","15":"purchasable","16":"product-type-simple"},"yoast_head":"<!-- This site is optimized with the Yoast SEO plugin v25.4 - https:\/\/yoast.com\/wordpress\/plugins\/seo\/ -->\n<title>TRUUSK 3-stegs K\u00f6ksvagn P\u00e5 Hjul - Rullbar Serveringsvagn - Med 3 St\u00e5lkorgar - Praktisk och Stilren - Perfekt f\u00f6r K\u00f6ket - Svart - TRUUSK - Hem, Tr\u00e4dg\u00e5rd &amp; Fritid<\/title>\n<meta name=\"robots\" content=\"index, follow, max-snippet:-1, max-image-preview:large, max-video-preview:-1\" \/>\n<link rel=\"canonical\" href=\"https:\/\/truusk.store\/sv\/produkt\/truusk-3-stegs-koksvagn-pa-hjul-rullbar-serveringsvagn-med-3-stalkorgar-praktisk-och-stilren-perfekt-for-koket-svart\/\" \/>\n<meta property=\"og:locale\" content=\"sv_SE\" \/>\n<meta property=\"og:type\" content=\"article\" \/>\n<meta property=\"og:title\" content=\"TRUUSK 3-stegs K\u00f6ksvagn P\u00e5 Hjul - Rullbar Serveringsvagn - Med 3 St\u00e5lkorgar - Praktisk och Stilren - Perfekt f\u00f6r K\u00f6ket - Svart - TRUUSK - Hem, Tr\u00e4dg\u00e5rd &amp; Fritid\" \/>\n<meta property=\"og:description\" content=\"Optimera ditt k\u00f6k med TRUUSK sidovagn med hjul! Denna praktiska sidovagn med hjul har tre utdragbara korgar och en gener\u00f6s...\" \/>\n<meta property=\"og:url\" content=\"https:\/\/truusk.store\/sv\/produkt\/truusk-3-stegs-koksvagn-pa-hjul-rullbar-serveringsvagn-med-3-stalkorgar-praktisk-och-stilren-perfekt-for-koket-svart\/\" \/>\n<meta property=\"og:site_name\" content=\"TRUUSK - Hem, Tr\u00e4dg\u00e5rd &amp; Fritid\" \/>\n<meta property=\"article:modified_time\" content=\"2026-03-12T07:40:47+00:00\" \/>\n<meta property=\"og:image\" content=\"https:\/\/i0.wp.com\/truusk.se\/wp-content\/uploads\/2025\/10\/3-stegs-koksvagn-pa-hjul-rullbar-serveringsvagn-kokstrolley-med-3-stalkorgar-serveringsvagn-1.webp?fit=2000%2C2000&ssl=1\" \/>\n\t<meta property=\"og:image:width\" content=\"2000\" \/>\n\t<meta property=\"og:image:height\" content=\"2000\" \/>\n\t<meta property=\"og:image:type\" content=\"image\/webp\" \/>\n<meta name=\"twitter:card\" content=\"summary_large_image\" \/>\n<meta name=\"twitter:label1\" content=\"Ber\u00e4knad l\u00e4stid\" \/>\n\t<meta name=\"twitter:data1\" content=\"1 minut\" \/>\n<!-- \/ Yoast SEO plugin. -->","yoast_head_json":{"title":"TRUUSK 3-stegs K\u00f6ksvagn P\u00e5 Hjul - Rullbar Serveringsvagn - Med 3 St\u00e5lkorgar - Praktisk och Stilren - Perfekt f\u00f6r K\u00f6ket - Svart - TRUUSK - Hem, Tr\u00e4dg\u00e5rd &amp; Fritid","robots":{"index":"index","follow":"follow","max-snippet":"max-snippet:-1","max-image-preview":"max-image-preview:large","max-video-preview":"max-video-preview:-1"},"canonical":"https:\/\/truusk.store\/sv\/produkt\/truusk-3-stegs-koksvagn-pa-hjul-rullbar-serveringsvagn-med-3-stalkorgar-praktisk-och-stilren-perfekt-for-koket-svart\/","og_locale":"sv_SE","og_type":"article","og_title":"TRUUSK 3-stegs K\u00f6ksvagn P\u00e5 Hjul - Rullbar Serveringsvagn - Med 3 St\u00e5lkorgar - Praktisk och Stilren - Perfekt f\u00f6r K\u00f6ket - Svart - TRUUSK - Hem, Tr\u00e4dg\u00e5rd &amp; Fritid","og_description":"Optimera ditt k\u00f6k med TRUUSK sidovagn med hjul! Denna praktiska sidovagn med hjul har tre utdragbara korgar och en gener\u00f6s...","og_url":"https:\/\/truusk.store\/sv\/produkt\/truusk-3-stegs-koksvagn-pa-hjul-rullbar-serveringsvagn-med-3-stalkorgar-praktisk-och-stilren-perfekt-for-koket-svart\/","og_site_name":"TRUUSK - Hem, Tr\u00e4dg\u00e5rd &amp; Fritid","article_modified_time":"2026-03-12T07:40:47+00:00","og_image":[{"width":2000,"height":2000,"url":"https:\/\/i0.wp.com\/truusk.se\/wp-content\/uploads\/2025\/10\/3-stegs-koksvagn-pa-hjul-rullbar-serveringsvagn-kokstrolley-med-3-stalkorgar-serveringsvagn-1.webp?fit=2000%2C2000&ssl=1","type":"image\/webp"}],"twitter_card":"summary_large_image","twitter_misc":{"Ber\u00e4knad l\u00e4stid":"1 minut"},"schema":{"@context":"https:\/\/schema.org","@graph":[{"@type":"WebPage","@id":"https:\/\/truusk.store\/sv\/produkt\/truusk-3-stegs-koksvagn-pa-hjul-rullbar-serveringsvagn-med-3-stalkorgar-praktisk-och-stilren-perfekt-for-koket-svart\/","url":"https:\/\/truusk.store\/sv\/produkt\/truusk-3-stegs-koksvagn-pa-hjul-rullbar-serveringsvagn-med-3-stalkorgar-praktisk-och-stilren-perfekt-for-koket-svart\/","name":"TRUUSK 3-stegs K\u00f6ksvagn P\u00e5 Hjul - Rullbar Serveringsvagn - Med 3 St\u00e5lkorgar - Praktisk och Stilren - Perfekt f\u00f6r K\u00f6ket - Svart - TRUUSK - Hem, Tr\u00e4dg\u00e5rd &amp; Fritid","isPartOf":{"@id":"https:\/\/truusk.store\/sv\/#website"},"primaryImageOfPage":{"@id":"https:\/\/truusk.store\/sv\/produkt\/truusk-3-stegs-koksvagn-pa-hjul-rullbar-serveringsvagn-med-3-stalkorgar-praktisk-och-stilren-perfekt-for-koket-svart\/#primaryimage"},"image":{"@id":"https:\/\/truusk.store\/sv\/produkt\/truusk-3-stegs-koksvagn-pa-hjul-rullbar-serveringsvagn-med-3-stalkorgar-praktisk-och-stilren-perfekt-for-koket-svart\/#primaryimage"},"thumbnailUrl":"https:\/\/i0.wp.com\/truusk.store\/wp-content\/uploads\/2025\/10\/3-stegs-koksvagn-pa-hjul-rullbar-serveringsvagn-kokstrolley-med-3-stalkorgar-serveringsvagn-1.webp?fit=2000%2C2000&ssl=1","datePublished":"2025-10-24T03:33:25+00:00","dateModified":"2026-03-12T07:40:47+00:00","breadcrumb":{"@id":"https:\/\/truusk.store\/sv\/produkt\/truusk-3-stegs-koksvagn-pa-hjul-rullbar-serveringsvagn-med-3-stalkorgar-praktisk-och-stilren-perfekt-for-koket-svart\/#breadcrumb"},"inLanguage":"sv-SE","potentialAction":[{"@type":"ReadAction","target":["https:\/\/truusk.store\/sv\/produkt\/truusk-3-stegs-koksvagn-pa-hjul-rullbar-serveringsvagn-med-3-stalkorgar-praktisk-och-stilren-perfekt-for-koket-svart\/"]}]},{"@type":"ImageObject","inLanguage":"sv-SE","@id":"https:\/\/truusk.store\/sv\/produkt\/truusk-3-stegs-koksvagn-pa-hjul-rullbar-serveringsvagn-med-3-stalkorgar-praktisk-och-stilren-perfekt-for-koket-svart\/#primaryimage","url":"https:\/\/i0.wp.com\/truusk.store\/wp-content\/uploads\/2025\/10\/3-stegs-koksvagn-pa-hjul-rullbar-serveringsvagn-kokstrolley-med-3-stalkorgar-serveringsvagn-1.webp?fit=2000%2C2000&ssl=1","contentUrl":"https:\/\/i0.wp.com\/truusk.store\/wp-content\/uploads\/2025\/10\/3-stegs-koksvagn-pa-hjul-rullbar-serveringsvagn-kokstrolley-med-3-stalkorgar-serveringsvagn-1.webp?fit=2000%2C2000&ssl=1","width":2000,"height":2000},{"@type":"BreadcrumbList","@id":"https:\/\/truusk.store\/sv\/produkt\/truusk-3-stegs-koksvagn-pa-hjul-rullbar-serveringsvagn-med-3-stalkorgar-praktisk-och-stilren-perfekt-for-koket-svart\/#breadcrumb","itemListElement":[{"@type":"ListItem","position":1,"name":"Home","item":"https:\/\/truusk.store\/sv\/"},{"@type":"ListItem","position":2,"name":"Shop","item":"https:\/\/truusk.store\/shop\/"},{"@type":"ListItem","position":3,"name":"TRUUSK 3-stegs K\u00f6ksvagn P\u00e5 Hjul &#8211; Rullbar Serveringsvagn &#8211; Med 3 St\u00e5lkorgar &#8211; Praktisk och Stilren &#8211; Perfekt f\u00f6r K\u00f6ket &#8211; Svart"}]},{"@type":"WebSite","@id":"https:\/\/truusk.store\/sv\/#website","url":"https:\/\/truusk.store\/sv\/","name":"TRUUSK - Hem, Tr\u00e4dg\u00e5rd & Fritid","description":"","publisher":{"@id":"https:\/\/truusk.store\/sv\/#organization"},"potentialAction":[{"@type":"SearchAction","target":{"@type":"EntryPoint","urlTemplate":"https:\/\/truusk.store\/sv\/?s={search_term_string}"},"query-input":{"@type":"PropertyValueSpecification","valueRequired":true,"valueName":"search_term_string"}}],"inLanguage":"sv-SE"},{"@type":"Organization","@id":"https:\/\/truusk.store\/sv\/#organization","name":"TRUUSK - Hem, Tr\u00e4dg\u00e5rd & Fritid","url":"https:\/\/truusk.store\/sv\/","logo":{"@type":"ImageObject","inLanguage":"sv-SE","@id":"https:\/\/truusk.store\/sv\/#\/schema\/logo\/image\/","url":"https:\/\/i0.wp.com\/truusk.store\/wp-content\/uploads\/2026\/03\/cropped-TRUUSK.png?fit=2032%2C917&ssl=1","contentUrl":"https:\/\/i0.wp.com\/truusk.store\/wp-content\/uploads\/2026\/03\/cropped-TRUUSK.png?fit=2032%2C917&ssl=1","width":2032,"height":917,"caption":"TRUUSK - Hem, Tr\u00e4dg\u00e5rd & Fritid"},"image":{"@id":"https:\/\/truusk.store\/sv\/#\/schema\/logo\/image\/"}}]}},"jetpack_sharing_enabled":true,"_links":{"self":[{"href":"https:\/\/truusk.store\/sv\/wp-json\/wp\/v2\/product\/93882","targetHints":{"allow":["GET"]}}],"collection":[{"href":"https:\/\/truusk.store\/sv\/wp-json\/wp\/v2\/product"}],"about":[{"href":"https:\/\/truusk.store\/sv\/wp-json\/wp\/v2\/types\/product"}],"wp:featuredmedia":[{"embeddable":true,"href":"https:\/\/truusk.store\/sv\/wp-json\/wp\/v2\/media\/93870"}],"wp:attachment":[{"href":"https:\/\/truusk.store\/sv\/wp-json\/wp\/v2\/media?parent=93882"}],"wp:term":[{"taxonomy":"product_brand","embeddable":true,"href":"https:\/\/truusk.store\/sv\/wp-json\/wp\/v2\/product_brand?post=93882"},{"taxonomy":"product_cat","embeddable":true,"href":"https:\/\/truusk.store\/sv\/wp-json\/wp\/v2\/product_cat?post=93882"},{"taxonomy":"product_tag","embeddable":true,"href":"https:\/\/truusk.store\/sv\/wp-json\/wp\/v2\/product_tag?post=93882"}],"curies":[{"name":"wp","href":"https:\/\/api.w.org\/{rel}","templated":true}]}}