{"id":93929,"date":"2025-10-24T04:40:40","date_gmt":"2025-10-24T03:40:40","guid":{"rendered":"https:\/\/truusk.store\/product\/konstgjord-julgran-150cm-julgran-med-sno-1162-grenar-hopfallbart-metallstall\/"},"modified":"2026-03-12T08:46:53","modified_gmt":"2026-03-12T07:46:53","slug":"truusk-konstgjord-julgran-150cm-med-snoeffekt-1162-grenar-hopfallbart-metallstall-juldekoration-julgran-for-hemmet","status":"publish","type":"product","link":"https:\/\/truusk.store\/sv\/produkt\/truusk-konstgjord-julgran-150cm-med-snoeffekt-1162-grenar-hopfallbart-metallstall-juldekoration-julgran-for-hemmet\/","title":{"rendered":"TRUUSK Konstgjord Julgran, 150cm &#8211; Med Sn\u00f6effekt &#8211; 1162 Grenar &#8211; Hopf\u00e4llbart Metallst\u00e4ll &#8211; Juldekoration &#8211; Julgran f\u00f6r Hemmet &#8211;"},"content":{"rendered":"<p>St\u00f6rd av de \u00e5rliga utmaningarna med kala, komplexa tr\u00e4d? Ta hem magin av en sn\u00f6t\u00e4ckt skog utan besv\u00e4r denna h\u00f6gtid. TRUUSK julgranen vecklas snabbt ut till en storslagen syn med sn\u00f6flingade grenar, perfekt f\u00f6r dina mest \u00e4lskade smycken. Med sin tredelade design \u00e4r julgranen uppr\u00e4ttad p\u00e5 bara n\u00e5gra minuter, vilket ger mer tid att njuta av den festliga st\u00e4mningen med dina n\u00e4ra och k\u00e4ra.<\/p>\n<p>Beskrivning:<\/p>\n<ul>\n<li> Flockad talltr\u00e4dsform, fullt utseende<\/li>\n<li> Julgranen har en h\u00f6g andel formade blad f\u00f6r ett realistiskt utseende som knappast beh\u00f6ver formning<\/li>\n<li> F\u00e4llbara grenar och en tredelad design av julgranen m\u00f6jligg\u00f6r en snabb, anstr\u00e4ngningsl\u00f6s uppbyggnad<\/li>\n<li> Tillverkad av flams\u00e4kert material f\u00f6r att garantera en s\u00e4ker s\u00e4song f\u00f6r din familj<\/li>\n<li> En stabil, f\u00e4llbar metallfot p\u00e5 julgranen f\u00f6rhindrar att den v\u00e4lter och s\u00e4kerst\u00e4ller d\u00e4rmed s\u00e4kerheten i hemmet<\/li>\n<\/ul>\n<p>Tekniska data:<\/p>\n<ul>\n<li> F\u00e4rg: Gr\u00f6n+Vit<\/li>\n<li> Material: Plast, Metall<\/li>\n<li> Tr\u00e4dstyp: Flockad tall<\/li>\n<li> Totala dimensioner: \u00d893 x 150H cm<\/li>\n<li> Antal toppar: 1162<\/li>\n<li> Basstorlek: \u00d845 cm<\/li>\n<li> Rekommenderad formningstid: 15-20 minuter.<\/li>\n<\/ul>\n<p>Inneh\u00e5ll:<\/p>\n<ul>\n<li> 1 x Julgran<\/li>\n<li> 1 x Bruksanvisning<\/li>\n<\/ul>\n","protected":false},"excerpt":{"rendered":"<p>St\u00f6rd av de \u00e5rliga utmaningarna med kala, komplexa tr\u00e4d? Ta hem magin av en sn\u00f6t\u00e4ckt skog utan besv\u00e4r denna h\u00f6gtid&#8230;.<\/p>\n","protected":false},"featured_media":93918,"template":"","meta":[],"product_brand":[],"product_cat":[706,1096,894],"product_tag":[],"class_list":{"0":"post-93929","1":"product","2":"type-product","3":"status-publish","4":"has-post-thumbnail","6":"product_cat-julgranar","7":"product_cat-julgranar-upp-till-150cm","8":"product_cat-julvarld","10":"first","11":"instock","12":"sale","13":"taxable","14":"shipping-taxable","15":"purchasable","16":"product-type-simple"},"yoast_head":"<!-- This site is optimized with the Yoast SEO plugin v25.4 - https:\/\/yoast.com\/wordpress\/plugins\/seo\/ -->\n<title>TRUUSK Konstgjord Julgran, 150cm - Med Sn\u00f6effekt - 1162 Grenar - Hopf\u00e4llbart Metallst\u00e4ll - Juldekoration - Julgran f\u00f6r Hemmet - TRUUSK - Hem, Tr\u00e4dg\u00e5rd &amp; Fritid<\/title>\n<meta name=\"robots\" content=\"index, follow, max-snippet:-1, max-image-preview:large, max-video-preview:-1\" \/>\n<link rel=\"canonical\" href=\"https:\/\/truusk.store\/sv\/produkt\/truusk-konstgjord-julgran-150cm-med-snoeffekt-1162-grenar-hopfallbart-metallstall-juldekoration-julgran-for-hemmet\/\" \/>\n<meta property=\"og:locale\" content=\"sv_SE\" \/>\n<meta property=\"og:type\" content=\"article\" \/>\n<meta property=\"og:title\" content=\"TRUUSK Konstgjord Julgran, 150cm - Med Sn\u00f6effekt - 1162 Grenar - Hopf\u00e4llbart Metallst\u00e4ll - Juldekoration - Julgran f\u00f6r Hemmet - TRUUSK - Hem, Tr\u00e4dg\u00e5rd &amp; Fritid\" \/>\n<meta property=\"og:description\" content=\"St\u00f6rd av de \u00e5rliga utmaningarna med kala, komplexa tr\u00e4d? Ta hem magin av en sn\u00f6t\u00e4ckt skog utan besv\u00e4r denna h\u00f6gtid....\" \/>\n<meta property=\"og:url\" content=\"https:\/\/truusk.store\/sv\/produkt\/truusk-konstgjord-julgran-150cm-med-snoeffekt-1162-grenar-hopfallbart-metallstall-juldekoration-julgran-for-hemmet\/\" \/>\n<meta property=\"og:site_name\" content=\"TRUUSK - Hem, Tr\u00e4dg\u00e5rd &amp; Fritid\" \/>\n<meta property=\"article:modified_time\" content=\"2026-03-12T07:46:53+00:00\" \/>\n<meta property=\"og:image\" content=\"https:\/\/i0.wp.com\/truusk.se\/wp-content\/uploads\/2025\/10\/konstgjord-julgran-150cm-julgran-med-sno-1162-grenar-hopfallbart-metallstall-1.webp?fit=2000%2C2000&ssl=1\" \/>\n\t<meta property=\"og:image:width\" content=\"2000\" \/>\n\t<meta property=\"og:image:height\" content=\"2000\" \/>\n\t<meta property=\"og:image:type\" content=\"image\/webp\" \/>\n<meta name=\"twitter:card\" content=\"summary_large_image\" \/>\n<meta name=\"twitter:label1\" content=\"Ber\u00e4knad l\u00e4stid\" \/>\n\t<meta name=\"twitter:data1\" content=\"1 minut\" \/>\n<!-- \/ Yoast SEO plugin. -->","yoast_head_json":{"title":"TRUUSK Konstgjord Julgran, 150cm - Med Sn\u00f6effekt - 1162 Grenar - Hopf\u00e4llbart Metallst\u00e4ll - Juldekoration - Julgran f\u00f6r Hemmet - TRUUSK - Hem, Tr\u00e4dg\u00e5rd &amp; Fritid","robots":{"index":"index","follow":"follow","max-snippet":"max-snippet:-1","max-image-preview":"max-image-preview:large","max-video-preview":"max-video-preview:-1"},"canonical":"https:\/\/truusk.store\/sv\/produkt\/truusk-konstgjord-julgran-150cm-med-snoeffekt-1162-grenar-hopfallbart-metallstall-juldekoration-julgran-for-hemmet\/","og_locale":"sv_SE","og_type":"article","og_title":"TRUUSK Konstgjord Julgran, 150cm - Med Sn\u00f6effekt - 1162 Grenar - Hopf\u00e4llbart Metallst\u00e4ll - Juldekoration - Julgran f\u00f6r Hemmet - TRUUSK - Hem, Tr\u00e4dg\u00e5rd &amp; Fritid","og_description":"St\u00f6rd av de \u00e5rliga utmaningarna med kala, komplexa tr\u00e4d? Ta hem magin av en sn\u00f6t\u00e4ckt skog utan besv\u00e4r denna h\u00f6gtid....","og_url":"https:\/\/truusk.store\/sv\/produkt\/truusk-konstgjord-julgran-150cm-med-snoeffekt-1162-grenar-hopfallbart-metallstall-juldekoration-julgran-for-hemmet\/","og_site_name":"TRUUSK - Hem, Tr\u00e4dg\u00e5rd &amp; Fritid","article_modified_time":"2026-03-12T07:46:53+00:00","og_image":[{"width":2000,"height":2000,"url":"https:\/\/i0.wp.com\/truusk.se\/wp-content\/uploads\/2025\/10\/konstgjord-julgran-150cm-julgran-med-sno-1162-grenar-hopfallbart-metallstall-1.webp?fit=2000%2C2000&ssl=1","type":"image\/webp"}],"twitter_card":"summary_large_image","twitter_misc":{"Ber\u00e4knad l\u00e4stid":"1 minut"},"schema":{"@context":"https:\/\/schema.org","@graph":[{"@type":"WebPage","@id":"https:\/\/truusk.store\/sv\/produkt\/truusk-konstgjord-julgran-150cm-med-snoeffekt-1162-grenar-hopfallbart-metallstall-juldekoration-julgran-for-hemmet\/","url":"https:\/\/truusk.store\/sv\/produkt\/truusk-konstgjord-julgran-150cm-med-snoeffekt-1162-grenar-hopfallbart-metallstall-juldekoration-julgran-for-hemmet\/","name":"TRUUSK Konstgjord Julgran, 150cm - Med Sn\u00f6effekt - 1162 Grenar - Hopf\u00e4llbart Metallst\u00e4ll - Juldekoration - Julgran f\u00f6r Hemmet - TRUUSK - Hem, Tr\u00e4dg\u00e5rd &amp; Fritid","isPartOf":{"@id":"https:\/\/truusk.store\/sv\/#website"},"primaryImageOfPage":{"@id":"https:\/\/truusk.store\/sv\/produkt\/truusk-konstgjord-julgran-150cm-med-snoeffekt-1162-grenar-hopfallbart-metallstall-juldekoration-julgran-for-hemmet\/#primaryimage"},"image":{"@id":"https:\/\/truusk.store\/sv\/produkt\/truusk-konstgjord-julgran-150cm-med-snoeffekt-1162-grenar-hopfallbart-metallstall-juldekoration-julgran-for-hemmet\/#primaryimage"},"thumbnailUrl":"https:\/\/i0.wp.com\/truusk.store\/wp-content\/uploads\/2025\/10\/konstgjord-julgran-150cm-julgran-med-sno-1162-grenar-hopfallbart-metallstall-1.webp?fit=2000%2C2000&ssl=1","datePublished":"2025-10-24T03:40:40+00:00","dateModified":"2026-03-12T07:46:53+00:00","breadcrumb":{"@id":"https:\/\/truusk.store\/sv\/produkt\/truusk-konstgjord-julgran-150cm-med-snoeffekt-1162-grenar-hopfallbart-metallstall-juldekoration-julgran-for-hemmet\/#breadcrumb"},"inLanguage":"sv-SE","potentialAction":[{"@type":"ReadAction","target":["https:\/\/truusk.store\/sv\/produkt\/truusk-konstgjord-julgran-150cm-med-snoeffekt-1162-grenar-hopfallbart-metallstall-juldekoration-julgran-for-hemmet\/"]}]},{"@type":"ImageObject","inLanguage":"sv-SE","@id":"https:\/\/truusk.store\/sv\/produkt\/truusk-konstgjord-julgran-150cm-med-snoeffekt-1162-grenar-hopfallbart-metallstall-juldekoration-julgran-for-hemmet\/#primaryimage","url":"https:\/\/i0.wp.com\/truusk.store\/wp-content\/uploads\/2025\/10\/konstgjord-julgran-150cm-julgran-med-sno-1162-grenar-hopfallbart-metallstall-1.webp?fit=2000%2C2000&ssl=1","contentUrl":"https:\/\/i0.wp.com\/truusk.store\/wp-content\/uploads\/2025\/10\/konstgjord-julgran-150cm-julgran-med-sno-1162-grenar-hopfallbart-metallstall-1.webp?fit=2000%2C2000&ssl=1","width":2000,"height":2000},{"@type":"BreadcrumbList","@id":"https:\/\/truusk.store\/sv\/produkt\/truusk-konstgjord-julgran-150cm-med-snoeffekt-1162-grenar-hopfallbart-metallstall-juldekoration-julgran-for-hemmet\/#breadcrumb","itemListElement":[{"@type":"ListItem","position":1,"name":"Home","item":"https:\/\/truusk.store\/sv\/"},{"@type":"ListItem","position":2,"name":"Shop","item":"https:\/\/truusk.store\/shop\/"},{"@type":"ListItem","position":3,"name":"TRUUSK Konstgjord Julgran, 150cm &#8211; Med Sn\u00f6effekt &#8211; 1162 Grenar &#8211; Hopf\u00e4llbart Metallst\u00e4ll &#8211; Juldekoration &#8211; Julgran f\u00f6r Hemmet &#8211;"}]},{"@type":"WebSite","@id":"https:\/\/truusk.store\/sv\/#website","url":"https:\/\/truusk.store\/sv\/","name":"TRUUSK - Hem, Tr\u00e4dg\u00e5rd & Fritid","description":"","publisher":{"@id":"https:\/\/truusk.store\/sv\/#organization"},"potentialAction":[{"@type":"SearchAction","target":{"@type":"EntryPoint","urlTemplate":"https:\/\/truusk.store\/sv\/?s={search_term_string}"},"query-input":{"@type":"PropertyValueSpecification","valueRequired":true,"valueName":"search_term_string"}}],"inLanguage":"sv-SE"},{"@type":"Organization","@id":"https:\/\/truusk.store\/sv\/#organization","name":"TRUUSK - Hem, Tr\u00e4dg\u00e5rd & Fritid","url":"https:\/\/truusk.store\/sv\/","logo":{"@type":"ImageObject","inLanguage":"sv-SE","@id":"https:\/\/truusk.store\/sv\/#\/schema\/logo\/image\/","url":"https:\/\/i0.wp.com\/truusk.store\/wp-content\/uploads\/2026\/03\/cropped-TRUUSK.png?fit=2032%2C917&ssl=1","contentUrl":"https:\/\/i0.wp.com\/truusk.store\/wp-content\/uploads\/2026\/03\/cropped-TRUUSK.png?fit=2032%2C917&ssl=1","width":2032,"height":917,"caption":"TRUUSK - Hem, Tr\u00e4dg\u00e5rd & Fritid"},"image":{"@id":"https:\/\/truusk.store\/sv\/#\/schema\/logo\/image\/"}}]}},"jetpack_sharing_enabled":true,"_links":{"self":[{"href":"https:\/\/truusk.store\/sv\/wp-json\/wp\/v2\/product\/93929","targetHints":{"allow":["GET"]}}],"collection":[{"href":"https:\/\/truusk.store\/sv\/wp-json\/wp\/v2\/product"}],"about":[{"href":"https:\/\/truusk.store\/sv\/wp-json\/wp\/v2\/types\/product"}],"wp:featuredmedia":[{"embeddable":true,"href":"https:\/\/truusk.store\/sv\/wp-json\/wp\/v2\/media\/93918"}],"wp:attachment":[{"href":"https:\/\/truusk.store\/sv\/wp-json\/wp\/v2\/media?parent=93929"}],"wp:term":[{"taxonomy":"product_brand","embeddable":true,"href":"https:\/\/truusk.store\/sv\/wp-json\/wp\/v2\/product_brand?post=93929"},{"taxonomy":"product_cat","embeddable":true,"href":"https:\/\/truusk.store\/sv\/wp-json\/wp\/v2\/product_cat?post=93929"},{"taxonomy":"product_tag","embeddable":true,"href":"https:\/\/truusk.store\/sv\/wp-json\/wp\/v2\/product_tag?post=93929"}],"curies":[{"name":"wp","href":"https:\/\/api.w.org\/{rel}","templated":true}]}}