{"id":9397,"date":"2024-02-13T09:43:57","date_gmt":"2024-02-13T08:43:57","guid":{"rendered":"https:\/\/truusk.store\/product\/tradgardsbord-mosaikbord-balkongbord-sidobord-serveringsbord-runt-stal-keramik-bla-vit-60-x-h71-cm\/"},"modified":"2026-03-12T08:56:05","modified_gmt":"2026-03-12T07:56:05","slug":"truusk-tradgardsbord-mosaikbord-balkongbord-sidobord-serveringsbord-runt-stal-keramik-bla-vit-60-x-h71-cm","status":"publish","type":"product","link":"https:\/\/truusk.store\/sv\/produkt\/truusk-tradgardsbord-mosaikbord-balkongbord-sidobord-serveringsbord-runt-stal-keramik-bla-vit-60-x-h71-cm\/","title":{"rendered":"TRUUSK Tr\u00e4dg\u00e5rdsbord Mosaikbord &#8211; Balkongbord Sidobord &#8211; Serveringsbord Runt &#8211; St\u00e5l + Keramik &#8211; Bl\u00e5 + Vit &#8211; 60 X H71 cm"},"content":{"rendered":"<p>Detta uteplatsbord visar upp klassiskt hantverk och elegans. Den klarbl\u00e5 och vita mosaiken och den elegant b\u00f6jda ramen g\u00f6r detta robusta runda tr\u00e4dg\u00e5rdsbord till det vackraste nya tillskottet till din uteplats. P\u00e5 detta bord kan du s\u00e4kert placera din b\u00e4rbara dator, b\u00f6cker, en kopp kaffe eller ett glas vin och njuta av din fritid!<\/p>\n<h3>Beskrivning:<\/h3>\n<ul>\n<li>Tillverkad av robust st\u00e5lram och robust keramisk platta<\/li>\n<li>Bordsskiva med vacker mosaik i bl\u00e5tt och vitt<\/li>\n<li>L\u00e4tt vikt, kompakt storlek, l\u00e4tt att flytta<\/li>\n<li>L\u00e4tt att reng\u00f6ra och underh\u00e5lla<\/li>\n<li>L\u00e4mplig f\u00f6r varje terrass, veranda och balkong<\/li>\n<li>Enkel konstruktion<\/li>\n<\/ul>\n<h3>Teknisk data:<\/h3>\n<ul>\n<li>Material: st\u00e5l, keramik<\/li>\n<li>F\u00e4rg: Bl\u00e5 + Vit + Svart<\/li>\n<li>Vikt: 13 kg<\/li>\n<li>Totalm\u00e5tt: 60 x H71 cm<\/li>\n<li>Max lastkapacitet: 100 kg<\/li>\n<\/ul>\n<h3>Leveransens omfattning:<\/h3>\n<ul>\n<li>1 x tr\u00e4dg\u00e5rdsbord<\/li>\n<li>1 x Monteringsanvisning<\/li>\n<\/ul>\n","protected":false},"excerpt":{"rendered":"<p>Detta uteplatsbord visar upp klassiskt hantverk och elegans. Den klarbl\u00e5 och vita mosaiken och den elegant b\u00f6jda ramen g\u00f6r detta&#8230;<\/p>\n","protected":false},"featured_media":9398,"template":"","meta":[],"product_brand":[],"product_cat":[435,457,450],"product_tag":[],"class_list":{"0":"post-9397","1":"product","2":"type-product","3":"status-publish","4":"has-post-thumbnail","6":"product_cat-tradgard-och-terrass","7":"product_cat-tradgardsbord","8":"product_cat-tradgardsmobler","10":"first","11":"instock","12":"sale","13":"taxable","14":"shipping-taxable","15":"purchasable","16":"product-type-simple"},"yoast_head":"<!-- This site is optimized with the Yoast SEO plugin v25.4 - https:\/\/yoast.com\/wordpress\/plugins\/seo\/ -->\n<title>TRUUSK Tr\u00e4dg\u00e5rdsbord Mosaikbord - Balkongbord Sidobord - Serveringsbord Runt - St\u00e5l + Keramik - Bl\u00e5 + Vit - 60 X H71 cm - TRUUSK - Hem, Tr\u00e4dg\u00e5rd &amp; Fritid<\/title>\n<meta name=\"robots\" content=\"index, follow, max-snippet:-1, max-image-preview:large, max-video-preview:-1\" \/>\n<link rel=\"canonical\" href=\"https:\/\/truusk.store\/sv\/produkt\/truusk-tradgardsbord-mosaikbord-balkongbord-sidobord-serveringsbord-runt-stal-keramik-bla-vit-60-x-h71-cm\/\" \/>\n<meta property=\"og:locale\" content=\"sv_SE\" \/>\n<meta property=\"og:type\" content=\"article\" \/>\n<meta property=\"og:title\" content=\"TRUUSK Tr\u00e4dg\u00e5rdsbord Mosaikbord - Balkongbord Sidobord - Serveringsbord Runt - St\u00e5l + Keramik - Bl\u00e5 + Vit - 60 X H71 cm - TRUUSK - Hem, Tr\u00e4dg\u00e5rd &amp; Fritid\" \/>\n<meta property=\"og:description\" content=\"Detta uteplatsbord visar upp klassiskt hantverk och elegans. Den klarbl\u00e5 och vita mosaiken och den elegant b\u00f6jda ramen g\u00f6r detta...\" \/>\n<meta property=\"og:url\" content=\"https:\/\/truusk.store\/sv\/produkt\/truusk-tradgardsbord-mosaikbord-balkongbord-sidobord-serveringsbord-runt-stal-keramik-bla-vit-60-x-h71-cm\/\" \/>\n<meta property=\"og:site_name\" content=\"TRUUSK - Hem, Tr\u00e4dg\u00e5rd &amp; Fritid\" \/>\n<meta property=\"article:modified_time\" content=\"2026-03-12T07:56:05+00:00\" \/>\n<meta property=\"og:image\" content=\"https:\/\/i0.wp.com\/truusk.se\/wp-content\/uploads\/2024\/02\/tradgardsbord-mosaikbord-balkongbord-sidobord-serveringsbord-runt-stal-keramik-bla-vit-60-x-h71-cm.webp?fit=800%2C800&ssl=1\" \/>\n\t<meta property=\"og:image:width\" content=\"800\" \/>\n\t<meta property=\"og:image:height\" content=\"800\" \/>\n\t<meta property=\"og:image:type\" content=\"image\/webp\" \/>\n<meta name=\"twitter:card\" content=\"summary_large_image\" \/>\n<meta name=\"twitter:label1\" content=\"Ber\u00e4knad l\u00e4stid\" \/>\n\t<meta name=\"twitter:data1\" content=\"1 minut\" \/>\n<!-- \/ Yoast SEO plugin. -->","yoast_head_json":{"title":"TRUUSK Tr\u00e4dg\u00e5rdsbord Mosaikbord - Balkongbord Sidobord - Serveringsbord Runt - St\u00e5l + Keramik - Bl\u00e5 + Vit - 60 X H71 cm - TRUUSK - Hem, Tr\u00e4dg\u00e5rd &amp; Fritid","robots":{"index":"index","follow":"follow","max-snippet":"max-snippet:-1","max-image-preview":"max-image-preview:large","max-video-preview":"max-video-preview:-1"},"canonical":"https:\/\/truusk.store\/sv\/produkt\/truusk-tradgardsbord-mosaikbord-balkongbord-sidobord-serveringsbord-runt-stal-keramik-bla-vit-60-x-h71-cm\/","og_locale":"sv_SE","og_type":"article","og_title":"TRUUSK Tr\u00e4dg\u00e5rdsbord Mosaikbord - Balkongbord Sidobord - Serveringsbord Runt - St\u00e5l + Keramik - Bl\u00e5 + Vit - 60 X H71 cm - TRUUSK - Hem, Tr\u00e4dg\u00e5rd &amp; Fritid","og_description":"Detta uteplatsbord visar upp klassiskt hantverk och elegans. Den klarbl\u00e5 och vita mosaiken och den elegant b\u00f6jda ramen g\u00f6r detta...","og_url":"https:\/\/truusk.store\/sv\/produkt\/truusk-tradgardsbord-mosaikbord-balkongbord-sidobord-serveringsbord-runt-stal-keramik-bla-vit-60-x-h71-cm\/","og_site_name":"TRUUSK - Hem, Tr\u00e4dg\u00e5rd &amp; Fritid","article_modified_time":"2026-03-12T07:56:05+00:00","og_image":[{"width":800,"height":800,"url":"https:\/\/i0.wp.com\/truusk.se\/wp-content\/uploads\/2024\/02\/tradgardsbord-mosaikbord-balkongbord-sidobord-serveringsbord-runt-stal-keramik-bla-vit-60-x-h71-cm.webp?fit=800%2C800&ssl=1","type":"image\/webp"}],"twitter_card":"summary_large_image","twitter_misc":{"Ber\u00e4knad l\u00e4stid":"1 minut"},"schema":{"@context":"https:\/\/schema.org","@graph":[{"@type":"WebPage","@id":"https:\/\/truusk.store\/sv\/produkt\/truusk-tradgardsbord-mosaikbord-balkongbord-sidobord-serveringsbord-runt-stal-keramik-bla-vit-60-x-h71-cm\/","url":"https:\/\/truusk.store\/sv\/produkt\/truusk-tradgardsbord-mosaikbord-balkongbord-sidobord-serveringsbord-runt-stal-keramik-bla-vit-60-x-h71-cm\/","name":"TRUUSK Tr\u00e4dg\u00e5rdsbord Mosaikbord - Balkongbord Sidobord - Serveringsbord Runt - St\u00e5l + Keramik - Bl\u00e5 + Vit - 60 X H71 cm - TRUUSK - Hem, Tr\u00e4dg\u00e5rd &amp; Fritid","isPartOf":{"@id":"https:\/\/truusk.store\/sv\/#website"},"primaryImageOfPage":{"@id":"https:\/\/truusk.store\/sv\/produkt\/truusk-tradgardsbord-mosaikbord-balkongbord-sidobord-serveringsbord-runt-stal-keramik-bla-vit-60-x-h71-cm\/#primaryimage"},"image":{"@id":"https:\/\/truusk.store\/sv\/produkt\/truusk-tradgardsbord-mosaikbord-balkongbord-sidobord-serveringsbord-runt-stal-keramik-bla-vit-60-x-h71-cm\/#primaryimage"},"thumbnailUrl":"https:\/\/i0.wp.com\/truusk.store\/wp-content\/uploads\/2024\/02\/tradgardsbord-mosaikbord-balkongbord-sidobord-serveringsbord-runt-stal-keramik-bla-vit-60-x-h71-cm.webp?fit=800%2C800&ssl=1","datePublished":"2024-02-13T08:43:57+00:00","dateModified":"2026-03-12T07:56:05+00:00","breadcrumb":{"@id":"https:\/\/truusk.store\/sv\/produkt\/truusk-tradgardsbord-mosaikbord-balkongbord-sidobord-serveringsbord-runt-stal-keramik-bla-vit-60-x-h71-cm\/#breadcrumb"},"inLanguage":"sv-SE","potentialAction":[{"@type":"ReadAction","target":["https:\/\/truusk.store\/sv\/produkt\/truusk-tradgardsbord-mosaikbord-balkongbord-sidobord-serveringsbord-runt-stal-keramik-bla-vit-60-x-h71-cm\/"]}]},{"@type":"ImageObject","inLanguage":"sv-SE","@id":"https:\/\/truusk.store\/sv\/produkt\/truusk-tradgardsbord-mosaikbord-balkongbord-sidobord-serveringsbord-runt-stal-keramik-bla-vit-60-x-h71-cm\/#primaryimage","url":"https:\/\/i0.wp.com\/truusk.store\/wp-content\/uploads\/2024\/02\/tradgardsbord-mosaikbord-balkongbord-sidobord-serveringsbord-runt-stal-keramik-bla-vit-60-x-h71-cm.webp?fit=800%2C800&ssl=1","contentUrl":"https:\/\/i0.wp.com\/truusk.store\/wp-content\/uploads\/2024\/02\/tradgardsbord-mosaikbord-balkongbord-sidobord-serveringsbord-runt-stal-keramik-bla-vit-60-x-h71-cm.webp?fit=800%2C800&ssl=1","width":800,"height":800,"caption":"Tr\u00e4dg\u00e5rdsbord Mosaikbord Balkongbord Sidobord Serveringsbord Runt St\u00e5l + Keramik Bl\u00e5 + Vit 60 X H71 Cm 1"},{"@type":"BreadcrumbList","@id":"https:\/\/truusk.store\/sv\/produkt\/truusk-tradgardsbord-mosaikbord-balkongbord-sidobord-serveringsbord-runt-stal-keramik-bla-vit-60-x-h71-cm\/#breadcrumb","itemListElement":[{"@type":"ListItem","position":1,"name":"Home","item":"https:\/\/truusk.store\/sv\/"},{"@type":"ListItem","position":2,"name":"Shop","item":"https:\/\/truusk.store\/shop\/"},{"@type":"ListItem","position":3,"name":"TRUUSK Tr\u00e4dg\u00e5rdsbord Mosaikbord &#8211; Balkongbord Sidobord &#8211; Serveringsbord Runt &#8211; St\u00e5l + Keramik &#8211; Bl\u00e5 + Vit &#8211; 60 X H71 cm"}]},{"@type":"WebSite","@id":"https:\/\/truusk.store\/sv\/#website","url":"https:\/\/truusk.store\/sv\/","name":"TRUUSK - Hem, Tr\u00e4dg\u00e5rd & Fritid","description":"","publisher":{"@id":"https:\/\/truusk.store\/sv\/#organization"},"potentialAction":[{"@type":"SearchAction","target":{"@type":"EntryPoint","urlTemplate":"https:\/\/truusk.store\/sv\/?s={search_term_string}"},"query-input":{"@type":"PropertyValueSpecification","valueRequired":true,"valueName":"search_term_string"}}],"inLanguage":"sv-SE"},{"@type":"Organization","@id":"https:\/\/truusk.store\/sv\/#organization","name":"TRUUSK - Hem, Tr\u00e4dg\u00e5rd & Fritid","url":"https:\/\/truusk.store\/sv\/","logo":{"@type":"ImageObject","inLanguage":"sv-SE","@id":"https:\/\/truusk.store\/sv\/#\/schema\/logo\/image\/","url":"https:\/\/i0.wp.com\/truusk.store\/wp-content\/uploads\/2026\/03\/cropped-TRUUSK.png?fit=2032%2C917&ssl=1","contentUrl":"https:\/\/i0.wp.com\/truusk.store\/wp-content\/uploads\/2026\/03\/cropped-TRUUSK.png?fit=2032%2C917&ssl=1","width":2032,"height":917,"caption":"TRUUSK - Hem, Tr\u00e4dg\u00e5rd & Fritid"},"image":{"@id":"https:\/\/truusk.store\/sv\/#\/schema\/logo\/image\/"}}]}},"jetpack_sharing_enabled":true,"_links":{"self":[{"href":"https:\/\/truusk.store\/sv\/wp-json\/wp\/v2\/product\/9397","targetHints":{"allow":["GET"]}}],"collection":[{"href":"https:\/\/truusk.store\/sv\/wp-json\/wp\/v2\/product"}],"about":[{"href":"https:\/\/truusk.store\/sv\/wp-json\/wp\/v2\/types\/product"}],"wp:featuredmedia":[{"embeddable":true,"href":"https:\/\/truusk.store\/sv\/wp-json\/wp\/v2\/media\/9398"}],"wp:attachment":[{"href":"https:\/\/truusk.store\/sv\/wp-json\/wp\/v2\/media?parent=9397"}],"wp:term":[{"taxonomy":"product_brand","embeddable":true,"href":"https:\/\/truusk.store\/sv\/wp-json\/wp\/v2\/product_brand?post=9397"},{"taxonomy":"product_cat","embeddable":true,"href":"https:\/\/truusk.store\/sv\/wp-json\/wp\/v2\/product_cat?post=9397"},{"taxonomy":"product_tag","embeddable":true,"href":"https:\/\/truusk.store\/sv\/wp-json\/wp\/v2\/product_tag?post=9397"}],"curies":[{"name":"wp","href":"https:\/\/api.w.org\/{rel}","templated":true}]}}