{"id":94049,"date":"2025-10-24T04:52:38","date_gmt":"2025-10-24T03:52:38","guid":{"rendered":"https:\/\/truusk.store\/product\/sportnow-boxningsstallning-tva-snabba-bollar-roterande-boxningsstang-sparkdyna-hojdjusterbar-stal-107-x-36-x-140-205-cm-bla\/"},"modified":"2026-03-12T08:47:12","modified_gmt":"2026-03-12T07:47:12","slug":"truusk-boxningsstallning-med-tva-snabba-bollar-roterande-boxningsstang-sparkdyna-justerbar-hojd-stal-bla-107-x-36-x","status":"publish","type":"product","link":"https:\/\/truusk.store\/sv\/produkt\/truusk-boxningsstallning-med-tva-snabba-bollar-roterande-boxningsstang-sparkdyna-justerbar-hojd-stal-bla-107-x-36-x\/","title":{"rendered":"TRUUSK Boxningsst\u00e4llning &#8211; Med Tv\u00e5 Snabba Bollar &#8211; Roterande Boxningsst\u00e5ng &#8211; Sparkdyna &#8211; Justerbar H\u00f6jd &#8211; St\u00e5l &#8211; Bl\u00e5 &#8211; 107 x 36 x"},"content":{"rendered":"<p>Boxning erbjuder en effektiv och h\u00e5llbar helkroppstr\u00e4ning, med vilken du kan st\u00e4rka dina ben, rygg, br\u00f6st och axlar. D\u00e4rf\u00f6r har vi utvecklat denna praktiska st\u00e5ende boxningss\u00e4ck, s\u00e5 att du kan tr\u00e4na din kondition, snabbhet, hand-\u00f6ga-koordination och uth\u00e5llighet utan att l\u00e4mna huset. Med hj\u00e4lp av de snabba speedballs, den fritt roterande boxningsst\u00e5ngen och den praktiska sparkkudden p\u00e5 boxningss\u00e4cken h\u00e5ller du dig i form och f\u00f6rbereder dig optimalt f\u00f6r ringen.<\/p>\n<p>Beskrivning:<\/p>\n<ul>\n<li> Professionell st\u00e5ende boxningss\u00e4ck f\u00f6r boxning, spark- och fitnesstr\u00e4ning<\/li>\n<li> H\u00f6jdjusterbar, idealisk f\u00f6r ungdomar och vuxna<\/li>\n<li> Fritt roterande, vadderad boxningsst\u00e5ng p\u00e5 boxningss\u00e4cken f\u00f6rb\u00e4ttrar snabbhet och reaktion<\/li>\n<li> Tv\u00e5 uppbl\u00e5sbara speedballs p\u00e5 boxningss\u00e4cken \u00e4r idealiska f\u00f6r rytm- och precisionstr\u00e4ning<\/li>\n<li> Praktisk sparkkudde med konstl\u00e4der\u00f6verdrag<\/li>\n<li>Stabil st\u00e5lram garanterar h\u00e5llbarhet, konstl\u00e4derh\u00f6lje \u00e4r sl\u00e4tt, slitstarkt och l\u00e4tt att reng\u00f6ra<\/li>\n<li> 12 starka sugkoppar under Cobra Bag garanterar kompromissl\u00f6s markkontakt<\/li>\n<li> Montering kr\u00e4vs<\/li>\n<\/ul>\n<p> Tekniska data:<\/p>\n<ul>\n<li> F\u00e4rg: Bl\u00e5<\/li>\n<li> Material: St\u00e5l, konstl\u00e4der<\/li>\n<li> Totala m\u00e5tt: 107L x 36B x 140-205H cm<\/li>\n<li> M\u00e5tt p\u00e5 st\u00e5fot: 34L x 34B cm<\/li>\n<li> M\u00e5tt p\u00e5 sparkkudde: \u00d815 x 53H cm<\/li>\n<li> M\u00e5tt p\u00e5 varje speedball: \u00d815 x 17L cm<\/li>\n<li> M\u00e5tt p\u00e5 boxningsst\u00e5ng: \u00d86 x 50L cm<\/li>\n<\/ul>\n<p> Leveransinneh\u00e5ll:<\/p>\n<ul>\n<li> 1 x Boxningsst\u00e5ng<\/li>\n<li> 1 x Luftpump<\/li>\n<li> 1 x Instruktioner<\/li>\n<\/ul>\n","protected":false},"excerpt":{"rendered":"<p>Boxning erbjuder en effektiv och h\u00e5llbar helkroppstr\u00e4ning, med vilken du kan st\u00e4rka dina ben, rygg, br\u00f6st och axlar. D\u00e4rf\u00f6r har&#8230;<\/p>\n","protected":false},"featured_media":94040,"template":"","meta":[],"product_brand":[],"product_cat":[667,980,647],"product_tag":[],"class_list":{"0":"post-94049","1":"product","2":"type-product","3":"status-publish","4":"has-post-thumbnail","6":"product_cat-boxningssack","7":"product_cat-fitness-kraftsport","8":"product_cat-sport-fritid","10":"first","11":"instock","12":"sale","13":"taxable","14":"shipping-taxable","15":"purchasable","16":"product-type-simple"},"yoast_head":"<!-- This site is optimized with the Yoast SEO plugin v25.4 - https:\/\/yoast.com\/wordpress\/plugins\/seo\/ -->\n<title>TRUUSK Boxningsst\u00e4llning - Med Tv\u00e5 Snabba Bollar - Roterande Boxningsst\u00e5ng - Sparkdyna - Justerbar H\u00f6jd - St\u00e5l - Bl\u00e5 - 107 x 36 x - TRUUSK - Hem, Tr\u00e4dg\u00e5rd &amp; Fritid<\/title>\n<meta name=\"robots\" content=\"index, follow, max-snippet:-1, max-image-preview:large, max-video-preview:-1\" \/>\n<link rel=\"canonical\" href=\"https:\/\/truusk.store\/sv\/produkt\/truusk-boxningsstallning-med-tva-snabba-bollar-roterande-boxningsstang-sparkdyna-justerbar-hojd-stal-bla-107-x-36-x\/\" \/>\n<meta property=\"og:locale\" content=\"sv_SE\" \/>\n<meta property=\"og:type\" content=\"article\" \/>\n<meta property=\"og:title\" content=\"TRUUSK Boxningsst\u00e4llning - Med Tv\u00e5 Snabba Bollar - Roterande Boxningsst\u00e5ng - Sparkdyna - Justerbar H\u00f6jd - St\u00e5l - Bl\u00e5 - 107 x 36 x - TRUUSK - Hem, Tr\u00e4dg\u00e5rd &amp; Fritid\" \/>\n<meta property=\"og:description\" content=\"Boxning erbjuder en effektiv och h\u00e5llbar helkroppstr\u00e4ning, med vilken du kan st\u00e4rka dina ben, rygg, br\u00f6st och axlar. D\u00e4rf\u00f6r har...\" \/>\n<meta property=\"og:url\" content=\"https:\/\/truusk.store\/sv\/produkt\/truusk-boxningsstallning-med-tva-snabba-bollar-roterande-boxningsstang-sparkdyna-justerbar-hojd-stal-bla-107-x-36-x\/\" \/>\n<meta property=\"og:site_name\" content=\"TRUUSK - Hem, Tr\u00e4dg\u00e5rd &amp; Fritid\" \/>\n<meta property=\"article:modified_time\" content=\"2026-03-12T07:47:12+00:00\" \/>\n<meta property=\"og:image\" content=\"https:\/\/i0.wp.com\/truusk.se\/wp-content\/uploads\/2025\/10\/sportnow-boxningsstallning-tva-snabba-bollar-roterande-boxningsstang-sparkdyna-hojdjusterbar-stal-107-x-36-x-140-205-cm-bla-1.webp?fit=2000%2C2000&ssl=1\" \/>\n\t<meta property=\"og:image:width\" content=\"2000\" \/>\n\t<meta property=\"og:image:height\" content=\"2000\" \/>\n\t<meta property=\"og:image:type\" content=\"image\/webp\" \/>\n<meta name=\"twitter:card\" content=\"summary_large_image\" \/>\n<meta name=\"twitter:label1\" content=\"Ber\u00e4knad l\u00e4stid\" \/>\n\t<meta name=\"twitter:data1\" content=\"1 minut\" \/>\n<!-- \/ Yoast SEO plugin. -->","yoast_head_json":{"title":"TRUUSK Boxningsst\u00e4llning - Med Tv\u00e5 Snabba Bollar - Roterande Boxningsst\u00e5ng - Sparkdyna - Justerbar H\u00f6jd - St\u00e5l - Bl\u00e5 - 107 x 36 x - TRUUSK - Hem, Tr\u00e4dg\u00e5rd &amp; Fritid","robots":{"index":"index","follow":"follow","max-snippet":"max-snippet:-1","max-image-preview":"max-image-preview:large","max-video-preview":"max-video-preview:-1"},"canonical":"https:\/\/truusk.store\/sv\/produkt\/truusk-boxningsstallning-med-tva-snabba-bollar-roterande-boxningsstang-sparkdyna-justerbar-hojd-stal-bla-107-x-36-x\/","og_locale":"sv_SE","og_type":"article","og_title":"TRUUSK Boxningsst\u00e4llning - Med Tv\u00e5 Snabba Bollar - Roterande Boxningsst\u00e5ng - Sparkdyna - Justerbar H\u00f6jd - St\u00e5l - Bl\u00e5 - 107 x 36 x - TRUUSK - Hem, Tr\u00e4dg\u00e5rd &amp; Fritid","og_description":"Boxning erbjuder en effektiv och h\u00e5llbar helkroppstr\u00e4ning, med vilken du kan st\u00e4rka dina ben, rygg, br\u00f6st och axlar. D\u00e4rf\u00f6r har...","og_url":"https:\/\/truusk.store\/sv\/produkt\/truusk-boxningsstallning-med-tva-snabba-bollar-roterande-boxningsstang-sparkdyna-justerbar-hojd-stal-bla-107-x-36-x\/","og_site_name":"TRUUSK - Hem, Tr\u00e4dg\u00e5rd &amp; Fritid","article_modified_time":"2026-03-12T07:47:12+00:00","og_image":[{"width":2000,"height":2000,"url":"https:\/\/i0.wp.com\/truusk.se\/wp-content\/uploads\/2025\/10\/sportnow-boxningsstallning-tva-snabba-bollar-roterande-boxningsstang-sparkdyna-hojdjusterbar-stal-107-x-36-x-140-205-cm-bla-1.webp?fit=2000%2C2000&ssl=1","type":"image\/webp"}],"twitter_card":"summary_large_image","twitter_misc":{"Ber\u00e4knad l\u00e4stid":"1 minut"},"schema":{"@context":"https:\/\/schema.org","@graph":[{"@type":"WebPage","@id":"https:\/\/truusk.store\/sv\/produkt\/truusk-boxningsstallning-med-tva-snabba-bollar-roterande-boxningsstang-sparkdyna-justerbar-hojd-stal-bla-107-x-36-x\/","url":"https:\/\/truusk.store\/sv\/produkt\/truusk-boxningsstallning-med-tva-snabba-bollar-roterande-boxningsstang-sparkdyna-justerbar-hojd-stal-bla-107-x-36-x\/","name":"TRUUSK Boxningsst\u00e4llning - Med Tv\u00e5 Snabba Bollar - Roterande Boxningsst\u00e5ng - Sparkdyna - Justerbar H\u00f6jd - St\u00e5l - Bl\u00e5 - 107 x 36 x - TRUUSK - Hem, Tr\u00e4dg\u00e5rd &amp; Fritid","isPartOf":{"@id":"https:\/\/truusk.store\/sv\/#website"},"primaryImageOfPage":{"@id":"https:\/\/truusk.store\/sv\/produkt\/truusk-boxningsstallning-med-tva-snabba-bollar-roterande-boxningsstang-sparkdyna-justerbar-hojd-stal-bla-107-x-36-x\/#primaryimage"},"image":{"@id":"https:\/\/truusk.store\/sv\/produkt\/truusk-boxningsstallning-med-tva-snabba-bollar-roterande-boxningsstang-sparkdyna-justerbar-hojd-stal-bla-107-x-36-x\/#primaryimage"},"thumbnailUrl":"https:\/\/i0.wp.com\/truusk.store\/wp-content\/uploads\/2025\/10\/sportnow-boxningsstallning-tva-snabba-bollar-roterande-boxningsstang-sparkdyna-hojdjusterbar-stal-107-x-36-x-140-205-cm-bla-1.webp?fit=2000%2C2000&ssl=1","datePublished":"2025-10-24T03:52:38+00:00","dateModified":"2026-03-12T07:47:12+00:00","breadcrumb":{"@id":"https:\/\/truusk.store\/sv\/produkt\/truusk-boxningsstallning-med-tva-snabba-bollar-roterande-boxningsstang-sparkdyna-justerbar-hojd-stal-bla-107-x-36-x\/#breadcrumb"},"inLanguage":"sv-SE","potentialAction":[{"@type":"ReadAction","target":["https:\/\/truusk.store\/sv\/produkt\/truusk-boxningsstallning-med-tva-snabba-bollar-roterande-boxningsstang-sparkdyna-justerbar-hojd-stal-bla-107-x-36-x\/"]}]},{"@type":"ImageObject","inLanguage":"sv-SE","@id":"https:\/\/truusk.store\/sv\/produkt\/truusk-boxningsstallning-med-tva-snabba-bollar-roterande-boxningsstang-sparkdyna-justerbar-hojd-stal-bla-107-x-36-x\/#primaryimage","url":"https:\/\/i0.wp.com\/truusk.store\/wp-content\/uploads\/2025\/10\/sportnow-boxningsstallning-tva-snabba-bollar-roterande-boxningsstang-sparkdyna-hojdjusterbar-stal-107-x-36-x-140-205-cm-bla-1.webp?fit=2000%2C2000&ssl=1","contentUrl":"https:\/\/i0.wp.com\/truusk.store\/wp-content\/uploads\/2025\/10\/sportnow-boxningsstallning-tva-snabba-bollar-roterande-boxningsstang-sparkdyna-hojdjusterbar-stal-107-x-36-x-140-205-cm-bla-1.webp?fit=2000%2C2000&ssl=1","width":2000,"height":2000},{"@type":"BreadcrumbList","@id":"https:\/\/truusk.store\/sv\/produkt\/truusk-boxningsstallning-med-tva-snabba-bollar-roterande-boxningsstang-sparkdyna-justerbar-hojd-stal-bla-107-x-36-x\/#breadcrumb","itemListElement":[{"@type":"ListItem","position":1,"name":"Home","item":"https:\/\/truusk.store\/sv\/"},{"@type":"ListItem","position":2,"name":"Shop","item":"https:\/\/truusk.store\/shop\/"},{"@type":"ListItem","position":3,"name":"TRUUSK Boxningsst\u00e4llning &#8211; Med Tv\u00e5 Snabba Bollar &#8211; Roterande Boxningsst\u00e5ng &#8211; Sparkdyna &#8211; Justerbar H\u00f6jd &#8211; St\u00e5l &#8211; Bl\u00e5 &#8211; 107 x 36 x"}]},{"@type":"WebSite","@id":"https:\/\/truusk.store\/sv\/#website","url":"https:\/\/truusk.store\/sv\/","name":"TRUUSK - Hem, Tr\u00e4dg\u00e5rd & Fritid","description":"","publisher":{"@id":"https:\/\/truusk.store\/sv\/#organization"},"potentialAction":[{"@type":"SearchAction","target":{"@type":"EntryPoint","urlTemplate":"https:\/\/truusk.store\/sv\/?s={search_term_string}"},"query-input":{"@type":"PropertyValueSpecification","valueRequired":true,"valueName":"search_term_string"}}],"inLanguage":"sv-SE"},{"@type":"Organization","@id":"https:\/\/truusk.store\/sv\/#organization","name":"TRUUSK - Hem, Tr\u00e4dg\u00e5rd & Fritid","url":"https:\/\/truusk.store\/sv\/","logo":{"@type":"ImageObject","inLanguage":"sv-SE","@id":"https:\/\/truusk.store\/sv\/#\/schema\/logo\/image\/","url":"https:\/\/i0.wp.com\/truusk.store\/wp-content\/uploads\/2026\/03\/cropped-TRUUSK.png?fit=2032%2C917&ssl=1","contentUrl":"https:\/\/i0.wp.com\/truusk.store\/wp-content\/uploads\/2026\/03\/cropped-TRUUSK.png?fit=2032%2C917&ssl=1","width":2032,"height":917,"caption":"TRUUSK - Hem, Tr\u00e4dg\u00e5rd & Fritid"},"image":{"@id":"https:\/\/truusk.store\/sv\/#\/schema\/logo\/image\/"}}]}},"jetpack_sharing_enabled":true,"_links":{"self":[{"href":"https:\/\/truusk.store\/sv\/wp-json\/wp\/v2\/product\/94049","targetHints":{"allow":["GET"]}}],"collection":[{"href":"https:\/\/truusk.store\/sv\/wp-json\/wp\/v2\/product"}],"about":[{"href":"https:\/\/truusk.store\/sv\/wp-json\/wp\/v2\/types\/product"}],"wp:featuredmedia":[{"embeddable":true,"href":"https:\/\/truusk.store\/sv\/wp-json\/wp\/v2\/media\/94040"}],"wp:attachment":[{"href":"https:\/\/truusk.store\/sv\/wp-json\/wp\/v2\/media?parent=94049"}],"wp:term":[{"taxonomy":"product_brand","embeddable":true,"href":"https:\/\/truusk.store\/sv\/wp-json\/wp\/v2\/product_brand?post=94049"},{"taxonomy":"product_cat","embeddable":true,"href":"https:\/\/truusk.store\/sv\/wp-json\/wp\/v2\/product_cat?post=94049"},{"taxonomy":"product_tag","embeddable":true,"href":"https:\/\/truusk.store\/sv\/wp-json\/wp\/v2\/product_tag?post=94049"}],"curies":[{"name":"wp","href":"https:\/\/api.w.org\/{rel}","templated":true}]}}