{"id":94079,"date":"2025-10-24T04:55:33","date_gmt":"2025-10-24T03:55:33","guid":{"rendered":"https:\/\/truusk.store\/product\/bokhylla-med-6-nivaer-3-stegs-justerbar-med-lada-skapdorr-anpassningsbar-hylla-utstallningshylla-vit\/"},"modified":"2026-03-12T08:48:17","modified_gmt":"2026-03-12T07:48:17","slug":"truusk-bokhylla-med-6-nivaer-3-stegs-justerbar-med-lada-skapdorr-anpassningsbar-utstallningshylla-vit","status":"publish","type":"product","link":"https:\/\/truusk.store\/sv\/produkt\/truusk-bokhylla-med-6-nivaer-3-stegs-justerbar-med-lada-skapdorr-anpassningsbar-utstallningshylla-vit\/","title":{"rendered":"TRUUSK Bokhylla med 6 Niv\u00e5er &#8211; 3-stegs Justerbar &#8211; Med L\u00e5da &#8211; Sk\u00e5pd\u00f6rr &#8211; Anpassningsbar &#8211; Utst\u00e4llningshylla &#8211; Vit"},"content":{"rendered":"<p>St\u00f6r oordningen i din lilla l\u00e4genhet dina nerver? St\u00e4ndigt grubblar \u00f6ver utspridda saker och instabila m\u00f6bler belastar dig? TRUUSK bokhyllan skapar l\u00f6sningen med fyra \u00f6ppna fack, en l\u00e5da och ett sk\u00e5p som h\u00e5ller allt \u00f6versiktligt. Det medf\u00f6ljande anti-tip-setet f\u00e4ster hyllan p\u00e5 v\u00e4ggen och skapar s\u00e5ledes en s\u00e4ker och ordnad milj\u00f6.<\/p>\n<p>Beskrivning:<\/p>\n<ul>\n<li> Erbjuder fyra hyllor, en l\u00e5da och ett sk\u00e5p f\u00f6r m\u00e5ngsidig organisation<\/li>\n<li> Det \u00f6versta hyllplanet \u00e4r 3-stegs justerbart och erbjuder individuellt utrymme f\u00f6r olika f\u00f6rem\u00e5l<\/li>\n<li> Anti-tip-set ing\u00e5r<\/li>\n<li> Bokhyllans smala design passar i tr\u00e5nga h\u00f6rn och maximerar ditt lilla bostadsutrymme<\/li>\n<li> Elegant vitt, pr\u00e4glat tr\u00e4dekor f\u00f6rb\u00e4ttrar alla moderna heminredningar<\/li>\n<li> Tillverkad av sp\u00e5nskivor f\u00f6r p\u00e5litlig daglig anv\u00e4ndning<\/li>\n<li> Melamin ytan p\u00e5 kontorshyllan \u00e4r vattenresistent och repfast, vilket g\u00f6r reng\u00f6ringen enkel<\/li>\n<li> Montering kr\u00e4vs<\/li>\n<\/ul>\n<p> Tekniska data:<\/p>\n<ul>\n<li> F\u00e4rg: Vit<\/li>\n<li> Material: Sp\u00e5nskiva<\/li>\n<li> Totala dimensioner: 30B x 24T x 158H cm<\/li>\n<li> Storlek p\u00e5 \u00f6ppet fack: 27,4B x 22,3T x 30,5H cm (\u00f6ver l\u00e5dan), 27,4B x 22,2T x 23H cm (under l\u00e5dan)<\/li>\n<li> Inre m\u00e5tt p\u00e5 l\u00e5dan: 24,5B x 18,8T x 6,9H cm<\/li>\n<li> Inre m\u00e5tt p\u00e5 sk\u00e5pet: 27,4B x 21T x 28,8H cm<\/li>\n<li> Maximal belastning: 25 kg (totalt), 5 kg (per hylla), 3 kg (l\u00e5da)<\/li>\n<\/ul>\n<p> Leveransinneh\u00e5ll:<\/p>\n<ul>\n<li> 1 x Bokhylla<\/li>\n<li> 1 x Bruksanvisning<\/li>\n<\/ul>\n","protected":false},"excerpt":{"rendered":"<p>St\u00f6r oordningen i din lilla l\u00e4genhet dina nerver? St\u00e4ndigt grubblar \u00f6ver utspridda saker och instabila m\u00f6bler belastar dig? TRUUSK bokhyllan&#8230;<\/p>\n","protected":false},"featured_media":94070,"template":"","meta":[],"product_brand":[],"product_cat":[977,872,871],"product_tag":[],"class_list":{"0":"post-94079","1":"product","2":"type-product","3":"status-publish","4":"has-post-thumbnail","6":"product_cat-bok-staende-hyllor","7":"product_cat-hemmakontor-arbetsplats","8":"product_cat-hus-hem","10":"first","11":"instock","12":"sale","13":"taxable","14":"shipping-taxable","15":"purchasable","16":"product-type-simple"},"yoast_head":"<!-- This site is optimized with the Yoast SEO plugin v25.4 - https:\/\/yoast.com\/wordpress\/plugins\/seo\/ -->\n<title>TRUUSK Bokhylla med 6 Niv\u00e5er - 3-stegs Justerbar - Med L\u00e5da - Sk\u00e5pd\u00f6rr - Anpassningsbar - Utst\u00e4llningshylla - Vit - TRUUSK - Hem, Tr\u00e4dg\u00e5rd &amp; Fritid<\/title>\n<meta name=\"robots\" content=\"index, follow, max-snippet:-1, max-image-preview:large, max-video-preview:-1\" \/>\n<link rel=\"canonical\" href=\"https:\/\/truusk.store\/sv\/produkt\/truusk-bokhylla-med-6-nivaer-3-stegs-justerbar-med-lada-skapdorr-anpassningsbar-utstallningshylla-vit\/\" \/>\n<meta property=\"og:locale\" content=\"sv_SE\" \/>\n<meta property=\"og:type\" content=\"article\" \/>\n<meta property=\"og:title\" content=\"TRUUSK Bokhylla med 6 Niv\u00e5er - 3-stegs Justerbar - Med L\u00e5da - Sk\u00e5pd\u00f6rr - Anpassningsbar - Utst\u00e4llningshylla - Vit - TRUUSK - Hem, Tr\u00e4dg\u00e5rd &amp; Fritid\" \/>\n<meta property=\"og:description\" content=\"St\u00f6r oordningen i din lilla l\u00e4genhet dina nerver? St\u00e4ndigt grubblar \u00f6ver utspridda saker och instabila m\u00f6bler belastar dig? TRUUSK bokhyllan...\" \/>\n<meta property=\"og:url\" content=\"https:\/\/truusk.store\/sv\/produkt\/truusk-bokhylla-med-6-nivaer-3-stegs-justerbar-med-lada-skapdorr-anpassningsbar-utstallningshylla-vit\/\" \/>\n<meta property=\"og:site_name\" content=\"TRUUSK - Hem, Tr\u00e4dg\u00e5rd &amp; Fritid\" \/>\n<meta property=\"article:modified_time\" content=\"2026-03-12T07:48:17+00:00\" \/>\n<meta property=\"og:image\" content=\"https:\/\/i0.wp.com\/truusk.se\/wp-content\/uploads\/2025\/10\/bokhylla-med-6-nivaer-3-stegs-justerbar-med-lada-skapdorr-anpassningsbar-hylla-utstallningshylla-vit-1.webp?fit=2000%2C2000&ssl=1\" \/>\n\t<meta property=\"og:image:width\" content=\"2000\" \/>\n\t<meta property=\"og:image:height\" content=\"2000\" \/>\n\t<meta property=\"og:image:type\" content=\"image\/webp\" \/>\n<meta name=\"twitter:card\" content=\"summary_large_image\" \/>\n<meta name=\"twitter:label1\" content=\"Ber\u00e4knad l\u00e4stid\" \/>\n\t<meta name=\"twitter:data1\" content=\"1 minut\" \/>\n<!-- \/ Yoast SEO plugin. -->","yoast_head_json":{"title":"TRUUSK Bokhylla med 6 Niv\u00e5er - 3-stegs Justerbar - Med L\u00e5da - Sk\u00e5pd\u00f6rr - Anpassningsbar - Utst\u00e4llningshylla - Vit - TRUUSK - Hem, Tr\u00e4dg\u00e5rd &amp; Fritid","robots":{"index":"index","follow":"follow","max-snippet":"max-snippet:-1","max-image-preview":"max-image-preview:large","max-video-preview":"max-video-preview:-1"},"canonical":"https:\/\/truusk.store\/sv\/produkt\/truusk-bokhylla-med-6-nivaer-3-stegs-justerbar-med-lada-skapdorr-anpassningsbar-utstallningshylla-vit\/","og_locale":"sv_SE","og_type":"article","og_title":"TRUUSK Bokhylla med 6 Niv\u00e5er - 3-stegs Justerbar - Med L\u00e5da - Sk\u00e5pd\u00f6rr - Anpassningsbar - Utst\u00e4llningshylla - Vit - TRUUSK - Hem, Tr\u00e4dg\u00e5rd &amp; Fritid","og_description":"St\u00f6r oordningen i din lilla l\u00e4genhet dina nerver? St\u00e4ndigt grubblar \u00f6ver utspridda saker och instabila m\u00f6bler belastar dig? TRUUSK bokhyllan...","og_url":"https:\/\/truusk.store\/sv\/produkt\/truusk-bokhylla-med-6-nivaer-3-stegs-justerbar-med-lada-skapdorr-anpassningsbar-utstallningshylla-vit\/","og_site_name":"TRUUSK - Hem, Tr\u00e4dg\u00e5rd &amp; Fritid","article_modified_time":"2026-03-12T07:48:17+00:00","og_image":[{"width":2000,"height":2000,"url":"https:\/\/i0.wp.com\/truusk.se\/wp-content\/uploads\/2025\/10\/bokhylla-med-6-nivaer-3-stegs-justerbar-med-lada-skapdorr-anpassningsbar-hylla-utstallningshylla-vit-1.webp?fit=2000%2C2000&ssl=1","type":"image\/webp"}],"twitter_card":"summary_large_image","twitter_misc":{"Ber\u00e4knad l\u00e4stid":"1 minut"},"schema":{"@context":"https:\/\/schema.org","@graph":[{"@type":"WebPage","@id":"https:\/\/truusk.store\/sv\/produkt\/truusk-bokhylla-med-6-nivaer-3-stegs-justerbar-med-lada-skapdorr-anpassningsbar-utstallningshylla-vit\/","url":"https:\/\/truusk.store\/sv\/produkt\/truusk-bokhylla-med-6-nivaer-3-stegs-justerbar-med-lada-skapdorr-anpassningsbar-utstallningshylla-vit\/","name":"TRUUSK Bokhylla med 6 Niv\u00e5er - 3-stegs Justerbar - Med L\u00e5da - Sk\u00e5pd\u00f6rr - Anpassningsbar - Utst\u00e4llningshylla - Vit - TRUUSK - Hem, Tr\u00e4dg\u00e5rd &amp; Fritid","isPartOf":{"@id":"https:\/\/truusk.store\/sv\/#website"},"primaryImageOfPage":{"@id":"https:\/\/truusk.store\/sv\/produkt\/truusk-bokhylla-med-6-nivaer-3-stegs-justerbar-med-lada-skapdorr-anpassningsbar-utstallningshylla-vit\/#primaryimage"},"image":{"@id":"https:\/\/truusk.store\/sv\/produkt\/truusk-bokhylla-med-6-nivaer-3-stegs-justerbar-med-lada-skapdorr-anpassningsbar-utstallningshylla-vit\/#primaryimage"},"thumbnailUrl":"https:\/\/i0.wp.com\/truusk.store\/wp-content\/uploads\/2025\/10\/bokhylla-med-6-nivaer-3-stegs-justerbar-med-lada-skapdorr-anpassningsbar-hylla-utstallningshylla-vit-1.webp?fit=2000%2C2000&ssl=1","datePublished":"2025-10-24T03:55:33+00:00","dateModified":"2026-03-12T07:48:17+00:00","breadcrumb":{"@id":"https:\/\/truusk.store\/sv\/produkt\/truusk-bokhylla-med-6-nivaer-3-stegs-justerbar-med-lada-skapdorr-anpassningsbar-utstallningshylla-vit\/#breadcrumb"},"inLanguage":"sv-SE","potentialAction":[{"@type":"ReadAction","target":["https:\/\/truusk.store\/sv\/produkt\/truusk-bokhylla-med-6-nivaer-3-stegs-justerbar-med-lada-skapdorr-anpassningsbar-utstallningshylla-vit\/"]}]},{"@type":"ImageObject","inLanguage":"sv-SE","@id":"https:\/\/truusk.store\/sv\/produkt\/truusk-bokhylla-med-6-nivaer-3-stegs-justerbar-med-lada-skapdorr-anpassningsbar-utstallningshylla-vit\/#primaryimage","url":"https:\/\/i0.wp.com\/truusk.store\/wp-content\/uploads\/2025\/10\/bokhylla-med-6-nivaer-3-stegs-justerbar-med-lada-skapdorr-anpassningsbar-hylla-utstallningshylla-vit-1.webp?fit=2000%2C2000&ssl=1","contentUrl":"https:\/\/i0.wp.com\/truusk.store\/wp-content\/uploads\/2025\/10\/bokhylla-med-6-nivaer-3-stegs-justerbar-med-lada-skapdorr-anpassningsbar-hylla-utstallningshylla-vit-1.webp?fit=2000%2C2000&ssl=1","width":2000,"height":2000},{"@type":"BreadcrumbList","@id":"https:\/\/truusk.store\/sv\/produkt\/truusk-bokhylla-med-6-nivaer-3-stegs-justerbar-med-lada-skapdorr-anpassningsbar-utstallningshylla-vit\/#breadcrumb","itemListElement":[{"@type":"ListItem","position":1,"name":"Home","item":"https:\/\/truusk.store\/sv\/"},{"@type":"ListItem","position":2,"name":"Shop","item":"https:\/\/truusk.store\/shop\/"},{"@type":"ListItem","position":3,"name":"TRUUSK Bokhylla med 6 Niv\u00e5er &#8211; 3-stegs Justerbar &#8211; Med L\u00e5da &#8211; Sk\u00e5pd\u00f6rr &#8211; Anpassningsbar &#8211; Utst\u00e4llningshylla &#8211; Vit"}]},{"@type":"WebSite","@id":"https:\/\/truusk.store\/sv\/#website","url":"https:\/\/truusk.store\/sv\/","name":"TRUUSK - Hem, Tr\u00e4dg\u00e5rd & Fritid","description":"","publisher":{"@id":"https:\/\/truusk.store\/sv\/#organization"},"potentialAction":[{"@type":"SearchAction","target":{"@type":"EntryPoint","urlTemplate":"https:\/\/truusk.store\/sv\/?s={search_term_string}"},"query-input":{"@type":"PropertyValueSpecification","valueRequired":true,"valueName":"search_term_string"}}],"inLanguage":"sv-SE"},{"@type":"Organization","@id":"https:\/\/truusk.store\/sv\/#organization","name":"TRUUSK - Hem, Tr\u00e4dg\u00e5rd & Fritid","url":"https:\/\/truusk.store\/sv\/","logo":{"@type":"ImageObject","inLanguage":"sv-SE","@id":"https:\/\/truusk.store\/sv\/#\/schema\/logo\/image\/","url":"https:\/\/i0.wp.com\/truusk.store\/wp-content\/uploads\/2026\/03\/cropped-TRUUSK.png?fit=2032%2C917&ssl=1","contentUrl":"https:\/\/i0.wp.com\/truusk.store\/wp-content\/uploads\/2026\/03\/cropped-TRUUSK.png?fit=2032%2C917&ssl=1","width":2032,"height":917,"caption":"TRUUSK - Hem, Tr\u00e4dg\u00e5rd & Fritid"},"image":{"@id":"https:\/\/truusk.store\/sv\/#\/schema\/logo\/image\/"}}]}},"jetpack_sharing_enabled":true,"_links":{"self":[{"href":"https:\/\/truusk.store\/sv\/wp-json\/wp\/v2\/product\/94079","targetHints":{"allow":["GET"]}}],"collection":[{"href":"https:\/\/truusk.store\/sv\/wp-json\/wp\/v2\/product"}],"about":[{"href":"https:\/\/truusk.store\/sv\/wp-json\/wp\/v2\/types\/product"}],"wp:featuredmedia":[{"embeddable":true,"href":"https:\/\/truusk.store\/sv\/wp-json\/wp\/v2\/media\/94070"}],"wp:attachment":[{"href":"https:\/\/truusk.store\/sv\/wp-json\/wp\/v2\/media?parent=94079"}],"wp:term":[{"taxonomy":"product_brand","embeddable":true,"href":"https:\/\/truusk.store\/sv\/wp-json\/wp\/v2\/product_brand?post=94079"},{"taxonomy":"product_cat","embeddable":true,"href":"https:\/\/truusk.store\/sv\/wp-json\/wp\/v2\/product_cat?post=94079"},{"taxonomy":"product_tag","embeddable":true,"href":"https:\/\/truusk.store\/sv\/wp-json\/wp\/v2\/product_tag?post=94079"}],"curies":[{"name":"wp","href":"https:\/\/api.w.org\/{rel}","templated":true}]}}