{"id":94099,"date":"2025-10-24T04:57:27","date_gmt":"2025-10-24T03:57:27","guid":{"rendered":"https:\/\/truusk.store\/product\/aiyaplay-leksakskok-med-rinnande-vatten-85-delars-tillbehor-elektrisk-kran-ljus-ljud-for-barn-3-6-ar\/"},"modified":"2026-03-12T08:48:18","modified_gmt":"2026-03-12T07:48:18","slug":"truusk-leksakskok-med-rinnande-vatten-85-delars-tillbehor-elektrisk-kran-ljus-och-ljud-for-barn-3-6-ar","status":"publish","type":"product","link":"https:\/\/truusk.store\/sv\/produkt\/truusk-leksakskok-med-rinnande-vatten-85-delars-tillbehor-elektrisk-kran-ljus-och-ljud-for-barn-3-6-ar\/","title":{"rendered":"TRUUSK Leksaksk\u00f6k med Rinnande Vatten &#8211; 85-delars Tillbeh\u00f6r &#8211; Elektrisk Kran &#8211; Ljus och Ljud &#8211; F\u00f6r Barn 3-6 \u00e5r"},"content":{"rendered":"<p>AIYAPLAY leksaksk\u00f6k ger kreativ och autentisk kul. Den automatiska kranen reng\u00f6r sm\u00e5 h\u00e4nder, medan den s\u00e4kra, kalla \u00e5ngspisen realistiskt fr\u00e4ser. Gl\u00f6dande ljus fr\u00e5n dockk\u00f6ket ger extra livliga effekter. Med detta 85-delars set fr\u00e4mjar detta leksaksk\u00f6k kreativitet och omfattande n\u00f6je.<\/p>\n<p>Beskrivning:<\/p>\n<ul>\n<li> Realistisk spis sprutar dimma och kokar vatten<\/li>\n<li> Elektrisk kran i barnens leksaksk\u00f6k cirkulerar automatiskt vatten<\/li>\n<li> Inneh\u00e5ller 85 rika tillbeh\u00f6r f\u00f6r kreativitet och gruppspelskul<\/li>\n<li> Interaktiv k\u00f6ksfl\u00e4kt spelar musik och lyser, vilket skapar en underh\u00e5llande atmosf\u00e4r<\/li>\n<li> Erbjuder mycket f\u00f6rvaringsutrymme, hj\u00e4lper barn att utveckla goda organisationsf\u00e4rdigheter genom lek<\/li>\n<li> H\u00f6jden p\u00e5 leksaksk\u00f6ket p\u00e5 83 cm \u00e4r utformat f\u00f6r bekv\u00e4mt spel f\u00f6r barn i \u00e5ldrarna 3-6 \u00e5r<\/li>\n<li> Fr\u00e4mjar social interaktion, l\u00e4mplig f\u00f6r gruppspel med syskon eller v\u00e4nner<\/li>\n<li> Montering kr\u00e4vs<\/li>\n<\/ul>\n<p> Tekniska data:<\/p>\n<ul>\n<li> F\u00e4rg: Rosa+Vit+Gul<\/li>\n<li> Material: Plast<\/li>\n<li> Totala dimensioner: 66L x 24B x 83H cm<\/li>\n<li> H\u00f6jd p\u00e5 arbetsytan: 41 cm<\/li>\n<li> Spisstorlek: 22L x 14,5B x 6,5H cm<\/li>\n<li> Batterier: 9 x 1,5V AA (ing\u00e5r ej)<\/li>\n<li> Antal delar: 85<\/li>\n<li> Presentl\u00e5da: 52L x 20B x 72H cm<\/li>\n<li> Rekommenderad \u00e5lder: 3-6 \u00e5r<\/li>\n<\/ul>\n<p> Leveransinneh\u00e5ll:<\/p>\n<ul>\n<li> 1 x Leksaksk\u00f6k<\/li>\n<li> 1 x Bruksanvisning<\/li>\n<\/ul>\n","protected":false},"excerpt":{"rendered":"<p>AIYAPLAY leksaksk\u00f6k ger kreativ och autentisk kul. Den automatiska kranen reng\u00f6r sm\u00e5 h\u00e4nder, medan den s\u00e4kra, kalla \u00e5ngspisen realistiskt fr\u00e4ser&#8230;.<\/p>\n","protected":false},"featured_media":94090,"template":"","meta":[],"product_brand":[],"product_cat":[880,626,918],"product_tag":[],"class_list":{"0":"post-94099","1":"product","2":"type-product","3":"status-publish","4":"has-post-thumbnail","6":"product_cat-baby-barn-2","7":"product_cat-barns-rollspel","8":"product_cat-leksaker","10":"first","11":"instock","12":"sale","13":"taxable","14":"shipping-taxable","15":"purchasable","16":"product-type-simple"},"yoast_head":"<!-- This site is optimized with the Yoast SEO plugin v25.4 - https:\/\/yoast.com\/wordpress\/plugins\/seo\/ -->\n<title>TRUUSK Leksaksk\u00f6k med Rinnande Vatten - 85-delars Tillbeh\u00f6r - Elektrisk Kran - Ljus och Ljud - F\u00f6r Barn 3-6 \u00e5r - TRUUSK - Hem, Tr\u00e4dg\u00e5rd &amp; Fritid<\/title>\n<meta name=\"robots\" content=\"index, follow, max-snippet:-1, max-image-preview:large, max-video-preview:-1\" \/>\n<link rel=\"canonical\" href=\"https:\/\/truusk.store\/sv\/produkt\/truusk-leksakskok-med-rinnande-vatten-85-delars-tillbehor-elektrisk-kran-ljus-och-ljud-for-barn-3-6-ar\/\" \/>\n<meta property=\"og:locale\" content=\"sv_SE\" \/>\n<meta property=\"og:type\" content=\"article\" \/>\n<meta property=\"og:title\" content=\"TRUUSK Leksaksk\u00f6k med Rinnande Vatten - 85-delars Tillbeh\u00f6r - Elektrisk Kran - Ljus och Ljud - F\u00f6r Barn 3-6 \u00e5r - TRUUSK - Hem, Tr\u00e4dg\u00e5rd &amp; Fritid\" \/>\n<meta property=\"og:description\" content=\"AIYAPLAY leksaksk\u00f6k ger kreativ och autentisk kul. Den automatiska kranen reng\u00f6r sm\u00e5 h\u00e4nder, medan den s\u00e4kra, kalla \u00e5ngspisen realistiskt fr\u00e4ser....\" \/>\n<meta property=\"og:url\" content=\"https:\/\/truusk.store\/sv\/produkt\/truusk-leksakskok-med-rinnande-vatten-85-delars-tillbehor-elektrisk-kran-ljus-och-ljud-for-barn-3-6-ar\/\" \/>\n<meta property=\"og:site_name\" content=\"TRUUSK - Hem, Tr\u00e4dg\u00e5rd &amp; Fritid\" \/>\n<meta property=\"article:modified_time\" content=\"2026-03-12T07:48:18+00:00\" \/>\n<meta property=\"og:image\" content=\"https:\/\/i0.wp.com\/truusk.se\/wp-content\/uploads\/2025\/10\/aiyaplay-leksakskok-med-rinnande-vatten-85-delars-tillbehor-elektrisk-kran-ljus-ljud-for-barn-3-6-ar-1.webp?fit=2000%2C2000&ssl=1\" \/>\n\t<meta property=\"og:image:width\" content=\"2000\" \/>\n\t<meta property=\"og:image:height\" content=\"2000\" \/>\n\t<meta property=\"og:image:type\" content=\"image\/webp\" \/>\n<meta name=\"twitter:card\" content=\"summary_large_image\" \/>\n<meta name=\"twitter:label1\" content=\"Ber\u00e4knad l\u00e4stid\" \/>\n\t<meta name=\"twitter:data1\" content=\"1 minut\" \/>\n<!-- \/ Yoast SEO plugin. -->","yoast_head_json":{"title":"TRUUSK Leksaksk\u00f6k med Rinnande Vatten - 85-delars Tillbeh\u00f6r - Elektrisk Kran - Ljus och Ljud - F\u00f6r Barn 3-6 \u00e5r - TRUUSK - Hem, Tr\u00e4dg\u00e5rd &amp; Fritid","robots":{"index":"index","follow":"follow","max-snippet":"max-snippet:-1","max-image-preview":"max-image-preview:large","max-video-preview":"max-video-preview:-1"},"canonical":"https:\/\/truusk.store\/sv\/produkt\/truusk-leksakskok-med-rinnande-vatten-85-delars-tillbehor-elektrisk-kran-ljus-och-ljud-for-barn-3-6-ar\/","og_locale":"sv_SE","og_type":"article","og_title":"TRUUSK Leksaksk\u00f6k med Rinnande Vatten - 85-delars Tillbeh\u00f6r - Elektrisk Kran - Ljus och Ljud - F\u00f6r Barn 3-6 \u00e5r - TRUUSK - Hem, Tr\u00e4dg\u00e5rd &amp; Fritid","og_description":"AIYAPLAY leksaksk\u00f6k ger kreativ och autentisk kul. Den automatiska kranen reng\u00f6r sm\u00e5 h\u00e4nder, medan den s\u00e4kra, kalla \u00e5ngspisen realistiskt fr\u00e4ser....","og_url":"https:\/\/truusk.store\/sv\/produkt\/truusk-leksakskok-med-rinnande-vatten-85-delars-tillbehor-elektrisk-kran-ljus-och-ljud-for-barn-3-6-ar\/","og_site_name":"TRUUSK - Hem, Tr\u00e4dg\u00e5rd &amp; Fritid","article_modified_time":"2026-03-12T07:48:18+00:00","og_image":[{"width":2000,"height":2000,"url":"https:\/\/i0.wp.com\/truusk.se\/wp-content\/uploads\/2025\/10\/aiyaplay-leksakskok-med-rinnande-vatten-85-delars-tillbehor-elektrisk-kran-ljus-ljud-for-barn-3-6-ar-1.webp?fit=2000%2C2000&ssl=1","type":"image\/webp"}],"twitter_card":"summary_large_image","twitter_misc":{"Ber\u00e4knad l\u00e4stid":"1 minut"},"schema":{"@context":"https:\/\/schema.org","@graph":[{"@type":"WebPage","@id":"https:\/\/truusk.store\/sv\/produkt\/truusk-leksakskok-med-rinnande-vatten-85-delars-tillbehor-elektrisk-kran-ljus-och-ljud-for-barn-3-6-ar\/","url":"https:\/\/truusk.store\/sv\/produkt\/truusk-leksakskok-med-rinnande-vatten-85-delars-tillbehor-elektrisk-kran-ljus-och-ljud-for-barn-3-6-ar\/","name":"TRUUSK Leksaksk\u00f6k med Rinnande Vatten - 85-delars Tillbeh\u00f6r - Elektrisk Kran - Ljus och Ljud - F\u00f6r Barn 3-6 \u00e5r - TRUUSK - Hem, Tr\u00e4dg\u00e5rd &amp; Fritid","isPartOf":{"@id":"https:\/\/truusk.store\/sv\/#website"},"primaryImageOfPage":{"@id":"https:\/\/truusk.store\/sv\/produkt\/truusk-leksakskok-med-rinnande-vatten-85-delars-tillbehor-elektrisk-kran-ljus-och-ljud-for-barn-3-6-ar\/#primaryimage"},"image":{"@id":"https:\/\/truusk.store\/sv\/produkt\/truusk-leksakskok-med-rinnande-vatten-85-delars-tillbehor-elektrisk-kran-ljus-och-ljud-for-barn-3-6-ar\/#primaryimage"},"thumbnailUrl":"https:\/\/i0.wp.com\/truusk.store\/wp-content\/uploads\/2025\/10\/aiyaplay-leksakskok-med-rinnande-vatten-85-delars-tillbehor-elektrisk-kran-ljus-ljud-for-barn-3-6-ar-1.webp?fit=2000%2C2000&ssl=1","datePublished":"2025-10-24T03:57:27+00:00","dateModified":"2026-03-12T07:48:18+00:00","breadcrumb":{"@id":"https:\/\/truusk.store\/sv\/produkt\/truusk-leksakskok-med-rinnande-vatten-85-delars-tillbehor-elektrisk-kran-ljus-och-ljud-for-barn-3-6-ar\/#breadcrumb"},"inLanguage":"sv-SE","potentialAction":[{"@type":"ReadAction","target":["https:\/\/truusk.store\/sv\/produkt\/truusk-leksakskok-med-rinnande-vatten-85-delars-tillbehor-elektrisk-kran-ljus-och-ljud-for-barn-3-6-ar\/"]}]},{"@type":"ImageObject","inLanguage":"sv-SE","@id":"https:\/\/truusk.store\/sv\/produkt\/truusk-leksakskok-med-rinnande-vatten-85-delars-tillbehor-elektrisk-kran-ljus-och-ljud-for-barn-3-6-ar\/#primaryimage","url":"https:\/\/i0.wp.com\/truusk.store\/wp-content\/uploads\/2025\/10\/aiyaplay-leksakskok-med-rinnande-vatten-85-delars-tillbehor-elektrisk-kran-ljus-ljud-for-barn-3-6-ar-1.webp?fit=2000%2C2000&ssl=1","contentUrl":"https:\/\/i0.wp.com\/truusk.store\/wp-content\/uploads\/2025\/10\/aiyaplay-leksakskok-med-rinnande-vatten-85-delars-tillbehor-elektrisk-kran-ljus-ljud-for-barn-3-6-ar-1.webp?fit=2000%2C2000&ssl=1","width":2000,"height":2000},{"@type":"BreadcrumbList","@id":"https:\/\/truusk.store\/sv\/produkt\/truusk-leksakskok-med-rinnande-vatten-85-delars-tillbehor-elektrisk-kran-ljus-och-ljud-for-barn-3-6-ar\/#breadcrumb","itemListElement":[{"@type":"ListItem","position":1,"name":"Home","item":"https:\/\/truusk.store\/sv\/"},{"@type":"ListItem","position":2,"name":"Shop","item":"https:\/\/truusk.store\/shop\/"},{"@type":"ListItem","position":3,"name":"TRUUSK Leksaksk\u00f6k med Rinnande Vatten &#8211; 85-delars Tillbeh\u00f6r &#8211; Elektrisk Kran &#8211; Ljus och Ljud &#8211; F\u00f6r Barn 3-6 \u00e5r"}]},{"@type":"WebSite","@id":"https:\/\/truusk.store\/sv\/#website","url":"https:\/\/truusk.store\/sv\/","name":"TRUUSK - Hem, Tr\u00e4dg\u00e5rd & Fritid","description":"","publisher":{"@id":"https:\/\/truusk.store\/sv\/#organization"},"potentialAction":[{"@type":"SearchAction","target":{"@type":"EntryPoint","urlTemplate":"https:\/\/truusk.store\/sv\/?s={search_term_string}"},"query-input":{"@type":"PropertyValueSpecification","valueRequired":true,"valueName":"search_term_string"}}],"inLanguage":"sv-SE"},{"@type":"Organization","@id":"https:\/\/truusk.store\/sv\/#organization","name":"TRUUSK - Hem, Tr\u00e4dg\u00e5rd & Fritid","url":"https:\/\/truusk.store\/sv\/","logo":{"@type":"ImageObject","inLanguage":"sv-SE","@id":"https:\/\/truusk.store\/sv\/#\/schema\/logo\/image\/","url":"https:\/\/i0.wp.com\/truusk.store\/wp-content\/uploads\/2026\/03\/cropped-TRUUSK.png?fit=2032%2C917&ssl=1","contentUrl":"https:\/\/i0.wp.com\/truusk.store\/wp-content\/uploads\/2026\/03\/cropped-TRUUSK.png?fit=2032%2C917&ssl=1","width":2032,"height":917,"caption":"TRUUSK - Hem, Tr\u00e4dg\u00e5rd & Fritid"},"image":{"@id":"https:\/\/truusk.store\/sv\/#\/schema\/logo\/image\/"}}]}},"jetpack_sharing_enabled":true,"_links":{"self":[{"href":"https:\/\/truusk.store\/sv\/wp-json\/wp\/v2\/product\/94099","targetHints":{"allow":["GET"]}}],"collection":[{"href":"https:\/\/truusk.store\/sv\/wp-json\/wp\/v2\/product"}],"about":[{"href":"https:\/\/truusk.store\/sv\/wp-json\/wp\/v2\/types\/product"}],"wp:featuredmedia":[{"embeddable":true,"href":"https:\/\/truusk.store\/sv\/wp-json\/wp\/v2\/media\/94090"}],"wp:attachment":[{"href":"https:\/\/truusk.store\/sv\/wp-json\/wp\/v2\/media?parent=94099"}],"wp:term":[{"taxonomy":"product_brand","embeddable":true,"href":"https:\/\/truusk.store\/sv\/wp-json\/wp\/v2\/product_brand?post=94099"},{"taxonomy":"product_cat","embeddable":true,"href":"https:\/\/truusk.store\/sv\/wp-json\/wp\/v2\/product_cat?post=94099"},{"taxonomy":"product_tag","embeddable":true,"href":"https:\/\/truusk.store\/sv\/wp-json\/wp\/v2\/product_tag?post=94099"}],"curies":[{"name":"wp","href":"https:\/\/api.w.org\/{rel}","templated":true}]}}