{"id":94149,"date":"2025-10-24T05:02:27","date_gmt":"2025-10-24T04:02:27","guid":{"rendered":"https:\/\/truusk.store\/product\/modern-fatolj-vadderad-accentstol-med-landkudde-gummitraben-gul\/"},"modified":"2026-03-12T08:48:24","modified_gmt":"2026-03-12T07:48:24","slug":"truusk-modern-hundstol-vadderad-med-landkudde-gummitraben-gul","status":"publish","type":"product","link":"https:\/\/truusk.store\/sv\/produkt\/truusk-modern-hundstol-vadderad-med-landkudde-gummitraben-gul\/","title":{"rendered":"TRUUSK Modern Hundstol &#8211; Vadderad Med L\u00e4ndkudde &#8211; Gummitr\u00e4ben &#8211; Gul"},"content":{"rendered":"<p>Dyk in i den bekv\u00e4ma komforten av TRUUSK stoppstol, perfekt f\u00f6r ditt vardagsrum eller sovrum. Denna kompakta relaxstol erbjuder tack vare det h\u00f6gdensitetsskum och S-fj\u00e4drar i mjukt tyg\u00f6verdrag en smidig bekv\u00e4mlighet som anpassar sig till din kropp. Med elegant vingryggst\u00f6d och sv\u00e4ngda armst\u00f6d \u00e4r sminkstolen idealisk f\u00f6r avkoppling eller l\u00e4sning.<\/p>\n<p>Beskrivning:<\/p>\n<ul>\n<li> H\u00f6g densitet skum, S-fj\u00e4drar och elastiska band p\u00e5 stolen ger tillf\u00f6rlitligt sittst\u00f6d<\/li>\n<li> 18 cm tjock stoppning, mjukt tyg och en extra l\u00e4ndkudde ger en optimal sittupplevelse<\/li>\n<li> Stolens \u00f6ronstolsdesign ger en elegant touch<\/li>\n<li> Ram av eukalyptustr\u00e4 och ben av gummitr\u00e4 ger en robust konstruktion<\/li>\n<li> Justerbara fotdynor p\u00e5 l\u00e4sstolen ger stabilitet p\u00e5 oj\u00e4mna golv<\/li>\n<li> L\u00e4mplig f\u00f6r vardagsrum, arbetsrum och mer<\/li>\n<li> Enkel montering kr\u00e4vs<\/li>\n<\/ul>\n<p> Tekniska data:<\/p>\n<ul>\n<li> F\u00e4rg: Gul<\/li>\n<li> Material: Cordtyg (100% polyester), skum, eukalyptus, gummitr\u00e4<\/li>\n<li> Totala dimensioner: 69L x 69,5B x 78H cm<\/li>\n<li> Sitsstorlek: 53L x 53B x 43H cm<\/li>\n<li> Ryggst\u00f6dsdimensioner: 63B x 38H cm<\/li>\n<li> Sits tjocklek: 18 cm<\/li>\n<li> Rygg tjocklek: 9 cm<\/li>\n<li> Armst\u00f6dsdimensioner: 36L x 7B cm<\/li>\n<li> Armst\u00f6dsh\u00f6jd till sits: 14 cm<\/li>\n<li> Kuddstorlek: 43L x 24B x 13T cm<\/li>\n<li> Benh\u00f6jd: 23 cm<\/li>\n<li> Belastningskapacitet: 120 kg<\/li>\n<\/ul>\n<p> Leverans inneh\u00e5ller:<\/p>\n<ul>\n<li> 1 x Stol<\/li>\n<li> 1 x Handbok<\/li>\n<\/ul>\n","protected":false},"excerpt":{"rendered":"<p>Dyk in i den bekv\u00e4ma komforten av TRUUSK stoppstol, perfekt f\u00f6r ditt vardagsrum eller sovrum. Denna kompakta relaxstol erbjuder tack&#8230;<\/p>\n","protected":false},"featured_media":94140,"template":"","meta":[],"product_brand":[],"product_cat":[967,521,871,910],"product_tag":[],"class_list":{"0":"post-94149","1":"product","2":"type-product","3":"status-publish","4":"has-post-thumbnail","6":"product_cat-cocktailsessel","7":"product_cat-fatolj","8":"product_cat-hus-hem","9":"product_cat-vardagsrum","11":"first","12":"instock","13":"sale","14":"taxable","15":"shipping-taxable","16":"purchasable","17":"product-type-simple"},"yoast_head":"<!-- This site is optimized with the Yoast SEO plugin v25.4 - https:\/\/yoast.com\/wordpress\/plugins\/seo\/ -->\n<title>TRUUSK Modern Hundstol - Vadderad Med L\u00e4ndkudde - Gummitr\u00e4ben - Gul - TRUUSK - Hem, Tr\u00e4dg\u00e5rd &amp; Fritid<\/title>\n<meta name=\"robots\" content=\"index, follow, max-snippet:-1, max-image-preview:large, max-video-preview:-1\" \/>\n<link rel=\"canonical\" href=\"https:\/\/truusk.store\/sv\/produkt\/truusk-modern-hundstol-vadderad-med-landkudde-gummitraben-gul\/\" \/>\n<meta property=\"og:locale\" content=\"sv_SE\" \/>\n<meta property=\"og:type\" content=\"article\" \/>\n<meta property=\"og:title\" content=\"TRUUSK Modern Hundstol - Vadderad Med L\u00e4ndkudde - Gummitr\u00e4ben - Gul - TRUUSK - Hem, Tr\u00e4dg\u00e5rd &amp; Fritid\" \/>\n<meta property=\"og:description\" content=\"Dyk in i den bekv\u00e4ma komforten av TRUUSK stoppstol, perfekt f\u00f6r ditt vardagsrum eller sovrum. Denna kompakta relaxstol erbjuder tack...\" \/>\n<meta property=\"og:url\" content=\"https:\/\/truusk.store\/sv\/produkt\/truusk-modern-hundstol-vadderad-med-landkudde-gummitraben-gul\/\" \/>\n<meta property=\"og:site_name\" content=\"TRUUSK - Hem, Tr\u00e4dg\u00e5rd &amp; Fritid\" \/>\n<meta property=\"article:modified_time\" content=\"2026-03-12T07:48:24+00:00\" \/>\n<meta property=\"og:image\" content=\"https:\/\/i0.wp.com\/truusk.se\/wp-content\/uploads\/2025\/10\/modern-fatolj-vadderad-accentstol-med-landkudde-gummitraben-gul-1.webp?fit=2000%2C2000&ssl=1\" \/>\n\t<meta property=\"og:image:width\" content=\"2000\" \/>\n\t<meta property=\"og:image:height\" content=\"2000\" \/>\n\t<meta property=\"og:image:type\" content=\"image\/webp\" \/>\n<meta name=\"twitter:card\" content=\"summary_large_image\" \/>\n<meta name=\"twitter:label1\" content=\"Ber\u00e4knad l\u00e4stid\" \/>\n\t<meta name=\"twitter:data1\" content=\"1 minut\" \/>\n<!-- \/ Yoast SEO plugin. -->","yoast_head_json":{"title":"TRUUSK Modern Hundstol - Vadderad Med L\u00e4ndkudde - Gummitr\u00e4ben - Gul - TRUUSK - Hem, Tr\u00e4dg\u00e5rd &amp; Fritid","robots":{"index":"index","follow":"follow","max-snippet":"max-snippet:-1","max-image-preview":"max-image-preview:large","max-video-preview":"max-video-preview:-1"},"canonical":"https:\/\/truusk.store\/sv\/produkt\/truusk-modern-hundstol-vadderad-med-landkudde-gummitraben-gul\/","og_locale":"sv_SE","og_type":"article","og_title":"TRUUSK Modern Hundstol - Vadderad Med L\u00e4ndkudde - Gummitr\u00e4ben - Gul - TRUUSK - Hem, Tr\u00e4dg\u00e5rd &amp; Fritid","og_description":"Dyk in i den bekv\u00e4ma komforten av TRUUSK stoppstol, perfekt f\u00f6r ditt vardagsrum eller sovrum. Denna kompakta relaxstol erbjuder tack...","og_url":"https:\/\/truusk.store\/sv\/produkt\/truusk-modern-hundstol-vadderad-med-landkudde-gummitraben-gul\/","og_site_name":"TRUUSK - Hem, Tr\u00e4dg\u00e5rd &amp; Fritid","article_modified_time":"2026-03-12T07:48:24+00:00","og_image":[{"width":2000,"height":2000,"url":"https:\/\/i0.wp.com\/truusk.se\/wp-content\/uploads\/2025\/10\/modern-fatolj-vadderad-accentstol-med-landkudde-gummitraben-gul-1.webp?fit=2000%2C2000&ssl=1","type":"image\/webp"}],"twitter_card":"summary_large_image","twitter_misc":{"Ber\u00e4knad l\u00e4stid":"1 minut"},"schema":{"@context":"https:\/\/schema.org","@graph":[{"@type":"WebPage","@id":"https:\/\/truusk.store\/sv\/produkt\/truusk-modern-hundstol-vadderad-med-landkudde-gummitraben-gul\/","url":"https:\/\/truusk.store\/sv\/produkt\/truusk-modern-hundstol-vadderad-med-landkudde-gummitraben-gul\/","name":"TRUUSK Modern Hundstol - Vadderad Med L\u00e4ndkudde - Gummitr\u00e4ben - Gul - TRUUSK - Hem, Tr\u00e4dg\u00e5rd &amp; Fritid","isPartOf":{"@id":"https:\/\/truusk.store\/sv\/#website"},"primaryImageOfPage":{"@id":"https:\/\/truusk.store\/sv\/produkt\/truusk-modern-hundstol-vadderad-med-landkudde-gummitraben-gul\/#primaryimage"},"image":{"@id":"https:\/\/truusk.store\/sv\/produkt\/truusk-modern-hundstol-vadderad-med-landkudde-gummitraben-gul\/#primaryimage"},"thumbnailUrl":"https:\/\/i0.wp.com\/truusk.store\/wp-content\/uploads\/2025\/10\/modern-fatolj-vadderad-accentstol-med-landkudde-gummitraben-gul-1.webp?fit=2000%2C2000&ssl=1","datePublished":"2025-10-24T04:02:27+00:00","dateModified":"2026-03-12T07:48:24+00:00","breadcrumb":{"@id":"https:\/\/truusk.store\/sv\/produkt\/truusk-modern-hundstol-vadderad-med-landkudde-gummitraben-gul\/#breadcrumb"},"inLanguage":"sv-SE","potentialAction":[{"@type":"ReadAction","target":["https:\/\/truusk.store\/sv\/produkt\/truusk-modern-hundstol-vadderad-med-landkudde-gummitraben-gul\/"]}]},{"@type":"ImageObject","inLanguage":"sv-SE","@id":"https:\/\/truusk.store\/sv\/produkt\/truusk-modern-hundstol-vadderad-med-landkudde-gummitraben-gul\/#primaryimage","url":"https:\/\/i0.wp.com\/truusk.store\/wp-content\/uploads\/2025\/10\/modern-fatolj-vadderad-accentstol-med-landkudde-gummitraben-gul-1.webp?fit=2000%2C2000&ssl=1","contentUrl":"https:\/\/i0.wp.com\/truusk.store\/wp-content\/uploads\/2025\/10\/modern-fatolj-vadderad-accentstol-med-landkudde-gummitraben-gul-1.webp?fit=2000%2C2000&ssl=1","width":2000,"height":2000},{"@type":"BreadcrumbList","@id":"https:\/\/truusk.store\/sv\/produkt\/truusk-modern-hundstol-vadderad-med-landkudde-gummitraben-gul\/#breadcrumb","itemListElement":[{"@type":"ListItem","position":1,"name":"Home","item":"https:\/\/truusk.store\/sv\/"},{"@type":"ListItem","position":2,"name":"Shop","item":"https:\/\/truusk.store\/shop\/"},{"@type":"ListItem","position":3,"name":"TRUUSK Modern Hundstol &#8211; Vadderad Med L\u00e4ndkudde &#8211; Gummitr\u00e4ben &#8211; Gul"}]},{"@type":"WebSite","@id":"https:\/\/truusk.store\/sv\/#website","url":"https:\/\/truusk.store\/sv\/","name":"TRUUSK - Hem, Tr\u00e4dg\u00e5rd & Fritid","description":"","publisher":{"@id":"https:\/\/truusk.store\/sv\/#organization"},"potentialAction":[{"@type":"SearchAction","target":{"@type":"EntryPoint","urlTemplate":"https:\/\/truusk.store\/sv\/?s={search_term_string}"},"query-input":{"@type":"PropertyValueSpecification","valueRequired":true,"valueName":"search_term_string"}}],"inLanguage":"sv-SE"},{"@type":"Organization","@id":"https:\/\/truusk.store\/sv\/#organization","name":"TRUUSK - Hem, Tr\u00e4dg\u00e5rd & Fritid","url":"https:\/\/truusk.store\/sv\/","logo":{"@type":"ImageObject","inLanguage":"sv-SE","@id":"https:\/\/truusk.store\/sv\/#\/schema\/logo\/image\/","url":"https:\/\/i0.wp.com\/truusk.store\/wp-content\/uploads\/2026\/03\/cropped-TRUUSK.png?fit=2032%2C917&ssl=1","contentUrl":"https:\/\/i0.wp.com\/truusk.store\/wp-content\/uploads\/2026\/03\/cropped-TRUUSK.png?fit=2032%2C917&ssl=1","width":2032,"height":917,"caption":"TRUUSK - Hem, Tr\u00e4dg\u00e5rd & Fritid"},"image":{"@id":"https:\/\/truusk.store\/sv\/#\/schema\/logo\/image\/"}}]}},"jetpack_sharing_enabled":true,"_links":{"self":[{"href":"https:\/\/truusk.store\/sv\/wp-json\/wp\/v2\/product\/94149","targetHints":{"allow":["GET"]}}],"collection":[{"href":"https:\/\/truusk.store\/sv\/wp-json\/wp\/v2\/product"}],"about":[{"href":"https:\/\/truusk.store\/sv\/wp-json\/wp\/v2\/types\/product"}],"wp:featuredmedia":[{"embeddable":true,"href":"https:\/\/truusk.store\/sv\/wp-json\/wp\/v2\/media\/94140"}],"wp:attachment":[{"href":"https:\/\/truusk.store\/sv\/wp-json\/wp\/v2\/media?parent=94149"}],"wp:term":[{"taxonomy":"product_brand","embeddable":true,"href":"https:\/\/truusk.store\/sv\/wp-json\/wp\/v2\/product_brand?post=94149"},{"taxonomy":"product_cat","embeddable":true,"href":"https:\/\/truusk.store\/sv\/wp-json\/wp\/v2\/product_cat?post=94149"},{"taxonomy":"product_tag","embeddable":true,"href":"https:\/\/truusk.store\/sv\/wp-json\/wp\/v2\/product_tag?post=94149"}],"curies":[{"name":"wp","href":"https:\/\/api.w.org\/{rel}","templated":true}]}}