{"id":94169,"date":"2025-10-24T05:04:38","date_gmt":"2025-10-24T04:04:38","guid":{"rendered":"https:\/\/truusk.store\/product\/zonekiz-barnskap-med-6-tyglador-sott-motiv-63x30x66-cm-rosa\/"},"modified":"2026-03-12T08:48:32","modified_gmt":"2026-03-12T07:48:32","slug":"truusk-barnskap-med-6-tyglador-sott-motiv-63x30x66-cm-rosa","status":"publish","type":"product","link":"https:\/\/truusk.store\/sv\/produkt\/truusk-barnskap-med-6-tyglador-sott-motiv-63x30x66-cm-rosa\/","title":{"rendered":"TRUUSK Barnsk\u00e5p Med 6 Tygl\u00e5dor &#8211; S\u00f6tt Motiv &#8211; 63x30x66 Cm &#8211; Rosa"},"content":{"rendered":"<p>F\u00f6rvandla barnrummet till ett organiserat paradis med barnbokhyllan fr\u00e5n ZONEKIZ! I en v\u00e4rld full av leksaker, b\u00f6cker och obegr\u00e4nsad kreativitet, ser v\u00e5r f\u00f6rvaringsenhet i barnhyllan till att allt i barnrummet hittar sin plats. F\u00f6rest\u00e4ll dig ett rum d\u00e4r utspridda leksaker hittar ett mysigt hem och b\u00f6cker en ordnad plats p\u00e5 barnrumshyllorna &#8211; med ZONEKIZ blir detta underverk en barnlek.<\/p>\n<p>Beskrivning:<\/p>\n<ul>\n<li> Barnbokhyllan erbjuder 6 fack som ger gott om utrymme f\u00f6r leksaker, b\u00f6cker och mer<\/li>\n<li> Idealisk h\u00f6jd p\u00e5 barnrumshyllan f\u00f6r 3- till 8-\u00e5ringar f\u00f6r att l\u00e4tt n\u00e5 leksaker och b\u00f6cker<\/li>\n<li> Leksakshyllan fr\u00e4mjar dina barns organisationsf\u00f6rm\u00e5ga<\/li>\n<li> Det s\u00f6ta designet p\u00e5 barnhyllan ger livlig energi till ditt barns rum<\/li>\n<li> Robust konstruktion och certifierade material garanterar s\u00e4kerhet<\/li>\n<li> Montering kr\u00e4vs<\/li>\n<\/ul>\n<p>Tekniska specifikationer:<\/p>\n<ul>\n<li> F\u00e4rg: Rosa<\/li>\n<li> Material: MDF, st\u00e5l, non-woven<\/li>\n<li> Totala dimensioner: 63L x 30B x 66H cm<\/li>\n<li> Beh\u00e5llardimensioner: 19L x 23B x 12H cm (liten). 29L x 23B x 12H cm (medium). 59L x 25B x 23H cm (stor)<\/li>\n<li> Rekommenderad \u00e5lder: 3-8 \u00e5r<\/li>\n<li> Certifierad \u00e5lder: 3+ \u00e5r<\/li>\n<li> B\u00e4rkapacitet: 5 kg (totalt). 0,5 kg (liten). 1 kg (medium). 1,5 kg (stor)<\/li>\n<\/ul>\n<p>Leveransinneh\u00e5ll:<\/p>\n<ul>\n<li> 1 x Barnhylla<\/li>\n<li> 1 x Instruktioner<\/li>\n<\/ul>\n","protected":false},"excerpt":{"rendered":"<p>F\u00f6rvandla barnrummet till ett organiserat paradis med barnbokhyllan fr\u00e5n ZONEKIZ! I en v\u00e4rld full av leksaker, b\u00f6cker och obegr\u00e4nsad kreativitet,&#8230;<\/p>\n","protected":false},"featured_media":94160,"template":"","meta":[],"product_brand":[],"product_cat":[880,631,909],"product_tag":[],"class_list":{"0":"post-94169","1":"product","2":"type-product","3":"status-publish","4":"has-post-thumbnail","6":"product_cat-baby-barn-2","7":"product_cat-barnmobler","8":"product_cat-forvaring-av-leksaker","10":"first","11":"instock","12":"sale","13":"taxable","14":"shipping-taxable","15":"purchasable","16":"product-type-simple"},"yoast_head":"<!-- This site is optimized with the Yoast SEO plugin v25.4 - https:\/\/yoast.com\/wordpress\/plugins\/seo\/ -->\n<title>TRUUSK Barnsk\u00e5p Med 6 Tygl\u00e5dor - S\u00f6tt Motiv - 63x30x66 Cm - Rosa - TRUUSK - Hem, Tr\u00e4dg\u00e5rd &amp; Fritid<\/title>\n<meta name=\"robots\" content=\"index, follow, max-snippet:-1, max-image-preview:large, max-video-preview:-1\" \/>\n<link rel=\"canonical\" href=\"https:\/\/truusk.store\/sv\/produkt\/truusk-barnskap-med-6-tyglador-sott-motiv-63x30x66-cm-rosa\/\" \/>\n<meta property=\"og:locale\" content=\"sv_SE\" \/>\n<meta property=\"og:type\" content=\"article\" \/>\n<meta property=\"og:title\" content=\"TRUUSK Barnsk\u00e5p Med 6 Tygl\u00e5dor - S\u00f6tt Motiv - 63x30x66 Cm - Rosa - TRUUSK - Hem, Tr\u00e4dg\u00e5rd &amp; Fritid\" \/>\n<meta property=\"og:description\" content=\"F\u00f6rvandla barnrummet till ett organiserat paradis med barnbokhyllan fr\u00e5n ZONEKIZ! I en v\u00e4rld full av leksaker, b\u00f6cker och obegr\u00e4nsad kreativitet,...\" \/>\n<meta property=\"og:url\" content=\"https:\/\/truusk.store\/sv\/produkt\/truusk-barnskap-med-6-tyglador-sott-motiv-63x30x66-cm-rosa\/\" \/>\n<meta property=\"og:site_name\" content=\"TRUUSK - Hem, Tr\u00e4dg\u00e5rd &amp; Fritid\" \/>\n<meta property=\"article:modified_time\" content=\"2026-03-12T07:48:32+00:00\" \/>\n<meta property=\"og:image\" content=\"https:\/\/i0.wp.com\/truusk.se\/wp-content\/uploads\/2025\/10\/zonekiz-barnskap-med-6-tyglador-sott-motiv-63x30x66-cm-rosa-1.webp?fit=2000%2C2000&ssl=1\" \/>\n\t<meta property=\"og:image:width\" content=\"2000\" \/>\n\t<meta property=\"og:image:height\" content=\"2000\" \/>\n\t<meta property=\"og:image:type\" content=\"image\/webp\" \/>\n<meta name=\"twitter:card\" content=\"summary_large_image\" \/>\n<meta name=\"twitter:label1\" content=\"Ber\u00e4knad l\u00e4stid\" \/>\n\t<meta name=\"twitter:data1\" content=\"1 minut\" \/>\n<!-- \/ Yoast SEO plugin. -->","yoast_head_json":{"title":"TRUUSK Barnsk\u00e5p Med 6 Tygl\u00e5dor - S\u00f6tt Motiv - 63x30x66 Cm - Rosa - TRUUSK - Hem, Tr\u00e4dg\u00e5rd &amp; Fritid","robots":{"index":"index","follow":"follow","max-snippet":"max-snippet:-1","max-image-preview":"max-image-preview:large","max-video-preview":"max-video-preview:-1"},"canonical":"https:\/\/truusk.store\/sv\/produkt\/truusk-barnskap-med-6-tyglador-sott-motiv-63x30x66-cm-rosa\/","og_locale":"sv_SE","og_type":"article","og_title":"TRUUSK Barnsk\u00e5p Med 6 Tygl\u00e5dor - S\u00f6tt Motiv - 63x30x66 Cm - Rosa - TRUUSK - Hem, Tr\u00e4dg\u00e5rd &amp; Fritid","og_description":"F\u00f6rvandla barnrummet till ett organiserat paradis med barnbokhyllan fr\u00e5n ZONEKIZ! I en v\u00e4rld full av leksaker, b\u00f6cker och obegr\u00e4nsad kreativitet,...","og_url":"https:\/\/truusk.store\/sv\/produkt\/truusk-barnskap-med-6-tyglador-sott-motiv-63x30x66-cm-rosa\/","og_site_name":"TRUUSK - Hem, Tr\u00e4dg\u00e5rd &amp; Fritid","article_modified_time":"2026-03-12T07:48:32+00:00","og_image":[{"width":2000,"height":2000,"url":"https:\/\/i0.wp.com\/truusk.se\/wp-content\/uploads\/2025\/10\/zonekiz-barnskap-med-6-tyglador-sott-motiv-63x30x66-cm-rosa-1.webp?fit=2000%2C2000&ssl=1","type":"image\/webp"}],"twitter_card":"summary_large_image","twitter_misc":{"Ber\u00e4knad l\u00e4stid":"1 minut"},"schema":{"@context":"https:\/\/schema.org","@graph":[{"@type":"WebPage","@id":"https:\/\/truusk.store\/sv\/produkt\/truusk-barnskap-med-6-tyglador-sott-motiv-63x30x66-cm-rosa\/","url":"https:\/\/truusk.store\/sv\/produkt\/truusk-barnskap-med-6-tyglador-sott-motiv-63x30x66-cm-rosa\/","name":"TRUUSK Barnsk\u00e5p Med 6 Tygl\u00e5dor - S\u00f6tt Motiv - 63x30x66 Cm - Rosa - TRUUSK - Hem, Tr\u00e4dg\u00e5rd &amp; Fritid","isPartOf":{"@id":"https:\/\/truusk.store\/sv\/#website"},"primaryImageOfPage":{"@id":"https:\/\/truusk.store\/sv\/produkt\/truusk-barnskap-med-6-tyglador-sott-motiv-63x30x66-cm-rosa\/#primaryimage"},"image":{"@id":"https:\/\/truusk.store\/sv\/produkt\/truusk-barnskap-med-6-tyglador-sott-motiv-63x30x66-cm-rosa\/#primaryimage"},"thumbnailUrl":"https:\/\/i0.wp.com\/truusk.store\/wp-content\/uploads\/2025\/10\/zonekiz-barnskap-med-6-tyglador-sott-motiv-63x30x66-cm-rosa-1.webp?fit=2000%2C2000&ssl=1","datePublished":"2025-10-24T04:04:38+00:00","dateModified":"2026-03-12T07:48:32+00:00","breadcrumb":{"@id":"https:\/\/truusk.store\/sv\/produkt\/truusk-barnskap-med-6-tyglador-sott-motiv-63x30x66-cm-rosa\/#breadcrumb"},"inLanguage":"sv-SE","potentialAction":[{"@type":"ReadAction","target":["https:\/\/truusk.store\/sv\/produkt\/truusk-barnskap-med-6-tyglador-sott-motiv-63x30x66-cm-rosa\/"]}]},{"@type":"ImageObject","inLanguage":"sv-SE","@id":"https:\/\/truusk.store\/sv\/produkt\/truusk-barnskap-med-6-tyglador-sott-motiv-63x30x66-cm-rosa\/#primaryimage","url":"https:\/\/i0.wp.com\/truusk.store\/wp-content\/uploads\/2025\/10\/zonekiz-barnskap-med-6-tyglador-sott-motiv-63x30x66-cm-rosa-1.webp?fit=2000%2C2000&ssl=1","contentUrl":"https:\/\/i0.wp.com\/truusk.store\/wp-content\/uploads\/2025\/10\/zonekiz-barnskap-med-6-tyglador-sott-motiv-63x30x66-cm-rosa-1.webp?fit=2000%2C2000&ssl=1","width":2000,"height":2000},{"@type":"BreadcrumbList","@id":"https:\/\/truusk.store\/sv\/produkt\/truusk-barnskap-med-6-tyglador-sott-motiv-63x30x66-cm-rosa\/#breadcrumb","itemListElement":[{"@type":"ListItem","position":1,"name":"Home","item":"https:\/\/truusk.store\/sv\/"},{"@type":"ListItem","position":2,"name":"Shop","item":"https:\/\/truusk.store\/shop\/"},{"@type":"ListItem","position":3,"name":"TRUUSK Barnsk\u00e5p Med 6 Tygl\u00e5dor &#8211; S\u00f6tt Motiv &#8211; 63x30x66 Cm &#8211; Rosa"}]},{"@type":"WebSite","@id":"https:\/\/truusk.store\/sv\/#website","url":"https:\/\/truusk.store\/sv\/","name":"TRUUSK - Hem, Tr\u00e4dg\u00e5rd & Fritid","description":"","publisher":{"@id":"https:\/\/truusk.store\/sv\/#organization"},"potentialAction":[{"@type":"SearchAction","target":{"@type":"EntryPoint","urlTemplate":"https:\/\/truusk.store\/sv\/?s={search_term_string}"},"query-input":{"@type":"PropertyValueSpecification","valueRequired":true,"valueName":"search_term_string"}}],"inLanguage":"sv-SE"},{"@type":"Organization","@id":"https:\/\/truusk.store\/sv\/#organization","name":"TRUUSK - Hem, Tr\u00e4dg\u00e5rd & Fritid","url":"https:\/\/truusk.store\/sv\/","logo":{"@type":"ImageObject","inLanguage":"sv-SE","@id":"https:\/\/truusk.store\/sv\/#\/schema\/logo\/image\/","url":"https:\/\/i0.wp.com\/truusk.store\/wp-content\/uploads\/2026\/03\/cropped-TRUUSK.png?fit=2032%2C917&ssl=1","contentUrl":"https:\/\/i0.wp.com\/truusk.store\/wp-content\/uploads\/2026\/03\/cropped-TRUUSK.png?fit=2032%2C917&ssl=1","width":2032,"height":917,"caption":"TRUUSK - Hem, Tr\u00e4dg\u00e5rd & Fritid"},"image":{"@id":"https:\/\/truusk.store\/sv\/#\/schema\/logo\/image\/"}}]}},"jetpack_sharing_enabled":true,"_links":{"self":[{"href":"https:\/\/truusk.store\/sv\/wp-json\/wp\/v2\/product\/94169","targetHints":{"allow":["GET"]}}],"collection":[{"href":"https:\/\/truusk.store\/sv\/wp-json\/wp\/v2\/product"}],"about":[{"href":"https:\/\/truusk.store\/sv\/wp-json\/wp\/v2\/types\/product"}],"wp:featuredmedia":[{"embeddable":true,"href":"https:\/\/truusk.store\/sv\/wp-json\/wp\/v2\/media\/94160"}],"wp:attachment":[{"href":"https:\/\/truusk.store\/sv\/wp-json\/wp\/v2\/media?parent=94169"}],"wp:term":[{"taxonomy":"product_brand","embeddable":true,"href":"https:\/\/truusk.store\/sv\/wp-json\/wp\/v2\/product_brand?post=94169"},{"taxonomy":"product_cat","embeddable":true,"href":"https:\/\/truusk.store\/sv\/wp-json\/wp\/v2\/product_cat?post=94169"},{"taxonomy":"product_tag","embeddable":true,"href":"https:\/\/truusk.store\/sv\/wp-json\/wp\/v2\/product_tag?post=94169"}],"curies":[{"name":"wp","href":"https:\/\/api.w.org\/{rel}","templated":true}]}}