{"id":94179,"date":"2025-10-24T05:05:33","date_gmt":"2025-10-24T04:05:33","guid":{"rendered":"https:\/\/truusk.store\/product\/avsparrningsgrind-for-hundar-fristaende-skyddsgrind-med-fotter-hopfallbar-hundgrind-4-paneler-208-x-295-x-61-cm-svart\/"},"modified":"2026-03-12T08:48:53","modified_gmt":"2026-03-12T07:48:53","slug":"truusk-avsparrningsgrind-for-hundar-fristaende-skyddsgrind-hopfallbar-4-paneler-208-x-295-x-61-cm-svart","status":"publish","type":"product","link":"https:\/\/truusk.store\/sv\/produkt\/truusk-avsparrningsgrind-for-hundar-fristaende-skyddsgrind-hopfallbar-4-paneler-208-x-295-x-61-cm-svart\/","title":{"rendered":"TRUUSK Avsp\u00e4rrningsgrind f\u00f6r Hundar &#8211; Frist\u00e5ende Skyddsgrind &#8211; Hopf\u00e4llbar &#8211; 4 Paneler &#8211; 208 x 29,5 x 61 cm &#8211; Svart"},"content":{"rendered":"<p>Se till att du har s\u00e4kerhet och trygghet med TRUUSK hundavsp\u00e4rrningsgrind. Idealisk f\u00f6r trappor, husentr\u00e9er eller som rumsbegr\u00e4nsning &#8211; din hund f\u00f6rblir alltid i sitt skyddade omr\u00e5de. De stabila st\u00f6dbenen p\u00e5 hundskyddsgrinden garanterar fast grepp, medan flexibla anslutningar g\u00f6r det m\u00f6jligt att anpassa till varje d\u00f6rr\u00f6ppning. Skydda ditt hem och din fyrbenta v\u00e4n med denna m\u00e5ngsidiga och robusta avsp\u00e4rrningsgrind. Lita p\u00e5 TRUUSK f\u00f6r din favorits s\u00e4kerhet!<\/p>\n<p>Beskrivning:<\/p>\n<ul>\n<li> Best\u00e5r av 4 separata paneler som \u00e4r anslutna med stabila g\u00e5ngj\u00e4rn<\/li>\n<li> Tillverkad av h\u00e5llbart massivt tr\u00e4 och MDF<\/li>\n<li> Med svart lackering<\/li>\n<li> Flexibla anslutningar av hundavsp\u00e4rrningsgrinden g\u00f6r det m\u00f6jligt att panelerna kan arrangeras i olika former<\/li>\n<li> Hopf\u00e4llbar design av hundgrinden f\u00f6r platsbesparande f\u00f6rvaring<\/li>\n<li> Idealisk f\u00f6r d\u00f6rr\u00f6ppningar, entr\u00e9er, korridorer och trapphus<\/li>\n<li> L\u00e4mplig f\u00f6r sm\u00e5 hundar upp till en axelh\u00f6jd p\u00e5 41 cm<\/li>\n<li> Montering kr\u00e4vs<\/li>\n<li> Obs: Eftersom denna hundavsp\u00e4rrningsgrind har st\u00f6dben kan den str\u00e4ckas ut helt<\/li>\n<\/ul>\n<p>Tekniska data:<\/p>\n<ul>\n<li> Material: MDF, tr\u00e4<\/li>\n<li> F\u00e4rg: Svart<\/li>\n<li> Totala dimensioner: 208L x 29,5B x 61H cm<\/li>\n<li> Storlek p\u00e5 enskilda paneler: 50,8L x 1,8B x 61H cm<\/li>\n<li> Avst\u00e5nd mellan st\u00e4ngsel: 5 cm<\/li>\n<li> Hopf\u00e4lld storlek: 50,8L x 7,6B x 61H cm<\/li>\n<li> St\u00f6dben: 29,5L cm<\/li>\n<\/ul>\n<p>Leveransinneh\u00e5ll:<\/p>\n<ul>\n<li> 4 x Enkelpanel<\/li>\n<li> 2 x St\u00f6dben<\/li>\n<li> 1 x Instruktioner<\/li>\n<\/ul>\n","protected":false},"excerpt":{"rendered":"<p>Se till att du har s\u00e4kerhet och trygghet med TRUUSK hundavsp\u00e4rrningsgrind. Idealisk f\u00f6r trappor, husentr\u00e9er eller som rumsbegr\u00e4nsning &#8211; din&#8230;<\/p>\n","protected":false},"featured_media":94170,"template":"","meta":[],"product_brand":[],"product_cat":[878,948,574],"product_tag":[],"class_list":{"0":"post-94179","1":"product","2":"type-product","3":"status-publish","4":"has-post-thumbnail","6":"product_cat-djurbehov","7":"product_cat-hundgaller-skiljevaggar","8":"product_cat-hundtillbehor","10":"first","11":"instock","12":"sale","13":"taxable","14":"shipping-taxable","15":"purchasable","16":"product-type-simple"},"yoast_head":"<!-- This site is optimized with the Yoast SEO plugin v25.4 - https:\/\/yoast.com\/wordpress\/plugins\/seo\/ -->\n<title>TRUUSK Avsp\u00e4rrningsgrind f\u00f6r Hundar - Frist\u00e5ende Skyddsgrind - Hopf\u00e4llbar - 4 Paneler - 208 x 29,5 x 61 cm - Svart - TRUUSK - Hem, Tr\u00e4dg\u00e5rd &amp; Fritid<\/title>\n<meta name=\"robots\" content=\"index, follow, max-snippet:-1, max-image-preview:large, max-video-preview:-1\" \/>\n<link rel=\"canonical\" href=\"https:\/\/truusk.store\/sv\/produkt\/truusk-avsparrningsgrind-for-hundar-fristaende-skyddsgrind-hopfallbar-4-paneler-208-x-295-x-61-cm-svart\/\" \/>\n<meta property=\"og:locale\" content=\"sv_SE\" \/>\n<meta property=\"og:type\" content=\"article\" \/>\n<meta property=\"og:title\" content=\"TRUUSK Avsp\u00e4rrningsgrind f\u00f6r Hundar - Frist\u00e5ende Skyddsgrind - Hopf\u00e4llbar - 4 Paneler - 208 x 29,5 x 61 cm - Svart - TRUUSK - Hem, Tr\u00e4dg\u00e5rd &amp; Fritid\" \/>\n<meta property=\"og:description\" content=\"Se till att du har s\u00e4kerhet och trygghet med TRUUSK hundavsp\u00e4rrningsgrind. Idealisk f\u00f6r trappor, husentr\u00e9er eller som rumsbegr\u00e4nsning &#8211; din...\" \/>\n<meta property=\"og:url\" content=\"https:\/\/truusk.store\/sv\/produkt\/truusk-avsparrningsgrind-for-hundar-fristaende-skyddsgrind-hopfallbar-4-paneler-208-x-295-x-61-cm-svart\/\" \/>\n<meta property=\"og:site_name\" content=\"TRUUSK - Hem, Tr\u00e4dg\u00e5rd &amp; Fritid\" \/>\n<meta property=\"article:modified_time\" content=\"2026-03-12T07:48:53+00:00\" \/>\n<meta property=\"og:image\" content=\"https:\/\/i0.wp.com\/truusk.se\/wp-content\/uploads\/2025\/10\/avsparrningsgrind-for-hundar-fristaende-skyddsgrind-med-fotter-hopfallbar-hundgrind-4-paneler-208-x-295-x-61-cm-svart-1.webp?fit=2000%2C2000&ssl=1\" \/>\n\t<meta property=\"og:image:width\" content=\"2000\" \/>\n\t<meta property=\"og:image:height\" content=\"2000\" \/>\n\t<meta property=\"og:image:type\" content=\"image\/webp\" \/>\n<meta name=\"twitter:card\" content=\"summary_large_image\" \/>\n<meta name=\"twitter:label1\" content=\"Ber\u00e4knad l\u00e4stid\" \/>\n\t<meta name=\"twitter:data1\" content=\"1 minut\" \/>\n<!-- \/ Yoast SEO plugin. -->","yoast_head_json":{"title":"TRUUSK Avsp\u00e4rrningsgrind f\u00f6r Hundar - Frist\u00e5ende Skyddsgrind - Hopf\u00e4llbar - 4 Paneler - 208 x 29,5 x 61 cm - Svart - TRUUSK - Hem, Tr\u00e4dg\u00e5rd &amp; Fritid","robots":{"index":"index","follow":"follow","max-snippet":"max-snippet:-1","max-image-preview":"max-image-preview:large","max-video-preview":"max-video-preview:-1"},"canonical":"https:\/\/truusk.store\/sv\/produkt\/truusk-avsparrningsgrind-for-hundar-fristaende-skyddsgrind-hopfallbar-4-paneler-208-x-295-x-61-cm-svart\/","og_locale":"sv_SE","og_type":"article","og_title":"TRUUSK Avsp\u00e4rrningsgrind f\u00f6r Hundar - Frist\u00e5ende Skyddsgrind - Hopf\u00e4llbar - 4 Paneler - 208 x 29,5 x 61 cm - Svart - TRUUSK - Hem, Tr\u00e4dg\u00e5rd &amp; Fritid","og_description":"Se till att du har s\u00e4kerhet och trygghet med TRUUSK hundavsp\u00e4rrningsgrind. Idealisk f\u00f6r trappor, husentr\u00e9er eller som rumsbegr\u00e4nsning &#8211; din...","og_url":"https:\/\/truusk.store\/sv\/produkt\/truusk-avsparrningsgrind-for-hundar-fristaende-skyddsgrind-hopfallbar-4-paneler-208-x-295-x-61-cm-svart\/","og_site_name":"TRUUSK - Hem, Tr\u00e4dg\u00e5rd &amp; Fritid","article_modified_time":"2026-03-12T07:48:53+00:00","og_image":[{"width":2000,"height":2000,"url":"https:\/\/i0.wp.com\/truusk.se\/wp-content\/uploads\/2025\/10\/avsparrningsgrind-for-hundar-fristaende-skyddsgrind-med-fotter-hopfallbar-hundgrind-4-paneler-208-x-295-x-61-cm-svart-1.webp?fit=2000%2C2000&ssl=1","type":"image\/webp"}],"twitter_card":"summary_large_image","twitter_misc":{"Ber\u00e4knad l\u00e4stid":"1 minut"},"schema":{"@context":"https:\/\/schema.org","@graph":[{"@type":"WebPage","@id":"https:\/\/truusk.store\/sv\/produkt\/truusk-avsparrningsgrind-for-hundar-fristaende-skyddsgrind-hopfallbar-4-paneler-208-x-295-x-61-cm-svart\/","url":"https:\/\/truusk.store\/sv\/produkt\/truusk-avsparrningsgrind-for-hundar-fristaende-skyddsgrind-hopfallbar-4-paneler-208-x-295-x-61-cm-svart\/","name":"TRUUSK Avsp\u00e4rrningsgrind f\u00f6r Hundar - Frist\u00e5ende Skyddsgrind - Hopf\u00e4llbar - 4 Paneler - 208 x 29,5 x 61 cm - Svart - TRUUSK - Hem, Tr\u00e4dg\u00e5rd &amp; Fritid","isPartOf":{"@id":"https:\/\/truusk.store\/sv\/#website"},"primaryImageOfPage":{"@id":"https:\/\/truusk.store\/sv\/produkt\/truusk-avsparrningsgrind-for-hundar-fristaende-skyddsgrind-hopfallbar-4-paneler-208-x-295-x-61-cm-svart\/#primaryimage"},"image":{"@id":"https:\/\/truusk.store\/sv\/produkt\/truusk-avsparrningsgrind-for-hundar-fristaende-skyddsgrind-hopfallbar-4-paneler-208-x-295-x-61-cm-svart\/#primaryimage"},"thumbnailUrl":"https:\/\/i0.wp.com\/truusk.store\/wp-content\/uploads\/2025\/10\/avsparrningsgrind-for-hundar-fristaende-skyddsgrind-med-fotter-hopfallbar-hundgrind-4-paneler-208-x-295-x-61-cm-svart-1.webp?fit=2000%2C2000&ssl=1","datePublished":"2025-10-24T04:05:33+00:00","dateModified":"2026-03-12T07:48:53+00:00","breadcrumb":{"@id":"https:\/\/truusk.store\/sv\/produkt\/truusk-avsparrningsgrind-for-hundar-fristaende-skyddsgrind-hopfallbar-4-paneler-208-x-295-x-61-cm-svart\/#breadcrumb"},"inLanguage":"sv-SE","potentialAction":[{"@type":"ReadAction","target":["https:\/\/truusk.store\/sv\/produkt\/truusk-avsparrningsgrind-for-hundar-fristaende-skyddsgrind-hopfallbar-4-paneler-208-x-295-x-61-cm-svart\/"]}]},{"@type":"ImageObject","inLanguage":"sv-SE","@id":"https:\/\/truusk.store\/sv\/produkt\/truusk-avsparrningsgrind-for-hundar-fristaende-skyddsgrind-hopfallbar-4-paneler-208-x-295-x-61-cm-svart\/#primaryimage","url":"https:\/\/i0.wp.com\/truusk.store\/wp-content\/uploads\/2025\/10\/avsparrningsgrind-for-hundar-fristaende-skyddsgrind-med-fotter-hopfallbar-hundgrind-4-paneler-208-x-295-x-61-cm-svart-1.webp?fit=2000%2C2000&ssl=1","contentUrl":"https:\/\/i0.wp.com\/truusk.store\/wp-content\/uploads\/2025\/10\/avsparrningsgrind-for-hundar-fristaende-skyddsgrind-med-fotter-hopfallbar-hundgrind-4-paneler-208-x-295-x-61-cm-svart-1.webp?fit=2000%2C2000&ssl=1","width":2000,"height":2000},{"@type":"BreadcrumbList","@id":"https:\/\/truusk.store\/sv\/produkt\/truusk-avsparrningsgrind-for-hundar-fristaende-skyddsgrind-hopfallbar-4-paneler-208-x-295-x-61-cm-svart\/#breadcrumb","itemListElement":[{"@type":"ListItem","position":1,"name":"Home","item":"https:\/\/truusk.store\/sv\/"},{"@type":"ListItem","position":2,"name":"Shop","item":"https:\/\/truusk.store\/shop\/"},{"@type":"ListItem","position":3,"name":"TRUUSK Avsp\u00e4rrningsgrind f\u00f6r Hundar &#8211; Frist\u00e5ende Skyddsgrind &#8211; Hopf\u00e4llbar &#8211; 4 Paneler &#8211; 208 x 29,5 x 61 cm &#8211; Svart"}]},{"@type":"WebSite","@id":"https:\/\/truusk.store\/sv\/#website","url":"https:\/\/truusk.store\/sv\/","name":"TRUUSK - Hem, Tr\u00e4dg\u00e5rd & Fritid","description":"","publisher":{"@id":"https:\/\/truusk.store\/sv\/#organization"},"potentialAction":[{"@type":"SearchAction","target":{"@type":"EntryPoint","urlTemplate":"https:\/\/truusk.store\/sv\/?s={search_term_string}"},"query-input":{"@type":"PropertyValueSpecification","valueRequired":true,"valueName":"search_term_string"}}],"inLanguage":"sv-SE"},{"@type":"Organization","@id":"https:\/\/truusk.store\/sv\/#organization","name":"TRUUSK - Hem, Tr\u00e4dg\u00e5rd & Fritid","url":"https:\/\/truusk.store\/sv\/","logo":{"@type":"ImageObject","inLanguage":"sv-SE","@id":"https:\/\/truusk.store\/sv\/#\/schema\/logo\/image\/","url":"https:\/\/i0.wp.com\/truusk.store\/wp-content\/uploads\/2026\/03\/cropped-TRUUSK.png?fit=2032%2C917&ssl=1","contentUrl":"https:\/\/i0.wp.com\/truusk.store\/wp-content\/uploads\/2026\/03\/cropped-TRUUSK.png?fit=2032%2C917&ssl=1","width":2032,"height":917,"caption":"TRUUSK - Hem, Tr\u00e4dg\u00e5rd & Fritid"},"image":{"@id":"https:\/\/truusk.store\/sv\/#\/schema\/logo\/image\/"}}]}},"jetpack_sharing_enabled":true,"_links":{"self":[{"href":"https:\/\/truusk.store\/sv\/wp-json\/wp\/v2\/product\/94179","targetHints":{"allow":["GET"]}}],"collection":[{"href":"https:\/\/truusk.store\/sv\/wp-json\/wp\/v2\/product"}],"about":[{"href":"https:\/\/truusk.store\/sv\/wp-json\/wp\/v2\/types\/product"}],"wp:featuredmedia":[{"embeddable":true,"href":"https:\/\/truusk.store\/sv\/wp-json\/wp\/v2\/media\/94170"}],"wp:attachment":[{"href":"https:\/\/truusk.store\/sv\/wp-json\/wp\/v2\/media?parent=94179"}],"wp:term":[{"taxonomy":"product_brand","embeddable":true,"href":"https:\/\/truusk.store\/sv\/wp-json\/wp\/v2\/product_brand?post=94179"},{"taxonomy":"product_cat","embeddable":true,"href":"https:\/\/truusk.store\/sv\/wp-json\/wp\/v2\/product_cat?post=94179"},{"taxonomy":"product_tag","embeddable":true,"href":"https:\/\/truusk.store\/sv\/wp-json\/wp\/v2\/product_tag?post=94179"}],"curies":[{"name":"wp","href":"https:\/\/api.w.org\/{rel}","templated":true}]}}