{"id":94249,"date":"2025-10-24T05:12:36","date_gmt":"2025-10-24T04:12:36","guid":{"rendered":"https:\/\/truusk.store\/product\/ergonomisk-kontorsstol-med-3d-armstod-nattygrygg-s-formad-ryggstod-huvudstod-lutningsfunktion-svart\/"},"modified":"2026-03-12T08:50:17","modified_gmt":"2026-03-12T07:50:17","slug":"truusk-ergonomisk-kontorsstol-3d-armstod-nattygrygg-s-formad-ryggstod-huvudstod-lutningsfunktion-svart","status":"publish","type":"product","link":"https:\/\/truusk.store\/sv\/produkt\/truusk-ergonomisk-kontorsstol-3d-armstod-nattygrygg-s-formad-ryggstod-huvudstod-lutningsfunktion-svart\/","title":{"rendered":"TRUUSK Ergonomisk Kontorsstol &#8211; 3D-armst\u00f6d &#8211; N\u00e4ttygrygg &#8211; S-formad Ryggst\u00f6d &#8211; Huvudst\u00f6d &#8211; Lutningsfunktion &#8211; Svart"},"content":{"rendered":"<p>L\u00e5nga kontorstimmar kan leda till ryggsm\u00e4rtor och oro, vilket f\u00f6rsv\u00e5rar koncentrationen. Den ergonomiska kontorsstolen fr\u00e5n TRUUSK har utvecklats f\u00f6r att f\u00f6rb\u00e4ttra detta: Dess S-formade ryggst\u00f6d st\u00f6der ryggraden optimalt, medan den extra tjocka stoppningen ger djup komfort. De justerbara, uppf\u00e4llbara armst\u00f6den p\u00e5 denna PC-stol \u00f6kar b\u00e5de komforten och effektiviteten och g\u00f6r din arbetsplats till en oas f\u00f6r produktivitet.<\/p>\n<p>Beskrivning:<\/p>\n<ul>\n<li> Den S-formade ergonomiska ryggst\u00f6det och den inbyggda huvudst\u00f6det p\u00e5 kontorsstolen med tjock stoppning ger fullt st\u00f6d<\/li>\n<li> Uppf\u00e4llbara armst\u00f6d som kan r\u00f6ras fram\u00e5t, bak\u00e5t, v\u00e4nster och h\u00f6ger ger individuell komfort<\/li>\n<li> Gungfunktionen p\u00e5 skrivbordsstolen hj\u00e4lper till att slappna av och minska tr\u00f6tthet under l\u00e5nga kontorstimmar<\/li>\n<li> Justerbar sitth\u00f6jd, anpassar sig till olika anv\u00e4ndare och kontorsstolsbehov<\/li>\n<li> 360\u00b0 roteringsfunktion ger flexibel r\u00f6relsefrihet<\/li>\n<li> Andningsbart n\u00e4t p\u00e5 ryggen fr\u00e4mjar luftfl\u00f6det och h\u00e5ller dig sval och bekv\u00e4m<\/li>\n<li> L\u00e4tt rullande konstl\u00e4derhjul r\u00f6r sig tyst och skyddar dina golv fr\u00e5n repor<\/li>\n<li> Monteringen kr\u00e4vs<\/li>\n<\/ul>\n<p> Tekniska data:<\/p>\n<ul>\n<li> F\u00e4rg: Svart<\/li>\n<li> Material: N\u00e4t, skum, plast<\/li>\n<li> Totala dimensioner: 64B x 65D x 108-118H cm<\/li>\n<li> Sitsstorlek: 50B x 49D x 46-56H cm<\/li>\n<li> Sitsens tjocklek: 11 cm<\/li>\n<li> Ryggst\u00f6dets dimensioner: 45B x 67H cm<\/li>\n<li> Armst\u00f6dets h\u00f6jd fr\u00e5n sitsen: 21 cm<\/li>\n<li> Maximal belastning: 120 kg<\/li>\n<\/ul>\n<p> Leveransinneh\u00e5ll:<\/p>\n<ul>\n<li> 1 x Kontorsstol<\/li>\n<li> 1 x Handbok<\/li>\n<\/ul>\n","protected":false},"excerpt":{"rendered":"<p>L\u00e5nga kontorstimmar kan leda till ryggsm\u00e4rtor och oro, vilket f\u00f6rsv\u00e5rar koncentrationen. Den ergonomiska kontorsstolen fr\u00e5n TRUUSK har utvecklats f\u00f6r att&#8230;<\/p>\n","protected":false},"featured_media":94240,"template":"","meta":[],"product_brand":[],"product_cat":[872,871,516],"product_tag":[],"class_list":{"0":"post-94249","1":"product","2":"type-product","3":"status-publish","4":"has-post-thumbnail","6":"product_cat-hemmakontor-arbetsplats","7":"product_cat-hus-hem","8":"product_cat-kontorsstolar","10":"first","11":"instock","12":"sale","13":"taxable","14":"shipping-taxable","15":"purchasable","16":"product-type-simple"},"yoast_head":"<!-- This site is optimized with the Yoast SEO plugin v25.4 - https:\/\/yoast.com\/wordpress\/plugins\/seo\/ -->\n<title>TRUUSK Ergonomisk Kontorsstol - 3D-armst\u00f6d - N\u00e4ttygrygg - S-formad Ryggst\u00f6d - Huvudst\u00f6d - Lutningsfunktion - Svart - TRUUSK - Hem, Tr\u00e4dg\u00e5rd &amp; Fritid<\/title>\n<meta name=\"robots\" content=\"index, follow, max-snippet:-1, max-image-preview:large, max-video-preview:-1\" \/>\n<link rel=\"canonical\" href=\"https:\/\/truusk.store\/sv\/produkt\/truusk-ergonomisk-kontorsstol-3d-armstod-nattygrygg-s-formad-ryggstod-huvudstod-lutningsfunktion-svart\/\" \/>\n<meta property=\"og:locale\" content=\"sv_SE\" \/>\n<meta property=\"og:type\" content=\"article\" \/>\n<meta property=\"og:title\" content=\"TRUUSK Ergonomisk Kontorsstol - 3D-armst\u00f6d - N\u00e4ttygrygg - S-formad Ryggst\u00f6d - Huvudst\u00f6d - Lutningsfunktion - Svart - TRUUSK - Hem, Tr\u00e4dg\u00e5rd &amp; Fritid\" \/>\n<meta property=\"og:description\" content=\"L\u00e5nga kontorstimmar kan leda till ryggsm\u00e4rtor och oro, vilket f\u00f6rsv\u00e5rar koncentrationen. Den ergonomiska kontorsstolen fr\u00e5n TRUUSK har utvecklats f\u00f6r att...\" \/>\n<meta property=\"og:url\" content=\"https:\/\/truusk.store\/sv\/produkt\/truusk-ergonomisk-kontorsstol-3d-armstod-nattygrygg-s-formad-ryggstod-huvudstod-lutningsfunktion-svart\/\" \/>\n<meta property=\"og:site_name\" content=\"TRUUSK - Hem, Tr\u00e4dg\u00e5rd &amp; Fritid\" \/>\n<meta property=\"article:modified_time\" content=\"2026-03-12T07:50:17+00:00\" \/>\n<meta property=\"og:image\" content=\"https:\/\/i0.wp.com\/truusk.se\/wp-content\/uploads\/2025\/10\/ergonomisk-kontorsstol-med-3d-armstod-nattygrygg-s-formad-ryggstod-huvudstod-lutningsfunktion-svart-1.webp?fit=2000%2C2000&ssl=1\" \/>\n\t<meta property=\"og:image:width\" content=\"2000\" \/>\n\t<meta property=\"og:image:height\" content=\"2000\" \/>\n\t<meta property=\"og:image:type\" content=\"image\/webp\" \/>\n<meta name=\"twitter:card\" content=\"summary_large_image\" \/>\n<meta name=\"twitter:label1\" content=\"Ber\u00e4knad l\u00e4stid\" \/>\n\t<meta name=\"twitter:data1\" content=\"1 minut\" \/>\n<!-- \/ Yoast SEO plugin. -->","yoast_head_json":{"title":"TRUUSK Ergonomisk Kontorsstol - 3D-armst\u00f6d - N\u00e4ttygrygg - S-formad Ryggst\u00f6d - Huvudst\u00f6d - Lutningsfunktion - Svart - TRUUSK - Hem, Tr\u00e4dg\u00e5rd &amp; Fritid","robots":{"index":"index","follow":"follow","max-snippet":"max-snippet:-1","max-image-preview":"max-image-preview:large","max-video-preview":"max-video-preview:-1"},"canonical":"https:\/\/truusk.store\/sv\/produkt\/truusk-ergonomisk-kontorsstol-3d-armstod-nattygrygg-s-formad-ryggstod-huvudstod-lutningsfunktion-svart\/","og_locale":"sv_SE","og_type":"article","og_title":"TRUUSK Ergonomisk Kontorsstol - 3D-armst\u00f6d - N\u00e4ttygrygg - S-formad Ryggst\u00f6d - Huvudst\u00f6d - Lutningsfunktion - Svart - TRUUSK - Hem, Tr\u00e4dg\u00e5rd &amp; Fritid","og_description":"L\u00e5nga kontorstimmar kan leda till ryggsm\u00e4rtor och oro, vilket f\u00f6rsv\u00e5rar koncentrationen. Den ergonomiska kontorsstolen fr\u00e5n TRUUSK har utvecklats f\u00f6r att...","og_url":"https:\/\/truusk.store\/sv\/produkt\/truusk-ergonomisk-kontorsstol-3d-armstod-nattygrygg-s-formad-ryggstod-huvudstod-lutningsfunktion-svart\/","og_site_name":"TRUUSK - Hem, Tr\u00e4dg\u00e5rd &amp; Fritid","article_modified_time":"2026-03-12T07:50:17+00:00","og_image":[{"width":2000,"height":2000,"url":"https:\/\/i0.wp.com\/truusk.se\/wp-content\/uploads\/2025\/10\/ergonomisk-kontorsstol-med-3d-armstod-nattygrygg-s-formad-ryggstod-huvudstod-lutningsfunktion-svart-1.webp?fit=2000%2C2000&ssl=1","type":"image\/webp"}],"twitter_card":"summary_large_image","twitter_misc":{"Ber\u00e4knad l\u00e4stid":"1 minut"},"schema":{"@context":"https:\/\/schema.org","@graph":[{"@type":"WebPage","@id":"https:\/\/truusk.store\/sv\/produkt\/truusk-ergonomisk-kontorsstol-3d-armstod-nattygrygg-s-formad-ryggstod-huvudstod-lutningsfunktion-svart\/","url":"https:\/\/truusk.store\/sv\/produkt\/truusk-ergonomisk-kontorsstol-3d-armstod-nattygrygg-s-formad-ryggstod-huvudstod-lutningsfunktion-svart\/","name":"TRUUSK Ergonomisk Kontorsstol - 3D-armst\u00f6d - N\u00e4ttygrygg - S-formad Ryggst\u00f6d - Huvudst\u00f6d - Lutningsfunktion - Svart - TRUUSK - Hem, Tr\u00e4dg\u00e5rd &amp; Fritid","isPartOf":{"@id":"https:\/\/truusk.store\/sv\/#website"},"primaryImageOfPage":{"@id":"https:\/\/truusk.store\/sv\/produkt\/truusk-ergonomisk-kontorsstol-3d-armstod-nattygrygg-s-formad-ryggstod-huvudstod-lutningsfunktion-svart\/#primaryimage"},"image":{"@id":"https:\/\/truusk.store\/sv\/produkt\/truusk-ergonomisk-kontorsstol-3d-armstod-nattygrygg-s-formad-ryggstod-huvudstod-lutningsfunktion-svart\/#primaryimage"},"thumbnailUrl":"https:\/\/i0.wp.com\/truusk.store\/wp-content\/uploads\/2025\/10\/ergonomisk-kontorsstol-med-3d-armstod-nattygrygg-s-formad-ryggstod-huvudstod-lutningsfunktion-svart-1.webp?fit=2000%2C2000&ssl=1","datePublished":"2025-10-24T04:12:36+00:00","dateModified":"2026-03-12T07:50:17+00:00","breadcrumb":{"@id":"https:\/\/truusk.store\/sv\/produkt\/truusk-ergonomisk-kontorsstol-3d-armstod-nattygrygg-s-formad-ryggstod-huvudstod-lutningsfunktion-svart\/#breadcrumb"},"inLanguage":"sv-SE","potentialAction":[{"@type":"ReadAction","target":["https:\/\/truusk.store\/sv\/produkt\/truusk-ergonomisk-kontorsstol-3d-armstod-nattygrygg-s-formad-ryggstod-huvudstod-lutningsfunktion-svart\/"]}]},{"@type":"ImageObject","inLanguage":"sv-SE","@id":"https:\/\/truusk.store\/sv\/produkt\/truusk-ergonomisk-kontorsstol-3d-armstod-nattygrygg-s-formad-ryggstod-huvudstod-lutningsfunktion-svart\/#primaryimage","url":"https:\/\/i0.wp.com\/truusk.store\/wp-content\/uploads\/2025\/10\/ergonomisk-kontorsstol-med-3d-armstod-nattygrygg-s-formad-ryggstod-huvudstod-lutningsfunktion-svart-1.webp?fit=2000%2C2000&ssl=1","contentUrl":"https:\/\/i0.wp.com\/truusk.store\/wp-content\/uploads\/2025\/10\/ergonomisk-kontorsstol-med-3d-armstod-nattygrygg-s-formad-ryggstod-huvudstod-lutningsfunktion-svart-1.webp?fit=2000%2C2000&ssl=1","width":2000,"height":2000},{"@type":"BreadcrumbList","@id":"https:\/\/truusk.store\/sv\/produkt\/truusk-ergonomisk-kontorsstol-3d-armstod-nattygrygg-s-formad-ryggstod-huvudstod-lutningsfunktion-svart\/#breadcrumb","itemListElement":[{"@type":"ListItem","position":1,"name":"Home","item":"https:\/\/truusk.store\/sv\/"},{"@type":"ListItem","position":2,"name":"Shop","item":"https:\/\/truusk.store\/shop\/"},{"@type":"ListItem","position":3,"name":"TRUUSK Ergonomisk Kontorsstol &#8211; 3D-armst\u00f6d &#8211; N\u00e4ttygrygg &#8211; S-formad Ryggst\u00f6d &#8211; Huvudst\u00f6d &#8211; Lutningsfunktion &#8211; Svart"}]},{"@type":"WebSite","@id":"https:\/\/truusk.store\/sv\/#website","url":"https:\/\/truusk.store\/sv\/","name":"TRUUSK - Hem, Tr\u00e4dg\u00e5rd & Fritid","description":"","publisher":{"@id":"https:\/\/truusk.store\/sv\/#organization"},"potentialAction":[{"@type":"SearchAction","target":{"@type":"EntryPoint","urlTemplate":"https:\/\/truusk.store\/sv\/?s={search_term_string}"},"query-input":{"@type":"PropertyValueSpecification","valueRequired":true,"valueName":"search_term_string"}}],"inLanguage":"sv-SE"},{"@type":"Organization","@id":"https:\/\/truusk.store\/sv\/#organization","name":"TRUUSK - Hem, Tr\u00e4dg\u00e5rd & Fritid","url":"https:\/\/truusk.store\/sv\/","logo":{"@type":"ImageObject","inLanguage":"sv-SE","@id":"https:\/\/truusk.store\/sv\/#\/schema\/logo\/image\/","url":"https:\/\/i0.wp.com\/truusk.store\/wp-content\/uploads\/2026\/03\/cropped-TRUUSK.png?fit=2032%2C917&ssl=1","contentUrl":"https:\/\/i0.wp.com\/truusk.store\/wp-content\/uploads\/2026\/03\/cropped-TRUUSK.png?fit=2032%2C917&ssl=1","width":2032,"height":917,"caption":"TRUUSK - Hem, Tr\u00e4dg\u00e5rd & Fritid"},"image":{"@id":"https:\/\/truusk.store\/sv\/#\/schema\/logo\/image\/"}}]}},"jetpack_sharing_enabled":true,"_links":{"self":[{"href":"https:\/\/truusk.store\/sv\/wp-json\/wp\/v2\/product\/94249","targetHints":{"allow":["GET"]}}],"collection":[{"href":"https:\/\/truusk.store\/sv\/wp-json\/wp\/v2\/product"}],"about":[{"href":"https:\/\/truusk.store\/sv\/wp-json\/wp\/v2\/types\/product"}],"wp:featuredmedia":[{"embeddable":true,"href":"https:\/\/truusk.store\/sv\/wp-json\/wp\/v2\/media\/94240"}],"wp:attachment":[{"href":"https:\/\/truusk.store\/sv\/wp-json\/wp\/v2\/media?parent=94249"}],"wp:term":[{"taxonomy":"product_brand","embeddable":true,"href":"https:\/\/truusk.store\/sv\/wp-json\/wp\/v2\/product_brand?post=94249"},{"taxonomy":"product_cat","embeddable":true,"href":"https:\/\/truusk.store\/sv\/wp-json\/wp\/v2\/product_cat?post=94249"},{"taxonomy":"product_tag","embeddable":true,"href":"https:\/\/truusk.store\/sv\/wp-json\/wp\/v2\/product_tag?post=94249"}],"curies":[{"name":"wp","href":"https:\/\/api.w.org\/{rel}","templated":true}]}}