{"id":9426,"date":"2024-02-13T09:44:41","date_gmt":"2024-02-13T08:44:41","guid":{"rendered":"https:\/\/truusk.store\/product\/verktygsbod-tradgardsbod-redskapsbod-med-skjutdorr-ventilationsfonster-lutande-tak-utomhus-stal-morkgron-280-x-130-x-172-cm\/"},"modified":"2026-03-12T08:56:07","modified_gmt":"2026-03-12T07:56:07","slug":"truusk-verktygsbod-med-skjutdorr-ventilationsfonster-lutande-tak-stal-morkgron-280-x-130-x-172-cm","status":"publish","type":"product","link":"https:\/\/truusk.store\/sv\/produkt\/truusk-verktygsbod-med-skjutdorr-ventilationsfonster-lutande-tak-stal-morkgron-280-x-130-x-172-cm\/","title":{"rendered":"TRUUSK Verktygsbod Med Skjutd\u00f6rr &#8211; Ventilationsf\u00f6nster &#8211; Lutande Tak &#8211; St\u00e5l &#8211; M\u00f6rkgr\u00f6n &#8211; 280 x 130 x 172 cm"},"content":{"rendered":"<p>Oavsett om det \u00e4r sol, regn eller sn\u00f6 \u00e4r v\u00e5r tr\u00e4dg\u00e5rdsstuga den perfekta f\u00f6rvaringsplatsen f\u00f6r alla dina tr\u00e4dg\u00e5rdshj\u00e4lpare. Oavsett om det \u00e4r en gr\u00e4sklippare eller pooltillbeh\u00f6r \u00e4r allt skyddat med detta tr\u00e4dg\u00e5rdshus. Penttaket av robust galvaniserad st\u00e5lpl\u00e5t skyddar dina enheter fr\u00e5n alla v\u00e4derf\u00f6rh\u00e5llanden. De breda skjutd\u00f6rrarna ger enkel \u00e5tkomst och \u00f6verblick \u00f6ver dina verktyg och utrustning. Och tack vare ventilationsgallren \u00e4r tr\u00e4dg\u00e5rdshuset alltid v\u00e4l ventilerat, s\u00e5 ge dig ut i tr\u00e4dg\u00e5rden!<\/p>\n<h3>Beskrivning:<\/h3>\n<ul>\n<li>Tillverkning av ramen av galvaniserad st\u00e5lpl\u00e5t med lock av PP-film: robust, vattent\u00e4t, stabil<\/li>\n<li>Snedtak f\u00f6rhindrar ansamling av nederb\u00f6rd<\/li>\n<li>Breda, sl\u00e4ta skjutd\u00f6rrar f\u00f6r enkel passage<\/li>\n<li>2 ventilations\u00f6ppningar f\u00f6r god luftcirkulation<\/li>\n<li>Stort f\u00f6rvaringsutrymme f\u00f6r m\u00e5nga tr\u00e4dg\u00e5rdsredskap<\/li>\n<li>Enkel och snabb montering<\/li>\n<li>Obs: M\u00e4t grunden i ditt utomhusomr\u00e5de noggrant innan du k\u00f6per denna artikel.<\/li>\n<\/ul>\n<h3>Teknisk data:<\/h3>\n<ul>\n<li>Material: Galvaniserad st\u00e5lpl\u00e5t, PP-film<\/li>\n<li>\u00d6vergripande m\u00e5tt: L280 x B130 x H172 cm<\/li>\n<li>Inv\u00e4ndig yta: L266 x B116 x H172 cm<\/li>\n<li>M\u00e5tt: L96 x H152 cm<\/li>\n<li>M\u00e5tt p\u00e5 varje ventilationsgaller: L21,8 x B9,8 cm<\/li>\n<li>Kapacitet: 3,6<\/li>\n<li>Vikt: 49 kg<\/li>\n<li>Sn\u00f6kapacitet: 20 kg\/m F\u00e4rg: M\u00f6rkgr\u00f6n<\/li>\n<\/ul>\n<h3>Leveransens omfattning:<\/h3>\n<ul>\n<li>1 x odlingshus (med grund)<\/li>\n<li>1 x Monteringsanvisning<\/li>\n<\/ul>\n","protected":false},"excerpt":{"rendered":"<p>Oavsett om det \u00e4r sol, regn eller sn\u00f6 \u00e4r v\u00e5r tr\u00e4dg\u00e5rdsstuga den perfekta f\u00f6rvaringsplatsen f\u00f6r alla dina tr\u00e4dg\u00e5rdshj\u00e4lpare. Oavsett om&#8230;<\/p>\n","protected":false},"featured_media":9427,"template":"","meta":[],"product_brand":[],"product_cat":[436,438,435],"product_tag":[],"class_list":{"0":"post-9426","1":"product","2":"type-product","3":"status-publish","4":"has-post-thumbnail","6":"product_cat-bestall-i-tradgarden","7":"product_cat-redskapsbod","8":"product_cat-tradgard-och-terrass","10":"first","11":"instock","12":"sale","13":"taxable","14":"shipping-taxable","15":"purchasable","16":"product-type-simple"},"yoast_head":"<!-- This site is optimized with the Yoast SEO plugin v25.4 - https:\/\/yoast.com\/wordpress\/plugins\/seo\/ -->\n<title>TRUUSK Verktygsbod Med Skjutd\u00f6rr - Ventilationsf\u00f6nster - Lutande Tak - St\u00e5l - M\u00f6rkgr\u00f6n - 280 x 130 x 172 cm - TRUUSK - Hem, Tr\u00e4dg\u00e5rd &amp; Fritid<\/title>\n<meta name=\"robots\" content=\"index, follow, max-snippet:-1, max-image-preview:large, max-video-preview:-1\" \/>\n<link rel=\"canonical\" href=\"https:\/\/truusk.store\/sv\/produkt\/truusk-verktygsbod-med-skjutdorr-ventilationsfonster-lutande-tak-stal-morkgron-280-x-130-x-172-cm\/\" \/>\n<meta property=\"og:locale\" content=\"sv_SE\" \/>\n<meta property=\"og:type\" content=\"article\" \/>\n<meta property=\"og:title\" content=\"TRUUSK Verktygsbod Med Skjutd\u00f6rr - Ventilationsf\u00f6nster - Lutande Tak - St\u00e5l - M\u00f6rkgr\u00f6n - 280 x 130 x 172 cm - TRUUSK - Hem, Tr\u00e4dg\u00e5rd &amp; Fritid\" \/>\n<meta property=\"og:description\" content=\"Oavsett om det \u00e4r sol, regn eller sn\u00f6 \u00e4r v\u00e5r tr\u00e4dg\u00e5rdsstuga den perfekta f\u00f6rvaringsplatsen f\u00f6r alla dina tr\u00e4dg\u00e5rdshj\u00e4lpare. Oavsett om...\" \/>\n<meta property=\"og:url\" content=\"https:\/\/truusk.store\/sv\/produkt\/truusk-verktygsbod-med-skjutdorr-ventilationsfonster-lutande-tak-stal-morkgron-280-x-130-x-172-cm\/\" \/>\n<meta property=\"og:site_name\" content=\"TRUUSK - Hem, Tr\u00e4dg\u00e5rd &amp; Fritid\" \/>\n<meta property=\"article:modified_time\" content=\"2026-03-12T07:56:07+00:00\" \/>\n<meta property=\"og:image\" content=\"https:\/\/i0.wp.com\/truusk.se\/wp-content\/uploads\/2024\/02\/verktygsbod-tradgardsbod-redskapsbod-med-skjutdorr-ventilationsfonster-lutande-tak-utomhus-stal-morkgron-280-x-130-x-172-cm.webp?fit=800%2C800&ssl=1\" \/>\n\t<meta property=\"og:image:width\" content=\"800\" \/>\n\t<meta property=\"og:image:height\" content=\"800\" \/>\n\t<meta property=\"og:image:type\" content=\"image\/webp\" \/>\n<meta name=\"twitter:card\" content=\"summary_large_image\" \/>\n<meta name=\"twitter:label1\" content=\"Ber\u00e4knad l\u00e4stid\" \/>\n\t<meta name=\"twitter:data1\" content=\"1 minut\" \/>\n<!-- \/ Yoast SEO plugin. -->","yoast_head_json":{"title":"TRUUSK Verktygsbod Med Skjutd\u00f6rr - Ventilationsf\u00f6nster - Lutande Tak - St\u00e5l - M\u00f6rkgr\u00f6n - 280 x 130 x 172 cm - TRUUSK - Hem, Tr\u00e4dg\u00e5rd &amp; Fritid","robots":{"index":"index","follow":"follow","max-snippet":"max-snippet:-1","max-image-preview":"max-image-preview:large","max-video-preview":"max-video-preview:-1"},"canonical":"https:\/\/truusk.store\/sv\/produkt\/truusk-verktygsbod-med-skjutdorr-ventilationsfonster-lutande-tak-stal-morkgron-280-x-130-x-172-cm\/","og_locale":"sv_SE","og_type":"article","og_title":"TRUUSK Verktygsbod Med Skjutd\u00f6rr - Ventilationsf\u00f6nster - Lutande Tak - St\u00e5l - M\u00f6rkgr\u00f6n - 280 x 130 x 172 cm - TRUUSK - Hem, Tr\u00e4dg\u00e5rd &amp; Fritid","og_description":"Oavsett om det \u00e4r sol, regn eller sn\u00f6 \u00e4r v\u00e5r tr\u00e4dg\u00e5rdsstuga den perfekta f\u00f6rvaringsplatsen f\u00f6r alla dina tr\u00e4dg\u00e5rdshj\u00e4lpare. Oavsett om...","og_url":"https:\/\/truusk.store\/sv\/produkt\/truusk-verktygsbod-med-skjutdorr-ventilationsfonster-lutande-tak-stal-morkgron-280-x-130-x-172-cm\/","og_site_name":"TRUUSK - Hem, Tr\u00e4dg\u00e5rd &amp; Fritid","article_modified_time":"2026-03-12T07:56:07+00:00","og_image":[{"width":800,"height":800,"url":"https:\/\/i0.wp.com\/truusk.se\/wp-content\/uploads\/2024\/02\/verktygsbod-tradgardsbod-redskapsbod-med-skjutdorr-ventilationsfonster-lutande-tak-utomhus-stal-morkgron-280-x-130-x-172-cm.webp?fit=800%2C800&ssl=1","type":"image\/webp"}],"twitter_card":"summary_large_image","twitter_misc":{"Ber\u00e4knad l\u00e4stid":"1 minut"},"schema":{"@context":"https:\/\/schema.org","@graph":[{"@type":"WebPage","@id":"https:\/\/truusk.store\/sv\/produkt\/truusk-verktygsbod-med-skjutdorr-ventilationsfonster-lutande-tak-stal-morkgron-280-x-130-x-172-cm\/","url":"https:\/\/truusk.store\/sv\/produkt\/truusk-verktygsbod-med-skjutdorr-ventilationsfonster-lutande-tak-stal-morkgron-280-x-130-x-172-cm\/","name":"TRUUSK Verktygsbod Med Skjutd\u00f6rr - Ventilationsf\u00f6nster - Lutande Tak - St\u00e5l - M\u00f6rkgr\u00f6n - 280 x 130 x 172 cm - TRUUSK - Hem, Tr\u00e4dg\u00e5rd &amp; Fritid","isPartOf":{"@id":"https:\/\/truusk.store\/sv\/#website"},"primaryImageOfPage":{"@id":"https:\/\/truusk.store\/sv\/produkt\/truusk-verktygsbod-med-skjutdorr-ventilationsfonster-lutande-tak-stal-morkgron-280-x-130-x-172-cm\/#primaryimage"},"image":{"@id":"https:\/\/truusk.store\/sv\/produkt\/truusk-verktygsbod-med-skjutdorr-ventilationsfonster-lutande-tak-stal-morkgron-280-x-130-x-172-cm\/#primaryimage"},"thumbnailUrl":"https:\/\/i0.wp.com\/truusk.store\/wp-content\/uploads\/2024\/02\/verktygsbod-tradgardsbod-redskapsbod-med-skjutdorr-ventilationsfonster-lutande-tak-utomhus-stal-morkgron-280-x-130-x-172-cm.webp?fit=800%2C800&ssl=1","datePublished":"2024-02-13T08:44:41+00:00","dateModified":"2026-03-12T07:56:07+00:00","breadcrumb":{"@id":"https:\/\/truusk.store\/sv\/produkt\/truusk-verktygsbod-med-skjutdorr-ventilationsfonster-lutande-tak-stal-morkgron-280-x-130-x-172-cm\/#breadcrumb"},"inLanguage":"sv-SE","potentialAction":[{"@type":"ReadAction","target":["https:\/\/truusk.store\/sv\/produkt\/truusk-verktygsbod-med-skjutdorr-ventilationsfonster-lutande-tak-stal-morkgron-280-x-130-x-172-cm\/"]}]},{"@type":"ImageObject","inLanguage":"sv-SE","@id":"https:\/\/truusk.store\/sv\/produkt\/truusk-verktygsbod-med-skjutdorr-ventilationsfonster-lutande-tak-stal-morkgron-280-x-130-x-172-cm\/#primaryimage","url":"https:\/\/i0.wp.com\/truusk.store\/wp-content\/uploads\/2024\/02\/verktygsbod-tradgardsbod-redskapsbod-med-skjutdorr-ventilationsfonster-lutande-tak-utomhus-stal-morkgron-280-x-130-x-172-cm.webp?fit=800%2C800&ssl=1","contentUrl":"https:\/\/i0.wp.com\/truusk.store\/wp-content\/uploads\/2024\/02\/verktygsbod-tradgardsbod-redskapsbod-med-skjutdorr-ventilationsfonster-lutande-tak-utomhus-stal-morkgron-280-x-130-x-172-cm.webp?fit=800%2C800&ssl=1","width":800,"height":800,"caption":"Verktygsbod, Tr\u00e4dg\u00e5rdsbod, Redskapsbod Med Skjutd\u00f6rr, Ventilationsf\u00f6nster, Lutande Tak, Utomhus, St\u00e5l, M\u00f6rkgr\u00f6n, 280 X 130 X 172 Cm 1"},{"@type":"BreadcrumbList","@id":"https:\/\/truusk.store\/sv\/produkt\/truusk-verktygsbod-med-skjutdorr-ventilationsfonster-lutande-tak-stal-morkgron-280-x-130-x-172-cm\/#breadcrumb","itemListElement":[{"@type":"ListItem","position":1,"name":"Home","item":"https:\/\/truusk.store\/sv\/"},{"@type":"ListItem","position":2,"name":"Shop","item":"https:\/\/truusk.store\/shop\/"},{"@type":"ListItem","position":3,"name":"TRUUSK Verktygsbod Med Skjutd\u00f6rr &#8211; Ventilationsf\u00f6nster &#8211; Lutande Tak &#8211; St\u00e5l &#8211; M\u00f6rkgr\u00f6n &#8211; 280 x 130 x 172 cm"}]},{"@type":"WebSite","@id":"https:\/\/truusk.store\/sv\/#website","url":"https:\/\/truusk.store\/sv\/","name":"TRUUSK - Hem, Tr\u00e4dg\u00e5rd & Fritid","description":"","publisher":{"@id":"https:\/\/truusk.store\/sv\/#organization"},"potentialAction":[{"@type":"SearchAction","target":{"@type":"EntryPoint","urlTemplate":"https:\/\/truusk.store\/sv\/?s={search_term_string}"},"query-input":{"@type":"PropertyValueSpecification","valueRequired":true,"valueName":"search_term_string"}}],"inLanguage":"sv-SE"},{"@type":"Organization","@id":"https:\/\/truusk.store\/sv\/#organization","name":"TRUUSK - Hem, Tr\u00e4dg\u00e5rd & Fritid","url":"https:\/\/truusk.store\/sv\/","logo":{"@type":"ImageObject","inLanguage":"sv-SE","@id":"https:\/\/truusk.store\/sv\/#\/schema\/logo\/image\/","url":"https:\/\/i0.wp.com\/truusk.store\/wp-content\/uploads\/2026\/03\/cropped-TRUUSK.png?fit=2032%2C917&ssl=1","contentUrl":"https:\/\/i0.wp.com\/truusk.store\/wp-content\/uploads\/2026\/03\/cropped-TRUUSK.png?fit=2032%2C917&ssl=1","width":2032,"height":917,"caption":"TRUUSK - Hem, Tr\u00e4dg\u00e5rd & Fritid"},"image":{"@id":"https:\/\/truusk.store\/sv\/#\/schema\/logo\/image\/"}}]}},"jetpack_sharing_enabled":true,"_links":{"self":[{"href":"https:\/\/truusk.store\/sv\/wp-json\/wp\/v2\/product\/9426","targetHints":{"allow":["GET"]}}],"collection":[{"href":"https:\/\/truusk.store\/sv\/wp-json\/wp\/v2\/product"}],"about":[{"href":"https:\/\/truusk.store\/sv\/wp-json\/wp\/v2\/types\/product"}],"wp:featuredmedia":[{"embeddable":true,"href":"https:\/\/truusk.store\/sv\/wp-json\/wp\/v2\/media\/9427"}],"wp:attachment":[{"href":"https:\/\/truusk.store\/sv\/wp-json\/wp\/v2\/media?parent=9426"}],"wp:term":[{"taxonomy":"product_brand","embeddable":true,"href":"https:\/\/truusk.store\/sv\/wp-json\/wp\/v2\/product_brand?post=9426"},{"taxonomy":"product_cat","embeddable":true,"href":"https:\/\/truusk.store\/sv\/wp-json\/wp\/v2\/product_cat?post=9426"},{"taxonomy":"product_tag","embeddable":true,"href":"https:\/\/truusk.store\/sv\/wp-json\/wp\/v2\/product_tag?post=9426"}],"curies":[{"name":"wp","href":"https:\/\/api.w.org\/{rel}","templated":true}]}}