{"id":94269,"date":"2025-10-24T05:14:34","date_gmt":"2025-10-24T04:14:34","guid":{"rendered":"https:\/\/truusk.store\/product\/aiyaplay-barns-elektriska-bil-12v-med-24-ghz-fjarrkontroll-2-motorer-tuta-led-musik-1015-x-49-x-43-cm-gul\/"},"modified":"2026-03-12T08:50:19","modified_gmt":"2026-03-12T07:50:19","slug":"truusk-elektrisk-bil-for-barn-12v-med-fjarrkontroll-2-motorer-tuta-led-musik-1015-x-49-x-43-cm-gul","status":"publish","type":"product","link":"https:\/\/truusk.store\/sv\/produkt\/truusk-elektrisk-bil-for-barn-12v-med-fjarrkontroll-2-motorer-tuta-led-musik-1015-x-49-x-43-cm-gul\/","title":{"rendered":"TRUUSK Elektrisk Bil f\u00f6r Barn 12V Med Fj\u00e4rrkontroll &#8211; 2 Motorer &#8211; Tuta &#8211; LED &#8211; Musik &#8211; 101,5 x 49 x 43 cm &#8211; Gul"},"content":{"rendered":"<p>Upplev superautosp\u00e4nningen f\u00f6r ditt barn med AIYAPLAY elektriska bil. Denna \u00e4kta Lamborghini-replika erbjuder tv\u00e5 k\u00f6rl\u00e4gen: fj\u00e4rrstyrning av f\u00f6r\u00e4ldrar och sj\u00e4lvk\u00f6rning f\u00f6r barn. Den har multimediaunderh\u00e5llning, fj\u00e4dring p\u00e5 alla fyra hjul och s\u00e4kerhetsb\u00e4lte f\u00f6r timmar av roligt. Tack vare handtaget under st\u00f6tf\u00e5ngaren \u00e4r den l\u00e4tt att transportera och erbjuder upp till en timmes k\u00f6rning med ett 12V batteri &#8211; en perfekt kombination av sp\u00e4nning, s\u00e4kerhet och stil.<\/p>\n<p>Beskrivning:<\/p>\n<ul>\n<li> Upplev sp\u00e4nningen med en Lamborghini med tre justerbara hastigheter<\/li>\n<li> F\u00f6r\u00e4ldrar kontrollerar k\u00f6rningen medan barnen enkelt tar \u00f6ver ratten<\/li>\n<li> Mjuk start av barnbilen ger en lugn, st\u00f6rningsfri \u00e4ventyr varje g\u00e5ng<\/li>\n<li> Inbyggd MP3-spelare och USB\/AUX l\u00e5ter barnen rocka till sina favoritl\u00e5tar<\/li>\n<li> Fj\u00e4dring p\u00e5 alla fyra hjul f\u00f6r en d\u00e4mpad, bekv\u00e4m \u00e5ktur p\u00e5 m\u00e5nga ytor<\/li>\n<li> S\u00e4kerheten kommer f\u00f6rst med ett s\u00e4kerhetsb\u00e4lte som h\u00e5ller sm\u00e5 f\u00f6rare s\u00e4kra<\/li>\n<li> Hjul och fr\u00e4mre handtag g\u00f6r transport av bilen till en lek<\/li>\n<li> Njut av upp till 1 timmes oavbruten roligt med ett 12V batteri<\/li>\n<\/ul>\n<p>Tekniska data:<\/p>\n<ul>\n<li> F\u00e4rg: Gul<\/li>\n<li> Material: Plast, St\u00e5l<\/li>\n<li> Totala dimensioner: 101,5L x 49B x 43H cm<\/li>\n<li> Sitsstorlek: 31B x 19T cm<\/li>\n<li> Hjul: \u00d819 x 6B cm<\/li>\n<li> Maxlast: 25 kg<\/li>\n<li> Certifierad \u00e5lder: 37-95 m\u00e5nader<\/li>\n<li> Rekommenderad \u00e5lder: 37-72 m\u00e5nader<\/li>\n<li> Batteri: 12 V, 4,5 AH<\/li>\n<li> Motor: 2 x 12 V<\/li>\n<li> Hastighet: 2,4-4 km\/h<\/li>\n<li> Fj\u00e4rrkontrollavst\u00e5nd: 25 m<\/li>\n<li> Laddningstid: 8-12 timmar<\/li>\n<li> Drifttid: 1 timme<\/li>\n<\/ul>\n<p>Leveransinneh\u00e5ll:<\/p>\n<ul>\n<li> 1 x Ride-on bil<\/li>\n<li> 1 x Bruksanvisning<\/li>\n<\/ul>\n","protected":false},"excerpt":{"rendered":"<p>Upplev superautosp\u00e4nningen f\u00f6r ditt barn med AIYAPLAY elektriska bil. Denna \u00e4kta Lamborghini-replika erbjuder tv\u00e5 k\u00f6rl\u00e4gen: fj\u00e4rrstyrning av f\u00f6r\u00e4ldrar och sj\u00e4lvk\u00f6rning&#8230;<\/p>\n","protected":false},"featured_media":94260,"template":"","meta":[],"product_brand":[],"product_cat":[880,610,1066],"product_tag":[],"class_list":{"0":"post-94269","1":"product","2":"type-product","3":"status-publish","4":"has-post-thumbnail","6":"product_cat-baby-barn-2","7":"product_cat-barnfordon","8":"product_cat-barns-elbilar","10":"first","11":"instock","12":"sale","13":"taxable","14":"shipping-taxable","15":"purchasable","16":"product-type-simple"},"yoast_head":"<!-- This site is optimized with the Yoast SEO plugin v25.4 - https:\/\/yoast.com\/wordpress\/plugins\/seo\/ -->\n<title>TRUUSK Elektrisk Bil f\u00f6r Barn 12V Med Fj\u00e4rrkontroll - 2 Motorer - Tuta - LED - Musik - 101,5 x 49 x 43 cm - Gul - TRUUSK - Hem, Tr\u00e4dg\u00e5rd &amp; Fritid<\/title>\n<meta name=\"robots\" content=\"index, follow, max-snippet:-1, max-image-preview:large, max-video-preview:-1\" \/>\n<link rel=\"canonical\" href=\"https:\/\/truusk.store\/sv\/produkt\/truusk-elektrisk-bil-for-barn-12v-med-fjarrkontroll-2-motorer-tuta-led-musik-1015-x-49-x-43-cm-gul\/\" \/>\n<meta property=\"og:locale\" content=\"sv_SE\" \/>\n<meta property=\"og:type\" content=\"article\" \/>\n<meta property=\"og:title\" content=\"TRUUSK Elektrisk Bil f\u00f6r Barn 12V Med Fj\u00e4rrkontroll - 2 Motorer - Tuta - LED - Musik - 101,5 x 49 x 43 cm - Gul - TRUUSK - Hem, Tr\u00e4dg\u00e5rd &amp; Fritid\" \/>\n<meta property=\"og:description\" content=\"Upplev superautosp\u00e4nningen f\u00f6r ditt barn med AIYAPLAY elektriska bil. Denna \u00e4kta Lamborghini-replika erbjuder tv\u00e5 k\u00f6rl\u00e4gen: fj\u00e4rrstyrning av f\u00f6r\u00e4ldrar och sj\u00e4lvk\u00f6rning...\" \/>\n<meta property=\"og:url\" content=\"https:\/\/truusk.store\/sv\/produkt\/truusk-elektrisk-bil-for-barn-12v-med-fjarrkontroll-2-motorer-tuta-led-musik-1015-x-49-x-43-cm-gul\/\" \/>\n<meta property=\"og:site_name\" content=\"TRUUSK - Hem, Tr\u00e4dg\u00e5rd &amp; Fritid\" \/>\n<meta property=\"article:modified_time\" content=\"2026-03-12T07:50:19+00:00\" \/>\n<meta property=\"og:image\" content=\"https:\/\/i0.wp.com\/truusk.se\/wp-content\/uploads\/2025\/10\/aiyaplay-barns-elektriska-bil-12v-med-24-ghz-fjarrkontroll-2-motorer-tuta-led-musik-1015-x-49-x-43-cm-gul-1.webp?fit=2000%2C2000&ssl=1\" \/>\n\t<meta property=\"og:image:width\" content=\"2000\" \/>\n\t<meta property=\"og:image:height\" content=\"2000\" \/>\n\t<meta property=\"og:image:type\" content=\"image\/webp\" \/>\n<meta name=\"twitter:card\" content=\"summary_large_image\" \/>\n<meta name=\"twitter:label1\" content=\"Ber\u00e4knad l\u00e4stid\" \/>\n\t<meta name=\"twitter:data1\" content=\"1 minut\" \/>\n<!-- \/ Yoast SEO plugin. -->","yoast_head_json":{"title":"TRUUSK Elektrisk Bil f\u00f6r Barn 12V Med Fj\u00e4rrkontroll - 2 Motorer - Tuta - LED - Musik - 101,5 x 49 x 43 cm - Gul - TRUUSK - Hem, Tr\u00e4dg\u00e5rd &amp; Fritid","robots":{"index":"index","follow":"follow","max-snippet":"max-snippet:-1","max-image-preview":"max-image-preview:large","max-video-preview":"max-video-preview:-1"},"canonical":"https:\/\/truusk.store\/sv\/produkt\/truusk-elektrisk-bil-for-barn-12v-med-fjarrkontroll-2-motorer-tuta-led-musik-1015-x-49-x-43-cm-gul\/","og_locale":"sv_SE","og_type":"article","og_title":"TRUUSK Elektrisk Bil f\u00f6r Barn 12V Med Fj\u00e4rrkontroll - 2 Motorer - Tuta - LED - Musik - 101,5 x 49 x 43 cm - Gul - TRUUSK - Hem, Tr\u00e4dg\u00e5rd &amp; Fritid","og_description":"Upplev superautosp\u00e4nningen f\u00f6r ditt barn med AIYAPLAY elektriska bil. Denna \u00e4kta Lamborghini-replika erbjuder tv\u00e5 k\u00f6rl\u00e4gen: fj\u00e4rrstyrning av f\u00f6r\u00e4ldrar och sj\u00e4lvk\u00f6rning...","og_url":"https:\/\/truusk.store\/sv\/produkt\/truusk-elektrisk-bil-for-barn-12v-med-fjarrkontroll-2-motorer-tuta-led-musik-1015-x-49-x-43-cm-gul\/","og_site_name":"TRUUSK - Hem, Tr\u00e4dg\u00e5rd &amp; Fritid","article_modified_time":"2026-03-12T07:50:19+00:00","og_image":[{"width":2000,"height":2000,"url":"https:\/\/i0.wp.com\/truusk.se\/wp-content\/uploads\/2025\/10\/aiyaplay-barns-elektriska-bil-12v-med-24-ghz-fjarrkontroll-2-motorer-tuta-led-musik-1015-x-49-x-43-cm-gul-1.webp?fit=2000%2C2000&ssl=1","type":"image\/webp"}],"twitter_card":"summary_large_image","twitter_misc":{"Ber\u00e4knad l\u00e4stid":"1 minut"},"schema":{"@context":"https:\/\/schema.org","@graph":[{"@type":"WebPage","@id":"https:\/\/truusk.store\/sv\/produkt\/truusk-elektrisk-bil-for-barn-12v-med-fjarrkontroll-2-motorer-tuta-led-musik-1015-x-49-x-43-cm-gul\/","url":"https:\/\/truusk.store\/sv\/produkt\/truusk-elektrisk-bil-for-barn-12v-med-fjarrkontroll-2-motorer-tuta-led-musik-1015-x-49-x-43-cm-gul\/","name":"TRUUSK Elektrisk Bil f\u00f6r Barn 12V Med Fj\u00e4rrkontroll - 2 Motorer - Tuta - LED - Musik - 101,5 x 49 x 43 cm - Gul - TRUUSK - Hem, Tr\u00e4dg\u00e5rd &amp; Fritid","isPartOf":{"@id":"https:\/\/truusk.store\/sv\/#website"},"primaryImageOfPage":{"@id":"https:\/\/truusk.store\/sv\/produkt\/truusk-elektrisk-bil-for-barn-12v-med-fjarrkontroll-2-motorer-tuta-led-musik-1015-x-49-x-43-cm-gul\/#primaryimage"},"image":{"@id":"https:\/\/truusk.store\/sv\/produkt\/truusk-elektrisk-bil-for-barn-12v-med-fjarrkontroll-2-motorer-tuta-led-musik-1015-x-49-x-43-cm-gul\/#primaryimage"},"thumbnailUrl":"https:\/\/i0.wp.com\/truusk.store\/wp-content\/uploads\/2025\/10\/aiyaplay-barns-elektriska-bil-12v-med-24-ghz-fjarrkontroll-2-motorer-tuta-led-musik-1015-x-49-x-43-cm-gul-1.webp?fit=2000%2C2000&ssl=1","datePublished":"2025-10-24T04:14:34+00:00","dateModified":"2026-03-12T07:50:19+00:00","breadcrumb":{"@id":"https:\/\/truusk.store\/sv\/produkt\/truusk-elektrisk-bil-for-barn-12v-med-fjarrkontroll-2-motorer-tuta-led-musik-1015-x-49-x-43-cm-gul\/#breadcrumb"},"inLanguage":"sv-SE","potentialAction":[{"@type":"ReadAction","target":["https:\/\/truusk.store\/sv\/produkt\/truusk-elektrisk-bil-for-barn-12v-med-fjarrkontroll-2-motorer-tuta-led-musik-1015-x-49-x-43-cm-gul\/"]}]},{"@type":"ImageObject","inLanguage":"sv-SE","@id":"https:\/\/truusk.store\/sv\/produkt\/truusk-elektrisk-bil-for-barn-12v-med-fjarrkontroll-2-motorer-tuta-led-musik-1015-x-49-x-43-cm-gul\/#primaryimage","url":"https:\/\/i0.wp.com\/truusk.store\/wp-content\/uploads\/2025\/10\/aiyaplay-barns-elektriska-bil-12v-med-24-ghz-fjarrkontroll-2-motorer-tuta-led-musik-1015-x-49-x-43-cm-gul-1.webp?fit=2000%2C2000&ssl=1","contentUrl":"https:\/\/i0.wp.com\/truusk.store\/wp-content\/uploads\/2025\/10\/aiyaplay-barns-elektriska-bil-12v-med-24-ghz-fjarrkontroll-2-motorer-tuta-led-musik-1015-x-49-x-43-cm-gul-1.webp?fit=2000%2C2000&ssl=1","width":2000,"height":2000},{"@type":"BreadcrumbList","@id":"https:\/\/truusk.store\/sv\/produkt\/truusk-elektrisk-bil-for-barn-12v-med-fjarrkontroll-2-motorer-tuta-led-musik-1015-x-49-x-43-cm-gul\/#breadcrumb","itemListElement":[{"@type":"ListItem","position":1,"name":"Home","item":"https:\/\/truusk.store\/sv\/"},{"@type":"ListItem","position":2,"name":"Shop","item":"https:\/\/truusk.store\/shop\/"},{"@type":"ListItem","position":3,"name":"TRUUSK Elektrisk Bil f\u00f6r Barn 12V Med Fj\u00e4rrkontroll &#8211; 2 Motorer &#8211; Tuta &#8211; LED &#8211; Musik &#8211; 101,5 x 49 x 43 cm &#8211; Gul"}]},{"@type":"WebSite","@id":"https:\/\/truusk.store\/sv\/#website","url":"https:\/\/truusk.store\/sv\/","name":"TRUUSK - Hem, Tr\u00e4dg\u00e5rd & Fritid","description":"","publisher":{"@id":"https:\/\/truusk.store\/sv\/#organization"},"potentialAction":[{"@type":"SearchAction","target":{"@type":"EntryPoint","urlTemplate":"https:\/\/truusk.store\/sv\/?s={search_term_string}"},"query-input":{"@type":"PropertyValueSpecification","valueRequired":true,"valueName":"search_term_string"}}],"inLanguage":"sv-SE"},{"@type":"Organization","@id":"https:\/\/truusk.store\/sv\/#organization","name":"TRUUSK - Hem, Tr\u00e4dg\u00e5rd & Fritid","url":"https:\/\/truusk.store\/sv\/","logo":{"@type":"ImageObject","inLanguage":"sv-SE","@id":"https:\/\/truusk.store\/sv\/#\/schema\/logo\/image\/","url":"https:\/\/i0.wp.com\/truusk.store\/wp-content\/uploads\/2026\/03\/cropped-TRUUSK.png?fit=2032%2C917&ssl=1","contentUrl":"https:\/\/i0.wp.com\/truusk.store\/wp-content\/uploads\/2026\/03\/cropped-TRUUSK.png?fit=2032%2C917&ssl=1","width":2032,"height":917,"caption":"TRUUSK - Hem, Tr\u00e4dg\u00e5rd & Fritid"},"image":{"@id":"https:\/\/truusk.store\/sv\/#\/schema\/logo\/image\/"}}]}},"jetpack_sharing_enabled":true,"_links":{"self":[{"href":"https:\/\/truusk.store\/sv\/wp-json\/wp\/v2\/product\/94269","targetHints":{"allow":["GET"]}}],"collection":[{"href":"https:\/\/truusk.store\/sv\/wp-json\/wp\/v2\/product"}],"about":[{"href":"https:\/\/truusk.store\/sv\/wp-json\/wp\/v2\/types\/product"}],"wp:featuredmedia":[{"embeddable":true,"href":"https:\/\/truusk.store\/sv\/wp-json\/wp\/v2\/media\/94260"}],"wp:attachment":[{"href":"https:\/\/truusk.store\/sv\/wp-json\/wp\/v2\/media?parent=94269"}],"wp:term":[{"taxonomy":"product_brand","embeddable":true,"href":"https:\/\/truusk.store\/sv\/wp-json\/wp\/v2\/product_brand?post=94269"},{"taxonomy":"product_cat","embeddable":true,"href":"https:\/\/truusk.store\/sv\/wp-json\/wp\/v2\/product_cat?post=94269"},{"taxonomy":"product_tag","embeddable":true,"href":"https:\/\/truusk.store\/sv\/wp-json\/wp\/v2\/product_tag?post=94269"}],"curies":[{"name":"wp","href":"https:\/\/api.w.org\/{rel}","templated":true}]}}