{"id":94309,"date":"2025-10-24T05:18:22","date_gmt":"2025-10-24T04:18:22","guid":{"rendered":"https:\/\/truusk.store\/product\/soffa-sang-med-kuddar-skum-omvandlingsbar-till-sang-mugg-hallare-gra\/"},"modified":"2026-03-12T08:50:27","modified_gmt":"2026-03-12T07:50:27","slug":"truusk-soffa-sang-med-kuddar-skum-omvandlingsbar-till-sang-mugg-hallare-gra","status":"publish","type":"product","link":"https:\/\/truusk.store\/sv\/produkt\/truusk-soffa-sang-med-kuddar-skum-omvandlingsbar-till-sang-mugg-hallare-gra\/","title":{"rendered":"TRUUSK Soffa-s\u00e4ng med kuddar &#8211; Skum &#8211; Omvandlingsbar till s\u00e4ng &#8211; Mugg h\u00e5llare &#8211; Gr\u00e5"},"content":{"rendered":"<p>St\u00f6rd av f\u00f6r lite utrymme och balansering av drycker p\u00e5 filmkv\u00e4llen? TRUUSK b\u00e4ddsoffa revolutionerar ditt vardagsrum. Slappna av p\u00e5 den djupa sittytan, medan din favoritdryck st\u00e5r s\u00e4kert i den inbyggda muggen. Designad f\u00f6r m\u00e5ngsidig komfort, erbjuder den en mysig oas f\u00f6r avkoppling &#8211; ensam eller tillsammans. Idealisk f\u00f6r ditt riktiga hem.<\/p>\n<p>Beskrivning:<\/p>\n<ul>\n<li> Fickfj\u00e4drar och tjock skum ger molnlik mjukhet och l\u00e5ngvarigt st\u00f6d<\/li>\n<li> Inkluderar matchande kudde f\u00f6r extra komfort och en stilfull, lagerp\u00e5lagd look<\/li>\n<li> Njut av gener\u00f6st utrymme med en extra djup sits, designad f\u00f6r fullst\u00e4ndig avkoppling<\/li>\n<li> Tv\u00e5 kan kombineras f\u00f6r att skapa en mysig b\u00e4ddsoffa f\u00f6r \u00f6vernattande g\u00e4ster<\/li>\n<li> Har dubbla armst\u00f6d med muggar f\u00f6r oavbrutna spel- eller filmsessioner<\/li>\n<li> Montera denna b\u00e4ddsoffa enkelt p\u00e5 bara 15 minuter med tydliga instruktioner<\/li>\n<li> Dess moderna design kompletterar enkelt alla vardagsrum eller l\u00e4genhetsinredningar.<\/li>\n<\/ul>\n<p>Tekniska data:<\/p>\n<ul>\n<li> F\u00e4rg: M\u00f6rkgr\u00e5<\/li>\n<li> Material: Cord (100% Polyester), skum, flerskiktsplatta, plast<\/li>\n<li> Totala dimensioner: 114B x 147T x 86H cm<\/li>\n<li> Sitsstorlek: 100B x 112T x 45H cm<\/li>\n<li> Sits tjocklek: 25 cm<\/li>\n<li> Ryggst\u00f6dsh\u00f6jd: 68 cm<\/li>\n<li> Ryggkuddstorlek: 101B x 44H cm<\/li>\n<li> Armst\u00f6dsdimensioner: 74L x 18B x 15H cm<\/li>\n<li> Muggstorlek: \u00d88 x 6,5H cm<\/li>\n<li> L\u00e4ndkuddestorlek: 70B x 29H cm<\/li>\n<li> Belastningskapacitet: 220 kg<\/li>\n<\/ul>\n<p>Leveransinneh\u00e5ll:<\/p>\n<ul>\n<li> 1 x Chaiselongue<\/li>\n<li> 1 x Handbok<\/li>\n<\/ul>\n","protected":false},"excerpt":{"rendered":"<p>St\u00f6rd av f\u00f6r lite utrymme och balansering av drycker p\u00e5 filmkv\u00e4llen? TRUUSK b\u00e4ddsoffa revolutionerar ditt vardagsrum. Slappna av p\u00e5 den&#8230;<\/p>\n","protected":false},"featured_media":94300,"template":"","meta":[],"product_brand":[],"product_cat":[871,943,937,910],"product_tag":[],"class_list":{"0":"post-94309","1":"product","2":"type-product","3":"status-publish","4":"has-post-thumbnail","6":"product_cat-hus-hem","7":"product_cat-schlafsofas","8":"product_cat-soffor","9":"product_cat-vardagsrum","11":"first","12":"instock","13":"sale","14":"taxable","15":"shipping-taxable","16":"purchasable","17":"product-type-simple"},"yoast_head":"<!-- This site is optimized with the Yoast SEO plugin v25.4 - https:\/\/yoast.com\/wordpress\/plugins\/seo\/ -->\n<title>TRUUSK Soffa-s\u00e4ng med kuddar - Skum - Omvandlingsbar till s\u00e4ng - Mugg h\u00e5llare - Gr\u00e5 - TRUUSK - Hem, Tr\u00e4dg\u00e5rd &amp; Fritid<\/title>\n<meta name=\"robots\" content=\"index, follow, max-snippet:-1, max-image-preview:large, max-video-preview:-1\" \/>\n<link rel=\"canonical\" href=\"https:\/\/truusk.store\/sv\/produkt\/truusk-soffa-sang-med-kuddar-skum-omvandlingsbar-till-sang-mugg-hallare-gra\/\" \/>\n<meta property=\"og:locale\" content=\"sv_SE\" \/>\n<meta property=\"og:type\" content=\"article\" \/>\n<meta property=\"og:title\" content=\"TRUUSK Soffa-s\u00e4ng med kuddar - Skum - Omvandlingsbar till s\u00e4ng - Mugg h\u00e5llare - Gr\u00e5 - TRUUSK - Hem, Tr\u00e4dg\u00e5rd &amp; Fritid\" \/>\n<meta property=\"og:description\" content=\"St\u00f6rd av f\u00f6r lite utrymme och balansering av drycker p\u00e5 filmkv\u00e4llen? TRUUSK b\u00e4ddsoffa revolutionerar ditt vardagsrum. Slappna av p\u00e5 den...\" \/>\n<meta property=\"og:url\" content=\"https:\/\/truusk.store\/sv\/produkt\/truusk-soffa-sang-med-kuddar-skum-omvandlingsbar-till-sang-mugg-hallare-gra\/\" \/>\n<meta property=\"og:site_name\" content=\"TRUUSK - Hem, Tr\u00e4dg\u00e5rd &amp; Fritid\" \/>\n<meta property=\"article:modified_time\" content=\"2026-03-12T07:50:27+00:00\" \/>\n<meta property=\"og:image\" content=\"https:\/\/i0.wp.com\/truusk.se\/wp-content\/uploads\/2025\/10\/soffa-sang-med-kuddar-skum-omvandlingsbar-till-sang-mugg-hallare-gra-1.webp?fit=2000%2C2000&ssl=1\" \/>\n\t<meta property=\"og:image:width\" content=\"2000\" \/>\n\t<meta property=\"og:image:height\" content=\"2000\" \/>\n\t<meta property=\"og:image:type\" content=\"image\/webp\" \/>\n<meta name=\"twitter:card\" content=\"summary_large_image\" \/>\n<meta name=\"twitter:label1\" content=\"Ber\u00e4knad l\u00e4stid\" \/>\n\t<meta name=\"twitter:data1\" content=\"1 minut\" \/>\n<!-- \/ Yoast SEO plugin. -->","yoast_head_json":{"title":"TRUUSK Soffa-s\u00e4ng med kuddar - Skum - Omvandlingsbar till s\u00e4ng - Mugg h\u00e5llare - Gr\u00e5 - TRUUSK - Hem, Tr\u00e4dg\u00e5rd &amp; Fritid","robots":{"index":"index","follow":"follow","max-snippet":"max-snippet:-1","max-image-preview":"max-image-preview:large","max-video-preview":"max-video-preview:-1"},"canonical":"https:\/\/truusk.store\/sv\/produkt\/truusk-soffa-sang-med-kuddar-skum-omvandlingsbar-till-sang-mugg-hallare-gra\/","og_locale":"sv_SE","og_type":"article","og_title":"TRUUSK Soffa-s\u00e4ng med kuddar - Skum - Omvandlingsbar till s\u00e4ng - Mugg h\u00e5llare - Gr\u00e5 - TRUUSK - Hem, Tr\u00e4dg\u00e5rd &amp; Fritid","og_description":"St\u00f6rd av f\u00f6r lite utrymme och balansering av drycker p\u00e5 filmkv\u00e4llen? TRUUSK b\u00e4ddsoffa revolutionerar ditt vardagsrum. Slappna av p\u00e5 den...","og_url":"https:\/\/truusk.store\/sv\/produkt\/truusk-soffa-sang-med-kuddar-skum-omvandlingsbar-till-sang-mugg-hallare-gra\/","og_site_name":"TRUUSK - Hem, Tr\u00e4dg\u00e5rd &amp; Fritid","article_modified_time":"2026-03-12T07:50:27+00:00","og_image":[{"width":2000,"height":2000,"url":"https:\/\/i0.wp.com\/truusk.se\/wp-content\/uploads\/2025\/10\/soffa-sang-med-kuddar-skum-omvandlingsbar-till-sang-mugg-hallare-gra-1.webp?fit=2000%2C2000&ssl=1","type":"image\/webp"}],"twitter_card":"summary_large_image","twitter_misc":{"Ber\u00e4knad l\u00e4stid":"1 minut"},"schema":{"@context":"https:\/\/schema.org","@graph":[{"@type":"WebPage","@id":"https:\/\/truusk.store\/sv\/produkt\/truusk-soffa-sang-med-kuddar-skum-omvandlingsbar-till-sang-mugg-hallare-gra\/","url":"https:\/\/truusk.store\/sv\/produkt\/truusk-soffa-sang-med-kuddar-skum-omvandlingsbar-till-sang-mugg-hallare-gra\/","name":"TRUUSK Soffa-s\u00e4ng med kuddar - Skum - Omvandlingsbar till s\u00e4ng - Mugg h\u00e5llare - Gr\u00e5 - TRUUSK - Hem, Tr\u00e4dg\u00e5rd &amp; Fritid","isPartOf":{"@id":"https:\/\/truusk.store\/sv\/#website"},"primaryImageOfPage":{"@id":"https:\/\/truusk.store\/sv\/produkt\/truusk-soffa-sang-med-kuddar-skum-omvandlingsbar-till-sang-mugg-hallare-gra\/#primaryimage"},"image":{"@id":"https:\/\/truusk.store\/sv\/produkt\/truusk-soffa-sang-med-kuddar-skum-omvandlingsbar-till-sang-mugg-hallare-gra\/#primaryimage"},"thumbnailUrl":"https:\/\/i0.wp.com\/truusk.store\/wp-content\/uploads\/2025\/10\/soffa-sang-med-kuddar-skum-omvandlingsbar-till-sang-mugg-hallare-gra-1.webp?fit=2000%2C2000&ssl=1","datePublished":"2025-10-24T04:18:22+00:00","dateModified":"2026-03-12T07:50:27+00:00","breadcrumb":{"@id":"https:\/\/truusk.store\/sv\/produkt\/truusk-soffa-sang-med-kuddar-skum-omvandlingsbar-till-sang-mugg-hallare-gra\/#breadcrumb"},"inLanguage":"sv-SE","potentialAction":[{"@type":"ReadAction","target":["https:\/\/truusk.store\/sv\/produkt\/truusk-soffa-sang-med-kuddar-skum-omvandlingsbar-till-sang-mugg-hallare-gra\/"]}]},{"@type":"ImageObject","inLanguage":"sv-SE","@id":"https:\/\/truusk.store\/sv\/produkt\/truusk-soffa-sang-med-kuddar-skum-omvandlingsbar-till-sang-mugg-hallare-gra\/#primaryimage","url":"https:\/\/i0.wp.com\/truusk.store\/wp-content\/uploads\/2025\/10\/soffa-sang-med-kuddar-skum-omvandlingsbar-till-sang-mugg-hallare-gra-1.webp?fit=2000%2C2000&ssl=1","contentUrl":"https:\/\/i0.wp.com\/truusk.store\/wp-content\/uploads\/2025\/10\/soffa-sang-med-kuddar-skum-omvandlingsbar-till-sang-mugg-hallare-gra-1.webp?fit=2000%2C2000&ssl=1","width":2000,"height":2000},{"@type":"BreadcrumbList","@id":"https:\/\/truusk.store\/sv\/produkt\/truusk-soffa-sang-med-kuddar-skum-omvandlingsbar-till-sang-mugg-hallare-gra\/#breadcrumb","itemListElement":[{"@type":"ListItem","position":1,"name":"Home","item":"https:\/\/truusk.store\/sv\/"},{"@type":"ListItem","position":2,"name":"Shop","item":"https:\/\/truusk.store\/shop\/"},{"@type":"ListItem","position":3,"name":"TRUUSK Soffa-s\u00e4ng med kuddar &#8211; Skum &#8211; Omvandlingsbar till s\u00e4ng &#8211; Mugg h\u00e5llare &#8211; Gr\u00e5"}]},{"@type":"WebSite","@id":"https:\/\/truusk.store\/sv\/#website","url":"https:\/\/truusk.store\/sv\/","name":"TRUUSK - Hem, Tr\u00e4dg\u00e5rd & Fritid","description":"","publisher":{"@id":"https:\/\/truusk.store\/sv\/#organization"},"potentialAction":[{"@type":"SearchAction","target":{"@type":"EntryPoint","urlTemplate":"https:\/\/truusk.store\/sv\/?s={search_term_string}"},"query-input":{"@type":"PropertyValueSpecification","valueRequired":true,"valueName":"search_term_string"}}],"inLanguage":"sv-SE"},{"@type":"Organization","@id":"https:\/\/truusk.store\/sv\/#organization","name":"TRUUSK - Hem, Tr\u00e4dg\u00e5rd & Fritid","url":"https:\/\/truusk.store\/sv\/","logo":{"@type":"ImageObject","inLanguage":"sv-SE","@id":"https:\/\/truusk.store\/sv\/#\/schema\/logo\/image\/","url":"https:\/\/i0.wp.com\/truusk.store\/wp-content\/uploads\/2026\/03\/cropped-TRUUSK.png?fit=2032%2C917&ssl=1","contentUrl":"https:\/\/i0.wp.com\/truusk.store\/wp-content\/uploads\/2026\/03\/cropped-TRUUSK.png?fit=2032%2C917&ssl=1","width":2032,"height":917,"caption":"TRUUSK - Hem, Tr\u00e4dg\u00e5rd & Fritid"},"image":{"@id":"https:\/\/truusk.store\/sv\/#\/schema\/logo\/image\/"}}]}},"jetpack_sharing_enabled":true,"_links":{"self":[{"href":"https:\/\/truusk.store\/sv\/wp-json\/wp\/v2\/product\/94309","targetHints":{"allow":["GET"]}}],"collection":[{"href":"https:\/\/truusk.store\/sv\/wp-json\/wp\/v2\/product"}],"about":[{"href":"https:\/\/truusk.store\/sv\/wp-json\/wp\/v2\/types\/product"}],"wp:featuredmedia":[{"embeddable":true,"href":"https:\/\/truusk.store\/sv\/wp-json\/wp\/v2\/media\/94300"}],"wp:attachment":[{"href":"https:\/\/truusk.store\/sv\/wp-json\/wp\/v2\/media?parent=94309"}],"wp:term":[{"taxonomy":"product_brand","embeddable":true,"href":"https:\/\/truusk.store\/sv\/wp-json\/wp\/v2\/product_brand?post=94309"},{"taxonomy":"product_cat","embeddable":true,"href":"https:\/\/truusk.store\/sv\/wp-json\/wp\/v2\/product_cat?post=94309"},{"taxonomy":"product_tag","embeddable":true,"href":"https:\/\/truusk.store\/sv\/wp-json\/wp\/v2\/product_tag?post=94309"}],"curies":[{"name":"wp","href":"https:\/\/api.w.org\/{rel}","templated":true}]}}