{"id":94319,"date":"2025-10-24T05:19:25","date_gmt":"2025-10-24T04:19:25","guid":{"rendered":"https:\/\/truusk.store\/product\/kontorsstol-hojdjusterbar-skrivbordsstol-med-landstod-armstod-fotstod-i-konstlader-ljusgra\/"},"modified":"2026-03-12T08:50:29","modified_gmt":"2026-03-12T07:50:29","slug":"truusk-kontorsstol-justerbar-hojd-landstod-armstod-fotstod-konstlader-ljusgra","status":"publish","type":"product","link":"https:\/\/truusk.store\/sv\/produkt\/truusk-kontorsstol-justerbar-hojd-landstod-armstod-fotstod-konstlader-ljusgra\/","title":{"rendered":"TRUUSK Kontorsstol &#8211; Justerbar H\u00f6jd &#8211; L\u00e4ndst\u00f6d &#8211; Armst\u00f6d &#8211; Fotst\u00f6d &#8211; Konstl\u00e4der &#8211; Ljusgr\u00e5"},"content":{"rendered":"<p>L\u00e5nga kontorsdagar leder ofta till obehag och bristande koncentration. TRUUSK Executive-kontorsstolen revolutionerar din arbetsdag. Upplev himmelsk komfort genom den dubbla stoppningen och den optimerade l\u00e4ndryggsst\u00f6det p\u00e5 skrivbordsstolen, och luta dig tillbaka upp till 135\u00b0 under de v\u00e4lf\u00f6rtj\u00e4nta pauserna. Perfekt symbios av PC-stolens stil och komfort f\u00f6r ditt kontor.<\/p>\n<p>Beskrivning:<\/p>\n<ul>\n<li> Kontorsstolens konstl\u00e4der\u00f6verdrag \u00e4r vattent\u00e4tt och l\u00e4tt att reng\u00f6ra f\u00f6r daglig anv\u00e4ndning<\/li>\n<li> Tjock stoppning och h\u00f6g ryggst\u00f6d p\u00e5 skrivbordsstolen lindrar ryggtr\u00f6tthet f\u00f6r komfort i kontorsstolen<\/li>\n<li> Vadderade armst\u00f6d p\u00e5 PC-stolen f\u00f6r f\u00f6rst\u00e4rkt allroundst\u00f6d<\/li>\n<li> Lutar sig fr\u00e5n uppr\u00e4tt position upp till 135\u00b0, l\u00e5sbar i alla vinklar, med utdragbart fotst\u00f6d f\u00f6r avkoppling<\/li>\n<li> Justerbar h\u00f6jd p\u00e5 datorstolen f\u00f6r personliga komfortinst\u00e4llningar<\/li>\n<li> Femstj\u00e4rnig st\u00e5lfot och klass tre gaslyft b\u00e4r s\u00e4kert upp till 120 kg<\/li>\n<li> Smidiga PU-hjul r\u00f6r sig tyst och skyddar dina golv fr\u00e5n repor<\/li>\n<li> Montering kr\u00e4vs<\/li>\n<\/ul>\n<p> Tekniska data:<\/p>\n<ul>\n<li> F\u00e4rg: Ljusgr\u00e5<\/li>\n<li> Material: Konstl\u00e4der, skum, PU, st\u00e5l<\/li>\n<li> Totala dimensioner: 66B x 60D x 113-121H cm<\/li>\n<li> Liggande dimensioner: 145L x 68B x 100-108H cm<\/li>\n<li> Sitsstorlek: 56B x 50D cm<\/li>\n<li> Sitth\u00f6jd: 54-62 cm (i vila)\/46-54H cm (faktisk h\u00f6jd)<\/li>\n<li> Sits tjocklek: 13 cm<\/li>\n<li> Ryggst\u00f6dets storlek: 70L x 51B x 13D cm<\/li>\n<li> Armst\u00f6dets storlek: 10B x 28D cm<\/li>\n<li> Armst\u00f6dets h\u00f6jd till sits: 20 cm<\/li>\n<li> Maximal lutningsvinkel: 135\u00b0<\/li>\n<li> B\u00e4rkapacitet: 120 kg<\/li>\n<\/ul>\n<p> Leveransinneh\u00e5ll:<\/p>\n<ul>\n<li> 1 x Executive kontorsstol<\/li>\n<li> 1 x Handbok<\/li>\n<\/ul>\n","protected":false},"excerpt":{"rendered":"<p>L\u00e5nga kontorsdagar leder ofta till obehag och bristande koncentration. TRUUSK Executive-kontorsstolen revolutionerar din arbetsdag. Upplev himmelsk komfort genom den dubbla&#8230;<\/p>\n","protected":false},"featured_media":94310,"template":"","meta":[],"product_brand":[],"product_cat":[872,871,516],"product_tag":[],"class_list":{"0":"post-94319","1":"product","2":"type-product","3":"status-publish","4":"has-post-thumbnail","6":"product_cat-hemmakontor-arbetsplats","7":"product_cat-hus-hem","8":"product_cat-kontorsstolar","10":"first","11":"instock","12":"sale","13":"taxable","14":"shipping-taxable","15":"purchasable","16":"product-type-simple"},"yoast_head":"<!-- This site is optimized with the Yoast SEO plugin v25.4 - https:\/\/yoast.com\/wordpress\/plugins\/seo\/ -->\n<title>TRUUSK Kontorsstol - Justerbar H\u00f6jd - L\u00e4ndst\u00f6d - Armst\u00f6d - Fotst\u00f6d - Konstl\u00e4der - Ljusgr\u00e5 - TRUUSK - Hem, Tr\u00e4dg\u00e5rd &amp; Fritid<\/title>\n<meta name=\"robots\" content=\"index, follow, max-snippet:-1, max-image-preview:large, max-video-preview:-1\" \/>\n<link rel=\"canonical\" href=\"https:\/\/truusk.store\/sv\/produkt\/truusk-kontorsstol-justerbar-hojd-landstod-armstod-fotstod-konstlader-ljusgra\/\" \/>\n<meta property=\"og:locale\" content=\"sv_SE\" \/>\n<meta property=\"og:type\" content=\"article\" \/>\n<meta property=\"og:title\" content=\"TRUUSK Kontorsstol - Justerbar H\u00f6jd - L\u00e4ndst\u00f6d - Armst\u00f6d - Fotst\u00f6d - Konstl\u00e4der - Ljusgr\u00e5 - TRUUSK - Hem, Tr\u00e4dg\u00e5rd &amp; Fritid\" \/>\n<meta property=\"og:description\" content=\"L\u00e5nga kontorsdagar leder ofta till obehag och bristande koncentration. TRUUSK Executive-kontorsstolen revolutionerar din arbetsdag. Upplev himmelsk komfort genom den dubbla...\" \/>\n<meta property=\"og:url\" content=\"https:\/\/truusk.store\/sv\/produkt\/truusk-kontorsstol-justerbar-hojd-landstod-armstod-fotstod-konstlader-ljusgra\/\" \/>\n<meta property=\"og:site_name\" content=\"TRUUSK - Hem, Tr\u00e4dg\u00e5rd &amp; Fritid\" \/>\n<meta property=\"article:modified_time\" content=\"2026-03-12T07:50:29+00:00\" \/>\n<meta property=\"og:image\" content=\"https:\/\/i0.wp.com\/truusk.se\/wp-content\/uploads\/2025\/10\/kontorsstol-hojdjusterbar-skrivbordsstol-med-landstod-armstod-fotstod-i-konstlader-ljusgra-1.webp?fit=2000%2C2000&ssl=1\" \/>\n\t<meta property=\"og:image:width\" content=\"2000\" \/>\n\t<meta property=\"og:image:height\" content=\"2000\" \/>\n\t<meta property=\"og:image:type\" content=\"image\/webp\" \/>\n<meta name=\"twitter:card\" content=\"summary_large_image\" \/>\n<meta name=\"twitter:label1\" content=\"Ber\u00e4knad l\u00e4stid\" \/>\n\t<meta name=\"twitter:data1\" content=\"1 minut\" \/>\n<!-- \/ Yoast SEO plugin. -->","yoast_head_json":{"title":"TRUUSK Kontorsstol - Justerbar H\u00f6jd - L\u00e4ndst\u00f6d - Armst\u00f6d - Fotst\u00f6d - Konstl\u00e4der - Ljusgr\u00e5 - TRUUSK - Hem, Tr\u00e4dg\u00e5rd &amp; Fritid","robots":{"index":"index","follow":"follow","max-snippet":"max-snippet:-1","max-image-preview":"max-image-preview:large","max-video-preview":"max-video-preview:-1"},"canonical":"https:\/\/truusk.store\/sv\/produkt\/truusk-kontorsstol-justerbar-hojd-landstod-armstod-fotstod-konstlader-ljusgra\/","og_locale":"sv_SE","og_type":"article","og_title":"TRUUSK Kontorsstol - Justerbar H\u00f6jd - L\u00e4ndst\u00f6d - Armst\u00f6d - Fotst\u00f6d - Konstl\u00e4der - Ljusgr\u00e5 - TRUUSK - Hem, Tr\u00e4dg\u00e5rd &amp; Fritid","og_description":"L\u00e5nga kontorsdagar leder ofta till obehag och bristande koncentration. TRUUSK Executive-kontorsstolen revolutionerar din arbetsdag. Upplev himmelsk komfort genom den dubbla...","og_url":"https:\/\/truusk.store\/sv\/produkt\/truusk-kontorsstol-justerbar-hojd-landstod-armstod-fotstod-konstlader-ljusgra\/","og_site_name":"TRUUSK - Hem, Tr\u00e4dg\u00e5rd &amp; Fritid","article_modified_time":"2026-03-12T07:50:29+00:00","og_image":[{"width":2000,"height":2000,"url":"https:\/\/i0.wp.com\/truusk.se\/wp-content\/uploads\/2025\/10\/kontorsstol-hojdjusterbar-skrivbordsstol-med-landstod-armstod-fotstod-i-konstlader-ljusgra-1.webp?fit=2000%2C2000&ssl=1","type":"image\/webp"}],"twitter_card":"summary_large_image","twitter_misc":{"Ber\u00e4knad l\u00e4stid":"1 minut"},"schema":{"@context":"https:\/\/schema.org","@graph":[{"@type":"WebPage","@id":"https:\/\/truusk.store\/sv\/produkt\/truusk-kontorsstol-justerbar-hojd-landstod-armstod-fotstod-konstlader-ljusgra\/","url":"https:\/\/truusk.store\/sv\/produkt\/truusk-kontorsstol-justerbar-hojd-landstod-armstod-fotstod-konstlader-ljusgra\/","name":"TRUUSK Kontorsstol - Justerbar H\u00f6jd - L\u00e4ndst\u00f6d - Armst\u00f6d - Fotst\u00f6d - Konstl\u00e4der - Ljusgr\u00e5 - TRUUSK - Hem, Tr\u00e4dg\u00e5rd &amp; Fritid","isPartOf":{"@id":"https:\/\/truusk.store\/sv\/#website"},"primaryImageOfPage":{"@id":"https:\/\/truusk.store\/sv\/produkt\/truusk-kontorsstol-justerbar-hojd-landstod-armstod-fotstod-konstlader-ljusgra\/#primaryimage"},"image":{"@id":"https:\/\/truusk.store\/sv\/produkt\/truusk-kontorsstol-justerbar-hojd-landstod-armstod-fotstod-konstlader-ljusgra\/#primaryimage"},"thumbnailUrl":"https:\/\/i0.wp.com\/truusk.store\/wp-content\/uploads\/2025\/10\/kontorsstol-hojdjusterbar-skrivbordsstol-med-landstod-armstod-fotstod-i-konstlader-ljusgra-1.webp?fit=2000%2C2000&ssl=1","datePublished":"2025-10-24T04:19:25+00:00","dateModified":"2026-03-12T07:50:29+00:00","breadcrumb":{"@id":"https:\/\/truusk.store\/sv\/produkt\/truusk-kontorsstol-justerbar-hojd-landstod-armstod-fotstod-konstlader-ljusgra\/#breadcrumb"},"inLanguage":"sv-SE","potentialAction":[{"@type":"ReadAction","target":["https:\/\/truusk.store\/sv\/produkt\/truusk-kontorsstol-justerbar-hojd-landstod-armstod-fotstod-konstlader-ljusgra\/"]}]},{"@type":"ImageObject","inLanguage":"sv-SE","@id":"https:\/\/truusk.store\/sv\/produkt\/truusk-kontorsstol-justerbar-hojd-landstod-armstod-fotstod-konstlader-ljusgra\/#primaryimage","url":"https:\/\/i0.wp.com\/truusk.store\/wp-content\/uploads\/2025\/10\/kontorsstol-hojdjusterbar-skrivbordsstol-med-landstod-armstod-fotstod-i-konstlader-ljusgra-1.webp?fit=2000%2C2000&ssl=1","contentUrl":"https:\/\/i0.wp.com\/truusk.store\/wp-content\/uploads\/2025\/10\/kontorsstol-hojdjusterbar-skrivbordsstol-med-landstod-armstod-fotstod-i-konstlader-ljusgra-1.webp?fit=2000%2C2000&ssl=1","width":2000,"height":2000},{"@type":"BreadcrumbList","@id":"https:\/\/truusk.store\/sv\/produkt\/truusk-kontorsstol-justerbar-hojd-landstod-armstod-fotstod-konstlader-ljusgra\/#breadcrumb","itemListElement":[{"@type":"ListItem","position":1,"name":"Home","item":"https:\/\/truusk.store\/sv\/"},{"@type":"ListItem","position":2,"name":"Shop","item":"https:\/\/truusk.store\/shop\/"},{"@type":"ListItem","position":3,"name":"TRUUSK Kontorsstol &#8211; Justerbar H\u00f6jd &#8211; L\u00e4ndst\u00f6d &#8211; Armst\u00f6d &#8211; Fotst\u00f6d &#8211; Konstl\u00e4der &#8211; Ljusgr\u00e5"}]},{"@type":"WebSite","@id":"https:\/\/truusk.store\/sv\/#website","url":"https:\/\/truusk.store\/sv\/","name":"TRUUSK - Hem, Tr\u00e4dg\u00e5rd & Fritid","description":"","publisher":{"@id":"https:\/\/truusk.store\/sv\/#organization"},"potentialAction":[{"@type":"SearchAction","target":{"@type":"EntryPoint","urlTemplate":"https:\/\/truusk.store\/sv\/?s={search_term_string}"},"query-input":{"@type":"PropertyValueSpecification","valueRequired":true,"valueName":"search_term_string"}}],"inLanguage":"sv-SE"},{"@type":"Organization","@id":"https:\/\/truusk.store\/sv\/#organization","name":"TRUUSK - Hem, Tr\u00e4dg\u00e5rd & Fritid","url":"https:\/\/truusk.store\/sv\/","logo":{"@type":"ImageObject","inLanguage":"sv-SE","@id":"https:\/\/truusk.store\/sv\/#\/schema\/logo\/image\/","url":"https:\/\/i0.wp.com\/truusk.store\/wp-content\/uploads\/2026\/03\/cropped-TRUUSK.png?fit=2032%2C917&ssl=1","contentUrl":"https:\/\/i0.wp.com\/truusk.store\/wp-content\/uploads\/2026\/03\/cropped-TRUUSK.png?fit=2032%2C917&ssl=1","width":2032,"height":917,"caption":"TRUUSK - Hem, Tr\u00e4dg\u00e5rd & Fritid"},"image":{"@id":"https:\/\/truusk.store\/sv\/#\/schema\/logo\/image\/"}}]}},"jetpack_sharing_enabled":true,"_links":{"self":[{"href":"https:\/\/truusk.store\/sv\/wp-json\/wp\/v2\/product\/94319","targetHints":{"allow":["GET"]}}],"collection":[{"href":"https:\/\/truusk.store\/sv\/wp-json\/wp\/v2\/product"}],"about":[{"href":"https:\/\/truusk.store\/sv\/wp-json\/wp\/v2\/types\/product"}],"wp:featuredmedia":[{"embeddable":true,"href":"https:\/\/truusk.store\/sv\/wp-json\/wp\/v2\/media\/94310"}],"wp:attachment":[{"href":"https:\/\/truusk.store\/sv\/wp-json\/wp\/v2\/media?parent=94319"}],"wp:term":[{"taxonomy":"product_brand","embeddable":true,"href":"https:\/\/truusk.store\/sv\/wp-json\/wp\/v2\/product_brand?post=94319"},{"taxonomy":"product_cat","embeddable":true,"href":"https:\/\/truusk.store\/sv\/wp-json\/wp\/v2\/product_cat?post=94319"},{"taxonomy":"product_tag","embeddable":true,"href":"https:\/\/truusk.store\/sv\/wp-json\/wp\/v2\/product_tag?post=94319"}],"curies":[{"name":"wp","href":"https:\/\/api.w.org\/{rel}","templated":true}]}}