{"id":94369,"date":"2025-10-24T05:24:24","date_gmt":"2025-10-24T04:24:24","guid":{"rendered":"https:\/\/truusk.store\/product\/aiyaplay-leksakskok-for-barn-traaccessoarer-koksredskap-kompakt-ljud-rosa\/"},"modified":"2026-03-12T08:50:41","modified_gmt":"2026-03-12T07:50:41","slug":"truusk-leksakskok-for-barn-traaccessoarer-koksredskap-ljud-kompakt-rosa","status":"publish","type":"product","link":"https:\/\/truusk.store\/sv\/produkt\/truusk-leksakskok-for-barn-traaccessoarer-koksredskap-ljud-kompakt-rosa\/","title":{"rendered":"TRUUSK Leksaksk\u00f6k f\u00f6r barn &#8211; Tr\u00e4accessoarer &#8211; K\u00f6ksredskap &#8211; Ljud &#8211; Kompakt &#8211; Rosa"},"content":{"rendered":"<p>Letar du efter en s\u00e4ker och sp\u00e4nnande leksak? AIYAPLAY leksaksk\u00f6k skapar en Montessori-inspirerad upplevelsev\u00e4rld d\u00e4r ditt barn kan uppt\u00e4cka matlagning och st\u00e4dning. Tillverkad av MDF med mjukt rundade kanter, till\u00e5ter detta lekset s\u00e4kert och kreativt spel, st\u00f6djer ditt barns sj\u00e4lvst\u00e4ndighet och l\u00e5ter dig slappna av medan din lilla kock trollar fram sitt nya m\u00e4sterverk.<\/p>\n<p>Beskrivning:<\/p>\n<ul>\n<li> Inneh\u00e5ller tr\u00e4accessoarer s\u00e5 att barnen kan b\u00f6rja leka direkt<\/li>\n<li> Fr\u00e4mjar livsf\u00e4rdigheter och organisation genom engagerande rollspel<\/li>\n<li> Stabil konstruktion med sl\u00e4ta kanter garanterar s\u00e4kert spel<\/li>\n<li> Flera zoner g\u00f6r det m\u00f6jligt f\u00f6r v\u00e4nner att leka tillsammans och utveckla sociala f\u00e4rdigheter<\/li>\n<li> Den 47 cm h\u00f6ga arbetsb\u00e4nken \u00e4r l\u00e4mplig f\u00f6r barn i \u00e5ldern 3 till 6 \u00e5r<\/li>\n<li> Slimmad, kompakt design passar s\u00f6ml\u00f6st in i alla rum dekorationer<\/li>\n<li> Montering kr\u00e4vs<\/li>\n<\/ul>\n<p> Tekniska data:<\/p>\n<ul>\n<li> F\u00e4rg: Rosa<\/li>\n<li> Material: MDF<\/li>\n<li> Totala dimensioner: 55L x 24B x 86H cm<\/li>\n<li> H\u00f6jd p\u00e5 arbetsb\u00e4nken: 47H cm<\/li>\n<li> Rekommenderad \u00e5lder: 3\u20136 \u00e5r<\/li>\n<li> Godk\u00e4nd \u00e5lder: 3+ \u00e5r<\/li>\n<\/ul>\n<p> Leveransinneh\u00e5ll:<\/p>\n<ul>\n<li> 1 x barnk\u00f6ksspelset<\/li>\n<li> 1 x bruksanvisning<\/li>\n<\/ul>\n","protected":false},"excerpt":{"rendered":"<p>Letar du efter en s\u00e4ker och sp\u00e4nnande leksak? AIYAPLAY leksaksk\u00f6k skapar en Montessori-inspirerad upplevelsev\u00e4rld d\u00e4r ditt barn kan uppt\u00e4cka matlagning&#8230;<\/p>\n","protected":false},"featured_media":94360,"template":"","meta":[],"product_brand":[],"product_cat":[880,626,918],"product_tag":[],"class_list":{"0":"post-94369","1":"product","2":"type-product","3":"status-publish","4":"has-post-thumbnail","6":"product_cat-baby-barn-2","7":"product_cat-barns-rollspel","8":"product_cat-leksaker","10":"first","11":"instock","12":"sale","13":"taxable","14":"shipping-taxable","15":"purchasable","16":"product-type-simple"},"yoast_head":"<!-- This site is optimized with the Yoast SEO plugin v25.4 - https:\/\/yoast.com\/wordpress\/plugins\/seo\/ -->\n<title>TRUUSK Leksaksk\u00f6k f\u00f6r barn - Tr\u00e4accessoarer - K\u00f6ksredskap - Ljud - Kompakt - Rosa - TRUUSK - Hem, Tr\u00e4dg\u00e5rd &amp; Fritid<\/title>\n<meta name=\"robots\" content=\"index, follow, max-snippet:-1, max-image-preview:large, max-video-preview:-1\" \/>\n<link rel=\"canonical\" href=\"https:\/\/truusk.store\/sv\/produkt\/truusk-leksakskok-for-barn-traaccessoarer-koksredskap-ljud-kompakt-rosa\/\" \/>\n<meta property=\"og:locale\" content=\"sv_SE\" \/>\n<meta property=\"og:type\" content=\"article\" \/>\n<meta property=\"og:title\" content=\"TRUUSK Leksaksk\u00f6k f\u00f6r barn - Tr\u00e4accessoarer - K\u00f6ksredskap - Ljud - Kompakt - Rosa - TRUUSK - Hem, Tr\u00e4dg\u00e5rd &amp; Fritid\" \/>\n<meta property=\"og:description\" content=\"Letar du efter en s\u00e4ker och sp\u00e4nnande leksak? AIYAPLAY leksaksk\u00f6k skapar en Montessori-inspirerad upplevelsev\u00e4rld d\u00e4r ditt barn kan uppt\u00e4cka matlagning...\" \/>\n<meta property=\"og:url\" content=\"https:\/\/truusk.store\/sv\/produkt\/truusk-leksakskok-for-barn-traaccessoarer-koksredskap-ljud-kompakt-rosa\/\" \/>\n<meta property=\"og:site_name\" content=\"TRUUSK - Hem, Tr\u00e4dg\u00e5rd &amp; Fritid\" \/>\n<meta property=\"article:modified_time\" content=\"2026-03-12T07:50:41+00:00\" \/>\n<meta property=\"og:image\" content=\"https:\/\/i0.wp.com\/truusk.se\/wp-content\/uploads\/2025\/10\/aiyaplay-leksakskok-for-barn-traaccessoarer-koksredskap-kompakt-ljud-rosa-1.webp?fit=2000%2C2000&ssl=1\" \/>\n\t<meta property=\"og:image:width\" content=\"2000\" \/>\n\t<meta property=\"og:image:height\" content=\"2000\" \/>\n\t<meta property=\"og:image:type\" content=\"image\/webp\" \/>\n<meta name=\"twitter:card\" content=\"summary_large_image\" \/>\n<meta name=\"twitter:label1\" content=\"Ber\u00e4knad l\u00e4stid\" \/>\n\t<meta name=\"twitter:data1\" content=\"1 minut\" \/>\n<!-- \/ Yoast SEO plugin. -->","yoast_head_json":{"title":"TRUUSK Leksaksk\u00f6k f\u00f6r barn - Tr\u00e4accessoarer - K\u00f6ksredskap - Ljud - Kompakt - Rosa - TRUUSK - Hem, Tr\u00e4dg\u00e5rd &amp; Fritid","robots":{"index":"index","follow":"follow","max-snippet":"max-snippet:-1","max-image-preview":"max-image-preview:large","max-video-preview":"max-video-preview:-1"},"canonical":"https:\/\/truusk.store\/sv\/produkt\/truusk-leksakskok-for-barn-traaccessoarer-koksredskap-ljud-kompakt-rosa\/","og_locale":"sv_SE","og_type":"article","og_title":"TRUUSK Leksaksk\u00f6k f\u00f6r barn - Tr\u00e4accessoarer - K\u00f6ksredskap - Ljud - Kompakt - Rosa - TRUUSK - Hem, Tr\u00e4dg\u00e5rd &amp; Fritid","og_description":"Letar du efter en s\u00e4ker och sp\u00e4nnande leksak? AIYAPLAY leksaksk\u00f6k skapar en Montessori-inspirerad upplevelsev\u00e4rld d\u00e4r ditt barn kan uppt\u00e4cka matlagning...","og_url":"https:\/\/truusk.store\/sv\/produkt\/truusk-leksakskok-for-barn-traaccessoarer-koksredskap-ljud-kompakt-rosa\/","og_site_name":"TRUUSK - Hem, Tr\u00e4dg\u00e5rd &amp; Fritid","article_modified_time":"2026-03-12T07:50:41+00:00","og_image":[{"width":2000,"height":2000,"url":"https:\/\/i0.wp.com\/truusk.se\/wp-content\/uploads\/2025\/10\/aiyaplay-leksakskok-for-barn-traaccessoarer-koksredskap-kompakt-ljud-rosa-1.webp?fit=2000%2C2000&ssl=1","type":"image\/webp"}],"twitter_card":"summary_large_image","twitter_misc":{"Ber\u00e4knad l\u00e4stid":"1 minut"},"schema":{"@context":"https:\/\/schema.org","@graph":[{"@type":"WebPage","@id":"https:\/\/truusk.store\/sv\/produkt\/truusk-leksakskok-for-barn-traaccessoarer-koksredskap-ljud-kompakt-rosa\/","url":"https:\/\/truusk.store\/sv\/produkt\/truusk-leksakskok-for-barn-traaccessoarer-koksredskap-ljud-kompakt-rosa\/","name":"TRUUSK Leksaksk\u00f6k f\u00f6r barn - Tr\u00e4accessoarer - K\u00f6ksredskap - Ljud - Kompakt - Rosa - TRUUSK - Hem, Tr\u00e4dg\u00e5rd &amp; Fritid","isPartOf":{"@id":"https:\/\/truusk.store\/sv\/#website"},"primaryImageOfPage":{"@id":"https:\/\/truusk.store\/sv\/produkt\/truusk-leksakskok-for-barn-traaccessoarer-koksredskap-ljud-kompakt-rosa\/#primaryimage"},"image":{"@id":"https:\/\/truusk.store\/sv\/produkt\/truusk-leksakskok-for-barn-traaccessoarer-koksredskap-ljud-kompakt-rosa\/#primaryimage"},"thumbnailUrl":"https:\/\/i0.wp.com\/truusk.store\/wp-content\/uploads\/2025\/10\/aiyaplay-leksakskok-for-barn-traaccessoarer-koksredskap-kompakt-ljud-rosa-1.webp?fit=2000%2C2000&ssl=1","datePublished":"2025-10-24T04:24:24+00:00","dateModified":"2026-03-12T07:50:41+00:00","breadcrumb":{"@id":"https:\/\/truusk.store\/sv\/produkt\/truusk-leksakskok-for-barn-traaccessoarer-koksredskap-ljud-kompakt-rosa\/#breadcrumb"},"inLanguage":"sv-SE","potentialAction":[{"@type":"ReadAction","target":["https:\/\/truusk.store\/sv\/produkt\/truusk-leksakskok-for-barn-traaccessoarer-koksredskap-ljud-kompakt-rosa\/"]}]},{"@type":"ImageObject","inLanguage":"sv-SE","@id":"https:\/\/truusk.store\/sv\/produkt\/truusk-leksakskok-for-barn-traaccessoarer-koksredskap-ljud-kompakt-rosa\/#primaryimage","url":"https:\/\/i0.wp.com\/truusk.store\/wp-content\/uploads\/2025\/10\/aiyaplay-leksakskok-for-barn-traaccessoarer-koksredskap-kompakt-ljud-rosa-1.webp?fit=2000%2C2000&ssl=1","contentUrl":"https:\/\/i0.wp.com\/truusk.store\/wp-content\/uploads\/2025\/10\/aiyaplay-leksakskok-for-barn-traaccessoarer-koksredskap-kompakt-ljud-rosa-1.webp?fit=2000%2C2000&ssl=1","width":2000,"height":2000},{"@type":"BreadcrumbList","@id":"https:\/\/truusk.store\/sv\/produkt\/truusk-leksakskok-for-barn-traaccessoarer-koksredskap-ljud-kompakt-rosa\/#breadcrumb","itemListElement":[{"@type":"ListItem","position":1,"name":"Home","item":"https:\/\/truusk.store\/sv\/"},{"@type":"ListItem","position":2,"name":"Shop","item":"https:\/\/truusk.store\/shop\/"},{"@type":"ListItem","position":3,"name":"TRUUSK Leksaksk\u00f6k f\u00f6r barn &#8211; Tr\u00e4accessoarer &#8211; K\u00f6ksredskap &#8211; Ljud &#8211; Kompakt &#8211; Rosa"}]},{"@type":"WebSite","@id":"https:\/\/truusk.store\/sv\/#website","url":"https:\/\/truusk.store\/sv\/","name":"TRUUSK - Hem, Tr\u00e4dg\u00e5rd & Fritid","description":"","publisher":{"@id":"https:\/\/truusk.store\/sv\/#organization"},"potentialAction":[{"@type":"SearchAction","target":{"@type":"EntryPoint","urlTemplate":"https:\/\/truusk.store\/sv\/?s={search_term_string}"},"query-input":{"@type":"PropertyValueSpecification","valueRequired":true,"valueName":"search_term_string"}}],"inLanguage":"sv-SE"},{"@type":"Organization","@id":"https:\/\/truusk.store\/sv\/#organization","name":"TRUUSK - Hem, Tr\u00e4dg\u00e5rd & Fritid","url":"https:\/\/truusk.store\/sv\/","logo":{"@type":"ImageObject","inLanguage":"sv-SE","@id":"https:\/\/truusk.store\/sv\/#\/schema\/logo\/image\/","url":"https:\/\/i0.wp.com\/truusk.store\/wp-content\/uploads\/2026\/03\/cropped-TRUUSK.png?fit=2032%2C917&ssl=1","contentUrl":"https:\/\/i0.wp.com\/truusk.store\/wp-content\/uploads\/2026\/03\/cropped-TRUUSK.png?fit=2032%2C917&ssl=1","width":2032,"height":917,"caption":"TRUUSK - Hem, Tr\u00e4dg\u00e5rd & Fritid"},"image":{"@id":"https:\/\/truusk.store\/sv\/#\/schema\/logo\/image\/"}}]}},"jetpack_sharing_enabled":true,"_links":{"self":[{"href":"https:\/\/truusk.store\/sv\/wp-json\/wp\/v2\/product\/94369","targetHints":{"allow":["GET"]}}],"collection":[{"href":"https:\/\/truusk.store\/sv\/wp-json\/wp\/v2\/product"}],"about":[{"href":"https:\/\/truusk.store\/sv\/wp-json\/wp\/v2\/types\/product"}],"wp:featuredmedia":[{"embeddable":true,"href":"https:\/\/truusk.store\/sv\/wp-json\/wp\/v2\/media\/94360"}],"wp:attachment":[{"href":"https:\/\/truusk.store\/sv\/wp-json\/wp\/v2\/media?parent=94369"}],"wp:term":[{"taxonomy":"product_brand","embeddable":true,"href":"https:\/\/truusk.store\/sv\/wp-json\/wp\/v2\/product_brand?post=94369"},{"taxonomy":"product_cat","embeddable":true,"href":"https:\/\/truusk.store\/sv\/wp-json\/wp\/v2\/product_cat?post=94369"},{"taxonomy":"product_tag","embeddable":true,"href":"https:\/\/truusk.store\/sv\/wp-json\/wp\/v2\/product_tag?post=94369"}],"curies":[{"name":"wp","href":"https:\/\/api.w.org\/{rel}","templated":true}]}}