{"id":94379,"date":"2025-10-24T05:25:30","date_gmt":"2025-10-24T04:25:30","guid":{"rendered":"https:\/\/truusk.store\/product\/aiyaplay-baby-spelmatta-djurmonster-skum-15-cm-tjock-stoppning-halkfri\/"},"modified":"2026-03-12T08:50:45","modified_gmt":"2026-03-12T07:50:45","slug":"truusk-babyspelmatta-med-djurmonster-skummadrass-15-cm-tjock-stoppning-halkfri-gra","status":"publish","type":"product","link":"https:\/\/truusk.store\/sv\/produkt\/truusk-babyspelmatta-med-djurmonster-skummadrass-15-cm-tjock-stoppning-halkfri-gra\/","title":{"rendered":"TRUUSK Babyspelmatta med Djurm\u00f6nster &#8211; Skummadrass &#8211; 1,5 cm tjock stoppning &#8211; Halkfri &#8211; Gr\u00e5"},"content":{"rendered":"<p>AIYAPLAY baby lekmatta skapar en s\u00e4ker plats f\u00f6r lek, l\u00e4rande och tillv\u00e4xt. Den \u00e4r designad med ljusa, dubbelsidiga racerbilsm\u00f6nster som stimulerar fantasin och ger gl\u00e4dje till varje rum. Tillverkad av mjukt, t\u00e4tt XPE-skum med en tjocklek p\u00e5 1,5 cm, ger den en mjuk, s\u00e4ker yta f\u00f6r krypning, sittande och de f\u00f6rsta os\u00e4kra stegen. Den f\u00f6ljer ditt barn fr\u00e5n magl\u00e4ge till lektid, alltid med komfort och s\u00e4kerhet.<\/p>\n<p>Beskrivning:<\/p>\n<ul>\n<li> \u00d6versynbart design med ljusa racerbilsm\u00f6nster fr\u00e4mjar kreativitet och uppt\u00e4ckarlust<\/li>\n<li> Mjukt XPE-skum ger en s\u00e4ker, mysig plats f\u00f6r krypning och lek<\/li>\n<li> 1,5 cm tjock stoppning mildrar fall och h\u00e5ller lektiden mysig<\/li>\n<li> Vattenavvisande yta g\u00f6r det snabbt att reng\u00f6ra efter spill<\/li>\n<li> Rymlig 2,86 m\u00b2 stor matta ger de sm\u00e5 mycket utrymme f\u00f6r att utforska s\u00e4kert<\/li>\n<li> Halkfri textur st\u00f6djer de f\u00f6rsta stegen med f\u00f6rtroende<\/li>\n<li> Vikbar, b\u00e4rbar design underl\u00e4ttar f\u00f6rvaring och resor<\/li>\n<\/ul>\n<p>Tekniska data:<\/p>\n<ul>\n<li> F\u00e4rg: Flerf\u00e4rgad<\/li>\n<li> Material: XPE<\/li>\n<li> Totala dimensioner: 195L x 146,5B x 1,5H cm<\/li>\n<li> T\u00e4ckningsomr\u00e5de: 2,86 m\u00b2<\/li>\n<li> Rekommenderad \u00e5lder: 0\u201336 m\u00e5nader<\/li>\n<\/ul>\n<p>Leveransinneh\u00e5ll:<\/p>\n<ul>\n<li> 1 x baby lekmatta<\/li>\n<li> 1 x f\u00f6rvaringsv\u00e4ska<\/li>\n<li> 1 x bruksanvisning<\/li>\n<\/ul>\n","protected":false},"excerpt":{"rendered":"<p>AIYAPLAY baby lekmatta skapar en s\u00e4ker plats f\u00f6r lek, l\u00e4rande och tillv\u00e4xt. Den \u00e4r designad med ljusa, dubbelsidiga racerbilsm\u00f6nster som&#8230;<\/p>\n","protected":false},"featured_media":94370,"template":"","meta":[],"product_brand":[],"product_cat":[880,918,627],"product_tag":[],"class_list":{"0":"post-94379","1":"product","2":"type-product","3":"status-publish","4":"has-post-thumbnail","6":"product_cat-baby-barn-2","7":"product_cat-leksaker","8":"product_cat-pusselmattor","10":"first","11":"instock","12":"sale","13":"taxable","14":"shipping-taxable","15":"purchasable","16":"product-type-simple"},"yoast_head":"<!-- This site is optimized with the Yoast SEO plugin v25.4 - https:\/\/yoast.com\/wordpress\/plugins\/seo\/ -->\n<title>TRUUSK Babyspelmatta med Djurm\u00f6nster - Skummadrass - 1,5 cm tjock stoppning - Halkfri - Gr\u00e5 - TRUUSK - Hem, Tr\u00e4dg\u00e5rd &amp; Fritid<\/title>\n<meta name=\"robots\" content=\"index, follow, max-snippet:-1, max-image-preview:large, max-video-preview:-1\" \/>\n<link rel=\"canonical\" href=\"https:\/\/truusk.store\/sv\/produkt\/truusk-babyspelmatta-med-djurmonster-skummadrass-15-cm-tjock-stoppning-halkfri-gra\/\" \/>\n<meta property=\"og:locale\" content=\"sv_SE\" \/>\n<meta property=\"og:type\" content=\"article\" \/>\n<meta property=\"og:title\" content=\"TRUUSK Babyspelmatta med Djurm\u00f6nster - Skummadrass - 1,5 cm tjock stoppning - Halkfri - Gr\u00e5 - TRUUSK - Hem, Tr\u00e4dg\u00e5rd &amp; Fritid\" \/>\n<meta property=\"og:description\" content=\"AIYAPLAY baby lekmatta skapar en s\u00e4ker plats f\u00f6r lek, l\u00e4rande och tillv\u00e4xt. Den \u00e4r designad med ljusa, dubbelsidiga racerbilsm\u00f6nster som...\" \/>\n<meta property=\"og:url\" content=\"https:\/\/truusk.store\/sv\/produkt\/truusk-babyspelmatta-med-djurmonster-skummadrass-15-cm-tjock-stoppning-halkfri-gra\/\" \/>\n<meta property=\"og:site_name\" content=\"TRUUSK - Hem, Tr\u00e4dg\u00e5rd &amp; Fritid\" \/>\n<meta property=\"article:modified_time\" content=\"2026-03-12T07:50:45+00:00\" \/>\n<meta property=\"og:image\" content=\"https:\/\/i0.wp.com\/truusk.se\/wp-content\/uploads\/2025\/10\/aiyaplay-baby-spelmatta-djurmonster-skum-15-cm-tjock-stoppning-halkfri-1.webp?fit=2000%2C2000&ssl=1\" \/>\n\t<meta property=\"og:image:width\" content=\"2000\" \/>\n\t<meta property=\"og:image:height\" content=\"2000\" \/>\n\t<meta property=\"og:image:type\" content=\"image\/webp\" \/>\n<meta name=\"twitter:card\" content=\"summary_large_image\" \/>\n<meta name=\"twitter:label1\" content=\"Ber\u00e4knad l\u00e4stid\" \/>\n\t<meta name=\"twitter:data1\" content=\"1 minut\" \/>\n<!-- \/ Yoast SEO plugin. -->","yoast_head_json":{"title":"TRUUSK Babyspelmatta med Djurm\u00f6nster - Skummadrass - 1,5 cm tjock stoppning - Halkfri - Gr\u00e5 - TRUUSK - Hem, Tr\u00e4dg\u00e5rd &amp; Fritid","robots":{"index":"index","follow":"follow","max-snippet":"max-snippet:-1","max-image-preview":"max-image-preview:large","max-video-preview":"max-video-preview:-1"},"canonical":"https:\/\/truusk.store\/sv\/produkt\/truusk-babyspelmatta-med-djurmonster-skummadrass-15-cm-tjock-stoppning-halkfri-gra\/","og_locale":"sv_SE","og_type":"article","og_title":"TRUUSK Babyspelmatta med Djurm\u00f6nster - Skummadrass - 1,5 cm tjock stoppning - Halkfri - Gr\u00e5 - TRUUSK - Hem, Tr\u00e4dg\u00e5rd &amp; Fritid","og_description":"AIYAPLAY baby lekmatta skapar en s\u00e4ker plats f\u00f6r lek, l\u00e4rande och tillv\u00e4xt. Den \u00e4r designad med ljusa, dubbelsidiga racerbilsm\u00f6nster som...","og_url":"https:\/\/truusk.store\/sv\/produkt\/truusk-babyspelmatta-med-djurmonster-skummadrass-15-cm-tjock-stoppning-halkfri-gra\/","og_site_name":"TRUUSK - Hem, Tr\u00e4dg\u00e5rd &amp; Fritid","article_modified_time":"2026-03-12T07:50:45+00:00","og_image":[{"width":2000,"height":2000,"url":"https:\/\/i0.wp.com\/truusk.se\/wp-content\/uploads\/2025\/10\/aiyaplay-baby-spelmatta-djurmonster-skum-15-cm-tjock-stoppning-halkfri-1.webp?fit=2000%2C2000&ssl=1","type":"image\/webp"}],"twitter_card":"summary_large_image","twitter_misc":{"Ber\u00e4knad l\u00e4stid":"1 minut"},"schema":{"@context":"https:\/\/schema.org","@graph":[{"@type":"WebPage","@id":"https:\/\/truusk.store\/sv\/produkt\/truusk-babyspelmatta-med-djurmonster-skummadrass-15-cm-tjock-stoppning-halkfri-gra\/","url":"https:\/\/truusk.store\/sv\/produkt\/truusk-babyspelmatta-med-djurmonster-skummadrass-15-cm-tjock-stoppning-halkfri-gra\/","name":"TRUUSK Babyspelmatta med Djurm\u00f6nster - Skummadrass - 1,5 cm tjock stoppning - Halkfri - Gr\u00e5 - TRUUSK - Hem, Tr\u00e4dg\u00e5rd &amp; Fritid","isPartOf":{"@id":"https:\/\/truusk.store\/sv\/#website"},"primaryImageOfPage":{"@id":"https:\/\/truusk.store\/sv\/produkt\/truusk-babyspelmatta-med-djurmonster-skummadrass-15-cm-tjock-stoppning-halkfri-gra\/#primaryimage"},"image":{"@id":"https:\/\/truusk.store\/sv\/produkt\/truusk-babyspelmatta-med-djurmonster-skummadrass-15-cm-tjock-stoppning-halkfri-gra\/#primaryimage"},"thumbnailUrl":"https:\/\/i0.wp.com\/truusk.store\/wp-content\/uploads\/2025\/10\/aiyaplay-baby-spelmatta-djurmonster-skum-15-cm-tjock-stoppning-halkfri-1.webp?fit=2000%2C2000&ssl=1","datePublished":"2025-10-24T04:25:30+00:00","dateModified":"2026-03-12T07:50:45+00:00","breadcrumb":{"@id":"https:\/\/truusk.store\/sv\/produkt\/truusk-babyspelmatta-med-djurmonster-skummadrass-15-cm-tjock-stoppning-halkfri-gra\/#breadcrumb"},"inLanguage":"sv-SE","potentialAction":[{"@type":"ReadAction","target":["https:\/\/truusk.store\/sv\/produkt\/truusk-babyspelmatta-med-djurmonster-skummadrass-15-cm-tjock-stoppning-halkfri-gra\/"]}]},{"@type":"ImageObject","inLanguage":"sv-SE","@id":"https:\/\/truusk.store\/sv\/produkt\/truusk-babyspelmatta-med-djurmonster-skummadrass-15-cm-tjock-stoppning-halkfri-gra\/#primaryimage","url":"https:\/\/i0.wp.com\/truusk.store\/wp-content\/uploads\/2025\/10\/aiyaplay-baby-spelmatta-djurmonster-skum-15-cm-tjock-stoppning-halkfri-1.webp?fit=2000%2C2000&ssl=1","contentUrl":"https:\/\/i0.wp.com\/truusk.store\/wp-content\/uploads\/2025\/10\/aiyaplay-baby-spelmatta-djurmonster-skum-15-cm-tjock-stoppning-halkfri-1.webp?fit=2000%2C2000&ssl=1","width":2000,"height":2000},{"@type":"BreadcrumbList","@id":"https:\/\/truusk.store\/sv\/produkt\/truusk-babyspelmatta-med-djurmonster-skummadrass-15-cm-tjock-stoppning-halkfri-gra\/#breadcrumb","itemListElement":[{"@type":"ListItem","position":1,"name":"Home","item":"https:\/\/truusk.store\/sv\/"},{"@type":"ListItem","position":2,"name":"Shop","item":"https:\/\/truusk.store\/shop\/"},{"@type":"ListItem","position":3,"name":"TRUUSK Babyspelmatta med Djurm\u00f6nster &#8211; Skummadrass &#8211; 1,5 cm tjock stoppning &#8211; Halkfri &#8211; Gr\u00e5"}]},{"@type":"WebSite","@id":"https:\/\/truusk.store\/sv\/#website","url":"https:\/\/truusk.store\/sv\/","name":"TRUUSK - Hem, Tr\u00e4dg\u00e5rd & Fritid","description":"","publisher":{"@id":"https:\/\/truusk.store\/sv\/#organization"},"potentialAction":[{"@type":"SearchAction","target":{"@type":"EntryPoint","urlTemplate":"https:\/\/truusk.store\/sv\/?s={search_term_string}"},"query-input":{"@type":"PropertyValueSpecification","valueRequired":true,"valueName":"search_term_string"}}],"inLanguage":"sv-SE"},{"@type":"Organization","@id":"https:\/\/truusk.store\/sv\/#organization","name":"TRUUSK - Hem, Tr\u00e4dg\u00e5rd & Fritid","url":"https:\/\/truusk.store\/sv\/","logo":{"@type":"ImageObject","inLanguage":"sv-SE","@id":"https:\/\/truusk.store\/sv\/#\/schema\/logo\/image\/","url":"https:\/\/i0.wp.com\/truusk.store\/wp-content\/uploads\/2026\/03\/cropped-TRUUSK.png?fit=2032%2C917&ssl=1","contentUrl":"https:\/\/i0.wp.com\/truusk.store\/wp-content\/uploads\/2026\/03\/cropped-TRUUSK.png?fit=2032%2C917&ssl=1","width":2032,"height":917,"caption":"TRUUSK - Hem, Tr\u00e4dg\u00e5rd & Fritid"},"image":{"@id":"https:\/\/truusk.store\/sv\/#\/schema\/logo\/image\/"}}]}},"jetpack_sharing_enabled":true,"_links":{"self":[{"href":"https:\/\/truusk.store\/sv\/wp-json\/wp\/v2\/product\/94379","targetHints":{"allow":["GET"]}}],"collection":[{"href":"https:\/\/truusk.store\/sv\/wp-json\/wp\/v2\/product"}],"about":[{"href":"https:\/\/truusk.store\/sv\/wp-json\/wp\/v2\/types\/product"}],"wp:featuredmedia":[{"embeddable":true,"href":"https:\/\/truusk.store\/sv\/wp-json\/wp\/v2\/media\/94370"}],"wp:attachment":[{"href":"https:\/\/truusk.store\/sv\/wp-json\/wp\/v2\/media?parent=94379"}],"wp:term":[{"taxonomy":"product_brand","embeddable":true,"href":"https:\/\/truusk.store\/sv\/wp-json\/wp\/v2\/product_brand?post=94379"},{"taxonomy":"product_cat","embeddable":true,"href":"https:\/\/truusk.store\/sv\/wp-json\/wp\/v2\/product_cat?post=94379"},{"taxonomy":"product_tag","embeddable":true,"href":"https:\/\/truusk.store\/sv\/wp-json\/wp\/v2\/product_tag?post=94379"}],"curies":[{"name":"wp","href":"https:\/\/api.w.org\/{rel}","templated":true}]}}