{"id":94389,"date":"2025-10-24T05:26:26","date_gmt":"2025-10-24T04:26:26","guid":{"rendered":"https:\/\/truusk.store\/product\/aiyaplay-barnbord-med-2-stolar-3-delad-barnsitsgrupp-sittgrupp-for-barn-barnmobler-56-x-52-x-48-cm-gra\/"},"modified":"2026-03-12T08:50:49","modified_gmt":"2026-03-12T07:50:49","slug":"truusk-barnbord-med-2-stolar-3-delad-barnsitsgrupp-sittgrupp-for-barn-gra-56-x-52-x-48-cm","status":"publish","type":"product","link":"https:\/\/truusk.store\/sv\/produkt\/truusk-barnbord-med-2-stolar-3-delad-barnsitsgrupp-sittgrupp-for-barn-gra-56-x-52-x-48-cm\/","title":{"rendered":"TRUUSK Barnbord med 2 Stolar &#8211; 3-delad Barnsitsgrupp &#8211; Sittgrupp f\u00f6r Barn &#8211; Gr\u00e5 &#8211; 56 x 52 x 48 cm"},"content":{"rendered":"<p>St\u00f6rd av vaxkritsp\u00e5r p\u00e5 ditt matbord? N\u00e4r barnen saknar en egen plats, leder det ofta till d\u00e5lig sittst\u00e4llning och kaos. AIYAPLAY barnbord med 2 stolar \u00e4r l\u00f6sningen. Tillverkat av l\u00e4tt att reng\u00f6ra tr\u00e4, erbjuder barnsitsgruppen barn en ergonomisk plats f\u00f6r konst till l\u00e4xor och st\u00e4rker deras sj\u00e4lvst\u00e4ndighet.<\/p>\n<p>Beskrivning:<\/p>\n<ul>\n<li> Ergonomiskt utformad f\u00f6r barn i \u00e5ldern 3-8 \u00e5r, fr\u00e4mjar en h\u00e4lsosam h\u00e5llning och sj\u00e4lvst\u00e4ndighet<\/li>\n<li> Detta kompletta 3-delade set inneh\u00e5ller ett lekbord och tv\u00e5 matchande stolar<\/li>\n<li> Barnsitsgruppen \u00e4r tillverkad av furutr\u00e4 f\u00f6r en robust struktur<\/li>\n<li> Med rundade h\u00f6rn och tipp-s\u00e4kra ben f\u00f6r ditt barns fullst\u00e4ndiga s\u00e4kerhet<\/li>\n<li> Stolarna kan snyggt skjutas in under barnbordet och erbjuder en smart platsbesparande l\u00f6sning<\/li>\n<li> Snabb och enkel montering av lekbordet f\u00f6r barn med tydliga instruktioner samt en l\u00e4tt att reng\u00f6ra yta<\/li>\n<\/ul>\n<p>Tekniska data:<\/p>\n<ul>\n<li> F\u00e4rg: Gr\u00e5+Vit<\/li>\n<li> Material: MDF, Furutr\u00e4<\/li>\n<li> Bordstorlek: 56L x 52B x 48H cm<\/li>\n<li> Stolstorlek: 27B x 27T x 53H cm<\/li>\n<li> Sitsstorlek: 27B x 27T cm<\/li>\n<li> Sitth\u00f6jd: 26 cm<\/li>\n<li> Rekommenderad \u00e5lder: 3-8 \u00e5r<\/li>\n<li> Godk\u00e4nd \u00e5lder: 3+ \u00e5r<\/li>\n<li> Maximal belastning: 20 kg (bord), 30 kg (stol)<\/li>\n<\/ul>\n<p>Leveransinneh\u00e5ll:<\/p>\n<ul>\n<li> 1 x Bord<\/li>\n<li> 2 x Stol<\/li>\n<li> 1 x Handbok<\/li>\n<\/ul>\n","protected":false},"excerpt":{"rendered":"<p>St\u00f6rd av vaxkritsp\u00e5r p\u00e5 ditt matbord? N\u00e4r barnen saknar en egen plats, leder det ofta till d\u00e5lig sittst\u00e4llning och kaos&#8230;.<\/p>\n","protected":false},"featured_media":94380,"template":"","meta":[],"product_brand":[],"product_cat":[880,631,634],"product_tag":[],"class_list":{"0":"post-94389","1":"product","2":"type-product","3":"status-publish","4":"has-post-thumbnail","6":"product_cat-baby-barn-2","7":"product_cat-barnmobler","8":"product_cat-barnsittgrupper","10":"first","11":"instock","12":"sale","13":"taxable","14":"shipping-taxable","15":"purchasable","16":"product-type-simple"},"yoast_head":"<!-- This site is optimized with the Yoast SEO plugin v25.4 - https:\/\/yoast.com\/wordpress\/plugins\/seo\/ -->\n<title>TRUUSK Barnbord med 2 Stolar - 3-delad Barnsitsgrupp - Sittgrupp f\u00f6r Barn - Gr\u00e5 - 56 x 52 x 48 cm - TRUUSK - Hem, Tr\u00e4dg\u00e5rd &amp; Fritid<\/title>\n<meta name=\"robots\" content=\"index, follow, max-snippet:-1, max-image-preview:large, max-video-preview:-1\" \/>\n<link rel=\"canonical\" href=\"https:\/\/truusk.store\/sv\/produkt\/truusk-barnbord-med-2-stolar-3-delad-barnsitsgrupp-sittgrupp-for-barn-gra-56-x-52-x-48-cm\/\" \/>\n<meta property=\"og:locale\" content=\"sv_SE\" \/>\n<meta property=\"og:type\" content=\"article\" \/>\n<meta property=\"og:title\" content=\"TRUUSK Barnbord med 2 Stolar - 3-delad Barnsitsgrupp - Sittgrupp f\u00f6r Barn - Gr\u00e5 - 56 x 52 x 48 cm - TRUUSK - Hem, Tr\u00e4dg\u00e5rd &amp; Fritid\" \/>\n<meta property=\"og:description\" content=\"St\u00f6rd av vaxkritsp\u00e5r p\u00e5 ditt matbord? N\u00e4r barnen saknar en egen plats, leder det ofta till d\u00e5lig sittst\u00e4llning och kaos....\" \/>\n<meta property=\"og:url\" content=\"https:\/\/truusk.store\/sv\/produkt\/truusk-barnbord-med-2-stolar-3-delad-barnsitsgrupp-sittgrupp-for-barn-gra-56-x-52-x-48-cm\/\" \/>\n<meta property=\"og:site_name\" content=\"TRUUSK - Hem, Tr\u00e4dg\u00e5rd &amp; Fritid\" \/>\n<meta property=\"article:modified_time\" content=\"2026-03-12T07:50:49+00:00\" \/>\n<meta property=\"og:image\" content=\"https:\/\/i0.wp.com\/truusk.se\/wp-content\/uploads\/2025\/10\/aiyaplay-barnbord-med-2-stolar-3-delad-barnsitsgrupp-sittgrupp-for-barn-barnmobler-56-x-52-x-48-cm-gra-1.webp?fit=2000%2C2000&ssl=1\" \/>\n\t<meta property=\"og:image:width\" content=\"2000\" \/>\n\t<meta property=\"og:image:height\" content=\"2000\" \/>\n\t<meta property=\"og:image:type\" content=\"image\/webp\" \/>\n<meta name=\"twitter:card\" content=\"summary_large_image\" \/>\n<meta name=\"twitter:label1\" content=\"Ber\u00e4knad l\u00e4stid\" \/>\n\t<meta name=\"twitter:data1\" content=\"1 minut\" \/>\n<!-- \/ Yoast SEO plugin. -->","yoast_head_json":{"title":"TRUUSK Barnbord med 2 Stolar - 3-delad Barnsitsgrupp - Sittgrupp f\u00f6r Barn - Gr\u00e5 - 56 x 52 x 48 cm - TRUUSK - Hem, Tr\u00e4dg\u00e5rd &amp; Fritid","robots":{"index":"index","follow":"follow","max-snippet":"max-snippet:-1","max-image-preview":"max-image-preview:large","max-video-preview":"max-video-preview:-1"},"canonical":"https:\/\/truusk.store\/sv\/produkt\/truusk-barnbord-med-2-stolar-3-delad-barnsitsgrupp-sittgrupp-for-barn-gra-56-x-52-x-48-cm\/","og_locale":"sv_SE","og_type":"article","og_title":"TRUUSK Barnbord med 2 Stolar - 3-delad Barnsitsgrupp - Sittgrupp f\u00f6r Barn - Gr\u00e5 - 56 x 52 x 48 cm - TRUUSK - Hem, Tr\u00e4dg\u00e5rd &amp; Fritid","og_description":"St\u00f6rd av vaxkritsp\u00e5r p\u00e5 ditt matbord? N\u00e4r barnen saknar en egen plats, leder det ofta till d\u00e5lig sittst\u00e4llning och kaos....","og_url":"https:\/\/truusk.store\/sv\/produkt\/truusk-barnbord-med-2-stolar-3-delad-barnsitsgrupp-sittgrupp-for-barn-gra-56-x-52-x-48-cm\/","og_site_name":"TRUUSK - Hem, Tr\u00e4dg\u00e5rd &amp; Fritid","article_modified_time":"2026-03-12T07:50:49+00:00","og_image":[{"width":2000,"height":2000,"url":"https:\/\/i0.wp.com\/truusk.se\/wp-content\/uploads\/2025\/10\/aiyaplay-barnbord-med-2-stolar-3-delad-barnsitsgrupp-sittgrupp-for-barn-barnmobler-56-x-52-x-48-cm-gra-1.webp?fit=2000%2C2000&ssl=1","type":"image\/webp"}],"twitter_card":"summary_large_image","twitter_misc":{"Ber\u00e4knad l\u00e4stid":"1 minut"},"schema":{"@context":"https:\/\/schema.org","@graph":[{"@type":"WebPage","@id":"https:\/\/truusk.store\/sv\/produkt\/truusk-barnbord-med-2-stolar-3-delad-barnsitsgrupp-sittgrupp-for-barn-gra-56-x-52-x-48-cm\/","url":"https:\/\/truusk.store\/sv\/produkt\/truusk-barnbord-med-2-stolar-3-delad-barnsitsgrupp-sittgrupp-for-barn-gra-56-x-52-x-48-cm\/","name":"TRUUSK Barnbord med 2 Stolar - 3-delad Barnsitsgrupp - Sittgrupp f\u00f6r Barn - Gr\u00e5 - 56 x 52 x 48 cm - TRUUSK - Hem, Tr\u00e4dg\u00e5rd &amp; Fritid","isPartOf":{"@id":"https:\/\/truusk.store\/sv\/#website"},"primaryImageOfPage":{"@id":"https:\/\/truusk.store\/sv\/produkt\/truusk-barnbord-med-2-stolar-3-delad-barnsitsgrupp-sittgrupp-for-barn-gra-56-x-52-x-48-cm\/#primaryimage"},"image":{"@id":"https:\/\/truusk.store\/sv\/produkt\/truusk-barnbord-med-2-stolar-3-delad-barnsitsgrupp-sittgrupp-for-barn-gra-56-x-52-x-48-cm\/#primaryimage"},"thumbnailUrl":"https:\/\/i0.wp.com\/truusk.store\/wp-content\/uploads\/2025\/10\/aiyaplay-barnbord-med-2-stolar-3-delad-barnsitsgrupp-sittgrupp-for-barn-barnmobler-56-x-52-x-48-cm-gra-1.webp?fit=2000%2C2000&ssl=1","datePublished":"2025-10-24T04:26:26+00:00","dateModified":"2026-03-12T07:50:49+00:00","breadcrumb":{"@id":"https:\/\/truusk.store\/sv\/produkt\/truusk-barnbord-med-2-stolar-3-delad-barnsitsgrupp-sittgrupp-for-barn-gra-56-x-52-x-48-cm\/#breadcrumb"},"inLanguage":"sv-SE","potentialAction":[{"@type":"ReadAction","target":["https:\/\/truusk.store\/sv\/produkt\/truusk-barnbord-med-2-stolar-3-delad-barnsitsgrupp-sittgrupp-for-barn-gra-56-x-52-x-48-cm\/"]}]},{"@type":"ImageObject","inLanguage":"sv-SE","@id":"https:\/\/truusk.store\/sv\/produkt\/truusk-barnbord-med-2-stolar-3-delad-barnsitsgrupp-sittgrupp-for-barn-gra-56-x-52-x-48-cm\/#primaryimage","url":"https:\/\/i0.wp.com\/truusk.store\/wp-content\/uploads\/2025\/10\/aiyaplay-barnbord-med-2-stolar-3-delad-barnsitsgrupp-sittgrupp-for-barn-barnmobler-56-x-52-x-48-cm-gra-1.webp?fit=2000%2C2000&ssl=1","contentUrl":"https:\/\/i0.wp.com\/truusk.store\/wp-content\/uploads\/2025\/10\/aiyaplay-barnbord-med-2-stolar-3-delad-barnsitsgrupp-sittgrupp-for-barn-barnmobler-56-x-52-x-48-cm-gra-1.webp?fit=2000%2C2000&ssl=1","width":2000,"height":2000},{"@type":"BreadcrumbList","@id":"https:\/\/truusk.store\/sv\/produkt\/truusk-barnbord-med-2-stolar-3-delad-barnsitsgrupp-sittgrupp-for-barn-gra-56-x-52-x-48-cm\/#breadcrumb","itemListElement":[{"@type":"ListItem","position":1,"name":"Home","item":"https:\/\/truusk.store\/sv\/"},{"@type":"ListItem","position":2,"name":"Shop","item":"https:\/\/truusk.store\/shop\/"},{"@type":"ListItem","position":3,"name":"TRUUSK Barnbord med 2 Stolar &#8211; 3-delad Barnsitsgrupp &#8211; Sittgrupp f\u00f6r Barn &#8211; Gr\u00e5 &#8211; 56 x 52 x 48 cm"}]},{"@type":"WebSite","@id":"https:\/\/truusk.store\/sv\/#website","url":"https:\/\/truusk.store\/sv\/","name":"TRUUSK - Hem, Tr\u00e4dg\u00e5rd & Fritid","description":"","publisher":{"@id":"https:\/\/truusk.store\/sv\/#organization"},"potentialAction":[{"@type":"SearchAction","target":{"@type":"EntryPoint","urlTemplate":"https:\/\/truusk.store\/sv\/?s={search_term_string}"},"query-input":{"@type":"PropertyValueSpecification","valueRequired":true,"valueName":"search_term_string"}}],"inLanguage":"sv-SE"},{"@type":"Organization","@id":"https:\/\/truusk.store\/sv\/#organization","name":"TRUUSK - Hem, Tr\u00e4dg\u00e5rd & Fritid","url":"https:\/\/truusk.store\/sv\/","logo":{"@type":"ImageObject","inLanguage":"sv-SE","@id":"https:\/\/truusk.store\/sv\/#\/schema\/logo\/image\/","url":"https:\/\/i0.wp.com\/truusk.store\/wp-content\/uploads\/2026\/03\/cropped-TRUUSK.png?fit=2032%2C917&ssl=1","contentUrl":"https:\/\/i0.wp.com\/truusk.store\/wp-content\/uploads\/2026\/03\/cropped-TRUUSK.png?fit=2032%2C917&ssl=1","width":2032,"height":917,"caption":"TRUUSK - Hem, Tr\u00e4dg\u00e5rd & Fritid"},"image":{"@id":"https:\/\/truusk.store\/sv\/#\/schema\/logo\/image\/"}}]}},"jetpack_sharing_enabled":true,"_links":{"self":[{"href":"https:\/\/truusk.store\/sv\/wp-json\/wp\/v2\/product\/94389","targetHints":{"allow":["GET"]}}],"collection":[{"href":"https:\/\/truusk.store\/sv\/wp-json\/wp\/v2\/product"}],"about":[{"href":"https:\/\/truusk.store\/sv\/wp-json\/wp\/v2\/types\/product"}],"wp:featuredmedia":[{"embeddable":true,"href":"https:\/\/truusk.store\/sv\/wp-json\/wp\/v2\/media\/94380"}],"wp:attachment":[{"href":"https:\/\/truusk.store\/sv\/wp-json\/wp\/v2\/media?parent=94389"}],"wp:term":[{"taxonomy":"product_brand","embeddable":true,"href":"https:\/\/truusk.store\/sv\/wp-json\/wp\/v2\/product_brand?post=94389"},{"taxonomy":"product_cat","embeddable":true,"href":"https:\/\/truusk.store\/sv\/wp-json\/wp\/v2\/product_cat?post=94389"},{"taxonomy":"product_tag","embeddable":true,"href":"https:\/\/truusk.store\/sv\/wp-json\/wp\/v2\/product_tag?post=94389"}],"curies":[{"name":"wp","href":"https:\/\/api.w.org\/{rel}","templated":true}]}}