{"id":94399,"date":"2025-10-24T05:27:18","date_gmt":"2025-10-24T04:27:18","guid":{"rendered":"https:\/\/truusk.store\/product\/kontorsstol-hojdjusterbar-skrivbordsstol-med-justerbar-fotring-landstod-62-x-59-x-119-cm-svart\/"},"modified":"2026-03-12T08:50:57","modified_gmt":"2026-03-12T07:50:57","slug":"truusk-justerbar-kontorsstol-med-fotring-och-landstod-svart-62-x-59-x-119-cm","status":"publish","type":"product","link":"https:\/\/truusk.store\/sv\/produkt\/truusk-justerbar-kontorsstol-med-fotring-och-landstod-svart-62-x-59-x-119-cm\/","title":{"rendered":"TRUUSK Justerbar Kontorsstol &#8211; Med Fotring och L\u00e4ndst\u00f6d &#8211; Svart &#8211; 62 x 59 x 119 cm"},"content":{"rendered":"<p>Med TRUUSK kontorsstolen n\u00e5r du enkelt h\u00f6gre arbetsniv\u00e5er. Justera skrivbordsstolens sitth\u00f6jd mellan 99 och 119 cm enligt ditt behov, utan \u00f6veranstr\u00e4ngning, st\u00f6dd av en fotring. Den vadderade sitsen p\u00e5 sv\u00e4ngstolen med andningsbart n\u00e4t\u00f6verdrag erbjuder komfort, medan fem hjul m\u00f6jligg\u00f6r l\u00e4tt man\u00f6vrering.<\/p>\n<p>Beskrivning:<\/p>\n<ul>\n<li> Datorstolens f\u00e4llbara armst\u00f6d kan skjutas under skrivbordet f\u00f6r att spara utrymme<\/li>\n<li> Justerbar sitth\u00f6jd och fotringh\u00f6jd p\u00e5 kontorsstolen f\u00f6rb\u00e4ttrar komfort och h\u00e5llning<\/li>\n<li> Andningsbart n\u00e4t\u00f6verdrag p\u00e5 sv\u00e4ngstolen kombinerat med l\u00e4ndst\u00f6d f\u00f6r att lindra ryggen<\/li>\n<li> Mediumt\u00e4t skumvaddering erbjuder vadderad, st\u00f6djande sittkomfort<\/li>\n<li> Sv\u00e4ngbar sits och hjul p\u00e5 skrivbordsstolen m\u00f6jligg\u00f6r enkel r\u00f6rlighet i arbetsomr\u00e5den<\/li>\n<li> PU-hjul glider mjukt p\u00e5 olika golvbel\u00e4ggningar<\/li>\n<\/ul>\n<p>Tekniska data:<\/p>\n<ul>\n<li> F\u00e4rg: Svart<\/li>\n<li> Material: N\u00e4ttyg (100% polyester), skum, plast<\/li>\n<li> Totala dimensioner: 59B x 62T x 99-119H cm<\/li>\n<li> Sitsm\u00e5tt: 48B x 49T x 54-74H cm<\/li>\n<li> Ryggst\u00f6dets storlek: 48B x 50L cm<\/li>\n<li> Armst\u00f6dsh\u00f6jd till sits: 17 cm<\/li>\n<li> Fotringens h\u00f6jd: 21 cm<\/li>\n<li> Total belastningskapacitet: 120 kg<\/li>\n<\/ul>\n<p>Leveransinneh\u00e5ll:<\/p>\n<ul>\n<li> 1 x ritstol<\/li>\n<li> 1 x handbok<\/li>\n<\/ul>\n","protected":false},"excerpt":{"rendered":"<p>Med TRUUSK kontorsstolen n\u00e5r du enkelt h\u00f6gre arbetsniv\u00e5er. Justera skrivbordsstolens sitth\u00f6jd mellan 99 och 119 cm enligt ditt behov, utan&#8230;<\/p>\n","protected":false},"featured_media":94390,"template":"","meta":[],"product_brand":[],"product_cat":[872,871,516],"product_tag":[],"class_list":{"0":"post-94399","1":"product","2":"type-product","3":"status-publish","4":"has-post-thumbnail","6":"product_cat-hemmakontor-arbetsplats","7":"product_cat-hus-hem","8":"product_cat-kontorsstolar","10":"first","11":"instock","12":"sale","13":"taxable","14":"shipping-taxable","15":"purchasable","16":"product-type-simple"},"yoast_head":"<!-- This site is optimized with the Yoast SEO plugin v25.4 - https:\/\/yoast.com\/wordpress\/plugins\/seo\/ -->\n<title>TRUUSK Justerbar Kontorsstol - Med Fotring och L\u00e4ndst\u00f6d - Svart - 62 x 59 x 119 cm - TRUUSK - Hem, Tr\u00e4dg\u00e5rd &amp; Fritid<\/title>\n<meta name=\"robots\" content=\"index, follow, max-snippet:-1, max-image-preview:large, max-video-preview:-1\" \/>\n<link rel=\"canonical\" href=\"https:\/\/truusk.store\/sv\/produkt\/truusk-justerbar-kontorsstol-med-fotring-och-landstod-svart-62-x-59-x-119-cm\/\" \/>\n<meta property=\"og:locale\" content=\"sv_SE\" \/>\n<meta property=\"og:type\" content=\"article\" \/>\n<meta property=\"og:title\" content=\"TRUUSK Justerbar Kontorsstol - Med Fotring och L\u00e4ndst\u00f6d - Svart - 62 x 59 x 119 cm - TRUUSK - Hem, Tr\u00e4dg\u00e5rd &amp; Fritid\" \/>\n<meta property=\"og:description\" content=\"Med TRUUSK kontorsstolen n\u00e5r du enkelt h\u00f6gre arbetsniv\u00e5er. Justera skrivbordsstolens sitth\u00f6jd mellan 99 och 119 cm enligt ditt behov, utan...\" \/>\n<meta property=\"og:url\" content=\"https:\/\/truusk.store\/sv\/produkt\/truusk-justerbar-kontorsstol-med-fotring-och-landstod-svart-62-x-59-x-119-cm\/\" \/>\n<meta property=\"og:site_name\" content=\"TRUUSK - Hem, Tr\u00e4dg\u00e5rd &amp; Fritid\" \/>\n<meta property=\"article:modified_time\" content=\"2026-03-12T07:50:57+00:00\" \/>\n<meta property=\"og:image\" content=\"https:\/\/i0.wp.com\/truusk.se\/wp-content\/uploads\/2025\/10\/kontorsstol-hojdjusterbar-skrivbordsstol-med-justerbar-fotring-landstod-62-x-59-x-119-cm-svart-1.webp?fit=2000%2C2000&ssl=1\" \/>\n\t<meta property=\"og:image:width\" content=\"2000\" \/>\n\t<meta property=\"og:image:height\" content=\"2000\" \/>\n\t<meta property=\"og:image:type\" content=\"image\/webp\" \/>\n<meta name=\"twitter:card\" content=\"summary_large_image\" \/>\n<meta name=\"twitter:label1\" content=\"Ber\u00e4knad l\u00e4stid\" \/>\n\t<meta name=\"twitter:data1\" content=\"1 minut\" \/>\n<!-- \/ Yoast SEO plugin. -->","yoast_head_json":{"title":"TRUUSK Justerbar Kontorsstol - Med Fotring och L\u00e4ndst\u00f6d - Svart - 62 x 59 x 119 cm - TRUUSK - Hem, Tr\u00e4dg\u00e5rd &amp; Fritid","robots":{"index":"index","follow":"follow","max-snippet":"max-snippet:-1","max-image-preview":"max-image-preview:large","max-video-preview":"max-video-preview:-1"},"canonical":"https:\/\/truusk.store\/sv\/produkt\/truusk-justerbar-kontorsstol-med-fotring-och-landstod-svart-62-x-59-x-119-cm\/","og_locale":"sv_SE","og_type":"article","og_title":"TRUUSK Justerbar Kontorsstol - Med Fotring och L\u00e4ndst\u00f6d - Svart - 62 x 59 x 119 cm - TRUUSK - Hem, Tr\u00e4dg\u00e5rd &amp; Fritid","og_description":"Med TRUUSK kontorsstolen n\u00e5r du enkelt h\u00f6gre arbetsniv\u00e5er. Justera skrivbordsstolens sitth\u00f6jd mellan 99 och 119 cm enligt ditt behov, utan...","og_url":"https:\/\/truusk.store\/sv\/produkt\/truusk-justerbar-kontorsstol-med-fotring-och-landstod-svart-62-x-59-x-119-cm\/","og_site_name":"TRUUSK - Hem, Tr\u00e4dg\u00e5rd &amp; Fritid","article_modified_time":"2026-03-12T07:50:57+00:00","og_image":[{"width":2000,"height":2000,"url":"https:\/\/i0.wp.com\/truusk.se\/wp-content\/uploads\/2025\/10\/kontorsstol-hojdjusterbar-skrivbordsstol-med-justerbar-fotring-landstod-62-x-59-x-119-cm-svart-1.webp?fit=2000%2C2000&ssl=1","type":"image\/webp"}],"twitter_card":"summary_large_image","twitter_misc":{"Ber\u00e4knad l\u00e4stid":"1 minut"},"schema":{"@context":"https:\/\/schema.org","@graph":[{"@type":"WebPage","@id":"https:\/\/truusk.store\/sv\/produkt\/truusk-justerbar-kontorsstol-med-fotring-och-landstod-svart-62-x-59-x-119-cm\/","url":"https:\/\/truusk.store\/sv\/produkt\/truusk-justerbar-kontorsstol-med-fotring-och-landstod-svart-62-x-59-x-119-cm\/","name":"TRUUSK Justerbar Kontorsstol - Med Fotring och L\u00e4ndst\u00f6d - Svart - 62 x 59 x 119 cm - TRUUSK - Hem, Tr\u00e4dg\u00e5rd &amp; Fritid","isPartOf":{"@id":"https:\/\/truusk.store\/sv\/#website"},"primaryImageOfPage":{"@id":"https:\/\/truusk.store\/sv\/produkt\/truusk-justerbar-kontorsstol-med-fotring-och-landstod-svart-62-x-59-x-119-cm\/#primaryimage"},"image":{"@id":"https:\/\/truusk.store\/sv\/produkt\/truusk-justerbar-kontorsstol-med-fotring-och-landstod-svart-62-x-59-x-119-cm\/#primaryimage"},"thumbnailUrl":"https:\/\/i0.wp.com\/truusk.store\/wp-content\/uploads\/2025\/10\/kontorsstol-hojdjusterbar-skrivbordsstol-med-justerbar-fotring-landstod-62-x-59-x-119-cm-svart-1.webp?fit=2000%2C2000&ssl=1","datePublished":"2025-10-24T04:27:18+00:00","dateModified":"2026-03-12T07:50:57+00:00","breadcrumb":{"@id":"https:\/\/truusk.store\/sv\/produkt\/truusk-justerbar-kontorsstol-med-fotring-och-landstod-svart-62-x-59-x-119-cm\/#breadcrumb"},"inLanguage":"sv-SE","potentialAction":[{"@type":"ReadAction","target":["https:\/\/truusk.store\/sv\/produkt\/truusk-justerbar-kontorsstol-med-fotring-och-landstod-svart-62-x-59-x-119-cm\/"]}]},{"@type":"ImageObject","inLanguage":"sv-SE","@id":"https:\/\/truusk.store\/sv\/produkt\/truusk-justerbar-kontorsstol-med-fotring-och-landstod-svart-62-x-59-x-119-cm\/#primaryimage","url":"https:\/\/i0.wp.com\/truusk.store\/wp-content\/uploads\/2025\/10\/kontorsstol-hojdjusterbar-skrivbordsstol-med-justerbar-fotring-landstod-62-x-59-x-119-cm-svart-1.webp?fit=2000%2C2000&ssl=1","contentUrl":"https:\/\/i0.wp.com\/truusk.store\/wp-content\/uploads\/2025\/10\/kontorsstol-hojdjusterbar-skrivbordsstol-med-justerbar-fotring-landstod-62-x-59-x-119-cm-svart-1.webp?fit=2000%2C2000&ssl=1","width":2000,"height":2000},{"@type":"BreadcrumbList","@id":"https:\/\/truusk.store\/sv\/produkt\/truusk-justerbar-kontorsstol-med-fotring-och-landstod-svart-62-x-59-x-119-cm\/#breadcrumb","itemListElement":[{"@type":"ListItem","position":1,"name":"Home","item":"https:\/\/truusk.store\/sv\/"},{"@type":"ListItem","position":2,"name":"Shop","item":"https:\/\/truusk.store\/shop\/"},{"@type":"ListItem","position":3,"name":"TRUUSK Justerbar Kontorsstol &#8211; Med Fotring och L\u00e4ndst\u00f6d &#8211; Svart &#8211; 62 x 59 x 119 cm"}]},{"@type":"WebSite","@id":"https:\/\/truusk.store\/sv\/#website","url":"https:\/\/truusk.store\/sv\/","name":"TRUUSK - Hem, Tr\u00e4dg\u00e5rd & Fritid","description":"","publisher":{"@id":"https:\/\/truusk.store\/sv\/#organization"},"potentialAction":[{"@type":"SearchAction","target":{"@type":"EntryPoint","urlTemplate":"https:\/\/truusk.store\/sv\/?s={search_term_string}"},"query-input":{"@type":"PropertyValueSpecification","valueRequired":true,"valueName":"search_term_string"}}],"inLanguage":"sv-SE"},{"@type":"Organization","@id":"https:\/\/truusk.store\/sv\/#organization","name":"TRUUSK - Hem, Tr\u00e4dg\u00e5rd & Fritid","url":"https:\/\/truusk.store\/sv\/","logo":{"@type":"ImageObject","inLanguage":"sv-SE","@id":"https:\/\/truusk.store\/sv\/#\/schema\/logo\/image\/","url":"https:\/\/i0.wp.com\/truusk.store\/wp-content\/uploads\/2026\/03\/cropped-TRUUSK.png?fit=2032%2C917&ssl=1","contentUrl":"https:\/\/i0.wp.com\/truusk.store\/wp-content\/uploads\/2026\/03\/cropped-TRUUSK.png?fit=2032%2C917&ssl=1","width":2032,"height":917,"caption":"TRUUSK - Hem, Tr\u00e4dg\u00e5rd & Fritid"},"image":{"@id":"https:\/\/truusk.store\/sv\/#\/schema\/logo\/image\/"}}]}},"jetpack_sharing_enabled":true,"_links":{"self":[{"href":"https:\/\/truusk.store\/sv\/wp-json\/wp\/v2\/product\/94399","targetHints":{"allow":["GET"]}}],"collection":[{"href":"https:\/\/truusk.store\/sv\/wp-json\/wp\/v2\/product"}],"about":[{"href":"https:\/\/truusk.store\/sv\/wp-json\/wp\/v2\/types\/product"}],"wp:featuredmedia":[{"embeddable":true,"href":"https:\/\/truusk.store\/sv\/wp-json\/wp\/v2\/media\/94390"}],"wp:attachment":[{"href":"https:\/\/truusk.store\/sv\/wp-json\/wp\/v2\/media?parent=94399"}],"wp:term":[{"taxonomy":"product_brand","embeddable":true,"href":"https:\/\/truusk.store\/sv\/wp-json\/wp\/v2\/product_brand?post=94399"},{"taxonomy":"product_cat","embeddable":true,"href":"https:\/\/truusk.store\/sv\/wp-json\/wp\/v2\/product_cat?post=94399"},{"taxonomy":"product_tag","embeddable":true,"href":"https:\/\/truusk.store\/sv\/wp-json\/wp\/v2\/product_tag?post=94399"}],"curies":[{"name":"wp","href":"https:\/\/api.w.org\/{rel}","templated":true}]}}