{"id":94419,"date":"2025-10-24T05:29:26","date_gmt":"2025-10-24T04:29:26","guid":{"rendered":"https:\/\/truusk.store\/product\/aiyaplay-hobbyhast-for-barn-med-ljud-rulle-kapphast-for-ridning-for-barn-24-manader-gra\/"},"modified":"2026-03-12T08:52:36","modified_gmt":"2026-03-12T07:52:36","slug":"truusk-leksakshast-med-ljud-och-rullar-for-barn-24-manader-gra","status":"publish","type":"product","link":"https:\/\/truusk.store\/sv\/produkt\/truusk-leksakshast-med-ljud-och-rullar-for-barn-24-manader-gra\/","title":{"rendered":"TRUUSK Leksaksh\u00e4st Med Ljud och Rullar &#8211; F\u00f6r Barn 24+ M\u00e5nader &#8211; Gr\u00e5"},"content":{"rendered":"<p>\u00c4r ditt barn f\u00f6r energiskt f\u00f6r inomhus? AIYAPLAY k\u00e4pph\u00e4st l\u00e5ter deras fantasi flyga fritt och f\u00f6rvandlar varje plats till ett sp\u00e4nnande \u00e4ventyr. Med gn\u00e4ggande ljud och l\u00e4tt rullande hjul passar denna k\u00e4pph\u00e4st f\u00f6r b\u00e5de inomhus och utomhus och fr\u00e4mjar lekfull aktivitet i alla v\u00e4der.<\/p>\n<p>Beskrivning:<\/p>\n<ul>\n<li> Har tyglar f\u00f6r fantasifullt spel, f\u00f6rb\u00e4ttrar balans och koordination<\/li>\n<li> Tryck p\u00e5 \u00f6rat f\u00f6r realistiska gn\u00e4ggande och galopperande ljud f\u00f6r ett uppslukande n\u00f6je<\/li>\n<li> Denna k\u00e4pph\u00e4st \u00e4r utrustad med smidiga hjul, idealisk f\u00f6r \u00e4ventyr b\u00e5de inomhus och utomhus<\/li>\n<li> Mjukt plyschhuvud fyllt med konstgjord bomull erbjuder en bekv\u00e4m, hudv\u00e4nlig ber\u00f6ring<\/li>\n<li> Robust pappeltr\u00e4stav och smidiga hjul p\u00e5 k\u00e4pph\u00e4sten s\u00e4kerst\u00e4ller en s\u00e4ker, stabil \u00e5ktur<\/li>\n<li> En underbar present f\u00f6r f\u00f6delsedagar och helgdagar, denna k\u00e4pph\u00e4st fr\u00e4mjar h\u00e4lsosamt, aktivt spel<\/li>\n<li> Montering kr\u00e4vs<\/li>\n<\/ul>\n<p> Tekniska specifikationer:<\/p>\n<ul>\n<li> F\u00e4rg: Gr\u00e5<\/li>\n<li> Material: Polyester, skum, pappeltr\u00e4<\/li>\n<li> Totala dimensioner: 95L x 25B x 27H cm<\/li>\n<li> Stavens l\u00e4ngd: 67 cm<\/li>\n<li> Hjuldiameter: \u00d84,7 mm<\/li>\n<li> S\u00e4kerhetsstandard\u00e5lder: 12+ m\u00e5nader<\/li>\n<li> Rekommenderad \u00e5lder: 24+ m\u00e5nader<\/li>\n<li> Batteri: 2 x AAA (ing\u00e5r ej)<\/li>\n<\/ul>\n<p> Leveransinneh\u00e5ll:<\/p>\n<ul>\n<li> 1 x K\u00e4pph\u00e4st<\/li>\n<li> 1 x Manual<\/li>\n<\/ul>\n","protected":false},"excerpt":{"rendered":"<p>\u00c4r ditt barn f\u00f6r energiskt f\u00f6r inomhus? AIYAPLAY k\u00e4pph\u00e4st l\u00e5ter deras fantasi flyga fritt och f\u00f6rvandlar varje plats till ett&#8230;<\/p>\n","protected":false},"featured_media":94410,"template":"","meta":[],"product_brand":[],"product_cat":[880,918],"product_tag":[],"class_list":{"0":"post-94419","1":"product","2":"type-product","3":"status-publish","4":"has-post-thumbnail","6":"product_cat-baby-barn-2","7":"product_cat-leksaker","9":"first","10":"instock","11":"sale","12":"taxable","13":"shipping-taxable","14":"purchasable","15":"product-type-simple"},"yoast_head":"<!-- This site is optimized with the Yoast SEO plugin v25.4 - https:\/\/yoast.com\/wordpress\/plugins\/seo\/ -->\n<title>TRUUSK Leksaksh\u00e4st Med Ljud och Rullar - F\u00f6r Barn 24+ M\u00e5nader - Gr\u00e5 - TRUUSK - Hem, Tr\u00e4dg\u00e5rd &amp; Fritid<\/title>\n<meta name=\"robots\" content=\"index, follow, max-snippet:-1, max-image-preview:large, max-video-preview:-1\" \/>\n<link rel=\"canonical\" href=\"https:\/\/truusk.store\/sv\/produkt\/truusk-leksakshast-med-ljud-och-rullar-for-barn-24-manader-gra\/\" \/>\n<meta property=\"og:locale\" content=\"sv_SE\" \/>\n<meta property=\"og:type\" content=\"article\" \/>\n<meta property=\"og:title\" content=\"TRUUSK Leksaksh\u00e4st Med Ljud och Rullar - F\u00f6r Barn 24+ M\u00e5nader - Gr\u00e5 - TRUUSK - Hem, Tr\u00e4dg\u00e5rd &amp; Fritid\" \/>\n<meta property=\"og:description\" content=\"\u00c4r ditt barn f\u00f6r energiskt f\u00f6r inomhus? AIYAPLAY k\u00e4pph\u00e4st l\u00e5ter deras fantasi flyga fritt och f\u00f6rvandlar varje plats till ett...\" \/>\n<meta property=\"og:url\" content=\"https:\/\/truusk.store\/sv\/produkt\/truusk-leksakshast-med-ljud-och-rullar-for-barn-24-manader-gra\/\" \/>\n<meta property=\"og:site_name\" content=\"TRUUSK - Hem, Tr\u00e4dg\u00e5rd &amp; Fritid\" \/>\n<meta property=\"article:modified_time\" content=\"2026-03-12T07:52:36+00:00\" \/>\n<meta property=\"og:image\" content=\"https:\/\/i0.wp.com\/truusk.se\/wp-content\/uploads\/2025\/10\/aiyaplay-hobbyhast-for-barn-med-ljud-rulle-kapphast-for-ridning-for-barn-24-manader-gra-1.webp?fit=2000%2C2000&ssl=1\" \/>\n\t<meta property=\"og:image:width\" content=\"2000\" \/>\n\t<meta property=\"og:image:height\" content=\"2000\" \/>\n\t<meta property=\"og:image:type\" content=\"image\/webp\" \/>\n<meta name=\"twitter:card\" content=\"summary_large_image\" \/>\n<meta name=\"twitter:label1\" content=\"Ber\u00e4knad l\u00e4stid\" \/>\n\t<meta name=\"twitter:data1\" content=\"1 minut\" \/>\n<!-- \/ Yoast SEO plugin. -->","yoast_head_json":{"title":"TRUUSK Leksaksh\u00e4st Med Ljud och Rullar - F\u00f6r Barn 24+ M\u00e5nader - Gr\u00e5 - TRUUSK - Hem, Tr\u00e4dg\u00e5rd &amp; Fritid","robots":{"index":"index","follow":"follow","max-snippet":"max-snippet:-1","max-image-preview":"max-image-preview:large","max-video-preview":"max-video-preview:-1"},"canonical":"https:\/\/truusk.store\/sv\/produkt\/truusk-leksakshast-med-ljud-och-rullar-for-barn-24-manader-gra\/","og_locale":"sv_SE","og_type":"article","og_title":"TRUUSK Leksaksh\u00e4st Med Ljud och Rullar - F\u00f6r Barn 24+ M\u00e5nader - Gr\u00e5 - TRUUSK - Hem, Tr\u00e4dg\u00e5rd &amp; Fritid","og_description":"\u00c4r ditt barn f\u00f6r energiskt f\u00f6r inomhus? AIYAPLAY k\u00e4pph\u00e4st l\u00e5ter deras fantasi flyga fritt och f\u00f6rvandlar varje plats till ett...","og_url":"https:\/\/truusk.store\/sv\/produkt\/truusk-leksakshast-med-ljud-och-rullar-for-barn-24-manader-gra\/","og_site_name":"TRUUSK - Hem, Tr\u00e4dg\u00e5rd &amp; Fritid","article_modified_time":"2026-03-12T07:52:36+00:00","og_image":[{"width":2000,"height":2000,"url":"https:\/\/i0.wp.com\/truusk.se\/wp-content\/uploads\/2025\/10\/aiyaplay-hobbyhast-for-barn-med-ljud-rulle-kapphast-for-ridning-for-barn-24-manader-gra-1.webp?fit=2000%2C2000&ssl=1","type":"image\/webp"}],"twitter_card":"summary_large_image","twitter_misc":{"Ber\u00e4knad l\u00e4stid":"1 minut"},"schema":{"@context":"https:\/\/schema.org","@graph":[{"@type":"WebPage","@id":"https:\/\/truusk.store\/sv\/produkt\/truusk-leksakshast-med-ljud-och-rullar-for-barn-24-manader-gra\/","url":"https:\/\/truusk.store\/sv\/produkt\/truusk-leksakshast-med-ljud-och-rullar-for-barn-24-manader-gra\/","name":"TRUUSK Leksaksh\u00e4st Med Ljud och Rullar - F\u00f6r Barn 24+ M\u00e5nader - Gr\u00e5 - TRUUSK - Hem, Tr\u00e4dg\u00e5rd &amp; Fritid","isPartOf":{"@id":"https:\/\/truusk.store\/sv\/#website"},"primaryImageOfPage":{"@id":"https:\/\/truusk.store\/sv\/produkt\/truusk-leksakshast-med-ljud-och-rullar-for-barn-24-manader-gra\/#primaryimage"},"image":{"@id":"https:\/\/truusk.store\/sv\/produkt\/truusk-leksakshast-med-ljud-och-rullar-for-barn-24-manader-gra\/#primaryimage"},"thumbnailUrl":"https:\/\/i0.wp.com\/truusk.store\/wp-content\/uploads\/2025\/10\/aiyaplay-hobbyhast-for-barn-med-ljud-rulle-kapphast-for-ridning-for-barn-24-manader-gra-1.webp?fit=2000%2C2000&ssl=1","datePublished":"2025-10-24T04:29:26+00:00","dateModified":"2026-03-12T07:52:36+00:00","breadcrumb":{"@id":"https:\/\/truusk.store\/sv\/produkt\/truusk-leksakshast-med-ljud-och-rullar-for-barn-24-manader-gra\/#breadcrumb"},"inLanguage":"sv-SE","potentialAction":[{"@type":"ReadAction","target":["https:\/\/truusk.store\/sv\/produkt\/truusk-leksakshast-med-ljud-och-rullar-for-barn-24-manader-gra\/"]}]},{"@type":"ImageObject","inLanguage":"sv-SE","@id":"https:\/\/truusk.store\/sv\/produkt\/truusk-leksakshast-med-ljud-och-rullar-for-barn-24-manader-gra\/#primaryimage","url":"https:\/\/i0.wp.com\/truusk.store\/wp-content\/uploads\/2025\/10\/aiyaplay-hobbyhast-for-barn-med-ljud-rulle-kapphast-for-ridning-for-barn-24-manader-gra-1.webp?fit=2000%2C2000&ssl=1","contentUrl":"https:\/\/i0.wp.com\/truusk.store\/wp-content\/uploads\/2025\/10\/aiyaplay-hobbyhast-for-barn-med-ljud-rulle-kapphast-for-ridning-for-barn-24-manader-gra-1.webp?fit=2000%2C2000&ssl=1","width":2000,"height":2000},{"@type":"BreadcrumbList","@id":"https:\/\/truusk.store\/sv\/produkt\/truusk-leksakshast-med-ljud-och-rullar-for-barn-24-manader-gra\/#breadcrumb","itemListElement":[{"@type":"ListItem","position":1,"name":"Home","item":"https:\/\/truusk.store\/sv\/"},{"@type":"ListItem","position":2,"name":"Shop","item":"https:\/\/truusk.store\/shop\/"},{"@type":"ListItem","position":3,"name":"TRUUSK Leksaksh\u00e4st Med Ljud och Rullar &#8211; F\u00f6r Barn 24+ M\u00e5nader &#8211; Gr\u00e5"}]},{"@type":"WebSite","@id":"https:\/\/truusk.store\/sv\/#website","url":"https:\/\/truusk.store\/sv\/","name":"TRUUSK - Hem, Tr\u00e4dg\u00e5rd & Fritid","description":"","publisher":{"@id":"https:\/\/truusk.store\/sv\/#organization"},"potentialAction":[{"@type":"SearchAction","target":{"@type":"EntryPoint","urlTemplate":"https:\/\/truusk.store\/sv\/?s={search_term_string}"},"query-input":{"@type":"PropertyValueSpecification","valueRequired":true,"valueName":"search_term_string"}}],"inLanguage":"sv-SE"},{"@type":"Organization","@id":"https:\/\/truusk.store\/sv\/#organization","name":"TRUUSK - Hem, Tr\u00e4dg\u00e5rd & Fritid","url":"https:\/\/truusk.store\/sv\/","logo":{"@type":"ImageObject","inLanguage":"sv-SE","@id":"https:\/\/truusk.store\/sv\/#\/schema\/logo\/image\/","url":"https:\/\/i0.wp.com\/truusk.store\/wp-content\/uploads\/2026\/03\/cropped-TRUUSK.png?fit=2032%2C917&ssl=1","contentUrl":"https:\/\/i0.wp.com\/truusk.store\/wp-content\/uploads\/2026\/03\/cropped-TRUUSK.png?fit=2032%2C917&ssl=1","width":2032,"height":917,"caption":"TRUUSK - Hem, Tr\u00e4dg\u00e5rd & Fritid"},"image":{"@id":"https:\/\/truusk.store\/sv\/#\/schema\/logo\/image\/"}}]}},"jetpack_sharing_enabled":true,"_links":{"self":[{"href":"https:\/\/truusk.store\/sv\/wp-json\/wp\/v2\/product\/94419","targetHints":{"allow":["GET"]}}],"collection":[{"href":"https:\/\/truusk.store\/sv\/wp-json\/wp\/v2\/product"}],"about":[{"href":"https:\/\/truusk.store\/sv\/wp-json\/wp\/v2\/types\/product"}],"wp:featuredmedia":[{"embeddable":true,"href":"https:\/\/truusk.store\/sv\/wp-json\/wp\/v2\/media\/94410"}],"wp:attachment":[{"href":"https:\/\/truusk.store\/sv\/wp-json\/wp\/v2\/media?parent=94419"}],"wp:term":[{"taxonomy":"product_brand","embeddable":true,"href":"https:\/\/truusk.store\/sv\/wp-json\/wp\/v2\/product_brand?post=94419"},{"taxonomy":"product_cat","embeddable":true,"href":"https:\/\/truusk.store\/sv\/wp-json\/wp\/v2\/product_cat?post=94419"},{"taxonomy":"product_tag","embeddable":true,"href":"https:\/\/truusk.store\/sv\/wp-json\/wp\/v2\/product_tag?post=94419"}],"curies":[{"name":"wp","href":"https:\/\/api.w.org\/{rel}","templated":true}]}}