{"id":94449,"date":"2025-10-30T12:25:25","date_gmt":"2025-10-30T11:25:25","guid":{"rendered":"https:\/\/truusk.store\/product\/skohylla-med-4-hyllor-bambu-lameller-upp-till-storlek-eu-45-natur\/"},"modified":"2026-03-12T09:17:17","modified_gmt":"2026-03-12T08:17:17","slug":"truusk-skohylla-med-4-hyllor-bambu-lameller-storlek-eu-45-natur","status":"publish","type":"product","link":"https:\/\/truusk.store\/sv\/produkt\/truusk-skohylla-med-4-hyllor-bambu-lameller-storlek-eu-45-natur\/","title":{"rendered":"TRUUSK Skohylla med 4 hyllor &#8211; Bambu &#8211; Lameller &#8211; Storlek EU 45 &#8211; Natur"},"content":{"rendered":"<p>Nu \u00e4r det dags att organisera dina skor med v\u00e5r TRUUSK skohylla. Den enkla och moderna looken passar till alla inredningar. Du kan st\u00e4lla skor p\u00e5 hyllorna och st\u00e4lla upp fotoalbum. Den \u00f6ppna designen g\u00f6r det l\u00e4tt f\u00f6r dig att hitta dina skor. En \u00f6ppen konstruktion ger god luftcirkulation och undviker obehaglig lukt. Du kan ocks\u00e5 anv\u00e4nda det som en f\u00f6rvaringshylla i vardagsrummet, sovrummet eller hallen. Med denna skohylla \u00e4r det sv\u00e5rt att h\u00e5lla ordning.<\/p>\n<p>Beskrivning:<\/p>\n<ul>\n<li> Modern skohylla med 4 \u00f6ppna hyllor<\/li>\n<li> Varje hylla kan rymma upp till 4 par skor (EU45)<\/li>\n<li> Bambukonstruktionen \u00e4r stabil och vattenavvisande<\/li>\n<li> Lamelldesignen ger god ventilation f\u00f6r skorna och undviker lukt<\/li>\n<li> Anti-tip designen ger extra s\u00e4kerhet<\/li>\n<li> H\u00f6jd golv g\u00f6r det l\u00e4tt att st\u00e4da<\/li>\n<li> Montering kr\u00e4vs<\/li>\n<\/ul>\n<p>Tekniska data:<\/p>\n<ul>\n<li> F\u00e4rg: Naturtr\u00e4<\/li>\n<li> Material: Bambu<\/li>\n<li> Totala dimensioner: 80L x 29B x 82H cm<\/li>\n<li> Storlek p\u00e5 varje hylla: 74B x 26T x 16,5H cm<\/li>\n<li> Golvh\u00f6jd: 5 cm<\/li>\n<li> Passar f\u00f6r skor inte st\u00f6rre \u00e4n EU45<\/li>\n<li> Viktkapacitet: 25kg (totalt), 10kg (\u00f6vre), 5kg (varje hylla)<\/li>\n<\/ul>\n<p>Leveransinneh\u00e5ll:<\/p>\n<ul>\n<li> 1 x Skohylla<\/li>\n<li> 1 x Handbok<\/li>\n<\/ul>\n","protected":false},"excerpt":{"rendered":"<p>Nu \u00e4r det dags att organisera dina skor med v\u00e5r TRUUSK skohylla. Den enkla och moderna looken passar till alla&#8230;<\/p>\n","protected":false},"featured_media":94435,"template":"","meta":[],"product_brand":[],"product_cat":[893,871,940],"product_tag":[],"class_list":{"0":"post-94449","1":"product","2":"type-product","3":"status-publish","4":"has-post-thumbnail","6":"product_cat-garderob-hall","7":"product_cat-hus-hem","8":"product_cat-skohyllor","10":"first","11":"instock","12":"sale","13":"taxable","14":"shipping-taxable","15":"purchasable","16":"product-type-simple"},"yoast_head":"<!-- This site is optimized with the Yoast SEO plugin v25.4 - https:\/\/yoast.com\/wordpress\/plugins\/seo\/ -->\n<title>TRUUSK Skohylla med 4 hyllor - Bambu - Lameller - Storlek EU 45 - Natur - TRUUSK - Hem, Tr\u00e4dg\u00e5rd &amp; Fritid<\/title>\n<meta name=\"robots\" content=\"index, follow, max-snippet:-1, max-image-preview:large, max-video-preview:-1\" \/>\n<link rel=\"canonical\" href=\"https:\/\/truusk.store\/sv\/produkt\/truusk-skohylla-med-4-hyllor-bambu-lameller-storlek-eu-45-natur\/\" \/>\n<meta property=\"og:locale\" content=\"sv_SE\" \/>\n<meta property=\"og:type\" content=\"article\" \/>\n<meta property=\"og:title\" content=\"TRUUSK Skohylla med 4 hyllor - Bambu - Lameller - Storlek EU 45 - Natur - TRUUSK - Hem, Tr\u00e4dg\u00e5rd &amp; Fritid\" \/>\n<meta property=\"og:description\" content=\"Nu \u00e4r det dags att organisera dina skor med v\u00e5r TRUUSK skohylla. Den enkla och moderna looken passar till alla...\" \/>\n<meta property=\"og:url\" content=\"https:\/\/truusk.store\/sv\/produkt\/truusk-skohylla-med-4-hyllor-bambu-lameller-storlek-eu-45-natur\/\" \/>\n<meta property=\"og:site_name\" content=\"TRUUSK - Hem, Tr\u00e4dg\u00e5rd &amp; Fritid\" \/>\n<meta property=\"article:modified_time\" content=\"2026-03-12T08:17:17+00:00\" \/>\n<meta property=\"og:image\" content=\"https:\/\/i0.wp.com\/truusk.se\/wp-content\/uploads\/2025\/10\/skohylla-med-4-hyllor-bambu-lameller-upp-till-storlek-eu-45-natur-1.webp?fit=2000%2C2000&ssl=1\" \/>\n\t<meta property=\"og:image:width\" content=\"2000\" \/>\n\t<meta property=\"og:image:height\" content=\"2000\" \/>\n\t<meta property=\"og:image:type\" content=\"image\/webp\" \/>\n<meta name=\"twitter:card\" content=\"summary_large_image\" \/>\n<meta name=\"twitter:label1\" content=\"Ber\u00e4knad l\u00e4stid\" \/>\n\t<meta name=\"twitter:data1\" content=\"1 minut\" \/>\n<!-- \/ Yoast SEO plugin. -->","yoast_head_json":{"title":"TRUUSK Skohylla med 4 hyllor - Bambu - Lameller - Storlek EU 45 - Natur - TRUUSK - Hem, Tr\u00e4dg\u00e5rd &amp; Fritid","robots":{"index":"index","follow":"follow","max-snippet":"max-snippet:-1","max-image-preview":"max-image-preview:large","max-video-preview":"max-video-preview:-1"},"canonical":"https:\/\/truusk.store\/sv\/produkt\/truusk-skohylla-med-4-hyllor-bambu-lameller-storlek-eu-45-natur\/","og_locale":"sv_SE","og_type":"article","og_title":"TRUUSK Skohylla med 4 hyllor - Bambu - Lameller - Storlek EU 45 - Natur - TRUUSK - Hem, Tr\u00e4dg\u00e5rd &amp; Fritid","og_description":"Nu \u00e4r det dags att organisera dina skor med v\u00e5r TRUUSK skohylla. Den enkla och moderna looken passar till alla...","og_url":"https:\/\/truusk.store\/sv\/produkt\/truusk-skohylla-med-4-hyllor-bambu-lameller-storlek-eu-45-natur\/","og_site_name":"TRUUSK - Hem, Tr\u00e4dg\u00e5rd &amp; Fritid","article_modified_time":"2026-03-12T08:17:17+00:00","og_image":[{"width":2000,"height":2000,"url":"https:\/\/i0.wp.com\/truusk.se\/wp-content\/uploads\/2025\/10\/skohylla-med-4-hyllor-bambu-lameller-upp-till-storlek-eu-45-natur-1.webp?fit=2000%2C2000&ssl=1","type":"image\/webp"}],"twitter_card":"summary_large_image","twitter_misc":{"Ber\u00e4knad l\u00e4stid":"1 minut"},"schema":{"@context":"https:\/\/schema.org","@graph":[{"@type":"WebPage","@id":"https:\/\/truusk.store\/sv\/produkt\/truusk-skohylla-med-4-hyllor-bambu-lameller-storlek-eu-45-natur\/","url":"https:\/\/truusk.store\/sv\/produkt\/truusk-skohylla-med-4-hyllor-bambu-lameller-storlek-eu-45-natur\/","name":"TRUUSK Skohylla med 4 hyllor - Bambu - Lameller - Storlek EU 45 - Natur - TRUUSK - Hem, Tr\u00e4dg\u00e5rd &amp; Fritid","isPartOf":{"@id":"https:\/\/truusk.store\/sv\/#website"},"primaryImageOfPage":{"@id":"https:\/\/truusk.store\/sv\/produkt\/truusk-skohylla-med-4-hyllor-bambu-lameller-storlek-eu-45-natur\/#primaryimage"},"image":{"@id":"https:\/\/truusk.store\/sv\/produkt\/truusk-skohylla-med-4-hyllor-bambu-lameller-storlek-eu-45-natur\/#primaryimage"},"thumbnailUrl":"https:\/\/i0.wp.com\/truusk.store\/wp-content\/uploads\/2025\/10\/skohylla-med-4-hyllor-bambu-lameller-upp-till-storlek-eu-45-natur-1.webp?fit=2000%2C2000&ssl=1","datePublished":"2025-10-30T11:25:25+00:00","dateModified":"2026-03-12T08:17:17+00:00","breadcrumb":{"@id":"https:\/\/truusk.store\/sv\/produkt\/truusk-skohylla-med-4-hyllor-bambu-lameller-storlek-eu-45-natur\/#breadcrumb"},"inLanguage":"sv-SE","potentialAction":[{"@type":"ReadAction","target":["https:\/\/truusk.store\/sv\/produkt\/truusk-skohylla-med-4-hyllor-bambu-lameller-storlek-eu-45-natur\/"]}]},{"@type":"ImageObject","inLanguage":"sv-SE","@id":"https:\/\/truusk.store\/sv\/produkt\/truusk-skohylla-med-4-hyllor-bambu-lameller-storlek-eu-45-natur\/#primaryimage","url":"https:\/\/i0.wp.com\/truusk.store\/wp-content\/uploads\/2025\/10\/skohylla-med-4-hyllor-bambu-lameller-upp-till-storlek-eu-45-natur-1.webp?fit=2000%2C2000&ssl=1","contentUrl":"https:\/\/i0.wp.com\/truusk.store\/wp-content\/uploads\/2025\/10\/skohylla-med-4-hyllor-bambu-lameller-upp-till-storlek-eu-45-natur-1.webp?fit=2000%2C2000&ssl=1","width":2000,"height":2000},{"@type":"BreadcrumbList","@id":"https:\/\/truusk.store\/sv\/produkt\/truusk-skohylla-med-4-hyllor-bambu-lameller-storlek-eu-45-natur\/#breadcrumb","itemListElement":[{"@type":"ListItem","position":1,"name":"Home","item":"https:\/\/truusk.store\/sv\/"},{"@type":"ListItem","position":2,"name":"Shop","item":"https:\/\/truusk.store\/shop\/"},{"@type":"ListItem","position":3,"name":"TRUUSK Skohylla med 4 hyllor &#8211; Bambu &#8211; Lameller &#8211; Storlek EU 45 &#8211; Natur"}]},{"@type":"WebSite","@id":"https:\/\/truusk.store\/sv\/#website","url":"https:\/\/truusk.store\/sv\/","name":"TRUUSK - Hem, Tr\u00e4dg\u00e5rd & Fritid","description":"","publisher":{"@id":"https:\/\/truusk.store\/sv\/#organization"},"potentialAction":[{"@type":"SearchAction","target":{"@type":"EntryPoint","urlTemplate":"https:\/\/truusk.store\/sv\/?s={search_term_string}"},"query-input":{"@type":"PropertyValueSpecification","valueRequired":true,"valueName":"search_term_string"}}],"inLanguage":"sv-SE"},{"@type":"Organization","@id":"https:\/\/truusk.store\/sv\/#organization","name":"TRUUSK - Hem, Tr\u00e4dg\u00e5rd & Fritid","url":"https:\/\/truusk.store\/sv\/","logo":{"@type":"ImageObject","inLanguage":"sv-SE","@id":"https:\/\/truusk.store\/sv\/#\/schema\/logo\/image\/","url":"https:\/\/i0.wp.com\/truusk.store\/wp-content\/uploads\/2026\/03\/cropped-TRUUSK.png?fit=2032%2C917&ssl=1","contentUrl":"https:\/\/i0.wp.com\/truusk.store\/wp-content\/uploads\/2026\/03\/cropped-TRUUSK.png?fit=2032%2C917&ssl=1","width":2032,"height":917,"caption":"TRUUSK - Hem, Tr\u00e4dg\u00e5rd & Fritid"},"image":{"@id":"https:\/\/truusk.store\/sv\/#\/schema\/logo\/image\/"}}]}},"jetpack_sharing_enabled":true,"_links":{"self":[{"href":"https:\/\/truusk.store\/sv\/wp-json\/wp\/v2\/product\/94449","targetHints":{"allow":["GET"]}}],"collection":[{"href":"https:\/\/truusk.store\/sv\/wp-json\/wp\/v2\/product"}],"about":[{"href":"https:\/\/truusk.store\/sv\/wp-json\/wp\/v2\/types\/product"}],"wp:featuredmedia":[{"embeddable":true,"href":"https:\/\/truusk.store\/sv\/wp-json\/wp\/v2\/media\/94435"}],"wp:attachment":[{"href":"https:\/\/truusk.store\/sv\/wp-json\/wp\/v2\/media?parent=94449"}],"wp:term":[{"taxonomy":"product_brand","embeddable":true,"href":"https:\/\/truusk.store\/sv\/wp-json\/wp\/v2\/product_brand?post=94449"},{"taxonomy":"product_cat","embeddable":true,"href":"https:\/\/truusk.store\/sv\/wp-json\/wp\/v2\/product_cat?post=94449"},{"taxonomy":"product_tag","embeddable":true,"href":"https:\/\/truusk.store\/sv\/wp-json\/wp\/v2\/product_tag?post=94449"}],"curies":[{"name":"wp","href":"https:\/\/api.w.org\/{rel}","templated":true}]}}