{"id":94501,"date":"2025-11-07T20:07:50","date_gmt":"2025-11-07T19:07:50","guid":{"rendered":"https:\/\/truusk.store\/product\/hundavsparrningsgrind-fristaende-hopfallbar-dorr-fotter-traram-220x36x91cm\/"},"modified":"2026-03-12T09:41:31","modified_gmt":"2026-03-12T08:41:31","slug":"truusk-hundavsparrningsgrind-fristaende-och-hopfallbar-dorr-fotter-traram-220x36x91cm","status":"publish","type":"product","link":"https:\/\/truusk.store\/sv\/produkt\/truusk-hundavsparrningsgrind-fristaende-och-hopfallbar-dorr-fotter-traram-220x36x91cm\/","title":{"rendered":"TRUUSK Hundavsp\u00e4rrningsgrind &#8211; Frist\u00e5ende och Hopf\u00e4llbar &#8211; D\u00f6rr &amp; F\u00f6tter &#8211; Tr\u00e4ram &#8211; 220x36x91cm"},"content":{"rendered":"<p>Uppt\u00e4ck hundgaller med d\u00f6rr fr\u00e5n TRUUSK &#8211; den perfekta kombinationen av s\u00e4kerhet och stil f\u00f6r ditt hem. Med sina 4 vikbara paneler anpassar sig det frist\u00e5ende hundskyddsgallret flexibelt till dina behov. Den inbyggda d\u00f6rren g\u00f6r det enkelt f\u00f6r ditt husdjur att komma in och ut. Tack vare den kompakta vikfunktionen kan gallret f\u00f6rvaras p\u00e5 ett utrymmesbesparande s\u00e4tt. Skydda dina favoriter och f\u00f6rsk\u00f6na ditt hem p\u00e5 samma g\u00e5ng &#8211; med TRUUSK.<\/p>\n<p>Beskrivning:<\/p>\n<ul>\n<li> Tillverkad av h\u00f6gkvalitativt massivt furutr\u00e4, h\u00e5llbart och djurv\u00e4nligt<\/li>\n<li> Best\u00e5r av 4 paneler som h\u00e5lls samman av stabila g\u00e5ngj\u00e4rn<\/li>\n<li> Flexibla anslutningar g\u00f6r det m\u00f6jligt att arrangera panelerna i olika former f\u00f6r en frist\u00e5ende design<\/li>\n<li> L\u00e4mplig f\u00f6r medelstora hundar och mindre. Det rekommenderas att hundens h\u00f6jd vid axeln ska vara mindre \u00e4n 50 cm, vilket \u00e4r l\u00e4mpligt f\u00f6r icke-destruktiva hundar<\/li>\n<li> 2 st\u00f6dben p\u00e5 hundgallret f\u00f6r stabilitet<\/li>\n<li> Anti-slip f\u00f6tter p\u00e5 hundbarri\u00e4ren f\u00f6rhindrar golvskrap och \u00f6kar s\u00e4kerheten avsev\u00e4rt<\/li>\n<li> L\u00e4tt att vika och tar liten plats<\/li>\n<li> En av d\u00f6rrarna \u00e4r \u00f6ppen s\u00e5 att din hund l\u00e4tt kan komma in och ut<\/li>\n<li> INTE L\u00c4MPLIG F\u00d6R STORA HUNDAR<\/li>\n<\/ul>\n<p> Tekniska data:<\/p>\n<ul>\n<li> F\u00e4rg: Naturtr\u00e4<\/li>\n<li> Material: Furutr\u00e4<\/li>\n<li> Totala m\u00e5tt: 220L x 36B x 91H cm<\/li>\n<li> Storlek p\u00e5 enskild del: 51L x 91H cm<\/li>\n<li> Vikbar storlek: 55L x 91B x 8,2T cm<\/li>\n<li> D\u00f6rrstorlek: 43,5L x 81H cm<\/li>\n<li> St\u00f6dbensstorlek: 36L cm<\/li>\n<li> Storlek p\u00e5 st\u00e5ngen: 5 cm<\/li>\n<\/ul>\n<p>Leveransinneh\u00e5ll:<\/p>\n<ul>\n<li> 1 x Skyddsgaller<\/li>\n<li> 1 x Instruktioner<\/li>\n<\/ul>\n","protected":false},"excerpt":{"rendered":"<p>Uppt\u00e4ck hundgaller med d\u00f6rr fr\u00e5n TRUUSK &#8211; den perfekta kombinationen av s\u00e4kerhet och stil f\u00f6r ditt hem. Med sina 4&#8230;<\/p>\n","protected":false},"featured_media":94489,"template":"","meta":[],"product_brand":[],"product_cat":[947,948,574],"product_tag":[],"class_list":{"0":"post-94501","1":"product","2":"type-product","3":"status-publish","4":"has-post-thumbnail","6":"product_cat-djurtillbehor","7":"product_cat-hundgaller-skiljevaggar","8":"product_cat-hundtillbehor","10":"first","11":"instock","12":"sale","13":"taxable","14":"shipping-taxable","15":"purchasable","16":"product-type-simple"},"yoast_head":"<!-- This site is optimized with the Yoast SEO plugin v25.4 - https:\/\/yoast.com\/wordpress\/plugins\/seo\/ -->\n<title>TRUUSK Hundavsp\u00e4rrningsgrind - Frist\u00e5ende och Hopf\u00e4llbar - D\u00f6rr &amp; F\u00f6tter - Tr\u00e4ram - 220x36x91cm - TRUUSK - Hem, Tr\u00e4dg\u00e5rd &amp; Fritid<\/title>\n<meta name=\"robots\" content=\"index, follow, max-snippet:-1, max-image-preview:large, max-video-preview:-1\" \/>\n<link rel=\"canonical\" href=\"https:\/\/truusk.store\/sv\/produkt\/truusk-hundavsparrningsgrind-fristaende-och-hopfallbar-dorr-fotter-traram-220x36x91cm\/\" \/>\n<meta property=\"og:locale\" content=\"sv_SE\" \/>\n<meta property=\"og:type\" content=\"article\" \/>\n<meta property=\"og:title\" content=\"TRUUSK Hundavsp\u00e4rrningsgrind - Frist\u00e5ende och Hopf\u00e4llbar - D\u00f6rr &amp; F\u00f6tter - Tr\u00e4ram - 220x36x91cm - TRUUSK - Hem, Tr\u00e4dg\u00e5rd &amp; Fritid\" \/>\n<meta property=\"og:description\" content=\"Uppt\u00e4ck hundgaller med d\u00f6rr fr\u00e5n TRUUSK &#8211; den perfekta kombinationen av s\u00e4kerhet och stil f\u00f6r ditt hem. Med sina 4...\" \/>\n<meta property=\"og:url\" content=\"https:\/\/truusk.store\/sv\/produkt\/truusk-hundavsparrningsgrind-fristaende-och-hopfallbar-dorr-fotter-traram-220x36x91cm\/\" \/>\n<meta property=\"og:site_name\" content=\"TRUUSK - Hem, Tr\u00e4dg\u00e5rd &amp; Fritid\" \/>\n<meta property=\"article:modified_time\" content=\"2026-03-12T08:41:31+00:00\" \/>\n<meta property=\"og:image\" content=\"https:\/\/i0.wp.com\/truusk.se\/wp-content\/uploads\/2025\/11\/hundavsparrningsgrind-fristaende-hopfallbar-dorr-fotter-traram-220x36x91cm-1.webp?fit=2000%2C2000&ssl=1\" \/>\n\t<meta property=\"og:image:width\" content=\"2000\" \/>\n\t<meta property=\"og:image:height\" content=\"2000\" \/>\n\t<meta property=\"og:image:type\" content=\"image\/webp\" \/>\n<meta name=\"twitter:card\" content=\"summary_large_image\" \/>\n<meta name=\"twitter:label1\" content=\"Ber\u00e4knad l\u00e4stid\" \/>\n\t<meta name=\"twitter:data1\" content=\"1 minut\" \/>\n<!-- \/ Yoast SEO plugin. -->","yoast_head_json":{"title":"TRUUSK Hundavsp\u00e4rrningsgrind - Frist\u00e5ende och Hopf\u00e4llbar - D\u00f6rr &amp; F\u00f6tter - Tr\u00e4ram - 220x36x91cm - TRUUSK - Hem, Tr\u00e4dg\u00e5rd &amp; Fritid","robots":{"index":"index","follow":"follow","max-snippet":"max-snippet:-1","max-image-preview":"max-image-preview:large","max-video-preview":"max-video-preview:-1"},"canonical":"https:\/\/truusk.store\/sv\/produkt\/truusk-hundavsparrningsgrind-fristaende-och-hopfallbar-dorr-fotter-traram-220x36x91cm\/","og_locale":"sv_SE","og_type":"article","og_title":"TRUUSK Hundavsp\u00e4rrningsgrind - Frist\u00e5ende och Hopf\u00e4llbar - D\u00f6rr &amp; F\u00f6tter - Tr\u00e4ram - 220x36x91cm - TRUUSK - Hem, Tr\u00e4dg\u00e5rd &amp; Fritid","og_description":"Uppt\u00e4ck hundgaller med d\u00f6rr fr\u00e5n TRUUSK &#8211; den perfekta kombinationen av s\u00e4kerhet och stil f\u00f6r ditt hem. Med sina 4...","og_url":"https:\/\/truusk.store\/sv\/produkt\/truusk-hundavsparrningsgrind-fristaende-och-hopfallbar-dorr-fotter-traram-220x36x91cm\/","og_site_name":"TRUUSK - Hem, Tr\u00e4dg\u00e5rd &amp; Fritid","article_modified_time":"2026-03-12T08:41:31+00:00","og_image":[{"width":2000,"height":2000,"url":"https:\/\/i0.wp.com\/truusk.se\/wp-content\/uploads\/2025\/11\/hundavsparrningsgrind-fristaende-hopfallbar-dorr-fotter-traram-220x36x91cm-1.webp?fit=2000%2C2000&ssl=1","type":"image\/webp"}],"twitter_card":"summary_large_image","twitter_misc":{"Ber\u00e4knad l\u00e4stid":"1 minut"},"schema":{"@context":"https:\/\/schema.org","@graph":[{"@type":"WebPage","@id":"https:\/\/truusk.store\/sv\/produkt\/truusk-hundavsparrningsgrind-fristaende-och-hopfallbar-dorr-fotter-traram-220x36x91cm\/","url":"https:\/\/truusk.store\/sv\/produkt\/truusk-hundavsparrningsgrind-fristaende-och-hopfallbar-dorr-fotter-traram-220x36x91cm\/","name":"TRUUSK Hundavsp\u00e4rrningsgrind - Frist\u00e5ende och Hopf\u00e4llbar - D\u00f6rr &amp; F\u00f6tter - Tr\u00e4ram - 220x36x91cm - TRUUSK - Hem, Tr\u00e4dg\u00e5rd &amp; Fritid","isPartOf":{"@id":"https:\/\/truusk.store\/sv\/#website"},"primaryImageOfPage":{"@id":"https:\/\/truusk.store\/sv\/produkt\/truusk-hundavsparrningsgrind-fristaende-och-hopfallbar-dorr-fotter-traram-220x36x91cm\/#primaryimage"},"image":{"@id":"https:\/\/truusk.store\/sv\/produkt\/truusk-hundavsparrningsgrind-fristaende-och-hopfallbar-dorr-fotter-traram-220x36x91cm\/#primaryimage"},"thumbnailUrl":"https:\/\/i0.wp.com\/truusk.store\/wp-content\/uploads\/2025\/11\/hundavsparrningsgrind-fristaende-hopfallbar-dorr-fotter-traram-220x36x91cm-1.webp?fit=2000%2C2000&ssl=1","datePublished":"2025-11-07T19:07:50+00:00","dateModified":"2026-03-12T08:41:31+00:00","breadcrumb":{"@id":"https:\/\/truusk.store\/sv\/produkt\/truusk-hundavsparrningsgrind-fristaende-och-hopfallbar-dorr-fotter-traram-220x36x91cm\/#breadcrumb"},"inLanguage":"sv-SE","potentialAction":[{"@type":"ReadAction","target":["https:\/\/truusk.store\/sv\/produkt\/truusk-hundavsparrningsgrind-fristaende-och-hopfallbar-dorr-fotter-traram-220x36x91cm\/"]}]},{"@type":"ImageObject","inLanguage":"sv-SE","@id":"https:\/\/truusk.store\/sv\/produkt\/truusk-hundavsparrningsgrind-fristaende-och-hopfallbar-dorr-fotter-traram-220x36x91cm\/#primaryimage","url":"https:\/\/i0.wp.com\/truusk.store\/wp-content\/uploads\/2025\/11\/hundavsparrningsgrind-fristaende-hopfallbar-dorr-fotter-traram-220x36x91cm-1.webp?fit=2000%2C2000&ssl=1","contentUrl":"https:\/\/i0.wp.com\/truusk.store\/wp-content\/uploads\/2025\/11\/hundavsparrningsgrind-fristaende-hopfallbar-dorr-fotter-traram-220x36x91cm-1.webp?fit=2000%2C2000&ssl=1","width":2000,"height":2000},{"@type":"BreadcrumbList","@id":"https:\/\/truusk.store\/sv\/produkt\/truusk-hundavsparrningsgrind-fristaende-och-hopfallbar-dorr-fotter-traram-220x36x91cm\/#breadcrumb","itemListElement":[{"@type":"ListItem","position":1,"name":"Home","item":"https:\/\/truusk.store\/sv\/"},{"@type":"ListItem","position":2,"name":"Shop","item":"https:\/\/truusk.store\/shop\/"},{"@type":"ListItem","position":3,"name":"TRUUSK Hundavsp\u00e4rrningsgrind &#8211; Frist\u00e5ende och Hopf\u00e4llbar &#8211; D\u00f6rr &amp; F\u00f6tter &#8211; Tr\u00e4ram &#8211; 220x36x91cm"}]},{"@type":"WebSite","@id":"https:\/\/truusk.store\/sv\/#website","url":"https:\/\/truusk.store\/sv\/","name":"TRUUSK - Hem, Tr\u00e4dg\u00e5rd & Fritid","description":"","publisher":{"@id":"https:\/\/truusk.store\/sv\/#organization"},"potentialAction":[{"@type":"SearchAction","target":{"@type":"EntryPoint","urlTemplate":"https:\/\/truusk.store\/sv\/?s={search_term_string}"},"query-input":{"@type":"PropertyValueSpecification","valueRequired":true,"valueName":"search_term_string"}}],"inLanguage":"sv-SE"},{"@type":"Organization","@id":"https:\/\/truusk.store\/sv\/#organization","name":"TRUUSK - Hem, Tr\u00e4dg\u00e5rd & Fritid","url":"https:\/\/truusk.store\/sv\/","logo":{"@type":"ImageObject","inLanguage":"sv-SE","@id":"https:\/\/truusk.store\/sv\/#\/schema\/logo\/image\/","url":"https:\/\/i0.wp.com\/truusk.store\/wp-content\/uploads\/2026\/03\/cropped-TRUUSK.png?fit=2032%2C917&ssl=1","contentUrl":"https:\/\/i0.wp.com\/truusk.store\/wp-content\/uploads\/2026\/03\/cropped-TRUUSK.png?fit=2032%2C917&ssl=1","width":2032,"height":917,"caption":"TRUUSK - Hem, Tr\u00e4dg\u00e5rd & Fritid"},"image":{"@id":"https:\/\/truusk.store\/sv\/#\/schema\/logo\/image\/"}}]}},"jetpack_sharing_enabled":true,"_links":{"self":[{"href":"https:\/\/truusk.store\/sv\/wp-json\/wp\/v2\/product\/94501","targetHints":{"allow":["GET"]}}],"collection":[{"href":"https:\/\/truusk.store\/sv\/wp-json\/wp\/v2\/product"}],"about":[{"href":"https:\/\/truusk.store\/sv\/wp-json\/wp\/v2\/types\/product"}],"wp:featuredmedia":[{"embeddable":true,"href":"https:\/\/truusk.store\/sv\/wp-json\/wp\/v2\/media\/94489"}],"wp:attachment":[{"href":"https:\/\/truusk.store\/sv\/wp-json\/wp\/v2\/media?parent=94501"}],"wp:term":[{"taxonomy":"product_brand","embeddable":true,"href":"https:\/\/truusk.store\/sv\/wp-json\/wp\/v2\/product_brand?post=94501"},{"taxonomy":"product_cat","embeddable":true,"href":"https:\/\/truusk.store\/sv\/wp-json\/wp\/v2\/product_cat?post=94501"},{"taxonomy":"product_tag","embeddable":true,"href":"https:\/\/truusk.store\/sv\/wp-json\/wp\/v2\/product_tag?post=94501"}],"curies":[{"name":"wp","href":"https:\/\/api.w.org\/{rel}","templated":true}]}}