{"id":94511,"date":"2025-11-10T12:00:34","date_gmt":"2025-11-10T11:00:34","guid":{"rendered":"https:\/\/truusk.store\/product\/vaggarderob-garderob-med-krokar-vaggmontering-platsbesparande-5-kg-belastningsbar-50-x-16-x-175-cm-naturtra\/"},"modified":"2026-03-12T09:00:39","modified_gmt":"2026-03-12T08:00:39","slug":"truusk-vaggarderob-med-krokar-vaggmontering-platsbesparande-5-kg-belastningsbar-naturtra","status":"publish","type":"product","link":"https:\/\/truusk.store\/sv\/produkt\/truusk-vaggarderob-med-krokar-vaggmontering-platsbesparande-5-kg-belastningsbar-naturtra\/","title":{"rendered":"TRUUSK V\u00e4ggarderob med Krokar &#8211; V\u00e4ggmontering &#8211; Platsbesparande &#8211; 5 kg Belastningsbar &#8211; Naturtr\u00e4"},"content":{"rendered":"<p>TRUUSK v\u00e4ggkrok h\u00e5ller dagliga v\u00e4sentligheter snyggt och l\u00e4ttillg\u00e4ngligt, samtidigt som kroken sparar utrymme. Anv\u00e4ndbar som multifunktionellt element i k\u00f6ket eller badrummet, erbjuder kroken med 4 f\u00f6rzinkade krokar robust st\u00f6d f\u00f6r kl\u00e4der, hattar, halsdukar och nycklar. En modern, v\u00e4ggmonterad enhet som anpassar sig efter dina behov.<\/p>\n<p>Beskrivning:<\/p>\n<ul>\n<li> Stilfull, v\u00e4ggmonterad rack f\u00f6r att h\u00e4nga upp rockar, handdukar etc. med \u00f6vre hylla f\u00f6r CD-skivor, DVD-skivor, b\u00f6cker<\/li>\n<li> Krokarna \u00e4r tillverkade av naturligt material med 4 stabila krokar, belastningsbar upp till 5 kg<\/li>\n<li> F\u00f6r f\u00f6rvaring av dina kl\u00e4der, handdukar, hattar, paraplyer i hallen f\u00f6r enkel \u00e5tkomst<\/li>\n<li> Idealisk att anv\u00e4nda som k\u00f6kssk\u00e5p och badrumshyllor<\/li>\n<li> Organisera din hall med modern design och inbjudande<\/li>\n<li> Montering kr\u00e4vs<\/li>\n<\/ul>\n<p> Tekniska data:<\/p>\n<ul>\n<li> F\u00e4rg: Naturtr\u00e4<\/li>\n<li> Material: Bambu<\/li>\n<li> Produktm\u00e5tt: 50L x 16B x 17,5H cm<\/li>\n<li> \u00d6vre plattans storlek: 50L x 17B<\/li>\n<li> Bruttovikt: 1,2 kg<\/li>\n<li> Nettovikt: 0,75 kg<\/li>\n<li> Belastningskapacitet: 5 kg<\/li>\n<\/ul>\n<p>Leveransinneh\u00e5ll:<\/p>\n<ul>\n<li> 1 x V\u00e4ggkrok<\/li>\n<li> 1 x Instruktioner<\/li>\n<\/ul>\n","protected":false},"excerpt":{"rendered":"<p>TRUUSK v\u00e4ggkrok h\u00e5ller dagliga v\u00e4sentligheter snyggt och l\u00e4ttillg\u00e4ngligt, samtidigt som kroken sparar utrymme. Anv\u00e4ndbar som multifunktionellt element i k\u00f6ket eller&#8230;<\/p>\n","protected":false},"featured_media":94502,"template":"","meta":[],"product_brand":[],"product_cat":[893,871,560],"product_tag":[],"class_list":{"0":"post-94511","1":"product","2":"type-product","3":"status-publish","4":"has-post-thumbnail","6":"product_cat-garderob-hall","7":"product_cat-hus-hem","8":"product_cat-kladhangare","10":"first","11":"instock","12":"sale","13":"taxable","14":"shipping-taxable","15":"purchasable","16":"product-type-simple"},"yoast_head":"<!-- This site is optimized with the Yoast SEO plugin v25.4 - https:\/\/yoast.com\/wordpress\/plugins\/seo\/ -->\n<title>TRUUSK V\u00e4ggarderob med Krokar - V\u00e4ggmontering - Platsbesparande - 5 kg Belastningsbar - Naturtr\u00e4 - TRUUSK - Hem, Tr\u00e4dg\u00e5rd &amp; Fritid<\/title>\n<meta name=\"robots\" content=\"index, follow, max-snippet:-1, max-image-preview:large, max-video-preview:-1\" \/>\n<link rel=\"canonical\" href=\"https:\/\/truusk.store\/sv\/produkt\/truusk-vaggarderob-med-krokar-vaggmontering-platsbesparande-5-kg-belastningsbar-naturtra\/\" \/>\n<meta property=\"og:locale\" content=\"sv_SE\" \/>\n<meta property=\"og:type\" content=\"article\" \/>\n<meta property=\"og:title\" content=\"TRUUSK V\u00e4ggarderob med Krokar - V\u00e4ggmontering - Platsbesparande - 5 kg Belastningsbar - Naturtr\u00e4 - TRUUSK - Hem, Tr\u00e4dg\u00e5rd &amp; Fritid\" \/>\n<meta property=\"og:description\" content=\"TRUUSK v\u00e4ggkrok h\u00e5ller dagliga v\u00e4sentligheter snyggt och l\u00e4ttillg\u00e4ngligt, samtidigt som kroken sparar utrymme. Anv\u00e4ndbar som multifunktionellt element i k\u00f6ket eller...\" \/>\n<meta property=\"og:url\" content=\"https:\/\/truusk.store\/sv\/produkt\/truusk-vaggarderob-med-krokar-vaggmontering-platsbesparande-5-kg-belastningsbar-naturtra\/\" \/>\n<meta property=\"og:site_name\" content=\"TRUUSK - Hem, Tr\u00e4dg\u00e5rd &amp; Fritid\" \/>\n<meta property=\"article:modified_time\" content=\"2026-03-12T08:00:39+00:00\" \/>\n<meta property=\"og:image\" content=\"https:\/\/i0.wp.com\/truusk.se\/wp-content\/uploads\/2025\/11\/vaggarderob-garderob-med-krokar-vaggmontering-platsbesparande-5-kg-belastningsbar-50-x-16-x-175-cm-naturtra-1.webp?fit=2000%2C2000&ssl=1\" \/>\n\t<meta property=\"og:image:width\" content=\"2000\" \/>\n\t<meta property=\"og:image:height\" content=\"2000\" \/>\n\t<meta property=\"og:image:type\" content=\"image\/webp\" \/>\n<meta name=\"twitter:card\" content=\"summary_large_image\" \/>\n<meta name=\"twitter:label1\" content=\"Ber\u00e4knad l\u00e4stid\" \/>\n\t<meta name=\"twitter:data1\" content=\"1 minut\" \/>\n<!-- \/ Yoast SEO plugin. -->","yoast_head_json":{"title":"TRUUSK V\u00e4ggarderob med Krokar - V\u00e4ggmontering - Platsbesparande - 5 kg Belastningsbar - Naturtr\u00e4 - TRUUSK - Hem, Tr\u00e4dg\u00e5rd &amp; Fritid","robots":{"index":"index","follow":"follow","max-snippet":"max-snippet:-1","max-image-preview":"max-image-preview:large","max-video-preview":"max-video-preview:-1"},"canonical":"https:\/\/truusk.store\/sv\/produkt\/truusk-vaggarderob-med-krokar-vaggmontering-platsbesparande-5-kg-belastningsbar-naturtra\/","og_locale":"sv_SE","og_type":"article","og_title":"TRUUSK V\u00e4ggarderob med Krokar - V\u00e4ggmontering - Platsbesparande - 5 kg Belastningsbar - Naturtr\u00e4 - TRUUSK - Hem, Tr\u00e4dg\u00e5rd &amp; Fritid","og_description":"TRUUSK v\u00e4ggkrok h\u00e5ller dagliga v\u00e4sentligheter snyggt och l\u00e4ttillg\u00e4ngligt, samtidigt som kroken sparar utrymme. Anv\u00e4ndbar som multifunktionellt element i k\u00f6ket eller...","og_url":"https:\/\/truusk.store\/sv\/produkt\/truusk-vaggarderob-med-krokar-vaggmontering-platsbesparande-5-kg-belastningsbar-naturtra\/","og_site_name":"TRUUSK - Hem, Tr\u00e4dg\u00e5rd &amp; Fritid","article_modified_time":"2026-03-12T08:00:39+00:00","og_image":[{"width":2000,"height":2000,"url":"https:\/\/i0.wp.com\/truusk.se\/wp-content\/uploads\/2025\/11\/vaggarderob-garderob-med-krokar-vaggmontering-platsbesparande-5-kg-belastningsbar-50-x-16-x-175-cm-naturtra-1.webp?fit=2000%2C2000&ssl=1","type":"image\/webp"}],"twitter_card":"summary_large_image","twitter_misc":{"Ber\u00e4knad l\u00e4stid":"1 minut"},"schema":{"@context":"https:\/\/schema.org","@graph":[{"@type":"WebPage","@id":"https:\/\/truusk.store\/sv\/produkt\/truusk-vaggarderob-med-krokar-vaggmontering-platsbesparande-5-kg-belastningsbar-naturtra\/","url":"https:\/\/truusk.store\/sv\/produkt\/truusk-vaggarderob-med-krokar-vaggmontering-platsbesparande-5-kg-belastningsbar-naturtra\/","name":"TRUUSK V\u00e4ggarderob med Krokar - V\u00e4ggmontering - Platsbesparande - 5 kg Belastningsbar - Naturtr\u00e4 - TRUUSK - Hem, Tr\u00e4dg\u00e5rd &amp; Fritid","isPartOf":{"@id":"https:\/\/truusk.store\/sv\/#website"},"primaryImageOfPage":{"@id":"https:\/\/truusk.store\/sv\/produkt\/truusk-vaggarderob-med-krokar-vaggmontering-platsbesparande-5-kg-belastningsbar-naturtra\/#primaryimage"},"image":{"@id":"https:\/\/truusk.store\/sv\/produkt\/truusk-vaggarderob-med-krokar-vaggmontering-platsbesparande-5-kg-belastningsbar-naturtra\/#primaryimage"},"thumbnailUrl":"https:\/\/i0.wp.com\/truusk.store\/wp-content\/uploads\/2025\/11\/vaggarderob-garderob-med-krokar-vaggmontering-platsbesparande-5-kg-belastningsbar-50-x-16-x-175-cm-naturtra-1.webp?fit=2000%2C2000&ssl=1","datePublished":"2025-11-10T11:00:34+00:00","dateModified":"2026-03-12T08:00:39+00:00","breadcrumb":{"@id":"https:\/\/truusk.store\/sv\/produkt\/truusk-vaggarderob-med-krokar-vaggmontering-platsbesparande-5-kg-belastningsbar-naturtra\/#breadcrumb"},"inLanguage":"sv-SE","potentialAction":[{"@type":"ReadAction","target":["https:\/\/truusk.store\/sv\/produkt\/truusk-vaggarderob-med-krokar-vaggmontering-platsbesparande-5-kg-belastningsbar-naturtra\/"]}]},{"@type":"ImageObject","inLanguage":"sv-SE","@id":"https:\/\/truusk.store\/sv\/produkt\/truusk-vaggarderob-med-krokar-vaggmontering-platsbesparande-5-kg-belastningsbar-naturtra\/#primaryimage","url":"https:\/\/i0.wp.com\/truusk.store\/wp-content\/uploads\/2025\/11\/vaggarderob-garderob-med-krokar-vaggmontering-platsbesparande-5-kg-belastningsbar-50-x-16-x-175-cm-naturtra-1.webp?fit=2000%2C2000&ssl=1","contentUrl":"https:\/\/i0.wp.com\/truusk.store\/wp-content\/uploads\/2025\/11\/vaggarderob-garderob-med-krokar-vaggmontering-platsbesparande-5-kg-belastningsbar-50-x-16-x-175-cm-naturtra-1.webp?fit=2000%2C2000&ssl=1","width":2000,"height":2000},{"@type":"BreadcrumbList","@id":"https:\/\/truusk.store\/sv\/produkt\/truusk-vaggarderob-med-krokar-vaggmontering-platsbesparande-5-kg-belastningsbar-naturtra\/#breadcrumb","itemListElement":[{"@type":"ListItem","position":1,"name":"Home","item":"https:\/\/truusk.store\/sv\/"},{"@type":"ListItem","position":2,"name":"Shop","item":"https:\/\/truusk.store\/shop\/"},{"@type":"ListItem","position":3,"name":"TRUUSK V\u00e4ggarderob med Krokar &#8211; V\u00e4ggmontering &#8211; Platsbesparande &#8211; 5 kg Belastningsbar &#8211; Naturtr\u00e4"}]},{"@type":"WebSite","@id":"https:\/\/truusk.store\/sv\/#website","url":"https:\/\/truusk.store\/sv\/","name":"TRUUSK - Hem, Tr\u00e4dg\u00e5rd & Fritid","description":"","publisher":{"@id":"https:\/\/truusk.store\/sv\/#organization"},"potentialAction":[{"@type":"SearchAction","target":{"@type":"EntryPoint","urlTemplate":"https:\/\/truusk.store\/sv\/?s={search_term_string}"},"query-input":{"@type":"PropertyValueSpecification","valueRequired":true,"valueName":"search_term_string"}}],"inLanguage":"sv-SE"},{"@type":"Organization","@id":"https:\/\/truusk.store\/sv\/#organization","name":"TRUUSK - Hem, Tr\u00e4dg\u00e5rd & Fritid","url":"https:\/\/truusk.store\/sv\/","logo":{"@type":"ImageObject","inLanguage":"sv-SE","@id":"https:\/\/truusk.store\/sv\/#\/schema\/logo\/image\/","url":"https:\/\/i0.wp.com\/truusk.store\/wp-content\/uploads\/2026\/03\/cropped-TRUUSK.png?fit=2032%2C917&ssl=1","contentUrl":"https:\/\/i0.wp.com\/truusk.store\/wp-content\/uploads\/2026\/03\/cropped-TRUUSK.png?fit=2032%2C917&ssl=1","width":2032,"height":917,"caption":"TRUUSK - Hem, Tr\u00e4dg\u00e5rd & Fritid"},"image":{"@id":"https:\/\/truusk.store\/sv\/#\/schema\/logo\/image\/"}}]}},"jetpack_sharing_enabled":true,"_links":{"self":[{"href":"https:\/\/truusk.store\/sv\/wp-json\/wp\/v2\/product\/94511","targetHints":{"allow":["GET"]}}],"collection":[{"href":"https:\/\/truusk.store\/sv\/wp-json\/wp\/v2\/product"}],"about":[{"href":"https:\/\/truusk.store\/sv\/wp-json\/wp\/v2\/types\/product"}],"wp:featuredmedia":[{"embeddable":true,"href":"https:\/\/truusk.store\/sv\/wp-json\/wp\/v2\/media\/94502"}],"wp:attachment":[{"href":"https:\/\/truusk.store\/sv\/wp-json\/wp\/v2\/media?parent=94511"}],"wp:term":[{"taxonomy":"product_brand","embeddable":true,"href":"https:\/\/truusk.store\/sv\/wp-json\/wp\/v2\/product_brand?post=94511"},{"taxonomy":"product_cat","embeddable":true,"href":"https:\/\/truusk.store\/sv\/wp-json\/wp\/v2\/product_cat?post=94511"},{"taxonomy":"product_tag","embeddable":true,"href":"https:\/\/truusk.store\/sv\/wp-json\/wp\/v2\/product_tag?post=94511"}],"curies":[{"name":"wp","href":"https:\/\/api.w.org\/{rel}","templated":true}]}}