{"id":94551,"date":"2025-11-10T12:09:30","date_gmt":"2025-11-10T11:09:30","guid":{"rendered":"https:\/\/truusk.store\/product\/staende-boxningssack-med-speedball-reflexstang-hojdjusterbar-for-vuxna-155-205cm-svart\/"},"modified":"2026-03-12T09:09:33","modified_gmt":"2026-03-12T08:09:33","slug":"truusk-staende-boxningssack-med-speedball-reflexstang-justerbar-hojd-for-vuxna-155-205cm-svart","status":"publish","type":"product","link":"https:\/\/truusk.store\/sv\/produkt\/truusk-staende-boxningssack-med-speedball-reflexstang-justerbar-hojd-for-vuxna-155-205cm-svart\/","title":{"rendered":"TRUUSK St\u00e5ende Boxningss\u00e4ck Med Speedball &#8211; Reflexst\u00e5ng &#8211; Justerbar H\u00f6jd &#8211; F\u00f6r Vuxna &#8211; 155-205cm &#8211; Svart"},"content":{"rendered":"<p>Upplev en omfattande tr\u00e4ning som \u00f6kar din styrka och reaktionsf\u00f6rm\u00e5ga med TRUUSK st\u00e5ende boxningss\u00e4ck. Tack vare den fyllbara basen f\u00f6rblir boxningss\u00e4cken stabil p\u00e5 alla golv, s\u00e5 att du kan fokusera p\u00e5 din tr\u00e4ning. Den h\u00f6jdjusterbara funktionen g\u00f6r att varje familjemedlem, oavsett kroppsl\u00e4ngd, kan tr\u00e4na optimalt. Njut av stressfria stunder vid hemtr\u00e4ning eller p\u00e5 kontoret och f\u00f6rb\u00e4ttra din kondition och livskvalitet.<\/p>\n<p>Beskrivning:<\/p>\n<ul>\n<li> Den st\u00e5ende boxningss\u00e4cken erbjuder en omfattande tr\u00e4ning med 360\u00b0 roterande arm och speedball<\/li>\n<li> Den st\u00e5ende boxningss\u00e4cken \u00e4r h\u00f6jdjusterbar fr\u00e5n 155 till 205 cm, idealisk f\u00f6r olika kroppsl\u00e4ngder<\/li>\n<li> Basen kan fyllas med vatten eller sand f\u00f6r att garantera maximal stabilitet<\/li>\n<li> Konstl\u00e4derytan p\u00e5 punchbollsetet ger en behaglig slagverkan och h\u00e5llbarhet<\/li>\n<li> Inneh\u00e5ller tillbeh\u00f6r som inre handskar och luftpump f\u00f6r omedelbar anv\u00e4ndning<\/li>\n<li> Kompakt design med en diameter p\u00e5 48 cm, perfekt f\u00f6r sm\u00e5 utrymmen<\/li>\n<li> Montering kr\u00e4vs<\/li>\n<\/ul>\n<p> Tekniska data:<\/p>\n<ul>\n<li> F\u00e4rg: Svart<\/li>\n<li> Material: Konstl\u00e4der, EPE, HDPE<\/li>\n<li> Totala dimensioner: 88L x 48B x 155-205H cm<\/li>\n<li> Basens dimensioner: \u00d848 x 31H cm<\/li>\n<li> Storlek p\u00e5 boxningss\u00e4cken: \u00d825 x 60H cm<\/li>\n<li> Roterande flexibel arm: \u00d86 x 60L cm<\/li>\n<li> Boxningshastighetsboll: \u00d818 x 24H cm<\/li>\n<li> Lastkapacitet f\u00f6r basen: 30 kg (vatten) \/ 35 kg (sand) \/ 40 kg (vatten &amp; sand)<\/li>\n<li> Tillbeh\u00f6r: 1 luftpump, 1 par boxhandskar<\/li>\n<\/ul>\n<p>Leveransinneh\u00e5ll:<\/p>\n<ul>\n<li> 1 x St\u00e5ende boxningss\u00e4ck<\/li>\n<li> 1 x Luftpump<\/li>\n<li> 1 par inre handskar<\/li>\n<\/ul>\n","protected":false},"excerpt":{"rendered":"<p>Upplev en omfattande tr\u00e4ning som \u00f6kar din styrka och reaktionsf\u00f6rm\u00e5ga med TRUUSK st\u00e5ende boxningss\u00e4ck. Tack vare den fyllbara basen f\u00f6rblir&#8230;<\/p>\n","protected":false},"featured_media":94542,"template":"","meta":[],"product_brand":[],"product_cat":[667,873,647],"product_tag":[],"class_list":{"0":"post-94551","1":"product","2":"type-product","3":"status-publish","4":"has-post-thumbnail","6":"product_cat-boxningssack","7":"product_cat-fitness-styrketraning","8":"product_cat-sport-fritid","10":"first","11":"instock","12":"sale","13":"taxable","14":"shipping-taxable","15":"purchasable","16":"product-type-simple"},"yoast_head":"<!-- This site is optimized with the Yoast SEO plugin v25.4 - https:\/\/yoast.com\/wordpress\/plugins\/seo\/ -->\n<title>TRUUSK St\u00e5ende Boxningss\u00e4ck Med Speedball - Reflexst\u00e5ng - Justerbar H\u00f6jd - F\u00f6r Vuxna - 155-205cm - Svart - TRUUSK - Hem, Tr\u00e4dg\u00e5rd &amp; Fritid<\/title>\n<meta name=\"robots\" content=\"index, follow, max-snippet:-1, max-image-preview:large, max-video-preview:-1\" \/>\n<link rel=\"canonical\" href=\"https:\/\/truusk.store\/sv\/produkt\/truusk-staende-boxningssack-med-speedball-reflexstang-justerbar-hojd-for-vuxna-155-205cm-svart\/\" \/>\n<meta property=\"og:locale\" content=\"sv_SE\" \/>\n<meta property=\"og:type\" content=\"article\" \/>\n<meta property=\"og:title\" content=\"TRUUSK St\u00e5ende Boxningss\u00e4ck Med Speedball - Reflexst\u00e5ng - Justerbar H\u00f6jd - F\u00f6r Vuxna - 155-205cm - Svart - TRUUSK - Hem, Tr\u00e4dg\u00e5rd &amp; Fritid\" \/>\n<meta property=\"og:description\" content=\"Upplev en omfattande tr\u00e4ning som \u00f6kar din styrka och reaktionsf\u00f6rm\u00e5ga med TRUUSK st\u00e5ende boxningss\u00e4ck. Tack vare den fyllbara basen f\u00f6rblir...\" \/>\n<meta property=\"og:url\" content=\"https:\/\/truusk.store\/sv\/produkt\/truusk-staende-boxningssack-med-speedball-reflexstang-justerbar-hojd-for-vuxna-155-205cm-svart\/\" \/>\n<meta property=\"og:site_name\" content=\"TRUUSK - Hem, Tr\u00e4dg\u00e5rd &amp; Fritid\" \/>\n<meta property=\"article:modified_time\" content=\"2026-03-12T08:09:33+00:00\" \/>\n<meta property=\"og:image\" content=\"https:\/\/i0.wp.com\/truusk.se\/wp-content\/uploads\/2025\/11\/staende-boxningssack-med-speedball-reflexstang-hojdjusterbar-for-vuxna-155-205cm-svart-1.webp?fit=2000%2C2000&ssl=1\" \/>\n\t<meta property=\"og:image:width\" content=\"2000\" \/>\n\t<meta property=\"og:image:height\" content=\"2000\" \/>\n\t<meta property=\"og:image:type\" content=\"image\/webp\" \/>\n<meta name=\"twitter:card\" content=\"summary_large_image\" \/>\n<meta name=\"twitter:label1\" content=\"Ber\u00e4knad l\u00e4stid\" \/>\n\t<meta name=\"twitter:data1\" content=\"1 minut\" \/>\n<!-- \/ Yoast SEO plugin. -->","yoast_head_json":{"title":"TRUUSK St\u00e5ende Boxningss\u00e4ck Med Speedball - Reflexst\u00e5ng - Justerbar H\u00f6jd - F\u00f6r Vuxna - 155-205cm - Svart - TRUUSK - Hem, Tr\u00e4dg\u00e5rd &amp; Fritid","robots":{"index":"index","follow":"follow","max-snippet":"max-snippet:-1","max-image-preview":"max-image-preview:large","max-video-preview":"max-video-preview:-1"},"canonical":"https:\/\/truusk.store\/sv\/produkt\/truusk-staende-boxningssack-med-speedball-reflexstang-justerbar-hojd-for-vuxna-155-205cm-svart\/","og_locale":"sv_SE","og_type":"article","og_title":"TRUUSK St\u00e5ende Boxningss\u00e4ck Med Speedball - Reflexst\u00e5ng - Justerbar H\u00f6jd - F\u00f6r Vuxna - 155-205cm - Svart - TRUUSK - Hem, Tr\u00e4dg\u00e5rd &amp; Fritid","og_description":"Upplev en omfattande tr\u00e4ning som \u00f6kar din styrka och reaktionsf\u00f6rm\u00e5ga med TRUUSK st\u00e5ende boxningss\u00e4ck. Tack vare den fyllbara basen f\u00f6rblir...","og_url":"https:\/\/truusk.store\/sv\/produkt\/truusk-staende-boxningssack-med-speedball-reflexstang-justerbar-hojd-for-vuxna-155-205cm-svart\/","og_site_name":"TRUUSK - Hem, Tr\u00e4dg\u00e5rd &amp; Fritid","article_modified_time":"2026-03-12T08:09:33+00:00","og_image":[{"width":2000,"height":2000,"url":"https:\/\/i0.wp.com\/truusk.se\/wp-content\/uploads\/2025\/11\/staende-boxningssack-med-speedball-reflexstang-hojdjusterbar-for-vuxna-155-205cm-svart-1.webp?fit=2000%2C2000&ssl=1","type":"image\/webp"}],"twitter_card":"summary_large_image","twitter_misc":{"Ber\u00e4knad l\u00e4stid":"1 minut"},"schema":{"@context":"https:\/\/schema.org","@graph":[{"@type":"WebPage","@id":"https:\/\/truusk.store\/sv\/produkt\/truusk-staende-boxningssack-med-speedball-reflexstang-justerbar-hojd-for-vuxna-155-205cm-svart\/","url":"https:\/\/truusk.store\/sv\/produkt\/truusk-staende-boxningssack-med-speedball-reflexstang-justerbar-hojd-for-vuxna-155-205cm-svart\/","name":"TRUUSK St\u00e5ende Boxningss\u00e4ck Med Speedball - Reflexst\u00e5ng - Justerbar H\u00f6jd - F\u00f6r Vuxna - 155-205cm - Svart - TRUUSK - Hem, Tr\u00e4dg\u00e5rd &amp; Fritid","isPartOf":{"@id":"https:\/\/truusk.store\/sv\/#website"},"primaryImageOfPage":{"@id":"https:\/\/truusk.store\/sv\/produkt\/truusk-staende-boxningssack-med-speedball-reflexstang-justerbar-hojd-for-vuxna-155-205cm-svart\/#primaryimage"},"image":{"@id":"https:\/\/truusk.store\/sv\/produkt\/truusk-staende-boxningssack-med-speedball-reflexstang-justerbar-hojd-for-vuxna-155-205cm-svart\/#primaryimage"},"thumbnailUrl":"https:\/\/i0.wp.com\/truusk.store\/wp-content\/uploads\/2025\/11\/staende-boxningssack-med-speedball-reflexstang-hojdjusterbar-for-vuxna-155-205cm-svart-1.webp?fit=2000%2C2000&ssl=1","datePublished":"2025-11-10T11:09:30+00:00","dateModified":"2026-03-12T08:09:33+00:00","breadcrumb":{"@id":"https:\/\/truusk.store\/sv\/produkt\/truusk-staende-boxningssack-med-speedball-reflexstang-justerbar-hojd-for-vuxna-155-205cm-svart\/#breadcrumb"},"inLanguage":"sv-SE","potentialAction":[{"@type":"ReadAction","target":["https:\/\/truusk.store\/sv\/produkt\/truusk-staende-boxningssack-med-speedball-reflexstang-justerbar-hojd-for-vuxna-155-205cm-svart\/"]}]},{"@type":"ImageObject","inLanguage":"sv-SE","@id":"https:\/\/truusk.store\/sv\/produkt\/truusk-staende-boxningssack-med-speedball-reflexstang-justerbar-hojd-for-vuxna-155-205cm-svart\/#primaryimage","url":"https:\/\/i0.wp.com\/truusk.store\/wp-content\/uploads\/2025\/11\/staende-boxningssack-med-speedball-reflexstang-hojdjusterbar-for-vuxna-155-205cm-svart-1.webp?fit=2000%2C2000&ssl=1","contentUrl":"https:\/\/i0.wp.com\/truusk.store\/wp-content\/uploads\/2025\/11\/staende-boxningssack-med-speedball-reflexstang-hojdjusterbar-for-vuxna-155-205cm-svart-1.webp?fit=2000%2C2000&ssl=1","width":2000,"height":2000},{"@type":"BreadcrumbList","@id":"https:\/\/truusk.store\/sv\/produkt\/truusk-staende-boxningssack-med-speedball-reflexstang-justerbar-hojd-for-vuxna-155-205cm-svart\/#breadcrumb","itemListElement":[{"@type":"ListItem","position":1,"name":"Home","item":"https:\/\/truusk.store\/sv\/"},{"@type":"ListItem","position":2,"name":"Shop","item":"https:\/\/truusk.store\/shop\/"},{"@type":"ListItem","position":3,"name":"TRUUSK St\u00e5ende Boxningss\u00e4ck Med Speedball &#8211; Reflexst\u00e5ng &#8211; Justerbar H\u00f6jd &#8211; F\u00f6r Vuxna &#8211; 155-205cm &#8211; Svart"}]},{"@type":"WebSite","@id":"https:\/\/truusk.store\/sv\/#website","url":"https:\/\/truusk.store\/sv\/","name":"TRUUSK - Hem, Tr\u00e4dg\u00e5rd & Fritid","description":"","publisher":{"@id":"https:\/\/truusk.store\/sv\/#organization"},"potentialAction":[{"@type":"SearchAction","target":{"@type":"EntryPoint","urlTemplate":"https:\/\/truusk.store\/sv\/?s={search_term_string}"},"query-input":{"@type":"PropertyValueSpecification","valueRequired":true,"valueName":"search_term_string"}}],"inLanguage":"sv-SE"},{"@type":"Organization","@id":"https:\/\/truusk.store\/sv\/#organization","name":"TRUUSK - Hem, Tr\u00e4dg\u00e5rd & Fritid","url":"https:\/\/truusk.store\/sv\/","logo":{"@type":"ImageObject","inLanguage":"sv-SE","@id":"https:\/\/truusk.store\/sv\/#\/schema\/logo\/image\/","url":"https:\/\/i0.wp.com\/truusk.store\/wp-content\/uploads\/2026\/03\/cropped-TRUUSK.png?fit=2032%2C917&ssl=1","contentUrl":"https:\/\/i0.wp.com\/truusk.store\/wp-content\/uploads\/2026\/03\/cropped-TRUUSK.png?fit=2032%2C917&ssl=1","width":2032,"height":917,"caption":"TRUUSK - Hem, Tr\u00e4dg\u00e5rd & Fritid"},"image":{"@id":"https:\/\/truusk.store\/sv\/#\/schema\/logo\/image\/"}}]}},"jetpack_sharing_enabled":true,"_links":{"self":[{"href":"https:\/\/truusk.store\/sv\/wp-json\/wp\/v2\/product\/94551","targetHints":{"allow":["GET"]}}],"collection":[{"href":"https:\/\/truusk.store\/sv\/wp-json\/wp\/v2\/product"}],"about":[{"href":"https:\/\/truusk.store\/sv\/wp-json\/wp\/v2\/types\/product"}],"wp:featuredmedia":[{"embeddable":true,"href":"https:\/\/truusk.store\/sv\/wp-json\/wp\/v2\/media\/94542"}],"wp:attachment":[{"href":"https:\/\/truusk.store\/sv\/wp-json\/wp\/v2\/media?parent=94551"}],"wp:term":[{"taxonomy":"product_brand","embeddable":true,"href":"https:\/\/truusk.store\/sv\/wp-json\/wp\/v2\/product_brand?post=94551"},{"taxonomy":"product_cat","embeddable":true,"href":"https:\/\/truusk.store\/sv\/wp-json\/wp\/v2\/product_cat?post=94551"},{"taxonomy":"product_tag","embeddable":true,"href":"https:\/\/truusk.store\/sv\/wp-json\/wp\/v2\/product_tag?post=94551"}],"curies":[{"name":"wp","href":"https:\/\/api.w.org\/{rel}","templated":true}]}}