{"id":94561,"date":"2025-11-10T12:13:58","date_gmt":"2025-11-10T11:13:58","guid":{"rendered":"https:\/\/truusk.store\/product\/bordfotbollssats-kicker-bord-kompakt-trastruktur-2-bollar-poangraknare-brun\/"},"modified":"2026-03-12T09:20:23","modified_gmt":"2026-03-12T08:20:23","slug":"truusk-bordfotbollssats-kicker-bord-kompakt-trastruktur-2-bollar-poangraknare-brun","status":"publish","type":"product","link":"https:\/\/truusk.store\/sv\/produkt\/truusk-bordfotbollssats-kicker-bord-kompakt-trastruktur-2-bollar-poangraknare-brun\/","title":{"rendered":"TRUUSK Bordfotbollssats &#8211; Kicker-bord &#8211; Kompakt Tr\u00e4struktur &#8211; 2 Bollar &#8211; Po\u00e4ngr\u00e4knare &#8211; Brun"},"content":{"rendered":"<p>TRUUSK bordfotboll \u00e4r utm\u00e4rkt f\u00f6r ungdomar och fr\u00e4mjar samspel genom att spela med v\u00e4nner. Det kompakta, l\u00e4tta designen p\u00e5 fotbollsbordet g\u00f6r det m\u00f6jligt att ta med det \u00f6verallt. Denna bordfotboll f\u00f6rb\u00e4ttrar reaktionsf\u00f6rm\u00e5gan, koordinationen samt skickligheten och fr\u00e4mjar den ofta f\u00f6rsummade h\u00f6gra hj\u00e4rnhalvan.<\/p>\n<p>Beskrivning:<\/p>\n<ul>\n<li> Kompakt bordfotboll med tr\u00e4struktur<\/li>\n<li> Interagera med v\u00e4nner eller familj genom spel och t\u00e4vling<\/li>\n<li> Allt n\u00f6dv\u00e4ndigt tillbeh\u00f6r f\u00f6r montering och spel ing\u00e5r<\/li>\n<li> Mini fotbollsbordet best\u00e5r av 18 spelare, uppdelade i 2 lag<\/li>\n<li> Fr\u00e4mjar reaktionsf\u00f6rm\u00e5gan, f\u00f6rb\u00e4ttrar smidigheten samt de psykomotoriska f\u00e4rdigheterna och koordinationen<\/li>\n<li> Har en kompakt och l\u00e4tt design, \u00e4r utrymmesbesparande, l\u00e4tt att f\u00f6rvara och transportera<\/li>\n<li> Bekv\u00e4ma handtag p\u00e5 fotbollsbordet f\u00f6r b\u00e4ttre bollkontroll<\/li>\n<li> Spelarna roterar mjukt f\u00f6r en underh\u00e5llande spelupplevelse<\/li>\n<li> Med 2 bollar och po\u00e4ngtavlor inkluderade<\/li>\n<\/ul>\n<p> Tekniska data:<\/p>\n<ul>\n<li> F\u00e4rg: Naturtr\u00e4<\/li>\n<li> Material: MDF<\/li>\n<li> Totala dimensioner: 69L x 36,5B x 22H cm<\/li>\n<\/ul>\n<p>Leveransinneh\u00e5ll:<\/p>\n<ul>\n<li> 1 x Bordfotboll<\/li>\n<li> 2 x Boll<\/li>\n<li> 18 x Mini-spelare<\/li>\n<li> 6 x St\u00e5ng<\/li>\n<li> 2 x Po\u00e4ngr\u00e4knare<\/li>\n<li> 2 x Bolluppsamlingsl\u00e5da<\/li>\n<li> 1 x Bruksanvisning<\/li>\n<\/ul>\n","protected":false},"excerpt":{"rendered":"<p>TRUUSK bordfotboll \u00e4r utm\u00e4rkt f\u00f6r ungdomar och fr\u00e4mjar samspel genom att spela med v\u00e4nner. Det kompakta, l\u00e4tta designen p\u00e5 fotbollsbordet&#8230;<\/p>\n","protected":false},"featured_media":94552,"template":"","meta":[],"product_brand":[],"product_cat":[656,508,647],"product_tag":[],"class_list":{"0":"post-94561","1":"product","2":"type-product","3":"status-publish","4":"has-post-thumbnail","6":"product_cat-spel-hobby","7":"product_cat-spelbord","8":"product_cat-sport-fritid","10":"first","11":"instock","12":"sale","13":"taxable","14":"shipping-taxable","15":"purchasable","16":"product-type-simple"},"yoast_head":"<!-- This site is optimized with the Yoast SEO plugin v25.4 - https:\/\/yoast.com\/wordpress\/plugins\/seo\/ -->\n<title>TRUUSK Bordfotbollssats - Kicker-bord - Kompakt Tr\u00e4struktur - 2 Bollar - Po\u00e4ngr\u00e4knare - Brun - TRUUSK - Hem, Tr\u00e4dg\u00e5rd &amp; Fritid<\/title>\n<meta name=\"robots\" content=\"index, follow, max-snippet:-1, max-image-preview:large, max-video-preview:-1\" \/>\n<link rel=\"canonical\" href=\"https:\/\/truusk.store\/sv\/produkt\/truusk-bordfotbollssats-kicker-bord-kompakt-trastruktur-2-bollar-poangraknare-brun\/\" \/>\n<meta property=\"og:locale\" content=\"sv_SE\" \/>\n<meta property=\"og:type\" content=\"article\" \/>\n<meta property=\"og:title\" content=\"TRUUSK Bordfotbollssats - Kicker-bord - Kompakt Tr\u00e4struktur - 2 Bollar - Po\u00e4ngr\u00e4knare - Brun - TRUUSK - Hem, Tr\u00e4dg\u00e5rd &amp; Fritid\" \/>\n<meta property=\"og:description\" content=\"TRUUSK bordfotboll \u00e4r utm\u00e4rkt f\u00f6r ungdomar och fr\u00e4mjar samspel genom att spela med v\u00e4nner. Det kompakta, l\u00e4tta designen p\u00e5 fotbollsbordet...\" \/>\n<meta property=\"og:url\" content=\"https:\/\/truusk.store\/sv\/produkt\/truusk-bordfotbollssats-kicker-bord-kompakt-trastruktur-2-bollar-poangraknare-brun\/\" \/>\n<meta property=\"og:site_name\" content=\"TRUUSK - Hem, Tr\u00e4dg\u00e5rd &amp; Fritid\" \/>\n<meta property=\"article:modified_time\" content=\"2026-03-12T08:20:23+00:00\" \/>\n<meta property=\"og:image\" content=\"https:\/\/i0.wp.com\/truusk.se\/wp-content\/uploads\/2025\/11\/bordfotbollssats-kicker-bord-kompakt-trastruktur-2-bollar-poangraknare-brun-1.webp?fit=2000%2C2000&ssl=1\" \/>\n\t<meta property=\"og:image:width\" content=\"2000\" \/>\n\t<meta property=\"og:image:height\" content=\"2000\" \/>\n\t<meta property=\"og:image:type\" content=\"image\/webp\" \/>\n<meta name=\"twitter:card\" content=\"summary_large_image\" \/>\n<meta name=\"twitter:label1\" content=\"Ber\u00e4knad l\u00e4stid\" \/>\n\t<meta name=\"twitter:data1\" content=\"1 minut\" \/>\n<!-- \/ Yoast SEO plugin. -->","yoast_head_json":{"title":"TRUUSK Bordfotbollssats - Kicker-bord - Kompakt Tr\u00e4struktur - 2 Bollar - Po\u00e4ngr\u00e4knare - Brun - TRUUSK - Hem, Tr\u00e4dg\u00e5rd &amp; Fritid","robots":{"index":"index","follow":"follow","max-snippet":"max-snippet:-1","max-image-preview":"max-image-preview:large","max-video-preview":"max-video-preview:-1"},"canonical":"https:\/\/truusk.store\/sv\/produkt\/truusk-bordfotbollssats-kicker-bord-kompakt-trastruktur-2-bollar-poangraknare-brun\/","og_locale":"sv_SE","og_type":"article","og_title":"TRUUSK Bordfotbollssats - Kicker-bord - Kompakt Tr\u00e4struktur - 2 Bollar - Po\u00e4ngr\u00e4knare - Brun - TRUUSK - Hem, Tr\u00e4dg\u00e5rd &amp; Fritid","og_description":"TRUUSK bordfotboll \u00e4r utm\u00e4rkt f\u00f6r ungdomar och fr\u00e4mjar samspel genom att spela med v\u00e4nner. Det kompakta, l\u00e4tta designen p\u00e5 fotbollsbordet...","og_url":"https:\/\/truusk.store\/sv\/produkt\/truusk-bordfotbollssats-kicker-bord-kompakt-trastruktur-2-bollar-poangraknare-brun\/","og_site_name":"TRUUSK - Hem, Tr\u00e4dg\u00e5rd &amp; Fritid","article_modified_time":"2026-03-12T08:20:23+00:00","og_image":[{"width":2000,"height":2000,"url":"https:\/\/i0.wp.com\/truusk.se\/wp-content\/uploads\/2025\/11\/bordfotbollssats-kicker-bord-kompakt-trastruktur-2-bollar-poangraknare-brun-1.webp?fit=2000%2C2000&ssl=1","type":"image\/webp"}],"twitter_card":"summary_large_image","twitter_misc":{"Ber\u00e4knad l\u00e4stid":"1 minut"},"schema":{"@context":"https:\/\/schema.org","@graph":[{"@type":"WebPage","@id":"https:\/\/truusk.store\/sv\/produkt\/truusk-bordfotbollssats-kicker-bord-kompakt-trastruktur-2-bollar-poangraknare-brun\/","url":"https:\/\/truusk.store\/sv\/produkt\/truusk-bordfotbollssats-kicker-bord-kompakt-trastruktur-2-bollar-poangraknare-brun\/","name":"TRUUSK Bordfotbollssats - Kicker-bord - Kompakt Tr\u00e4struktur - 2 Bollar - Po\u00e4ngr\u00e4knare - Brun - TRUUSK - Hem, Tr\u00e4dg\u00e5rd &amp; Fritid","isPartOf":{"@id":"https:\/\/truusk.store\/sv\/#website"},"primaryImageOfPage":{"@id":"https:\/\/truusk.store\/sv\/produkt\/truusk-bordfotbollssats-kicker-bord-kompakt-trastruktur-2-bollar-poangraknare-brun\/#primaryimage"},"image":{"@id":"https:\/\/truusk.store\/sv\/produkt\/truusk-bordfotbollssats-kicker-bord-kompakt-trastruktur-2-bollar-poangraknare-brun\/#primaryimage"},"thumbnailUrl":"https:\/\/i0.wp.com\/truusk.store\/wp-content\/uploads\/2025\/11\/bordfotbollssats-kicker-bord-kompakt-trastruktur-2-bollar-poangraknare-brun-1.webp?fit=2000%2C2000&ssl=1","datePublished":"2025-11-10T11:13:58+00:00","dateModified":"2026-03-12T08:20:23+00:00","breadcrumb":{"@id":"https:\/\/truusk.store\/sv\/produkt\/truusk-bordfotbollssats-kicker-bord-kompakt-trastruktur-2-bollar-poangraknare-brun\/#breadcrumb"},"inLanguage":"sv-SE","potentialAction":[{"@type":"ReadAction","target":["https:\/\/truusk.store\/sv\/produkt\/truusk-bordfotbollssats-kicker-bord-kompakt-trastruktur-2-bollar-poangraknare-brun\/"]}]},{"@type":"ImageObject","inLanguage":"sv-SE","@id":"https:\/\/truusk.store\/sv\/produkt\/truusk-bordfotbollssats-kicker-bord-kompakt-trastruktur-2-bollar-poangraknare-brun\/#primaryimage","url":"https:\/\/i0.wp.com\/truusk.store\/wp-content\/uploads\/2025\/11\/bordfotbollssats-kicker-bord-kompakt-trastruktur-2-bollar-poangraknare-brun-1.webp?fit=2000%2C2000&ssl=1","contentUrl":"https:\/\/i0.wp.com\/truusk.store\/wp-content\/uploads\/2025\/11\/bordfotbollssats-kicker-bord-kompakt-trastruktur-2-bollar-poangraknare-brun-1.webp?fit=2000%2C2000&ssl=1","width":2000,"height":2000},{"@type":"BreadcrumbList","@id":"https:\/\/truusk.store\/sv\/produkt\/truusk-bordfotbollssats-kicker-bord-kompakt-trastruktur-2-bollar-poangraknare-brun\/#breadcrumb","itemListElement":[{"@type":"ListItem","position":1,"name":"Home","item":"https:\/\/truusk.store\/sv\/"},{"@type":"ListItem","position":2,"name":"Shop","item":"https:\/\/truusk.store\/shop\/"},{"@type":"ListItem","position":3,"name":"TRUUSK Bordfotbollssats &#8211; Kicker-bord &#8211; Kompakt Tr\u00e4struktur &#8211; 2 Bollar &#8211; Po\u00e4ngr\u00e4knare &#8211; Brun"}]},{"@type":"WebSite","@id":"https:\/\/truusk.store\/sv\/#website","url":"https:\/\/truusk.store\/sv\/","name":"TRUUSK - Hem, Tr\u00e4dg\u00e5rd & Fritid","description":"","publisher":{"@id":"https:\/\/truusk.store\/sv\/#organization"},"potentialAction":[{"@type":"SearchAction","target":{"@type":"EntryPoint","urlTemplate":"https:\/\/truusk.store\/sv\/?s={search_term_string}"},"query-input":{"@type":"PropertyValueSpecification","valueRequired":true,"valueName":"search_term_string"}}],"inLanguage":"sv-SE"},{"@type":"Organization","@id":"https:\/\/truusk.store\/sv\/#organization","name":"TRUUSK - Hem, Tr\u00e4dg\u00e5rd & Fritid","url":"https:\/\/truusk.store\/sv\/","logo":{"@type":"ImageObject","inLanguage":"sv-SE","@id":"https:\/\/truusk.store\/sv\/#\/schema\/logo\/image\/","url":"https:\/\/i0.wp.com\/truusk.store\/wp-content\/uploads\/2026\/03\/cropped-TRUUSK.png?fit=2032%2C917&ssl=1","contentUrl":"https:\/\/i0.wp.com\/truusk.store\/wp-content\/uploads\/2026\/03\/cropped-TRUUSK.png?fit=2032%2C917&ssl=1","width":2032,"height":917,"caption":"TRUUSK - Hem, Tr\u00e4dg\u00e5rd & Fritid"},"image":{"@id":"https:\/\/truusk.store\/sv\/#\/schema\/logo\/image\/"}}]}},"jetpack_sharing_enabled":true,"_links":{"self":[{"href":"https:\/\/truusk.store\/sv\/wp-json\/wp\/v2\/product\/94561","targetHints":{"allow":["GET"]}}],"collection":[{"href":"https:\/\/truusk.store\/sv\/wp-json\/wp\/v2\/product"}],"about":[{"href":"https:\/\/truusk.store\/sv\/wp-json\/wp\/v2\/types\/product"}],"wp:featuredmedia":[{"embeddable":true,"href":"https:\/\/truusk.store\/sv\/wp-json\/wp\/v2\/media\/94552"}],"wp:attachment":[{"href":"https:\/\/truusk.store\/sv\/wp-json\/wp\/v2\/media?parent=94561"}],"wp:term":[{"taxonomy":"product_brand","embeddable":true,"href":"https:\/\/truusk.store\/sv\/wp-json\/wp\/v2\/product_brand?post=94561"},{"taxonomy":"product_cat","embeddable":true,"href":"https:\/\/truusk.store\/sv\/wp-json\/wp\/v2\/product_cat?post=94561"},{"taxonomy":"product_tag","embeddable":true,"href":"https:\/\/truusk.store\/sv\/wp-json\/wp\/v2\/product_tag?post=94561"}],"curies":[{"name":"wp","href":"https:\/\/api.w.org\/{rel}","templated":true}]}}