{"id":94571,"date":"2025-11-10T12:17:38","date_gmt":"2025-11-10T11:17:38","guid":{"rendered":"https:\/\/truusk.store\/product\/2-delat-set-av-stapelbara-sidobord-nattbord-soffbord-med-stalben-modernt-for-vardagsrum-svart\/"},"modified":"2026-03-12T09:31:37","modified_gmt":"2026-03-12T08:31:37","slug":"truusk-2-delat-set-av-stapelbara-sidobord-svarta-nattbord-och-soffbord-modern-design-med-stalben-perfekt-for-vardagsrummet","status":"publish","type":"product","link":"https:\/\/truusk.store\/sv\/produkt\/truusk-2-delat-set-av-stapelbara-sidobord-svarta-nattbord-och-soffbord-modern-design-med-stalben-perfekt-for-vardagsrummet\/","title":{"rendered":"TRUUSK 2-delat Set Av Stapelbara Sidobord &#8211; Svarta Nattbord och Soffbord &#8211; Modern Design med St\u00e5lben &#8211; Perfekt f\u00f6r Vardagsrummet"},"content":{"rendered":"<p>Ut\u00f6ka ditt vardagsrum eller kontor stilfullt med praktiskt f\u00f6rvaringsutrymme med sidobordssatsen fr\u00e5n TRUUSK! Den inneh\u00e5ller ett litet och ett st\u00f6rre sidobord som kan staplas inuti varandra f\u00f6r att spara utrymme. Den robusta och st\u00f6ts\u00e4kra bordsplattan av h\u00e4rdat glas kan enkelt reng\u00f6ras med en fuktig och sedan torr trasa. Detta m\u00e5ngsidiga sidobordssats f\u00f6rb\u00e4ttrar omedelbart ditt utrymme.<\/p>\n<p>Beskrivning:<\/p>\n<ul>\n<li> Tv\u00e5 sidobord i olika storlekar uppfyller dina behov<\/li>\n<li> Det staplingsbara designen g\u00f6r sidobordssatsen utrymmesbesparande<\/li>\n<li> Pulverlackerad st\u00e5lram f\u00f6r en stabil och st\u00f6djande bas<\/li>\n<li> Halkfria fotdynor p\u00e5 botten f\u00f6rhindrar repor p\u00e5 ditt golv<\/li>\n<li> Maximal belastning 10 kg per sidobord, montering kr\u00e4vs<\/li>\n<\/ul>\n<p> Tekniska data:<\/p>\n<ul>\n<li> F\u00e4rg: Svart<\/li>\n<li> Material: St\u00e5l, h\u00e4rdat glas<\/li>\n<li> Stora bordets dimensioner: 42L x 42B x 51H cm<\/li>\n<li> Lilla bordets dimensioner: 33L x 33B x 45,5H cm<\/li>\n<li> B\u00e4rkapacitet: 10 kg (per bord)<\/li>\n<\/ul>\n<p>Leveransinneh\u00e5ll:<\/p>\n<ul>\n<li> 2 x sidobord<\/li>\n<li> 1 x handbok<\/li>\n<\/ul>\n","protected":false},"excerpt":{"rendered":"<p>Ut\u00f6ka ditt vardagsrum eller kontor stilfullt med praktiskt f\u00f6rvaringsutrymme med sidobordssatsen fr\u00e5n TRUUSK! Den inneh\u00e5ller ett litet och ett st\u00f6rre&#8230;<\/p>\n","protected":false},"featured_media":94562,"template":"","meta":[],"product_brand":[],"product_cat":[871,957,910],"product_tag":[],"class_list":{"0":"post-94571","1":"product","2":"type-product","3":"status-publish","4":"has-post-thumbnail","6":"product_cat-hus-hem","7":"product_cat-sidobord","8":"product_cat-vardagsrum","10":"first","11":"instock","12":"sale","13":"taxable","14":"shipping-taxable","15":"purchasable","16":"product-type-simple"},"yoast_head":"<!-- This site is optimized with the Yoast SEO plugin v25.4 - https:\/\/yoast.com\/wordpress\/plugins\/seo\/ -->\n<title>TRUUSK 2-delat Set Av Stapelbara Sidobord - Svarta Nattbord och Soffbord - Modern Design med St\u00e5lben - Perfekt f\u00f6r Vardagsrummet - TRUUSK - Hem, Tr\u00e4dg\u00e5rd &amp; Fritid<\/title>\n<meta name=\"robots\" content=\"index, follow, max-snippet:-1, max-image-preview:large, max-video-preview:-1\" \/>\n<link rel=\"canonical\" href=\"https:\/\/truusk.store\/sv\/produkt\/truusk-2-delat-set-av-stapelbara-sidobord-svarta-nattbord-och-soffbord-modern-design-med-stalben-perfekt-for-vardagsrummet\/\" \/>\n<meta property=\"og:locale\" content=\"sv_SE\" \/>\n<meta property=\"og:type\" content=\"article\" \/>\n<meta property=\"og:title\" content=\"TRUUSK 2-delat Set Av Stapelbara Sidobord - Svarta Nattbord och Soffbord - Modern Design med St\u00e5lben - Perfekt f\u00f6r Vardagsrummet - TRUUSK - Hem, Tr\u00e4dg\u00e5rd &amp; Fritid\" \/>\n<meta property=\"og:description\" content=\"Ut\u00f6ka ditt vardagsrum eller kontor stilfullt med praktiskt f\u00f6rvaringsutrymme med sidobordssatsen fr\u00e5n TRUUSK! Den inneh\u00e5ller ett litet och ett st\u00f6rre...\" \/>\n<meta property=\"og:url\" content=\"https:\/\/truusk.store\/sv\/produkt\/truusk-2-delat-set-av-stapelbara-sidobord-svarta-nattbord-och-soffbord-modern-design-med-stalben-perfekt-for-vardagsrummet\/\" \/>\n<meta property=\"og:site_name\" content=\"TRUUSK - Hem, Tr\u00e4dg\u00e5rd &amp; Fritid\" \/>\n<meta property=\"article:modified_time\" content=\"2026-03-12T08:31:37+00:00\" \/>\n<meta property=\"og:image\" content=\"https:\/\/i0.wp.com\/truusk.se\/wp-content\/uploads\/2025\/11\/2-delat-set-av-stapelbara-sidobord-nattbord-soffbord-med-stalben-modernt-for-vardagsrum-svart-1.webp?fit=2000%2C2000&ssl=1\" \/>\n\t<meta property=\"og:image:width\" content=\"2000\" \/>\n\t<meta property=\"og:image:height\" content=\"2000\" \/>\n\t<meta property=\"og:image:type\" content=\"image\/webp\" \/>\n<meta name=\"twitter:card\" content=\"summary_large_image\" \/>\n<meta name=\"twitter:label1\" content=\"Ber\u00e4knad l\u00e4stid\" \/>\n\t<meta name=\"twitter:data1\" content=\"1 minut\" \/>\n<!-- \/ Yoast SEO plugin. -->","yoast_head_json":{"title":"TRUUSK 2-delat Set Av Stapelbara Sidobord - Svarta Nattbord och Soffbord - Modern Design med St\u00e5lben - Perfekt f\u00f6r Vardagsrummet - TRUUSK - Hem, Tr\u00e4dg\u00e5rd &amp; Fritid","robots":{"index":"index","follow":"follow","max-snippet":"max-snippet:-1","max-image-preview":"max-image-preview:large","max-video-preview":"max-video-preview:-1"},"canonical":"https:\/\/truusk.store\/sv\/produkt\/truusk-2-delat-set-av-stapelbara-sidobord-svarta-nattbord-och-soffbord-modern-design-med-stalben-perfekt-for-vardagsrummet\/","og_locale":"sv_SE","og_type":"article","og_title":"TRUUSK 2-delat Set Av Stapelbara Sidobord - Svarta Nattbord och Soffbord - Modern Design med St\u00e5lben - Perfekt f\u00f6r Vardagsrummet - TRUUSK - Hem, Tr\u00e4dg\u00e5rd &amp; Fritid","og_description":"Ut\u00f6ka ditt vardagsrum eller kontor stilfullt med praktiskt f\u00f6rvaringsutrymme med sidobordssatsen fr\u00e5n TRUUSK! Den inneh\u00e5ller ett litet och ett st\u00f6rre...","og_url":"https:\/\/truusk.store\/sv\/produkt\/truusk-2-delat-set-av-stapelbara-sidobord-svarta-nattbord-och-soffbord-modern-design-med-stalben-perfekt-for-vardagsrummet\/","og_site_name":"TRUUSK - Hem, Tr\u00e4dg\u00e5rd &amp; Fritid","article_modified_time":"2026-03-12T08:31:37+00:00","og_image":[{"width":2000,"height":2000,"url":"https:\/\/i0.wp.com\/truusk.se\/wp-content\/uploads\/2025\/11\/2-delat-set-av-stapelbara-sidobord-nattbord-soffbord-med-stalben-modernt-for-vardagsrum-svart-1.webp?fit=2000%2C2000&ssl=1","type":"image\/webp"}],"twitter_card":"summary_large_image","twitter_misc":{"Ber\u00e4knad l\u00e4stid":"1 minut"},"schema":{"@context":"https:\/\/schema.org","@graph":[{"@type":"WebPage","@id":"https:\/\/truusk.store\/sv\/produkt\/truusk-2-delat-set-av-stapelbara-sidobord-svarta-nattbord-och-soffbord-modern-design-med-stalben-perfekt-for-vardagsrummet\/","url":"https:\/\/truusk.store\/sv\/produkt\/truusk-2-delat-set-av-stapelbara-sidobord-svarta-nattbord-och-soffbord-modern-design-med-stalben-perfekt-for-vardagsrummet\/","name":"TRUUSK 2-delat Set Av Stapelbara Sidobord - Svarta Nattbord och Soffbord - Modern Design med St\u00e5lben - Perfekt f\u00f6r Vardagsrummet - TRUUSK - Hem, Tr\u00e4dg\u00e5rd &amp; Fritid","isPartOf":{"@id":"https:\/\/truusk.store\/sv\/#website"},"primaryImageOfPage":{"@id":"https:\/\/truusk.store\/sv\/produkt\/truusk-2-delat-set-av-stapelbara-sidobord-svarta-nattbord-och-soffbord-modern-design-med-stalben-perfekt-for-vardagsrummet\/#primaryimage"},"image":{"@id":"https:\/\/truusk.store\/sv\/produkt\/truusk-2-delat-set-av-stapelbara-sidobord-svarta-nattbord-och-soffbord-modern-design-med-stalben-perfekt-for-vardagsrummet\/#primaryimage"},"thumbnailUrl":"https:\/\/i0.wp.com\/truusk.store\/wp-content\/uploads\/2025\/11\/2-delat-set-av-stapelbara-sidobord-nattbord-soffbord-med-stalben-modernt-for-vardagsrum-svart-1.webp?fit=2000%2C2000&ssl=1","datePublished":"2025-11-10T11:17:38+00:00","dateModified":"2026-03-12T08:31:37+00:00","breadcrumb":{"@id":"https:\/\/truusk.store\/sv\/produkt\/truusk-2-delat-set-av-stapelbara-sidobord-svarta-nattbord-och-soffbord-modern-design-med-stalben-perfekt-for-vardagsrummet\/#breadcrumb"},"inLanguage":"sv-SE","potentialAction":[{"@type":"ReadAction","target":["https:\/\/truusk.store\/sv\/produkt\/truusk-2-delat-set-av-stapelbara-sidobord-svarta-nattbord-och-soffbord-modern-design-med-stalben-perfekt-for-vardagsrummet\/"]}]},{"@type":"ImageObject","inLanguage":"sv-SE","@id":"https:\/\/truusk.store\/sv\/produkt\/truusk-2-delat-set-av-stapelbara-sidobord-svarta-nattbord-och-soffbord-modern-design-med-stalben-perfekt-for-vardagsrummet\/#primaryimage","url":"https:\/\/i0.wp.com\/truusk.store\/wp-content\/uploads\/2025\/11\/2-delat-set-av-stapelbara-sidobord-nattbord-soffbord-med-stalben-modernt-for-vardagsrum-svart-1.webp?fit=2000%2C2000&ssl=1","contentUrl":"https:\/\/i0.wp.com\/truusk.store\/wp-content\/uploads\/2025\/11\/2-delat-set-av-stapelbara-sidobord-nattbord-soffbord-med-stalben-modernt-for-vardagsrum-svart-1.webp?fit=2000%2C2000&ssl=1","width":2000,"height":2000},{"@type":"BreadcrumbList","@id":"https:\/\/truusk.store\/sv\/produkt\/truusk-2-delat-set-av-stapelbara-sidobord-svarta-nattbord-och-soffbord-modern-design-med-stalben-perfekt-for-vardagsrummet\/#breadcrumb","itemListElement":[{"@type":"ListItem","position":1,"name":"Home","item":"https:\/\/truusk.store\/sv\/"},{"@type":"ListItem","position":2,"name":"Shop","item":"https:\/\/truusk.store\/shop\/"},{"@type":"ListItem","position":3,"name":"TRUUSK 2-delat Set Av Stapelbara Sidobord &#8211; Svarta Nattbord och Soffbord &#8211; Modern Design med St\u00e5lben &#8211; Perfekt f\u00f6r Vardagsrummet"}]},{"@type":"WebSite","@id":"https:\/\/truusk.store\/sv\/#website","url":"https:\/\/truusk.store\/sv\/","name":"TRUUSK - Hem, Tr\u00e4dg\u00e5rd & Fritid","description":"","publisher":{"@id":"https:\/\/truusk.store\/sv\/#organization"},"potentialAction":[{"@type":"SearchAction","target":{"@type":"EntryPoint","urlTemplate":"https:\/\/truusk.store\/sv\/?s={search_term_string}"},"query-input":{"@type":"PropertyValueSpecification","valueRequired":true,"valueName":"search_term_string"}}],"inLanguage":"sv-SE"},{"@type":"Organization","@id":"https:\/\/truusk.store\/sv\/#organization","name":"TRUUSK - Hem, Tr\u00e4dg\u00e5rd & Fritid","url":"https:\/\/truusk.store\/sv\/","logo":{"@type":"ImageObject","inLanguage":"sv-SE","@id":"https:\/\/truusk.store\/sv\/#\/schema\/logo\/image\/","url":"https:\/\/i0.wp.com\/truusk.store\/wp-content\/uploads\/2026\/03\/cropped-TRUUSK.png?fit=2032%2C917&ssl=1","contentUrl":"https:\/\/i0.wp.com\/truusk.store\/wp-content\/uploads\/2026\/03\/cropped-TRUUSK.png?fit=2032%2C917&ssl=1","width":2032,"height":917,"caption":"TRUUSK - Hem, Tr\u00e4dg\u00e5rd & Fritid"},"image":{"@id":"https:\/\/truusk.store\/sv\/#\/schema\/logo\/image\/"}}]}},"jetpack_sharing_enabled":true,"_links":{"self":[{"href":"https:\/\/truusk.store\/sv\/wp-json\/wp\/v2\/product\/94571","targetHints":{"allow":["GET"]}}],"collection":[{"href":"https:\/\/truusk.store\/sv\/wp-json\/wp\/v2\/product"}],"about":[{"href":"https:\/\/truusk.store\/sv\/wp-json\/wp\/v2\/types\/product"}],"wp:featuredmedia":[{"embeddable":true,"href":"https:\/\/truusk.store\/sv\/wp-json\/wp\/v2\/media\/94562"}],"wp:attachment":[{"href":"https:\/\/truusk.store\/sv\/wp-json\/wp\/v2\/media?parent=94571"}],"wp:term":[{"taxonomy":"product_brand","embeddable":true,"href":"https:\/\/truusk.store\/sv\/wp-json\/wp\/v2\/product_brand?post=94571"},{"taxonomy":"product_cat","embeddable":true,"href":"https:\/\/truusk.store\/sv\/wp-json\/wp\/v2\/product_cat?post=94571"},{"taxonomy":"product_tag","embeddable":true,"href":"https:\/\/truusk.store\/sv\/wp-json\/wp\/v2\/product_tag?post=94571"}],"curies":[{"name":"wp","href":"https:\/\/api.w.org\/{rel}","templated":true}]}}