{"id":94581,"date":"2025-11-10T12:18:48","date_gmt":"2025-11-10T11:18:48","guid":{"rendered":"https:\/\/truusk.store\/product\/smadjurshus-med-rastgard-grantra-147-x-54-x-84-cm-gra\/"},"modified":"2026-03-12T08:58:24","modified_gmt":"2026-03-12T07:58:24","slug":"truusk-smadjurshus-med-rastgard-grantra-147-x-54-x-84-cm-gra","status":"publish","type":"product","link":"https:\/\/truusk.store\/sv\/produkt\/truusk-smadjurshus-med-rastgard-grantra-147-x-54-x-84-cm-gra\/","title":{"rendered":"TRUUSK Sm\u00e5djurshus med Rastg\u00e5rd &#8211; Grantr\u00e4 &#8211; 147 x 54 x 84 cm &#8211; Gr\u00e5"},"content":{"rendered":"<p> Oavsett om det \u00e4r dv\u00e4rgkaniner eller andra sm\u00e5djur &#8211; detta m\u00e5ngsidiga kaninhus fr\u00e5n TRUUSK \u00e4r det perfekta hemmet! De tv\u00e5 l\u00e5sbara framd\u00f6rrarna och bottenbrickan p\u00e5 sm\u00e5djursomr\u00e5det ger dig enkel tillg\u00e5ng till matning och reng\u00f6ring. Gaveltaket med bitumenfilt p\u00e5 sm\u00e5djursstallet \u00e4r v\u00e4derbest\u00e4ndigt och f\u00f6rhindrar ansamling av nederb\u00f6rd. G\u00f6r dig sj\u00e4lv och dina djur glada med detta vackra och mysiga hus! <\/p>\n<p> Beskrivning: <\/p>\n<ul>\n<li> Bostadsomr\u00e5de och frig\u00e5ng gjorda av h\u00f6gkvalitativt grantr\u00e4 i v\u00e4rdefullt utf\u00f6rande <\/li>\n<li> Kaninhusets tak med v\u00e4derbest\u00e4ndig bitumenfilt skyddar mot regn och sol (kan inte \u00f6ppnas) <\/li>\n<li> F\u00f6rzinkat n\u00e4t p\u00e5 kaninhuset f\u00f6r god luftcirkulation och skydd mot rovdjur <\/li>\n<li> Mer s\u00e4kerhet genom l\u00e5sbara d\u00f6rrar p\u00e5 sm\u00e5djursomr\u00e5det <\/li>\n<li> Avtagbar bottenbricka p\u00e5 sm\u00e5djursstallet f\u00f6r enkel reng\u00f6ring <\/li>\n<li> Inuti med en redplats f\u00f6r \u00e4ggproduktion <\/li>\n<li> Idealisk f\u00f6r dv\u00e4rgkaniner, marsvin och andra sm\u00e5djur <\/li>\n<li> Enkel montering <\/li>\n<\/ul>\n<p> Tekniska data: <\/p>\n<ul>\n<li> Material: Grantr\u00e4, metall, bitumenfilt <\/li>\n<li> F\u00e4rg: Gr\u00e5 + Vit <\/li>\n<li> Totala m\u00e5tt: 147L x 54B x 84H cm <\/li>\n<li> Husm\u00e5tt: 69L x 43,5B x 50H cm <\/li>\n<li> M\u00e5tt p\u00e5 husd\u00f6rren: 32B x 24,5H cm <\/li>\n<li> M\u00e5tt p\u00e5 frig\u00e5ngen: 69L x 43,5B x 31H cm (Under), 68,5L x 43,5B x 61,5H cm (Sidor) <\/li>\n<li> M\u00e5tt p\u00e5 frig\u00e5ngsd\u00f6rren: 29B x 25H cm (Under), 29,5B x 44H cm (Sidor) <\/li>\n<li> M\u00e5tt p\u00e5 l\u00f6pramp: 58L x 14B cm <\/li>\n<li> M\u00e5tt p\u00e5 matbricka: 62,3L x 42B cm <\/li>\n<\/ul>\n<p> Leveransinneh\u00e5ll: <\/p>\n<ul>\n<li> 1 x Sm\u00e5djursstall <\/li>\n<li> 1 x Monteringsanvisning <\/li>\n<\/ul>\n","protected":false},"excerpt":{"rendered":"<p>Oavsett om det \u00e4r dv\u00e4rgkaniner eller andra sm\u00e5djur &#8211; detta m\u00e5ngsidiga kaninhus fr\u00e5n TRUUSK \u00e4r det perfekta hemmet! De tv\u00e5&#8230;<\/p>\n","protected":false},"featured_media":94572,"template":"","meta":[],"product_brand":[],"product_cat":[878,598,597],"product_tag":[],"class_list":{"0":"post-94581","1":"product","2":"type-product","3":"status-publish","4":"has-post-thumbnail","6":"product_cat-djurbehov","7":"product_cat-sma-djurstallar","8":"product_cat-sma-djurtillbehor","10":"first","11":"instock","12":"sale","13":"taxable","14":"shipping-taxable","15":"purchasable","16":"product-type-simple"},"yoast_head":"<!-- This site is optimized with the Yoast SEO plugin v25.4 - https:\/\/yoast.com\/wordpress\/plugins\/seo\/ -->\n<title>TRUUSK Sm\u00e5djurshus med Rastg\u00e5rd - Grantr\u00e4 - 147 x 54 x 84 cm - Gr\u00e5 - TRUUSK - Hem, Tr\u00e4dg\u00e5rd &amp; Fritid<\/title>\n<meta name=\"robots\" content=\"index, follow, max-snippet:-1, max-image-preview:large, max-video-preview:-1\" \/>\n<link rel=\"canonical\" href=\"https:\/\/truusk.store\/sv\/produkt\/truusk-smadjurshus-med-rastgard-grantra-147-x-54-x-84-cm-gra\/\" \/>\n<meta property=\"og:locale\" content=\"sv_SE\" \/>\n<meta property=\"og:type\" content=\"article\" \/>\n<meta property=\"og:title\" content=\"TRUUSK Sm\u00e5djurshus med Rastg\u00e5rd - Grantr\u00e4 - 147 x 54 x 84 cm - Gr\u00e5 - TRUUSK - Hem, Tr\u00e4dg\u00e5rd &amp; Fritid\" \/>\n<meta property=\"og:description\" content=\"Oavsett om det \u00e4r dv\u00e4rgkaniner eller andra sm\u00e5djur &#8211; detta m\u00e5ngsidiga kaninhus fr\u00e5n TRUUSK \u00e4r det perfekta hemmet! De tv\u00e5...\" \/>\n<meta property=\"og:url\" content=\"https:\/\/truusk.store\/sv\/produkt\/truusk-smadjurshus-med-rastgard-grantra-147-x-54-x-84-cm-gra\/\" \/>\n<meta property=\"og:site_name\" content=\"TRUUSK - Hem, Tr\u00e4dg\u00e5rd &amp; Fritid\" \/>\n<meta property=\"article:modified_time\" content=\"2026-03-12T07:58:24+00:00\" \/>\n<meta property=\"og:image\" content=\"https:\/\/i0.wp.com\/truusk.se\/wp-content\/uploads\/2025\/11\/smadjurshus-med-rastgard-grantra-147-x-54-x-84-cm-gra-1.webp?fit=2000%2C2000&ssl=1\" \/>\n\t<meta property=\"og:image:width\" content=\"2000\" \/>\n\t<meta property=\"og:image:height\" content=\"2000\" \/>\n\t<meta property=\"og:image:type\" content=\"image\/webp\" \/>\n<meta name=\"twitter:card\" content=\"summary_large_image\" \/>\n<meta name=\"twitter:label1\" content=\"Ber\u00e4knad l\u00e4stid\" \/>\n\t<meta name=\"twitter:data1\" content=\"1 minut\" \/>\n<!-- \/ Yoast SEO plugin. -->","yoast_head_json":{"title":"TRUUSK Sm\u00e5djurshus med Rastg\u00e5rd - Grantr\u00e4 - 147 x 54 x 84 cm - Gr\u00e5 - TRUUSK - Hem, Tr\u00e4dg\u00e5rd &amp; Fritid","robots":{"index":"index","follow":"follow","max-snippet":"max-snippet:-1","max-image-preview":"max-image-preview:large","max-video-preview":"max-video-preview:-1"},"canonical":"https:\/\/truusk.store\/sv\/produkt\/truusk-smadjurshus-med-rastgard-grantra-147-x-54-x-84-cm-gra\/","og_locale":"sv_SE","og_type":"article","og_title":"TRUUSK Sm\u00e5djurshus med Rastg\u00e5rd - Grantr\u00e4 - 147 x 54 x 84 cm - Gr\u00e5 - TRUUSK - Hem, Tr\u00e4dg\u00e5rd &amp; Fritid","og_description":"Oavsett om det \u00e4r dv\u00e4rgkaniner eller andra sm\u00e5djur &#8211; detta m\u00e5ngsidiga kaninhus fr\u00e5n TRUUSK \u00e4r det perfekta hemmet! De tv\u00e5...","og_url":"https:\/\/truusk.store\/sv\/produkt\/truusk-smadjurshus-med-rastgard-grantra-147-x-54-x-84-cm-gra\/","og_site_name":"TRUUSK - Hem, Tr\u00e4dg\u00e5rd &amp; Fritid","article_modified_time":"2026-03-12T07:58:24+00:00","og_image":[{"width":2000,"height":2000,"url":"https:\/\/i0.wp.com\/truusk.se\/wp-content\/uploads\/2025\/11\/smadjurshus-med-rastgard-grantra-147-x-54-x-84-cm-gra-1.webp?fit=2000%2C2000&ssl=1","type":"image\/webp"}],"twitter_card":"summary_large_image","twitter_misc":{"Ber\u00e4knad l\u00e4stid":"1 minut"},"schema":{"@context":"https:\/\/schema.org","@graph":[{"@type":"WebPage","@id":"https:\/\/truusk.store\/sv\/produkt\/truusk-smadjurshus-med-rastgard-grantra-147-x-54-x-84-cm-gra\/","url":"https:\/\/truusk.store\/sv\/produkt\/truusk-smadjurshus-med-rastgard-grantra-147-x-54-x-84-cm-gra\/","name":"TRUUSK Sm\u00e5djurshus med Rastg\u00e5rd - Grantr\u00e4 - 147 x 54 x 84 cm - Gr\u00e5 - TRUUSK - Hem, Tr\u00e4dg\u00e5rd &amp; Fritid","isPartOf":{"@id":"https:\/\/truusk.store\/sv\/#website"},"primaryImageOfPage":{"@id":"https:\/\/truusk.store\/sv\/produkt\/truusk-smadjurshus-med-rastgard-grantra-147-x-54-x-84-cm-gra\/#primaryimage"},"image":{"@id":"https:\/\/truusk.store\/sv\/produkt\/truusk-smadjurshus-med-rastgard-grantra-147-x-54-x-84-cm-gra\/#primaryimage"},"thumbnailUrl":"https:\/\/i0.wp.com\/truusk.store\/wp-content\/uploads\/2025\/11\/smadjurshus-med-rastgard-grantra-147-x-54-x-84-cm-gra-1.webp?fit=2000%2C2000&ssl=1","datePublished":"2025-11-10T11:18:48+00:00","dateModified":"2026-03-12T07:58:24+00:00","breadcrumb":{"@id":"https:\/\/truusk.store\/sv\/produkt\/truusk-smadjurshus-med-rastgard-grantra-147-x-54-x-84-cm-gra\/#breadcrumb"},"inLanguage":"sv-SE","potentialAction":[{"@type":"ReadAction","target":["https:\/\/truusk.store\/sv\/produkt\/truusk-smadjurshus-med-rastgard-grantra-147-x-54-x-84-cm-gra\/"]}]},{"@type":"ImageObject","inLanguage":"sv-SE","@id":"https:\/\/truusk.store\/sv\/produkt\/truusk-smadjurshus-med-rastgard-grantra-147-x-54-x-84-cm-gra\/#primaryimage","url":"https:\/\/i0.wp.com\/truusk.store\/wp-content\/uploads\/2025\/11\/smadjurshus-med-rastgard-grantra-147-x-54-x-84-cm-gra-1.webp?fit=2000%2C2000&ssl=1","contentUrl":"https:\/\/i0.wp.com\/truusk.store\/wp-content\/uploads\/2025\/11\/smadjurshus-med-rastgard-grantra-147-x-54-x-84-cm-gra-1.webp?fit=2000%2C2000&ssl=1","width":2000,"height":2000},{"@type":"BreadcrumbList","@id":"https:\/\/truusk.store\/sv\/produkt\/truusk-smadjurshus-med-rastgard-grantra-147-x-54-x-84-cm-gra\/#breadcrumb","itemListElement":[{"@type":"ListItem","position":1,"name":"Home","item":"https:\/\/truusk.store\/sv\/"},{"@type":"ListItem","position":2,"name":"Shop","item":"https:\/\/truusk.store\/shop\/"},{"@type":"ListItem","position":3,"name":"TRUUSK Sm\u00e5djurshus med Rastg\u00e5rd &#8211; Grantr\u00e4 &#8211; 147 x 54 x 84 cm &#8211; Gr\u00e5"}]},{"@type":"WebSite","@id":"https:\/\/truusk.store\/sv\/#website","url":"https:\/\/truusk.store\/sv\/","name":"TRUUSK - Hem, Tr\u00e4dg\u00e5rd & Fritid","description":"","publisher":{"@id":"https:\/\/truusk.store\/sv\/#organization"},"potentialAction":[{"@type":"SearchAction","target":{"@type":"EntryPoint","urlTemplate":"https:\/\/truusk.store\/sv\/?s={search_term_string}"},"query-input":{"@type":"PropertyValueSpecification","valueRequired":true,"valueName":"search_term_string"}}],"inLanguage":"sv-SE"},{"@type":"Organization","@id":"https:\/\/truusk.store\/sv\/#organization","name":"TRUUSK - Hem, Tr\u00e4dg\u00e5rd & Fritid","url":"https:\/\/truusk.store\/sv\/","logo":{"@type":"ImageObject","inLanguage":"sv-SE","@id":"https:\/\/truusk.store\/sv\/#\/schema\/logo\/image\/","url":"https:\/\/i0.wp.com\/truusk.store\/wp-content\/uploads\/2026\/03\/cropped-TRUUSK.png?fit=2032%2C917&ssl=1","contentUrl":"https:\/\/i0.wp.com\/truusk.store\/wp-content\/uploads\/2026\/03\/cropped-TRUUSK.png?fit=2032%2C917&ssl=1","width":2032,"height":917,"caption":"TRUUSK - Hem, Tr\u00e4dg\u00e5rd & Fritid"},"image":{"@id":"https:\/\/truusk.store\/sv\/#\/schema\/logo\/image\/"}}]}},"jetpack_sharing_enabled":true,"_links":{"self":[{"href":"https:\/\/truusk.store\/sv\/wp-json\/wp\/v2\/product\/94581","targetHints":{"allow":["GET"]}}],"collection":[{"href":"https:\/\/truusk.store\/sv\/wp-json\/wp\/v2\/product"}],"about":[{"href":"https:\/\/truusk.store\/sv\/wp-json\/wp\/v2\/types\/product"}],"wp:featuredmedia":[{"embeddable":true,"href":"https:\/\/truusk.store\/sv\/wp-json\/wp\/v2\/media\/94572"}],"wp:attachment":[{"href":"https:\/\/truusk.store\/sv\/wp-json\/wp\/v2\/media?parent=94581"}],"wp:term":[{"taxonomy":"product_brand","embeddable":true,"href":"https:\/\/truusk.store\/sv\/wp-json\/wp\/v2\/product_brand?post=94581"},{"taxonomy":"product_cat","embeddable":true,"href":"https:\/\/truusk.store\/sv\/wp-json\/wp\/v2\/product_cat?post=94581"},{"taxonomy":"product_tag","embeddable":true,"href":"https:\/\/truusk.store\/sv\/wp-json\/wp\/v2\/product_tag?post=94581"}],"curies":[{"name":"wp","href":"https:\/\/api.w.org\/{rel}","templated":true}]}}