{"id":9459,"date":"2024-02-13T09:45:29","date_gmt":"2024-02-13T08:45:29","guid":{"rendered":"https:\/\/truusk.store\/product\/4-sidodelar-for-3x4-m-paviljong-med-krokar-sidovaggar-for-tradgardspaviljong-partytalt-polyesterbeige-352-x-205-cm\/"},"modified":"2026-03-12T08:56:08","modified_gmt":"2026-03-12T07:56:08","slug":"truusk-sidovaggar-3x4-m-paviljong-set-av-4-polyesterbeige-med-krokar-for-tradgardspaviljong-partytalt-352-x-205-cm","status":"publish","type":"product","link":"https:\/\/truusk.store\/sv\/produkt\/truusk-sidovaggar-3x4-m-paviljong-set-av-4-polyesterbeige-med-krokar-for-tradgardspaviljong-partytalt-352-x-205-cm\/","title":{"rendered":"TRUUSK Sidov\u00e4ggar 3&#215;4 M Paviljong &#8211; Set av 4 &#8211; Polyesterbeige &#8211; Med Krokar &#8211; F\u00f6r Tr\u00e4dg\u00e5rdspaviljong Partyt\u00e4lt &#8211; 352 x 205 cm"},"content":{"rendered":"<p>F\u00f6rl\u00e4ng livet p\u00e5 ditt lusthus och njut av din tr\u00e4dg\u00e5rd till fullo &#8211; byt bara ut dina gamla sidov\u00e4ggar med dessa fyra helt nya sidopaneler. Varje gardin \u00e4r gjord av tjock polyester f\u00f6r att s\u00e4kerst\u00e4lla h\u00e5llbarhet. Den erbjuder behaglig avskildhet och h\u00e5ller interi\u00f6ren torr och skyddad. Gardinerna g\u00e5r snabbt och enkelt att s\u00e4tta upp och ta ner. S\u00e5 inget st\u00e5r i v\u00e4gen f\u00f6r din tr\u00e4dg\u00e5rdsfest!<\/p>\n<h3>Beskrivning:<\/h3>\n<ul>\n<li>Kardborrekn\u00e4ppning f\u00f6r enkel montering n\u00e4r den inte anv\u00e4nds<\/li>\n<li>Slitstark och l\u00e5ngvarig polyester skyddar dig inuti<\/li>\n<li>Dubbelsidig dragkedja f\u00f6r enkel \u00f6ppning och st\u00e4ngning<\/li>\n<li>C-ringar f\u00f6r fyrkantiga\/rundade st\u00e4nger och krokar f\u00f6r glidskenor ing\u00e5r<\/li>\n<li>L\u00e4mplig f\u00f6r de flesta 3x3m lusthus<\/li>\n<li>Tv\u00e4tta inte<\/li>\n<li>Obs: m\u00e4t paviljongens ram innan du k\u00f6per<\/li>\n<\/ul>\n<h3>Teknisk data:<\/h3>\n<ul>\n<li>F\u00e4rg beige<\/li>\n<li>Material: 100% polyester<\/li>\n<li>G\u00e4ller de flesta 3x4m tr\u00e4dg\u00e5rdspaviljonger<\/li>\n<li>M\u00e5tt per sidov\u00e4gg: 302L x 205H cm<\/li>\n<li>Tillbeh\u00f6r: sidov\u00e4ggar x 4, C-ringar x 40, krokar x 40<\/li>\n<\/ul>\n<h3>Leveransens omfattning:<\/h3>\n<ul>\n<li>4 x sidov\u00e4ggar<\/li>\n<li>40 x C-ringar<\/li>\n<li>40 x krokar<\/li>\n<\/ul>\n","protected":false},"excerpt":{"rendered":"<p>F\u00f6rl\u00e4ng livet p\u00e5 ditt lusthus och njut av din tr\u00e4dg\u00e5rd till fullo &#8211; byt bara ut dina gamla sidov\u00e4ggar med&#8230;<\/p>\n","protected":false},"featured_media":9460,"template":"","meta":[],"product_brand":[],"product_cat":[473,471,435],"product_tag":[],"class_list":{"0":"post-9459","1":"product","2":"type-product","3":"status-publish","4":"has-post-thumbnail","6":"product_cat-markiser","7":"product_cat-solskydd-integritetsskydd","8":"product_cat-tradgard-och-terrass","10":"first","11":"instock","12":"sale","13":"taxable","14":"shipping-taxable","15":"purchasable","16":"product-type-simple"},"yoast_head":"<!-- This site is optimized with the Yoast SEO plugin v25.4 - https:\/\/yoast.com\/wordpress\/plugins\/seo\/ -->\n<title>TRUUSK Sidov\u00e4ggar 3x4 M Paviljong - Set av 4 - Polyesterbeige - Med Krokar - F\u00f6r Tr\u00e4dg\u00e5rdspaviljong Partyt\u00e4lt - 352 x 205 cm - TRUUSK - Hem, Tr\u00e4dg\u00e5rd &amp; Fritid<\/title>\n<meta name=\"robots\" content=\"index, follow, max-snippet:-1, max-image-preview:large, max-video-preview:-1\" \/>\n<link rel=\"canonical\" href=\"https:\/\/truusk.store\/sv\/produkt\/truusk-sidovaggar-3x4-m-paviljong-set-av-4-polyesterbeige-med-krokar-for-tradgardspaviljong-partytalt-352-x-205-cm\/\" \/>\n<meta property=\"og:locale\" content=\"sv_SE\" \/>\n<meta property=\"og:type\" content=\"article\" \/>\n<meta property=\"og:title\" content=\"TRUUSK Sidov\u00e4ggar 3x4 M Paviljong - Set av 4 - Polyesterbeige - Med Krokar - F\u00f6r Tr\u00e4dg\u00e5rdspaviljong Partyt\u00e4lt - 352 x 205 cm - TRUUSK - Hem, Tr\u00e4dg\u00e5rd &amp; Fritid\" \/>\n<meta property=\"og:description\" content=\"F\u00f6rl\u00e4ng livet p\u00e5 ditt lusthus och njut av din tr\u00e4dg\u00e5rd till fullo &#8211; byt bara ut dina gamla sidov\u00e4ggar med...\" \/>\n<meta property=\"og:url\" content=\"https:\/\/truusk.store\/sv\/produkt\/truusk-sidovaggar-3x4-m-paviljong-set-av-4-polyesterbeige-med-krokar-for-tradgardspaviljong-partytalt-352-x-205-cm\/\" \/>\n<meta property=\"og:site_name\" content=\"TRUUSK - Hem, Tr\u00e4dg\u00e5rd &amp; Fritid\" \/>\n<meta property=\"article:modified_time\" content=\"2026-03-12T07:56:08+00:00\" \/>\n<meta property=\"og:image\" content=\"https:\/\/i0.wp.com\/truusk.se\/wp-content\/uploads\/2024\/02\/4-sidodelar-for-3x4-m-paviljong-med-krokar-sidovaggar-for-tradgardspaviljong-partytalt-polyesterbeige-352-x-205-cm.webp?fit=800%2C800&ssl=1\" \/>\n\t<meta property=\"og:image:width\" content=\"800\" \/>\n\t<meta property=\"og:image:height\" content=\"800\" \/>\n\t<meta property=\"og:image:type\" content=\"image\/webp\" \/>\n<meta name=\"twitter:card\" content=\"summary_large_image\" \/>\n<meta name=\"twitter:label1\" content=\"Ber\u00e4knad l\u00e4stid\" \/>\n\t<meta name=\"twitter:data1\" content=\"1 minut\" \/>\n<!-- \/ Yoast SEO plugin. -->","yoast_head_json":{"title":"TRUUSK Sidov\u00e4ggar 3x4 M Paviljong - Set av 4 - Polyesterbeige - Med Krokar - F\u00f6r Tr\u00e4dg\u00e5rdspaviljong Partyt\u00e4lt - 352 x 205 cm - TRUUSK - Hem, Tr\u00e4dg\u00e5rd &amp; Fritid","robots":{"index":"index","follow":"follow","max-snippet":"max-snippet:-1","max-image-preview":"max-image-preview:large","max-video-preview":"max-video-preview:-1"},"canonical":"https:\/\/truusk.store\/sv\/produkt\/truusk-sidovaggar-3x4-m-paviljong-set-av-4-polyesterbeige-med-krokar-for-tradgardspaviljong-partytalt-352-x-205-cm\/","og_locale":"sv_SE","og_type":"article","og_title":"TRUUSK Sidov\u00e4ggar 3x4 M Paviljong - Set av 4 - Polyesterbeige - Med Krokar - F\u00f6r Tr\u00e4dg\u00e5rdspaviljong Partyt\u00e4lt - 352 x 205 cm - TRUUSK - Hem, Tr\u00e4dg\u00e5rd &amp; Fritid","og_description":"F\u00f6rl\u00e4ng livet p\u00e5 ditt lusthus och njut av din tr\u00e4dg\u00e5rd till fullo &#8211; byt bara ut dina gamla sidov\u00e4ggar med...","og_url":"https:\/\/truusk.store\/sv\/produkt\/truusk-sidovaggar-3x4-m-paviljong-set-av-4-polyesterbeige-med-krokar-for-tradgardspaviljong-partytalt-352-x-205-cm\/","og_site_name":"TRUUSK - Hem, Tr\u00e4dg\u00e5rd &amp; Fritid","article_modified_time":"2026-03-12T07:56:08+00:00","og_image":[{"width":800,"height":800,"url":"https:\/\/i0.wp.com\/truusk.se\/wp-content\/uploads\/2024\/02\/4-sidodelar-for-3x4-m-paviljong-med-krokar-sidovaggar-for-tradgardspaviljong-partytalt-polyesterbeige-352-x-205-cm.webp?fit=800%2C800&ssl=1","type":"image\/webp"}],"twitter_card":"summary_large_image","twitter_misc":{"Ber\u00e4knad l\u00e4stid":"1 minut"},"schema":{"@context":"https:\/\/schema.org","@graph":[{"@type":"WebPage","@id":"https:\/\/truusk.store\/sv\/produkt\/truusk-sidovaggar-3x4-m-paviljong-set-av-4-polyesterbeige-med-krokar-for-tradgardspaviljong-partytalt-352-x-205-cm\/","url":"https:\/\/truusk.store\/sv\/produkt\/truusk-sidovaggar-3x4-m-paviljong-set-av-4-polyesterbeige-med-krokar-for-tradgardspaviljong-partytalt-352-x-205-cm\/","name":"TRUUSK Sidov\u00e4ggar 3x4 M Paviljong - Set av 4 - Polyesterbeige - Med Krokar - F\u00f6r Tr\u00e4dg\u00e5rdspaviljong Partyt\u00e4lt - 352 x 205 cm - TRUUSK - Hem, Tr\u00e4dg\u00e5rd &amp; Fritid","isPartOf":{"@id":"https:\/\/truusk.store\/sv\/#website"},"primaryImageOfPage":{"@id":"https:\/\/truusk.store\/sv\/produkt\/truusk-sidovaggar-3x4-m-paviljong-set-av-4-polyesterbeige-med-krokar-for-tradgardspaviljong-partytalt-352-x-205-cm\/#primaryimage"},"image":{"@id":"https:\/\/truusk.store\/sv\/produkt\/truusk-sidovaggar-3x4-m-paviljong-set-av-4-polyesterbeige-med-krokar-for-tradgardspaviljong-partytalt-352-x-205-cm\/#primaryimage"},"thumbnailUrl":"https:\/\/i0.wp.com\/truusk.store\/wp-content\/uploads\/2024\/02\/4-sidodelar-for-3x4-m-paviljong-med-krokar-sidovaggar-for-tradgardspaviljong-partytalt-polyesterbeige-352-x-205-cm.webp?fit=800%2C800&ssl=1","datePublished":"2024-02-13T08:45:29+00:00","dateModified":"2026-03-12T07:56:08+00:00","breadcrumb":{"@id":"https:\/\/truusk.store\/sv\/produkt\/truusk-sidovaggar-3x4-m-paviljong-set-av-4-polyesterbeige-med-krokar-for-tradgardspaviljong-partytalt-352-x-205-cm\/#breadcrumb"},"inLanguage":"sv-SE","potentialAction":[{"@type":"ReadAction","target":["https:\/\/truusk.store\/sv\/produkt\/truusk-sidovaggar-3x4-m-paviljong-set-av-4-polyesterbeige-med-krokar-for-tradgardspaviljong-partytalt-352-x-205-cm\/"]}]},{"@type":"ImageObject","inLanguage":"sv-SE","@id":"https:\/\/truusk.store\/sv\/produkt\/truusk-sidovaggar-3x4-m-paviljong-set-av-4-polyesterbeige-med-krokar-for-tradgardspaviljong-partytalt-352-x-205-cm\/#primaryimage","url":"https:\/\/i0.wp.com\/truusk.store\/wp-content\/uploads\/2024\/02\/4-sidodelar-for-3x4-m-paviljong-med-krokar-sidovaggar-for-tradgardspaviljong-partytalt-polyesterbeige-352-x-205-cm.webp?fit=800%2C800&ssl=1","contentUrl":"https:\/\/i0.wp.com\/truusk.store\/wp-content\/uploads\/2024\/02\/4-sidodelar-for-3x4-m-paviljong-med-krokar-sidovaggar-for-tradgardspaviljong-partytalt-polyesterbeige-352-x-205-cm.webp?fit=800%2C800&ssl=1","width":800,"height":800,"caption":"4 Sidodelar F\u00f6r 3x4 M Paviljong Med Krokar Sidov\u00e4ggar F\u00f6r Tr\u00e4dg\u00e5rdspaviljong Partyt\u00e4lt Polyesterbeige 352 X 205 Cm 1"},{"@type":"BreadcrumbList","@id":"https:\/\/truusk.store\/sv\/produkt\/truusk-sidovaggar-3x4-m-paviljong-set-av-4-polyesterbeige-med-krokar-for-tradgardspaviljong-partytalt-352-x-205-cm\/#breadcrumb","itemListElement":[{"@type":"ListItem","position":1,"name":"Home","item":"https:\/\/truusk.store\/sv\/"},{"@type":"ListItem","position":2,"name":"Shop","item":"https:\/\/truusk.store\/shop\/"},{"@type":"ListItem","position":3,"name":"TRUUSK Sidov\u00e4ggar 3&#215;4 M Paviljong &#8211; Set av 4 &#8211; Polyesterbeige &#8211; Med Krokar &#8211; F\u00f6r Tr\u00e4dg\u00e5rdspaviljong Partyt\u00e4lt &#8211; 352 x 205 cm"}]},{"@type":"WebSite","@id":"https:\/\/truusk.store\/sv\/#website","url":"https:\/\/truusk.store\/sv\/","name":"TRUUSK - Hem, Tr\u00e4dg\u00e5rd & Fritid","description":"","publisher":{"@id":"https:\/\/truusk.store\/sv\/#organization"},"potentialAction":[{"@type":"SearchAction","target":{"@type":"EntryPoint","urlTemplate":"https:\/\/truusk.store\/sv\/?s={search_term_string}"},"query-input":{"@type":"PropertyValueSpecification","valueRequired":true,"valueName":"search_term_string"}}],"inLanguage":"sv-SE"},{"@type":"Organization","@id":"https:\/\/truusk.store\/sv\/#organization","name":"TRUUSK - Hem, Tr\u00e4dg\u00e5rd & Fritid","url":"https:\/\/truusk.store\/sv\/","logo":{"@type":"ImageObject","inLanguage":"sv-SE","@id":"https:\/\/truusk.store\/sv\/#\/schema\/logo\/image\/","url":"https:\/\/i0.wp.com\/truusk.store\/wp-content\/uploads\/2026\/03\/cropped-TRUUSK.png?fit=2032%2C917&ssl=1","contentUrl":"https:\/\/i0.wp.com\/truusk.store\/wp-content\/uploads\/2026\/03\/cropped-TRUUSK.png?fit=2032%2C917&ssl=1","width":2032,"height":917,"caption":"TRUUSK - Hem, Tr\u00e4dg\u00e5rd & Fritid"},"image":{"@id":"https:\/\/truusk.store\/sv\/#\/schema\/logo\/image\/"}}]}},"jetpack_sharing_enabled":true,"_links":{"self":[{"href":"https:\/\/truusk.store\/sv\/wp-json\/wp\/v2\/product\/9459","targetHints":{"allow":["GET"]}}],"collection":[{"href":"https:\/\/truusk.store\/sv\/wp-json\/wp\/v2\/product"}],"about":[{"href":"https:\/\/truusk.store\/sv\/wp-json\/wp\/v2\/types\/product"}],"wp:featuredmedia":[{"embeddable":true,"href":"https:\/\/truusk.store\/sv\/wp-json\/wp\/v2\/media\/9460"}],"wp:attachment":[{"href":"https:\/\/truusk.store\/sv\/wp-json\/wp\/v2\/media?parent=9459"}],"wp:term":[{"taxonomy":"product_brand","embeddable":true,"href":"https:\/\/truusk.store\/sv\/wp-json\/wp\/v2\/product_brand?post=9459"},{"taxonomy":"product_cat","embeddable":true,"href":"https:\/\/truusk.store\/sv\/wp-json\/wp\/v2\/product_cat?post=9459"},{"taxonomy":"product_tag","embeddable":true,"href":"https:\/\/truusk.store\/sv\/wp-json\/wp\/v2\/product_tag?post=9459"}],"curies":[{"name":"wp","href":"https:\/\/api.w.org\/{rel}","templated":true}]}}