{"id":94611,"date":"2025-11-10T12:26:53","date_gmt":"2025-11-10T11:26:53","guid":{"rendered":"https:\/\/truusk.store\/product\/3-stegs-badrumshylla-3-handduksstanger-bamburam-a-formad-ribbhyllor\/"},"modified":"2026-03-12T09:44:21","modified_gmt":"2026-03-12T08:44:21","slug":"truusk-badrumshylla-med-3-handduksstanger-bambu-a-formad-design-3-ribbhyllor-for-badrum-hallbar-modern-naturfargad","status":"publish","type":"product","link":"https:\/\/truusk.store\/sv\/produkt\/truusk-badrumshylla-med-3-handduksstanger-bambu-a-formad-design-3-ribbhyllor-for-badrum-hallbar-modern-naturfargad\/","title":{"rendered":"TRUUSK Badrumshylla med 3 Handduksst\u00e4nger &#8211; Bambu &#8211; A-formad Design &#8211; 3 Ribbhyllor &#8211; F\u00f6r Badrum &#8211; H\u00e5llbar &#8211; Modern &#8211; Naturf\u00e4rgad"},"content":{"rendered":"<p>F\u00f6rb\u00e4ttra dina &#8217;A&#8217; lagringsf\u00f6rm\u00e5gor genom att organisera ditt badrum. Integrera denna TRUUSK badrumshylla i din inredning. Denna robusta bambuenhet \u00e4r idealisk f\u00f6r fuktiga milj\u00f6er. Denna frist\u00e5ende &#8217;A&#8217;-formade badrumshylla ger stabilitet. Utrustad med trestegs sp\u00e5r och tre handduksst\u00e4nger, underl\u00e4ttar det f\u00f6rvaring och organisering. Ett smidigt tillskott till alla badrum som beh\u00f6ver mer f\u00f6rvaringsutrymme.<\/p>\n<p>Beskrivning:<\/p>\n<ul>\n<li> Trestegs hyllor \u00f6kar effektivt f\u00f6rvaringsutrymmet<\/li>\n<li> Tre handduksst\u00e4nger p\u00e5 badrumshyllan h\u00e5ller det n\u00f6dv\u00e4ndiga l\u00e4ttillg\u00e4ngligt<\/li>\n<li> Lackad bamburam p\u00e5 badrumshyllan \u00f6kar h\u00e5llbarheten och estetisk attraktion<\/li>\n<li> &#8217;A&#8217;-formad konstruktion garanterar en balanserad och stabil positionering<\/li>\n<li> Lattichyllor fr\u00e4mjar b\u00e4ttre ventilation och dr\u00e4nering<\/li>\n<li> H\u00f6jd bas av badrumshyllan f\u00f6r enklare reng\u00f6ring<\/li>\n<li> Maximal belastning upp till 18 kg, montering kr\u00e4vs<\/li>\n<\/ul>\n<p> Tekniska data:<\/p>\n<ul>\n<li> F\u00e4rg: Naturtr\u00e4<\/li>\n<li> Material: Bambu<\/li>\n<li> Totala dimensioner: 53,5L x 30B x 153H cm<\/li>\n<li> Hyllstorlek: (nedifr\u00e5n och upp) 47B x 30T x 23H cm, 47B x 23T x 23H cm, 47B x 16T cm<\/li>\n<li> St\u00e5ngstorlek: \u00d81,8 x 50L cm<\/li>\n<li> Golv till golv h\u00f6jd: 6,5 cm<\/li>\n<li> Belastningskapacitet: 18 kg (totalt), 5 kg (per hylla), 1 kg (handduksst\u00e5ng)<\/li>\n<\/ul>\n<p>Leveransinneh\u00e5ll:<\/p>\n<ul>\n<li> 1 x Badrumshylla<\/li>\n<li> 1 x Bruksanvisning<\/li>\n<\/ul>\n","protected":false},"excerpt":{"rendered":"<p>F\u00f6rb\u00e4ttra dina &#8217;A&#8217; lagringsf\u00f6rm\u00e5gor genom att organisera ditt badrum. Integrera denna TRUUSK badrumshylla i din inredning. Denna robusta bambuenhet \u00e4r&#8230;<\/p>\n","protected":false},"featured_media":94602,"template":"","meta":[],"product_brand":[],"product_cat":[915,549,871],"product_tag":[],"class_list":{"0":"post-94611","1":"product","2":"type-product","3":"status-publish","4":"has-post-thumbnail","6":"product_cat-badrum","7":"product_cat-badrumshyllor","8":"product_cat-hus-hem","10":"first","11":"instock","12":"sale","13":"taxable","14":"shipping-taxable","15":"purchasable","16":"product-type-simple"},"yoast_head":"<!-- This site is optimized with the Yoast SEO plugin v25.4 - https:\/\/yoast.com\/wordpress\/plugins\/seo\/ -->\n<title>TRUUSK Badrumshylla med 3 Handduksst\u00e4nger - Bambu - A-formad Design - 3 Ribbhyllor - F\u00f6r Badrum - H\u00e5llbar - Modern - Naturf\u00e4rgad - TRUUSK - Hem, Tr\u00e4dg\u00e5rd &amp; Fritid<\/title>\n<meta name=\"robots\" content=\"index, follow, max-snippet:-1, max-image-preview:large, max-video-preview:-1\" \/>\n<link rel=\"canonical\" href=\"https:\/\/truusk.store\/sv\/produkt\/truusk-badrumshylla-med-3-handduksstanger-bambu-a-formad-design-3-ribbhyllor-for-badrum-hallbar-modern-naturfargad\/\" \/>\n<meta property=\"og:locale\" content=\"sv_SE\" \/>\n<meta property=\"og:type\" content=\"article\" \/>\n<meta property=\"og:title\" content=\"TRUUSK Badrumshylla med 3 Handduksst\u00e4nger - Bambu - A-formad Design - 3 Ribbhyllor - F\u00f6r Badrum - H\u00e5llbar - Modern - Naturf\u00e4rgad - TRUUSK - Hem, Tr\u00e4dg\u00e5rd &amp; Fritid\" \/>\n<meta property=\"og:description\" content=\"F\u00f6rb\u00e4ttra dina &#8217;A&#8217; lagringsf\u00f6rm\u00e5gor genom att organisera ditt badrum. Integrera denna TRUUSK badrumshylla i din inredning. Denna robusta bambuenhet \u00e4r...\" \/>\n<meta property=\"og:url\" content=\"https:\/\/truusk.store\/sv\/produkt\/truusk-badrumshylla-med-3-handduksstanger-bambu-a-formad-design-3-ribbhyllor-for-badrum-hallbar-modern-naturfargad\/\" \/>\n<meta property=\"og:site_name\" content=\"TRUUSK - Hem, Tr\u00e4dg\u00e5rd &amp; Fritid\" \/>\n<meta property=\"article:modified_time\" content=\"2026-03-12T08:44:21+00:00\" \/>\n<meta property=\"og:image\" content=\"https:\/\/i0.wp.com\/truusk.se\/wp-content\/uploads\/2025\/11\/3-stegs-badrumshylla-3-handduksstanger-bamburam-a-formad-ribbhyllor-1.webp?fit=2000%2C2000&ssl=1\" \/>\n\t<meta property=\"og:image:width\" content=\"2000\" \/>\n\t<meta property=\"og:image:height\" content=\"2000\" \/>\n\t<meta property=\"og:image:type\" content=\"image\/webp\" \/>\n<meta name=\"twitter:card\" content=\"summary_large_image\" \/>\n<meta name=\"twitter:label1\" content=\"Ber\u00e4knad l\u00e4stid\" \/>\n\t<meta name=\"twitter:data1\" content=\"1 minut\" \/>\n<!-- \/ Yoast SEO plugin. -->","yoast_head_json":{"title":"TRUUSK Badrumshylla med 3 Handduksst\u00e4nger - Bambu - A-formad Design - 3 Ribbhyllor - F\u00f6r Badrum - H\u00e5llbar - Modern - Naturf\u00e4rgad - TRUUSK - Hem, Tr\u00e4dg\u00e5rd &amp; Fritid","robots":{"index":"index","follow":"follow","max-snippet":"max-snippet:-1","max-image-preview":"max-image-preview:large","max-video-preview":"max-video-preview:-1"},"canonical":"https:\/\/truusk.store\/sv\/produkt\/truusk-badrumshylla-med-3-handduksstanger-bambu-a-formad-design-3-ribbhyllor-for-badrum-hallbar-modern-naturfargad\/","og_locale":"sv_SE","og_type":"article","og_title":"TRUUSK Badrumshylla med 3 Handduksst\u00e4nger - Bambu - A-formad Design - 3 Ribbhyllor - F\u00f6r Badrum - H\u00e5llbar - Modern - Naturf\u00e4rgad - TRUUSK - Hem, Tr\u00e4dg\u00e5rd &amp; Fritid","og_description":"F\u00f6rb\u00e4ttra dina &#8217;A&#8217; lagringsf\u00f6rm\u00e5gor genom att organisera ditt badrum. Integrera denna TRUUSK badrumshylla i din inredning. Denna robusta bambuenhet \u00e4r...","og_url":"https:\/\/truusk.store\/sv\/produkt\/truusk-badrumshylla-med-3-handduksstanger-bambu-a-formad-design-3-ribbhyllor-for-badrum-hallbar-modern-naturfargad\/","og_site_name":"TRUUSK - Hem, Tr\u00e4dg\u00e5rd &amp; Fritid","article_modified_time":"2026-03-12T08:44:21+00:00","og_image":[{"width":2000,"height":2000,"url":"https:\/\/i0.wp.com\/truusk.se\/wp-content\/uploads\/2025\/11\/3-stegs-badrumshylla-3-handduksstanger-bamburam-a-formad-ribbhyllor-1.webp?fit=2000%2C2000&ssl=1","type":"image\/webp"}],"twitter_card":"summary_large_image","twitter_misc":{"Ber\u00e4knad l\u00e4stid":"1 minut"},"schema":{"@context":"https:\/\/schema.org","@graph":[{"@type":"WebPage","@id":"https:\/\/truusk.store\/sv\/produkt\/truusk-badrumshylla-med-3-handduksstanger-bambu-a-formad-design-3-ribbhyllor-for-badrum-hallbar-modern-naturfargad\/","url":"https:\/\/truusk.store\/sv\/produkt\/truusk-badrumshylla-med-3-handduksstanger-bambu-a-formad-design-3-ribbhyllor-for-badrum-hallbar-modern-naturfargad\/","name":"TRUUSK Badrumshylla med 3 Handduksst\u00e4nger - Bambu - A-formad Design - 3 Ribbhyllor - F\u00f6r Badrum - H\u00e5llbar - Modern - Naturf\u00e4rgad - TRUUSK - Hem, Tr\u00e4dg\u00e5rd &amp; Fritid","isPartOf":{"@id":"https:\/\/truusk.store\/sv\/#website"},"primaryImageOfPage":{"@id":"https:\/\/truusk.store\/sv\/produkt\/truusk-badrumshylla-med-3-handduksstanger-bambu-a-formad-design-3-ribbhyllor-for-badrum-hallbar-modern-naturfargad\/#primaryimage"},"image":{"@id":"https:\/\/truusk.store\/sv\/produkt\/truusk-badrumshylla-med-3-handduksstanger-bambu-a-formad-design-3-ribbhyllor-for-badrum-hallbar-modern-naturfargad\/#primaryimage"},"thumbnailUrl":"https:\/\/i0.wp.com\/truusk.store\/wp-content\/uploads\/2025\/11\/3-stegs-badrumshylla-3-handduksstanger-bamburam-a-formad-ribbhyllor-1.webp?fit=2000%2C2000&ssl=1","datePublished":"2025-11-10T11:26:53+00:00","dateModified":"2026-03-12T08:44:21+00:00","breadcrumb":{"@id":"https:\/\/truusk.store\/sv\/produkt\/truusk-badrumshylla-med-3-handduksstanger-bambu-a-formad-design-3-ribbhyllor-for-badrum-hallbar-modern-naturfargad\/#breadcrumb"},"inLanguage":"sv-SE","potentialAction":[{"@type":"ReadAction","target":["https:\/\/truusk.store\/sv\/produkt\/truusk-badrumshylla-med-3-handduksstanger-bambu-a-formad-design-3-ribbhyllor-for-badrum-hallbar-modern-naturfargad\/"]}]},{"@type":"ImageObject","inLanguage":"sv-SE","@id":"https:\/\/truusk.store\/sv\/produkt\/truusk-badrumshylla-med-3-handduksstanger-bambu-a-formad-design-3-ribbhyllor-for-badrum-hallbar-modern-naturfargad\/#primaryimage","url":"https:\/\/i0.wp.com\/truusk.store\/wp-content\/uploads\/2025\/11\/3-stegs-badrumshylla-3-handduksstanger-bamburam-a-formad-ribbhyllor-1.webp?fit=2000%2C2000&ssl=1","contentUrl":"https:\/\/i0.wp.com\/truusk.store\/wp-content\/uploads\/2025\/11\/3-stegs-badrumshylla-3-handduksstanger-bamburam-a-formad-ribbhyllor-1.webp?fit=2000%2C2000&ssl=1","width":2000,"height":2000},{"@type":"BreadcrumbList","@id":"https:\/\/truusk.store\/sv\/produkt\/truusk-badrumshylla-med-3-handduksstanger-bambu-a-formad-design-3-ribbhyllor-for-badrum-hallbar-modern-naturfargad\/#breadcrumb","itemListElement":[{"@type":"ListItem","position":1,"name":"Home","item":"https:\/\/truusk.store\/sv\/"},{"@type":"ListItem","position":2,"name":"Shop","item":"https:\/\/truusk.store\/shop\/"},{"@type":"ListItem","position":3,"name":"TRUUSK Badrumshylla med 3 Handduksst\u00e4nger &#8211; Bambu &#8211; A-formad Design &#8211; 3 Ribbhyllor &#8211; F\u00f6r Badrum &#8211; H\u00e5llbar &#8211; Modern &#8211; Naturf\u00e4rgad"}]},{"@type":"WebSite","@id":"https:\/\/truusk.store\/sv\/#website","url":"https:\/\/truusk.store\/sv\/","name":"TRUUSK - Hem, Tr\u00e4dg\u00e5rd & Fritid","description":"","publisher":{"@id":"https:\/\/truusk.store\/sv\/#organization"},"potentialAction":[{"@type":"SearchAction","target":{"@type":"EntryPoint","urlTemplate":"https:\/\/truusk.store\/sv\/?s={search_term_string}"},"query-input":{"@type":"PropertyValueSpecification","valueRequired":true,"valueName":"search_term_string"}}],"inLanguage":"sv-SE"},{"@type":"Organization","@id":"https:\/\/truusk.store\/sv\/#organization","name":"TRUUSK - Hem, Tr\u00e4dg\u00e5rd & Fritid","url":"https:\/\/truusk.store\/sv\/","logo":{"@type":"ImageObject","inLanguage":"sv-SE","@id":"https:\/\/truusk.store\/sv\/#\/schema\/logo\/image\/","url":"https:\/\/i0.wp.com\/truusk.store\/wp-content\/uploads\/2026\/03\/cropped-TRUUSK.png?fit=2032%2C917&ssl=1","contentUrl":"https:\/\/i0.wp.com\/truusk.store\/wp-content\/uploads\/2026\/03\/cropped-TRUUSK.png?fit=2032%2C917&ssl=1","width":2032,"height":917,"caption":"TRUUSK - Hem, Tr\u00e4dg\u00e5rd & Fritid"},"image":{"@id":"https:\/\/truusk.store\/sv\/#\/schema\/logo\/image\/"}}]}},"jetpack_sharing_enabled":true,"_links":{"self":[{"href":"https:\/\/truusk.store\/sv\/wp-json\/wp\/v2\/product\/94611","targetHints":{"allow":["GET"]}}],"collection":[{"href":"https:\/\/truusk.store\/sv\/wp-json\/wp\/v2\/product"}],"about":[{"href":"https:\/\/truusk.store\/sv\/wp-json\/wp\/v2\/types\/product"}],"wp:featuredmedia":[{"embeddable":true,"href":"https:\/\/truusk.store\/sv\/wp-json\/wp\/v2\/media\/94602"}],"wp:attachment":[{"href":"https:\/\/truusk.store\/sv\/wp-json\/wp\/v2\/media?parent=94611"}],"wp:term":[{"taxonomy":"product_brand","embeddable":true,"href":"https:\/\/truusk.store\/sv\/wp-json\/wp\/v2\/product_brand?post=94611"},{"taxonomy":"product_cat","embeddable":true,"href":"https:\/\/truusk.store\/sv\/wp-json\/wp\/v2\/product_cat?post=94611"},{"taxonomy":"product_tag","embeddable":true,"href":"https:\/\/truusk.store\/sv\/wp-json\/wp\/v2\/product_tag?post=94611"}],"curies":[{"name":"wp","href":"https:\/\/api.w.org\/{rel}","templated":true}]}}