{"id":94671,"date":"2025-11-10T12:42:48","date_gmt":"2025-11-10T11:42:48","guid":{"rendered":"https:\/\/truusk.store\/product\/badrumsspegel-belyst-touch-kontroll-imfri-dimbar-3-ljusfarger-70x90-silver\/"},"modified":"2026-03-12T08:44:43","modified_gmt":"2026-03-12T07:44:43","slug":"truusk-belyst-badrumsspegel-touchkontroll-dimbar-3-ljusfarger-70x90-silver","status":"publish","type":"product","link":"https:\/\/truusk.store\/sv\/produkt\/truusk-belyst-badrumsspegel-touchkontroll-dimbar-3-ljusfarger-70x90-silver\/","title":{"rendered":"TRUUSK Belyst Badrumsspegel &#8211; Touchkontroll &#8211; Dimbar &#8211; 3 Ljusf\u00e4rger &#8211; 70&#215;90 &#8211; Silver"},"content":{"rendered":"<p>Med TRUUSK badrumsspegeln ger du ditt badrum en designuppgradering och underl\u00e4ttar din dagliga sk\u00f6nhetsrutin. Den inbyggda LED-belysningen kan enkelt aktiveras med en touchbrytare, d\u00e4r du kan st\u00e4lla in intensiteten efter eget behag och spara din f\u00f6redragna ljusstyrka. Tack vare anti-dimfunktionen f\u00f6rblir toalettspegeln klar \u00e4ven efter en l\u00e5ng, het dusch, s\u00e5 att du slipper st\u00e4dning: En ideal kombination av stil och funktionalitet!<\/p>\n<p>Beskrivning:<\/p>\n<ul>\n<li> Enkel att anv\u00e4nda touchbrytare f\u00f6r enkel anv\u00e4ndning<\/li>\n<li> Justerbar LED-belysning med tre ljusstyrkeniv\u00e5er: Varmvit (3000K), Naturvit (4500K) och Kallvit (6500K)<\/li>\n<li> Anti-dimma badrumsspegel med automatisk avst\u00e4ngning efter 30 minuter f\u00f6r energibesparing<\/li>\n<li> Minnesfunktion som beh\u00e5ller de senast anv\u00e4nda inst\u00e4llningarna<\/li>\n<li> IP44-skyddsniv\u00e5 skyddar badrumsspegeln mot st\u00e4nkvatten och fukt, f\u00f6r en l\u00e5ng livsl\u00e4ngd<\/li>\n<li> H\u00e4rdat glas med silverbel\u00e4ggning och kopparfritt design, f\u00f6r h\u00f6g uppl\u00f6sning<\/li>\n<li> Kan monteras horisontellt eller vertikalt, f\u00f6r flexibilitet<\/li>\n<li> Kr\u00e4ver professionell installation genom kabeldragning<\/li>\n<\/ul>\n<p> Tekniska data:<\/p>\n<ul>\n<li> F\u00e4rg: Silver<\/li>\n<li> Material: H\u00e4rdat glas<\/li>\n<li> Totala m\u00e5tt: 70L x 4B x 90H cm<\/li>\n<li> Dimfritt omr\u00e5de: 30L x 40H cm<\/li>\n<li> Kabell\u00e4ngd: 0,45 m<\/li>\n<li> Ljus temperatur: 3000K, 4500K, 6500K<\/li>\n<li> Lumen: 1870 Lm<\/li>\n<li> Effekt: Totalt 48W, Ljus 24W<\/li>\n<li> Ing\u00e5ngssp\u00e4nning: 220-240V, 50\/60Hz<\/li>\n<li> Utg\u00e5ngssp\u00e4nning: DC 12V \/ 3A \/ 42W<\/li>\n<li> IP-klass: IP44<\/li>\n<\/ul>\n<p>Leveransinneh\u00e5ll:<\/p>\n<ul>\n<li> 1 x Badrumsspegel<\/li>\n<li> 1 x Manual<\/li>\n<li> 1 x Skruvset<\/li>\n<li> 1 x Anslutningsbox<\/li>\n<\/ul>\n","protected":false},"excerpt":{"rendered":"<p>Med TRUUSK badrumsspegeln ger du ditt badrum en designuppgradering och underl\u00e4ttar din dagliga sk\u00f6nhetsrutin. Den inbyggda LED-belysningen kan enkelt aktiveras&#8230;<\/p>\n","protected":false},"featured_media":94662,"template":"","meta":[],"product_brand":[],"product_cat":[915,969,871],"product_tag":[],"class_list":{"0":"post-94671","1":"product","2":"type-product","3":"status-publish","4":"has-post-thumbnail","6":"product_cat-badrum","7":"product_cat-badrumsspegel","8":"product_cat-hus-hem","10":"first","11":"instock","12":"sale","13":"taxable","14":"shipping-taxable","15":"purchasable","16":"product-type-simple"},"yoast_head":"<!-- This site is optimized with the Yoast SEO plugin v25.4 - https:\/\/yoast.com\/wordpress\/plugins\/seo\/ -->\n<title>TRUUSK Belyst Badrumsspegel - Touchkontroll - Dimbar - 3 Ljusf\u00e4rger - 70x90 - Silver - TRUUSK - Hem, Tr\u00e4dg\u00e5rd &amp; Fritid<\/title>\n<meta name=\"robots\" content=\"index, follow, max-snippet:-1, max-image-preview:large, max-video-preview:-1\" \/>\n<link rel=\"canonical\" href=\"https:\/\/truusk.store\/sv\/produkt\/truusk-belyst-badrumsspegel-touchkontroll-dimbar-3-ljusfarger-70x90-silver\/\" \/>\n<meta property=\"og:locale\" content=\"sv_SE\" \/>\n<meta property=\"og:type\" content=\"article\" \/>\n<meta property=\"og:title\" content=\"TRUUSK Belyst Badrumsspegel - Touchkontroll - Dimbar - 3 Ljusf\u00e4rger - 70x90 - Silver - TRUUSK - Hem, Tr\u00e4dg\u00e5rd &amp; Fritid\" \/>\n<meta property=\"og:description\" content=\"Med TRUUSK badrumsspegeln ger du ditt badrum en designuppgradering och underl\u00e4ttar din dagliga sk\u00f6nhetsrutin. Den inbyggda LED-belysningen kan enkelt aktiveras...\" \/>\n<meta property=\"og:url\" content=\"https:\/\/truusk.store\/sv\/produkt\/truusk-belyst-badrumsspegel-touchkontroll-dimbar-3-ljusfarger-70x90-silver\/\" \/>\n<meta property=\"og:site_name\" content=\"TRUUSK - Hem, Tr\u00e4dg\u00e5rd &amp; Fritid\" \/>\n<meta property=\"article:modified_time\" content=\"2026-03-12T07:44:43+00:00\" \/>\n<meta property=\"og:image\" content=\"https:\/\/i0.wp.com\/truusk.se\/wp-content\/uploads\/2025\/11\/badrumsspegel-belyst-touch-kontroll-imfri-dimbar-3-ljusfarger-70x90-silver-1.webp?fit=2000%2C2000&ssl=1\" \/>\n\t<meta property=\"og:image:width\" content=\"2000\" \/>\n\t<meta property=\"og:image:height\" content=\"2000\" \/>\n\t<meta property=\"og:image:type\" content=\"image\/webp\" \/>\n<meta name=\"twitter:card\" content=\"summary_large_image\" \/>\n<meta name=\"twitter:label1\" content=\"Ber\u00e4knad l\u00e4stid\" \/>\n\t<meta name=\"twitter:data1\" content=\"1 minut\" \/>\n<!-- \/ Yoast SEO plugin. -->","yoast_head_json":{"title":"TRUUSK Belyst Badrumsspegel - Touchkontroll - Dimbar - 3 Ljusf\u00e4rger - 70x90 - Silver - TRUUSK - Hem, Tr\u00e4dg\u00e5rd &amp; Fritid","robots":{"index":"index","follow":"follow","max-snippet":"max-snippet:-1","max-image-preview":"max-image-preview:large","max-video-preview":"max-video-preview:-1"},"canonical":"https:\/\/truusk.store\/sv\/produkt\/truusk-belyst-badrumsspegel-touchkontroll-dimbar-3-ljusfarger-70x90-silver\/","og_locale":"sv_SE","og_type":"article","og_title":"TRUUSK Belyst Badrumsspegel - Touchkontroll - Dimbar - 3 Ljusf\u00e4rger - 70x90 - Silver - TRUUSK - Hem, Tr\u00e4dg\u00e5rd &amp; Fritid","og_description":"Med TRUUSK badrumsspegeln ger du ditt badrum en designuppgradering och underl\u00e4ttar din dagliga sk\u00f6nhetsrutin. Den inbyggda LED-belysningen kan enkelt aktiveras...","og_url":"https:\/\/truusk.store\/sv\/produkt\/truusk-belyst-badrumsspegel-touchkontroll-dimbar-3-ljusfarger-70x90-silver\/","og_site_name":"TRUUSK - Hem, Tr\u00e4dg\u00e5rd &amp; Fritid","article_modified_time":"2026-03-12T07:44:43+00:00","og_image":[{"width":2000,"height":2000,"url":"https:\/\/i0.wp.com\/truusk.se\/wp-content\/uploads\/2025\/11\/badrumsspegel-belyst-touch-kontroll-imfri-dimbar-3-ljusfarger-70x90-silver-1.webp?fit=2000%2C2000&ssl=1","type":"image\/webp"}],"twitter_card":"summary_large_image","twitter_misc":{"Ber\u00e4knad l\u00e4stid":"1 minut"},"schema":{"@context":"https:\/\/schema.org","@graph":[{"@type":"WebPage","@id":"https:\/\/truusk.store\/sv\/produkt\/truusk-belyst-badrumsspegel-touchkontroll-dimbar-3-ljusfarger-70x90-silver\/","url":"https:\/\/truusk.store\/sv\/produkt\/truusk-belyst-badrumsspegel-touchkontroll-dimbar-3-ljusfarger-70x90-silver\/","name":"TRUUSK Belyst Badrumsspegel - Touchkontroll - Dimbar - 3 Ljusf\u00e4rger - 70x90 - Silver - TRUUSK - Hem, Tr\u00e4dg\u00e5rd &amp; Fritid","isPartOf":{"@id":"https:\/\/truusk.store\/sv\/#website"},"primaryImageOfPage":{"@id":"https:\/\/truusk.store\/sv\/produkt\/truusk-belyst-badrumsspegel-touchkontroll-dimbar-3-ljusfarger-70x90-silver\/#primaryimage"},"image":{"@id":"https:\/\/truusk.store\/sv\/produkt\/truusk-belyst-badrumsspegel-touchkontroll-dimbar-3-ljusfarger-70x90-silver\/#primaryimage"},"thumbnailUrl":"https:\/\/i0.wp.com\/truusk.store\/wp-content\/uploads\/2025\/11\/badrumsspegel-belyst-touch-kontroll-imfri-dimbar-3-ljusfarger-70x90-silver-1.webp?fit=2000%2C2000&ssl=1","datePublished":"2025-11-10T11:42:48+00:00","dateModified":"2026-03-12T07:44:43+00:00","breadcrumb":{"@id":"https:\/\/truusk.store\/sv\/produkt\/truusk-belyst-badrumsspegel-touchkontroll-dimbar-3-ljusfarger-70x90-silver\/#breadcrumb"},"inLanguage":"sv-SE","potentialAction":[{"@type":"ReadAction","target":["https:\/\/truusk.store\/sv\/produkt\/truusk-belyst-badrumsspegel-touchkontroll-dimbar-3-ljusfarger-70x90-silver\/"]}]},{"@type":"ImageObject","inLanguage":"sv-SE","@id":"https:\/\/truusk.store\/sv\/produkt\/truusk-belyst-badrumsspegel-touchkontroll-dimbar-3-ljusfarger-70x90-silver\/#primaryimage","url":"https:\/\/i0.wp.com\/truusk.store\/wp-content\/uploads\/2025\/11\/badrumsspegel-belyst-touch-kontroll-imfri-dimbar-3-ljusfarger-70x90-silver-1.webp?fit=2000%2C2000&ssl=1","contentUrl":"https:\/\/i0.wp.com\/truusk.store\/wp-content\/uploads\/2025\/11\/badrumsspegel-belyst-touch-kontroll-imfri-dimbar-3-ljusfarger-70x90-silver-1.webp?fit=2000%2C2000&ssl=1","width":2000,"height":2000},{"@type":"BreadcrumbList","@id":"https:\/\/truusk.store\/sv\/produkt\/truusk-belyst-badrumsspegel-touchkontroll-dimbar-3-ljusfarger-70x90-silver\/#breadcrumb","itemListElement":[{"@type":"ListItem","position":1,"name":"Home","item":"https:\/\/truusk.store\/sv\/"},{"@type":"ListItem","position":2,"name":"Shop","item":"https:\/\/truusk.store\/shop\/"},{"@type":"ListItem","position":3,"name":"TRUUSK Belyst Badrumsspegel &#8211; Touchkontroll &#8211; Dimbar &#8211; 3 Ljusf\u00e4rger &#8211; 70&#215;90 &#8211; Silver"}]},{"@type":"WebSite","@id":"https:\/\/truusk.store\/sv\/#website","url":"https:\/\/truusk.store\/sv\/","name":"TRUUSK - Hem, Tr\u00e4dg\u00e5rd & Fritid","description":"","publisher":{"@id":"https:\/\/truusk.store\/sv\/#organization"},"potentialAction":[{"@type":"SearchAction","target":{"@type":"EntryPoint","urlTemplate":"https:\/\/truusk.store\/sv\/?s={search_term_string}"},"query-input":{"@type":"PropertyValueSpecification","valueRequired":true,"valueName":"search_term_string"}}],"inLanguage":"sv-SE"},{"@type":"Organization","@id":"https:\/\/truusk.store\/sv\/#organization","name":"TRUUSK - Hem, Tr\u00e4dg\u00e5rd & Fritid","url":"https:\/\/truusk.store\/sv\/","logo":{"@type":"ImageObject","inLanguage":"sv-SE","@id":"https:\/\/truusk.store\/sv\/#\/schema\/logo\/image\/","url":"https:\/\/i0.wp.com\/truusk.store\/wp-content\/uploads\/2026\/03\/cropped-TRUUSK.png?fit=2032%2C917&ssl=1","contentUrl":"https:\/\/i0.wp.com\/truusk.store\/wp-content\/uploads\/2026\/03\/cropped-TRUUSK.png?fit=2032%2C917&ssl=1","width":2032,"height":917,"caption":"TRUUSK - Hem, Tr\u00e4dg\u00e5rd & Fritid"},"image":{"@id":"https:\/\/truusk.store\/sv\/#\/schema\/logo\/image\/"}}]}},"jetpack_sharing_enabled":true,"_links":{"self":[{"href":"https:\/\/truusk.store\/sv\/wp-json\/wp\/v2\/product\/94671","targetHints":{"allow":["GET"]}}],"collection":[{"href":"https:\/\/truusk.store\/sv\/wp-json\/wp\/v2\/product"}],"about":[{"href":"https:\/\/truusk.store\/sv\/wp-json\/wp\/v2\/types\/product"}],"wp:featuredmedia":[{"embeddable":true,"href":"https:\/\/truusk.store\/sv\/wp-json\/wp\/v2\/media\/94662"}],"wp:attachment":[{"href":"https:\/\/truusk.store\/sv\/wp-json\/wp\/v2\/media?parent=94671"}],"wp:term":[{"taxonomy":"product_brand","embeddable":true,"href":"https:\/\/truusk.store\/sv\/wp-json\/wp\/v2\/product_brand?post=94671"},{"taxonomy":"product_cat","embeddable":true,"href":"https:\/\/truusk.store\/sv\/wp-json\/wp\/v2\/product_cat?post=94671"},{"taxonomy":"product_tag","embeddable":true,"href":"https:\/\/truusk.store\/sv\/wp-json\/wp\/v2\/product_tag?post=94671"}],"curies":[{"name":"wp","href":"https:\/\/api.w.org\/{rel}","templated":true}]}}