{"id":94694,"date":"2025-11-10T12:44:38","date_gmt":"2025-11-10T11:44:38","guid":{"rendered":"https:\/\/truusk.store\/product\/sportnow-mini-pedaltranare-12-hastigheter-led-display-fjarrkontroll-halkfri-barbar-metall-plast-svart\/"},"modified":"2026-03-12T08:45:26","modified_gmt":"2026-03-12T07:45:26","slug":"truusk-mini-pedaltranare-12-hastigheter-led-display-fjarrkontroll-halkfri-barbar-svart","status":"publish","type":"product","link":"https:\/\/truusk.store\/sv\/produkt\/truusk-mini-pedaltranare-12-hastigheter-led-display-fjarrkontroll-halkfri-barbar-svart\/","title":{"rendered":"TRUUSK Mini-Pedaltr\u00e4nare &#8211; 12 Hastigheter &#8211; LED-display &#8211; Fj\u00e4rrkontroll &#8211; Halkfri &#8211; B\u00e4rbar &#8211; Svart"},"content":{"rendered":"<p>F\u00f6rbli aktiv, hemma eller p\u00e5 kontoret, med SPORTNOW Mini Elliptical Trainer. Den har 12 hastighetsniv\u00e5er och en tv\u00e5v\u00e4gsr\u00f6relse f\u00f6r mjuk tr\u00e4ning f\u00f6r att fr\u00e4mja blodcirkulationen, muskelst\u00e4rkning. Styr enheten med fj\u00e4rrkontrollen eller direkt p\u00e5 enheten, medan LED-sk\u00e4rmen visar tid, hastighet, str\u00e4cka och kalorif\u00f6rbrukning. Tack vare den kompakta designen, stabila basen och halkfria pedalerna passar elliptiska tr\u00e4naren perfekt under skrivbord eller i sm\u00e5 h\u00f6rn.<\/p>\n<p>Beskrivning:<\/p>\n<ul>\n<li> Trampa fram\u00e5t eller bak\u00e5t med 12 justerbara hastighetsniv\u00e5er f\u00f6r m\u00e5ngsidiga tr\u00e4ningspass<\/li>\n<li> \u00c4ndra hastighet eller riktning p\u00e5 den elliptiska tr\u00e4naren handsfree tack vare den medf\u00f6ljande fj\u00e4rrkontrollen<\/li>\n<li> LED-sk\u00e4rmen p\u00e5 den elliptiska tr\u00e4naren sp\u00e5rar tid, hastighet, distans och f\u00f6rbr\u00e4nda kalorier<\/li>\n<li> Den breda basen och halkfria gummif\u00f6tterna p\u00e5 den elliptiska tr\u00e4naren h\u00e5ller maskinen stabil under anv\u00e4ndning<\/li>\n<li> Kompakt design passar l\u00e4tt under de flesta skrivbord eller bredvid en soffa<\/li>\n<li> Ingen montering kr\u00e4vs<\/li>\n<\/ul>\n<p> Tekniska data:<\/p>\n<ul>\n<li> F\u00e4rg: Svart<\/li>\n<li> Material: St\u00e5l, plast<\/li>\n<li> Totala dimensioner: 42L x 40,5B x 26,5H cm<\/li>\n<li> Pedalstorlek: 30L x 13B cm<\/li>\n<li> Maximal belastning: 120 kg<\/li>\n<li> Sp\u00e4nning: 110-220 V 50-60 Hz<\/li>\n<li> Effekt: 60 W<\/li>\n<\/ul>\n<p>Leveransinneh\u00e5ll:<\/p>\n<ul>\n<li> 1 x Mini elliptisk tr\u00e4nare<\/li>\n<li> 1 x Fj\u00e4rrkontroll<\/li>\n<li> 1 x Bruksanvisning<\/li>\n<\/ul>\n","protected":false},"excerpt":{"rendered":"<p>F\u00f6rbli aktiv, hemma eller p\u00e5 kontoret, med SPORTNOW Mini Elliptical Trainer. Den har 12 hastighetsniv\u00e5er och en tv\u00e5v\u00e4gsr\u00f6relse f\u00f6r mjuk&#8230;<\/p>\n","protected":false},"featured_media":94677,"template":"","meta":[],"product_brand":[],"product_cat":[891,873,647],"product_tag":[],"class_list":{"0":"post-94694","1":"product","2":"type-product","3":"status-publish","4":"has-post-thumbnail","6":"product_cat-ergometer-hemtranare","7":"product_cat-fitness-styrketraning","8":"product_cat-sport-fritid","10":"first","11":"instock","12":"sale","13":"taxable","14":"shipping-taxable","15":"purchasable","16":"product-type-simple"},"yoast_head":"<!-- This site is optimized with the Yoast SEO plugin v25.4 - https:\/\/yoast.com\/wordpress\/plugins\/seo\/ -->\n<title>TRUUSK Mini-Pedaltr\u00e4nare - 12 Hastigheter - LED-display - Fj\u00e4rrkontroll - Halkfri - B\u00e4rbar - Svart - TRUUSK - Hem, Tr\u00e4dg\u00e5rd &amp; Fritid<\/title>\n<meta name=\"robots\" content=\"index, follow, max-snippet:-1, max-image-preview:large, max-video-preview:-1\" \/>\n<link rel=\"canonical\" href=\"https:\/\/truusk.store\/sv\/produkt\/truusk-mini-pedaltranare-12-hastigheter-led-display-fjarrkontroll-halkfri-barbar-svart\/\" \/>\n<meta property=\"og:locale\" content=\"sv_SE\" \/>\n<meta property=\"og:type\" content=\"article\" \/>\n<meta property=\"og:title\" content=\"TRUUSK Mini-Pedaltr\u00e4nare - 12 Hastigheter - LED-display - Fj\u00e4rrkontroll - Halkfri - B\u00e4rbar - Svart - TRUUSK - Hem, Tr\u00e4dg\u00e5rd &amp; Fritid\" \/>\n<meta property=\"og:description\" content=\"F\u00f6rbli aktiv, hemma eller p\u00e5 kontoret, med SPORTNOW Mini Elliptical Trainer. Den har 12 hastighetsniv\u00e5er och en tv\u00e5v\u00e4gsr\u00f6relse f\u00f6r mjuk...\" \/>\n<meta property=\"og:url\" content=\"https:\/\/truusk.store\/sv\/produkt\/truusk-mini-pedaltranare-12-hastigheter-led-display-fjarrkontroll-halkfri-barbar-svart\/\" \/>\n<meta property=\"og:site_name\" content=\"TRUUSK - Hem, Tr\u00e4dg\u00e5rd &amp; Fritid\" \/>\n<meta property=\"article:modified_time\" content=\"2026-03-12T07:45:26+00:00\" \/>\n<meta property=\"og:image\" content=\"https:\/\/i0.wp.com\/truusk.se\/wp-content\/uploads\/2025\/11\/sportnow-mini-pedaltranare-12-hastigheter-led-display-fjarrkontroll-halkfri-barbar-metall-plast-svart-1.webp?fit=2000%2C2000&ssl=1\" \/>\n\t<meta property=\"og:image:width\" content=\"2000\" \/>\n\t<meta property=\"og:image:height\" content=\"2000\" \/>\n\t<meta property=\"og:image:type\" content=\"image\/webp\" \/>\n<meta name=\"twitter:card\" content=\"summary_large_image\" \/>\n<meta name=\"twitter:label1\" content=\"Ber\u00e4knad l\u00e4stid\" \/>\n\t<meta name=\"twitter:data1\" content=\"1 minut\" \/>\n<!-- \/ Yoast SEO plugin. -->","yoast_head_json":{"title":"TRUUSK Mini-Pedaltr\u00e4nare - 12 Hastigheter - LED-display - Fj\u00e4rrkontroll - Halkfri - B\u00e4rbar - Svart - TRUUSK - Hem, Tr\u00e4dg\u00e5rd &amp; Fritid","robots":{"index":"index","follow":"follow","max-snippet":"max-snippet:-1","max-image-preview":"max-image-preview:large","max-video-preview":"max-video-preview:-1"},"canonical":"https:\/\/truusk.store\/sv\/produkt\/truusk-mini-pedaltranare-12-hastigheter-led-display-fjarrkontroll-halkfri-barbar-svart\/","og_locale":"sv_SE","og_type":"article","og_title":"TRUUSK Mini-Pedaltr\u00e4nare - 12 Hastigheter - LED-display - Fj\u00e4rrkontroll - Halkfri - B\u00e4rbar - Svart - TRUUSK - Hem, Tr\u00e4dg\u00e5rd &amp; Fritid","og_description":"F\u00f6rbli aktiv, hemma eller p\u00e5 kontoret, med SPORTNOW Mini Elliptical Trainer. Den har 12 hastighetsniv\u00e5er och en tv\u00e5v\u00e4gsr\u00f6relse f\u00f6r mjuk...","og_url":"https:\/\/truusk.store\/sv\/produkt\/truusk-mini-pedaltranare-12-hastigheter-led-display-fjarrkontroll-halkfri-barbar-svart\/","og_site_name":"TRUUSK - Hem, Tr\u00e4dg\u00e5rd &amp; Fritid","article_modified_time":"2026-03-12T07:45:26+00:00","og_image":[{"width":2000,"height":2000,"url":"https:\/\/i0.wp.com\/truusk.se\/wp-content\/uploads\/2025\/11\/sportnow-mini-pedaltranare-12-hastigheter-led-display-fjarrkontroll-halkfri-barbar-metall-plast-svart-1.webp?fit=2000%2C2000&ssl=1","type":"image\/webp"}],"twitter_card":"summary_large_image","twitter_misc":{"Ber\u00e4knad l\u00e4stid":"1 minut"},"schema":{"@context":"https:\/\/schema.org","@graph":[{"@type":"WebPage","@id":"https:\/\/truusk.store\/sv\/produkt\/truusk-mini-pedaltranare-12-hastigheter-led-display-fjarrkontroll-halkfri-barbar-svart\/","url":"https:\/\/truusk.store\/sv\/produkt\/truusk-mini-pedaltranare-12-hastigheter-led-display-fjarrkontroll-halkfri-barbar-svart\/","name":"TRUUSK Mini-Pedaltr\u00e4nare - 12 Hastigheter - LED-display - Fj\u00e4rrkontroll - Halkfri - B\u00e4rbar - Svart - TRUUSK - Hem, Tr\u00e4dg\u00e5rd &amp; Fritid","isPartOf":{"@id":"https:\/\/truusk.store\/sv\/#website"},"primaryImageOfPage":{"@id":"https:\/\/truusk.store\/sv\/produkt\/truusk-mini-pedaltranare-12-hastigheter-led-display-fjarrkontroll-halkfri-barbar-svart\/#primaryimage"},"image":{"@id":"https:\/\/truusk.store\/sv\/produkt\/truusk-mini-pedaltranare-12-hastigheter-led-display-fjarrkontroll-halkfri-barbar-svart\/#primaryimage"},"thumbnailUrl":"https:\/\/i0.wp.com\/truusk.store\/wp-content\/uploads\/2025\/11\/sportnow-mini-pedaltranare-12-hastigheter-led-display-fjarrkontroll-halkfri-barbar-metall-plast-svart-1.webp?fit=2000%2C2000&ssl=1","datePublished":"2025-11-10T11:44:38+00:00","dateModified":"2026-03-12T07:45:26+00:00","breadcrumb":{"@id":"https:\/\/truusk.store\/sv\/produkt\/truusk-mini-pedaltranare-12-hastigheter-led-display-fjarrkontroll-halkfri-barbar-svart\/#breadcrumb"},"inLanguage":"sv-SE","potentialAction":[{"@type":"ReadAction","target":["https:\/\/truusk.store\/sv\/produkt\/truusk-mini-pedaltranare-12-hastigheter-led-display-fjarrkontroll-halkfri-barbar-svart\/"]}]},{"@type":"ImageObject","inLanguage":"sv-SE","@id":"https:\/\/truusk.store\/sv\/produkt\/truusk-mini-pedaltranare-12-hastigheter-led-display-fjarrkontroll-halkfri-barbar-svart\/#primaryimage","url":"https:\/\/i0.wp.com\/truusk.store\/wp-content\/uploads\/2025\/11\/sportnow-mini-pedaltranare-12-hastigheter-led-display-fjarrkontroll-halkfri-barbar-metall-plast-svart-1.webp?fit=2000%2C2000&ssl=1","contentUrl":"https:\/\/i0.wp.com\/truusk.store\/wp-content\/uploads\/2025\/11\/sportnow-mini-pedaltranare-12-hastigheter-led-display-fjarrkontroll-halkfri-barbar-metall-plast-svart-1.webp?fit=2000%2C2000&ssl=1","width":2000,"height":2000},{"@type":"BreadcrumbList","@id":"https:\/\/truusk.store\/sv\/produkt\/truusk-mini-pedaltranare-12-hastigheter-led-display-fjarrkontroll-halkfri-barbar-svart\/#breadcrumb","itemListElement":[{"@type":"ListItem","position":1,"name":"Home","item":"https:\/\/truusk.store\/sv\/"},{"@type":"ListItem","position":2,"name":"Shop","item":"https:\/\/truusk.store\/shop\/"},{"@type":"ListItem","position":3,"name":"TRUUSK Mini-Pedaltr\u00e4nare &#8211; 12 Hastigheter &#8211; LED-display &#8211; Fj\u00e4rrkontroll &#8211; Halkfri &#8211; B\u00e4rbar &#8211; Svart"}]},{"@type":"WebSite","@id":"https:\/\/truusk.store\/sv\/#website","url":"https:\/\/truusk.store\/sv\/","name":"TRUUSK - Hem, Tr\u00e4dg\u00e5rd & Fritid","description":"","publisher":{"@id":"https:\/\/truusk.store\/sv\/#organization"},"potentialAction":[{"@type":"SearchAction","target":{"@type":"EntryPoint","urlTemplate":"https:\/\/truusk.store\/sv\/?s={search_term_string}"},"query-input":{"@type":"PropertyValueSpecification","valueRequired":true,"valueName":"search_term_string"}}],"inLanguage":"sv-SE"},{"@type":"Organization","@id":"https:\/\/truusk.store\/sv\/#organization","name":"TRUUSK - Hem, Tr\u00e4dg\u00e5rd & Fritid","url":"https:\/\/truusk.store\/sv\/","logo":{"@type":"ImageObject","inLanguage":"sv-SE","@id":"https:\/\/truusk.store\/sv\/#\/schema\/logo\/image\/","url":"https:\/\/i0.wp.com\/truusk.store\/wp-content\/uploads\/2026\/03\/cropped-TRUUSK.png?fit=2032%2C917&ssl=1","contentUrl":"https:\/\/i0.wp.com\/truusk.store\/wp-content\/uploads\/2026\/03\/cropped-TRUUSK.png?fit=2032%2C917&ssl=1","width":2032,"height":917,"caption":"TRUUSK - Hem, Tr\u00e4dg\u00e5rd & Fritid"},"image":{"@id":"https:\/\/truusk.store\/sv\/#\/schema\/logo\/image\/"}}]}},"jetpack_sharing_enabled":true,"_links":{"self":[{"href":"https:\/\/truusk.store\/sv\/wp-json\/wp\/v2\/product\/94694","targetHints":{"allow":["GET"]}}],"collection":[{"href":"https:\/\/truusk.store\/sv\/wp-json\/wp\/v2\/product"}],"about":[{"href":"https:\/\/truusk.store\/sv\/wp-json\/wp\/v2\/types\/product"}],"wp:featuredmedia":[{"embeddable":true,"href":"https:\/\/truusk.store\/sv\/wp-json\/wp\/v2\/media\/94677"}],"wp:attachment":[{"href":"https:\/\/truusk.store\/sv\/wp-json\/wp\/v2\/media?parent=94694"}],"wp:term":[{"taxonomy":"product_brand","embeddable":true,"href":"https:\/\/truusk.store\/sv\/wp-json\/wp\/v2\/product_brand?post=94694"},{"taxonomy":"product_cat","embeddable":true,"href":"https:\/\/truusk.store\/sv\/wp-json\/wp\/v2\/product_cat?post=94694"},{"taxonomy":"product_tag","embeddable":true,"href":"https:\/\/truusk.store\/sv\/wp-json\/wp\/v2\/product_tag?post=94694"}],"curies":[{"name":"wp","href":"https:\/\/api.w.org\/{rel}","templated":true}]}}