{"id":94711,"date":"2025-11-10T12:46:18","date_gmt":"2025-11-10T11:46:18","guid":{"rendered":"https:\/\/truusk.store\/product\/baddsoffa-3-sits-soffa-med-baddfunktion-2-kuddar-stoppad-soffa-med-justerbar-ryggstod-linneutseende-gron\/"},"modified":"2026-03-12T08:46:08","modified_gmt":"2026-03-12T07:46:08","slug":"truusk-baddsoffa-3-sits-soffa-med-baddfunktion-2-kuddar-justerbar-ryggstod-linneutseende-gron","status":"publish","type":"product","link":"https:\/\/truusk.store\/sv\/produkt\/truusk-baddsoffa-3-sits-soffa-med-baddfunktion-2-kuddar-justerbar-ryggstod-linneutseende-gron\/","title":{"rendered":"TRUUSK B\u00e4ddsoffa, 3-sits Soffa Med B\u00e4ddfunktion &#8211; 2 Kuddar &#8211; Justerbar Ryggst\u00f6d &#8211; Linneutseende &#8211; Gr\u00f6n"},"content":{"rendered":"<p>Med denna TRUUSK b\u00e4ddsoffa \u00e4r du alltid redo f\u00f6r spontana \u00f6vernattande g\u00e4ster. I ett nafs f\u00f6rvandlas tre-sits-soffan till en mysig dubbels\u00e4ng. Njut av komforten med tv\u00e5 extra kuddar och en elastisk v\u00e5rfj\u00e4dring, inb\u00e4ddad i en elegant tyg\u00f6verdrag med linneutseende. Idealisk f\u00f6r ditt arbetsrum, vardagsrum eller g\u00e4strum och en perfekt blandning av bekv\u00e4mlighet och praktisk design!<\/p>\n<p>Beskrivning:<\/p>\n<ul>\n<li> Innovativt klickdesign av b\u00e4ddsoffan m\u00f6jligg\u00f6r enkel omvandling fr\u00e5n en tre-sits-soffa till en dubbels\u00e4ng<\/li>\n<li> Tv\u00e5 extra kuddar och en v\u00e5rfj\u00e4derk\u00e4rna erbjuder \u00f6kad komfort och st\u00f6d<\/li>\n<li> Ryggst\u00f6det p\u00e5 b\u00e4ddsoffan kan justeras oberoende i tre olika positioner, \u00e4ven armst\u00f6den \u00e4r justerbara<\/li>\n<li> Gummitr\u00e4ben med justerbara f\u00f6tter skyddar ditt golv fr\u00e5n repor<\/li>\n<li> Rena linjer och en enkel f\u00e4rgs\u00e4ttning erbjuder ett estetiskt utseende<\/li>\n<li> Idealiskt l\u00e4mplig f\u00f6r hemmakontoret, vardagsrummet, sovrummet eller g\u00e4strummet<\/li>\n<li> Tv\u00e4ttbara kudd\u00f6verdrag ger enkel v\u00e5rd och hygien<\/li>\n<li> Enkel montering: Bara montera armst\u00f6d och ben<\/li>\n<\/ul>\n<p> Tekniska data:<\/p>\n<ul>\n<li> F\u00e4rg: Gr\u00f6n<\/li>\n<li> Material: Tyg med linneutseende (100% polyester), gummitr\u00e4, skum<\/li>\n<li> Soffdimensioner: 170B x 83T x 80H cm<\/li>\n<li> S\u00e4ngdimensioner: 218B x 103T x 40H cm<\/li>\n<li> Sitsstorlek: 154B x 53T cm<\/li>\n<li> Sitth\u00f6jd: 40 cm<\/li>\n<li> Tjocklek: (Sits) 15 cm, (Ryggst\u00f6d) 10 cm<\/li>\n<li> Armst\u00f6dsstorlek: 9B x 65T cm<\/li>\n<li> Armst\u00f6dsh\u00f6jd: 25 cm<\/li>\n<li> B\u00e4rkapacitet: 240 kg<\/li>\n<\/ul>\n<p>Leveransinneh\u00e5ll:<\/p>\n<ul>\n<li> 1 x B\u00e4ddsoffa<\/li>\n<li> 1 x Bruksanvisning<\/li>\n<\/ul>\n","protected":false},"excerpt":{"rendered":"<p>Med denna TRUUSK b\u00e4ddsoffa \u00e4r du alltid redo f\u00f6r spontana \u00f6vernattande g\u00e4ster. I ett nafs f\u00f6rvandlas tre-sits-soffan till en mysig&#8230;<\/p>\n","protected":false},"featured_media":94699,"template":"","meta":[],"product_brand":[],"product_cat":[871,943,937,910],"product_tag":[],"class_list":{"0":"post-94711","1":"product","2":"type-product","3":"status-publish","4":"has-post-thumbnail","6":"product_cat-hus-hem","7":"product_cat-schlafsofas","8":"product_cat-soffor","9":"product_cat-vardagsrum","11":"first","12":"instock","13":"sale","14":"taxable","15":"shipping-taxable","16":"purchasable","17":"product-type-simple"},"yoast_head":"<!-- This site is optimized with the Yoast SEO plugin v25.4 - https:\/\/yoast.com\/wordpress\/plugins\/seo\/ -->\n<title>TRUUSK B\u00e4ddsoffa, 3-sits Soffa Med B\u00e4ddfunktion - 2 Kuddar - Justerbar Ryggst\u00f6d - Linneutseende - Gr\u00f6n - TRUUSK - Hem, Tr\u00e4dg\u00e5rd &amp; Fritid<\/title>\n<meta name=\"robots\" content=\"index, follow, max-snippet:-1, max-image-preview:large, max-video-preview:-1\" \/>\n<link rel=\"canonical\" href=\"https:\/\/truusk.store\/sv\/produkt\/truusk-baddsoffa-3-sits-soffa-med-baddfunktion-2-kuddar-justerbar-ryggstod-linneutseende-gron\/\" \/>\n<meta property=\"og:locale\" content=\"sv_SE\" \/>\n<meta property=\"og:type\" content=\"article\" \/>\n<meta property=\"og:title\" content=\"TRUUSK B\u00e4ddsoffa, 3-sits Soffa Med B\u00e4ddfunktion - 2 Kuddar - Justerbar Ryggst\u00f6d - Linneutseende - Gr\u00f6n - TRUUSK - Hem, Tr\u00e4dg\u00e5rd &amp; Fritid\" \/>\n<meta property=\"og:description\" content=\"Med denna TRUUSK b\u00e4ddsoffa \u00e4r du alltid redo f\u00f6r spontana \u00f6vernattande g\u00e4ster. I ett nafs f\u00f6rvandlas tre-sits-soffan till en mysig...\" \/>\n<meta property=\"og:url\" content=\"https:\/\/truusk.store\/sv\/produkt\/truusk-baddsoffa-3-sits-soffa-med-baddfunktion-2-kuddar-justerbar-ryggstod-linneutseende-gron\/\" \/>\n<meta property=\"og:site_name\" content=\"TRUUSK - Hem, Tr\u00e4dg\u00e5rd &amp; Fritid\" \/>\n<meta property=\"article:modified_time\" content=\"2026-03-12T07:46:08+00:00\" \/>\n<meta property=\"og:image\" content=\"https:\/\/i0.wp.com\/truusk.se\/wp-content\/uploads\/2025\/11\/baddsoffa-3-sits-soffa-med-baddfunktion-2-kuddar-stoppad-soffa-med-justerbar-ryggstod-linneutseende-gron-1.webp?fit=2000%2C2000&ssl=1\" \/>\n\t<meta property=\"og:image:width\" content=\"2000\" \/>\n\t<meta property=\"og:image:height\" content=\"2000\" \/>\n\t<meta property=\"og:image:type\" content=\"image\/webp\" \/>\n<meta name=\"twitter:card\" content=\"summary_large_image\" \/>\n<meta name=\"twitter:label1\" content=\"Ber\u00e4knad l\u00e4stid\" \/>\n\t<meta name=\"twitter:data1\" content=\"1 minut\" \/>\n<!-- \/ Yoast SEO plugin. -->","yoast_head_json":{"title":"TRUUSK B\u00e4ddsoffa, 3-sits Soffa Med B\u00e4ddfunktion - 2 Kuddar - Justerbar Ryggst\u00f6d - Linneutseende - Gr\u00f6n - TRUUSK - Hem, Tr\u00e4dg\u00e5rd &amp; Fritid","robots":{"index":"index","follow":"follow","max-snippet":"max-snippet:-1","max-image-preview":"max-image-preview:large","max-video-preview":"max-video-preview:-1"},"canonical":"https:\/\/truusk.store\/sv\/produkt\/truusk-baddsoffa-3-sits-soffa-med-baddfunktion-2-kuddar-justerbar-ryggstod-linneutseende-gron\/","og_locale":"sv_SE","og_type":"article","og_title":"TRUUSK B\u00e4ddsoffa, 3-sits Soffa Med B\u00e4ddfunktion - 2 Kuddar - Justerbar Ryggst\u00f6d - Linneutseende - Gr\u00f6n - TRUUSK - Hem, Tr\u00e4dg\u00e5rd &amp; Fritid","og_description":"Med denna TRUUSK b\u00e4ddsoffa \u00e4r du alltid redo f\u00f6r spontana \u00f6vernattande g\u00e4ster. I ett nafs f\u00f6rvandlas tre-sits-soffan till en mysig...","og_url":"https:\/\/truusk.store\/sv\/produkt\/truusk-baddsoffa-3-sits-soffa-med-baddfunktion-2-kuddar-justerbar-ryggstod-linneutseende-gron\/","og_site_name":"TRUUSK - Hem, Tr\u00e4dg\u00e5rd &amp; Fritid","article_modified_time":"2026-03-12T07:46:08+00:00","og_image":[{"width":2000,"height":2000,"url":"https:\/\/i0.wp.com\/truusk.se\/wp-content\/uploads\/2025\/11\/baddsoffa-3-sits-soffa-med-baddfunktion-2-kuddar-stoppad-soffa-med-justerbar-ryggstod-linneutseende-gron-1.webp?fit=2000%2C2000&ssl=1","type":"image\/webp"}],"twitter_card":"summary_large_image","twitter_misc":{"Ber\u00e4knad l\u00e4stid":"1 minut"},"schema":{"@context":"https:\/\/schema.org","@graph":[{"@type":"WebPage","@id":"https:\/\/truusk.store\/sv\/produkt\/truusk-baddsoffa-3-sits-soffa-med-baddfunktion-2-kuddar-justerbar-ryggstod-linneutseende-gron\/","url":"https:\/\/truusk.store\/sv\/produkt\/truusk-baddsoffa-3-sits-soffa-med-baddfunktion-2-kuddar-justerbar-ryggstod-linneutseende-gron\/","name":"TRUUSK B\u00e4ddsoffa, 3-sits Soffa Med B\u00e4ddfunktion - 2 Kuddar - Justerbar Ryggst\u00f6d - Linneutseende - Gr\u00f6n - TRUUSK - Hem, Tr\u00e4dg\u00e5rd &amp; Fritid","isPartOf":{"@id":"https:\/\/truusk.store\/sv\/#website"},"primaryImageOfPage":{"@id":"https:\/\/truusk.store\/sv\/produkt\/truusk-baddsoffa-3-sits-soffa-med-baddfunktion-2-kuddar-justerbar-ryggstod-linneutseende-gron\/#primaryimage"},"image":{"@id":"https:\/\/truusk.store\/sv\/produkt\/truusk-baddsoffa-3-sits-soffa-med-baddfunktion-2-kuddar-justerbar-ryggstod-linneutseende-gron\/#primaryimage"},"thumbnailUrl":"https:\/\/i0.wp.com\/truusk.store\/wp-content\/uploads\/2025\/11\/baddsoffa-3-sits-soffa-med-baddfunktion-2-kuddar-stoppad-soffa-med-justerbar-ryggstod-linneutseende-gron-1.webp?fit=2000%2C2000&ssl=1","datePublished":"2025-11-10T11:46:18+00:00","dateModified":"2026-03-12T07:46:08+00:00","breadcrumb":{"@id":"https:\/\/truusk.store\/sv\/produkt\/truusk-baddsoffa-3-sits-soffa-med-baddfunktion-2-kuddar-justerbar-ryggstod-linneutseende-gron\/#breadcrumb"},"inLanguage":"sv-SE","potentialAction":[{"@type":"ReadAction","target":["https:\/\/truusk.store\/sv\/produkt\/truusk-baddsoffa-3-sits-soffa-med-baddfunktion-2-kuddar-justerbar-ryggstod-linneutseende-gron\/"]}]},{"@type":"ImageObject","inLanguage":"sv-SE","@id":"https:\/\/truusk.store\/sv\/produkt\/truusk-baddsoffa-3-sits-soffa-med-baddfunktion-2-kuddar-justerbar-ryggstod-linneutseende-gron\/#primaryimage","url":"https:\/\/i0.wp.com\/truusk.store\/wp-content\/uploads\/2025\/11\/baddsoffa-3-sits-soffa-med-baddfunktion-2-kuddar-stoppad-soffa-med-justerbar-ryggstod-linneutseende-gron-1.webp?fit=2000%2C2000&ssl=1","contentUrl":"https:\/\/i0.wp.com\/truusk.store\/wp-content\/uploads\/2025\/11\/baddsoffa-3-sits-soffa-med-baddfunktion-2-kuddar-stoppad-soffa-med-justerbar-ryggstod-linneutseende-gron-1.webp?fit=2000%2C2000&ssl=1","width":2000,"height":2000},{"@type":"BreadcrumbList","@id":"https:\/\/truusk.store\/sv\/produkt\/truusk-baddsoffa-3-sits-soffa-med-baddfunktion-2-kuddar-justerbar-ryggstod-linneutseende-gron\/#breadcrumb","itemListElement":[{"@type":"ListItem","position":1,"name":"Home","item":"https:\/\/truusk.store\/sv\/"},{"@type":"ListItem","position":2,"name":"Shop","item":"https:\/\/truusk.store\/shop\/"},{"@type":"ListItem","position":3,"name":"TRUUSK B\u00e4ddsoffa, 3-sits Soffa Med B\u00e4ddfunktion &#8211; 2 Kuddar &#8211; Justerbar Ryggst\u00f6d &#8211; Linneutseende &#8211; Gr\u00f6n"}]},{"@type":"WebSite","@id":"https:\/\/truusk.store\/sv\/#website","url":"https:\/\/truusk.store\/sv\/","name":"TRUUSK - Hem, Tr\u00e4dg\u00e5rd & Fritid","description":"","publisher":{"@id":"https:\/\/truusk.store\/sv\/#organization"},"potentialAction":[{"@type":"SearchAction","target":{"@type":"EntryPoint","urlTemplate":"https:\/\/truusk.store\/sv\/?s={search_term_string}"},"query-input":{"@type":"PropertyValueSpecification","valueRequired":true,"valueName":"search_term_string"}}],"inLanguage":"sv-SE"},{"@type":"Organization","@id":"https:\/\/truusk.store\/sv\/#organization","name":"TRUUSK - Hem, Tr\u00e4dg\u00e5rd & Fritid","url":"https:\/\/truusk.store\/sv\/","logo":{"@type":"ImageObject","inLanguage":"sv-SE","@id":"https:\/\/truusk.store\/sv\/#\/schema\/logo\/image\/","url":"https:\/\/i0.wp.com\/truusk.store\/wp-content\/uploads\/2026\/03\/cropped-TRUUSK.png?fit=2032%2C917&ssl=1","contentUrl":"https:\/\/i0.wp.com\/truusk.store\/wp-content\/uploads\/2026\/03\/cropped-TRUUSK.png?fit=2032%2C917&ssl=1","width":2032,"height":917,"caption":"TRUUSK - Hem, Tr\u00e4dg\u00e5rd & Fritid"},"image":{"@id":"https:\/\/truusk.store\/sv\/#\/schema\/logo\/image\/"}}]}},"jetpack_sharing_enabled":true,"_links":{"self":[{"href":"https:\/\/truusk.store\/sv\/wp-json\/wp\/v2\/product\/94711","targetHints":{"allow":["GET"]}}],"collection":[{"href":"https:\/\/truusk.store\/sv\/wp-json\/wp\/v2\/product"}],"about":[{"href":"https:\/\/truusk.store\/sv\/wp-json\/wp\/v2\/types\/product"}],"wp:featuredmedia":[{"embeddable":true,"href":"https:\/\/truusk.store\/sv\/wp-json\/wp\/v2\/media\/94699"}],"wp:attachment":[{"href":"https:\/\/truusk.store\/sv\/wp-json\/wp\/v2\/media?parent=94711"}],"wp:term":[{"taxonomy":"product_brand","embeddable":true,"href":"https:\/\/truusk.store\/sv\/wp-json\/wp\/v2\/product_brand?post=94711"},{"taxonomy":"product_cat","embeddable":true,"href":"https:\/\/truusk.store\/sv\/wp-json\/wp\/v2\/product_cat?post=94711"},{"taxonomy":"product_tag","embeddable":true,"href":"https:\/\/truusk.store\/sv\/wp-json\/wp\/v2\/product_tag?post=94711"}],"curies":[{"name":"wp","href":"https:\/\/api.w.org\/{rel}","templated":true}]}}