{"id":94731,"date":"2025-11-10T12:49:45","date_gmt":"2025-11-10T11:49:45","guid":{"rendered":"https:\/\/truusk.store\/product\/uppblasbar-juldekoration-med-led-lampor-polyester-for-inomhus-och-utomhus-rodgron\/"},"modified":"2026-03-12T08:47:00","modified_gmt":"2026-03-12T07:47:00","slug":"truusk-uppblasbar-juldekoration-med-led-lampor-polyester-inomhus-och-utomhus-rodgron","status":"publish","type":"product","link":"https:\/\/truusk.store\/sv\/produkt\/truusk-uppblasbar-juldekoration-med-led-lampor-polyester-inomhus-och-utomhus-rodgron\/","title":{"rendered":"TRUUSK Uppbl\u00e5sbar Juldekoration med LED-lampor &#8211; Polyester &#8211; Inomhus och Utomhus &#8211; R\u00f6d+Gr\u00f6n"},"content":{"rendered":"<p>Denna uppbl\u00e5sbara juldekoration fr\u00e5n TRUUSK med f\u00f6rb\u00e4ttrat stabilitetspaket st\u00e5r s\u00e4kert p\u00e5 terrassen eller i tr\u00e4dg\u00e5rden och ljusstarka LED-lampor ger ett livfullt sken. Upplev hur den glada jultomten dyker upp och f\u00f6r med sig en festlig st\u00e4mning till ditt hem.<\/p>\n<p>Beskrivning:<\/p>\n<ul>\n<li> En liten jultomte stiger automatiskt upp och ner, vilket ger en underh\u00e5llande och i\u00f6gonfallande tr\u00e4dg\u00e5rdsf\u00f6rest\u00e4llning<\/li>\n<li> Fem inbyggda LED-ljusset i juldekorationen ger en livfull, str\u00e5lande nattvy<\/li>\n<li> Bl\u00e5ser upp sig sj\u00e4lv p\u00e5 n\u00e5gra minuter med en inbyggd fl\u00e4kt, vilket m\u00f6jligg\u00f6r en problemfri installation<\/li>\n<li> Inneh\u00e5ller t\u00e4ltspikar, rep och sands\u00e4ckar som s\u00e4kerst\u00e4ller att juldekorationen st\u00e5r stabilt i din tr\u00e4dg\u00e5rd<\/li>\n<li> Tillverkad av IP44 vattent\u00e4tt polyester, vilket garanterar h\u00e5llbarhet i regn eller sn\u00f6<\/li>\n<\/ul>\n<p> Tekniska data:<\/p>\n<ul>\n<li> F\u00e4rg: R\u00f6d+Gr\u00f6n<\/li>\n<li> Material: Polyestertyg<\/li>\n<li> Totala dimensioner: 67B x 80T x 160-213H cm<\/li>\n<li> Kabell\u00e4ngd: 1,8 m<\/li>\n<li> Effekt per lampa: 0,36 W<\/li>\n<li> Fl\u00e4kt: DC 12V\/0,85A<\/li>\n<li> Ing\u00e5ng: 100-230V, 50\/60Hz<\/li>\n<li> Utg\u00e5ng: DC 12V\/2A<\/li>\n<li> Vattent\u00e4thet: IP44<\/li>\n<\/ul>\n<p>Leveransinneh\u00e5ll:<\/p>\n<ul>\n<li> 1 x Uppbl\u00e5sbar juldekoration<\/li>\n<li> 2 x Inbyggda fl\u00e4ktar<\/li>\n<li> 4 x Markspikar<\/li>\n<li> 4 x F\u00e4strep<\/li>\n<li> 5 x Sands\u00e4ckar<\/li>\n<li> 1 x Bruksanvisning<\/li>\n<\/ul>\n","protected":false},"excerpt":{"rendered":"<p>Denna uppbl\u00e5sbara juldekoration fr\u00e5n TRUUSK med f\u00f6rb\u00e4ttrat stabilitetspaket st\u00e5r s\u00e4kert p\u00e5 terrassen eller i tr\u00e4dg\u00e5rden och ljusstarka LED-lampor ger ett&#8230;<\/p>\n","protected":false},"featured_media":94722,"template":"","meta":[],"product_brand":[],"product_cat":[991,985,987,894],"product_tag":[],"class_list":{"0":"post-94731","1":"product","2":"type-product","3":"status-publish","4":"has-post-thumbnail","6":"product_cat-aufblasbarer-weihnachtsmann","7":"product_cat-juldekoration","8":"product_cat-julfigurer","9":"product_cat-julvarld","11":"first","12":"instock","13":"sale","14":"taxable","15":"shipping-taxable","16":"purchasable","17":"product-type-simple"},"yoast_head":"<!-- This site is optimized with the Yoast SEO plugin v25.4 - https:\/\/yoast.com\/wordpress\/plugins\/seo\/ -->\n<title>TRUUSK Uppbl\u00e5sbar Juldekoration med LED-lampor - Polyester - Inomhus och Utomhus - R\u00f6d+Gr\u00f6n - TRUUSK - Hem, Tr\u00e4dg\u00e5rd &amp; Fritid<\/title>\n<meta name=\"robots\" content=\"index, follow, max-snippet:-1, max-image-preview:large, max-video-preview:-1\" \/>\n<link rel=\"canonical\" href=\"https:\/\/truusk.store\/sv\/produkt\/truusk-uppblasbar-juldekoration-med-led-lampor-polyester-inomhus-och-utomhus-rodgron\/\" \/>\n<meta property=\"og:locale\" content=\"sv_SE\" \/>\n<meta property=\"og:type\" content=\"article\" \/>\n<meta property=\"og:title\" content=\"TRUUSK Uppbl\u00e5sbar Juldekoration med LED-lampor - Polyester - Inomhus och Utomhus - R\u00f6d+Gr\u00f6n - TRUUSK - Hem, Tr\u00e4dg\u00e5rd &amp; Fritid\" \/>\n<meta property=\"og:description\" content=\"Denna uppbl\u00e5sbara juldekoration fr\u00e5n TRUUSK med f\u00f6rb\u00e4ttrat stabilitetspaket st\u00e5r s\u00e4kert p\u00e5 terrassen eller i tr\u00e4dg\u00e5rden och ljusstarka LED-lampor ger ett...\" \/>\n<meta property=\"og:url\" content=\"https:\/\/truusk.store\/sv\/produkt\/truusk-uppblasbar-juldekoration-med-led-lampor-polyester-inomhus-och-utomhus-rodgron\/\" \/>\n<meta property=\"og:site_name\" content=\"TRUUSK - Hem, Tr\u00e4dg\u00e5rd &amp; Fritid\" \/>\n<meta property=\"article:modified_time\" content=\"2026-03-12T07:47:00+00:00\" \/>\n<meta property=\"og:image\" content=\"https:\/\/i0.wp.com\/truusk.se\/wp-content\/uploads\/2025\/11\/uppblasbar-juldekoration-med-led-lampor-polyester-for-inomhus-och-utomhus-rodgron-1.webp?fit=2000%2C2000&ssl=1\" \/>\n\t<meta property=\"og:image:width\" content=\"2000\" \/>\n\t<meta property=\"og:image:height\" content=\"2000\" \/>\n\t<meta property=\"og:image:type\" content=\"image\/webp\" \/>\n<meta name=\"twitter:card\" content=\"summary_large_image\" \/>\n<meta name=\"twitter:label1\" content=\"Ber\u00e4knad l\u00e4stid\" \/>\n\t<meta name=\"twitter:data1\" content=\"1 minut\" \/>\n<!-- \/ Yoast SEO plugin. -->","yoast_head_json":{"title":"TRUUSK Uppbl\u00e5sbar Juldekoration med LED-lampor - Polyester - Inomhus och Utomhus - R\u00f6d+Gr\u00f6n - TRUUSK - Hem, Tr\u00e4dg\u00e5rd &amp; Fritid","robots":{"index":"index","follow":"follow","max-snippet":"max-snippet:-1","max-image-preview":"max-image-preview:large","max-video-preview":"max-video-preview:-1"},"canonical":"https:\/\/truusk.store\/sv\/produkt\/truusk-uppblasbar-juldekoration-med-led-lampor-polyester-inomhus-och-utomhus-rodgron\/","og_locale":"sv_SE","og_type":"article","og_title":"TRUUSK Uppbl\u00e5sbar Juldekoration med LED-lampor - Polyester - Inomhus och Utomhus - R\u00f6d+Gr\u00f6n - TRUUSK - Hem, Tr\u00e4dg\u00e5rd &amp; Fritid","og_description":"Denna uppbl\u00e5sbara juldekoration fr\u00e5n TRUUSK med f\u00f6rb\u00e4ttrat stabilitetspaket st\u00e5r s\u00e4kert p\u00e5 terrassen eller i tr\u00e4dg\u00e5rden och ljusstarka LED-lampor ger ett...","og_url":"https:\/\/truusk.store\/sv\/produkt\/truusk-uppblasbar-juldekoration-med-led-lampor-polyester-inomhus-och-utomhus-rodgron\/","og_site_name":"TRUUSK - Hem, Tr\u00e4dg\u00e5rd &amp; Fritid","article_modified_time":"2026-03-12T07:47:00+00:00","og_image":[{"width":2000,"height":2000,"url":"https:\/\/i0.wp.com\/truusk.se\/wp-content\/uploads\/2025\/11\/uppblasbar-juldekoration-med-led-lampor-polyester-for-inomhus-och-utomhus-rodgron-1.webp?fit=2000%2C2000&ssl=1","type":"image\/webp"}],"twitter_card":"summary_large_image","twitter_misc":{"Ber\u00e4knad l\u00e4stid":"1 minut"},"schema":{"@context":"https:\/\/schema.org","@graph":[{"@type":"WebPage","@id":"https:\/\/truusk.store\/sv\/produkt\/truusk-uppblasbar-juldekoration-med-led-lampor-polyester-inomhus-och-utomhus-rodgron\/","url":"https:\/\/truusk.store\/sv\/produkt\/truusk-uppblasbar-juldekoration-med-led-lampor-polyester-inomhus-och-utomhus-rodgron\/","name":"TRUUSK Uppbl\u00e5sbar Juldekoration med LED-lampor - Polyester - Inomhus och Utomhus - R\u00f6d+Gr\u00f6n - TRUUSK - Hem, Tr\u00e4dg\u00e5rd &amp; Fritid","isPartOf":{"@id":"https:\/\/truusk.store\/sv\/#website"},"primaryImageOfPage":{"@id":"https:\/\/truusk.store\/sv\/produkt\/truusk-uppblasbar-juldekoration-med-led-lampor-polyester-inomhus-och-utomhus-rodgron\/#primaryimage"},"image":{"@id":"https:\/\/truusk.store\/sv\/produkt\/truusk-uppblasbar-juldekoration-med-led-lampor-polyester-inomhus-och-utomhus-rodgron\/#primaryimage"},"thumbnailUrl":"https:\/\/i0.wp.com\/truusk.store\/wp-content\/uploads\/2025\/11\/uppblasbar-juldekoration-med-led-lampor-polyester-for-inomhus-och-utomhus-rodgron-1.webp?fit=2000%2C2000&ssl=1","datePublished":"2025-11-10T11:49:45+00:00","dateModified":"2026-03-12T07:47:00+00:00","breadcrumb":{"@id":"https:\/\/truusk.store\/sv\/produkt\/truusk-uppblasbar-juldekoration-med-led-lampor-polyester-inomhus-och-utomhus-rodgron\/#breadcrumb"},"inLanguage":"sv-SE","potentialAction":[{"@type":"ReadAction","target":["https:\/\/truusk.store\/sv\/produkt\/truusk-uppblasbar-juldekoration-med-led-lampor-polyester-inomhus-och-utomhus-rodgron\/"]}]},{"@type":"ImageObject","inLanguage":"sv-SE","@id":"https:\/\/truusk.store\/sv\/produkt\/truusk-uppblasbar-juldekoration-med-led-lampor-polyester-inomhus-och-utomhus-rodgron\/#primaryimage","url":"https:\/\/i0.wp.com\/truusk.store\/wp-content\/uploads\/2025\/11\/uppblasbar-juldekoration-med-led-lampor-polyester-for-inomhus-och-utomhus-rodgron-1.webp?fit=2000%2C2000&ssl=1","contentUrl":"https:\/\/i0.wp.com\/truusk.store\/wp-content\/uploads\/2025\/11\/uppblasbar-juldekoration-med-led-lampor-polyester-for-inomhus-och-utomhus-rodgron-1.webp?fit=2000%2C2000&ssl=1","width":2000,"height":2000},{"@type":"BreadcrumbList","@id":"https:\/\/truusk.store\/sv\/produkt\/truusk-uppblasbar-juldekoration-med-led-lampor-polyester-inomhus-och-utomhus-rodgron\/#breadcrumb","itemListElement":[{"@type":"ListItem","position":1,"name":"Home","item":"https:\/\/truusk.store\/sv\/"},{"@type":"ListItem","position":2,"name":"Shop","item":"https:\/\/truusk.store\/shop\/"},{"@type":"ListItem","position":3,"name":"TRUUSK Uppbl\u00e5sbar Juldekoration med LED-lampor &#8211; Polyester &#8211; Inomhus och Utomhus &#8211; R\u00f6d+Gr\u00f6n"}]},{"@type":"WebSite","@id":"https:\/\/truusk.store\/sv\/#website","url":"https:\/\/truusk.store\/sv\/","name":"TRUUSK - Hem, Tr\u00e4dg\u00e5rd & Fritid","description":"","publisher":{"@id":"https:\/\/truusk.store\/sv\/#organization"},"potentialAction":[{"@type":"SearchAction","target":{"@type":"EntryPoint","urlTemplate":"https:\/\/truusk.store\/sv\/?s={search_term_string}"},"query-input":{"@type":"PropertyValueSpecification","valueRequired":true,"valueName":"search_term_string"}}],"inLanguage":"sv-SE"},{"@type":"Organization","@id":"https:\/\/truusk.store\/sv\/#organization","name":"TRUUSK - Hem, Tr\u00e4dg\u00e5rd & Fritid","url":"https:\/\/truusk.store\/sv\/","logo":{"@type":"ImageObject","inLanguage":"sv-SE","@id":"https:\/\/truusk.store\/sv\/#\/schema\/logo\/image\/","url":"https:\/\/i0.wp.com\/truusk.store\/wp-content\/uploads\/2026\/03\/cropped-TRUUSK.png?fit=2032%2C917&ssl=1","contentUrl":"https:\/\/i0.wp.com\/truusk.store\/wp-content\/uploads\/2026\/03\/cropped-TRUUSK.png?fit=2032%2C917&ssl=1","width":2032,"height":917,"caption":"TRUUSK - Hem, Tr\u00e4dg\u00e5rd & Fritid"},"image":{"@id":"https:\/\/truusk.store\/sv\/#\/schema\/logo\/image\/"}}]}},"jetpack_sharing_enabled":true,"_links":{"self":[{"href":"https:\/\/truusk.store\/sv\/wp-json\/wp\/v2\/product\/94731","targetHints":{"allow":["GET"]}}],"collection":[{"href":"https:\/\/truusk.store\/sv\/wp-json\/wp\/v2\/product"}],"about":[{"href":"https:\/\/truusk.store\/sv\/wp-json\/wp\/v2\/types\/product"}],"wp:featuredmedia":[{"embeddable":true,"href":"https:\/\/truusk.store\/sv\/wp-json\/wp\/v2\/media\/94722"}],"wp:attachment":[{"href":"https:\/\/truusk.store\/sv\/wp-json\/wp\/v2\/media?parent=94731"}],"wp:term":[{"taxonomy":"product_brand","embeddable":true,"href":"https:\/\/truusk.store\/sv\/wp-json\/wp\/v2\/product_brand?post=94731"},{"taxonomy":"product_cat","embeddable":true,"href":"https:\/\/truusk.store\/sv\/wp-json\/wp\/v2\/product_cat?post=94731"},{"taxonomy":"product_tag","embeddable":true,"href":"https:\/\/truusk.store\/sv\/wp-json\/wp\/v2\/product_tag?post=94731"}],"curies":[{"name":"wp","href":"https:\/\/api.w.org\/{rel}","templated":true}]}}