{"id":94766,"date":"2025-11-10T12:52:36","date_gmt":"2025-11-10T11:52:36","guid":{"rendered":"https:\/\/truusk.store\/product\/3-delad-snogubbe-familj-for-jul-utomhusdekoration-led-lampor-markspett-vattentat-stal-polyester-vit\/"},"modified":"2026-03-12T08:47:06","modified_gmt":"2026-03-12T07:47:06","slug":"truusk-3-delad-snogubbe-familj-for-jul-led-lampor-vattentat-utomhusdekoration-stal-polyester-vit","status":"publish","type":"product","link":"https:\/\/truusk.store\/sv\/produkt\/truusk-3-delad-snogubbe-familj-for-jul-led-lampor-vattentat-utomhusdekoration-stal-polyester-vit\/","title":{"rendered":"TRUUSK 3-delad Sn\u00f6gubbe Familj f\u00f6r Jul &#8211; LED-lampor &#8211; Vattent\u00e4t &#8211; Utomhusdekoration &#8211; St\u00e5l &#8211; Polyester &#8211; Vit"},"content":{"rendered":"<p>Den belysta julsn\u00f6gubbsfamiljen fr\u00e5n TRUUSK \u00f6vertygar med sin robusta, v\u00e4derbest\u00e4ndiga konstruktion. Varmt ljus ger en mysig utstr\u00e5lning och garanterar att ditt bed\u00e5rande trio lyser \u00e4ven i sn\u00f6 och vind. Bjud in familj och v\u00e4nner till magiska jul\u00f6gonblick med en LED-juldekoration som erbjuder varaktig charm och en varm atmosf\u00e4r.<\/p>\n<p>Beskrivning:<\/p>\n<ul>\n<li> Inneh\u00e5ller tre sn\u00f6gubbar i olika storlekar som representerar en komplett familjescen<\/li>\n<li> Utrustad med varmvita LED-lampor som ger ett mysigt och energisparande ljus<\/li>\n<li> Vattent\u00e4theten enligt IP44 garanterar att den t\u00e5l l\u00e4tt regn och sn\u00f6fall (f\u00f6rvara inomhus n\u00e4r den inte anv\u00e4nds)<\/li>\n<li> Inkluderar markspett som ger stabilitet till dekorationen<\/li>\n<li> Tillverkad med en rostbest\u00e4ndig st\u00e5lram och sp\u00e4nnband, garanterar h\u00e5llbarhet f\u00f6r kommande s\u00e4songer<\/li>\n<li> En l\u00e5ng str\u00f6mkabel till juldekorationen ger mer flexibilitet i placeringen utomhus<\/li>\n<li> En fantastisk festlig present eller en f\u00f6rtrollande dekoration f\u00f6r alla utomhusomr\u00e5den<\/li>\n<li> Ingen montering kr\u00e4vs<\/li>\n<\/ul>\n<p> Tekniska data:<\/p>\n<ul>\n<li> F\u00e4rg: Svart+Vit<\/li>\n<li> Material: St\u00e5l, Polyester<\/li>\n<li> Stor sn\u00f6gubbestorlek: 64B x 30T x 91,5H cm<\/li>\n<li> Medium sn\u00f6gubbestorlek: 45B x 30T x 83H cm<\/li>\n<li> Liten sn\u00f6gubbestorlek: 33B x 23T x 51H cm<\/li>\n<li> Antal LED-lampor: 128<\/li>\n<li> Kabell\u00e4ngd: 5 m<\/li>\n<li> Vattent\u00e4thetsklass: IP44<\/li>\n<li> Adaptering\u00e5ng: AC 220-240V, 50\/60Hz<\/li>\n<li> Adapterutg\u00e5ng: DC 5V, 6W, 1,2A<\/li>\n<li> LED Sp\u00e4nning\/Effekt: 3V, 0,015W<\/li>\n<\/ul>\n<p>Leveransinneh\u00e5ll:<\/p>\n<ul>\n<li> 3 x belyst julsn\u00f6gubbe<\/li>\n<li> 1 x markspett-set<\/li>\n<li> 1 x bruksanvisning<\/li>\n<\/ul>\n","protected":false},"excerpt":{"rendered":"<p>Den belysta julsn\u00f6gubbsfamiljen fr\u00e5n TRUUSK \u00f6vertygar med sin robusta, v\u00e4derbest\u00e4ndiga konstruktion. Varmt ljus ger en mysig utstr\u00e5lning och garanterar att&#8230;<\/p>\n","protected":false},"featured_media":94749,"template":"","meta":[],"product_brand":[],"product_cat":[717,985,894],"product_tag":[],"class_list":{"0":"post-94766","1":"product","2":"type-product","3":"status-publish","4":"has-post-thumbnail","6":"product_cat-julbelysning","7":"product_cat-juldekoration","8":"product_cat-julvarld","10":"first","11":"instock","12":"sale","13":"taxable","14":"shipping-taxable","15":"purchasable","16":"product-type-simple"},"yoast_head":"<!-- This site is optimized with the Yoast SEO plugin v25.4 - https:\/\/yoast.com\/wordpress\/plugins\/seo\/ -->\n<title>TRUUSK 3-delad Sn\u00f6gubbe Familj f\u00f6r Jul - LED-lampor - Vattent\u00e4t - Utomhusdekoration - St\u00e5l - Polyester - Vit - TRUUSK - Hem, Tr\u00e4dg\u00e5rd &amp; Fritid<\/title>\n<meta name=\"robots\" content=\"index, follow, max-snippet:-1, max-image-preview:large, max-video-preview:-1\" \/>\n<link rel=\"canonical\" href=\"https:\/\/truusk.store\/sv\/produkt\/truusk-3-delad-snogubbe-familj-for-jul-led-lampor-vattentat-utomhusdekoration-stal-polyester-vit\/\" \/>\n<meta property=\"og:locale\" content=\"sv_SE\" \/>\n<meta property=\"og:type\" content=\"article\" \/>\n<meta property=\"og:title\" content=\"TRUUSK 3-delad Sn\u00f6gubbe Familj f\u00f6r Jul - LED-lampor - Vattent\u00e4t - Utomhusdekoration - St\u00e5l - Polyester - Vit - TRUUSK - Hem, Tr\u00e4dg\u00e5rd &amp; Fritid\" \/>\n<meta property=\"og:description\" content=\"Den belysta julsn\u00f6gubbsfamiljen fr\u00e5n TRUUSK \u00f6vertygar med sin robusta, v\u00e4derbest\u00e4ndiga konstruktion. Varmt ljus ger en mysig utstr\u00e5lning och garanterar att...\" \/>\n<meta property=\"og:url\" content=\"https:\/\/truusk.store\/sv\/produkt\/truusk-3-delad-snogubbe-familj-for-jul-led-lampor-vattentat-utomhusdekoration-stal-polyester-vit\/\" \/>\n<meta property=\"og:site_name\" content=\"TRUUSK - Hem, Tr\u00e4dg\u00e5rd &amp; Fritid\" \/>\n<meta property=\"article:modified_time\" content=\"2026-03-12T07:47:06+00:00\" \/>\n<meta property=\"og:image\" content=\"https:\/\/i0.wp.com\/truusk.se\/wp-content\/uploads\/2025\/11\/3-delad-snogubbe-familj-for-jul-utomhusdekoration-led-lampor-markspett-vattentat-stal-polyester-vit-1.webp?fit=2000%2C2000&ssl=1\" \/>\n\t<meta property=\"og:image:width\" content=\"2000\" \/>\n\t<meta property=\"og:image:height\" content=\"2000\" \/>\n\t<meta property=\"og:image:type\" content=\"image\/webp\" \/>\n<meta name=\"twitter:card\" content=\"summary_large_image\" \/>\n<meta name=\"twitter:label1\" content=\"Ber\u00e4knad l\u00e4stid\" \/>\n\t<meta name=\"twitter:data1\" content=\"1 minut\" \/>\n<!-- \/ Yoast SEO plugin. -->","yoast_head_json":{"title":"TRUUSK 3-delad Sn\u00f6gubbe Familj f\u00f6r Jul - LED-lampor - Vattent\u00e4t - Utomhusdekoration - St\u00e5l - Polyester - Vit - TRUUSK - Hem, Tr\u00e4dg\u00e5rd &amp; Fritid","robots":{"index":"index","follow":"follow","max-snippet":"max-snippet:-1","max-image-preview":"max-image-preview:large","max-video-preview":"max-video-preview:-1"},"canonical":"https:\/\/truusk.store\/sv\/produkt\/truusk-3-delad-snogubbe-familj-for-jul-led-lampor-vattentat-utomhusdekoration-stal-polyester-vit\/","og_locale":"sv_SE","og_type":"article","og_title":"TRUUSK 3-delad Sn\u00f6gubbe Familj f\u00f6r Jul - LED-lampor - Vattent\u00e4t - Utomhusdekoration - St\u00e5l - Polyester - Vit - TRUUSK - Hem, Tr\u00e4dg\u00e5rd &amp; Fritid","og_description":"Den belysta julsn\u00f6gubbsfamiljen fr\u00e5n TRUUSK \u00f6vertygar med sin robusta, v\u00e4derbest\u00e4ndiga konstruktion. Varmt ljus ger en mysig utstr\u00e5lning och garanterar att...","og_url":"https:\/\/truusk.store\/sv\/produkt\/truusk-3-delad-snogubbe-familj-for-jul-led-lampor-vattentat-utomhusdekoration-stal-polyester-vit\/","og_site_name":"TRUUSK - Hem, Tr\u00e4dg\u00e5rd &amp; Fritid","article_modified_time":"2026-03-12T07:47:06+00:00","og_image":[{"width":2000,"height":2000,"url":"https:\/\/i0.wp.com\/truusk.se\/wp-content\/uploads\/2025\/11\/3-delad-snogubbe-familj-for-jul-utomhusdekoration-led-lampor-markspett-vattentat-stal-polyester-vit-1.webp?fit=2000%2C2000&ssl=1","type":"image\/webp"}],"twitter_card":"summary_large_image","twitter_misc":{"Ber\u00e4knad l\u00e4stid":"1 minut"},"schema":{"@context":"https:\/\/schema.org","@graph":[{"@type":"WebPage","@id":"https:\/\/truusk.store\/sv\/produkt\/truusk-3-delad-snogubbe-familj-for-jul-led-lampor-vattentat-utomhusdekoration-stal-polyester-vit\/","url":"https:\/\/truusk.store\/sv\/produkt\/truusk-3-delad-snogubbe-familj-for-jul-led-lampor-vattentat-utomhusdekoration-stal-polyester-vit\/","name":"TRUUSK 3-delad Sn\u00f6gubbe Familj f\u00f6r Jul - LED-lampor - Vattent\u00e4t - Utomhusdekoration - St\u00e5l - Polyester - Vit - TRUUSK - Hem, Tr\u00e4dg\u00e5rd &amp; Fritid","isPartOf":{"@id":"https:\/\/truusk.store\/sv\/#website"},"primaryImageOfPage":{"@id":"https:\/\/truusk.store\/sv\/produkt\/truusk-3-delad-snogubbe-familj-for-jul-led-lampor-vattentat-utomhusdekoration-stal-polyester-vit\/#primaryimage"},"image":{"@id":"https:\/\/truusk.store\/sv\/produkt\/truusk-3-delad-snogubbe-familj-for-jul-led-lampor-vattentat-utomhusdekoration-stal-polyester-vit\/#primaryimage"},"thumbnailUrl":"https:\/\/i0.wp.com\/truusk.store\/wp-content\/uploads\/2025\/11\/3-delad-snogubbe-familj-for-jul-utomhusdekoration-led-lampor-markspett-vattentat-stal-polyester-vit-1.webp?fit=2000%2C2000&ssl=1","datePublished":"2025-11-10T11:52:36+00:00","dateModified":"2026-03-12T07:47:06+00:00","breadcrumb":{"@id":"https:\/\/truusk.store\/sv\/produkt\/truusk-3-delad-snogubbe-familj-for-jul-led-lampor-vattentat-utomhusdekoration-stal-polyester-vit\/#breadcrumb"},"inLanguage":"sv-SE","potentialAction":[{"@type":"ReadAction","target":["https:\/\/truusk.store\/sv\/produkt\/truusk-3-delad-snogubbe-familj-for-jul-led-lampor-vattentat-utomhusdekoration-stal-polyester-vit\/"]}]},{"@type":"ImageObject","inLanguage":"sv-SE","@id":"https:\/\/truusk.store\/sv\/produkt\/truusk-3-delad-snogubbe-familj-for-jul-led-lampor-vattentat-utomhusdekoration-stal-polyester-vit\/#primaryimage","url":"https:\/\/i0.wp.com\/truusk.store\/wp-content\/uploads\/2025\/11\/3-delad-snogubbe-familj-for-jul-utomhusdekoration-led-lampor-markspett-vattentat-stal-polyester-vit-1.webp?fit=2000%2C2000&ssl=1","contentUrl":"https:\/\/i0.wp.com\/truusk.store\/wp-content\/uploads\/2025\/11\/3-delad-snogubbe-familj-for-jul-utomhusdekoration-led-lampor-markspett-vattentat-stal-polyester-vit-1.webp?fit=2000%2C2000&ssl=1","width":2000,"height":2000},{"@type":"BreadcrumbList","@id":"https:\/\/truusk.store\/sv\/produkt\/truusk-3-delad-snogubbe-familj-for-jul-led-lampor-vattentat-utomhusdekoration-stal-polyester-vit\/#breadcrumb","itemListElement":[{"@type":"ListItem","position":1,"name":"Home","item":"https:\/\/truusk.store\/sv\/"},{"@type":"ListItem","position":2,"name":"Shop","item":"https:\/\/truusk.store\/shop\/"},{"@type":"ListItem","position":3,"name":"TRUUSK 3-delad Sn\u00f6gubbe Familj f\u00f6r Jul &#8211; LED-lampor &#8211; Vattent\u00e4t &#8211; Utomhusdekoration &#8211; St\u00e5l &#8211; Polyester &#8211; Vit"}]},{"@type":"WebSite","@id":"https:\/\/truusk.store\/sv\/#website","url":"https:\/\/truusk.store\/sv\/","name":"TRUUSK - Hem, Tr\u00e4dg\u00e5rd & Fritid","description":"","publisher":{"@id":"https:\/\/truusk.store\/sv\/#organization"},"potentialAction":[{"@type":"SearchAction","target":{"@type":"EntryPoint","urlTemplate":"https:\/\/truusk.store\/sv\/?s={search_term_string}"},"query-input":{"@type":"PropertyValueSpecification","valueRequired":true,"valueName":"search_term_string"}}],"inLanguage":"sv-SE"},{"@type":"Organization","@id":"https:\/\/truusk.store\/sv\/#organization","name":"TRUUSK - Hem, Tr\u00e4dg\u00e5rd & Fritid","url":"https:\/\/truusk.store\/sv\/","logo":{"@type":"ImageObject","inLanguage":"sv-SE","@id":"https:\/\/truusk.store\/sv\/#\/schema\/logo\/image\/","url":"https:\/\/i0.wp.com\/truusk.store\/wp-content\/uploads\/2026\/03\/cropped-TRUUSK.png?fit=2032%2C917&ssl=1","contentUrl":"https:\/\/i0.wp.com\/truusk.store\/wp-content\/uploads\/2026\/03\/cropped-TRUUSK.png?fit=2032%2C917&ssl=1","width":2032,"height":917,"caption":"TRUUSK - Hem, Tr\u00e4dg\u00e5rd & Fritid"},"image":{"@id":"https:\/\/truusk.store\/sv\/#\/schema\/logo\/image\/"}}]}},"jetpack_sharing_enabled":true,"_links":{"self":[{"href":"https:\/\/truusk.store\/sv\/wp-json\/wp\/v2\/product\/94766","targetHints":{"allow":["GET"]}}],"collection":[{"href":"https:\/\/truusk.store\/sv\/wp-json\/wp\/v2\/product"}],"about":[{"href":"https:\/\/truusk.store\/sv\/wp-json\/wp\/v2\/types\/product"}],"wp:featuredmedia":[{"embeddable":true,"href":"https:\/\/truusk.store\/sv\/wp-json\/wp\/v2\/media\/94749"}],"wp:attachment":[{"href":"https:\/\/truusk.store\/sv\/wp-json\/wp\/v2\/media?parent=94766"}],"wp:term":[{"taxonomy":"product_brand","embeddable":true,"href":"https:\/\/truusk.store\/sv\/wp-json\/wp\/v2\/product_brand?post=94766"},{"taxonomy":"product_cat","embeddable":true,"href":"https:\/\/truusk.store\/sv\/wp-json\/wp\/v2\/product_cat?post=94766"},{"taxonomy":"product_tag","embeddable":true,"href":"https:\/\/truusk.store\/sv\/wp-json\/wp\/v2\/product_tag?post=94766"}],"curies":[{"name":"wp","href":"https:\/\/api.w.org\/{rel}","templated":true}]}}