{"id":94788,"date":"2025-11-10T12:54:47","date_gmt":"2025-11-10T11:54:47","guid":{"rendered":"https:\/\/truusk.store\/product\/rullbar-datorbord-hopfallbart-skrivbord-med-skap-och-lada-spanskiva-vit\/"},"modified":"2026-03-12T08:48:14","modified_gmt":"2026-03-12T07:48:14","slug":"truusk-rullbart-datorbord-hopfallbart-skrivbord-med-skap-och-lada-spanskiva-vit","status":"publish","type":"product","link":"https:\/\/truusk.store\/sv\/produkt\/truusk-rullbart-datorbord-hopfallbart-skrivbord-med-skap-och-lada-spanskiva-vit\/","title":{"rendered":"TRUUSK Rullbart Datorbord &#8211; Hopf\u00e4llbart Skrivbord Med Sk\u00e5p Och L\u00e5da &#8211; Sp\u00e5nskiva &#8211; Vit"},"content":{"rendered":"<p>K\u00e4mpar du med en tr\u00e5ng och kaotisk arbetsplats? Dessa dagliga problem kan st\u00f6ra din koncentration och kreativitet. TRUUSK-datorbordet kan f\u00e4llas ut eller vikas ihop, samtidigt som det genom \u00f6ppna och st\u00e4ngda f\u00f6rvaringsm\u00f6jligheter h\u00e5ller allt viktigt inom r\u00e4ckh\u00e5ll. Flytta den p\u00e5 mjukt glidande hjul p\u00e5 skrivbordet f\u00f6r att hitta den perfekta platsen och skapa en flexibel, organiserad arbetsmilj\u00f6 som anpassar sig till dig.<\/p>\n<p>Beskrivning:<\/p>\n<ul>\n<li> Det hopf\u00e4llbara bordet ut\u00f6kar ditt arbetsomr\u00e5de eller sparar utrymme och anpassar sig l\u00e4tt till olika rumsstorlekar<\/li>\n<li> Gott om f\u00f6rvaringsutrymme med en l\u00e5da, ett sk\u00e5p och en \u00f6ppen hylla h\u00e5ller ditt skrivbord snyggt<\/li>\n<li> En 3-stegs justerbar hylla i datorbordet f\u00f6r flexibel f\u00f6rvaring<\/li>\n<li> Sk\u00e5pd\u00f6rren p\u00e5 kontorsbordet med push-to-open-funktion m\u00f6jligg\u00f6r enkel, handfri tillg\u00e5ng till dina saker<\/li>\n<li> Sex universella hjul med tv\u00e5 bromsar erbjuder smidig r\u00f6rlighet och s\u00e4ker st\u00e5nd<\/li>\n<li> Robust sp\u00e5nskivekonstruktion s\u00e4kerst\u00e4ller stabilitet och b\u00e4r upp till 40 kg<\/li>\n<li> Dess moderna vita design passar s\u00f6ml\u00f6st in i alla inredningsstilar<\/li>\n<li> Montering kr\u00e4vs<\/li>\n<\/ul>\n<p> Tekniska specifikationer:<\/p>\n<ul>\n<li> F\u00e4rg: Vit<\/li>\n<li> Material: Sp\u00e5nskiva<\/li>\n<li> Totala dimensioner: 130L x 58B x 73,2H cm (utf\u00e4lld), 100L x 58B x 73,2H cm (hopf\u00e4lld)<\/li>\n<li> Kn\u00e4omr\u00e5desstorlek: 67,1B x 60H cm<\/li>\n<li> \u00d6ppet facks inre dimensioner: 28,8B x 56,1T x 18,3H cm<\/li>\n<li> L\u00e5dans inre dimensioner: 61,8B x 33,8T x 6,5H cm<\/li>\n<li> Sk\u00e5pets inre dimensioner: 28,8B x 56T x 45,5H cm<\/li>\n<li> B\u00e4rkapacitet: 40 kg (totalt), 10 kg (l\u00e5da\/fack\/sk\u00e5p), 5 kg (varje bordsskiva)<\/li>\n<\/ul>\n<p>Leveransinneh\u00e5ll:<\/p>\n<ul>\n<li> 1 x Datorbord<\/li>\n<li> 1 x Handbok<\/li>\n<\/ul>\n","protected":false},"excerpt":{"rendered":"<p>K\u00e4mpar du med en tr\u00e5ng och kaotisk arbetsplats? Dessa dagliga problem kan st\u00f6ra din koncentration och kreativitet. TRUUSK-datorbordet kan f\u00e4llas&#8230;<\/p>\n","protected":false},"featured_media":94772,"template":"","meta":[],"product_brand":[],"product_cat":[872,871,502],"product_tag":[],"class_list":{"0":"post-94788","1":"product","2":"type-product","3":"status-publish","4":"has-post-thumbnail","6":"product_cat-hemmakontor-arbetsplats","7":"product_cat-hus-hem","8":"product_cat-skrivbord","10":"first","11":"instock","12":"sale","13":"taxable","14":"shipping-taxable","15":"purchasable","16":"product-type-simple"},"yoast_head":"<!-- This site is optimized with the Yoast SEO plugin v25.4 - https:\/\/yoast.com\/wordpress\/plugins\/seo\/ -->\n<title>TRUUSK Rullbart Datorbord - Hopf\u00e4llbart Skrivbord Med Sk\u00e5p Och L\u00e5da - Sp\u00e5nskiva - Vit - TRUUSK - Hem, Tr\u00e4dg\u00e5rd &amp; Fritid<\/title>\n<meta name=\"robots\" content=\"index, follow, max-snippet:-1, max-image-preview:large, max-video-preview:-1\" \/>\n<link rel=\"canonical\" href=\"https:\/\/truusk.store\/sv\/produkt\/truusk-rullbart-datorbord-hopfallbart-skrivbord-med-skap-och-lada-spanskiva-vit\/\" \/>\n<meta property=\"og:locale\" content=\"sv_SE\" \/>\n<meta property=\"og:type\" content=\"article\" \/>\n<meta property=\"og:title\" content=\"TRUUSK Rullbart Datorbord - Hopf\u00e4llbart Skrivbord Med Sk\u00e5p Och L\u00e5da - Sp\u00e5nskiva - Vit - TRUUSK - Hem, Tr\u00e4dg\u00e5rd &amp; Fritid\" \/>\n<meta property=\"og:description\" content=\"K\u00e4mpar du med en tr\u00e5ng och kaotisk arbetsplats? Dessa dagliga problem kan st\u00f6ra din koncentration och kreativitet. TRUUSK-datorbordet kan f\u00e4llas...\" \/>\n<meta property=\"og:url\" content=\"https:\/\/truusk.store\/sv\/produkt\/truusk-rullbart-datorbord-hopfallbart-skrivbord-med-skap-och-lada-spanskiva-vit\/\" \/>\n<meta property=\"og:site_name\" content=\"TRUUSK - Hem, Tr\u00e4dg\u00e5rd &amp; Fritid\" \/>\n<meta property=\"article:modified_time\" content=\"2026-03-12T07:48:14+00:00\" \/>\n<meta property=\"og:image\" content=\"https:\/\/i0.wp.com\/truusk.se\/wp-content\/uploads\/2025\/11\/rullbar-datorbord-hopfallbart-skrivbord-med-skap-och-lada-spanskiva-vit-1.webp?fit=2000%2C2000&ssl=1\" \/>\n\t<meta property=\"og:image:width\" content=\"2000\" \/>\n\t<meta property=\"og:image:height\" content=\"2000\" \/>\n\t<meta property=\"og:image:type\" content=\"image\/webp\" \/>\n<meta name=\"twitter:card\" content=\"summary_large_image\" \/>\n<meta name=\"twitter:label1\" content=\"Ber\u00e4knad l\u00e4stid\" \/>\n\t<meta name=\"twitter:data1\" content=\"1 minut\" \/>\n<!-- \/ Yoast SEO plugin. -->","yoast_head_json":{"title":"TRUUSK Rullbart Datorbord - Hopf\u00e4llbart Skrivbord Med Sk\u00e5p Och L\u00e5da - Sp\u00e5nskiva - Vit - TRUUSK - Hem, Tr\u00e4dg\u00e5rd &amp; Fritid","robots":{"index":"index","follow":"follow","max-snippet":"max-snippet:-1","max-image-preview":"max-image-preview:large","max-video-preview":"max-video-preview:-1"},"canonical":"https:\/\/truusk.store\/sv\/produkt\/truusk-rullbart-datorbord-hopfallbart-skrivbord-med-skap-och-lada-spanskiva-vit\/","og_locale":"sv_SE","og_type":"article","og_title":"TRUUSK Rullbart Datorbord - Hopf\u00e4llbart Skrivbord Med Sk\u00e5p Och L\u00e5da - Sp\u00e5nskiva - Vit - TRUUSK - Hem, Tr\u00e4dg\u00e5rd &amp; Fritid","og_description":"K\u00e4mpar du med en tr\u00e5ng och kaotisk arbetsplats? Dessa dagliga problem kan st\u00f6ra din koncentration och kreativitet. TRUUSK-datorbordet kan f\u00e4llas...","og_url":"https:\/\/truusk.store\/sv\/produkt\/truusk-rullbart-datorbord-hopfallbart-skrivbord-med-skap-och-lada-spanskiva-vit\/","og_site_name":"TRUUSK - Hem, Tr\u00e4dg\u00e5rd &amp; Fritid","article_modified_time":"2026-03-12T07:48:14+00:00","og_image":[{"width":2000,"height":2000,"url":"https:\/\/i0.wp.com\/truusk.se\/wp-content\/uploads\/2025\/11\/rullbar-datorbord-hopfallbart-skrivbord-med-skap-och-lada-spanskiva-vit-1.webp?fit=2000%2C2000&ssl=1","type":"image\/webp"}],"twitter_card":"summary_large_image","twitter_misc":{"Ber\u00e4knad l\u00e4stid":"1 minut"},"schema":{"@context":"https:\/\/schema.org","@graph":[{"@type":"WebPage","@id":"https:\/\/truusk.store\/sv\/produkt\/truusk-rullbart-datorbord-hopfallbart-skrivbord-med-skap-och-lada-spanskiva-vit\/","url":"https:\/\/truusk.store\/sv\/produkt\/truusk-rullbart-datorbord-hopfallbart-skrivbord-med-skap-och-lada-spanskiva-vit\/","name":"TRUUSK Rullbart Datorbord - Hopf\u00e4llbart Skrivbord Med Sk\u00e5p Och L\u00e5da - Sp\u00e5nskiva - Vit - TRUUSK - Hem, Tr\u00e4dg\u00e5rd &amp; Fritid","isPartOf":{"@id":"https:\/\/truusk.store\/sv\/#website"},"primaryImageOfPage":{"@id":"https:\/\/truusk.store\/sv\/produkt\/truusk-rullbart-datorbord-hopfallbart-skrivbord-med-skap-och-lada-spanskiva-vit\/#primaryimage"},"image":{"@id":"https:\/\/truusk.store\/sv\/produkt\/truusk-rullbart-datorbord-hopfallbart-skrivbord-med-skap-och-lada-spanskiva-vit\/#primaryimage"},"thumbnailUrl":"https:\/\/i0.wp.com\/truusk.store\/wp-content\/uploads\/2025\/11\/rullbar-datorbord-hopfallbart-skrivbord-med-skap-och-lada-spanskiva-vit-1.webp?fit=2000%2C2000&ssl=1","datePublished":"2025-11-10T11:54:47+00:00","dateModified":"2026-03-12T07:48:14+00:00","breadcrumb":{"@id":"https:\/\/truusk.store\/sv\/produkt\/truusk-rullbart-datorbord-hopfallbart-skrivbord-med-skap-och-lada-spanskiva-vit\/#breadcrumb"},"inLanguage":"sv-SE","potentialAction":[{"@type":"ReadAction","target":["https:\/\/truusk.store\/sv\/produkt\/truusk-rullbart-datorbord-hopfallbart-skrivbord-med-skap-och-lada-spanskiva-vit\/"]}]},{"@type":"ImageObject","inLanguage":"sv-SE","@id":"https:\/\/truusk.store\/sv\/produkt\/truusk-rullbart-datorbord-hopfallbart-skrivbord-med-skap-och-lada-spanskiva-vit\/#primaryimage","url":"https:\/\/i0.wp.com\/truusk.store\/wp-content\/uploads\/2025\/11\/rullbar-datorbord-hopfallbart-skrivbord-med-skap-och-lada-spanskiva-vit-1.webp?fit=2000%2C2000&ssl=1","contentUrl":"https:\/\/i0.wp.com\/truusk.store\/wp-content\/uploads\/2025\/11\/rullbar-datorbord-hopfallbart-skrivbord-med-skap-och-lada-spanskiva-vit-1.webp?fit=2000%2C2000&ssl=1","width":2000,"height":2000},{"@type":"BreadcrumbList","@id":"https:\/\/truusk.store\/sv\/produkt\/truusk-rullbart-datorbord-hopfallbart-skrivbord-med-skap-och-lada-spanskiva-vit\/#breadcrumb","itemListElement":[{"@type":"ListItem","position":1,"name":"Home","item":"https:\/\/truusk.store\/sv\/"},{"@type":"ListItem","position":2,"name":"Shop","item":"https:\/\/truusk.store\/shop\/"},{"@type":"ListItem","position":3,"name":"TRUUSK Rullbart Datorbord &#8211; Hopf\u00e4llbart Skrivbord Med Sk\u00e5p Och L\u00e5da &#8211; Sp\u00e5nskiva &#8211; Vit"}]},{"@type":"WebSite","@id":"https:\/\/truusk.store\/sv\/#website","url":"https:\/\/truusk.store\/sv\/","name":"TRUUSK - Hem, Tr\u00e4dg\u00e5rd & Fritid","description":"","publisher":{"@id":"https:\/\/truusk.store\/sv\/#organization"},"potentialAction":[{"@type":"SearchAction","target":{"@type":"EntryPoint","urlTemplate":"https:\/\/truusk.store\/sv\/?s={search_term_string}"},"query-input":{"@type":"PropertyValueSpecification","valueRequired":true,"valueName":"search_term_string"}}],"inLanguage":"sv-SE"},{"@type":"Organization","@id":"https:\/\/truusk.store\/sv\/#organization","name":"TRUUSK - Hem, Tr\u00e4dg\u00e5rd & Fritid","url":"https:\/\/truusk.store\/sv\/","logo":{"@type":"ImageObject","inLanguage":"sv-SE","@id":"https:\/\/truusk.store\/sv\/#\/schema\/logo\/image\/","url":"https:\/\/i0.wp.com\/truusk.store\/wp-content\/uploads\/2026\/03\/cropped-TRUUSK.png?fit=2032%2C917&ssl=1","contentUrl":"https:\/\/i0.wp.com\/truusk.store\/wp-content\/uploads\/2026\/03\/cropped-TRUUSK.png?fit=2032%2C917&ssl=1","width":2032,"height":917,"caption":"TRUUSK - Hem, Tr\u00e4dg\u00e5rd & Fritid"},"image":{"@id":"https:\/\/truusk.store\/sv\/#\/schema\/logo\/image\/"}}]}},"jetpack_sharing_enabled":true,"_links":{"self":[{"href":"https:\/\/truusk.store\/sv\/wp-json\/wp\/v2\/product\/94788","targetHints":{"allow":["GET"]}}],"collection":[{"href":"https:\/\/truusk.store\/sv\/wp-json\/wp\/v2\/product"}],"about":[{"href":"https:\/\/truusk.store\/sv\/wp-json\/wp\/v2\/types\/product"}],"wp:featuredmedia":[{"embeddable":true,"href":"https:\/\/truusk.store\/sv\/wp-json\/wp\/v2\/media\/94772"}],"wp:attachment":[{"href":"https:\/\/truusk.store\/sv\/wp-json\/wp\/v2\/media?parent=94788"}],"wp:term":[{"taxonomy":"product_brand","embeddable":true,"href":"https:\/\/truusk.store\/sv\/wp-json\/wp\/v2\/product_brand?post=94788"},{"taxonomy":"product_cat","embeddable":true,"href":"https:\/\/truusk.store\/sv\/wp-json\/wp\/v2\/product_cat?post=94788"},{"taxonomy":"product_tag","embeddable":true,"href":"https:\/\/truusk.store\/sv\/wp-json\/wp\/v2\/product_tag?post=94788"}],"curies":[{"name":"wp","href":"https:\/\/api.w.org\/{rel}","templated":true}]}}