{"id":94791,"date":"2025-11-10T12:55:01","date_gmt":"2025-11-10T11:55:01","guid":{"rendered":"https:\/\/truusk.store\/product\/sidobord-med-forvaringsutrymme-byra-med-2-lador-justerbar-hylla-for-kok-vardagsrum-hall-naturligt-tra-vit\/"},"modified":"2026-03-12T08:48:14","modified_gmt":"2026-03-12T07:48:14","slug":"truusk-sidobord-med-forvaringsutrymme-byra-med-2-lador-justerbar-hylla-naturligt-tra-vit-for-kok-vardagsrum-hall","status":"publish","type":"product","link":"https:\/\/truusk.store\/sv\/produkt\/truusk-sidobord-med-forvaringsutrymme-byra-med-2-lador-justerbar-hylla-naturligt-tra-vit-for-kok-vardagsrum-hall\/","title":{"rendered":"TRUUSK Sidobord med F\u00f6rvaringsutrymme &#8211; Byr\u00e5 med 2 L\u00e5dor &#8211; Justerbar Hylla &#8211; Naturligt Tr\u00e4 &#8211; Vit &#8211; F\u00f6r K\u00f6k, Vardagsrum, Hall"},"content":{"rendered":"<p>Lider du av dagligt hush\u00e5llskaos som st\u00f6r din ro? V\u00e5rt TRUUSK sideboard skapar ordning och erbjuder plats f\u00f6r b\u00f6cker, dekorationer och mer i l\u00e5dor och bakom d\u00f6rrar. Denna sidobord med elegant tr\u00e4utseende och praktiska handtag g\u00f6r varje rum \u00f6versk\u00e5dligt och inbjudande.<\/p>\n<p>Beskrivning:<\/p>\n<ul>\n<li> Har tv\u00e5 l\u00e5dor och ett sk\u00e5p som erbjuder mycket f\u00f6rvaringsutrymme<\/li>\n<li> En 3-stegs justerbar hylla inuti passar f\u00f6r f\u00f6rem\u00e5l av olika h\u00f6jder<\/li>\n<li> Det moderna tv\u00e5f\u00e4rgade designen p\u00e5 sideboardet f\u00f6rh\u00f6jer ditt hem<\/li>\n<li> M\u00e5ngsidigt anv\u00e4ndbar som vardagsrumssk\u00e5p, buff\u00e9sk\u00e5p, hallsk\u00e5p och mer<\/li>\n<li> Tillverkad av sp\u00e5nskivor med en melamin yta f\u00f6r enkel reng\u00f6ring<\/li>\n<li> Inneh\u00e5ller ett anti-tip set som garanterar din familjs s\u00e4kerhet<\/li>\n<li> Halkfria fotdynor f\u00f6rhindrar skador p\u00e5 ditt golv<\/li>\n<li> Montering kr\u00e4vs<\/li>\n<\/ul>\n<p> Tekniska data:<\/p>\n<ul>\n<li> F\u00e4rg: Vit+Naturtr\u00e4<\/li>\n<li> Material: Sp\u00e5nskiva<\/li>\n<li> Totala dimensioner: 68,6B x 35T x 90,3H cm<\/li>\n<li> Inre storlek p\u00e5 l\u00e5dan: 27,4B x 23,7T x 8,2H cm<\/li>\n<li> Inre storlek p\u00e5 sk\u00e5pet: 66B x 32,5T x 60,3H cm<\/li>\n<li> Maximal belastning: 50 kg (totalt), 10 kg (ovanp\u00e5\/hylla\/l\u00e5da)<\/li>\n<\/ul>\n<p>Leverans inneh\u00e5ller:<\/p>\n<ul>\n<li> 1 x Sideboard<\/li>\n<li> 1 x Bruksanvisning<\/li>\n<\/ul>\n","protected":false},"excerpt":{"rendered":"<p>Lider du av dagligt hush\u00e5llskaos som st\u00f6r din ro? V\u00e5rt TRUUSK sideboard skapar ordning och erbjuder plats f\u00f6r b\u00f6cker, dekorationer&#8230;<\/p>\n","protected":false},"featured_media":94775,"template":"","meta":[],"product_brand":[],"product_cat":[956,871,910],"product_tag":[],"class_list":{"0":"post-94791","1":"product","2":"type-product","3":"status-publish","4":"has-post-thumbnail","6":"product_cat-byraer-sideboards","7":"product_cat-hus-hem","8":"product_cat-vardagsrum","10":"first","11":"instock","12":"sale","13":"taxable","14":"shipping-taxable","15":"purchasable","16":"product-type-simple"},"yoast_head":"<!-- This site is optimized with the Yoast SEO plugin v25.4 - https:\/\/yoast.com\/wordpress\/plugins\/seo\/ -->\n<title>TRUUSK Sidobord med F\u00f6rvaringsutrymme - Byr\u00e5 med 2 L\u00e5dor - Justerbar Hylla - Naturligt Tr\u00e4 - Vit - F\u00f6r K\u00f6k, Vardagsrum, Hall - TRUUSK - Hem, Tr\u00e4dg\u00e5rd &amp; Fritid<\/title>\n<meta name=\"robots\" content=\"index, follow, max-snippet:-1, max-image-preview:large, max-video-preview:-1\" \/>\n<link rel=\"canonical\" href=\"https:\/\/truusk.store\/sv\/produkt\/truusk-sidobord-med-forvaringsutrymme-byra-med-2-lador-justerbar-hylla-naturligt-tra-vit-for-kok-vardagsrum-hall\/\" \/>\n<meta property=\"og:locale\" content=\"sv_SE\" \/>\n<meta property=\"og:type\" content=\"article\" \/>\n<meta property=\"og:title\" content=\"TRUUSK Sidobord med F\u00f6rvaringsutrymme - Byr\u00e5 med 2 L\u00e5dor - Justerbar Hylla - Naturligt Tr\u00e4 - Vit - F\u00f6r K\u00f6k, Vardagsrum, Hall - TRUUSK - Hem, Tr\u00e4dg\u00e5rd &amp; Fritid\" \/>\n<meta property=\"og:description\" content=\"Lider du av dagligt hush\u00e5llskaos som st\u00f6r din ro? V\u00e5rt TRUUSK sideboard skapar ordning och erbjuder plats f\u00f6r b\u00f6cker, dekorationer...\" \/>\n<meta property=\"og:url\" content=\"https:\/\/truusk.store\/sv\/produkt\/truusk-sidobord-med-forvaringsutrymme-byra-med-2-lador-justerbar-hylla-naturligt-tra-vit-for-kok-vardagsrum-hall\/\" \/>\n<meta property=\"og:site_name\" content=\"TRUUSK - Hem, Tr\u00e4dg\u00e5rd &amp; Fritid\" \/>\n<meta property=\"article:modified_time\" content=\"2026-03-12T07:48:14+00:00\" \/>\n<meta property=\"og:image\" content=\"https:\/\/i0.wp.com\/truusk.se\/wp-content\/uploads\/2025\/11\/sidobord-med-forvaringsutrymme-byra-med-2-lador-justerbar-hylla-for-kok-vardagsrum-hall-naturligt-tra-vit-1.webp?fit=2000%2C2000&ssl=1\" \/>\n\t<meta property=\"og:image:width\" content=\"2000\" \/>\n\t<meta property=\"og:image:height\" content=\"2000\" \/>\n\t<meta property=\"og:image:type\" content=\"image\/webp\" \/>\n<meta name=\"twitter:card\" content=\"summary_large_image\" \/>\n<meta name=\"twitter:label1\" content=\"Ber\u00e4knad l\u00e4stid\" \/>\n\t<meta name=\"twitter:data1\" content=\"1 minut\" \/>\n<!-- \/ Yoast SEO plugin. -->","yoast_head_json":{"title":"TRUUSK Sidobord med F\u00f6rvaringsutrymme - Byr\u00e5 med 2 L\u00e5dor - Justerbar Hylla - Naturligt Tr\u00e4 - Vit - F\u00f6r K\u00f6k, Vardagsrum, Hall - TRUUSK - Hem, Tr\u00e4dg\u00e5rd &amp; Fritid","robots":{"index":"index","follow":"follow","max-snippet":"max-snippet:-1","max-image-preview":"max-image-preview:large","max-video-preview":"max-video-preview:-1"},"canonical":"https:\/\/truusk.store\/sv\/produkt\/truusk-sidobord-med-forvaringsutrymme-byra-med-2-lador-justerbar-hylla-naturligt-tra-vit-for-kok-vardagsrum-hall\/","og_locale":"sv_SE","og_type":"article","og_title":"TRUUSK Sidobord med F\u00f6rvaringsutrymme - Byr\u00e5 med 2 L\u00e5dor - Justerbar Hylla - Naturligt Tr\u00e4 - Vit - F\u00f6r K\u00f6k, Vardagsrum, Hall - TRUUSK - Hem, Tr\u00e4dg\u00e5rd &amp; Fritid","og_description":"Lider du av dagligt hush\u00e5llskaos som st\u00f6r din ro? V\u00e5rt TRUUSK sideboard skapar ordning och erbjuder plats f\u00f6r b\u00f6cker, dekorationer...","og_url":"https:\/\/truusk.store\/sv\/produkt\/truusk-sidobord-med-forvaringsutrymme-byra-med-2-lador-justerbar-hylla-naturligt-tra-vit-for-kok-vardagsrum-hall\/","og_site_name":"TRUUSK - Hem, Tr\u00e4dg\u00e5rd &amp; Fritid","article_modified_time":"2026-03-12T07:48:14+00:00","og_image":[{"width":2000,"height":2000,"url":"https:\/\/i0.wp.com\/truusk.se\/wp-content\/uploads\/2025\/11\/sidobord-med-forvaringsutrymme-byra-med-2-lador-justerbar-hylla-for-kok-vardagsrum-hall-naturligt-tra-vit-1.webp?fit=2000%2C2000&ssl=1","type":"image\/webp"}],"twitter_card":"summary_large_image","twitter_misc":{"Ber\u00e4knad l\u00e4stid":"1 minut"},"schema":{"@context":"https:\/\/schema.org","@graph":[{"@type":"WebPage","@id":"https:\/\/truusk.store\/sv\/produkt\/truusk-sidobord-med-forvaringsutrymme-byra-med-2-lador-justerbar-hylla-naturligt-tra-vit-for-kok-vardagsrum-hall\/","url":"https:\/\/truusk.store\/sv\/produkt\/truusk-sidobord-med-forvaringsutrymme-byra-med-2-lador-justerbar-hylla-naturligt-tra-vit-for-kok-vardagsrum-hall\/","name":"TRUUSK Sidobord med F\u00f6rvaringsutrymme - Byr\u00e5 med 2 L\u00e5dor - Justerbar Hylla - Naturligt Tr\u00e4 - Vit - F\u00f6r K\u00f6k, Vardagsrum, Hall - TRUUSK - Hem, Tr\u00e4dg\u00e5rd &amp; Fritid","isPartOf":{"@id":"https:\/\/truusk.store\/sv\/#website"},"primaryImageOfPage":{"@id":"https:\/\/truusk.store\/sv\/produkt\/truusk-sidobord-med-forvaringsutrymme-byra-med-2-lador-justerbar-hylla-naturligt-tra-vit-for-kok-vardagsrum-hall\/#primaryimage"},"image":{"@id":"https:\/\/truusk.store\/sv\/produkt\/truusk-sidobord-med-forvaringsutrymme-byra-med-2-lador-justerbar-hylla-naturligt-tra-vit-for-kok-vardagsrum-hall\/#primaryimage"},"thumbnailUrl":"https:\/\/i0.wp.com\/truusk.store\/wp-content\/uploads\/2025\/11\/sidobord-med-forvaringsutrymme-byra-med-2-lador-justerbar-hylla-for-kok-vardagsrum-hall-naturligt-tra-vit-1.webp?fit=2000%2C2000&ssl=1","datePublished":"2025-11-10T11:55:01+00:00","dateModified":"2026-03-12T07:48:14+00:00","breadcrumb":{"@id":"https:\/\/truusk.store\/sv\/produkt\/truusk-sidobord-med-forvaringsutrymme-byra-med-2-lador-justerbar-hylla-naturligt-tra-vit-for-kok-vardagsrum-hall\/#breadcrumb"},"inLanguage":"sv-SE","potentialAction":[{"@type":"ReadAction","target":["https:\/\/truusk.store\/sv\/produkt\/truusk-sidobord-med-forvaringsutrymme-byra-med-2-lador-justerbar-hylla-naturligt-tra-vit-for-kok-vardagsrum-hall\/"]}]},{"@type":"ImageObject","inLanguage":"sv-SE","@id":"https:\/\/truusk.store\/sv\/produkt\/truusk-sidobord-med-forvaringsutrymme-byra-med-2-lador-justerbar-hylla-naturligt-tra-vit-for-kok-vardagsrum-hall\/#primaryimage","url":"https:\/\/i0.wp.com\/truusk.store\/wp-content\/uploads\/2025\/11\/sidobord-med-forvaringsutrymme-byra-med-2-lador-justerbar-hylla-for-kok-vardagsrum-hall-naturligt-tra-vit-1.webp?fit=2000%2C2000&ssl=1","contentUrl":"https:\/\/i0.wp.com\/truusk.store\/wp-content\/uploads\/2025\/11\/sidobord-med-forvaringsutrymme-byra-med-2-lador-justerbar-hylla-for-kok-vardagsrum-hall-naturligt-tra-vit-1.webp?fit=2000%2C2000&ssl=1","width":2000,"height":2000},{"@type":"BreadcrumbList","@id":"https:\/\/truusk.store\/sv\/produkt\/truusk-sidobord-med-forvaringsutrymme-byra-med-2-lador-justerbar-hylla-naturligt-tra-vit-for-kok-vardagsrum-hall\/#breadcrumb","itemListElement":[{"@type":"ListItem","position":1,"name":"Home","item":"https:\/\/truusk.store\/sv\/"},{"@type":"ListItem","position":2,"name":"Shop","item":"https:\/\/truusk.store\/shop\/"},{"@type":"ListItem","position":3,"name":"TRUUSK Sidobord med F\u00f6rvaringsutrymme &#8211; Byr\u00e5 med 2 L\u00e5dor &#8211; Justerbar Hylla &#8211; Naturligt Tr\u00e4 &#8211; Vit &#8211; F\u00f6r K\u00f6k, Vardagsrum, Hall"}]},{"@type":"WebSite","@id":"https:\/\/truusk.store\/sv\/#website","url":"https:\/\/truusk.store\/sv\/","name":"TRUUSK - Hem, Tr\u00e4dg\u00e5rd & Fritid","description":"","publisher":{"@id":"https:\/\/truusk.store\/sv\/#organization"},"potentialAction":[{"@type":"SearchAction","target":{"@type":"EntryPoint","urlTemplate":"https:\/\/truusk.store\/sv\/?s={search_term_string}"},"query-input":{"@type":"PropertyValueSpecification","valueRequired":true,"valueName":"search_term_string"}}],"inLanguage":"sv-SE"},{"@type":"Organization","@id":"https:\/\/truusk.store\/sv\/#organization","name":"TRUUSK - Hem, Tr\u00e4dg\u00e5rd & Fritid","url":"https:\/\/truusk.store\/sv\/","logo":{"@type":"ImageObject","inLanguage":"sv-SE","@id":"https:\/\/truusk.store\/sv\/#\/schema\/logo\/image\/","url":"https:\/\/i0.wp.com\/truusk.store\/wp-content\/uploads\/2026\/03\/cropped-TRUUSK.png?fit=2032%2C917&ssl=1","contentUrl":"https:\/\/i0.wp.com\/truusk.store\/wp-content\/uploads\/2026\/03\/cropped-TRUUSK.png?fit=2032%2C917&ssl=1","width":2032,"height":917,"caption":"TRUUSK - Hem, Tr\u00e4dg\u00e5rd & Fritid"},"image":{"@id":"https:\/\/truusk.store\/sv\/#\/schema\/logo\/image\/"}}]}},"jetpack_sharing_enabled":true,"_links":{"self":[{"href":"https:\/\/truusk.store\/sv\/wp-json\/wp\/v2\/product\/94791","targetHints":{"allow":["GET"]}}],"collection":[{"href":"https:\/\/truusk.store\/sv\/wp-json\/wp\/v2\/product"}],"about":[{"href":"https:\/\/truusk.store\/sv\/wp-json\/wp\/v2\/types\/product"}],"wp:featuredmedia":[{"embeddable":true,"href":"https:\/\/truusk.store\/sv\/wp-json\/wp\/v2\/media\/94775"}],"wp:attachment":[{"href":"https:\/\/truusk.store\/sv\/wp-json\/wp\/v2\/media?parent=94791"}],"wp:term":[{"taxonomy":"product_brand","embeddable":true,"href":"https:\/\/truusk.store\/sv\/wp-json\/wp\/v2\/product_brand?post=94791"},{"taxonomy":"product_cat","embeddable":true,"href":"https:\/\/truusk.store\/sv\/wp-json\/wp\/v2\/product_cat?post=94791"},{"taxonomy":"product_tag","embeddable":true,"href":"https:\/\/truusk.store\/sv\/wp-json\/wp\/v2\/product_tag?post=94791"}],"curies":[{"name":"wp","href":"https:\/\/api.w.org\/{rel}","templated":true}]}}