{"id":94811,"date":"2025-11-10T12:56:49","date_gmt":"2025-11-10T11:56:49","guid":{"rendered":"https:\/\/truusk.store\/product\/koksskap-med-glasdorrar-hyllor-oppna-forvaringsutrymmen-172-cm-hogt-mdf-vit\/"},"modified":"2026-03-12T08:48:16","modified_gmt":"2026-03-12T07:48:16","slug":"truusk-koksskap-med-glasdorrar-hyllor-oppna-forvaringsutrymmen-172-cm-hogt-mdf-vit","status":"publish","type":"product","link":"https:\/\/truusk.store\/sv\/produkt\/truusk-koksskap-med-glasdorrar-hyllor-oppna-forvaringsutrymmen-172-cm-hogt-mdf-vit\/","title":{"rendered":"TRUUSK K\u00f6kssk\u00e5p Med Glasd\u00f6rrar &#8211; Hyllor &#8211; \u00f6ppna F\u00f6rvaringsutrymmen &#8211; 172 Cm H\u00f6gt &#8211; MDF &#8211; Vit"},"content":{"rendered":"<p>\u00c4r du tr\u00f6tt p\u00e5 att irritera dig \u00f6ver k\u00f6kskaos och ol\u00e4mpliga m\u00f6bler? Den st\u00e4ndiga s\u00f6kningen efter plats kan f\u00e5 din l\u00e4genhet att se kaotisk och lite inbjudande ut. Detta robusta k\u00f6kssk\u00e5p med gott om f\u00f6rvaringsutrymme och tippskydd ger s\u00e4kerhet, medan den eleganta ytan i vit tr\u00e4look och glasd\u00f6rrarna p\u00e5 h\u00f6gsk\u00e5pet effektivt presenterar dina favoritf\u00f6rem\u00e5l och skapar en trevlig, stilfull k\u00f6ksatmosf\u00e4r.<\/p>\n<p>Beskrivning:<\/p>\n<ul>\n<li> Tv\u00e5 dubbeld\u00f6rrsk\u00e5p och sex \u00f6ppna hyllor i skafferisk\u00e5pet h\u00e5ller ditt k\u00f6k snyggt<\/li>\n<li> Trestegs justerbara hyllor rymmer f\u00f6rem\u00e5l av olika h\u00f6jder<\/li>\n<li> Soft-close g\u00e5ngj\u00e4rn p\u00e5 buff\u00e9sk\u00e5pet f\u00f6rhindrar slammande och skapar en fredlig och lugn k\u00f6ksatmosf\u00e4r<\/li>\n<li> Modern design med glasd\u00f6rrar visar dina f\u00f6rem\u00e5l och optimerar din inredning<\/li>\n<li> Utrustad med ett tippskydd-set som f\u00e4sts p\u00e5 v\u00e4ggen f\u00f6r familjens s\u00e4kerhet<\/li>\n<li> Montering kr\u00e4vs<\/li>\n<\/ul>\n<p> Tekniska data:<\/p>\n<ul>\n<li> F\u00e4rg: Vit<\/li>\n<li> Material: Sp\u00e5nskiva, MDF<\/li>\n<li> Totala dimensioner: 90B x 35T x 172H cm<\/li>\n<li> Sk\u00e5pets inre utrymme: 56,6B x 30,6T x 80H cm (varje)<\/li>\n<li> Storlek p\u00e5 \u00f6ppen hylla: 28,4B x 32,8T x 25,6H cm (varje)<\/li>\n<li> Golv till golv h\u00f6jd: 2,5 cm<\/li>\n<li> Maximal belastning: 90 kg (totalt), 20 kg (\u00f6vre), 10 kg (inre sk\u00e5pfack), 5 kg (\u00f6ppen hylla)<\/li>\n<\/ul>\n<p>Leveransinneh\u00e5ll:<\/p>\n<ul>\n<li> 1 x k\u00f6kssk\u00e5p<\/li>\n<li> 1 x bruksanvisning<\/li>\n<\/ul>\n","protected":false},"excerpt":{"rendered":"<p>\u00c4r du tr\u00f6tt p\u00e5 att irritera dig \u00f6ver k\u00f6kskaos och ol\u00e4mpliga m\u00f6bler? Den st\u00e4ndiga s\u00f6kningen efter plats kan f\u00e5 din&#8230;<\/p>\n","protected":false},"featured_media":94801,"template":"","meta":[],"product_brand":[],"product_cat":[871,889,534],"product_tag":[],"class_list":{"0":"post-94811","1":"product","2":"type-product","3":"status-publish","4":"has-post-thumbnail","6":"product_cat-hus-hem","7":"product_cat-kok-matsal","8":"product_cat-koksskap","10":"first","11":"instock","12":"sale","13":"taxable","14":"shipping-taxable","15":"purchasable","16":"product-type-simple"},"yoast_head":"<!-- This site is optimized with the Yoast SEO plugin v25.4 - https:\/\/yoast.com\/wordpress\/plugins\/seo\/ -->\n<title>TRUUSK K\u00f6kssk\u00e5p Med Glasd\u00f6rrar - Hyllor - \u00f6ppna F\u00f6rvaringsutrymmen - 172 Cm H\u00f6gt - MDF - Vit - TRUUSK - Hem, Tr\u00e4dg\u00e5rd &amp; Fritid<\/title>\n<meta name=\"robots\" content=\"index, follow, max-snippet:-1, max-image-preview:large, max-video-preview:-1\" \/>\n<link rel=\"canonical\" href=\"https:\/\/truusk.store\/sv\/produkt\/truusk-koksskap-med-glasdorrar-hyllor-oppna-forvaringsutrymmen-172-cm-hogt-mdf-vit\/\" \/>\n<meta property=\"og:locale\" content=\"sv_SE\" \/>\n<meta property=\"og:type\" content=\"article\" \/>\n<meta property=\"og:title\" content=\"TRUUSK K\u00f6kssk\u00e5p Med Glasd\u00f6rrar - Hyllor - \u00f6ppna F\u00f6rvaringsutrymmen - 172 Cm H\u00f6gt - MDF - Vit - TRUUSK - Hem, Tr\u00e4dg\u00e5rd &amp; Fritid\" \/>\n<meta property=\"og:description\" content=\"\u00c4r du tr\u00f6tt p\u00e5 att irritera dig \u00f6ver k\u00f6kskaos och ol\u00e4mpliga m\u00f6bler? Den st\u00e4ndiga s\u00f6kningen efter plats kan f\u00e5 din...\" \/>\n<meta property=\"og:url\" content=\"https:\/\/truusk.store\/sv\/produkt\/truusk-koksskap-med-glasdorrar-hyllor-oppna-forvaringsutrymmen-172-cm-hogt-mdf-vit\/\" \/>\n<meta property=\"og:site_name\" content=\"TRUUSK - Hem, Tr\u00e4dg\u00e5rd &amp; Fritid\" \/>\n<meta property=\"article:modified_time\" content=\"2026-03-12T07:48:16+00:00\" \/>\n<meta property=\"og:image\" content=\"https:\/\/i0.wp.com\/truusk.se\/wp-content\/uploads\/2025\/11\/koksskap-med-glasdorrar-hyllor-oppna-forvaringsutrymmen-172-cm-hogt-mdf-vit-1.webp?fit=2000%2C2000&ssl=1\" \/>\n\t<meta property=\"og:image:width\" content=\"2000\" \/>\n\t<meta property=\"og:image:height\" content=\"2000\" \/>\n\t<meta property=\"og:image:type\" content=\"image\/webp\" \/>\n<meta name=\"twitter:card\" content=\"summary_large_image\" \/>\n<meta name=\"twitter:label1\" content=\"Ber\u00e4knad l\u00e4stid\" \/>\n\t<meta name=\"twitter:data1\" content=\"1 minut\" \/>\n<!-- \/ Yoast SEO plugin. -->","yoast_head_json":{"title":"TRUUSK K\u00f6kssk\u00e5p Med Glasd\u00f6rrar - Hyllor - \u00f6ppna F\u00f6rvaringsutrymmen - 172 Cm H\u00f6gt - MDF - Vit - TRUUSK - Hem, Tr\u00e4dg\u00e5rd &amp; Fritid","robots":{"index":"index","follow":"follow","max-snippet":"max-snippet:-1","max-image-preview":"max-image-preview:large","max-video-preview":"max-video-preview:-1"},"canonical":"https:\/\/truusk.store\/sv\/produkt\/truusk-koksskap-med-glasdorrar-hyllor-oppna-forvaringsutrymmen-172-cm-hogt-mdf-vit\/","og_locale":"sv_SE","og_type":"article","og_title":"TRUUSK K\u00f6kssk\u00e5p Med Glasd\u00f6rrar - Hyllor - \u00f6ppna F\u00f6rvaringsutrymmen - 172 Cm H\u00f6gt - MDF - Vit - TRUUSK - Hem, Tr\u00e4dg\u00e5rd &amp; Fritid","og_description":"\u00c4r du tr\u00f6tt p\u00e5 att irritera dig \u00f6ver k\u00f6kskaos och ol\u00e4mpliga m\u00f6bler? Den st\u00e4ndiga s\u00f6kningen efter plats kan f\u00e5 din...","og_url":"https:\/\/truusk.store\/sv\/produkt\/truusk-koksskap-med-glasdorrar-hyllor-oppna-forvaringsutrymmen-172-cm-hogt-mdf-vit\/","og_site_name":"TRUUSK - Hem, Tr\u00e4dg\u00e5rd &amp; Fritid","article_modified_time":"2026-03-12T07:48:16+00:00","og_image":[{"width":2000,"height":2000,"url":"https:\/\/i0.wp.com\/truusk.se\/wp-content\/uploads\/2025\/11\/koksskap-med-glasdorrar-hyllor-oppna-forvaringsutrymmen-172-cm-hogt-mdf-vit-1.webp?fit=2000%2C2000&ssl=1","type":"image\/webp"}],"twitter_card":"summary_large_image","twitter_misc":{"Ber\u00e4knad l\u00e4stid":"1 minut"},"schema":{"@context":"https:\/\/schema.org","@graph":[{"@type":"WebPage","@id":"https:\/\/truusk.store\/sv\/produkt\/truusk-koksskap-med-glasdorrar-hyllor-oppna-forvaringsutrymmen-172-cm-hogt-mdf-vit\/","url":"https:\/\/truusk.store\/sv\/produkt\/truusk-koksskap-med-glasdorrar-hyllor-oppna-forvaringsutrymmen-172-cm-hogt-mdf-vit\/","name":"TRUUSK K\u00f6kssk\u00e5p Med Glasd\u00f6rrar - Hyllor - \u00f6ppna F\u00f6rvaringsutrymmen - 172 Cm H\u00f6gt - MDF - Vit - TRUUSK - Hem, Tr\u00e4dg\u00e5rd &amp; Fritid","isPartOf":{"@id":"https:\/\/truusk.store\/sv\/#website"},"primaryImageOfPage":{"@id":"https:\/\/truusk.store\/sv\/produkt\/truusk-koksskap-med-glasdorrar-hyllor-oppna-forvaringsutrymmen-172-cm-hogt-mdf-vit\/#primaryimage"},"image":{"@id":"https:\/\/truusk.store\/sv\/produkt\/truusk-koksskap-med-glasdorrar-hyllor-oppna-forvaringsutrymmen-172-cm-hogt-mdf-vit\/#primaryimage"},"thumbnailUrl":"https:\/\/i0.wp.com\/truusk.store\/wp-content\/uploads\/2025\/11\/koksskap-med-glasdorrar-hyllor-oppna-forvaringsutrymmen-172-cm-hogt-mdf-vit-1.webp?fit=2000%2C2000&ssl=1","datePublished":"2025-11-10T11:56:49+00:00","dateModified":"2026-03-12T07:48:16+00:00","breadcrumb":{"@id":"https:\/\/truusk.store\/sv\/produkt\/truusk-koksskap-med-glasdorrar-hyllor-oppna-forvaringsutrymmen-172-cm-hogt-mdf-vit\/#breadcrumb"},"inLanguage":"sv-SE","potentialAction":[{"@type":"ReadAction","target":["https:\/\/truusk.store\/sv\/produkt\/truusk-koksskap-med-glasdorrar-hyllor-oppna-forvaringsutrymmen-172-cm-hogt-mdf-vit\/"]}]},{"@type":"ImageObject","inLanguage":"sv-SE","@id":"https:\/\/truusk.store\/sv\/produkt\/truusk-koksskap-med-glasdorrar-hyllor-oppna-forvaringsutrymmen-172-cm-hogt-mdf-vit\/#primaryimage","url":"https:\/\/i0.wp.com\/truusk.store\/wp-content\/uploads\/2025\/11\/koksskap-med-glasdorrar-hyllor-oppna-forvaringsutrymmen-172-cm-hogt-mdf-vit-1.webp?fit=2000%2C2000&ssl=1","contentUrl":"https:\/\/i0.wp.com\/truusk.store\/wp-content\/uploads\/2025\/11\/koksskap-med-glasdorrar-hyllor-oppna-forvaringsutrymmen-172-cm-hogt-mdf-vit-1.webp?fit=2000%2C2000&ssl=1","width":2000,"height":2000},{"@type":"BreadcrumbList","@id":"https:\/\/truusk.store\/sv\/produkt\/truusk-koksskap-med-glasdorrar-hyllor-oppna-forvaringsutrymmen-172-cm-hogt-mdf-vit\/#breadcrumb","itemListElement":[{"@type":"ListItem","position":1,"name":"Home","item":"https:\/\/truusk.store\/sv\/"},{"@type":"ListItem","position":2,"name":"Shop","item":"https:\/\/truusk.store\/shop\/"},{"@type":"ListItem","position":3,"name":"TRUUSK K\u00f6kssk\u00e5p Med Glasd\u00f6rrar &#8211; Hyllor &#8211; \u00f6ppna F\u00f6rvaringsutrymmen &#8211; 172 Cm H\u00f6gt &#8211; MDF &#8211; Vit"}]},{"@type":"WebSite","@id":"https:\/\/truusk.store\/sv\/#website","url":"https:\/\/truusk.store\/sv\/","name":"TRUUSK - Hem, Tr\u00e4dg\u00e5rd & Fritid","description":"","publisher":{"@id":"https:\/\/truusk.store\/sv\/#organization"},"potentialAction":[{"@type":"SearchAction","target":{"@type":"EntryPoint","urlTemplate":"https:\/\/truusk.store\/sv\/?s={search_term_string}"},"query-input":{"@type":"PropertyValueSpecification","valueRequired":true,"valueName":"search_term_string"}}],"inLanguage":"sv-SE"},{"@type":"Organization","@id":"https:\/\/truusk.store\/sv\/#organization","name":"TRUUSK - Hem, Tr\u00e4dg\u00e5rd & Fritid","url":"https:\/\/truusk.store\/sv\/","logo":{"@type":"ImageObject","inLanguage":"sv-SE","@id":"https:\/\/truusk.store\/sv\/#\/schema\/logo\/image\/","url":"https:\/\/i0.wp.com\/truusk.store\/wp-content\/uploads\/2026\/03\/cropped-TRUUSK.png?fit=2032%2C917&ssl=1","contentUrl":"https:\/\/i0.wp.com\/truusk.store\/wp-content\/uploads\/2026\/03\/cropped-TRUUSK.png?fit=2032%2C917&ssl=1","width":2032,"height":917,"caption":"TRUUSK - Hem, Tr\u00e4dg\u00e5rd & Fritid"},"image":{"@id":"https:\/\/truusk.store\/sv\/#\/schema\/logo\/image\/"}}]}},"jetpack_sharing_enabled":true,"_links":{"self":[{"href":"https:\/\/truusk.store\/sv\/wp-json\/wp\/v2\/product\/94811","targetHints":{"allow":["GET"]}}],"collection":[{"href":"https:\/\/truusk.store\/sv\/wp-json\/wp\/v2\/product"}],"about":[{"href":"https:\/\/truusk.store\/sv\/wp-json\/wp\/v2\/types\/product"}],"wp:featuredmedia":[{"embeddable":true,"href":"https:\/\/truusk.store\/sv\/wp-json\/wp\/v2\/media\/94801"}],"wp:attachment":[{"href":"https:\/\/truusk.store\/sv\/wp-json\/wp\/v2\/media?parent=94811"}],"wp:term":[{"taxonomy":"product_brand","embeddable":true,"href":"https:\/\/truusk.store\/sv\/wp-json\/wp\/v2\/product_brand?post=94811"},{"taxonomy":"product_cat","embeddable":true,"href":"https:\/\/truusk.store\/sv\/wp-json\/wp\/v2\/product_cat?post=94811"},{"taxonomy":"product_tag","embeddable":true,"href":"https:\/\/truusk.store\/sv\/wp-json\/wp\/v2\/product_tag?post=94811"}],"curies":[{"name":"wp","href":"https:\/\/api.w.org\/{rel}","templated":true}]}}