{"id":94834,"date":"2025-11-10T12:59:12","date_gmt":"2025-11-10T11:59:12","guid":{"rendered":"https:\/\/truusk.store\/product\/sportnow-4-i-1-hantelset-kort-hantel-set-kort-hantlar-lang-hantlar-justerbar-25-kg-for-styrketraning-hemma\/"},"modified":"2026-03-12T08:48:20","modified_gmt":"2026-03-12T07:48:20","slug":"truusk-4-i-1-hantelset-kort-hantel-set-lang-hantlar-justerbar-25-kg-for-styrketraning-hemma","status":"publish","type":"product","link":"https:\/\/truusk.store\/sv\/produkt\/truusk-4-i-1-hantelset-kort-hantel-set-lang-hantlar-justerbar-25-kg-for-styrketraning-hemma\/","title":{"rendered":"TRUUSK 4-i-1 Hantelset &#8211; Kort Hantel Set &#8211; L\u00e5ng Hantlar &#8211; Justerbar 25 KG &#8211; F\u00f6r Styrketr\u00e4ning Hemma"},"content":{"rendered":"<p>4-i-1 SPORTNOW korta hantelsetet \u00e4r justerbart och kan anv\u00e4ndas som hantlar, l\u00e5nga hantlar, kettlebells eller push-up st\u00e4nger. Detta viktset kan enkelt justeras f\u00f6r att variera din tr\u00e4ningsrutin. Anpassa vikterna efter behov f\u00f6r att s\u00e4kerst\u00e4lla komfort under tr\u00e4ningen &#8211; perfekt f\u00f6r nyb\u00f6rjare och proffs. Perfekt f\u00f6r biceps curls, squats, axellyft, lunges och b\u00e4nkpress, m\u00f6jligg\u00f6r helkroppstr\u00e4ning.<\/p>\n<p>Beskrivning:<\/p>\n<ul>\n<li> 25 kg 4-i-1 set: hantlar, l\u00e5nga hantlar, kettlebells och push-up handtag<\/li>\n<li> L\u00e4gg till eller minska vikt efter behov f\u00f6r att s\u00e4kerst\u00e4lla en bekv\u00e4m tr\u00e4ning<\/li>\n<li> Hantlarnas plast\u00f6verdrag \u00e4r robust, luktfritt och rostbest\u00e4ndigt<\/li>\n<li> Halkfria handtag som underl\u00e4ttar grepp och lyft<\/li>\n<li> S\u00e4kringsringar ing\u00e5r, placera dem p\u00e5 st\u00e5ngen f\u00f6r att h\u00e5lla viktplattorna s\u00e4kert<\/li>\n<li> Enkel montering kr\u00e4vs<\/li>\n<\/ul>\n<p> Tekniska specifikationer:<\/p>\n<ul>\n<li> F\u00e4rg: R\u00f6d<\/li>\n<li> Material: Plast, sand<\/li>\n<li> Totala dimensioner: 125L x 18B x 18H cm<\/li>\n<li> 2,5 kg \/ 2 kg plattor dimensioner: 19,5L x 18B x 4H cm<\/li>\n<li> 1,5 kg plattor dimensioner: 16L x 15B x 3,5H cm<\/li>\n<li> Hantelst\u00e5ngens dimensioner: \u00d82,5 x 40L cm<\/li>\n<li> Notera: Standard 1&#8243; (2,5 cm) plattah\u00e5l passar de flesta hemtr\u00e4ningsst\u00e4nger och -utrustningar<\/li>\n<\/ul>\n<p>Leveransinneh\u00e5ll:<\/p>\n<ul>\n<li> 4 x 2,5 kg platta<\/li>\n<li> 4 x 2 kg platta<\/li>\n<li> 4 x 1,5 kg platta<\/li>\n<li> 2 x hantelst\u00e5ng<\/li>\n<li> 2 x kettlebell-handtag<\/li>\n<li> 1 x kettlebell-basst\u00e5ng<\/li>\n<li> 1 x l\u00e5ng hantelanslutningsst\u00e5ng<\/li>\n<li> 6 x stj\u00e4rnl\u00e5s<\/li>\n<li> 1 x bruksanvisning<\/li>\n<\/ul>\n","protected":false},"excerpt":{"rendered":"<p>4-i-1 SPORTNOW korta hantelsetet \u00e4r justerbart och kan anv\u00e4ndas som hantlar, l\u00e5nga hantlar, kettlebells eller push-up st\u00e4nger. Detta viktset kan&#8230;<\/p>\n","protected":false},"featured_media":94822,"template":"","meta":[],"product_brand":[],"product_cat":[873,668,647],"product_tag":[],"class_list":{"0":"post-94834","1":"product","2":"type-product","3":"status-publish","4":"has-post-thumbnail","6":"product_cat-fitness-styrketraning","7":"product_cat-hantlar","8":"product_cat-sport-fritid","10":"first","11":"instock","12":"sale","13":"taxable","14":"shipping-taxable","15":"purchasable","16":"product-type-simple"},"yoast_head":"<!-- This site is optimized with the Yoast SEO plugin v25.4 - https:\/\/yoast.com\/wordpress\/plugins\/seo\/ -->\n<title>TRUUSK 4-i-1 Hantelset - Kort Hantel Set - L\u00e5ng Hantlar - Justerbar 25 KG - F\u00f6r Styrketr\u00e4ning Hemma - TRUUSK - Hem, Tr\u00e4dg\u00e5rd &amp; Fritid<\/title>\n<meta name=\"robots\" content=\"index, follow, max-snippet:-1, max-image-preview:large, max-video-preview:-1\" \/>\n<link rel=\"canonical\" href=\"https:\/\/truusk.store\/sv\/produkt\/truusk-4-i-1-hantelset-kort-hantel-set-lang-hantlar-justerbar-25-kg-for-styrketraning-hemma\/\" \/>\n<meta property=\"og:locale\" content=\"sv_SE\" \/>\n<meta property=\"og:type\" content=\"article\" \/>\n<meta property=\"og:title\" content=\"TRUUSK 4-i-1 Hantelset - Kort Hantel Set - L\u00e5ng Hantlar - Justerbar 25 KG - F\u00f6r Styrketr\u00e4ning Hemma - TRUUSK - Hem, Tr\u00e4dg\u00e5rd &amp; Fritid\" \/>\n<meta property=\"og:description\" content=\"4-i-1 SPORTNOW korta hantelsetet \u00e4r justerbart och kan anv\u00e4ndas som hantlar, l\u00e5nga hantlar, kettlebells eller push-up st\u00e4nger. Detta viktset kan...\" \/>\n<meta property=\"og:url\" content=\"https:\/\/truusk.store\/sv\/produkt\/truusk-4-i-1-hantelset-kort-hantel-set-lang-hantlar-justerbar-25-kg-for-styrketraning-hemma\/\" \/>\n<meta property=\"og:site_name\" content=\"TRUUSK - Hem, Tr\u00e4dg\u00e5rd &amp; Fritid\" \/>\n<meta property=\"article:modified_time\" content=\"2026-03-12T07:48:20+00:00\" \/>\n<meta property=\"og:image\" content=\"https:\/\/i0.wp.com\/truusk.se\/wp-content\/uploads\/2025\/11\/sportnow-4-i-1-hantelset-kort-hantel-set-kort-hantlar-lang-hantlar-justerbar-25-kg-for-styrketraning-hemma-1.webp?fit=2000%2C2000&ssl=1\" \/>\n\t<meta property=\"og:image:width\" content=\"2000\" \/>\n\t<meta property=\"og:image:height\" content=\"2000\" \/>\n\t<meta property=\"og:image:type\" content=\"image\/webp\" \/>\n<meta name=\"twitter:card\" content=\"summary_large_image\" \/>\n<meta name=\"twitter:label1\" content=\"Ber\u00e4knad l\u00e4stid\" \/>\n\t<meta name=\"twitter:data1\" content=\"1 minut\" \/>\n<!-- \/ Yoast SEO plugin. -->","yoast_head_json":{"title":"TRUUSK 4-i-1 Hantelset - Kort Hantel Set - L\u00e5ng Hantlar - Justerbar 25 KG - F\u00f6r Styrketr\u00e4ning Hemma - TRUUSK - Hem, Tr\u00e4dg\u00e5rd &amp; Fritid","robots":{"index":"index","follow":"follow","max-snippet":"max-snippet:-1","max-image-preview":"max-image-preview:large","max-video-preview":"max-video-preview:-1"},"canonical":"https:\/\/truusk.store\/sv\/produkt\/truusk-4-i-1-hantelset-kort-hantel-set-lang-hantlar-justerbar-25-kg-for-styrketraning-hemma\/","og_locale":"sv_SE","og_type":"article","og_title":"TRUUSK 4-i-1 Hantelset - Kort Hantel Set - L\u00e5ng Hantlar - Justerbar 25 KG - F\u00f6r Styrketr\u00e4ning Hemma - TRUUSK - Hem, Tr\u00e4dg\u00e5rd &amp; Fritid","og_description":"4-i-1 SPORTNOW korta hantelsetet \u00e4r justerbart och kan anv\u00e4ndas som hantlar, l\u00e5nga hantlar, kettlebells eller push-up st\u00e4nger. Detta viktset kan...","og_url":"https:\/\/truusk.store\/sv\/produkt\/truusk-4-i-1-hantelset-kort-hantel-set-lang-hantlar-justerbar-25-kg-for-styrketraning-hemma\/","og_site_name":"TRUUSK - Hem, Tr\u00e4dg\u00e5rd &amp; Fritid","article_modified_time":"2026-03-12T07:48:20+00:00","og_image":[{"width":2000,"height":2000,"url":"https:\/\/i0.wp.com\/truusk.se\/wp-content\/uploads\/2025\/11\/sportnow-4-i-1-hantelset-kort-hantel-set-kort-hantlar-lang-hantlar-justerbar-25-kg-for-styrketraning-hemma-1.webp?fit=2000%2C2000&ssl=1","type":"image\/webp"}],"twitter_card":"summary_large_image","twitter_misc":{"Ber\u00e4knad l\u00e4stid":"1 minut"},"schema":{"@context":"https:\/\/schema.org","@graph":[{"@type":"WebPage","@id":"https:\/\/truusk.store\/sv\/produkt\/truusk-4-i-1-hantelset-kort-hantel-set-lang-hantlar-justerbar-25-kg-for-styrketraning-hemma\/","url":"https:\/\/truusk.store\/sv\/produkt\/truusk-4-i-1-hantelset-kort-hantel-set-lang-hantlar-justerbar-25-kg-for-styrketraning-hemma\/","name":"TRUUSK 4-i-1 Hantelset - Kort Hantel Set - L\u00e5ng Hantlar - Justerbar 25 KG - F\u00f6r Styrketr\u00e4ning Hemma - TRUUSK - Hem, Tr\u00e4dg\u00e5rd &amp; Fritid","isPartOf":{"@id":"https:\/\/truusk.store\/sv\/#website"},"primaryImageOfPage":{"@id":"https:\/\/truusk.store\/sv\/produkt\/truusk-4-i-1-hantelset-kort-hantel-set-lang-hantlar-justerbar-25-kg-for-styrketraning-hemma\/#primaryimage"},"image":{"@id":"https:\/\/truusk.store\/sv\/produkt\/truusk-4-i-1-hantelset-kort-hantel-set-lang-hantlar-justerbar-25-kg-for-styrketraning-hemma\/#primaryimage"},"thumbnailUrl":"https:\/\/i0.wp.com\/truusk.store\/wp-content\/uploads\/2025\/11\/sportnow-4-i-1-hantelset-kort-hantel-set-kort-hantlar-lang-hantlar-justerbar-25-kg-for-styrketraning-hemma-1.webp?fit=2000%2C2000&ssl=1","datePublished":"2025-11-10T11:59:12+00:00","dateModified":"2026-03-12T07:48:20+00:00","breadcrumb":{"@id":"https:\/\/truusk.store\/sv\/produkt\/truusk-4-i-1-hantelset-kort-hantel-set-lang-hantlar-justerbar-25-kg-for-styrketraning-hemma\/#breadcrumb"},"inLanguage":"sv-SE","potentialAction":[{"@type":"ReadAction","target":["https:\/\/truusk.store\/sv\/produkt\/truusk-4-i-1-hantelset-kort-hantel-set-lang-hantlar-justerbar-25-kg-for-styrketraning-hemma\/"]}]},{"@type":"ImageObject","inLanguage":"sv-SE","@id":"https:\/\/truusk.store\/sv\/produkt\/truusk-4-i-1-hantelset-kort-hantel-set-lang-hantlar-justerbar-25-kg-for-styrketraning-hemma\/#primaryimage","url":"https:\/\/i0.wp.com\/truusk.store\/wp-content\/uploads\/2025\/11\/sportnow-4-i-1-hantelset-kort-hantel-set-kort-hantlar-lang-hantlar-justerbar-25-kg-for-styrketraning-hemma-1.webp?fit=2000%2C2000&ssl=1","contentUrl":"https:\/\/i0.wp.com\/truusk.store\/wp-content\/uploads\/2025\/11\/sportnow-4-i-1-hantelset-kort-hantel-set-kort-hantlar-lang-hantlar-justerbar-25-kg-for-styrketraning-hemma-1.webp?fit=2000%2C2000&ssl=1","width":2000,"height":2000},{"@type":"BreadcrumbList","@id":"https:\/\/truusk.store\/sv\/produkt\/truusk-4-i-1-hantelset-kort-hantel-set-lang-hantlar-justerbar-25-kg-for-styrketraning-hemma\/#breadcrumb","itemListElement":[{"@type":"ListItem","position":1,"name":"Home","item":"https:\/\/truusk.store\/sv\/"},{"@type":"ListItem","position":2,"name":"Shop","item":"https:\/\/truusk.store\/shop\/"},{"@type":"ListItem","position":3,"name":"TRUUSK 4-i-1 Hantelset &#8211; Kort Hantel Set &#8211; L\u00e5ng Hantlar &#8211; Justerbar 25 KG &#8211; F\u00f6r Styrketr\u00e4ning Hemma"}]},{"@type":"WebSite","@id":"https:\/\/truusk.store\/sv\/#website","url":"https:\/\/truusk.store\/sv\/","name":"TRUUSK - Hem, Tr\u00e4dg\u00e5rd & Fritid","description":"","publisher":{"@id":"https:\/\/truusk.store\/sv\/#organization"},"potentialAction":[{"@type":"SearchAction","target":{"@type":"EntryPoint","urlTemplate":"https:\/\/truusk.store\/sv\/?s={search_term_string}"},"query-input":{"@type":"PropertyValueSpecification","valueRequired":true,"valueName":"search_term_string"}}],"inLanguage":"sv-SE"},{"@type":"Organization","@id":"https:\/\/truusk.store\/sv\/#organization","name":"TRUUSK - Hem, Tr\u00e4dg\u00e5rd & Fritid","url":"https:\/\/truusk.store\/sv\/","logo":{"@type":"ImageObject","inLanguage":"sv-SE","@id":"https:\/\/truusk.store\/sv\/#\/schema\/logo\/image\/","url":"https:\/\/i0.wp.com\/truusk.store\/wp-content\/uploads\/2026\/03\/cropped-TRUUSK.png?fit=2032%2C917&ssl=1","contentUrl":"https:\/\/i0.wp.com\/truusk.store\/wp-content\/uploads\/2026\/03\/cropped-TRUUSK.png?fit=2032%2C917&ssl=1","width":2032,"height":917,"caption":"TRUUSK - Hem, Tr\u00e4dg\u00e5rd & Fritid"},"image":{"@id":"https:\/\/truusk.store\/sv\/#\/schema\/logo\/image\/"}}]}},"jetpack_sharing_enabled":true,"_links":{"self":[{"href":"https:\/\/truusk.store\/sv\/wp-json\/wp\/v2\/product\/94834","targetHints":{"allow":["GET"]}}],"collection":[{"href":"https:\/\/truusk.store\/sv\/wp-json\/wp\/v2\/product"}],"about":[{"href":"https:\/\/truusk.store\/sv\/wp-json\/wp\/v2\/types\/product"}],"wp:featuredmedia":[{"embeddable":true,"href":"https:\/\/truusk.store\/sv\/wp-json\/wp\/v2\/media\/94822"}],"wp:attachment":[{"href":"https:\/\/truusk.store\/sv\/wp-json\/wp\/v2\/media?parent=94834"}],"wp:term":[{"taxonomy":"product_brand","embeddable":true,"href":"https:\/\/truusk.store\/sv\/wp-json\/wp\/v2\/product_brand?post=94834"},{"taxonomy":"product_cat","embeddable":true,"href":"https:\/\/truusk.store\/sv\/wp-json\/wp\/v2\/product_cat?post=94834"},{"taxonomy":"product_tag","embeddable":true,"href":"https:\/\/truusk.store\/sv\/wp-json\/wp\/v2\/product_tag?post=94834"}],"curies":[{"name":"wp","href":"https:\/\/api.w.org\/{rel}","templated":true}]}}