{"id":94841,"date":"2025-11-10T12:59:53","date_gmt":"2025-11-10T11:59:53","guid":{"rendered":"https:\/\/truusk.store\/product\/spegelteleskop-114-mm-objektiv-2-okular-sokarteleskop-aluminium-morkbla\/"},"modified":"2026-03-12T08:48:20","modified_gmt":"2026-03-12T07:48:20","slug":"truusk-spegelteleskop-114mm-med-2-okular-forstoring-aluminium-morkbla","status":"publish","type":"product","link":"https:\/\/truusk.store\/sv\/produkt\/truusk-spegelteleskop-114mm-med-2-okular-forstoring-aluminium-morkbla\/","title":{"rendered":"TRUUSK Spegelteleskop 114mm med 2 Okular &#8211; F\u00f6rstoring &#8211; Aluminium &#8211; M\u00f6rkbl\u00e5"},"content":{"rendered":"<p>Har du sv\u00e5rt att f\u00e5nga universums prakt n\u00e4r objekt f\u00f6rsvinner? Frustrationen kan minska gl\u00e4djen av stj\u00e4rnsk\u00e5dning. TRUUSK Reflekterande Astronomiska Teleskopet med en 114 mm objektivlins erbjuder klara, ljusa vyer med mindre f\u00e4rgfel \u00e4n linsteleskop. Ett idealiskt teleskop f\u00f6r vuxna nyb\u00f6rjare, det f\u00f6rvandlar utmanande n\u00e4tter till magiska stunder av kosmisk f\u00f6rundran, s\u00e5 att du kan utforska m\u00e5nkratrar och avl\u00e4gsna stj\u00e4rnor klart och enkelt.<\/p>\n<p>Beskrivning:<\/p>\n<ul>\n<li> Reflektorteleskopet erbjuder mindre kromatisk aberration \u00e4n refraktiva teleskop<\/li>\n<li> Har en 114 mm lins f\u00f6r bredare vyer av djuprymdsobjekt<\/li>\n<li> Levereras med tv\u00e5 okular (16X, 40X) f\u00f6r m\u00e5ngsidiga, breda och detaljerade observationer<\/li>\n<li> 5 x 24 s\u00f6karteleskop med korslinjer hj\u00e4lper till med m\u00e5linriktning<\/li>\n<li> Tv\u00e5stegs justerbart stativ med en tillbeh\u00f6rssk\u00e5l f\u00f6r oanv\u00e4nda okular<\/li>\n<li> En b\u00e4rv\u00e4ska f\u00f6r teleskopet f\u00f6r enkel resa \u00f6verallt<\/li>\n<li> L\u00e4tt kropp av aluminiumlegering och robust stativ av rostfritt st\u00e5l<\/li>\n<li> Enkel montering kr\u00e4vs<\/li>\n<\/ul>\n<p>Tekniska data:<\/p>\n<ul>\n<li> F\u00e4rg: M\u00f6rkbl\u00e5+svart<\/li>\n<li> Material: Aluminiumlegering, rostfritt st\u00e5l, glas, plast<\/li>\n<li> Totala dimensioner: 86L x 86B x 145H cm<\/li>\n<li> Okularbr\u00e4nnvidd: 25 mm, 10 mm<\/li>\n<li> F\u00f6rstoring: 16X, 40X, 48X, 120X<\/li>\n<li> L\u00e4ngd p\u00e5 optiskt r\u00f6r: 47 cm<\/li>\n<li> Diameter p\u00e5 objektiv: 114 mm<\/li>\n<li> Justerbar stativh\u00f6jd: 120 cm, 75 cm<\/li>\n<\/ul>\n<p>Leverans inneh\u00e5ller:<\/p>\n<ul>\n<li> 1 x Teleskop<\/li>\n<li> 1 x 40X Okular<\/li>\n<li> 1 x 16X Okular<\/li>\n<li> 1 x B\u00e4r v\u00e4ska<\/li>\n<li> 1 x Bruksanvisning<\/li>\n<\/ul>\n","protected":false},"excerpt":{"rendered":"<p>Har du sv\u00e5rt att f\u00e5nga universums prakt n\u00e4r objekt f\u00f6rsvinner? Frustrationen kan minska gl\u00e4djen av stj\u00e4rnsk\u00e5dning. TRUUSK Reflekterande Astronomiska Teleskopet&#8230;<\/p>\n","protected":false},"featured_media":94829,"template":"","meta":[],"product_brand":[],"product_cat":[880,918],"product_tag":[],"class_list":{"0":"post-94841","1":"product","2":"type-product","3":"status-publish","4":"has-post-thumbnail","6":"product_cat-baby-barn-2","7":"product_cat-leksaker","9":"first","10":"instock","11":"sale","12":"taxable","13":"shipping-taxable","14":"purchasable","15":"product-type-simple"},"yoast_head":"<!-- This site is optimized with the Yoast SEO plugin v25.4 - https:\/\/yoast.com\/wordpress\/plugins\/seo\/ -->\n<title>TRUUSK Spegelteleskop 114mm med 2 Okular - F\u00f6rstoring - Aluminium - M\u00f6rkbl\u00e5 - TRUUSK - Hem, Tr\u00e4dg\u00e5rd &amp; Fritid<\/title>\n<meta name=\"robots\" content=\"index, follow, max-snippet:-1, max-image-preview:large, max-video-preview:-1\" \/>\n<link rel=\"canonical\" href=\"https:\/\/truusk.store\/sv\/produkt\/truusk-spegelteleskop-114mm-med-2-okular-forstoring-aluminium-morkbla\/\" \/>\n<meta property=\"og:locale\" content=\"sv_SE\" \/>\n<meta property=\"og:type\" content=\"article\" \/>\n<meta property=\"og:title\" content=\"TRUUSK Spegelteleskop 114mm med 2 Okular - F\u00f6rstoring - Aluminium - M\u00f6rkbl\u00e5 - TRUUSK - Hem, Tr\u00e4dg\u00e5rd &amp; Fritid\" \/>\n<meta property=\"og:description\" content=\"Har du sv\u00e5rt att f\u00e5nga universums prakt n\u00e4r objekt f\u00f6rsvinner? Frustrationen kan minska gl\u00e4djen av stj\u00e4rnsk\u00e5dning. TRUUSK Reflekterande Astronomiska Teleskopet...\" \/>\n<meta property=\"og:url\" content=\"https:\/\/truusk.store\/sv\/produkt\/truusk-spegelteleskop-114mm-med-2-okular-forstoring-aluminium-morkbla\/\" \/>\n<meta property=\"og:site_name\" content=\"TRUUSK - Hem, Tr\u00e4dg\u00e5rd &amp; Fritid\" \/>\n<meta property=\"article:modified_time\" content=\"2026-03-12T07:48:20+00:00\" \/>\n<meta property=\"og:image\" content=\"https:\/\/i0.wp.com\/truusk.se\/wp-content\/uploads\/2025\/11\/spegelteleskop-114-mm-objektiv-2-okular-sokarteleskop-aluminium-morkbla-1.webp?fit=2000%2C2000&ssl=1\" \/>\n\t<meta property=\"og:image:width\" content=\"2000\" \/>\n\t<meta property=\"og:image:height\" content=\"2000\" \/>\n\t<meta property=\"og:image:type\" content=\"image\/webp\" \/>\n<meta name=\"twitter:card\" content=\"summary_large_image\" \/>\n<meta name=\"twitter:label1\" content=\"Ber\u00e4knad l\u00e4stid\" \/>\n\t<meta name=\"twitter:data1\" content=\"1 minut\" \/>\n<!-- \/ Yoast SEO plugin. -->","yoast_head_json":{"title":"TRUUSK Spegelteleskop 114mm med 2 Okular - F\u00f6rstoring - Aluminium - M\u00f6rkbl\u00e5 - TRUUSK - Hem, Tr\u00e4dg\u00e5rd &amp; Fritid","robots":{"index":"index","follow":"follow","max-snippet":"max-snippet:-1","max-image-preview":"max-image-preview:large","max-video-preview":"max-video-preview:-1"},"canonical":"https:\/\/truusk.store\/sv\/produkt\/truusk-spegelteleskop-114mm-med-2-okular-forstoring-aluminium-morkbla\/","og_locale":"sv_SE","og_type":"article","og_title":"TRUUSK Spegelteleskop 114mm med 2 Okular - F\u00f6rstoring - Aluminium - M\u00f6rkbl\u00e5 - TRUUSK - Hem, Tr\u00e4dg\u00e5rd &amp; Fritid","og_description":"Har du sv\u00e5rt att f\u00e5nga universums prakt n\u00e4r objekt f\u00f6rsvinner? Frustrationen kan minska gl\u00e4djen av stj\u00e4rnsk\u00e5dning. TRUUSK Reflekterande Astronomiska Teleskopet...","og_url":"https:\/\/truusk.store\/sv\/produkt\/truusk-spegelteleskop-114mm-med-2-okular-forstoring-aluminium-morkbla\/","og_site_name":"TRUUSK - Hem, Tr\u00e4dg\u00e5rd &amp; Fritid","article_modified_time":"2026-03-12T07:48:20+00:00","og_image":[{"width":2000,"height":2000,"url":"https:\/\/i0.wp.com\/truusk.se\/wp-content\/uploads\/2025\/11\/spegelteleskop-114-mm-objektiv-2-okular-sokarteleskop-aluminium-morkbla-1.webp?fit=2000%2C2000&ssl=1","type":"image\/webp"}],"twitter_card":"summary_large_image","twitter_misc":{"Ber\u00e4knad l\u00e4stid":"1 minut"},"schema":{"@context":"https:\/\/schema.org","@graph":[{"@type":"WebPage","@id":"https:\/\/truusk.store\/sv\/produkt\/truusk-spegelteleskop-114mm-med-2-okular-forstoring-aluminium-morkbla\/","url":"https:\/\/truusk.store\/sv\/produkt\/truusk-spegelteleskop-114mm-med-2-okular-forstoring-aluminium-morkbla\/","name":"TRUUSK Spegelteleskop 114mm med 2 Okular - F\u00f6rstoring - Aluminium - M\u00f6rkbl\u00e5 - TRUUSK - Hem, Tr\u00e4dg\u00e5rd &amp; Fritid","isPartOf":{"@id":"https:\/\/truusk.store\/sv\/#website"},"primaryImageOfPage":{"@id":"https:\/\/truusk.store\/sv\/produkt\/truusk-spegelteleskop-114mm-med-2-okular-forstoring-aluminium-morkbla\/#primaryimage"},"image":{"@id":"https:\/\/truusk.store\/sv\/produkt\/truusk-spegelteleskop-114mm-med-2-okular-forstoring-aluminium-morkbla\/#primaryimage"},"thumbnailUrl":"https:\/\/i0.wp.com\/truusk.store\/wp-content\/uploads\/2025\/11\/spegelteleskop-114-mm-objektiv-2-okular-sokarteleskop-aluminium-morkbla-1.webp?fit=2000%2C2000&ssl=1","datePublished":"2025-11-10T11:59:53+00:00","dateModified":"2026-03-12T07:48:20+00:00","breadcrumb":{"@id":"https:\/\/truusk.store\/sv\/produkt\/truusk-spegelteleskop-114mm-med-2-okular-forstoring-aluminium-morkbla\/#breadcrumb"},"inLanguage":"sv-SE","potentialAction":[{"@type":"ReadAction","target":["https:\/\/truusk.store\/sv\/produkt\/truusk-spegelteleskop-114mm-med-2-okular-forstoring-aluminium-morkbla\/"]}]},{"@type":"ImageObject","inLanguage":"sv-SE","@id":"https:\/\/truusk.store\/sv\/produkt\/truusk-spegelteleskop-114mm-med-2-okular-forstoring-aluminium-morkbla\/#primaryimage","url":"https:\/\/i0.wp.com\/truusk.store\/wp-content\/uploads\/2025\/11\/spegelteleskop-114-mm-objektiv-2-okular-sokarteleskop-aluminium-morkbla-1.webp?fit=2000%2C2000&ssl=1","contentUrl":"https:\/\/i0.wp.com\/truusk.store\/wp-content\/uploads\/2025\/11\/spegelteleskop-114-mm-objektiv-2-okular-sokarteleskop-aluminium-morkbla-1.webp?fit=2000%2C2000&ssl=1","width":2000,"height":2000},{"@type":"BreadcrumbList","@id":"https:\/\/truusk.store\/sv\/produkt\/truusk-spegelteleskop-114mm-med-2-okular-forstoring-aluminium-morkbla\/#breadcrumb","itemListElement":[{"@type":"ListItem","position":1,"name":"Home","item":"https:\/\/truusk.store\/sv\/"},{"@type":"ListItem","position":2,"name":"Shop","item":"https:\/\/truusk.store\/shop\/"},{"@type":"ListItem","position":3,"name":"TRUUSK Spegelteleskop 114mm med 2 Okular &#8211; F\u00f6rstoring &#8211; Aluminium &#8211; M\u00f6rkbl\u00e5"}]},{"@type":"WebSite","@id":"https:\/\/truusk.store\/sv\/#website","url":"https:\/\/truusk.store\/sv\/","name":"TRUUSK - Hem, Tr\u00e4dg\u00e5rd & Fritid","description":"","publisher":{"@id":"https:\/\/truusk.store\/sv\/#organization"},"potentialAction":[{"@type":"SearchAction","target":{"@type":"EntryPoint","urlTemplate":"https:\/\/truusk.store\/sv\/?s={search_term_string}"},"query-input":{"@type":"PropertyValueSpecification","valueRequired":true,"valueName":"search_term_string"}}],"inLanguage":"sv-SE"},{"@type":"Organization","@id":"https:\/\/truusk.store\/sv\/#organization","name":"TRUUSK - Hem, Tr\u00e4dg\u00e5rd & Fritid","url":"https:\/\/truusk.store\/sv\/","logo":{"@type":"ImageObject","inLanguage":"sv-SE","@id":"https:\/\/truusk.store\/sv\/#\/schema\/logo\/image\/","url":"https:\/\/i0.wp.com\/truusk.store\/wp-content\/uploads\/2026\/03\/cropped-TRUUSK.png?fit=2032%2C917&ssl=1","contentUrl":"https:\/\/i0.wp.com\/truusk.store\/wp-content\/uploads\/2026\/03\/cropped-TRUUSK.png?fit=2032%2C917&ssl=1","width":2032,"height":917,"caption":"TRUUSK - Hem, Tr\u00e4dg\u00e5rd & Fritid"},"image":{"@id":"https:\/\/truusk.store\/sv\/#\/schema\/logo\/image\/"}}]}},"jetpack_sharing_enabled":true,"_links":{"self":[{"href":"https:\/\/truusk.store\/sv\/wp-json\/wp\/v2\/product\/94841","targetHints":{"allow":["GET"]}}],"collection":[{"href":"https:\/\/truusk.store\/sv\/wp-json\/wp\/v2\/product"}],"about":[{"href":"https:\/\/truusk.store\/sv\/wp-json\/wp\/v2\/types\/product"}],"wp:featuredmedia":[{"embeddable":true,"href":"https:\/\/truusk.store\/sv\/wp-json\/wp\/v2\/media\/94829"}],"wp:attachment":[{"href":"https:\/\/truusk.store\/sv\/wp-json\/wp\/v2\/media?parent=94841"}],"wp:term":[{"taxonomy":"product_brand","embeddable":true,"href":"https:\/\/truusk.store\/sv\/wp-json\/wp\/v2\/product_brand?post=94841"},{"taxonomy":"product_cat","embeddable":true,"href":"https:\/\/truusk.store\/sv\/wp-json\/wp\/v2\/product_cat?post=94841"},{"taxonomy":"product_tag","embeddable":true,"href":"https:\/\/truusk.store\/sv\/wp-json\/wp\/v2\/product_tag?post=94841"}],"curies":[{"name":"wp","href":"https:\/\/api.w.org\/{rel}","templated":true}]}}