{"id":94851,"date":"2025-11-10T13:00:59","date_gmt":"2025-11-10T12:00:59","guid":{"rendered":"https:\/\/truusk.store\/product\/sportnow-justerbart-hantelset-30-kg-kort-hantel-set-kort-hantlar-lang-hantlar-hantel-set-for-styrketraning\/"},"modified":"2026-03-12T08:48:20","modified_gmt":"2026-03-12T07:48:20","slug":"truusk-justerbar-hantelset-30-kg-kort-hantel-set-for-styrketraning-latt-att-justera-hantlar-for-hemmagym-svart","status":"publish","type":"product","link":"https:\/\/truusk.store\/sv\/produkt\/truusk-justerbar-hantelset-30-kg-kort-hantel-set-for-styrketraning-latt-att-justera-hantlar-for-hemmagym-svart\/","title":{"rendered":"TRUUSK Justerbar Hantelset 30 KG &#8211; Kort Hantel Set f\u00f6r Styrketr\u00e4ning &#8211; L\u00e4tt att Justera &#8211; Hantlar f\u00f6r Hemmagym &#8211; Svart"},"content":{"rendered":"<p>Optimera din tr\u00e4ning hemma med SPORTNOW 3-i-1 multifunktionella hantelset. Designat f\u00f6r ultimat flexibilitet, f\u00f6rvandlas setet snabbt till hantlar, en rak skivst\u00e5ng och en EZ-Curl-st\u00e5ng &#8211; perfekt f\u00f6r helkroppstr\u00e4ning. Med sandfyllda plastviktskivor och greppv\u00e4nliga anti-slip handtag, idealiskt f\u00f6r nyb\u00f6rjare och avancerade. Utrymmesbesparande och l\u00e4tt att montera, det \u00e4r optimalt f\u00f6r sm\u00e5 l\u00e4genheter och hemstudios.<\/p>\n<p>Beskrivning:<\/p>\n<ul>\n<li> Kan omvandlas till hantlar, en rak skivst\u00e5ng eller en EZ-Curl-st\u00e5ng<\/li>\n<li> Inneh\u00e5ller 4 x 2,5 kg, 4 x 2 kg, 4 x 1,5 kg, 4 x 1,25 kg skivor f\u00f6r att individuellt anpassa \u00f6nskad vikt<\/li>\n<li> Idealisk f\u00f6r helkroppstr\u00e4ning &#8211; armar, br\u00f6st, rygg, axlar och ben<\/li>\n<li> Strukturerade handtag p\u00e5 hantelsetet ger ett bekv\u00e4mt, halkfritt grepp<\/li>\n<li> Sandfyllda plastskivor minskar buller och skyddar dina golv<\/li>\n<li> Snabbt att montera med 4 s\u00e4kra spinlock-l\u00e5s<\/li>\n<li> Kompakt design av hantelsetet sparar utrymme n\u00e4r det inte anv\u00e4nds<\/li>\n<\/ul>\n<p> Tekniska data:<\/p>\n<ul>\n<li> F\u00e4rg: Gr\u00f6n<\/li>\n<li> Material: Plast, Sand<\/li>\n<li> Totala dimensioner: 140L x 22B x 22H cm<\/li>\n<li> 2,5 kg skivdimensioner: \u00d822 x 3,8T cm<\/li>\n<li> 2 kg skivdimensioner: \u00d820 x 3,5T cm<\/li>\n<li> 1,5 kg skivdimensioner: \u00d818 x 3,2T cm<\/li>\n<li> 1,25 kg skivdimensioner: \u00d818 x 3T cm<\/li>\n<li> Hantelstangdimensioner: \u00d82,5 x 50L cm<\/li>\n<li> Obs: Standardh\u00e5l p\u00e5 1&#8243; (2,5 cm) passar de flesta hemtr\u00e4ningsutrustningar och st\u00e4nger<\/li>\n<\/ul>\n<p>Leveransinneh\u00e5ll:<\/p>\n<ul>\n<li> 4 x 2,5 kg platta<\/li>\n<li> 4 x 2 kg platta<\/li>\n<li> 4 x 1,5 kg platta<\/li>\n<li> 4 x 1,25 kg platta<\/li>\n<li> 2 x hantelst\u00e4nger<\/li>\n<li> 1 x rak skivst\u00e5ng<\/li>\n<li> 1 x EZ-Curl-st\u00e5ng<\/li>\n<li> 1 x manual<\/li>\n<\/ul>\n","protected":false},"excerpt":{"rendered":"<p>Optimera din tr\u00e4ning hemma med SPORTNOW 3-i-1 multifunktionella hantelset. Designat f\u00f6r ultimat flexibilitet, f\u00f6rvandlas setet snabbt till hantlar, en rak&#8230;<\/p>\n","protected":false},"featured_media":94842,"template":"","meta":[],"product_brand":[],"product_cat":[873,668,647],"product_tag":[],"class_list":{"0":"post-94851","1":"product","2":"type-product","3":"status-publish","4":"has-post-thumbnail","6":"product_cat-fitness-styrketraning","7":"product_cat-hantlar","8":"product_cat-sport-fritid","10":"first","11":"instock","12":"sale","13":"taxable","14":"shipping-taxable","15":"purchasable","16":"product-type-simple"},"yoast_head":"<!-- This site is optimized with the Yoast SEO plugin v25.4 - https:\/\/yoast.com\/wordpress\/plugins\/seo\/ -->\n<title>TRUUSK Justerbar Hantelset 30 KG - Kort Hantel Set f\u00f6r Styrketr\u00e4ning - L\u00e4tt att Justera - Hantlar f\u00f6r Hemmagym - Svart - TRUUSK - Hem, Tr\u00e4dg\u00e5rd &amp; Fritid<\/title>\n<meta name=\"robots\" content=\"index, follow, max-snippet:-1, max-image-preview:large, max-video-preview:-1\" \/>\n<link rel=\"canonical\" href=\"https:\/\/truusk.store\/sv\/produkt\/truusk-justerbar-hantelset-30-kg-kort-hantel-set-for-styrketraning-latt-att-justera-hantlar-for-hemmagym-svart\/\" \/>\n<meta property=\"og:locale\" content=\"sv_SE\" \/>\n<meta property=\"og:type\" content=\"article\" \/>\n<meta property=\"og:title\" content=\"TRUUSK Justerbar Hantelset 30 KG - Kort Hantel Set f\u00f6r Styrketr\u00e4ning - L\u00e4tt att Justera - Hantlar f\u00f6r Hemmagym - Svart - TRUUSK - Hem, Tr\u00e4dg\u00e5rd &amp; Fritid\" \/>\n<meta property=\"og:description\" content=\"Optimera din tr\u00e4ning hemma med SPORTNOW 3-i-1 multifunktionella hantelset. Designat f\u00f6r ultimat flexibilitet, f\u00f6rvandlas setet snabbt till hantlar, en rak...\" \/>\n<meta property=\"og:url\" content=\"https:\/\/truusk.store\/sv\/produkt\/truusk-justerbar-hantelset-30-kg-kort-hantel-set-for-styrketraning-latt-att-justera-hantlar-for-hemmagym-svart\/\" \/>\n<meta property=\"og:site_name\" content=\"TRUUSK - Hem, Tr\u00e4dg\u00e5rd &amp; Fritid\" \/>\n<meta property=\"article:modified_time\" content=\"2026-03-12T07:48:20+00:00\" \/>\n<meta property=\"og:image\" content=\"https:\/\/i0.wp.com\/truusk.se\/wp-content\/uploads\/2025\/11\/sportnow-justerbart-hantelset-30-kg-kort-hantel-set-kort-hantlar-lang-hantlar-hantel-set-for-styrketraning-1.webp?fit=2000%2C2000&ssl=1\" \/>\n\t<meta property=\"og:image:width\" content=\"2000\" \/>\n\t<meta property=\"og:image:height\" content=\"2000\" \/>\n\t<meta property=\"og:image:type\" content=\"image\/webp\" \/>\n<meta name=\"twitter:card\" content=\"summary_large_image\" \/>\n<meta name=\"twitter:label1\" content=\"Ber\u00e4knad l\u00e4stid\" \/>\n\t<meta name=\"twitter:data1\" content=\"1 minut\" \/>\n<!-- \/ Yoast SEO plugin. -->","yoast_head_json":{"title":"TRUUSK Justerbar Hantelset 30 KG - Kort Hantel Set f\u00f6r Styrketr\u00e4ning - L\u00e4tt att Justera - Hantlar f\u00f6r Hemmagym - Svart - TRUUSK - Hem, Tr\u00e4dg\u00e5rd &amp; Fritid","robots":{"index":"index","follow":"follow","max-snippet":"max-snippet:-1","max-image-preview":"max-image-preview:large","max-video-preview":"max-video-preview:-1"},"canonical":"https:\/\/truusk.store\/sv\/produkt\/truusk-justerbar-hantelset-30-kg-kort-hantel-set-for-styrketraning-latt-att-justera-hantlar-for-hemmagym-svart\/","og_locale":"sv_SE","og_type":"article","og_title":"TRUUSK Justerbar Hantelset 30 KG - Kort Hantel Set f\u00f6r Styrketr\u00e4ning - L\u00e4tt att Justera - Hantlar f\u00f6r Hemmagym - Svart - TRUUSK - Hem, Tr\u00e4dg\u00e5rd &amp; Fritid","og_description":"Optimera din tr\u00e4ning hemma med SPORTNOW 3-i-1 multifunktionella hantelset. Designat f\u00f6r ultimat flexibilitet, f\u00f6rvandlas setet snabbt till hantlar, en rak...","og_url":"https:\/\/truusk.store\/sv\/produkt\/truusk-justerbar-hantelset-30-kg-kort-hantel-set-for-styrketraning-latt-att-justera-hantlar-for-hemmagym-svart\/","og_site_name":"TRUUSK - Hem, Tr\u00e4dg\u00e5rd &amp; Fritid","article_modified_time":"2026-03-12T07:48:20+00:00","og_image":[{"width":2000,"height":2000,"url":"https:\/\/i0.wp.com\/truusk.se\/wp-content\/uploads\/2025\/11\/sportnow-justerbart-hantelset-30-kg-kort-hantel-set-kort-hantlar-lang-hantlar-hantel-set-for-styrketraning-1.webp?fit=2000%2C2000&ssl=1","type":"image\/webp"}],"twitter_card":"summary_large_image","twitter_misc":{"Ber\u00e4knad l\u00e4stid":"1 minut"},"schema":{"@context":"https:\/\/schema.org","@graph":[{"@type":"WebPage","@id":"https:\/\/truusk.store\/sv\/produkt\/truusk-justerbar-hantelset-30-kg-kort-hantel-set-for-styrketraning-latt-att-justera-hantlar-for-hemmagym-svart\/","url":"https:\/\/truusk.store\/sv\/produkt\/truusk-justerbar-hantelset-30-kg-kort-hantel-set-for-styrketraning-latt-att-justera-hantlar-for-hemmagym-svart\/","name":"TRUUSK Justerbar Hantelset 30 KG - Kort Hantel Set f\u00f6r Styrketr\u00e4ning - L\u00e4tt att Justera - Hantlar f\u00f6r Hemmagym - Svart - TRUUSK - Hem, Tr\u00e4dg\u00e5rd &amp; Fritid","isPartOf":{"@id":"https:\/\/truusk.store\/sv\/#website"},"primaryImageOfPage":{"@id":"https:\/\/truusk.store\/sv\/produkt\/truusk-justerbar-hantelset-30-kg-kort-hantel-set-for-styrketraning-latt-att-justera-hantlar-for-hemmagym-svart\/#primaryimage"},"image":{"@id":"https:\/\/truusk.store\/sv\/produkt\/truusk-justerbar-hantelset-30-kg-kort-hantel-set-for-styrketraning-latt-att-justera-hantlar-for-hemmagym-svart\/#primaryimage"},"thumbnailUrl":"https:\/\/i0.wp.com\/truusk.store\/wp-content\/uploads\/2025\/11\/sportnow-justerbart-hantelset-30-kg-kort-hantel-set-kort-hantlar-lang-hantlar-hantel-set-for-styrketraning-1.webp?fit=2000%2C2000&ssl=1","datePublished":"2025-11-10T12:00:59+00:00","dateModified":"2026-03-12T07:48:20+00:00","breadcrumb":{"@id":"https:\/\/truusk.store\/sv\/produkt\/truusk-justerbar-hantelset-30-kg-kort-hantel-set-for-styrketraning-latt-att-justera-hantlar-for-hemmagym-svart\/#breadcrumb"},"inLanguage":"sv-SE","potentialAction":[{"@type":"ReadAction","target":["https:\/\/truusk.store\/sv\/produkt\/truusk-justerbar-hantelset-30-kg-kort-hantel-set-for-styrketraning-latt-att-justera-hantlar-for-hemmagym-svart\/"]}]},{"@type":"ImageObject","inLanguage":"sv-SE","@id":"https:\/\/truusk.store\/sv\/produkt\/truusk-justerbar-hantelset-30-kg-kort-hantel-set-for-styrketraning-latt-att-justera-hantlar-for-hemmagym-svart\/#primaryimage","url":"https:\/\/i0.wp.com\/truusk.store\/wp-content\/uploads\/2025\/11\/sportnow-justerbart-hantelset-30-kg-kort-hantel-set-kort-hantlar-lang-hantlar-hantel-set-for-styrketraning-1.webp?fit=2000%2C2000&ssl=1","contentUrl":"https:\/\/i0.wp.com\/truusk.store\/wp-content\/uploads\/2025\/11\/sportnow-justerbart-hantelset-30-kg-kort-hantel-set-kort-hantlar-lang-hantlar-hantel-set-for-styrketraning-1.webp?fit=2000%2C2000&ssl=1","width":2000,"height":2000},{"@type":"BreadcrumbList","@id":"https:\/\/truusk.store\/sv\/produkt\/truusk-justerbar-hantelset-30-kg-kort-hantel-set-for-styrketraning-latt-att-justera-hantlar-for-hemmagym-svart\/#breadcrumb","itemListElement":[{"@type":"ListItem","position":1,"name":"Home","item":"https:\/\/truusk.store\/sv\/"},{"@type":"ListItem","position":2,"name":"Shop","item":"https:\/\/truusk.store\/shop\/"},{"@type":"ListItem","position":3,"name":"TRUUSK Justerbar Hantelset 30 KG &#8211; Kort Hantel Set f\u00f6r Styrketr\u00e4ning &#8211; L\u00e4tt att Justera &#8211; Hantlar f\u00f6r Hemmagym &#8211; Svart"}]},{"@type":"WebSite","@id":"https:\/\/truusk.store\/sv\/#website","url":"https:\/\/truusk.store\/sv\/","name":"TRUUSK - Hem, Tr\u00e4dg\u00e5rd & Fritid","description":"","publisher":{"@id":"https:\/\/truusk.store\/sv\/#organization"},"potentialAction":[{"@type":"SearchAction","target":{"@type":"EntryPoint","urlTemplate":"https:\/\/truusk.store\/sv\/?s={search_term_string}"},"query-input":{"@type":"PropertyValueSpecification","valueRequired":true,"valueName":"search_term_string"}}],"inLanguage":"sv-SE"},{"@type":"Organization","@id":"https:\/\/truusk.store\/sv\/#organization","name":"TRUUSK - Hem, Tr\u00e4dg\u00e5rd & Fritid","url":"https:\/\/truusk.store\/sv\/","logo":{"@type":"ImageObject","inLanguage":"sv-SE","@id":"https:\/\/truusk.store\/sv\/#\/schema\/logo\/image\/","url":"https:\/\/i0.wp.com\/truusk.store\/wp-content\/uploads\/2026\/03\/cropped-TRUUSK.png?fit=2032%2C917&ssl=1","contentUrl":"https:\/\/i0.wp.com\/truusk.store\/wp-content\/uploads\/2026\/03\/cropped-TRUUSK.png?fit=2032%2C917&ssl=1","width":2032,"height":917,"caption":"TRUUSK - Hem, Tr\u00e4dg\u00e5rd & Fritid"},"image":{"@id":"https:\/\/truusk.store\/sv\/#\/schema\/logo\/image\/"}}]}},"jetpack_sharing_enabled":true,"_links":{"self":[{"href":"https:\/\/truusk.store\/sv\/wp-json\/wp\/v2\/product\/94851","targetHints":{"allow":["GET"]}}],"collection":[{"href":"https:\/\/truusk.store\/sv\/wp-json\/wp\/v2\/product"}],"about":[{"href":"https:\/\/truusk.store\/sv\/wp-json\/wp\/v2\/types\/product"}],"wp:featuredmedia":[{"embeddable":true,"href":"https:\/\/truusk.store\/sv\/wp-json\/wp\/v2\/media\/94842"}],"wp:attachment":[{"href":"https:\/\/truusk.store\/sv\/wp-json\/wp\/v2\/media?parent=94851"}],"wp:term":[{"taxonomy":"product_brand","embeddable":true,"href":"https:\/\/truusk.store\/sv\/wp-json\/wp\/v2\/product_brand?post=94851"},{"taxonomy":"product_cat","embeddable":true,"href":"https:\/\/truusk.store\/sv\/wp-json\/wp\/v2\/product_cat?post=94851"},{"taxonomy":"product_tag","embeddable":true,"href":"https:\/\/truusk.store\/sv\/wp-json\/wp\/v2\/product_tag?post=94851"}],"curies":[{"name":"wp","href":"https:\/\/api.w.org\/{rel}","templated":true}]}}