{"id":94901,"date":"2025-11-10T13:05:58","date_gmt":"2025-11-10T12:05:58","guid":{"rendered":"https:\/\/truusk.store\/product\/forvaringshylla-2-tyglador-9-oppna-fack-fristaende-hylla-med-stalram-brunsvart\/"},"modified":"2026-03-12T08:48:21","modified_gmt":"2026-03-12T07:48:21","slug":"truusk-hundvagn-och-kattvagn-hopfallbar-med-regnskydd-natventiler-kudde-forvaringskorg-for-hundar-och-katter-upp-till","status":"publish","type":"product","link":"https:\/\/truusk.store\/sv\/produkt\/truusk-hundvagn-och-kattvagn-hopfallbar-med-regnskydd-natventiler-kudde-forvaringskorg-for-hundar-och-katter-upp-till\/","title":{"rendered":"TRUUSK Hundvagn och Kattvagn &#8211; Hopf\u00e4llbar med Regnskydd &#8211; N\u00e4tventiler &#8211; Kudde &#8211; F\u00f6rvaringskorg &#8211; F\u00f6r Hundar och Katter upp till"},"content":{"rendered":"<p>TRUUSK st\u00e5ende hylla f\u00f6rvandlar r\u00f6ran till en stilfull samling. Hybrid designen av arkivhyllan erbjuder olika h\u00f6ga fack f\u00f6r dina stora b\u00f6cker och andra f\u00f6rem\u00e5l, medan tygl\u00e5dor d\u00f6ljer r\u00f6ran. Denna f\u00f6rvaringshylla ger en v\u00e4lorganiserad charm och passar i olika rum.<\/p>\n<p>Beskrivning:<\/p>\n<ul>\n<li> Tv\u00e5 tygl\u00e5dor och nio \u00f6ppna fack i DVD-hyllan f\u00f6r utst\u00e4llning och lagring<\/li>\n<li> Industriell design av bokhyllan f\u00f6rb\u00e4ttrar inredningen i ditt hem<\/li>\n<li> Pulverlackerad st\u00e5lram p\u00e5 st\u00e5ende hyllan, b\u00e4r en totalvikt p\u00e5 upp till 50 kg<\/li>\n<li> Kipp-s\u00e4kringar p\u00e5 f\u00f6rvaringshyllan ger extra s\u00e4kerhet<\/li>\n<li> Justerbara fotdynor ger stabilitet p\u00e5 oj\u00e4mna golv<\/li>\n<li> Passar perfekt i vardagsrummet, sovrummet eller hemmakontoret<\/li>\n<li> Montering kr\u00e4vs<\/li>\n<\/ul>\n<p> Tekniska data:<\/p>\n<ul>\n<li> F\u00e4rg: Rustik Brun+svart<\/li>\n<li> Material: St\u00e5l, sp\u00e5nskiva, katjoniskt tyg<\/li>\n<li> Totala dimensioner: 72,5L x 30B x 150H cm<\/li>\n<li> L\u00e5dstorlek: 40B x 29T x 24H cm<\/li>\n<li> Storlek \u00f6ppet fack: 25,5B x 30T x 36H cm (\u00f6vre v\u00e4nster)<\/li>\n<li> Storlek \u00f6ppet fack: 41B x 30T x 17H cm (\u00f6vre h\u00f6ger) (varje)<\/li>\n<li> Storlek \u00f6ppet fack: 41B x 30T x 30H cm (mitten v\u00e4nster)<\/li>\n<li> Storlek \u00f6ppet fack: 25,5B x 30T x 26,5H cm (mitten h\u00f6ger) (varje)<\/li>\n<li> Storlek \u00f6ppet fack: 25,5B x 30T x 17,5\/27H cm (nedre v\u00e4nster)<\/li>\n<li> Storlek \u00f6ppet fack: 41B x 30T x 22H cm (nedre h\u00f6ger)<\/li>\n<li> Maximal belastning: 50 kg (totalt), 5 kg (per fack), 2,5 kg (per l\u00e5da)<\/li>\n<\/ul>\n<p>Leveransinneh\u00e5ll:<\/p>\n<ul>\n<li> 1 x Hylla<\/li>\n<li> 1 x Handbok<\/li>\n<\/ul>\n","protected":false},"excerpt":{"rendered":"<p>TRUUSK st\u00e5ende hylla f\u00f6rvandlar r\u00f6ran till en stilfull samling. Hybrid designen av arkivhyllan erbjuder olika h\u00f6ga fack f\u00f6r dina stora&#8230;<\/p>\n","protected":false},"featured_media":94890,"template":"","meta":[],"product_brand":[],"product_cat":[977,872,871],"product_tag":[],"class_list":{"0":"post-94901","1":"product","2":"type-product","3":"status-publish","4":"has-post-thumbnail","6":"product_cat-bok-staende-hyllor","7":"product_cat-hemmakontor-arbetsplats","8":"product_cat-hus-hem","10":"first","11":"instock","12":"sale","13":"taxable","14":"shipping-taxable","15":"purchasable","16":"product-type-simple"},"yoast_head":"<!-- This site is optimized with the Yoast SEO plugin v25.4 - https:\/\/yoast.com\/wordpress\/plugins\/seo\/ -->\n<title>TRUUSK Hundvagn och Kattvagn - Hopf\u00e4llbar med Regnskydd - N\u00e4tventiler - Kudde - F\u00f6rvaringskorg - F\u00f6r Hundar och Katter upp till - TRUUSK - Hem, Tr\u00e4dg\u00e5rd &amp; Fritid<\/title>\n<meta name=\"robots\" content=\"index, follow, max-snippet:-1, max-image-preview:large, max-video-preview:-1\" \/>\n<link rel=\"canonical\" href=\"https:\/\/truusk.store\/sv\/produkt\/truusk-hundvagn-och-kattvagn-hopfallbar-med-regnskydd-natventiler-kudde-forvaringskorg-for-hundar-och-katter-upp-till\/\" \/>\n<meta property=\"og:locale\" content=\"sv_SE\" \/>\n<meta property=\"og:type\" content=\"article\" \/>\n<meta property=\"og:title\" content=\"TRUUSK Hundvagn och Kattvagn - Hopf\u00e4llbar med Regnskydd - N\u00e4tventiler - Kudde - F\u00f6rvaringskorg - F\u00f6r Hundar och Katter upp till - TRUUSK - Hem, Tr\u00e4dg\u00e5rd &amp; Fritid\" \/>\n<meta property=\"og:description\" content=\"TRUUSK st\u00e5ende hylla f\u00f6rvandlar r\u00f6ran till en stilfull samling. Hybrid designen av arkivhyllan erbjuder olika h\u00f6ga fack f\u00f6r dina stora...\" \/>\n<meta property=\"og:url\" content=\"https:\/\/truusk.store\/sv\/produkt\/truusk-hundvagn-och-kattvagn-hopfallbar-med-regnskydd-natventiler-kudde-forvaringskorg-for-hundar-och-katter-upp-till\/\" \/>\n<meta property=\"og:site_name\" content=\"TRUUSK - Hem, Tr\u00e4dg\u00e5rd &amp; Fritid\" \/>\n<meta property=\"article:modified_time\" content=\"2026-03-12T07:48:21+00:00\" \/>\n<meta property=\"og:image\" content=\"https:\/\/i0.wp.com\/truusk.se\/wp-content\/uploads\/2025\/11\/forvaringshylla-2-tyglador-9-oppna-fack-fristaende-hylla-med-stalram-brunsvart-1.webp?fit=2000%2C2000&ssl=1\" \/>\n\t<meta property=\"og:image:width\" content=\"2000\" \/>\n\t<meta property=\"og:image:height\" content=\"2000\" \/>\n\t<meta property=\"og:image:type\" content=\"image\/webp\" \/>\n<meta name=\"twitter:card\" content=\"summary_large_image\" \/>\n<meta name=\"twitter:label1\" content=\"Ber\u00e4knad l\u00e4stid\" \/>\n\t<meta name=\"twitter:data1\" content=\"1 minut\" \/>\n<!-- \/ Yoast SEO plugin. -->","yoast_head_json":{"title":"TRUUSK Hundvagn och Kattvagn - Hopf\u00e4llbar med Regnskydd - N\u00e4tventiler - Kudde - F\u00f6rvaringskorg - F\u00f6r Hundar och Katter upp till - TRUUSK - Hem, Tr\u00e4dg\u00e5rd &amp; Fritid","robots":{"index":"index","follow":"follow","max-snippet":"max-snippet:-1","max-image-preview":"max-image-preview:large","max-video-preview":"max-video-preview:-1"},"canonical":"https:\/\/truusk.store\/sv\/produkt\/truusk-hundvagn-och-kattvagn-hopfallbar-med-regnskydd-natventiler-kudde-forvaringskorg-for-hundar-och-katter-upp-till\/","og_locale":"sv_SE","og_type":"article","og_title":"TRUUSK Hundvagn och Kattvagn - Hopf\u00e4llbar med Regnskydd - N\u00e4tventiler - Kudde - F\u00f6rvaringskorg - F\u00f6r Hundar och Katter upp till - TRUUSK - Hem, Tr\u00e4dg\u00e5rd &amp; Fritid","og_description":"TRUUSK st\u00e5ende hylla f\u00f6rvandlar r\u00f6ran till en stilfull samling. Hybrid designen av arkivhyllan erbjuder olika h\u00f6ga fack f\u00f6r dina stora...","og_url":"https:\/\/truusk.store\/sv\/produkt\/truusk-hundvagn-och-kattvagn-hopfallbar-med-regnskydd-natventiler-kudde-forvaringskorg-for-hundar-och-katter-upp-till\/","og_site_name":"TRUUSK - Hem, Tr\u00e4dg\u00e5rd &amp; Fritid","article_modified_time":"2026-03-12T07:48:21+00:00","og_image":[{"width":2000,"height":2000,"url":"https:\/\/i0.wp.com\/truusk.se\/wp-content\/uploads\/2025\/11\/forvaringshylla-2-tyglador-9-oppna-fack-fristaende-hylla-med-stalram-brunsvart-1.webp?fit=2000%2C2000&ssl=1","type":"image\/webp"}],"twitter_card":"summary_large_image","twitter_misc":{"Ber\u00e4knad l\u00e4stid":"1 minut"},"schema":{"@context":"https:\/\/schema.org","@graph":[{"@type":"WebPage","@id":"https:\/\/truusk.store\/sv\/produkt\/truusk-hundvagn-och-kattvagn-hopfallbar-med-regnskydd-natventiler-kudde-forvaringskorg-for-hundar-och-katter-upp-till\/","url":"https:\/\/truusk.store\/sv\/produkt\/truusk-hundvagn-och-kattvagn-hopfallbar-med-regnskydd-natventiler-kudde-forvaringskorg-for-hundar-och-katter-upp-till\/","name":"TRUUSK Hundvagn och Kattvagn - Hopf\u00e4llbar med Regnskydd - N\u00e4tventiler - Kudde - F\u00f6rvaringskorg - F\u00f6r Hundar och Katter upp till - TRUUSK - Hem, Tr\u00e4dg\u00e5rd &amp; Fritid","isPartOf":{"@id":"https:\/\/truusk.store\/sv\/#website"},"primaryImageOfPage":{"@id":"https:\/\/truusk.store\/sv\/produkt\/truusk-hundvagn-och-kattvagn-hopfallbar-med-regnskydd-natventiler-kudde-forvaringskorg-for-hundar-och-katter-upp-till\/#primaryimage"},"image":{"@id":"https:\/\/truusk.store\/sv\/produkt\/truusk-hundvagn-och-kattvagn-hopfallbar-med-regnskydd-natventiler-kudde-forvaringskorg-for-hundar-och-katter-upp-till\/#primaryimage"},"thumbnailUrl":"https:\/\/i0.wp.com\/truusk.store\/wp-content\/uploads\/2025\/11\/forvaringshylla-2-tyglador-9-oppna-fack-fristaende-hylla-med-stalram-brunsvart-1.webp?fit=2000%2C2000&ssl=1","datePublished":"2025-11-10T12:05:58+00:00","dateModified":"2026-03-12T07:48:21+00:00","breadcrumb":{"@id":"https:\/\/truusk.store\/sv\/produkt\/truusk-hundvagn-och-kattvagn-hopfallbar-med-regnskydd-natventiler-kudde-forvaringskorg-for-hundar-och-katter-upp-till\/#breadcrumb"},"inLanguage":"sv-SE","potentialAction":[{"@type":"ReadAction","target":["https:\/\/truusk.store\/sv\/produkt\/truusk-hundvagn-och-kattvagn-hopfallbar-med-regnskydd-natventiler-kudde-forvaringskorg-for-hundar-och-katter-upp-till\/"]}]},{"@type":"ImageObject","inLanguage":"sv-SE","@id":"https:\/\/truusk.store\/sv\/produkt\/truusk-hundvagn-och-kattvagn-hopfallbar-med-regnskydd-natventiler-kudde-forvaringskorg-for-hundar-och-katter-upp-till\/#primaryimage","url":"https:\/\/i0.wp.com\/truusk.store\/wp-content\/uploads\/2025\/11\/forvaringshylla-2-tyglador-9-oppna-fack-fristaende-hylla-med-stalram-brunsvart-1.webp?fit=2000%2C2000&ssl=1","contentUrl":"https:\/\/i0.wp.com\/truusk.store\/wp-content\/uploads\/2025\/11\/forvaringshylla-2-tyglador-9-oppna-fack-fristaende-hylla-med-stalram-brunsvart-1.webp?fit=2000%2C2000&ssl=1","width":2000,"height":2000},{"@type":"BreadcrumbList","@id":"https:\/\/truusk.store\/sv\/produkt\/truusk-hundvagn-och-kattvagn-hopfallbar-med-regnskydd-natventiler-kudde-forvaringskorg-for-hundar-och-katter-upp-till\/#breadcrumb","itemListElement":[{"@type":"ListItem","position":1,"name":"Home","item":"https:\/\/truusk.store\/sv\/"},{"@type":"ListItem","position":2,"name":"Shop","item":"https:\/\/truusk.store\/shop\/"},{"@type":"ListItem","position":3,"name":"TRUUSK Hundvagn och Kattvagn &#8211; Hopf\u00e4llbar med Regnskydd &#8211; N\u00e4tventiler &#8211; Kudde &#8211; F\u00f6rvaringskorg &#8211; F\u00f6r Hundar och Katter upp till"}]},{"@type":"WebSite","@id":"https:\/\/truusk.store\/sv\/#website","url":"https:\/\/truusk.store\/sv\/","name":"TRUUSK - Hem, Tr\u00e4dg\u00e5rd & Fritid","description":"","publisher":{"@id":"https:\/\/truusk.store\/sv\/#organization"},"potentialAction":[{"@type":"SearchAction","target":{"@type":"EntryPoint","urlTemplate":"https:\/\/truusk.store\/sv\/?s={search_term_string}"},"query-input":{"@type":"PropertyValueSpecification","valueRequired":true,"valueName":"search_term_string"}}],"inLanguage":"sv-SE"},{"@type":"Organization","@id":"https:\/\/truusk.store\/sv\/#organization","name":"TRUUSK - Hem, Tr\u00e4dg\u00e5rd & Fritid","url":"https:\/\/truusk.store\/sv\/","logo":{"@type":"ImageObject","inLanguage":"sv-SE","@id":"https:\/\/truusk.store\/sv\/#\/schema\/logo\/image\/","url":"https:\/\/i0.wp.com\/truusk.store\/wp-content\/uploads\/2026\/03\/cropped-TRUUSK.png?fit=2032%2C917&ssl=1","contentUrl":"https:\/\/i0.wp.com\/truusk.store\/wp-content\/uploads\/2026\/03\/cropped-TRUUSK.png?fit=2032%2C917&ssl=1","width":2032,"height":917,"caption":"TRUUSK - Hem, Tr\u00e4dg\u00e5rd & Fritid"},"image":{"@id":"https:\/\/truusk.store\/sv\/#\/schema\/logo\/image\/"}}]}},"jetpack_sharing_enabled":true,"_links":{"self":[{"href":"https:\/\/truusk.store\/sv\/wp-json\/wp\/v2\/product\/94901","targetHints":{"allow":["GET"]}}],"collection":[{"href":"https:\/\/truusk.store\/sv\/wp-json\/wp\/v2\/product"}],"about":[{"href":"https:\/\/truusk.store\/sv\/wp-json\/wp\/v2\/types\/product"}],"wp:featuredmedia":[{"embeddable":true,"href":"https:\/\/truusk.store\/sv\/wp-json\/wp\/v2\/media\/94890"}],"wp:attachment":[{"href":"https:\/\/truusk.store\/sv\/wp-json\/wp\/v2\/media?parent=94901"}],"wp:term":[{"taxonomy":"product_brand","embeddable":true,"href":"https:\/\/truusk.store\/sv\/wp-json\/wp\/v2\/product_brand?post=94901"},{"taxonomy":"product_cat","embeddable":true,"href":"https:\/\/truusk.store\/sv\/wp-json\/wp\/v2\/product_cat?post=94901"},{"taxonomy":"product_tag","embeddable":true,"href":"https:\/\/truusk.store\/sv\/wp-json\/wp\/v2\/product_tag?post=94901"}],"curies":[{"name":"wp","href":"https:\/\/api.w.org\/{rel}","templated":true}]}}