{"id":94921,"date":"2025-11-10T13:07:55","date_gmt":"2025-11-10T12:07:55","guid":{"rendered":"https:\/\/truusk.store\/product\/kattrad-toppvila-yta-tvavaningshus-sisalstolpar-gra\/"},"modified":"2026-03-12T08:48:26","modified_gmt":"2026-03-12T07:48:26","slug":"truusk-kattrad-toppvila-yta-tvavaningshus-sisalstolpar-gra","status":"publish","type":"product","link":"https:\/\/truusk.store\/sv\/produkt\/truusk-kattrad-toppvila-yta-tvavaningshus-sisalstolpar-gra\/","title":{"rendered":"TRUUSK Kattr\u00e4d &#8211; Toppvila Yta &#8211; Tv\u00e5v\u00e5ningshus &#8211; Sisalstolpar &#8211; Gr\u00e5"},"content":{"rendered":"<p>Har du sv\u00e5rt att hitta en l\u00e4mplig plats f\u00f6r dina katter i din lilla l\u00e4genhet, d\u00e4r de kan k\u00e4nna sig trygga och sysselsatta? TRUUSK kl\u00f6str\u00e4det \u00e4r den idealiska l\u00f6sningen. Det \u00f6vertygar med en kompakt design som erbjuder en bred \u00f6vre liggyta f\u00f6r att titta ut genom f\u00f6nstret och ett tv\u00e5v\u00e5nings katt hus f\u00f6r varje katts privata retr\u00e4tt. Kl\u00f6str\u00e4det integreras perfekt i vardagsrummet och skapar en s\u00e4ker tillflyktsort utan att ta upp v\u00e4rdefullt utrymme.<\/p>\n<p>Beskrivning:<\/p>\n<ul>\n<li> Rymlig \u00f6vre plattform med upph\u00f6jd kant erbjuder en s\u00e4ker utsiktspunkt<\/li>\n<li> Kattkl\u00f6str\u00e4det har ett tv\u00e5v\u00e5nings kondominium som erbjuder privat utrymme f\u00f6r flera katter<\/li>\n<li> Multifunktionell design av kattkl\u00f6str\u00e4det sparar utrymme och \u00e4r d\u00e4rf\u00f6r idealiskt f\u00f6r l\u00e4genheter<\/li>\n<li> En bred bas och tjocka br\u00e4dor garanterar stabilitet vid aktivt spel<\/li>\n<li> Sisalstolpar och h\u00e4ngande bollar p\u00e5 kattkl\u00f6str\u00e4det tillfredsst\u00e4ller naturliga instinkter<\/li>\n<li> Modern design sm\u00e4lter s\u00f6ml\u00f6st in i din vardagsrumsdekoration<\/li>\n<li> Montering kr\u00e4vs<\/li>\n<\/ul>\n<p> Tekniska data:<\/p>\n<ul>\n<li> F\u00e4rg: Gr\u00e5+Vit<\/li>\n<li> Material: Sp\u00e5nskiva, lammfleece (100% polyester), filtyg (100% polyester), sisal<\/li>\n<li> Totala dimensioner: 48,5L x 43B x 58H cm<\/li>\n<li> Sidm\u00e5tt kattfat: 33B x 43T x 58H cm<\/li>\n<li> \u00d6vre katts\u00e4ngstorlek: 33B x 43T x 5H cm<\/li>\n<li> Inre m\u00e5tt enkelskikt: 32B x 42T x 25H cm<\/li>\n<li> Nedersta d\u00f6rrstorlek: 20B x 20H cm<\/li>\n<li> \u00d6vre d\u00f6rrstorlek: 21B x 16H cm<\/li>\n<li> Inre anslutningsh\u00e5l: \u00d815 cm<\/li>\n<li> Hoppplattform: 16B x 24T cm<\/li>\n<li> Stolpstorlek: Yttre \u00d86 cm, Inre \u00d83,3 cm<\/li>\n<li> Basplatta kattfat: 32B x 43T cm<\/li>\n<li> Liten basplatta: 16B x 24T cm<\/li>\n<\/ul>\n<p>Leveransinneh\u00e5ll:<\/p>\n<ul>\n<li> 1 x Liten kl\u00f6str\u00e4d<\/li>\n<li> 1 x Bruksanvisning<\/li>\n<\/ul>\n","protected":false},"excerpt":{"rendered":"<p>Har du sv\u00e5rt att hitta en l\u00e4mplig plats f\u00f6r dina katter i din lilla l\u00e4genhet, d\u00e4r de kan k\u00e4nna sig&#8230;<\/p>\n","protected":false},"featured_media":94912,"template":"","meta":[],"product_brand":[],"product_cat":[878,588,879],"product_tag":[],"class_list":{"0":"post-94921","1":"product","2":"type-product","3":"status-publish","4":"has-post-thumbnail","6":"product_cat-djurbehov","7":"product_cat-katttillbehor","8":"product_cat-klostrad","10":"first","11":"instock","12":"sale","13":"taxable","14":"shipping-taxable","15":"purchasable","16":"product-type-simple"},"yoast_head":"<!-- This site is optimized with the Yoast SEO plugin v25.4 - https:\/\/yoast.com\/wordpress\/plugins\/seo\/ -->\n<title>TRUUSK Kattr\u00e4d - Toppvila Yta - Tv\u00e5v\u00e5ningshus - Sisalstolpar - Gr\u00e5 - TRUUSK - Hem, Tr\u00e4dg\u00e5rd &amp; Fritid<\/title>\n<meta name=\"robots\" content=\"index, follow, max-snippet:-1, max-image-preview:large, max-video-preview:-1\" \/>\n<link rel=\"canonical\" href=\"https:\/\/truusk.store\/sv\/produkt\/truusk-kattrad-toppvila-yta-tvavaningshus-sisalstolpar-gra\/\" \/>\n<meta property=\"og:locale\" content=\"sv_SE\" \/>\n<meta property=\"og:type\" content=\"article\" \/>\n<meta property=\"og:title\" content=\"TRUUSK Kattr\u00e4d - Toppvila Yta - Tv\u00e5v\u00e5ningshus - Sisalstolpar - Gr\u00e5 - TRUUSK - Hem, Tr\u00e4dg\u00e5rd &amp; Fritid\" \/>\n<meta property=\"og:description\" content=\"Har du sv\u00e5rt att hitta en l\u00e4mplig plats f\u00f6r dina katter i din lilla l\u00e4genhet, d\u00e4r de kan k\u00e4nna sig...\" \/>\n<meta property=\"og:url\" content=\"https:\/\/truusk.store\/sv\/produkt\/truusk-kattrad-toppvila-yta-tvavaningshus-sisalstolpar-gra\/\" \/>\n<meta property=\"og:site_name\" content=\"TRUUSK - Hem, Tr\u00e4dg\u00e5rd &amp; Fritid\" \/>\n<meta property=\"article:modified_time\" content=\"2026-03-12T07:48:26+00:00\" \/>\n<meta property=\"og:image\" content=\"https:\/\/i0.wp.com\/truusk.se\/wp-content\/uploads\/2025\/11\/kattrad-toppvila-yta-tvavaningshus-sisalstolpar-gra-1.webp?fit=2000%2C2000&ssl=1\" \/>\n\t<meta property=\"og:image:width\" content=\"2000\" \/>\n\t<meta property=\"og:image:height\" content=\"2000\" \/>\n\t<meta property=\"og:image:type\" content=\"image\/webp\" \/>\n<meta name=\"twitter:card\" content=\"summary_large_image\" \/>\n<meta name=\"twitter:label1\" content=\"Ber\u00e4knad l\u00e4stid\" \/>\n\t<meta name=\"twitter:data1\" content=\"1 minut\" \/>\n<!-- \/ Yoast SEO plugin. -->","yoast_head_json":{"title":"TRUUSK Kattr\u00e4d - Toppvila Yta - Tv\u00e5v\u00e5ningshus - Sisalstolpar - Gr\u00e5 - TRUUSK - Hem, Tr\u00e4dg\u00e5rd &amp; Fritid","robots":{"index":"index","follow":"follow","max-snippet":"max-snippet:-1","max-image-preview":"max-image-preview:large","max-video-preview":"max-video-preview:-1"},"canonical":"https:\/\/truusk.store\/sv\/produkt\/truusk-kattrad-toppvila-yta-tvavaningshus-sisalstolpar-gra\/","og_locale":"sv_SE","og_type":"article","og_title":"TRUUSK Kattr\u00e4d - Toppvila Yta - Tv\u00e5v\u00e5ningshus - Sisalstolpar - Gr\u00e5 - TRUUSK - Hem, Tr\u00e4dg\u00e5rd &amp; Fritid","og_description":"Har du sv\u00e5rt att hitta en l\u00e4mplig plats f\u00f6r dina katter i din lilla l\u00e4genhet, d\u00e4r de kan k\u00e4nna sig...","og_url":"https:\/\/truusk.store\/sv\/produkt\/truusk-kattrad-toppvila-yta-tvavaningshus-sisalstolpar-gra\/","og_site_name":"TRUUSK - Hem, Tr\u00e4dg\u00e5rd &amp; Fritid","article_modified_time":"2026-03-12T07:48:26+00:00","og_image":[{"width":2000,"height":2000,"url":"https:\/\/i0.wp.com\/truusk.se\/wp-content\/uploads\/2025\/11\/kattrad-toppvila-yta-tvavaningshus-sisalstolpar-gra-1.webp?fit=2000%2C2000&ssl=1","type":"image\/webp"}],"twitter_card":"summary_large_image","twitter_misc":{"Ber\u00e4knad l\u00e4stid":"1 minut"},"schema":{"@context":"https:\/\/schema.org","@graph":[{"@type":"WebPage","@id":"https:\/\/truusk.store\/sv\/produkt\/truusk-kattrad-toppvila-yta-tvavaningshus-sisalstolpar-gra\/","url":"https:\/\/truusk.store\/sv\/produkt\/truusk-kattrad-toppvila-yta-tvavaningshus-sisalstolpar-gra\/","name":"TRUUSK Kattr\u00e4d - Toppvila Yta - Tv\u00e5v\u00e5ningshus - Sisalstolpar - Gr\u00e5 - TRUUSK - Hem, Tr\u00e4dg\u00e5rd &amp; Fritid","isPartOf":{"@id":"https:\/\/truusk.store\/sv\/#website"},"primaryImageOfPage":{"@id":"https:\/\/truusk.store\/sv\/produkt\/truusk-kattrad-toppvila-yta-tvavaningshus-sisalstolpar-gra\/#primaryimage"},"image":{"@id":"https:\/\/truusk.store\/sv\/produkt\/truusk-kattrad-toppvila-yta-tvavaningshus-sisalstolpar-gra\/#primaryimage"},"thumbnailUrl":"https:\/\/i0.wp.com\/truusk.store\/wp-content\/uploads\/2025\/11\/kattrad-toppvila-yta-tvavaningshus-sisalstolpar-gra-1.webp?fit=2000%2C2000&ssl=1","datePublished":"2025-11-10T12:07:55+00:00","dateModified":"2026-03-12T07:48:26+00:00","breadcrumb":{"@id":"https:\/\/truusk.store\/sv\/produkt\/truusk-kattrad-toppvila-yta-tvavaningshus-sisalstolpar-gra\/#breadcrumb"},"inLanguage":"sv-SE","potentialAction":[{"@type":"ReadAction","target":["https:\/\/truusk.store\/sv\/produkt\/truusk-kattrad-toppvila-yta-tvavaningshus-sisalstolpar-gra\/"]}]},{"@type":"ImageObject","inLanguage":"sv-SE","@id":"https:\/\/truusk.store\/sv\/produkt\/truusk-kattrad-toppvila-yta-tvavaningshus-sisalstolpar-gra\/#primaryimage","url":"https:\/\/i0.wp.com\/truusk.store\/wp-content\/uploads\/2025\/11\/kattrad-toppvila-yta-tvavaningshus-sisalstolpar-gra-1.webp?fit=2000%2C2000&ssl=1","contentUrl":"https:\/\/i0.wp.com\/truusk.store\/wp-content\/uploads\/2025\/11\/kattrad-toppvila-yta-tvavaningshus-sisalstolpar-gra-1.webp?fit=2000%2C2000&ssl=1","width":2000,"height":2000},{"@type":"BreadcrumbList","@id":"https:\/\/truusk.store\/sv\/produkt\/truusk-kattrad-toppvila-yta-tvavaningshus-sisalstolpar-gra\/#breadcrumb","itemListElement":[{"@type":"ListItem","position":1,"name":"Home","item":"https:\/\/truusk.store\/sv\/"},{"@type":"ListItem","position":2,"name":"Shop","item":"https:\/\/truusk.store\/shop\/"},{"@type":"ListItem","position":3,"name":"TRUUSK Kattr\u00e4d &#8211; Toppvila Yta &#8211; Tv\u00e5v\u00e5ningshus &#8211; Sisalstolpar &#8211; Gr\u00e5"}]},{"@type":"WebSite","@id":"https:\/\/truusk.store\/sv\/#website","url":"https:\/\/truusk.store\/sv\/","name":"TRUUSK - Hem, Tr\u00e4dg\u00e5rd & Fritid","description":"","publisher":{"@id":"https:\/\/truusk.store\/sv\/#organization"},"potentialAction":[{"@type":"SearchAction","target":{"@type":"EntryPoint","urlTemplate":"https:\/\/truusk.store\/sv\/?s={search_term_string}"},"query-input":{"@type":"PropertyValueSpecification","valueRequired":true,"valueName":"search_term_string"}}],"inLanguage":"sv-SE"},{"@type":"Organization","@id":"https:\/\/truusk.store\/sv\/#organization","name":"TRUUSK - Hem, Tr\u00e4dg\u00e5rd & Fritid","url":"https:\/\/truusk.store\/sv\/","logo":{"@type":"ImageObject","inLanguage":"sv-SE","@id":"https:\/\/truusk.store\/sv\/#\/schema\/logo\/image\/","url":"https:\/\/i0.wp.com\/truusk.store\/wp-content\/uploads\/2026\/03\/cropped-TRUUSK.png?fit=2032%2C917&ssl=1","contentUrl":"https:\/\/i0.wp.com\/truusk.store\/wp-content\/uploads\/2026\/03\/cropped-TRUUSK.png?fit=2032%2C917&ssl=1","width":2032,"height":917,"caption":"TRUUSK - Hem, Tr\u00e4dg\u00e5rd & Fritid"},"image":{"@id":"https:\/\/truusk.store\/sv\/#\/schema\/logo\/image\/"}}]}},"jetpack_sharing_enabled":true,"_links":{"self":[{"href":"https:\/\/truusk.store\/sv\/wp-json\/wp\/v2\/product\/94921","targetHints":{"allow":["GET"]}}],"collection":[{"href":"https:\/\/truusk.store\/sv\/wp-json\/wp\/v2\/product"}],"about":[{"href":"https:\/\/truusk.store\/sv\/wp-json\/wp\/v2\/types\/product"}],"wp:featuredmedia":[{"embeddable":true,"href":"https:\/\/truusk.store\/sv\/wp-json\/wp\/v2\/media\/94912"}],"wp:attachment":[{"href":"https:\/\/truusk.store\/sv\/wp-json\/wp\/v2\/media?parent=94921"}],"wp:term":[{"taxonomy":"product_brand","embeddable":true,"href":"https:\/\/truusk.store\/sv\/wp-json\/wp\/v2\/product_brand?post=94921"},{"taxonomy":"product_cat","embeddable":true,"href":"https:\/\/truusk.store\/sv\/wp-json\/wp\/v2\/product_cat?post=94921"},{"taxonomy":"product_tag","embeddable":true,"href":"https:\/\/truusk.store\/sv\/wp-json\/wp\/v2\/product_tag?post=94921"}],"curies":[{"name":"wp","href":"https:\/\/api.w.org\/{rel}","templated":true}]}}