{"id":94941,"date":"2025-11-10T13:10:29","date_gmt":"2025-11-10T12:10:29","guid":{"rendered":"https:\/\/truusk.store\/product\/aiyaplay-elektriskt-fordon-for-barn-12v-batteri-med-foralder-barn-sate-fjarrstyrt-musik-tuta-led-ljus-3-8-ar-vit\/"},"modified":"2026-03-12T08:48:28","modified_gmt":"2026-03-12T07:48:28","slug":"truusk-elektriskt-fordon-for-barn-12v-batteri-foralder-barn-sate-fjarrstyrt-musik-tuta-led-ljus-3-8-ar-vit","status":"publish","type":"product","link":"https:\/\/truusk.store\/sv\/produkt\/truusk-elektriskt-fordon-for-barn-12v-batteri-foralder-barn-sate-fjarrstyrt-musik-tuta-led-ljus-3-8-ar-vit\/","title":{"rendered":"TRUUSK Elektriskt Fordon F\u00f6r Barn &#8211; 12V Batteri &#8211; F\u00f6r\u00e4lder-barn-s\u00e4te &#8211; Fj\u00e4rrstyrt &#8211; Musik &#8211; Tuta &#8211; LED-ljus &#8211; 3-8 \u00e5r &#8211; Vit"},"content":{"rendered":"<p>Detta AIYAPLAY barns elektriska fordon optimerar lektiden: F\u00f6r\u00e4lder-barn-s\u00e4tet m\u00f6jligg\u00f6r gemensam k\u00f6rning och skapandet av vackra minnen. Tack vare justerbara hastigheter p\u00e5 det elektriska barnbilen \u00e4r varje resa mjuk och s\u00e4ker. Med fj\u00e4rrkontroll och s\u00e4ker startteknik kan du slappna av medan ditt barn njuter av sin f\u00f6rsta \u00e5ktur. Realistiska motorljud, LED-ljus och musik fr\u00e5n den elektriska bilen f\u00f6r barn ger extra n\u00f6je.<\/p>\n<p>Beskrivning:<\/p>\n<ul>\n<li> Tv\u00e5 motorer p\u00e5 barnets elektriska bil ger mjuk kraft med justerbara hastigheter fr\u00e5n 3-8 km\/h<\/li>\n<li> H\u00e5llbart 12V batteri p\u00e5 barnbilen m\u00f6jligg\u00f6r \u00f6ver en timmes kontinuerlig lekgl\u00e4dje<\/li>\n<li> Unikt f\u00f6r\u00e4lder-barn-s\u00e4te p\u00e5 den elektriska bilen f\u00f6r barn b\u00e4r 100 kg, s\u00e5 att du kan \u00e5ka med ditt barn<\/li>\n<li> Tv\u00e5 styrningsl\u00e4gen ger barn frihet och f\u00f6r\u00e4ldrar fullst\u00e4ndig fj\u00e4rr\u00f6vervakning<\/li>\n<li> Utrustad med mjukstartsteknik och ett s\u00e4kerhetsb\u00e4lte f\u00f6r en s\u00e4ker f\u00f6rsta \u00e5ktur<\/li>\n<li> Med fyrhjulsfj\u00e4dring klarar du alla terr\u00e4ngtyper<\/li>\n<li> Starka ljus, motorljud och en MP3-spelare p\u00e5 den elektriska bilen f\u00f6r rolig k\u00f6rning<\/li>\n<li> Montering kr\u00e4vs<\/li>\n<\/ul>\n<p> Tekniska data:<\/p>\n<ul>\n<li> F\u00e4rg: Vit+Svart<\/li>\n<li> Material: Metall, Plast<\/li>\n<li> Totala dimensioner: 123,5L x 70,3B x 71,3H cm<\/li>\n<li> Pl\u00e5tstorlek: 11,8L x 3,4B cm<\/li>\n<li> Hjulstorlek: \u00d832 x 11B cm<\/li>\n<li> Sitsstorlek: 20B x 43T cm<\/li>\n<li> Sits h\u00f6jd: 35 cm<\/li>\n<li> Maximal belastning: 100 kg<\/li>\n<li> L\u00e4mplig \u00e5lder: 3-8 \u00e5r<\/li>\n<li> Batteri: 12V 7Ah<\/li>\n<li> Motor: 2 x 12V<\/li>\n<li> Fj\u00e4rrkontrollavst\u00e5nd: 30 m<\/li>\n<\/ul>\n<p>Leveransinneh\u00e5ll:<\/p>\n<ul>\n<li>1 x Elektrisk barnbil<\/li>\n<li>1 x Bruksanvisning<\/li>\n<\/ul>\n","protected":false},"excerpt":{"rendered":"<p>Detta AIYAPLAY barns elektriska fordon optimerar lektiden: F\u00f6r\u00e4lder-barn-s\u00e4tet m\u00f6jligg\u00f6r gemensam k\u00f6rning och skapandet av vackra minnen. Tack vare justerbara hastigheter&#8230;<\/p>\n","protected":false},"featured_media":94932,"template":"","meta":[],"product_brand":[],"product_cat":[880,610,1066],"product_tag":[],"class_list":{"0":"post-94941","1":"product","2":"type-product","3":"status-publish","4":"has-post-thumbnail","6":"product_cat-baby-barn-2","7":"product_cat-barnfordon","8":"product_cat-barns-elbilar","10":"first","11":"instock","12":"sale","13":"taxable","14":"shipping-taxable","15":"purchasable","16":"product-type-simple"},"yoast_head":"<!-- This site is optimized with the Yoast SEO plugin v25.4 - https:\/\/yoast.com\/wordpress\/plugins\/seo\/ -->\n<title>TRUUSK Elektriskt Fordon F\u00f6r Barn - 12V Batteri - F\u00f6r\u00e4lder-barn-s\u00e4te - Fj\u00e4rrstyrt - Musik - Tuta - LED-ljus - 3-8 \u00e5r - Vit - TRUUSK - Hem, Tr\u00e4dg\u00e5rd &amp; Fritid<\/title>\n<meta name=\"robots\" content=\"index, follow, max-snippet:-1, max-image-preview:large, max-video-preview:-1\" \/>\n<link rel=\"canonical\" href=\"https:\/\/truusk.store\/sv\/produkt\/truusk-elektriskt-fordon-for-barn-12v-batteri-foralder-barn-sate-fjarrstyrt-musik-tuta-led-ljus-3-8-ar-vit\/\" \/>\n<meta property=\"og:locale\" content=\"sv_SE\" \/>\n<meta property=\"og:type\" content=\"article\" \/>\n<meta property=\"og:title\" content=\"TRUUSK Elektriskt Fordon F\u00f6r Barn - 12V Batteri - F\u00f6r\u00e4lder-barn-s\u00e4te - Fj\u00e4rrstyrt - Musik - Tuta - LED-ljus - 3-8 \u00e5r - Vit - TRUUSK - Hem, Tr\u00e4dg\u00e5rd &amp; Fritid\" \/>\n<meta property=\"og:description\" content=\"Detta AIYAPLAY barns elektriska fordon optimerar lektiden: F\u00f6r\u00e4lder-barn-s\u00e4tet m\u00f6jligg\u00f6r gemensam k\u00f6rning och skapandet av vackra minnen. Tack vare justerbara hastigheter...\" \/>\n<meta property=\"og:url\" content=\"https:\/\/truusk.store\/sv\/produkt\/truusk-elektriskt-fordon-for-barn-12v-batteri-foralder-barn-sate-fjarrstyrt-musik-tuta-led-ljus-3-8-ar-vit\/\" \/>\n<meta property=\"og:site_name\" content=\"TRUUSK - Hem, Tr\u00e4dg\u00e5rd &amp; Fritid\" \/>\n<meta property=\"article:modified_time\" content=\"2026-03-12T07:48:28+00:00\" \/>\n<meta property=\"og:image\" content=\"https:\/\/i0.wp.com\/truusk.se\/wp-content\/uploads\/2025\/11\/aiyaplay-elektriskt-fordon-for-barn-12v-batteri-med-foralder-barn-sate-fjarrstyrt-musik-tuta-led-ljus-3-8-ar-vit-1.webp?fit=2000%2C2000&ssl=1\" \/>\n\t<meta property=\"og:image:width\" content=\"2000\" \/>\n\t<meta property=\"og:image:height\" content=\"2000\" \/>\n\t<meta property=\"og:image:type\" content=\"image\/webp\" \/>\n<meta name=\"twitter:card\" content=\"summary_large_image\" \/>\n<meta name=\"twitter:label1\" content=\"Ber\u00e4knad l\u00e4stid\" \/>\n\t<meta name=\"twitter:data1\" content=\"1 minut\" \/>\n<!-- \/ Yoast SEO plugin. -->","yoast_head_json":{"title":"TRUUSK Elektriskt Fordon F\u00f6r Barn - 12V Batteri - F\u00f6r\u00e4lder-barn-s\u00e4te - Fj\u00e4rrstyrt - Musik - Tuta - LED-ljus - 3-8 \u00e5r - Vit - TRUUSK - Hem, Tr\u00e4dg\u00e5rd &amp; Fritid","robots":{"index":"index","follow":"follow","max-snippet":"max-snippet:-1","max-image-preview":"max-image-preview:large","max-video-preview":"max-video-preview:-1"},"canonical":"https:\/\/truusk.store\/sv\/produkt\/truusk-elektriskt-fordon-for-barn-12v-batteri-foralder-barn-sate-fjarrstyrt-musik-tuta-led-ljus-3-8-ar-vit\/","og_locale":"sv_SE","og_type":"article","og_title":"TRUUSK Elektriskt Fordon F\u00f6r Barn - 12V Batteri - F\u00f6r\u00e4lder-barn-s\u00e4te - Fj\u00e4rrstyrt - Musik - Tuta - LED-ljus - 3-8 \u00e5r - Vit - TRUUSK - Hem, Tr\u00e4dg\u00e5rd &amp; Fritid","og_description":"Detta AIYAPLAY barns elektriska fordon optimerar lektiden: F\u00f6r\u00e4lder-barn-s\u00e4tet m\u00f6jligg\u00f6r gemensam k\u00f6rning och skapandet av vackra minnen. Tack vare justerbara hastigheter...","og_url":"https:\/\/truusk.store\/sv\/produkt\/truusk-elektriskt-fordon-for-barn-12v-batteri-foralder-barn-sate-fjarrstyrt-musik-tuta-led-ljus-3-8-ar-vit\/","og_site_name":"TRUUSK - Hem, Tr\u00e4dg\u00e5rd &amp; Fritid","article_modified_time":"2026-03-12T07:48:28+00:00","og_image":[{"width":2000,"height":2000,"url":"https:\/\/i0.wp.com\/truusk.se\/wp-content\/uploads\/2025\/11\/aiyaplay-elektriskt-fordon-for-barn-12v-batteri-med-foralder-barn-sate-fjarrstyrt-musik-tuta-led-ljus-3-8-ar-vit-1.webp?fit=2000%2C2000&ssl=1","type":"image\/webp"}],"twitter_card":"summary_large_image","twitter_misc":{"Ber\u00e4knad l\u00e4stid":"1 minut"},"schema":{"@context":"https:\/\/schema.org","@graph":[{"@type":"WebPage","@id":"https:\/\/truusk.store\/sv\/produkt\/truusk-elektriskt-fordon-for-barn-12v-batteri-foralder-barn-sate-fjarrstyrt-musik-tuta-led-ljus-3-8-ar-vit\/","url":"https:\/\/truusk.store\/sv\/produkt\/truusk-elektriskt-fordon-for-barn-12v-batteri-foralder-barn-sate-fjarrstyrt-musik-tuta-led-ljus-3-8-ar-vit\/","name":"TRUUSK Elektriskt Fordon F\u00f6r Barn - 12V Batteri - F\u00f6r\u00e4lder-barn-s\u00e4te - Fj\u00e4rrstyrt - Musik - Tuta - LED-ljus - 3-8 \u00e5r - Vit - TRUUSK - Hem, Tr\u00e4dg\u00e5rd &amp; Fritid","isPartOf":{"@id":"https:\/\/truusk.store\/sv\/#website"},"primaryImageOfPage":{"@id":"https:\/\/truusk.store\/sv\/produkt\/truusk-elektriskt-fordon-for-barn-12v-batteri-foralder-barn-sate-fjarrstyrt-musik-tuta-led-ljus-3-8-ar-vit\/#primaryimage"},"image":{"@id":"https:\/\/truusk.store\/sv\/produkt\/truusk-elektriskt-fordon-for-barn-12v-batteri-foralder-barn-sate-fjarrstyrt-musik-tuta-led-ljus-3-8-ar-vit\/#primaryimage"},"thumbnailUrl":"https:\/\/i0.wp.com\/truusk.store\/wp-content\/uploads\/2025\/11\/aiyaplay-elektriskt-fordon-for-barn-12v-batteri-med-foralder-barn-sate-fjarrstyrt-musik-tuta-led-ljus-3-8-ar-vit-1.webp?fit=2000%2C2000&ssl=1","datePublished":"2025-11-10T12:10:29+00:00","dateModified":"2026-03-12T07:48:28+00:00","breadcrumb":{"@id":"https:\/\/truusk.store\/sv\/produkt\/truusk-elektriskt-fordon-for-barn-12v-batteri-foralder-barn-sate-fjarrstyrt-musik-tuta-led-ljus-3-8-ar-vit\/#breadcrumb"},"inLanguage":"sv-SE","potentialAction":[{"@type":"ReadAction","target":["https:\/\/truusk.store\/sv\/produkt\/truusk-elektriskt-fordon-for-barn-12v-batteri-foralder-barn-sate-fjarrstyrt-musik-tuta-led-ljus-3-8-ar-vit\/"]}]},{"@type":"ImageObject","inLanguage":"sv-SE","@id":"https:\/\/truusk.store\/sv\/produkt\/truusk-elektriskt-fordon-for-barn-12v-batteri-foralder-barn-sate-fjarrstyrt-musik-tuta-led-ljus-3-8-ar-vit\/#primaryimage","url":"https:\/\/i0.wp.com\/truusk.store\/wp-content\/uploads\/2025\/11\/aiyaplay-elektriskt-fordon-for-barn-12v-batteri-med-foralder-barn-sate-fjarrstyrt-musik-tuta-led-ljus-3-8-ar-vit-1.webp?fit=2000%2C2000&ssl=1","contentUrl":"https:\/\/i0.wp.com\/truusk.store\/wp-content\/uploads\/2025\/11\/aiyaplay-elektriskt-fordon-for-barn-12v-batteri-med-foralder-barn-sate-fjarrstyrt-musik-tuta-led-ljus-3-8-ar-vit-1.webp?fit=2000%2C2000&ssl=1","width":2000,"height":2000},{"@type":"BreadcrumbList","@id":"https:\/\/truusk.store\/sv\/produkt\/truusk-elektriskt-fordon-for-barn-12v-batteri-foralder-barn-sate-fjarrstyrt-musik-tuta-led-ljus-3-8-ar-vit\/#breadcrumb","itemListElement":[{"@type":"ListItem","position":1,"name":"Home","item":"https:\/\/truusk.store\/sv\/"},{"@type":"ListItem","position":2,"name":"Shop","item":"https:\/\/truusk.store\/shop\/"},{"@type":"ListItem","position":3,"name":"TRUUSK Elektriskt Fordon F\u00f6r Barn &#8211; 12V Batteri &#8211; F\u00f6r\u00e4lder-barn-s\u00e4te &#8211; Fj\u00e4rrstyrt &#8211; Musik &#8211; Tuta &#8211; LED-ljus &#8211; 3-8 \u00e5r &#8211; Vit"}]},{"@type":"WebSite","@id":"https:\/\/truusk.store\/sv\/#website","url":"https:\/\/truusk.store\/sv\/","name":"TRUUSK - Hem, Tr\u00e4dg\u00e5rd & Fritid","description":"","publisher":{"@id":"https:\/\/truusk.store\/sv\/#organization"},"potentialAction":[{"@type":"SearchAction","target":{"@type":"EntryPoint","urlTemplate":"https:\/\/truusk.store\/sv\/?s={search_term_string}"},"query-input":{"@type":"PropertyValueSpecification","valueRequired":true,"valueName":"search_term_string"}}],"inLanguage":"sv-SE"},{"@type":"Organization","@id":"https:\/\/truusk.store\/sv\/#organization","name":"TRUUSK - Hem, Tr\u00e4dg\u00e5rd & Fritid","url":"https:\/\/truusk.store\/sv\/","logo":{"@type":"ImageObject","inLanguage":"sv-SE","@id":"https:\/\/truusk.store\/sv\/#\/schema\/logo\/image\/","url":"https:\/\/i0.wp.com\/truusk.store\/wp-content\/uploads\/2026\/03\/cropped-TRUUSK.png?fit=2032%2C917&ssl=1","contentUrl":"https:\/\/i0.wp.com\/truusk.store\/wp-content\/uploads\/2026\/03\/cropped-TRUUSK.png?fit=2032%2C917&ssl=1","width":2032,"height":917,"caption":"TRUUSK - Hem, Tr\u00e4dg\u00e5rd & Fritid"},"image":{"@id":"https:\/\/truusk.store\/sv\/#\/schema\/logo\/image\/"}}]}},"jetpack_sharing_enabled":true,"_links":{"self":[{"href":"https:\/\/truusk.store\/sv\/wp-json\/wp\/v2\/product\/94941","targetHints":{"allow":["GET"]}}],"collection":[{"href":"https:\/\/truusk.store\/sv\/wp-json\/wp\/v2\/product"}],"about":[{"href":"https:\/\/truusk.store\/sv\/wp-json\/wp\/v2\/types\/product"}],"wp:featuredmedia":[{"embeddable":true,"href":"https:\/\/truusk.store\/sv\/wp-json\/wp\/v2\/media\/94932"}],"wp:attachment":[{"href":"https:\/\/truusk.store\/sv\/wp-json\/wp\/v2\/media?parent=94941"}],"wp:term":[{"taxonomy":"product_brand","embeddable":true,"href":"https:\/\/truusk.store\/sv\/wp-json\/wp\/v2\/product_brand?post=94941"},{"taxonomy":"product_cat","embeddable":true,"href":"https:\/\/truusk.store\/sv\/wp-json\/wp\/v2\/product_cat?post=94941"},{"taxonomy":"product_tag","embeddable":true,"href":"https:\/\/truusk.store\/sv\/wp-json\/wp\/v2\/product_tag?post=94941"}],"curies":[{"name":"wp","href":"https:\/\/api.w.org\/{rel}","templated":true}]}}