{"id":94953,"date":"2025-11-10T13:11:25","date_gmt":"2025-11-10T12:11:25","guid":{"rendered":"https:\/\/truusk.store\/product\/sensor-soptunna-55-l-kapacitet-fjarilslock-oppnar-automatiskt-rostfritt-stal-silverfargad\/"},"modified":"2026-03-12T08:48:29","modified_gmt":"2026-03-12T07:48:29","slug":"truusk-sensor-soptunna-55-l-kapacitet-fjarilslock-automatiskt-oppnande-rostfritt-stal-silverfargad","status":"publish","type":"product","link":"https:\/\/truusk.store\/sv\/produkt\/truusk-sensor-soptunna-55-l-kapacitet-fjarilslock-automatiskt-oppnande-rostfritt-stal-silverfargad\/","title":{"rendered":"TRUUSK Sensor Soptunna &#8211; 55 L Kapacitet &#8211; Fj\u00e4rilslock &#8211; Automatiskt \u00d6ppnande &#8211; Rostfritt St\u00e5l &#8211; Silverf\u00e4rgad"},"content":{"rendered":"<p>St\u00f6rd av oordnad avfallshantering och h\u00f6gt sm\u00e4llande lock med fullastade h\u00e4nder? TRUUSK 55 L Sensor Papperskorg \u00e4r l\u00f6sningen: Papperskorgen passar perfekt i sm\u00e5 h\u00f6rn och dess h\u00f6greaktiva sensor m\u00f6jligg\u00f6r en ber\u00f6ringsfri anv\u00e4ndning. De dubbla locken p\u00e5 den elektriska papperskorgen st\u00e4nger tyst och det borstade rostfria st\u00e5let \u00e4r smutsavvisande och l\u00e4tt att reng\u00f6ra, vilket ger ett hygieniskt och st\u00e4ndigt tyst k\u00f6k.<\/p>\n<p>Beskrivning:<\/p>\n<ul>\n<li> Den avancerade sensorn p\u00e5 papperskorgen \u00f6ppnar locket p\u00e5 0,5 sekunder f\u00f6r en ber\u00f6ringsfri, hygienisk anv\u00e4ndning<\/li>\n<li> Stor kapacitet p\u00e5 55 liter minskar frekvensen av p\u00e5sbyten, med en ring f\u00f6r att d\u00f6lja fodret<\/li>\n<li> Det smala designen p\u00e5 badrumspapperskorgen passar i k\u00f6k, gym, kontor, studentbost\u00e4der och tr\u00e5nga utrymmen<\/li>\n<li> Fj\u00e4rilslocket p\u00e5 sensorpapperskorgen \u00f6ppnas fr\u00e5n mitten, f\u00f6rhindrar st\u00f6tar och st\u00e4nger tyst<\/li>\n<li> 430 rostfritt st\u00e5l \u00e4r fingeravtrycksresistent, medan det f\u00f6rseglade locket innesluter alla lukter<\/li>\n<li> Har en automatisk sensor samt en manuell l\u00e4ge<\/li>\n<li> Under ideala f\u00f6rh\u00e5llanden kan ett nytt batteri klara 10 000 v\u00e4xlingscykler<\/li>\n<li> Den avtagbara strukturen p\u00e5 papperskorgen med sensor m\u00f6jligg\u00f6r en verktygsfri montering<\/li>\n<\/ul>\n<p> Tekniska data:<\/p>\n<ul>\n<li> F\u00e4rg: Svart+Silver<\/li>\n<li> Material: ABS, 430 rostfritt st\u00e5l<\/li>\n<li> Totala dimensioner: 41L x 26,5B x 59H cm<\/li>\n<li> Lock\u00f6ppningsstorlek: 28,5L x 19,2B cm<\/li>\n<li> Kapacitet: 55 L<\/li>\n<li> Sensoravst\u00e5nd: 15-20 cm<\/li>\n<li> Sensortid: 0,5 s<\/li>\n<li> Batteri: 4 x AA (ing\u00e5r ej)<\/li>\n<\/ul>\n<p>Leveransinneh\u00e5ll:<\/p>\n<ul>\n<li> 1 x Sensor-Papperskorg<\/li>\n<li> 1 x Bruksanvisning<\/li>\n<\/ul>\n","protected":false},"excerpt":{"rendered":"<p>St\u00f6rd av oordnad avfallshantering och h\u00f6gt sm\u00e4llande lock med fullastade h\u00e4nder? TRUUSK 55 L Sensor Papperskorg \u00e4r l\u00f6sningen: Papperskorgen passar&#8230;<\/p>\n","protected":false},"featured_media":94942,"template":"","meta":[],"product_brand":[],"product_cat":[867,869,870],"product_tag":[],"class_list":{"0":"post-94953","1":"product","2":"type-product","3":"status-publish","4":"has-post-thumbnail","6":"product_cat-byggmarknad","7":"product_cat-rengoring-ordning","8":"product_cat-sopkorgar","10":"first","11":"instock","12":"sale","13":"taxable","14":"shipping-taxable","15":"purchasable","16":"product-type-simple"},"yoast_head":"<!-- This site is optimized with the Yoast SEO plugin v25.4 - https:\/\/yoast.com\/wordpress\/plugins\/seo\/ -->\n<title>TRUUSK Sensor Soptunna - 55 L Kapacitet - Fj\u00e4rilslock - Automatiskt \u00d6ppnande - Rostfritt St\u00e5l - Silverf\u00e4rgad - TRUUSK - Hem, Tr\u00e4dg\u00e5rd &amp; Fritid<\/title>\n<meta name=\"robots\" content=\"index, follow, max-snippet:-1, max-image-preview:large, max-video-preview:-1\" \/>\n<link rel=\"canonical\" href=\"https:\/\/truusk.store\/sv\/produkt\/truusk-sensor-soptunna-55-l-kapacitet-fjarilslock-automatiskt-oppnande-rostfritt-stal-silverfargad\/\" \/>\n<meta property=\"og:locale\" content=\"sv_SE\" \/>\n<meta property=\"og:type\" content=\"article\" \/>\n<meta property=\"og:title\" content=\"TRUUSK Sensor Soptunna - 55 L Kapacitet - Fj\u00e4rilslock - Automatiskt \u00d6ppnande - Rostfritt St\u00e5l - Silverf\u00e4rgad - TRUUSK - Hem, Tr\u00e4dg\u00e5rd &amp; Fritid\" \/>\n<meta property=\"og:description\" content=\"St\u00f6rd av oordnad avfallshantering och h\u00f6gt sm\u00e4llande lock med fullastade h\u00e4nder? TRUUSK 55 L Sensor Papperskorg \u00e4r l\u00f6sningen: Papperskorgen passar...\" \/>\n<meta property=\"og:url\" content=\"https:\/\/truusk.store\/sv\/produkt\/truusk-sensor-soptunna-55-l-kapacitet-fjarilslock-automatiskt-oppnande-rostfritt-stal-silverfargad\/\" \/>\n<meta property=\"og:site_name\" content=\"TRUUSK - Hem, Tr\u00e4dg\u00e5rd &amp; Fritid\" \/>\n<meta property=\"article:modified_time\" content=\"2026-03-12T07:48:29+00:00\" \/>\n<meta property=\"og:image\" content=\"https:\/\/i0.wp.com\/truusk.se\/wp-content\/uploads\/2025\/11\/sensor-soptunna-55-l-kapacitet-fjarilslock-oppnar-automatiskt-rostfritt-stal-silverfargad-1.webp?fit=2000%2C2000&ssl=1\" \/>\n\t<meta property=\"og:image:width\" content=\"2000\" \/>\n\t<meta property=\"og:image:height\" content=\"2000\" \/>\n\t<meta property=\"og:image:type\" content=\"image\/webp\" \/>\n<meta name=\"twitter:card\" content=\"summary_large_image\" \/>\n<meta name=\"twitter:label1\" content=\"Ber\u00e4knad l\u00e4stid\" \/>\n\t<meta name=\"twitter:data1\" content=\"1 minut\" \/>\n<!-- \/ Yoast SEO plugin. -->","yoast_head_json":{"title":"TRUUSK Sensor Soptunna - 55 L Kapacitet - Fj\u00e4rilslock - Automatiskt \u00d6ppnande - Rostfritt St\u00e5l - Silverf\u00e4rgad - TRUUSK - Hem, Tr\u00e4dg\u00e5rd &amp; Fritid","robots":{"index":"index","follow":"follow","max-snippet":"max-snippet:-1","max-image-preview":"max-image-preview:large","max-video-preview":"max-video-preview:-1"},"canonical":"https:\/\/truusk.store\/sv\/produkt\/truusk-sensor-soptunna-55-l-kapacitet-fjarilslock-automatiskt-oppnande-rostfritt-stal-silverfargad\/","og_locale":"sv_SE","og_type":"article","og_title":"TRUUSK Sensor Soptunna - 55 L Kapacitet - Fj\u00e4rilslock - Automatiskt \u00d6ppnande - Rostfritt St\u00e5l - Silverf\u00e4rgad - TRUUSK - Hem, Tr\u00e4dg\u00e5rd &amp; Fritid","og_description":"St\u00f6rd av oordnad avfallshantering och h\u00f6gt sm\u00e4llande lock med fullastade h\u00e4nder? TRUUSK 55 L Sensor Papperskorg \u00e4r l\u00f6sningen: Papperskorgen passar...","og_url":"https:\/\/truusk.store\/sv\/produkt\/truusk-sensor-soptunna-55-l-kapacitet-fjarilslock-automatiskt-oppnande-rostfritt-stal-silverfargad\/","og_site_name":"TRUUSK - Hem, Tr\u00e4dg\u00e5rd &amp; Fritid","article_modified_time":"2026-03-12T07:48:29+00:00","og_image":[{"width":2000,"height":2000,"url":"https:\/\/i0.wp.com\/truusk.se\/wp-content\/uploads\/2025\/11\/sensor-soptunna-55-l-kapacitet-fjarilslock-oppnar-automatiskt-rostfritt-stal-silverfargad-1.webp?fit=2000%2C2000&ssl=1","type":"image\/webp"}],"twitter_card":"summary_large_image","twitter_misc":{"Ber\u00e4knad l\u00e4stid":"1 minut"},"schema":{"@context":"https:\/\/schema.org","@graph":[{"@type":"WebPage","@id":"https:\/\/truusk.store\/sv\/produkt\/truusk-sensor-soptunna-55-l-kapacitet-fjarilslock-automatiskt-oppnande-rostfritt-stal-silverfargad\/","url":"https:\/\/truusk.store\/sv\/produkt\/truusk-sensor-soptunna-55-l-kapacitet-fjarilslock-automatiskt-oppnande-rostfritt-stal-silverfargad\/","name":"TRUUSK Sensor Soptunna - 55 L Kapacitet - Fj\u00e4rilslock - Automatiskt \u00d6ppnande - Rostfritt St\u00e5l - Silverf\u00e4rgad - TRUUSK - Hem, Tr\u00e4dg\u00e5rd &amp; Fritid","isPartOf":{"@id":"https:\/\/truusk.store\/sv\/#website"},"primaryImageOfPage":{"@id":"https:\/\/truusk.store\/sv\/produkt\/truusk-sensor-soptunna-55-l-kapacitet-fjarilslock-automatiskt-oppnande-rostfritt-stal-silverfargad\/#primaryimage"},"image":{"@id":"https:\/\/truusk.store\/sv\/produkt\/truusk-sensor-soptunna-55-l-kapacitet-fjarilslock-automatiskt-oppnande-rostfritt-stal-silverfargad\/#primaryimage"},"thumbnailUrl":"https:\/\/i0.wp.com\/truusk.store\/wp-content\/uploads\/2025\/11\/sensor-soptunna-55-l-kapacitet-fjarilslock-oppnar-automatiskt-rostfritt-stal-silverfargad-1.webp?fit=2000%2C2000&ssl=1","datePublished":"2025-11-10T12:11:25+00:00","dateModified":"2026-03-12T07:48:29+00:00","breadcrumb":{"@id":"https:\/\/truusk.store\/sv\/produkt\/truusk-sensor-soptunna-55-l-kapacitet-fjarilslock-automatiskt-oppnande-rostfritt-stal-silverfargad\/#breadcrumb"},"inLanguage":"sv-SE","potentialAction":[{"@type":"ReadAction","target":["https:\/\/truusk.store\/sv\/produkt\/truusk-sensor-soptunna-55-l-kapacitet-fjarilslock-automatiskt-oppnande-rostfritt-stal-silverfargad\/"]}]},{"@type":"ImageObject","inLanguage":"sv-SE","@id":"https:\/\/truusk.store\/sv\/produkt\/truusk-sensor-soptunna-55-l-kapacitet-fjarilslock-automatiskt-oppnande-rostfritt-stal-silverfargad\/#primaryimage","url":"https:\/\/i0.wp.com\/truusk.store\/wp-content\/uploads\/2025\/11\/sensor-soptunna-55-l-kapacitet-fjarilslock-oppnar-automatiskt-rostfritt-stal-silverfargad-1.webp?fit=2000%2C2000&ssl=1","contentUrl":"https:\/\/i0.wp.com\/truusk.store\/wp-content\/uploads\/2025\/11\/sensor-soptunna-55-l-kapacitet-fjarilslock-oppnar-automatiskt-rostfritt-stal-silverfargad-1.webp?fit=2000%2C2000&ssl=1","width":2000,"height":2000},{"@type":"BreadcrumbList","@id":"https:\/\/truusk.store\/sv\/produkt\/truusk-sensor-soptunna-55-l-kapacitet-fjarilslock-automatiskt-oppnande-rostfritt-stal-silverfargad\/#breadcrumb","itemListElement":[{"@type":"ListItem","position":1,"name":"Home","item":"https:\/\/truusk.store\/sv\/"},{"@type":"ListItem","position":2,"name":"Shop","item":"https:\/\/truusk.store\/shop\/"},{"@type":"ListItem","position":3,"name":"TRUUSK Sensor Soptunna &#8211; 55 L Kapacitet &#8211; Fj\u00e4rilslock &#8211; Automatiskt \u00d6ppnande &#8211; Rostfritt St\u00e5l &#8211; Silverf\u00e4rgad"}]},{"@type":"WebSite","@id":"https:\/\/truusk.store\/sv\/#website","url":"https:\/\/truusk.store\/sv\/","name":"TRUUSK - Hem, Tr\u00e4dg\u00e5rd & Fritid","description":"","publisher":{"@id":"https:\/\/truusk.store\/sv\/#organization"},"potentialAction":[{"@type":"SearchAction","target":{"@type":"EntryPoint","urlTemplate":"https:\/\/truusk.store\/sv\/?s={search_term_string}"},"query-input":{"@type":"PropertyValueSpecification","valueRequired":true,"valueName":"search_term_string"}}],"inLanguage":"sv-SE"},{"@type":"Organization","@id":"https:\/\/truusk.store\/sv\/#organization","name":"TRUUSK - Hem, Tr\u00e4dg\u00e5rd & Fritid","url":"https:\/\/truusk.store\/sv\/","logo":{"@type":"ImageObject","inLanguage":"sv-SE","@id":"https:\/\/truusk.store\/sv\/#\/schema\/logo\/image\/","url":"https:\/\/i0.wp.com\/truusk.store\/wp-content\/uploads\/2026\/03\/cropped-TRUUSK.png?fit=2032%2C917&ssl=1","contentUrl":"https:\/\/i0.wp.com\/truusk.store\/wp-content\/uploads\/2026\/03\/cropped-TRUUSK.png?fit=2032%2C917&ssl=1","width":2032,"height":917,"caption":"TRUUSK - Hem, Tr\u00e4dg\u00e5rd & Fritid"},"image":{"@id":"https:\/\/truusk.store\/sv\/#\/schema\/logo\/image\/"}}]}},"jetpack_sharing_enabled":true,"_links":{"self":[{"href":"https:\/\/truusk.store\/sv\/wp-json\/wp\/v2\/product\/94953","targetHints":{"allow":["GET"]}}],"collection":[{"href":"https:\/\/truusk.store\/sv\/wp-json\/wp\/v2\/product"}],"about":[{"href":"https:\/\/truusk.store\/sv\/wp-json\/wp\/v2\/types\/product"}],"wp:featuredmedia":[{"embeddable":true,"href":"https:\/\/truusk.store\/sv\/wp-json\/wp\/v2\/media\/94942"}],"wp:attachment":[{"href":"https:\/\/truusk.store\/sv\/wp-json\/wp\/v2\/media?parent=94953"}],"wp:term":[{"taxonomy":"product_brand","embeddable":true,"href":"https:\/\/truusk.store\/sv\/wp-json\/wp\/v2\/product_brand?post=94953"},{"taxonomy":"product_cat","embeddable":true,"href":"https:\/\/truusk.store\/sv\/wp-json\/wp\/v2\/product_cat?post=94953"},{"taxonomy":"product_tag","embeddable":true,"href":"https:\/\/truusk.store\/sv\/wp-json\/wp\/v2\/product_tag?post=94953"}],"curies":[{"name":"wp","href":"https:\/\/api.w.org\/{rel}","templated":true}]}}